{"id":649,"date":"2023-10-13T20:57:26","date_gmt":"2023-10-13T20:57:26","guid":{"rendered":"https:\/\/exceladvisor.org\/es\/guardar-archivo-excel-mac\/"},"modified":"2023-12-25T10:25:27","modified_gmt":"2023-12-25T10:25:27","slug":"guardar-archivo-excel-mac","status":"publish","type":"page","link":"https:\/\/exceladvisor.org\/es\/guardar-archivo-excel-mac\/","title":{"rendered":"\u00bfc\u00f3mo guardar como un libro de excel en mac?"},"content":{"rendered":"<div class=\"excel-antes-del-contenido\" id=\"excel-3161877477\"><script type=\"text\/javascript\">\r\n\tatOptions = {\r\n\t\t'key' : 'c1158f160081d6540a8409e6925dab94',\r\n\t\t'format' : 'iframe',\r\n\t\t'height' : 250,\r\n\t\t'width' : 300,\r\n\t\t'params' : {}\r\n\t};\r\n<\/script>\r\n<script type=\"text\/javascript\" src=\"\/\/www.highperformanceformat.com\/c1158f160081d6540a8409e6925dab94\/invoke.js\"><\/script><\/div><p>Si est\u00e1 utilizando Excel en una Mac, guardar el archivo debe seguir pasos diferentes a los de Windows. Este tutorial analiza los pasos para guardar un archivo de Excel en una Mac. Tambi\u00e9n veremos todos los formatos disponibles.<\/p>\n<h2 class=\"wp-block-heading\"> Pasos para guardar un archivo en Excel en Mac<\/h2>\n<p> Debes seguir los pasos a continuaci\u00f3n:<\/p>\n<ol>\n<li> Primero, vaya al men\u00fa \u00abArchivo\u00bb en la barra de men\u00fa. <br \/><img loading=\"lazy\" decoding=\"async\" title=\"-guardar-el-archivo-exce-en-mac\" src=\"https:\/\/exceladvisor.org\/wp-content\/uploads\/2023\/08\/1-enregistrer-le-fichier-exce-sur-mac.png\" sizes=\"auto, \" srcset=\"\" alt=\"save-excel-file-on-mac\" width=\"550\" height=\"277\"><\/li>\n<li> Despu\u00e9s de eso, haga clic en la opci\u00f3n \u00abGuardar como\u00bb desde all\u00ed. <br \/><img loading=\"lazy\" decoding=\"async\" title=\"-haga clic en guardar-como\" src=\"https:\/\/exceladvisor.org\/wp-content\/uploads\/2023\/08\/2-cliquez-sur-enregistrer-sous.png\" sizes=\"auto, \" srcset=\"\" alt=\"click-on-save-as\" width=\"658\" height=\"444\"><\/li>\n<li> Luego, en el cuadro de di\u00e1logo \u00abGuardar como\u00bb, ingrese el nombre que desea darle al archivo. <br \/><img loading=\"lazy\" decoding=\"async\" title=\"-ingrese el nombre del archivo\" src=\"https:\/\/exceladvisor.org\/wp-content\/uploads\/2023\/08\/3-entrez-le-nom-du-fichier.png\" sizes=\"auto, \" srcset=\"\" alt=\"enter-name-of-the-file\" width=\"534\" height=\"247\"><\/li>\n<li> Ahora, seleccione la ubicaci\u00f3n en el men\u00fa desplegable \u00abD\u00f3nde\u00bb. <br \/><img loading=\"lazy\" decoding=\"async\" title=\"-seleccione-ubicaci\u00f3n-desde-donde-desplegable\" src=\"https:\/\/exceladvisor.org\/wp-content\/uploads\/2023\/08\/4-selectionnez-lemplacement-dou-la-liste-deroulante.png\" sizes=\"auto, \" srcset=\"\" alt=\"select-location-from-where-drop-down\" width=\"538\" height=\"249\"><\/li>\n<li> Para avanzar, seleccione el tipo de archivo en \u00abFormato de archivo\u00bb. <br \/><img loading=\"lazy\" decoding=\"async\" title=\"-formato-de-archivo-tipo-de-archivo\" src=\"https:\/\/exceladvisor.org\/wp-content\/uploads\/2023\/08\/5-types-de-fichiers-a-partir-du-format-de-fichier.png\" sizes=\"auto, \" srcset=\"\" alt=\"file-type-from-file-format\" width=\"538\" height=\"249\"><\/li>\n<li> Finalmente, haga clic en el bot\u00f3n \u00abGuardar\u00bb para guardar el archivo. <br \/><img loading=\"lazy\" decoding=\"async\" title=\"-haga clic en guardar para guardar el archivo\" src=\"https:\/\/exceladvisor.org\/wp-content\/uploads\/2023\/08\/6-cliquez-sur-enregistrer-pour-enregistrer-le-fichier.png\" sizes=\"auto, \" srcset=\"\" alt=\"click-save-to-save-the-file\" width=\"537\" height=\"248\"><\/li>\n<\/ol>\n<h2 class=\"wp-block-heading\"> Guardar en diferentes formatos<\/h2>\n<p> Cuando guarda un archivo, Excel le permite elegir entre varios formatos, como PDF, CSV, etc. Puede utilizar cualquiera de los formatos disponibles haciendo clic en el men\u00fa desplegable \u00abFormato de archivo\u00bb. <\/p>\n<div class=\"wp-block-image\">\n<figure class=\"aligncenter size-full is-resized\"><img loading=\"lazy\" decoding=\"async\" class=\"wp-image-82523\" src=\"https:\/\/exceladvisor.org\/wp-content\/uploads\/2023\/08\/7-enregistrer-le-fichier-dans-differents-formats.png\" sizes=\"auto, \" srcset=\"\" alt=\"guardar-archivo-en-diferentes-formatos\" width=\"567\" height=\"266\"><\/figure>\n<\/div>\n<h2 class=\"wp-block-heading\"> Cambiar locaci\u00f3n<\/h2>\n<p> Si desea cambiar la ubicaci\u00f3n del archivo al guardarlo, puede hacer clic en el peque\u00f1o men\u00fa desplegable al lado del men\u00fa desplegable \u00abD\u00f3nde\u00bb. <\/p>\n<div class=\"wp-block-image\">\n<figure class=\"aligncenter size-full is-resized\"><img loading=\"lazy\" decoding=\"async\" class=\"wp-image-82524\" src=\"https:\/\/exceladvisor.org\/wp-content\/uploads\/2023\/08\/8-changer-lemplacement.png\" sizes=\"auto, \" srcset=\"\" alt=\"cambiar lugares\" width=\"599\" height=\"277\"><\/figure>\n<\/div>\n<p> Una vez que hace clic en \u00e9l, el cuadro de di\u00e1logo se expande y puede ubicar la carpeta o ruta para guardar el archivo. <\/p>\n<div class=\"wp-block-image\">\n<figure class=\"aligncenter size-full is-resized\"><img loading=\"lazy\" decoding=\"async\" class=\"wp-image-82525\" src=\"https:\/\/exceladvisor.org\/wp-content\/uploads\/2023\/08\/9-localiser-le-chemin-pour-enregistrer-le-fichier.png\" sizes=\"auto, \" srcset=\"\" alt=\"localizar-ruta-del-archivo-de-respaldo\" width=\"556\" height=\"394\"><\/figure>\n<\/div>\n<div class=\"gb-container gb-container-4db6181c gb-container-mt\"> <a class=\"gb-button gb-button-c5897111 gb-button-text gb-button-mt-button\" href=\"https:\/\/exceladvisor.org\/es\/conceptos-basicos-de-excel\/\">Conceptos b\u00e1sicos de Microsoft Excel (componentes, piezas y notas de conocimiento)<\/a><\/p>\n<h2 class=\"gb-headline gb-headline-665e5f6b gb-headline-text gb-headline-mt-heading\"> Tutoriales relacionados <\/h2>\n<div class=\"gb-grid-wrapper gb-grid-wrapper-a20baf7c gb-grid-wrapper-mt-grid\">\n<div class=\"gb-grid-column gb-grid-column-65ddf67e\">\n<div class=\"gb-container gb-container-65ddf67e\">\n<ul>\n<li> <a href=\"https:\/\/exceladvisor.org\/es\/reparar-archivo-excel-corrupto\/\">Reparar archivo de Excel da\u00f1ado<\/a><\/li>\n<li> <a href=\"https:\/\/exceladvisor.org\/es\/recuperar-archivos-no-guardados\/\">Recuperar archivos de Excel no guardados cuando Excel falla<\/a><\/li>\n<li> <a href=\"https:\/\/exceladvisor.org\/es\/xlsx-a-csv\/\">Guarde el archivo de Excel (libro de trabajo) en formato CSV (XLSX A CSV)<\/a><\/li>\n<li> <a href=\"https:\/\/exceladvisor.org\/es\/ocultar-mostrar-libro-de-trabajo\/\">Ocultar y mostrar un libro en Excel<\/a> <\/li>\n<\/ul>\n<\/div>\n<\/div>\n<div class=\"gb-grid-column gb-grid-column-50067b57\">\n<div class=\"gb-container gb-container-50067b57\"><\/div>\n<\/div>\n<\/div>\n<\/div>\n","protected":false},"excerpt":{"rendered":"<p>Si est\u00e1 utilizando Excel en una Mac, guardar el archivo debe seguir pasos diferentes a los de Windows. Este tutorial analiza los pasos para guardar un archivo de Excel en una Mac. Tambi\u00e9n veremos todos los formatos disponibles. Pasos para guardar un archivo en Excel en Mac Debes seguir los pasos a continuaci\u00f3n: Primero, vaya [&hellip;]<\/p>\n","protected":false},"author":1,"featured_media":0,"parent":0,"menu_order":0,"comment_status":"open","ping_status":"closed","template":"","meta":{"ub_ctt_via":"","footnotes":""},"class_list":["post-649","page","type-page","status-publish","hentry"],"featured_image_src":null,"yoast_head":"<!-- This site is optimized with the Yoast SEO plugin v25.4 - https:\/\/yoast.com\/wordpress\/plugins\/seo\/ -->\n<title>\u00bfc\u00f3mo guardar como un libro de excel en mac?<\/title>\n<meta name=\"robots\" content=\"index, follow, max-snippet:-1, max-image-preview:large, max-video-preview:-1\" \/>\n<link rel=\"canonical\" href=\"https:\/\/exceladvisor.org\/es\/guardar-archivo-excel-mac\/\" \/>\n<meta property=\"og:locale\" content=\"es_ES\" \/>\n<meta property=\"og:type\" content=\"article\" \/>\n<meta property=\"og:title\" content=\"\u00bfc\u00f3mo guardar como un libro de excel en mac?\" \/>\n<meta property=\"og:description\" content=\"Si est\u00e1 utilizando Excel en una Mac, guardar el archivo debe seguir pasos diferentes a los de Windows. Este tutorial analiza los pasos para guardar un archivo de Excel en una Mac. Tambi\u00e9n veremos todos los formatos disponibles. Pasos para guardar un archivo en Excel en Mac Debes seguir los pasos a continuaci\u00f3n: Primero, vaya [&hellip;]\" \/>\n<meta property=\"og:url\" content=\"https:\/\/exceladvisor.org\/es\/guardar-archivo-excel-mac\/\" \/>\n<meta property=\"og:site_name\" content=\"Excel Advisor\" \/>\n<meta property=\"article:modified_time\" content=\"2023-12-25T10:25:27+00:00\" \/>\n<meta property=\"og:image\" content=\"https:\/\/exceladvisor.org\/wp-content\/uploads\/2023\/08\/1-enregistrer-le-fichier-exce-sur-mac.png\" \/>\n<meta name=\"twitter:card\" content=\"summary_large_image\" \/>\n<meta name=\"twitter:label1\" content=\"Tiempo de lectura\" \/>\n\t<meta name=\"twitter:data1\" content=\"1 minuto\" \/>\n<script type=\"application\/ld+json\" class=\"yoast-schema-graph\">{\"@context\":\"https:\/\/schema.org\",\"@graph\":[{\"@type\":\"WebPage\",\"@id\":\"https:\/\/exceladvisor.org\/es\/guardar-archivo-excel-mac\/\",\"url\":\"https:\/\/exceladvisor.org\/es\/guardar-archivo-excel-mac\/\",\"name\":\"\u00bfc\u00f3mo guardar como un libro de excel en mac?\",\"isPartOf\":{\"@id\":\"https:\/\/exceladvisor.org\/es\/#website\"},\"primaryImageOfPage\":{\"@id\":\"https:\/\/exceladvisor.org\/es\/guardar-archivo-excel-mac\/#primaryimage\"},\"image\":{\"@id\":\"https:\/\/exceladvisor.org\/es\/guardar-archivo-excel-mac\/#primaryimage\"},\"thumbnailUrl\":\"https:\/\/exceladvisor.org\/wp-content\/uploads\/2023\/08\/1-enregistrer-le-fichier-exce-sur-mac.png\",\"datePublished\":\"2023-10-13T20:57:26+00:00\",\"dateModified\":\"2023-12-25T10:25:27+00:00\",\"breadcrumb\":{\"@id\":\"https:\/\/exceladvisor.org\/es\/guardar-archivo-excel-mac\/#breadcrumb\"},\"inLanguage\":\"es\",\"potentialAction\":[{\"@type\":\"ReadAction\",\"target\":[\"https:\/\/exceladvisor.org\/es\/guardar-archivo-excel-mac\/\"]}]},{\"@type\":\"ImageObject\",\"inLanguage\":\"es\",\"@id\":\"https:\/\/exceladvisor.org\/es\/guardar-archivo-excel-mac\/#primaryimage\",\"url\":\"https:\/\/exceladvisor.org\/wp-content\/uploads\/2023\/08\/1-enregistrer-le-fichier-exce-sur-mac.png\",\"contentUrl\":\"https:\/\/exceladvisor.org\/wp-content\/uploads\/2023\/08\/1-enregistrer-le-fichier-exce-sur-mac.png\"},{\"@type\":\"BreadcrumbList\",\"@id\":\"https:\/\/exceladvisor.org\/es\/guardar-archivo-excel-mac\/#breadcrumb\",\"itemListElement\":[{\"@type\":\"ListItem\",\"position\":1,\"name\":\"Hogar\",\"item\":\"https:\/\/exceladvisor.org\/es\/\"},{\"@type\":\"ListItem\",\"position\":2,\"name\":\"\u00bfc\u00f3mo guardar como un libro de excel en mac?\"}]},{\"@type\":\"WebSite\",\"@id\":\"https:\/\/exceladvisor.org\/es\/#website\",\"url\":\"https:\/\/exceladvisor.org\/es\/\",\"name\":\"Excel Advisor\",\"description\":\"Su gu\u00eda para la dominaci\u00f3n de datos!\",\"publisher\":{\"@id\":\"https:\/\/exceladvisor.org\/es\/#organization\"},\"potentialAction\":[{\"@type\":\"SearchAction\",\"target\":{\"@type\":\"EntryPoint\",\"urlTemplate\":\"https:\/\/exceladvisor.org\/es\/?s={search_term_string}\"},\"query-input\":{\"@type\":\"PropertyValueSpecification\",\"valueRequired\":true,\"valueName\":\"search_term_string\"}}],\"inLanguage\":\"es\"},{\"@type\":\"Organization\",\"@id\":\"https:\/\/exceladvisor.org\/es\/#organization\",\"name\":\"Excel Advisor\",\"url\":\"https:\/\/exceladvisor.org\/es\/\",\"logo\":{\"@type\":\"ImageObject\",\"inLanguage\":\"es\",\"@id\":\"https:\/\/exceladvisor.org\/es\/#\/schema\/logo\/image\/\",\"url\":\"https:\/\/exceladvisor.org\/es\/wp-content\/uploads\/2023\/12\/exceladvisor.org_.png\",\"contentUrl\":\"https:\/\/exceladvisor.org\/es\/wp-content\/uploads\/2023\/12\/exceladvisor.org_.png\",\"width\":105,\"height\":36,\"caption\":\"Excel Advisor\"},\"image\":{\"@id\":\"https:\/\/exceladvisor.org\/es\/#\/schema\/logo\/image\/\"}}]}<\/script>\n<!-- \/ Yoast SEO plugin. -->","yoast_head_json":{"title":"\u00bfc\u00f3mo guardar como un libro de excel en mac?","robots":{"index":"index","follow":"follow","max-snippet":"max-snippet:-1","max-image-preview":"max-image-preview:large","max-video-preview":"max-video-preview:-1"},"canonical":"https:\/\/exceladvisor.org\/es\/guardar-archivo-excel-mac\/","og_locale":"es_ES","og_type":"article","og_title":"\u00bfc\u00f3mo guardar como un libro de excel en mac?","og_description":"Si est\u00e1 utilizando Excel en una Mac, guardar el archivo debe seguir pasos diferentes a los de Windows. Este tutorial analiza los pasos para guardar un archivo de Excel en una Mac. Tambi\u00e9n veremos todos los formatos disponibles. Pasos para guardar un archivo en Excel en Mac Debes seguir los pasos a continuaci\u00f3n: Primero, vaya [&hellip;]","og_url":"https:\/\/exceladvisor.org\/es\/guardar-archivo-excel-mac\/","og_site_name":"Excel Advisor","article_modified_time":"2023-12-25T10:25:27+00:00","og_image":[{"url":"https:\/\/exceladvisor.org\/wp-content\/uploads\/2023\/08\/1-enregistrer-le-fichier-exce-sur-mac.png","type":"","width":"","height":""}],"twitter_card":"summary_large_image","twitter_misc":{"Tiempo de lectura":"1 minuto"},"schema":{"@context":"https:\/\/schema.org","@graph":[{"@type":"WebPage","@id":"https:\/\/exceladvisor.org\/es\/guardar-archivo-excel-mac\/","url":"https:\/\/exceladvisor.org\/es\/guardar-archivo-excel-mac\/","name":"\u00bfc\u00f3mo guardar como un libro de excel en mac?","isPartOf":{"@id":"https:\/\/exceladvisor.org\/es\/#website"},"primaryImageOfPage":{"@id":"https:\/\/exceladvisor.org\/es\/guardar-archivo-excel-mac\/#primaryimage"},"image":{"@id":"https:\/\/exceladvisor.org\/es\/guardar-archivo-excel-mac\/#primaryimage"},"thumbnailUrl":"https:\/\/exceladvisor.org\/wp-content\/uploads\/2023\/08\/1-enregistrer-le-fichier-exce-sur-mac.png","datePublished":"2023-10-13T20:57:26+00:00","dateModified":"2023-12-25T10:25:27+00:00","breadcrumb":{"@id":"https:\/\/exceladvisor.org\/es\/guardar-archivo-excel-mac\/#breadcrumb"},"inLanguage":"es","potentialAction":[{"@type":"ReadAction","target":["https:\/\/exceladvisor.org\/es\/guardar-archivo-excel-mac\/"]}]},{"@type":"ImageObject","inLanguage":"es","@id":"https:\/\/exceladvisor.org\/es\/guardar-archivo-excel-mac\/#primaryimage","url":"https:\/\/exceladvisor.org\/wp-content\/uploads\/2023\/08\/1-enregistrer-le-fichier-exce-sur-mac.png","contentUrl":"https:\/\/exceladvisor.org\/wp-content\/uploads\/2023\/08\/1-enregistrer-le-fichier-exce-sur-mac.png"},{"@type":"BreadcrumbList","@id":"https:\/\/exceladvisor.org\/es\/guardar-archivo-excel-mac\/#breadcrumb","itemListElement":[{"@type":"ListItem","position":1,"name":"Hogar","item":"https:\/\/exceladvisor.org\/es\/"},{"@type":"ListItem","position":2,"name":"\u00bfc\u00f3mo guardar como un libro de excel en mac?"}]},{"@type":"WebSite","@id":"https:\/\/exceladvisor.org\/es\/#website","url":"https:\/\/exceladvisor.org\/es\/","name":"Excel Advisor","description":"Su gu\u00eda para la dominaci\u00f3n de datos!","publisher":{"@id":"https:\/\/exceladvisor.org\/es\/#organization"},"potentialAction":[{"@type":"SearchAction","target":{"@type":"EntryPoint","urlTemplate":"https:\/\/exceladvisor.org\/es\/?s={search_term_string}"},"query-input":{"@type":"PropertyValueSpecification","valueRequired":true,"valueName":"search_term_string"}}],"inLanguage":"es"},{"@type":"Organization","@id":"https:\/\/exceladvisor.org\/es\/#organization","name":"Excel Advisor","url":"https:\/\/exceladvisor.org\/es\/","logo":{"@type":"ImageObject","inLanguage":"es","@id":"https:\/\/exceladvisor.org\/es\/#\/schema\/logo\/image\/","url":"https:\/\/exceladvisor.org\/es\/wp-content\/uploads\/2023\/12\/exceladvisor.org_.png","contentUrl":"https:\/\/exceladvisor.org\/es\/wp-content\/uploads\/2023\/12\/exceladvisor.org_.png","width":105,"height":36,"caption":"Excel Advisor"},"image":{"@id":"https:\/\/exceladvisor.org\/es\/#\/schema\/logo\/image\/"}}]}},"yoast_meta":{"yoast_wpseo_title":"","yoast_wpseo_metadesc":"","yoast_wpseo_canonical":""},"_links":{"self":[{"href":"https:\/\/exceladvisor.org\/es\/wp-json\/wp\/v2\/pages\/649","targetHints":{"allow":["GET"]}}],"collection":[{"href":"https:\/\/exceladvisor.org\/es\/wp-json\/wp\/v2\/pages"}],"about":[{"href":"https:\/\/exceladvisor.org\/es\/wp-json\/wp\/v2\/types\/page"}],"author":[{"embeddable":true,"href":"https:\/\/exceladvisor.org\/es\/wp-json\/wp\/v2\/users\/1"}],"replies":[{"embeddable":true,"href":"https:\/\/exceladvisor.org\/es\/wp-json\/wp\/v2\/comments?post=649"}],"version-history":[{"count":1,"href":"https:\/\/exceladvisor.org\/es\/wp-json\/wp\/v2\/pages\/649\/revisions"}],"predecessor-version":[{"id":1062,"href":"https:\/\/exceladvisor.org\/es\/wp-json\/wp\/v2\/pages\/649\/revisions\/1062"}],"wp:attachment":[{"href":"https:\/\/exceladvisor.org\/es\/wp-json\/wp\/v2\/media?parent=649"}],"curies":[{"name":"wp","href":"https:\/\/api.w.org\/{rel}","templated":true}]}}