{"id":65,"date":"2023-11-17T13:34:11","date_gmt":"2023-11-17T13:34:11","guid":{"rendered":"https:\/\/exceladvisor.org\/es\/la-hoja-de-control-existe\/"},"modified":"2023-12-25T10:24:22","modified_gmt":"2023-12-25T10:24:22","slug":"la-hoja-de-control-existe","status":"publish","type":"page","link":"https:\/\/exceladvisor.org\/es\/la-hoja-de-control-existe\/","title":{"rendered":"\u00bfc\u00f3mo comprobar si existe una hoja usando vba?"},"content":{"rendered":"<div class=\"excel-antes-del-contenido\" id=\"excel-2735767695\"><script type=\"text\/javascript\">\r\n\tatOptions = {\r\n\t\t'key' : 'c1158f160081d6540a8409e6925dab94',\r\n\t\t'format' : 'iframe',\r\n\t\t'height' : 250,\r\n\t\t'width' : 300,\r\n\t\t'params' : {}\r\n\t};\r\n<\/script>\r\n<script type=\"text\/javascript\" src=\"\/\/www.highperformanceformat.com\/c1158f160081d6540a8409e6925dab94\/invoke.js\"><\/script><\/div><p>Si desea crear una hoja, eliminarla, moverla o copiarla, necesita saber si esta hoja existe o no.<\/p>\n<p> Para escribir c\u00f3digo para verificar si la hoja existe o no, necesita un bucle que recorra cada hoja del libro y coincida con el nombre que proporcion\u00f3. Pero esta es la cuesti\u00f3n: puedes usar dos bucles diferentes para esto ( <a href=\"https:\/\/exceladvisor.org\/es\/para-el-bucle\/\">For Next y For Each<\/a> ), y hoy usaremos ambos.<\/p>\n<p> En este tutorial, veremos diferentes formas de hacer esto. As\u00ed que aseg\u00farese de tener la <a href=\"https:\/\/exceladvisor.org\/es\/agregar-una-pestana-de-desarrollador\/\">pesta\u00f1a Desarrollador en su cinta<\/a> y abra el <a href=\"https:\/\/exceladvisor.org\/es\/editor-visual-basico\/\">editor VBA<\/a> para escribir este c\u00f3digo.<\/p>\n<h2 class=\"wp-block-heading\"> Comprobar si existe una hoja en el libro de trabajo actual<\/h2>\n<p> Con este bucle, puede hacer referencia a todas las hojas del libro y recorrerlas una por una para hacer coincidir el nombre de la hoja con el nombre de la hoja que desea buscar.<\/p>\n<p> Sigue estos pasos:<\/p>\n<ol>\n<li> Primero, declare una variable para usar en la hoja cuando ejecute el bucle y para almacenar el nombre de la hoja que desea buscar. <br \/><img loading=\"lazy\" decoding=\"async\" title=\"1-declarar-una-variable-para-usar-en-la-hoja\" src=\"https:\/\/exceladvisor.org\/wp-content\/uploads\/2023\/08\/1-declarer-une-variable-a-utiliser-pour-la-feuille.png\" sizes=\"auto, \" srcset=\"\" alt=\"declare-a-variable-to-use-for-the-sheet\" width=\"356\" height=\"215\"><\/li>\n<li> A continuaci\u00f3n, escriba una l\u00ednea de c\u00f3digo para un cuadro de entrada para ingresar el nombre de la hoja que desea buscar. <br \/><img loading=\"lazy\" decoding=\"async\" title=\"2 l\u00edneas de c\u00f3digo para un \u00e1rea de entrada\" src=\"https:\/\/exceladvisor.org\/wp-content\/uploads\/2023\/08\/2-lignes-de-code-pour-une-zone-de-saisie.png\" sizes=\"auto, \" srcset=\"\" alt=\"line-of-code-for-an-input-box\" width=\"473\" height=\"211\"><\/li>\n<li> Despu\u00e9s de eso, comience su ciclo con la palabra clave For Each. Y <a href=\"https:\/\/exceladvisor.org\/es\/variables\/\">use la variable<\/a> para hacer referencia a cada hoja de trabajo del libro. <br \/><img loading=\"lazy\" decoding=\"async\" title=\"3-inicia-tu-ciclo\" src=\"https:\/\/exceladvisor.org\/wp-content\/uploads\/2023\/08\/3-commencez-votre-boucle.png\" sizes=\"auto, \" srcset=\"\" alt=\"start-your-loop\" width=\"461\" height=\"325\"><\/li>\n<li> Desde aqu\u00ed, debe escribir una declaraci\u00f3n <a href=\"https:\/\/exceladvisor.org\/es\/variables\/\">IF THEN ELSE<\/a> para hacer coincidir el nombre de la hoja con el nombre que ingres\u00f3 en el cuadro de entrada, luego mostrar un cuadro de mensaje si se encuentra la coincidencia y salir del procedimiento. <br \/><img loading=\"lazy\" decoding=\"async\" title=\"4-escribe-un-si-entonces-si no\" src=\"https:\/\/exceladvisor.org\/wp-content\/uploads\/2023\/08\/4-ecrire-un-si-alors-sinon.png\" sizes=\"auto, \" srcset=\"\" alt=\"write-an-if-then-else\" width=\"516\" height=\"331\"><\/li>\n<li> Al final, un <a href=\"https:\/\/exceladvisor.org\/es\/cuadro-de-mensajes-vba\/\">cuadro de mensaje<\/a> para notificarle si no se encuentra ninguna coincidencia. <br \/><img loading=\"lazy\" decoding=\"async\" title=\"5 cuadros de mensajes para mostrar\" src=\"https:\/\/exceladvisor.org\/wp-content\/uploads\/2023\/08\/5-boite-de-message-a-afficher.png\" sizes=\"auto, \" srcset=\"\" alt=\"message-box-to-show\" width=\"668\" height=\"513\"><\/li>\n<\/ol>\n<p class=\"content-box-grey\"> <em>Enlaces \u00fatiles: <a href=\"https:\/\/exceladvisor.org\/es\/ejecutar-una-macro-2\/\">Ejecutar una macro<\/a> \u2013 <a href=\"https:\/\/exceladvisor.org\/es\/grabar-una-macro\/\">Grabador de macros<\/a> \u2013 <a href=\"https:\/\/exceladvisor.org\/es\/editor-visual-basico\/\">Editor de Visual Basic<\/a> \u2013 <a href=\"https:\/\/exceladvisor.org\/es\/cuaderno-macro-personal\/\">Manual de macros personales<\/a><\/em><\/p>\n<p> <strong>C\u00f3digo completo:<\/strong><\/p>\n<pre class=\"wp-block-code\"> <code class=\"language-visual-basic\" lang=\"visual-basic\">Sub vba_check_sheet() Dim sht As Worksheet Dim shtName As String shtName = InputBox(Prompt:=\"Enter the sheet name\", _ Title:=\"Search Sheet\") For Each sht In ThisWorkbook.Worksheets If sht.Name = shtName Then MsgBox \"Yes! \" &amp; shtName &amp; \" is there in the workbook.\" Exit Sub End If Next sht MsgBox \"No! \" &amp; shtName &amp; \"is not there in the workbook.\" End Sub<\/code><\/pre>\n<p> <strong>D\u00e9jame explicarte c\u00f3mo funciona:<\/strong> cuando ejecutes este c\u00f3digo, aparecer\u00e1 un mensaje donde deber\u00e1s ingresar el nombre de la hoja que deseas buscar.<\/p>\n<p> Despu\u00e9s de eso, revisa cada hoja para hacer coincidir el nombre con el nombre que ingres\u00f3, y si el nombre coincide con una hoja, le muestra un mensaje y otro mensaje si no hay coincidencia.<\/p>\n<p> Aqu\u00ed hay otro c\u00f3digo para verificar si una hoja existe o no.<\/p>\n<pre class=\"wp-block-code\"> <code class=\"language-visual-basic\" lang=\"visual-basic\">Sub vba_check_sheet() Dim sht As Worksheet Dim shtName As String Dim i As Long i = Sheets.Count shtName = InputBox(Prompt:=\"Enter the sheet name\", _ Title:=\"Search Sheet\") For i = 1 To i If Sheets(i).Name = shtName Then MsgBox \"Yes! \" &amp; shtName &amp; \" is there in the workbook.\" Exit Sub End If Next i MsgBox \"No! \" &amp; shtName &amp; \" is not there in the workbook.\" End Sub<\/code><\/pre>\n<p> Este c\u00f3digo usa el bucle FOR NEXT y usa el n\u00famero total de hojas en el libro de trabajo y, en base a eso, recorre cada hoja que coincida con el nombre que ingres\u00f3.<\/p>\n<h2 class=\"wp-block-heading\"> Comprobar si la hoja existe en el libro cerrado<\/h2>\n<p> En el siguiente c\u00f3digo, tiene un bucle que busca el nombre de la hoja en un libro cerrado. Para referirnos al archivo, utilizamos la direcci\u00f3n del archivo.<\/p>\n<pre class=\"wp-block-code\"> <code class=\"language-visual-basic\" lang=\"visual-basic\">Sub vba_check_sheet() Dim wb As Workbook Dim sht As Worksheet Dim shtName As String shtName = InputBox(Prompt:=\"Enter the sheet name\", _ Title:=\"Search Sheet\") Application.ScreenUpdating = False Set wb = Workbooks.Open _ (\"C:UsersDellDesktopsample-file.xlsx\") For Each sht In wb.Worksheets If sht.Name = shtName Then wb.Close SaveChanges:=True MsgBox \"Yes! \" &amp; shtName &amp; \" is there in the workbook.\" _ , vbInformation, \"Found\" Exit Sub End If Next sht Application.ScreenUpdating = False MsgBox \"No! \" &amp; shtName _ &amp; \" is not there in the workbook.\", _ vbCritical, \"Not Found\" End Sub<\/code><\/pre>\n<p> Cuando ejecuta esta macro, abre el archivo en la parte posterior cuando deshabilit\u00f3 la actualizaci\u00f3n de la pantalla y, una vez que revisa todas las hojas, tiene el c\u00f3digo para habilitar la actualizaci\u00f3n de la pantalla. &#8216;pantalla.<\/p>\n<p class=\"qt-tip\"> <strong>Nota:<\/strong> Como puede ver, en la direcci\u00f3n de ubicaci\u00f3n del archivo tenemos la extensi\u00f3n del archivo, lo que significa que debe tener la extensi\u00f3n de archivo correcta para consultarlo.<\/p>\n<div class=\"gb-container gb-container-4db6181c gb-container-mt\"> <a class=\"gb-button gb-button-c5897111 gb-button-text gb-button-mt-button\" href=\"https:\/\/exceladvisor.org\/es\/vba\/\">\u00bfQu\u00e9 es VBA?<\/a><\/p>\n<h2 class=\"gb-headline gb-headline-665e5f6b gb-headline-text gb-headline-mt-heading\"> Tutoriales relacionados <\/h2>\n<div class=\"gb-grid-wrapper gb-grid-wrapper-a20baf7c gb-grid-wrapper-mt-grid\">\n<div class=\"gb-grid-column gb-grid-column-65ddf67e\">\n<div class=\"gb-container gb-container-65ddf67e\">\n<ul>\n<li> <a href=\"https:\/\/exceladvisor.org\/es\/hoja-clara\/\">BORRAR una hoja completa usando VBA en Excel<\/a><\/li>\n<li> <a href=\"https:\/\/exceladvisor.org\/es\/copiar-hoja\/\">Copiar y mover una hoja en Excel usando VBA<\/a><\/li>\n<li> <a href=\"https:\/\/exceladvisor.org\/es\/contar-las-hojas\/\">CONTAR Hojas usando VBA en Excel<\/a><\/li>\n<li> <a href=\"https:\/\/exceladvisor.org\/es\/eliminar-una-hoja-1\/\">ELIMINAR una HOJA usando VBA en Excel<\/a><\/li>\n<li> <a href=\"https:\/\/exceladvisor.org\/es\/ocultar-hoja\/\">Ocultar y mostrar una hoja usando VBA en Excel<\/a><\/li>\n<\/ul>\n<\/div>\n<\/div>\n<\/div>\n<\/div>\n","protected":false},"excerpt":{"rendered":"<p>Si desea crear una hoja, eliminarla, moverla o copiarla, necesita saber si esta hoja existe o no. Para escribir c\u00f3digo para verificar si la hoja existe o no, necesita un bucle que recorra cada hoja del libro y coincida con el nombre que proporcion\u00f3. Pero esta es la cuesti\u00f3n: puedes usar dos bucles diferentes para [&hellip;]<\/p>\n","protected":false},"author":1,"featured_media":0,"parent":0,"menu_order":0,"comment_status":"open","ping_status":"closed","template":"","meta":{"ub_ctt_via":"","footnotes":""},"class_list":["post-65","page","type-page","status-publish","hentry"],"featured_image_src":null,"yoast_head":"<!-- This site is optimized with the Yoast SEO plugin v25.4 - https:\/\/yoast.com\/wordpress\/plugins\/seo\/ -->\n<title>\u00bfc\u00f3mo comprobar si existe una hoja usando vba?<\/title>\n<meta name=\"robots\" content=\"index, follow, max-snippet:-1, max-image-preview:large, max-video-preview:-1\" \/>\n<link rel=\"canonical\" href=\"https:\/\/exceladvisor.org\/es\/la-hoja-de-control-existe\/\" \/>\n<meta property=\"og:locale\" content=\"es_ES\" \/>\n<meta property=\"og:type\" content=\"article\" \/>\n<meta property=\"og:title\" content=\"\u00bfc\u00f3mo comprobar si existe una hoja usando vba?\" \/>\n<meta property=\"og:description\" content=\"Si desea crear una hoja, eliminarla, moverla o copiarla, necesita saber si esta hoja existe o no. Para escribir c\u00f3digo para verificar si la hoja existe o no, necesita un bucle que recorra cada hoja del libro y coincida con el nombre que proporcion\u00f3. Pero esta es la cuesti\u00f3n: puedes usar dos bucles diferentes para [&hellip;]\" \/>\n<meta property=\"og:url\" content=\"https:\/\/exceladvisor.org\/es\/la-hoja-de-control-existe\/\" \/>\n<meta property=\"og:site_name\" content=\"Excel Advisor\" \/>\n<meta property=\"article:modified_time\" content=\"2023-12-25T10:24:22+00:00\" \/>\n<meta property=\"og:image\" content=\"https:\/\/exceladvisor.org\/wp-content\/uploads\/2023\/08\/1-declarer-une-variable-a-utiliser-pour-la-feuille.png\" \/>\n<meta name=\"twitter:card\" content=\"summary_large_image\" \/>\n<meta name=\"twitter:label1\" content=\"Tiempo de lectura\" \/>\n\t<meta name=\"twitter:data1\" content=\"4 minutos\" \/>\n<script type=\"application\/ld+json\" class=\"yoast-schema-graph\">{\"@context\":\"https:\/\/schema.org\",\"@graph\":[{\"@type\":\"WebPage\",\"@id\":\"https:\/\/exceladvisor.org\/es\/la-hoja-de-control-existe\/\",\"url\":\"https:\/\/exceladvisor.org\/es\/la-hoja-de-control-existe\/\",\"name\":\"\u00bfc\u00f3mo comprobar si existe una hoja usando vba?\",\"isPartOf\":{\"@id\":\"https:\/\/exceladvisor.org\/es\/#website\"},\"primaryImageOfPage\":{\"@id\":\"https:\/\/exceladvisor.org\/es\/la-hoja-de-control-existe\/#primaryimage\"},\"image\":{\"@id\":\"https:\/\/exceladvisor.org\/es\/la-hoja-de-control-existe\/#primaryimage\"},\"thumbnailUrl\":\"https:\/\/exceladvisor.org\/wp-content\/uploads\/2023\/08\/1-declarer-une-variable-a-utiliser-pour-la-feuille.png\",\"datePublished\":\"2023-11-17T13:34:11+00:00\",\"dateModified\":\"2023-12-25T10:24:22+00:00\",\"breadcrumb\":{\"@id\":\"https:\/\/exceladvisor.org\/es\/la-hoja-de-control-existe\/#breadcrumb\"},\"inLanguage\":\"es\",\"potentialAction\":[{\"@type\":\"ReadAction\",\"target\":[\"https:\/\/exceladvisor.org\/es\/la-hoja-de-control-existe\/\"]}]},{\"@type\":\"ImageObject\",\"inLanguage\":\"es\",\"@id\":\"https:\/\/exceladvisor.org\/es\/la-hoja-de-control-existe\/#primaryimage\",\"url\":\"https:\/\/exceladvisor.org\/wp-content\/uploads\/2023\/08\/1-declarer-une-variable-a-utiliser-pour-la-feuille.png\",\"contentUrl\":\"https:\/\/exceladvisor.org\/wp-content\/uploads\/2023\/08\/1-declarer-une-variable-a-utiliser-pour-la-feuille.png\"},{\"@type\":\"BreadcrumbList\",\"@id\":\"https:\/\/exceladvisor.org\/es\/la-hoja-de-control-existe\/#breadcrumb\",\"itemListElement\":[{\"@type\":\"ListItem\",\"position\":1,\"name\":\"Hogar\",\"item\":\"https:\/\/exceladvisor.org\/es\/\"},{\"@type\":\"ListItem\",\"position\":2,\"name\":\"\u00bfc\u00f3mo comprobar si existe una hoja usando vba?\"}]},{\"@type\":\"WebSite\",\"@id\":\"https:\/\/exceladvisor.org\/es\/#website\",\"url\":\"https:\/\/exceladvisor.org\/es\/\",\"name\":\"Excel Advisor\",\"description\":\"Su gu\u00eda para la dominaci\u00f3n de datos!\",\"publisher\":{\"@id\":\"https:\/\/exceladvisor.org\/es\/#organization\"},\"potentialAction\":[{\"@type\":\"SearchAction\",\"target\":{\"@type\":\"EntryPoint\",\"urlTemplate\":\"https:\/\/exceladvisor.org\/es\/?s={search_term_string}\"},\"query-input\":{\"@type\":\"PropertyValueSpecification\",\"valueRequired\":true,\"valueName\":\"search_term_string\"}}],\"inLanguage\":\"es\"},{\"@type\":\"Organization\",\"@id\":\"https:\/\/exceladvisor.org\/es\/#organization\",\"name\":\"Excel Advisor\",\"url\":\"https:\/\/exceladvisor.org\/es\/\",\"logo\":{\"@type\":\"ImageObject\",\"inLanguage\":\"es\",\"@id\":\"https:\/\/exceladvisor.org\/es\/#\/schema\/logo\/image\/\",\"url\":\"https:\/\/exceladvisor.org\/es\/wp-content\/uploads\/2023\/12\/exceladvisor.org_.png\",\"contentUrl\":\"https:\/\/exceladvisor.org\/es\/wp-content\/uploads\/2023\/12\/exceladvisor.org_.png\",\"width\":105,\"height\":36,\"caption\":\"Excel Advisor\"},\"image\":{\"@id\":\"https:\/\/exceladvisor.org\/es\/#\/schema\/logo\/image\/\"}}]}<\/script>\n<!-- \/ Yoast SEO plugin. -->","yoast_head_json":{"title":"\u00bfc\u00f3mo comprobar si existe una hoja usando vba?","robots":{"index":"index","follow":"follow","max-snippet":"max-snippet:-1","max-image-preview":"max-image-preview:large","max-video-preview":"max-video-preview:-1"},"canonical":"https:\/\/exceladvisor.org\/es\/la-hoja-de-control-existe\/","og_locale":"es_ES","og_type":"article","og_title":"\u00bfc\u00f3mo comprobar si existe una hoja usando vba?","og_description":"Si desea crear una hoja, eliminarla, moverla o copiarla, necesita saber si esta hoja existe o no. Para escribir c\u00f3digo para verificar si la hoja existe o no, necesita un bucle que recorra cada hoja del libro y coincida con el nombre que proporcion\u00f3. Pero esta es la cuesti\u00f3n: puedes usar dos bucles diferentes para [&hellip;]","og_url":"https:\/\/exceladvisor.org\/es\/la-hoja-de-control-existe\/","og_site_name":"Excel Advisor","article_modified_time":"2023-12-25T10:24:22+00:00","og_image":[{"url":"https:\/\/exceladvisor.org\/wp-content\/uploads\/2023\/08\/1-declarer-une-variable-a-utiliser-pour-la-feuille.png","type":"","width":"","height":""}],"twitter_card":"summary_large_image","twitter_misc":{"Tiempo de lectura":"4 minutos"},"schema":{"@context":"https:\/\/schema.org","@graph":[{"@type":"WebPage","@id":"https:\/\/exceladvisor.org\/es\/la-hoja-de-control-existe\/","url":"https:\/\/exceladvisor.org\/es\/la-hoja-de-control-existe\/","name":"\u00bfc\u00f3mo comprobar si existe una hoja usando vba?","isPartOf":{"@id":"https:\/\/exceladvisor.org\/es\/#website"},"primaryImageOfPage":{"@id":"https:\/\/exceladvisor.org\/es\/la-hoja-de-control-existe\/#primaryimage"},"image":{"@id":"https:\/\/exceladvisor.org\/es\/la-hoja-de-control-existe\/#primaryimage"},"thumbnailUrl":"https:\/\/exceladvisor.org\/wp-content\/uploads\/2023\/08\/1-declarer-une-variable-a-utiliser-pour-la-feuille.png","datePublished":"2023-11-17T13:34:11+00:00","dateModified":"2023-12-25T10:24:22+00:00","breadcrumb":{"@id":"https:\/\/exceladvisor.org\/es\/la-hoja-de-control-existe\/#breadcrumb"},"inLanguage":"es","potentialAction":[{"@type":"ReadAction","target":["https:\/\/exceladvisor.org\/es\/la-hoja-de-control-existe\/"]}]},{"@type":"ImageObject","inLanguage":"es","@id":"https:\/\/exceladvisor.org\/es\/la-hoja-de-control-existe\/#primaryimage","url":"https:\/\/exceladvisor.org\/wp-content\/uploads\/2023\/08\/1-declarer-une-variable-a-utiliser-pour-la-feuille.png","contentUrl":"https:\/\/exceladvisor.org\/wp-content\/uploads\/2023\/08\/1-declarer-une-variable-a-utiliser-pour-la-feuille.png"},{"@type":"BreadcrumbList","@id":"https:\/\/exceladvisor.org\/es\/la-hoja-de-control-existe\/#breadcrumb","itemListElement":[{"@type":"ListItem","position":1,"name":"Hogar","item":"https:\/\/exceladvisor.org\/es\/"},{"@type":"ListItem","position":2,"name":"\u00bfc\u00f3mo comprobar si existe una hoja usando vba?"}]},{"@type":"WebSite","@id":"https:\/\/exceladvisor.org\/es\/#website","url":"https:\/\/exceladvisor.org\/es\/","name":"Excel Advisor","description":"Su gu\u00eda para la dominaci\u00f3n de datos!","publisher":{"@id":"https:\/\/exceladvisor.org\/es\/#organization"},"potentialAction":[{"@type":"SearchAction","target":{"@type":"EntryPoint","urlTemplate":"https:\/\/exceladvisor.org\/es\/?s={search_term_string}"},"query-input":{"@type":"PropertyValueSpecification","valueRequired":true,"valueName":"search_term_string"}}],"inLanguage":"es"},{"@type":"Organization","@id":"https:\/\/exceladvisor.org\/es\/#organization","name":"Excel Advisor","url":"https:\/\/exceladvisor.org\/es\/","logo":{"@type":"ImageObject","inLanguage":"es","@id":"https:\/\/exceladvisor.org\/es\/#\/schema\/logo\/image\/","url":"https:\/\/exceladvisor.org\/es\/wp-content\/uploads\/2023\/12\/exceladvisor.org_.png","contentUrl":"https:\/\/exceladvisor.org\/es\/wp-content\/uploads\/2023\/12\/exceladvisor.org_.png","width":105,"height":36,"caption":"Excel Advisor"},"image":{"@id":"https:\/\/exceladvisor.org\/es\/#\/schema\/logo\/image\/"}}]}},"yoast_meta":{"yoast_wpseo_title":"","yoast_wpseo_metadesc":"","yoast_wpseo_canonical":""},"_links":{"self":[{"href":"https:\/\/exceladvisor.org\/es\/wp-json\/wp\/v2\/pages\/65","targetHints":{"allow":["GET"]}}],"collection":[{"href":"https:\/\/exceladvisor.org\/es\/wp-json\/wp\/v2\/pages"}],"about":[{"href":"https:\/\/exceladvisor.org\/es\/wp-json\/wp\/v2\/types\/page"}],"author":[{"embeddable":true,"href":"https:\/\/exceladvisor.org\/es\/wp-json\/wp\/v2\/users\/1"}],"replies":[{"embeddable":true,"href":"https:\/\/exceladvisor.org\/es\/wp-json\/wp\/v2\/comments?post=65"}],"version-history":[{"count":1,"href":"https:\/\/exceladvisor.org\/es\/wp-json\/wp\/v2\/pages\/65\/revisions"}],"predecessor-version":[{"id":922,"href":"https:\/\/exceladvisor.org\/es\/wp-json\/wp\/v2\/pages\/65\/revisions\/922"}],"wp:attachment":[{"href":"https:\/\/exceladvisor.org\/es\/wp-json\/wp\/v2\/media?parent=65"}],"curies":[{"name":"wp","href":"https:\/\/api.w.org\/{rel}","templated":true}]}}