{"id":650,"date":"2023-09-30T23:35:12","date_gmt":"2023-09-30T23:35:12","guid":{"rendered":"https:\/\/exceladvisor.org\/es\/calcular\/"},"modified":"2023-12-25T10:23:55","modified_gmt":"2023-12-25T10:23:55","slug":"calcular","status":"publish","type":"page","link":"https:\/\/exceladvisor.org\/es\/calcular\/","title":{"rendered":"\u00bfc\u00f3mo calcular valores de celda en vba?"},"content":{"rendered":"<div class=\"excel-antes-del-contenido\" id=\"excel-1598971768\"><script type=\"text\/javascript\">\r\n\tatOptions = {\r\n\t\t'key' : 'c1158f160081d6540a8409e6925dab94',\r\n\t\t'format' : 'iframe',\r\n\t\t'height' : 250,\r\n\t\t'width' : 300,\r\n\t\t'params' : {}\r\n\t};\r\n<\/script>\r\n<script type=\"text\/javascript\" src=\"\/\/www.highperformanceformat.com\/c1158f160081d6540a8409e6925dab94\/invoke.js\"><\/script><\/div><p>De forma predeterminada en Excel, cada vez que cambia el valor de una celda, Excel vuelve a calcular todas las celdas que tienen una dependencia de c\u00e1lculo en esa celda. Pero cuando usas VBA, tienes la opci\u00f3n de cambiarlo a manual, como lo hacemos en Excel. <\/p>\n<div class=\"wp-block-image\">\n<figure class=\"aligncenter size-full is-resized\"><img loading=\"lazy\" decoding=\"async\" class=\"alignnone wp-image-12581 \" src=\"https:\/\/exceladvisor.org\/wp-content\/uploads\/2023\/11\/calculer-vba.png\" alt=\"calcular-vba\" width=\"436\" height=\"301\" srcset=\"https:\/\/exceladvisor.org\/wp-content\/uploads\/2023\/11\/calculer-vba.png 574w, https:\/\/exceladvisor.org\/wp-content\/uploads\/2023\/11\/calculer-vba-300x207.png 300w\" sizes=\"auto, (max-width: 436px) 100vw, 436px\"><\/figure>\n<\/div>\n<h2 class=\"wp-block-heading\"> Usando el m\u00e9todo de c\u00e1lculo VBA<\/h2>\n<p> Puede cambiar el c\u00e1lculo a manual antes de iniciar cualquier c\u00f3digo, de la siguiente manera.<\/p>\n<pre class=\"wp-block-code\"> <code class=\"language-visual-basic\" lang=\"visual-basic\">Application.Calculation = xlManual<\/code><\/pre>\n<p> Cuando ejecuta este c\u00f3digo, cambia el c\u00e1lculo a manual. <\/p>\n<div class=\"wp-block-image\">\n<figure class=\"aligncenter size-full is-resized\"><img loading=\"lazy\" decoding=\"async\" class=\"alignnone wp-image-12582 \" src=\"https:\/\/exceladvisor.org\/wp-content\/uploads\/2023\/11\/vba-calculate-method.png\" alt=\"m\u00e9todo-de-c\u00e1lculo-vba\" width=\"466\" height=\"300\" srcset=\"https:\/\/exceladvisor.org\/wp-content\/uploads\/2023\/11\/vba-calculate-method.png 577w, https:\/\/exceladvisor.org\/wp-content\/uploads\/2023\/11\/vba-calculate-method-300x193.png 300w\" sizes=\"auto, (max-width: 466px) 100vw, 466px\"><\/figure>\n<\/div>\n<p> Y al final del c\u00f3digo puedes usar la siguiente l\u00ednea de c\u00f3digo para cambiar a autom\u00e1tico. <\/p>\n<pre class=\"wp-block-code\"> <code class=\"language-visual-basic\" lang=\"visual-basic\">Application.Calculation = xlAutomatic<\/code><\/pre>\n<div class=\"wp-block-image\">\n<figure class=\"aligncenter size-full is-resized\"><img loading=\"lazy\" decoding=\"async\" class=\"alignnone wp-image-12585 \" src=\"https:\/\/exceladvisor.org\/wp-content\/uploads\/2023\/11\/passer-a-automatique-en-vba.png\" alt=\"cambiar a autom\u00e1tico en vba\" width=\"473\" height=\"301\" srcset=\"https:\/\/exceladvisor.org\/wp-content\/uploads\/2023\/11\/passer-a-automatique-en-vba.png 625w, https:\/\/exceladvisor.org\/wp-content\/uploads\/2023\/11\/passer-a-automatique-en-vba-300x191.png 300w\" sizes=\"auto, (max-width: 473px) 100vw, 473px\"><\/figure>\n<\/div>\n<p> Puede utilizar el c\u00e1lculo de la siguiente manera. <\/p>\n<div class=\"wp-block-image\">\n<figure class=\"aligncenter size-full is-resized\"><img loading=\"lazy\" decoding=\"async\" class=\"wp-image-61159\" src=\"https:\/\/exceladvisor.org\/wp-content\/uploads\/2023\/08\/4-methode-de-calcul-code-vba.png\" sizes=\"auto, \" srcset=\"\" alt=\"m\u00e9todo-de-c\u00e1lculo-de-c\u00f3digo-vba\" width=\"419\" height=\"279\"><\/figure>\n<\/div>\n<pre class=\"wp-block-code\"> <code class=\"language-visual-basic\" lang=\"visual-basic\">Sub myMacro()    Application.Calculation = xlManual           'your code goes here       Application.Calculation = xlAutomatic End Sub<\/code><\/pre>\n<h2 class=\"wp-block-heading\"> Calcular ahora (todos los libros abiertos)<\/h2>\n<p> Si solo desea volver a calcular todos <a href=\"https:\/\/exceladvisor.org\/es\/archivador-abierto\/\">los libros abiertos<\/a> , puede utilizar el m\u00e9todo \u00abCalcular\u00bb como se muestra a continuaci\u00f3n.<\/p>\n<pre class=\"wp-block-code\"> <code class=\"language-visual-basic\" lang=\"visual-basic\">Calculate<\/code><\/pre>\n<h2 class=\"wp-block-heading\"> Utilice el m\u00e9todo de c\u00e1lculo para una hoja.<\/h2>\n<p> De la siguiente manera, puede recalcular todos los c\u00e1lculos para todos<\/p>\n<pre class=\"wp-block-code\"> <code class=\"language-visual-basic\" lang=\"visual-basic\">ActiveSheet.Calculate Sheets(\"Sheet1\").Calculate<\/code><\/pre>\n<p> La primera l\u00ednea de c\u00f3digo vuelve a calcular para la hoja activa y la segunda l\u00ednea lo hace para \u00abHoja1\u00bb, pero puedes cambiar la hoja si lo deseas.<\/p>\n<h2 class=\"wp-block-heading\"> Calcular para un solo rango o celda<\/h2>\n<p> De manera similar, puede volver a calcular todos los c\u00e1lculos para un rango particular o una sola celda de la siguiente manera.<\/p>\n<pre class=\"wp-block-code\"> <code class=\"language-visual-basic\" lang=\"visual-basic\">Sheets(\"Sheet1\").Range(\"A1:A10\").Calculate Sheets(\"Sheet1\").Range(\"A1\").Calculate<\/code><\/pre>\n<div class=\"gb-container gb-container-4db6181c gb-container-mt\"> <a class=\"gb-button gb-button-c5897111 gb-button-text gb-button-mt-button\" href=\"https:\/\/exceladvisor.org\/es\/vba\/\">\u00bfQu\u00e9 es VBA?<\/a><\/p>\n<h2 class=\"gb-headline gb-headline-665e5f6b gb-headline-text gb-headline-mt-heading\"> Tutoriales relacionados <\/h2>\n<div class=\"gb-grid-wrapper gb-grid-wrapper-a20baf7c gb-grid-wrapper-mt-grid\">\n<div class=\"gb-grid-column gb-grid-column-65ddf67e\">\n<div class=\"gb-container gb-container-65ddf67e\">\n<ul>\n<li> <a href=\"https:\/\/exceladvisor.org\/es\/promedio-2\/\">Valores medios en Excel con VBA<\/a><\/li>\n<li> <a href=\"https:\/\/exceladvisor.org\/es\/fecha-de-hoy-hora-actual\/\">Obtenga la fecha y hora actual de hoy usando VBA<\/a><\/li>\n<li> <a href=\"https:\/\/exceladvisor.org\/es\/suma-1\/\">Sumar valores en Excel usando VBA<\/a><\/li>\n<li> <a href=\"https:\/\/exceladvisor.org\/es\/partido-2\/\">Funci\u00f3n de coincidencia en VBA<\/a><\/li>\n<li> <a href=\"https:\/\/exceladvisor.org\/es\/modo-1\/\">MOD en VBA<\/a><\/li>\n<\/ul>\n<\/div>\n<\/div>\n<\/div>\n<\/div>\n","protected":false},"excerpt":{"rendered":"<p>De forma predeterminada en Excel, cada vez que cambia el valor de una celda, Excel vuelve a calcular todas las celdas que tienen una dependencia de c\u00e1lculo en esa celda. Pero cuando usas VBA, tienes la opci\u00f3n de cambiarlo a manual, como lo hacemos en Excel. Usando el m\u00e9todo de c\u00e1lculo VBA Puede cambiar el [&hellip;]<\/p>\n","protected":false},"author":1,"featured_media":0,"parent":0,"menu_order":0,"comment_status":"open","ping_status":"closed","template":"","meta":{"ub_ctt_via":"","footnotes":""},"class_list":["post-650","page","type-page","status-publish","hentry"],"featured_image_src":null,"yoast_head":"<!-- This site is optimized with the Yoast SEO plugin v25.4 - https:\/\/yoast.com\/wordpress\/plugins\/seo\/ -->\n<title>\u00bfc\u00f3mo calcular valores de celda en vba?<\/title>\n<meta name=\"robots\" content=\"index, follow, max-snippet:-1, max-image-preview:large, max-video-preview:-1\" \/>\n<link rel=\"canonical\" href=\"https:\/\/exceladvisor.org\/es\/calcular\/\" \/>\n<meta property=\"og:locale\" content=\"es_ES\" \/>\n<meta property=\"og:type\" content=\"article\" \/>\n<meta property=\"og:title\" content=\"\u00bfc\u00f3mo calcular valores de celda en vba?\" \/>\n<meta property=\"og:description\" content=\"De forma predeterminada en Excel, cada vez que cambia el valor de una celda, Excel vuelve a calcular todas las celdas que tienen una dependencia de c\u00e1lculo en esa celda. Pero cuando usas VBA, tienes la opci\u00f3n de cambiarlo a manual, como lo hacemos en Excel. Usando el m\u00e9todo de c\u00e1lculo VBA Puede cambiar el [&hellip;]\" \/>\n<meta property=\"og:url\" content=\"https:\/\/exceladvisor.org\/es\/calcular\/\" \/>\n<meta property=\"og:site_name\" content=\"Excel Advisor\" \/>\n<meta property=\"article:modified_time\" content=\"2023-12-25T10:23:55+00:00\" \/>\n<meta property=\"og:image\" content=\"https:\/\/exceladvisor.org\/wp-content\/uploads\/2023\/11\/calculer-vba.png\" \/>\n<meta name=\"twitter:card\" content=\"summary_large_image\" \/>\n<meta name=\"twitter:label1\" content=\"Tiempo de lectura\" \/>\n\t<meta name=\"twitter:data1\" content=\"1 minuto\" \/>\n<script type=\"application\/ld+json\" class=\"yoast-schema-graph\">{\"@context\":\"https:\/\/schema.org\",\"@graph\":[{\"@type\":\"WebPage\",\"@id\":\"https:\/\/exceladvisor.org\/es\/calcular\/\",\"url\":\"https:\/\/exceladvisor.org\/es\/calcular\/\",\"name\":\"\u00bfc\u00f3mo calcular valores de celda en vba?\",\"isPartOf\":{\"@id\":\"https:\/\/exceladvisor.org\/es\/#website\"},\"primaryImageOfPage\":{\"@id\":\"https:\/\/exceladvisor.org\/es\/calcular\/#primaryimage\"},\"image\":{\"@id\":\"https:\/\/exceladvisor.org\/es\/calcular\/#primaryimage\"},\"thumbnailUrl\":\"https:\/\/exceladvisor.org\/wp-content\/uploads\/2023\/11\/calculer-vba.png\",\"datePublished\":\"2023-09-30T23:35:12+00:00\",\"dateModified\":\"2023-12-25T10:23:55+00:00\",\"breadcrumb\":{\"@id\":\"https:\/\/exceladvisor.org\/es\/calcular\/#breadcrumb\"},\"inLanguage\":\"es\",\"potentialAction\":[{\"@type\":\"ReadAction\",\"target\":[\"https:\/\/exceladvisor.org\/es\/calcular\/\"]}]},{\"@type\":\"ImageObject\",\"inLanguage\":\"es\",\"@id\":\"https:\/\/exceladvisor.org\/es\/calcular\/#primaryimage\",\"url\":\"https:\/\/exceladvisor.org\/wp-content\/uploads\/2023\/11\/calculer-vba.png\",\"contentUrl\":\"https:\/\/exceladvisor.org\/wp-content\/uploads\/2023\/11\/calculer-vba.png\"},{\"@type\":\"BreadcrumbList\",\"@id\":\"https:\/\/exceladvisor.org\/es\/calcular\/#breadcrumb\",\"itemListElement\":[{\"@type\":\"ListItem\",\"position\":1,\"name\":\"Hogar\",\"item\":\"https:\/\/exceladvisor.org\/es\/\"},{\"@type\":\"ListItem\",\"position\":2,\"name\":\"\u00bfc\u00f3mo calcular valores de celda en vba?\"}]},{\"@type\":\"WebSite\",\"@id\":\"https:\/\/exceladvisor.org\/es\/#website\",\"url\":\"https:\/\/exceladvisor.org\/es\/\",\"name\":\"Excel Advisor\",\"description\":\"Su gu\u00eda para la dominaci\u00f3n de datos!\",\"publisher\":{\"@id\":\"https:\/\/exceladvisor.org\/es\/#organization\"},\"potentialAction\":[{\"@type\":\"SearchAction\",\"target\":{\"@type\":\"EntryPoint\",\"urlTemplate\":\"https:\/\/exceladvisor.org\/es\/?s={search_term_string}\"},\"query-input\":{\"@type\":\"PropertyValueSpecification\",\"valueRequired\":true,\"valueName\":\"search_term_string\"}}],\"inLanguage\":\"es\"},{\"@type\":\"Organization\",\"@id\":\"https:\/\/exceladvisor.org\/es\/#organization\",\"name\":\"Excel Advisor\",\"url\":\"https:\/\/exceladvisor.org\/es\/\",\"logo\":{\"@type\":\"ImageObject\",\"inLanguage\":\"es\",\"@id\":\"https:\/\/exceladvisor.org\/es\/#\/schema\/logo\/image\/\",\"url\":\"https:\/\/exceladvisor.org\/es\/wp-content\/uploads\/2023\/12\/exceladvisor.org_.png\",\"contentUrl\":\"https:\/\/exceladvisor.org\/es\/wp-content\/uploads\/2023\/12\/exceladvisor.org_.png\",\"width\":105,\"height\":36,\"caption\":\"Excel Advisor\"},\"image\":{\"@id\":\"https:\/\/exceladvisor.org\/es\/#\/schema\/logo\/image\/\"}}]}<\/script>\n<!-- \/ Yoast SEO plugin. -->","yoast_head_json":{"title":"\u00bfc\u00f3mo calcular valores de celda en vba?","robots":{"index":"index","follow":"follow","max-snippet":"max-snippet:-1","max-image-preview":"max-image-preview:large","max-video-preview":"max-video-preview:-1"},"canonical":"https:\/\/exceladvisor.org\/es\/calcular\/","og_locale":"es_ES","og_type":"article","og_title":"\u00bfc\u00f3mo calcular valores de celda en vba?","og_description":"De forma predeterminada en Excel, cada vez que cambia el valor de una celda, Excel vuelve a calcular todas las celdas que tienen una dependencia de c\u00e1lculo en esa celda. Pero cuando usas VBA, tienes la opci\u00f3n de cambiarlo a manual, como lo hacemos en Excel. Usando el m\u00e9todo de c\u00e1lculo VBA Puede cambiar el [&hellip;]","og_url":"https:\/\/exceladvisor.org\/es\/calcular\/","og_site_name":"Excel Advisor","article_modified_time":"2023-12-25T10:23:55+00:00","og_image":[{"url":"https:\/\/exceladvisor.org\/wp-content\/uploads\/2023\/11\/calculer-vba.png","type":"","width":"","height":""}],"twitter_card":"summary_large_image","twitter_misc":{"Tiempo de lectura":"1 minuto"},"schema":{"@context":"https:\/\/schema.org","@graph":[{"@type":"WebPage","@id":"https:\/\/exceladvisor.org\/es\/calcular\/","url":"https:\/\/exceladvisor.org\/es\/calcular\/","name":"\u00bfc\u00f3mo calcular valores de celda en vba?","isPartOf":{"@id":"https:\/\/exceladvisor.org\/es\/#website"},"primaryImageOfPage":{"@id":"https:\/\/exceladvisor.org\/es\/calcular\/#primaryimage"},"image":{"@id":"https:\/\/exceladvisor.org\/es\/calcular\/#primaryimage"},"thumbnailUrl":"https:\/\/exceladvisor.org\/wp-content\/uploads\/2023\/11\/calculer-vba.png","datePublished":"2023-09-30T23:35:12+00:00","dateModified":"2023-12-25T10:23:55+00:00","breadcrumb":{"@id":"https:\/\/exceladvisor.org\/es\/calcular\/#breadcrumb"},"inLanguage":"es","potentialAction":[{"@type":"ReadAction","target":["https:\/\/exceladvisor.org\/es\/calcular\/"]}]},{"@type":"ImageObject","inLanguage":"es","@id":"https:\/\/exceladvisor.org\/es\/calcular\/#primaryimage","url":"https:\/\/exceladvisor.org\/wp-content\/uploads\/2023\/11\/calculer-vba.png","contentUrl":"https:\/\/exceladvisor.org\/wp-content\/uploads\/2023\/11\/calculer-vba.png"},{"@type":"BreadcrumbList","@id":"https:\/\/exceladvisor.org\/es\/calcular\/#breadcrumb","itemListElement":[{"@type":"ListItem","position":1,"name":"Hogar","item":"https:\/\/exceladvisor.org\/es\/"},{"@type":"ListItem","position":2,"name":"\u00bfc\u00f3mo calcular valores de celda en vba?"}]},{"@type":"WebSite","@id":"https:\/\/exceladvisor.org\/es\/#website","url":"https:\/\/exceladvisor.org\/es\/","name":"Excel Advisor","description":"Su gu\u00eda para la dominaci\u00f3n de datos!","publisher":{"@id":"https:\/\/exceladvisor.org\/es\/#organization"},"potentialAction":[{"@type":"SearchAction","target":{"@type":"EntryPoint","urlTemplate":"https:\/\/exceladvisor.org\/es\/?s={search_term_string}"},"query-input":{"@type":"PropertyValueSpecification","valueRequired":true,"valueName":"search_term_string"}}],"inLanguage":"es"},{"@type":"Organization","@id":"https:\/\/exceladvisor.org\/es\/#organization","name":"Excel Advisor","url":"https:\/\/exceladvisor.org\/es\/","logo":{"@type":"ImageObject","inLanguage":"es","@id":"https:\/\/exceladvisor.org\/es\/#\/schema\/logo\/image\/","url":"https:\/\/exceladvisor.org\/es\/wp-content\/uploads\/2023\/12\/exceladvisor.org_.png","contentUrl":"https:\/\/exceladvisor.org\/es\/wp-content\/uploads\/2023\/12\/exceladvisor.org_.png","width":105,"height":36,"caption":"Excel Advisor"},"image":{"@id":"https:\/\/exceladvisor.org\/es\/#\/schema\/logo\/image\/"}}]}},"yoast_meta":{"yoast_wpseo_title":"","yoast_wpseo_metadesc":"","yoast_wpseo_canonical":""},"_links":{"self":[{"href":"https:\/\/exceladvisor.org\/es\/wp-json\/wp\/v2\/pages\/650","targetHints":{"allow":["GET"]}}],"collection":[{"href":"https:\/\/exceladvisor.org\/es\/wp-json\/wp\/v2\/pages"}],"about":[{"href":"https:\/\/exceladvisor.org\/es\/wp-json\/wp\/v2\/types\/page"}],"author":[{"embeddable":true,"href":"https:\/\/exceladvisor.org\/es\/wp-json\/wp\/v2\/users\/1"}],"replies":[{"embeddable":true,"href":"https:\/\/exceladvisor.org\/es\/wp-json\/wp\/v2\/comments?post=650"}],"version-history":[{"count":1,"href":"https:\/\/exceladvisor.org\/es\/wp-json\/wp\/v2\/pages\/650\/revisions"}],"predecessor-version":[{"id":884,"href":"https:\/\/exceladvisor.org\/es\/wp-json\/wp\/v2\/pages\/650\/revisions\/884"}],"wp:attachment":[{"href":"https:\/\/exceladvisor.org\/es\/wp-json\/wp\/v2\/media?parent=650"}],"curies":[{"name":"wp","href":"https:\/\/api.w.org\/{rel}","templated":true}]}}