{"id":652,"date":"2023-09-30T10:16:48","date_gmt":"2023-09-30T10:16:48","guid":{"rendered":"https:\/\/exceladvisor.org\/es\/pivotar-desde-multiples-hojas-de-trabajo\/"},"modified":"2023-12-25T10:32:50","modified_gmt":"2023-12-25T10:32:50","slug":"pivotar-desde-multiples-hojas-de-trabajo","status":"publish","type":"page","link":"https:\/\/exceladvisor.org\/es\/pivotar-desde-multiples-hojas-de-trabajo\/","title":{"rendered":"Crea una tabla din\u00e1mica a partir de diferentes hojas"},"content":{"rendered":"<div class=\"excel-antes-del-contenido\" id=\"excel-1859436400\"><script type=\"text\/javascript\">\r\n\tatOptions = {\r\n\t\t'key' : 'c1158f160081d6540a8409e6925dab94',\r\n\t\t'format' : 'iframe',\r\n\t\t'height' : 250,\r\n\t\t'width' : 300,\r\n\t\t'params' : {}\r\n\t};\r\n<\/script>\r\n<script type=\"text\/javascript\" src=\"\/\/www.highperformanceformat.com\/c1158f160081d6540a8409e6925dab94\/invoke.js\"><\/script><\/div><p>Con una tabla din\u00e1mica, resumes tus datos en segundos. Puede crear informes, analizar datos y compartirlos con otros f\u00e1cilmente.<\/p>\n<p> Esa es la belleza de las tablas din\u00e1micas.<\/p>\n<p> Pero aqu\u00ed hay un giro:<\/p>\n<p> Normalmente, cuando crea una tabla din\u00e1mica, puede seleccionar datos de origen de una sola tabla en una hoja de trabajo, porque Excel no le permite hacer referencia a diferentes hojas de trabajo.<\/p>\n<p> Pero a veces sucede que necesitamos utilizar datos de origen de varias hojas de trabajo para crear una tabla din\u00e1mica.<\/p>\n<p> Por eso, hoy me gustar\u00eda compartir con ustedes pasos sencillos para utilizar varias hojas de trabajo en una tabla din\u00e1mica.<\/p>\n<h2> \u00a1El problema!<\/h2>\n<p> Digamos que quieres analizar los datos de ventas de tu empresa y extraes datos anuales de los \u00faltimos 4 a\u00f1os.<\/p>\n<p> As\u00ed es como se obtiene el volcado de datos en Excel. <\/p>\n<p><img loading=\"lazy\" decoding=\"async\" title=\"cuatro hojas de trabajo m\u00faltiples para crear una tabla din\u00e1mica\" src=\"https:\/\/exceladvisor.org\/wp-content\/uploads\/2023\/08\/quatre-feuilles-de-calcul-multiples-pour-creer-un-tableau-croise-dynamique.png\" sizes=\"auto, \" srcset=\"\" alt=\"four multiple worksheets to create a pivot table\" width=\"480\" height=\"226\" data-id=\"16044\" data-width=\"480\" data-height=\"226\" data-init-width=\"564\" data-init-height=\"266\"><\/p>\n<p> Tenga en cuenta que los datos de las 4 hojas son diferentes, pero la estructura es exactamente la misma, es decir, el mismo n\u00famero de columnas y encabezados.<\/p>\n<p> Ahora, para analizar estos datos, necesita crear un informe de tabla din\u00e1mica \u00fanica a partir de estas m\u00faltiples hojas.<\/p>\n<p> Algunos de los m\u00e9todos comunes son:<\/p>\n<ol>\n<li> Copie y pegue manualmente los datos de cada hoja y cree un \u00fanico conjunto de datos en una hoja nueva.<\/li>\n<li> Utilice c\u00f3digo VBA para consolidar autom\u00e1ticamente datos de varias hojas.<\/li>\n<li> O puede consolidar varias hojas de c\u00e1lculo en una sola utilizando la opci\u00f3n de consolidaci\u00f3n de Excel.<\/li>\n<\/ol>\n<p> Pero el caso es que estos m\u00e9todos requieren codificar, copiar y pegar o son repetitivos.<\/p>\n<h2> La soluci\u00f3n<\/h2>\n<p> Aqu\u00ed discutir\u00e9 un nuevo m\u00e9todo que utiliza la consulta de Microsoft que es din\u00e1mico, s\u00f3lido y simple.<\/p>\n<p> Cr\u00e9eme, \u00a1te encantar\u00e1!<\/p>\n<p> Con Microsoft Query, puede crear una tabla din\u00e1mica a partir de varias hojas de trabajo.<\/p>\n<p> Descargue este archivo de datos para seguirlo.<\/p>\n<h2> Pasos para crear una tabla din\u00e1mica a partir de varias hojas de trabajo<\/h2>\n<p> Aqu\u00ed tenemos pasos simples que puede seguir y antes de eso, descargue este archivo desde aqu\u00ed para seguirlo.<\/p>\n<ul>\n<li> Primero, seleccione todos los datos de cada hoja y as\u00edgnele un nombre.\n<ul>\n<li> Datos de 2005 denominados como \u2013 A\u00f1o 2005<\/li>\n<li> Datos de 2006 nombrados \u2013 A\u00f1o 2006<\/li>\n<li> Datos de 2007 nombrados \u2013 A\u00f1o 2007<\/li>\n<li> Datos de 2007 nombrados \u2013 A\u00f1o 2007<\/li>\n<\/ul>\n<\/li>\n<\/ul>\n<ul>\n<li> Despu\u00e9s de eso, aplique tablas de datos a todos los datos en cuatro hojas de trabajo.\n<ul>\n<li> Seleccione cualquier celda en el rango de datos.<\/li>\n<li> Utilice Ctrl + T para convertir los datos de cada hoja en una tabla.<\/li>\n<li> Aseg\u00farese de que \u00abMi tabla tiene encabezados\u00bb est\u00e9 marcado cada vez.<\/li>\n<li> Repetir esta operaci\u00f3n durante los 4 a\u00f1os (hojas).<\/li>\n<\/ul>\n<\/li>\n<\/ul>\n<ul>\n<li> Comencemos por consolidar estos datos en una nueva hoja (atajo para agregar una nueva hoja: Shift + F11).<\/li>\n<li> En la pesta\u00f1a Datos, haga clic en \u00abDe otras fuentes\u00bb -&gt; Elija \u00abDe Microsoft Query\u00bb.<\/li>\n<\/ul>\n<ul>\n<li> En el cuadro Elegir fuente de datos:\n<ul>\n<li> Haga clic en Archivos de Excel y luego presione Aceptar.<\/li>\n<li> Seleccione la ruta de su archivo de Excel y luego seleccione su archivo y haga clic en Aceptar.<\/li>\n<li> Los rangos nombrados aparecer\u00e1n en el cuadro &#8216;Asistente de consultas &#8211; Elegir columnas&#8217;.<\/li>\n<\/ul>\n<\/li>\n<\/ul>\n<ul>\n<li> En el asistente de consultas:\n<ul>\n<li> Arrastre cada rango con nombre (usando el bot\u00f3n de flecha) a las \u00abColumnas en su cuadro de consulta\u00bb.<\/li>\n<li> Haga clic en Siguiente: olvide el error.<\/li>\n<li> Y haga clic en Aceptar<\/li>\n<\/ul>\n<\/li>\n<\/ul>\n<ul>\n<li> Ahora tenemos todos los datos en nuestro editor de consultas, todo lo que queda es combinar los datos de todos los rangos nombrados. Para hacer esto, haga clic en el peque\u00f1o bot\u00f3n SQL.<\/li>\n<\/ul>\n<ul>\n<li> En el cuadro SQL, elimine todo el texto, escriba una nueva consulta y haga clic en Aceptar.<\/li>\n<\/ul>\n<p> <span style=\"font-family: Courier New, Courier, monospace;\">Seleccione * del a\u00f1o 2005Uni\u00f3n todosSeleccione * del a\u00f1o 2006Uni\u00f3n todosSeleccione * del a\u00f1o 2007Uni\u00f3n todosSeleccione * del a\u00f1o 2008<\/span><\/p>\n<ul>\n<li> Ahora la tabla que aparece en la pantalla contiene los datos de las 4 hojas.<\/li>\n<li><u><\/u> Lo \u00fanico que tenemos que hacer es ir a la pesta\u00f1a Archivo e importar esta tabla a Excel.<\/li>\n<li> Al final, importe los datos nuevamente a Excel como una tabla din\u00e1mica.\n<ul>\n<li> En el men\u00fa Archivo -&gt; haga clic en Devolver datos a Microsoft Excel.<\/li>\n<li> Puedes ver que en total (en las 4 hojas) tenemos 592 registros.<\/li>\n<li> Adem\u00e1s, si agrega m\u00e1s datos a cualquiera de las 4 hojas, la tabla din\u00e1mica se actualizar\u00e1 tan pronto como la actualice.<\/li>\n<\/ul>\n<\/li>\n<\/ul>\n","protected":false},"excerpt":{"rendered":"<p>Con una tabla din\u00e1mica, resumes tus datos en segundos. Puede crear informes, analizar datos y compartirlos con otros f\u00e1cilmente. Esa es la belleza de las tablas din\u00e1micas. Pero aqu\u00ed hay un giro: Normalmente, cuando crea una tabla din\u00e1mica, puede seleccionar datos de origen de una sola tabla en una hoja de trabajo, porque Excel no [&hellip;]<\/p>\n","protected":false},"author":1,"featured_media":0,"parent":0,"menu_order":0,"comment_status":"open","ping_status":"closed","template":"","meta":{"ub_ctt_via":"","footnotes":""},"class_list":["post-652","page","type-page","status-publish","hentry"],"featured_image_src":null,"yoast_head":"<!-- This site is optimized with the Yoast SEO plugin v25.4 - https:\/\/yoast.com\/wordpress\/plugins\/seo\/ -->\n<title>Crea una tabla din\u00e1mica a partir de diferentes hojas<\/title>\n<meta name=\"robots\" content=\"index, follow, max-snippet:-1, max-image-preview:large, max-video-preview:-1\" \/>\n<link rel=\"canonical\" href=\"https:\/\/exceladvisor.org\/es\/pivotar-desde-multiples-hojas-de-trabajo\/\" \/>\n<meta property=\"og:locale\" content=\"es_ES\" \/>\n<meta property=\"og:type\" content=\"article\" \/>\n<meta property=\"og:title\" content=\"Crea una tabla din\u00e1mica a partir de diferentes hojas\" \/>\n<meta property=\"og:description\" content=\"Con una tabla din\u00e1mica, resumes tus datos en segundos. Puede crear informes, analizar datos y compartirlos con otros f\u00e1cilmente. Esa es la belleza de las tablas din\u00e1micas. Pero aqu\u00ed hay un giro: Normalmente, cuando crea una tabla din\u00e1mica, puede seleccionar datos de origen de una sola tabla en una hoja de trabajo, porque Excel no [&hellip;]\" \/>\n<meta property=\"og:url\" content=\"https:\/\/exceladvisor.org\/es\/pivotar-desde-multiples-hojas-de-trabajo\/\" \/>\n<meta property=\"og:site_name\" content=\"Excel Advisor\" \/>\n<meta property=\"article:modified_time\" content=\"2023-12-25T10:32:50+00:00\" \/>\n<meta property=\"og:image\" content=\"https:\/\/exceladvisor.org\/wp-content\/uploads\/2023\/08\/quatre-feuilles-de-calcul-multiples-pour-creer-un-tableau-croise-dynamique.png\" \/>\n<meta name=\"twitter:card\" content=\"summary_large_image\" \/>\n<meta name=\"twitter:label1\" content=\"Tiempo de lectura\" \/>\n\t<meta name=\"twitter:data1\" content=\"4 minutos\" \/>\n<script type=\"application\/ld+json\" class=\"yoast-schema-graph\">{\"@context\":\"https:\/\/schema.org\",\"@graph\":[{\"@type\":\"WebPage\",\"@id\":\"https:\/\/exceladvisor.org\/es\/pivotar-desde-multiples-hojas-de-trabajo\/\",\"url\":\"https:\/\/exceladvisor.org\/es\/pivotar-desde-multiples-hojas-de-trabajo\/\",\"name\":\"Crea una tabla din\u00e1mica a partir de diferentes hojas\",\"isPartOf\":{\"@id\":\"https:\/\/exceladvisor.org\/es\/#website\"},\"primaryImageOfPage\":{\"@id\":\"https:\/\/exceladvisor.org\/es\/pivotar-desde-multiples-hojas-de-trabajo\/#primaryimage\"},\"image\":{\"@id\":\"https:\/\/exceladvisor.org\/es\/pivotar-desde-multiples-hojas-de-trabajo\/#primaryimage\"},\"thumbnailUrl\":\"https:\/\/exceladvisor.org\/wp-content\/uploads\/2023\/08\/quatre-feuilles-de-calcul-multiples-pour-creer-un-tableau-croise-dynamique.png\",\"datePublished\":\"2023-09-30T10:16:48+00:00\",\"dateModified\":\"2023-12-25T10:32:50+00:00\",\"breadcrumb\":{\"@id\":\"https:\/\/exceladvisor.org\/es\/pivotar-desde-multiples-hojas-de-trabajo\/#breadcrumb\"},\"inLanguage\":\"es\",\"potentialAction\":[{\"@type\":\"ReadAction\",\"target\":[\"https:\/\/exceladvisor.org\/es\/pivotar-desde-multiples-hojas-de-trabajo\/\"]}]},{\"@type\":\"ImageObject\",\"inLanguage\":\"es\",\"@id\":\"https:\/\/exceladvisor.org\/es\/pivotar-desde-multiples-hojas-de-trabajo\/#primaryimage\",\"url\":\"https:\/\/exceladvisor.org\/wp-content\/uploads\/2023\/08\/quatre-feuilles-de-calcul-multiples-pour-creer-un-tableau-croise-dynamique.png\",\"contentUrl\":\"https:\/\/exceladvisor.org\/wp-content\/uploads\/2023\/08\/quatre-feuilles-de-calcul-multiples-pour-creer-un-tableau-croise-dynamique.png\"},{\"@type\":\"BreadcrumbList\",\"@id\":\"https:\/\/exceladvisor.org\/es\/pivotar-desde-multiples-hojas-de-trabajo\/#breadcrumb\",\"itemListElement\":[{\"@type\":\"ListItem\",\"position\":1,\"name\":\"Hogar\",\"item\":\"https:\/\/exceladvisor.org\/es\/\"},{\"@type\":\"ListItem\",\"position\":2,\"name\":\"Crea una tabla din\u00e1mica a partir de diferentes hojas\"}]},{\"@type\":\"WebSite\",\"@id\":\"https:\/\/exceladvisor.org\/es\/#website\",\"url\":\"https:\/\/exceladvisor.org\/es\/\",\"name\":\"Excel Advisor\",\"description\":\"Su gu\u00eda para la dominaci\u00f3n de datos!\",\"publisher\":{\"@id\":\"https:\/\/exceladvisor.org\/es\/#organization\"},\"potentialAction\":[{\"@type\":\"SearchAction\",\"target\":{\"@type\":\"EntryPoint\",\"urlTemplate\":\"https:\/\/exceladvisor.org\/es\/?s={search_term_string}\"},\"query-input\":{\"@type\":\"PropertyValueSpecification\",\"valueRequired\":true,\"valueName\":\"search_term_string\"}}],\"inLanguage\":\"es\"},{\"@type\":\"Organization\",\"@id\":\"https:\/\/exceladvisor.org\/es\/#organization\",\"name\":\"Excel Advisor\",\"url\":\"https:\/\/exceladvisor.org\/es\/\",\"logo\":{\"@type\":\"ImageObject\",\"inLanguage\":\"es\",\"@id\":\"https:\/\/exceladvisor.org\/es\/#\/schema\/logo\/image\/\",\"url\":\"https:\/\/exceladvisor.org\/es\/wp-content\/uploads\/2023\/12\/exceladvisor.org_.png\",\"contentUrl\":\"https:\/\/exceladvisor.org\/es\/wp-content\/uploads\/2023\/12\/exceladvisor.org_.png\",\"width\":105,\"height\":36,\"caption\":\"Excel Advisor\"},\"image\":{\"@id\":\"https:\/\/exceladvisor.org\/es\/#\/schema\/logo\/image\/\"}}]}<\/script>\n<!-- \/ Yoast SEO plugin. -->","yoast_head_json":{"title":"Crea una tabla din\u00e1mica a partir de diferentes hojas","robots":{"index":"index","follow":"follow","max-snippet":"max-snippet:-1","max-image-preview":"max-image-preview:large","max-video-preview":"max-video-preview:-1"},"canonical":"https:\/\/exceladvisor.org\/es\/pivotar-desde-multiples-hojas-de-trabajo\/","og_locale":"es_ES","og_type":"article","og_title":"Crea una tabla din\u00e1mica a partir de diferentes hojas","og_description":"Con una tabla din\u00e1mica, resumes tus datos en segundos. Puede crear informes, analizar datos y compartirlos con otros f\u00e1cilmente. Esa es la belleza de las tablas din\u00e1micas. Pero aqu\u00ed hay un giro: Normalmente, cuando crea una tabla din\u00e1mica, puede seleccionar datos de origen de una sola tabla en una hoja de trabajo, porque Excel no [&hellip;]","og_url":"https:\/\/exceladvisor.org\/es\/pivotar-desde-multiples-hojas-de-trabajo\/","og_site_name":"Excel Advisor","article_modified_time":"2023-12-25T10:32:50+00:00","og_image":[{"url":"https:\/\/exceladvisor.org\/wp-content\/uploads\/2023\/08\/quatre-feuilles-de-calcul-multiples-pour-creer-un-tableau-croise-dynamique.png","type":"","width":"","height":""}],"twitter_card":"summary_large_image","twitter_misc":{"Tiempo de lectura":"4 minutos"},"schema":{"@context":"https:\/\/schema.org","@graph":[{"@type":"WebPage","@id":"https:\/\/exceladvisor.org\/es\/pivotar-desde-multiples-hojas-de-trabajo\/","url":"https:\/\/exceladvisor.org\/es\/pivotar-desde-multiples-hojas-de-trabajo\/","name":"Crea una tabla din\u00e1mica a partir de diferentes hojas","isPartOf":{"@id":"https:\/\/exceladvisor.org\/es\/#website"},"primaryImageOfPage":{"@id":"https:\/\/exceladvisor.org\/es\/pivotar-desde-multiples-hojas-de-trabajo\/#primaryimage"},"image":{"@id":"https:\/\/exceladvisor.org\/es\/pivotar-desde-multiples-hojas-de-trabajo\/#primaryimage"},"thumbnailUrl":"https:\/\/exceladvisor.org\/wp-content\/uploads\/2023\/08\/quatre-feuilles-de-calcul-multiples-pour-creer-un-tableau-croise-dynamique.png","datePublished":"2023-09-30T10:16:48+00:00","dateModified":"2023-12-25T10:32:50+00:00","breadcrumb":{"@id":"https:\/\/exceladvisor.org\/es\/pivotar-desde-multiples-hojas-de-trabajo\/#breadcrumb"},"inLanguage":"es","potentialAction":[{"@type":"ReadAction","target":["https:\/\/exceladvisor.org\/es\/pivotar-desde-multiples-hojas-de-trabajo\/"]}]},{"@type":"ImageObject","inLanguage":"es","@id":"https:\/\/exceladvisor.org\/es\/pivotar-desde-multiples-hojas-de-trabajo\/#primaryimage","url":"https:\/\/exceladvisor.org\/wp-content\/uploads\/2023\/08\/quatre-feuilles-de-calcul-multiples-pour-creer-un-tableau-croise-dynamique.png","contentUrl":"https:\/\/exceladvisor.org\/wp-content\/uploads\/2023\/08\/quatre-feuilles-de-calcul-multiples-pour-creer-un-tableau-croise-dynamique.png"},{"@type":"BreadcrumbList","@id":"https:\/\/exceladvisor.org\/es\/pivotar-desde-multiples-hojas-de-trabajo\/#breadcrumb","itemListElement":[{"@type":"ListItem","position":1,"name":"Hogar","item":"https:\/\/exceladvisor.org\/es\/"},{"@type":"ListItem","position":2,"name":"Crea una tabla din\u00e1mica a partir de diferentes hojas"}]},{"@type":"WebSite","@id":"https:\/\/exceladvisor.org\/es\/#website","url":"https:\/\/exceladvisor.org\/es\/","name":"Excel Advisor","description":"Su gu\u00eda para la dominaci\u00f3n de datos!","publisher":{"@id":"https:\/\/exceladvisor.org\/es\/#organization"},"potentialAction":[{"@type":"SearchAction","target":{"@type":"EntryPoint","urlTemplate":"https:\/\/exceladvisor.org\/es\/?s={search_term_string}"},"query-input":{"@type":"PropertyValueSpecification","valueRequired":true,"valueName":"search_term_string"}}],"inLanguage":"es"},{"@type":"Organization","@id":"https:\/\/exceladvisor.org\/es\/#organization","name":"Excel Advisor","url":"https:\/\/exceladvisor.org\/es\/","logo":{"@type":"ImageObject","inLanguage":"es","@id":"https:\/\/exceladvisor.org\/es\/#\/schema\/logo\/image\/","url":"https:\/\/exceladvisor.org\/es\/wp-content\/uploads\/2023\/12\/exceladvisor.org_.png","contentUrl":"https:\/\/exceladvisor.org\/es\/wp-content\/uploads\/2023\/12\/exceladvisor.org_.png","width":105,"height":36,"caption":"Excel Advisor"},"image":{"@id":"https:\/\/exceladvisor.org\/es\/#\/schema\/logo\/image\/"}}]}},"yoast_meta":{"yoast_wpseo_title":"","yoast_wpseo_metadesc":"","yoast_wpseo_canonical":""},"_links":{"self":[{"href":"https:\/\/exceladvisor.org\/es\/wp-json\/wp\/v2\/pages\/652","targetHints":{"allow":["GET"]}}],"collection":[{"href":"https:\/\/exceladvisor.org\/es\/wp-json\/wp\/v2\/pages"}],"about":[{"href":"https:\/\/exceladvisor.org\/es\/wp-json\/wp\/v2\/types\/page"}],"author":[{"embeddable":true,"href":"https:\/\/exceladvisor.org\/es\/wp-json\/wp\/v2\/users\/1"}],"replies":[{"embeddable":true,"href":"https:\/\/exceladvisor.org\/es\/wp-json\/wp\/v2\/comments?post=652"}],"version-history":[{"count":1,"href":"https:\/\/exceladvisor.org\/es\/wp-json\/wp\/v2\/pages\/652\/revisions"}],"predecessor-version":[{"id":1440,"href":"https:\/\/exceladvisor.org\/es\/wp-json\/wp\/v2\/pages\/652\/revisions\/1440"}],"wp:attachment":[{"href":"https:\/\/exceladvisor.org\/es\/wp-json\/wp\/v2\/media?parent=652"}],"curies":[{"name":"wp","href":"https:\/\/api.w.org\/{rel}","templated":true}]}}