{"id":654,"date":"2023-09-30T05:31:59","date_gmt":"2023-09-30T05:31:59","guid":{"rendered":"https:\/\/exceladvisor.org\/es\/error-de-desbordamiento-6\/"},"modified":"2023-12-25T10:27:24","modified_gmt":"2023-12-25T10:27:24","slug":"error-de-desbordamiento-6","status":"publish","type":"page","link":"https:\/\/exceladvisor.org\/es\/error-de-desbordamiento-6\/","title":{"rendered":"\u00bfc\u00f3mo solucionar el error de desbordamiento de vba (error 6)?"},"content":{"rendered":"<div class=\"excel-antes-del-contenido\" id=\"excel-4016274503\"><script type=\"text\/javascript\">\r\n\tatOptions = {\r\n\t\t'key' : 'c1158f160081d6540a8409e6925dab94',\r\n\t\t'format' : 'iframe',\r\n\t\t'height' : 250,\r\n\t\t'width' : 300,\r\n\t\t'params' : {}\r\n\t};\r\n<\/script>\r\n<script type=\"text\/javascript\" src=\"\/\/www.highperformanceformat.com\/c1158f160081d6540a8409e6925dab94\/invoke.js\"><\/script><\/div><p>En VBA, el desbordamiento (error 6) es un error de tiempo de ejecuci\u00f3n que ocurre cuando especifica un n\u00famero para la variable que est\u00e1 fuera del rango de n\u00fameros que este tipo de datos puede tomar. En pocas palabras, este error ocurre cuando se sale del rango del tipo de variable.<\/p>\n<p> Suponga que est\u00e1 utilizando el tipo de datos Integer que puede tomar valores entre -32768 y 32767. Entonces, cuando especifique un valor fuera de este rango, obtendr\u00e1 el error de tiempo de ejecuci\u00f3n de desbordamiento. <\/p>\n<div class=\"wp-block-image\">\n<figure class=\"aligncenter size-large is-resized\"><img loading=\"lazy\" decoding=\"async\" class=\"wp-image-57085\" src=\"https:\/\/exceladvisor.org\/wp-content\/uploads\/2023\/08\/1-erreur-de-debordement-vba.png\" sizes=\"auto, \" srcset=\"\" alt=\"error de desbordamiento de vba\" width=\"679\" height=\"315\"><\/figure>\n<\/div>\n<p> En el ejemplo anterior, puede ver que hemos utilizado el tipo de datos entero para la variable iNum, pero al especificar el valor hemos utilizado \u00ab10000000\u00bb, que es mucho m\u00e1s que el rango, y cuando ejecuta el c\u00f3digo de desbordamiento de error en tiempo de ejecuci\u00f3n se produce. <\/p>\n<div class=\"wp-block-image\">\n<figure class=\"aligncenter size-large is-resized\"><img loading=\"lazy\" decoding=\"async\" class=\"wp-image-57086\" src=\"https:\/\/exceladvisor.org\/wp-content\/uploads\/2023\/08\/2-erreur-de-type-dexecution-de-debordement.png\" sizes=\"auto, \" srcset=\"\" alt=\"\" width=\"841\" height=\"231\"><\/figure>\n<\/div>\n<pre class=\"wp-block-code\"> <code class=\"language-visual-basic\" lang=\"visual-basic\">Sub myMacro() Dim iNum As Integer iNum = 10000000 End Sub<\/code><\/pre>\n<h2 class=\"wp-block-heading\"> <strong>C\u00f3mo manejar el desbordamiento (error 6 de VBA)<\/strong><\/h2>\n<p> La forma de solucionar este error es tener un conocimiento completo de los tipos de datos de VBA que debe utilizar al declarar una variable. Debes manejar un rango de valores cuando usas un tipo de datos para almacenar un valor num\u00e9rico en la variable. Por lo tanto, debe observar el rango del resultado que desea almacenar en la variable.<\/p>\n<div class=\"gb-container gb-container-4db6181c gb-container-mt\"> <a class=\"gb-button gb-button-c5897111 gb-button-text gb-button-mt-button\" href=\"https:\/\/exceladvisor.org\/es\/vba\/\">\u00bfQu\u00e9 es VBA?<\/a><\/p>\n<h2 class=\"gb-headline gb-headline-665e5f6b gb-headline-text gb-headline-mt-heading\"> Tutoriales relacionados <\/h2>\n<div class=\"gb-grid-wrapper gb-grid-wrapper-a20baf7c gb-grid-wrapper-mt-grid\">\n<div class=\"gb-grid-column gb-grid-column-65ddf67e\">\n<div class=\"gb-container gb-container-65ddf67e\">\n<ul>\n<li> <a href=\"https:\/\/exceladvisor.org\/es\/manejo-de-errores\/\">Manejo de errores de VBA<\/a><\/li>\n<li> <a href=\"https:\/\/exceladvisor.org\/es\/error-de-automatizacion-440\/\">Error de automatizaci\u00f3n de VBA (Error 440)<\/a><\/li>\n<li> <a href=\"https:\/\/exceladvisor.org\/es\/error-400\/\">Error 400 de VBA<\/a><\/li>\n<li> <a href=\"https:\/\/exceladvisor.org\/es\/llamada-a-procedimiento-no-valida-o-error-de-argumento-5\/\">Llamada a procedimiento VBA no v\u00e1lida o error de argumento (Error 5)<\/a><\/li>\n<li> <a href=\"https:\/\/exceladvisor.org\/es\/el-objeto-no-admite-esta-propiedad-o-metodo-error-438\/\">El objeto VBA no admite esta propiedad o error de m\u00e9todo (Error 438)<\/a> <\/li>\n<\/ul>\n<\/div>\n<\/div>\n<div class=\"gb-grid-column gb-grid-column-50067b57\">\n<div class=\"gb-container gb-container-50067b57\"><\/div>\n<\/div>\n<\/div>\n<\/div>\n","protected":false},"excerpt":{"rendered":"<p>En VBA, el desbordamiento (error 6) es un error de tiempo de ejecuci\u00f3n que ocurre cuando especifica un n\u00famero para la variable que est\u00e1 fuera del rango de n\u00fameros que este tipo de datos puede tomar. En pocas palabras, este error ocurre cuando se sale del rango del tipo de variable. Suponga que est\u00e1 utilizando [&hellip;]<\/p>\n","protected":false},"author":1,"featured_media":0,"parent":0,"menu_order":0,"comment_status":"open","ping_status":"closed","template":"","meta":{"ub_ctt_via":"","footnotes":""},"class_list":["post-654","page","type-page","status-publish","hentry"],"featured_image_src":null,"yoast_head":"<!-- This site is optimized with the Yoast SEO plugin v25.4 - https:\/\/yoast.com\/wordpress\/plugins\/seo\/ -->\n<title>\u00bfc\u00f3mo solucionar el error de desbordamiento de vba (error 6)?<\/title>\n<meta name=\"robots\" content=\"index, follow, max-snippet:-1, max-image-preview:large, max-video-preview:-1\" \/>\n<link rel=\"canonical\" href=\"https:\/\/exceladvisor.org\/es\/error-de-desbordamiento-6\/\" \/>\n<meta property=\"og:locale\" content=\"es_ES\" \/>\n<meta property=\"og:type\" content=\"article\" \/>\n<meta property=\"og:title\" content=\"\u00bfc\u00f3mo solucionar el error de desbordamiento de vba (error 6)?\" \/>\n<meta property=\"og:description\" content=\"En VBA, el desbordamiento (error 6) es un error de tiempo de ejecuci\u00f3n que ocurre cuando especifica un n\u00famero para la variable que est\u00e1 fuera del rango de n\u00fameros que este tipo de datos puede tomar. En pocas palabras, este error ocurre cuando se sale del rango del tipo de variable. Suponga que est\u00e1 utilizando [&hellip;]\" \/>\n<meta property=\"og:url\" content=\"https:\/\/exceladvisor.org\/es\/error-de-desbordamiento-6\/\" \/>\n<meta property=\"og:site_name\" content=\"Excel Advisor\" \/>\n<meta property=\"article:modified_time\" content=\"2023-12-25T10:27:24+00:00\" \/>\n<meta property=\"og:image\" content=\"https:\/\/exceladvisor.org\/wp-content\/uploads\/2023\/08\/1-erreur-de-debordement-vba.png\" \/>\n<meta name=\"twitter:card\" content=\"summary_large_image\" \/>\n<meta name=\"twitter:label1\" content=\"Tiempo de lectura\" \/>\n\t<meta name=\"twitter:data1\" content=\"1 minuto\" \/>\n<script type=\"application\/ld+json\" class=\"yoast-schema-graph\">{\"@context\":\"https:\/\/schema.org\",\"@graph\":[{\"@type\":\"WebPage\",\"@id\":\"https:\/\/exceladvisor.org\/es\/error-de-desbordamiento-6\/\",\"url\":\"https:\/\/exceladvisor.org\/es\/error-de-desbordamiento-6\/\",\"name\":\"\u00bfc\u00f3mo solucionar el error de desbordamiento de vba (error 6)?\",\"isPartOf\":{\"@id\":\"https:\/\/exceladvisor.org\/es\/#website\"},\"primaryImageOfPage\":{\"@id\":\"https:\/\/exceladvisor.org\/es\/error-de-desbordamiento-6\/#primaryimage\"},\"image\":{\"@id\":\"https:\/\/exceladvisor.org\/es\/error-de-desbordamiento-6\/#primaryimage\"},\"thumbnailUrl\":\"https:\/\/exceladvisor.org\/wp-content\/uploads\/2023\/08\/1-erreur-de-debordement-vba.png\",\"datePublished\":\"2023-09-30T05:31:59+00:00\",\"dateModified\":\"2023-12-25T10:27:24+00:00\",\"breadcrumb\":{\"@id\":\"https:\/\/exceladvisor.org\/es\/error-de-desbordamiento-6\/#breadcrumb\"},\"inLanguage\":\"es\",\"potentialAction\":[{\"@type\":\"ReadAction\",\"target\":[\"https:\/\/exceladvisor.org\/es\/error-de-desbordamiento-6\/\"]}]},{\"@type\":\"ImageObject\",\"inLanguage\":\"es\",\"@id\":\"https:\/\/exceladvisor.org\/es\/error-de-desbordamiento-6\/#primaryimage\",\"url\":\"https:\/\/exceladvisor.org\/wp-content\/uploads\/2023\/08\/1-erreur-de-debordement-vba.png\",\"contentUrl\":\"https:\/\/exceladvisor.org\/wp-content\/uploads\/2023\/08\/1-erreur-de-debordement-vba.png\"},{\"@type\":\"BreadcrumbList\",\"@id\":\"https:\/\/exceladvisor.org\/es\/error-de-desbordamiento-6\/#breadcrumb\",\"itemListElement\":[{\"@type\":\"ListItem\",\"position\":1,\"name\":\"Hogar\",\"item\":\"https:\/\/exceladvisor.org\/es\/\"},{\"@type\":\"ListItem\",\"position\":2,\"name\":\"\u00bfc\u00f3mo solucionar el error de desbordamiento de vba (error 6)?\"}]},{\"@type\":\"WebSite\",\"@id\":\"https:\/\/exceladvisor.org\/es\/#website\",\"url\":\"https:\/\/exceladvisor.org\/es\/\",\"name\":\"Excel Advisor\",\"description\":\"Su gu\u00eda para la dominaci\u00f3n de datos!\",\"publisher\":{\"@id\":\"https:\/\/exceladvisor.org\/es\/#organization\"},\"potentialAction\":[{\"@type\":\"SearchAction\",\"target\":{\"@type\":\"EntryPoint\",\"urlTemplate\":\"https:\/\/exceladvisor.org\/es\/?s={search_term_string}\"},\"query-input\":{\"@type\":\"PropertyValueSpecification\",\"valueRequired\":true,\"valueName\":\"search_term_string\"}}],\"inLanguage\":\"es\"},{\"@type\":\"Organization\",\"@id\":\"https:\/\/exceladvisor.org\/es\/#organization\",\"name\":\"Excel Advisor\",\"url\":\"https:\/\/exceladvisor.org\/es\/\",\"logo\":{\"@type\":\"ImageObject\",\"inLanguage\":\"es\",\"@id\":\"https:\/\/exceladvisor.org\/es\/#\/schema\/logo\/image\/\",\"url\":\"https:\/\/exceladvisor.org\/es\/wp-content\/uploads\/2023\/12\/exceladvisor.org_.png\",\"contentUrl\":\"https:\/\/exceladvisor.org\/es\/wp-content\/uploads\/2023\/12\/exceladvisor.org_.png\",\"width\":105,\"height\":36,\"caption\":\"Excel Advisor\"},\"image\":{\"@id\":\"https:\/\/exceladvisor.org\/es\/#\/schema\/logo\/image\/\"}}]}<\/script>\n<!-- \/ Yoast SEO plugin. -->","yoast_head_json":{"title":"\u00bfc\u00f3mo solucionar el error de desbordamiento de vba (error 6)?","robots":{"index":"index","follow":"follow","max-snippet":"max-snippet:-1","max-image-preview":"max-image-preview:large","max-video-preview":"max-video-preview:-1"},"canonical":"https:\/\/exceladvisor.org\/es\/error-de-desbordamiento-6\/","og_locale":"es_ES","og_type":"article","og_title":"\u00bfc\u00f3mo solucionar el error de desbordamiento de vba (error 6)?","og_description":"En VBA, el desbordamiento (error 6) es un error de tiempo de ejecuci\u00f3n que ocurre cuando especifica un n\u00famero para la variable que est\u00e1 fuera del rango de n\u00fameros que este tipo de datos puede tomar. En pocas palabras, este error ocurre cuando se sale del rango del tipo de variable. Suponga que est\u00e1 utilizando [&hellip;]","og_url":"https:\/\/exceladvisor.org\/es\/error-de-desbordamiento-6\/","og_site_name":"Excel Advisor","article_modified_time":"2023-12-25T10:27:24+00:00","og_image":[{"url":"https:\/\/exceladvisor.org\/wp-content\/uploads\/2023\/08\/1-erreur-de-debordement-vba.png","type":"","width":"","height":""}],"twitter_card":"summary_large_image","twitter_misc":{"Tiempo de lectura":"1 minuto"},"schema":{"@context":"https:\/\/schema.org","@graph":[{"@type":"WebPage","@id":"https:\/\/exceladvisor.org\/es\/error-de-desbordamiento-6\/","url":"https:\/\/exceladvisor.org\/es\/error-de-desbordamiento-6\/","name":"\u00bfc\u00f3mo solucionar el error de desbordamiento de vba (error 6)?","isPartOf":{"@id":"https:\/\/exceladvisor.org\/es\/#website"},"primaryImageOfPage":{"@id":"https:\/\/exceladvisor.org\/es\/error-de-desbordamiento-6\/#primaryimage"},"image":{"@id":"https:\/\/exceladvisor.org\/es\/error-de-desbordamiento-6\/#primaryimage"},"thumbnailUrl":"https:\/\/exceladvisor.org\/wp-content\/uploads\/2023\/08\/1-erreur-de-debordement-vba.png","datePublished":"2023-09-30T05:31:59+00:00","dateModified":"2023-12-25T10:27:24+00:00","breadcrumb":{"@id":"https:\/\/exceladvisor.org\/es\/error-de-desbordamiento-6\/#breadcrumb"},"inLanguage":"es","potentialAction":[{"@type":"ReadAction","target":["https:\/\/exceladvisor.org\/es\/error-de-desbordamiento-6\/"]}]},{"@type":"ImageObject","inLanguage":"es","@id":"https:\/\/exceladvisor.org\/es\/error-de-desbordamiento-6\/#primaryimage","url":"https:\/\/exceladvisor.org\/wp-content\/uploads\/2023\/08\/1-erreur-de-debordement-vba.png","contentUrl":"https:\/\/exceladvisor.org\/wp-content\/uploads\/2023\/08\/1-erreur-de-debordement-vba.png"},{"@type":"BreadcrumbList","@id":"https:\/\/exceladvisor.org\/es\/error-de-desbordamiento-6\/#breadcrumb","itemListElement":[{"@type":"ListItem","position":1,"name":"Hogar","item":"https:\/\/exceladvisor.org\/es\/"},{"@type":"ListItem","position":2,"name":"\u00bfc\u00f3mo solucionar el error de desbordamiento de vba (error 6)?"}]},{"@type":"WebSite","@id":"https:\/\/exceladvisor.org\/es\/#website","url":"https:\/\/exceladvisor.org\/es\/","name":"Excel Advisor","description":"Su gu\u00eda para la dominaci\u00f3n de datos!","publisher":{"@id":"https:\/\/exceladvisor.org\/es\/#organization"},"potentialAction":[{"@type":"SearchAction","target":{"@type":"EntryPoint","urlTemplate":"https:\/\/exceladvisor.org\/es\/?s={search_term_string}"},"query-input":{"@type":"PropertyValueSpecification","valueRequired":true,"valueName":"search_term_string"}}],"inLanguage":"es"},{"@type":"Organization","@id":"https:\/\/exceladvisor.org\/es\/#organization","name":"Excel Advisor","url":"https:\/\/exceladvisor.org\/es\/","logo":{"@type":"ImageObject","inLanguage":"es","@id":"https:\/\/exceladvisor.org\/es\/#\/schema\/logo\/image\/","url":"https:\/\/exceladvisor.org\/es\/wp-content\/uploads\/2023\/12\/exceladvisor.org_.png","contentUrl":"https:\/\/exceladvisor.org\/es\/wp-content\/uploads\/2023\/12\/exceladvisor.org_.png","width":105,"height":36,"caption":"Excel Advisor"},"image":{"@id":"https:\/\/exceladvisor.org\/es\/#\/schema\/logo\/image\/"}}]}},"yoast_meta":{"yoast_wpseo_title":"","yoast_wpseo_metadesc":"","yoast_wpseo_canonical":""},"_links":{"self":[{"href":"https:\/\/exceladvisor.org\/es\/wp-json\/wp\/v2\/pages\/654","targetHints":{"allow":["GET"]}}],"collection":[{"href":"https:\/\/exceladvisor.org\/es\/wp-json\/wp\/v2\/pages"}],"about":[{"href":"https:\/\/exceladvisor.org\/es\/wp-json\/wp\/v2\/types\/page"}],"author":[{"embeddable":true,"href":"https:\/\/exceladvisor.org\/es\/wp-json\/wp\/v2\/users\/1"}],"replies":[{"embeddable":true,"href":"https:\/\/exceladvisor.org\/es\/wp-json\/wp\/v2\/comments?post=654"}],"version-history":[{"count":1,"href":"https:\/\/exceladvisor.org\/es\/wp-json\/wp\/v2\/pages\/654\/revisions"}],"predecessor-version":[{"id":1198,"href":"https:\/\/exceladvisor.org\/es\/wp-json\/wp\/v2\/pages\/654\/revisions\/1198"}],"wp:attachment":[{"href":"https:\/\/exceladvisor.org\/es\/wp-json\/wp\/v2\/media?parent=654"}],"curies":[{"name":"wp","href":"https:\/\/api.w.org\/{rel}","templated":true}]}}