{"id":658,"date":"2023-09-30T04:10:38","date_gmt":"2023-09-30T04:10:38","guid":{"rendered":"https:\/\/exceladvisor.org\/es\/impresion-de-depuracion-inmediata-de-ventana\/"},"modified":"2023-12-25T10:34:03","modified_gmt":"2023-12-25T10:34:03","slug":"impresion-de-depuracion-inmediata-de-ventana","status":"publish","type":"page","link":"https:\/\/exceladvisor.org\/es\/impresion-de-depuracion-inmediata-de-ventana\/","title":{"rendered":"Ventana inmediata vba: la gu\u00eda ilustrada completa"},"content":{"rendered":"<div class=\"excel-antes-del-contenido\" id=\"excel-2577650622\"><script type=\"text\/javascript\">\r\n\tatOptions = {\r\n\t\t'key' : 'c1158f160081d6540a8409e6925dab94',\r\n\t\t'format' : 'iframe',\r\n\t\t'height' : 250,\r\n\t\t'width' : 300,\r\n\t\t'params' : {}\r\n\t};\r\n<\/script>\r\n<script type=\"text\/javascript\" src=\"\/\/www.highperformanceformat.com\/c1158f160081d6540a8409e6925dab94\/invoke.js\"><\/script><\/div><h2 class=\"wp-block-heading\">\u00bfQu\u00e9 es la ventana inmediata?<\/h2>\n<p> La ventana instant\u00e1nea es un peque\u00f1o cuadro del editor de Visual Basic que puede utilizar para ejecutar una sola l\u00ednea de c\u00f3digo y obtener resultados instant\u00e1neos. En pocas palabras, en lugar de ejecutar su c\u00f3digo directamente en Excel, puede ejecutar una l\u00ednea de macro en lo que devuelve. Esto es muy \u00fatil cuando est\u00e1s depurando c\u00f3digo.<\/p>\n<p> Cuando abre el Editor de Visual Basic (Alt+F11), puede ver la ventana inmediata en la parte inferior. <\/p>\n<div class=\"wp-block-image\">\n<figure class=\"aligncenter size-large is-resized\"><img loading=\"lazy\" decoding=\"async\" class=\"wp-image-51309\" src=\"https:\/\/exceladvisor.org\/wp-content\/uploads\/2023\/08\/1-fenetre-immediate-vba.png\" sizes=\"auto, \" srcset=\"\" alt=\"ventana inmediata vba\" width=\"631\" height=\"583\"><\/figure>\n<\/div>\n<p> Pero, si no est\u00e1 all\u00ed, debes habilitarlo desde el men\u00fa de edici\u00f3n, o tambi\u00e9n puedes usar la <a href=\"https:\/\/exceladvisor.org\/es\/atajos-de-teclado\/\">tecla de m\u00e9todo abreviado de teclado<\/a> Control + G. <\/p>\n<div class=\"wp-block-image\">\n<figure class=\"aligncenter size-large is-resized\"><img loading=\"lazy\" decoding=\"async\" class=\"wp-image-51310\" src=\"https:\/\/exceladvisor.org\/wp-content\/uploads\/2023\/08\/2-raccourci-clavier-pour-fenetre-immediate.png\" sizes=\"auto, \" srcset=\"\" alt=\"m\u00e9todo abreviado de tecla de acceso r\u00e1pido para ventana emergente\" width=\"258\" height=\"428\"><\/figure>\n<\/div>\n<p> Y si desea desbloquearlo, haga clic y mantenga presionada la barra de t\u00edtulo y su\u00e9ltela dentro y fuera del <a href=\"https:\/\/exceladvisor.org\/es\/editor-visual-basico\/\">editor VB<\/a> . <\/p>\n<div class=\"wp-block-image\">\n<figure class=\"aligncenter size-large is-resized\"><img loading=\"lazy\" decoding=\"async\" class=\"wp-image-51311\" src=\"https:\/\/exceladvisor.org\/wp-content\/uploads\/2023\/08\/3-cliquez-et-maintenez-la-barre-de-titre.png\" sizes=\"auto, \" srcset=\"\" alt=\"hacer clic en mantener presionada la barra de t\u00edtulo\" width=\"845\" height=\"511\"><\/figure>\n<\/div>\n<h2 class=\"wp-block-heading\"> \u00bfQu\u00e9 es Debug.Print?<\/h2>\n<p> Debug.Print es un comando que puede usar para ejecutar una sola l\u00ednea de c\u00f3digo y obtener el resultado de esa l\u00ednea en la ventana Inmediato. En pocas palabras, cuando usa el comando debug.print al comienzo de la l\u00ednea de c\u00f3digo y luego lo ejecuta, VBA muestra el resultado de esa l\u00ednea en la ventana inmediata.<\/p>\n<p> Imag\u00ednese, quiere saber qu\u00e9 color de fuente se aplica a A1. En este caso, puede utilizar la siguiente l\u00ednea de c\u00f3digo, comienza con Debug.Print y luego codifica para obtener el color de fuente.<\/p>\n<pre class=\"wp-block-code\"> <code class=\"language-visual-basic\" lang=\"visual-basic\">Debug.Print Range(\"A1\").Font.Color<\/code><\/pre>\n<p> Ahora, cuando ejecute este c\u00f3digo, obtendr\u00e1 el resultado en la ventana inmediata como se muestra a continuaci\u00f3n: <\/p>\n<div class=\"wp-block-image\">\n<figure class=\"aligncenter size-large is-resized\"><img loading=\"lazy\" decoding=\"async\" class=\"wp-image-51312\" src=\"https:\/\/exceladvisor.org\/wp-content\/uploads\/2023\/08\/4-impression-de-debogage.png\" sizes=\"auto, \" srcset=\"\" alt=\"impresi\u00f3n de depuraci\u00f3n\" width=\"735\" height=\"503\"><\/figure>\n<\/div>\n<h2 class=\"wp-block-heading\"> Ejecutando una l\u00ednea de c\u00f3digo<\/h2>\n<p> Adem\u00e1s de usar debug.print, puede ejecutar directamente una l\u00ednea de c\u00f3digo desde la ventana inmediata. Digamos que si desea ingresar un valor en la celda A1, puede escribir directamente el siguiente c\u00f3digo en la ventana inmediata y luego presionar ENTRAR. <\/p>\n<div class=\"wp-block-image\">\n<figure class=\"aligncenter size-large is-resized\"><img loading=\"lazy\" decoding=\"async\" class=\"wp-image-51313\" src=\"https:\/\/exceladvisor.org\/wp-content\/uploads\/2023\/08\/5-executer-un-code-de-ligne.png\" sizes=\"auto, \" srcset=\"\" alt=\"ejecutar un c\u00f3digo de l\u00ednea\" width=\"537\" height=\"212\"><\/figure>\n<\/div>\n<p> La ventana inmediata ejecuta una sola l\u00ednea de c\u00f3digo a la vez. Entonces, debes presionar ingresar cada l\u00ednea de c\u00f3digo que deseas ejecutar.<\/p>\n<h2 class=\"wp-block-heading\"> <a href=\"https:\/\/exceladvisor.org\/es\/ejecutar-una-macro-2\/\">Ejecute una macro<\/a> directamente desde la ventana inmediata<\/h2>\n<p> Tambi\u00e9n puede ejecutar una macro directamente desde la ventana inmediata usando el nombre de la macro. Todo lo que tienes que hacer es escribir el nombre de la macro y luego presionar Enter. <\/p>\n<div class=\"wp-block-image\">\n<figure class=\"aligncenter size-large is-resized\"><img loading=\"lazy\" decoding=\"async\" class=\"wp-image-51314\" src=\"https:\/\/exceladvisor.org\/wp-content\/uploads\/2023\/08\/6-executer-une-macro-directement.png\" sizes=\"auto, \" srcset=\"\" alt=\"ejecutar una macro directamente\" width=\"591\" height=\"485\"><\/figure>\n<\/div>\n<p> Aseg\u00farese de establecer los argumentos en la ventana inmediata, si tiene alguno. <\/p>\n<div class=\"wp-block-image\">\n<figure class=\"aligncenter size-large is-resized\"><img loading=\"lazy\" decoding=\"async\" class=\"wp-image-51315\" src=\"https:\/\/exceladvisor.org\/wp-content\/uploads\/2023\/08\/7-definir-largument-dans-la-fenetre-immediate.png\" sizes=\"auto, \" srcset=\"\" alt=\"establecer-argumento-en-ventana-inmediata\" width=\"601\" height=\"416\"><\/figure>\n<\/div>\n<h2 class=\"wp-block-heading\"> Haz preguntas r\u00e1pidas<\/h2>\n<p> Tambi\u00e9n puede hacer preguntas directamente en la ventana inmediata. Lo que intento decir es que puedes escribir directamente una l\u00ednea de c\u00f3digo en la ventana inmediata y usar un signo de interrogaci\u00f3n para obtener el resultado.<\/p>\n<p> Digamos que si quieres saber el valor que tienes en la celda A1, en este caso puedes escribir la siguiente l\u00ednea de c\u00f3digo en la ventana inmediata y presionar Enter. <\/p>\n<pre class=\"wp-block-code\"> <code class=\"language-visual-basic\" lang=\"visual-basic\">?Range(\"A1\").Value<\/code><\/pre>\n<div class=\"wp-block-image\">\n<figure class=\"aligncenter size-large is-resized\"><img loading=\"lazy\" decoding=\"async\" class=\"wp-image-51316\" src=\"https:\/\/exceladvisor.org\/wp-content\/uploads\/2023\/08\/8-lignes-de-code-dans-la-fenetre-immediate.png\" sizes=\"auto, \" srcset=\"\" alt=\"l\u00ednea de c\u00f3digo en ventana inmediata\" width=\"508\" height=\"136\"><\/figure>\n<\/div>\n<div class=\"gb-container gb-container-4db6181c gb-container-mt\"> <a class=\"gb-button gb-button-c5897111 gb-button-text gb-button-mt-button\" href=\"https:\/\/exceladvisor.org\/es\/vba\/\">\u00bfQu\u00e9 es VBA?<\/a><\/p>\n<h2 class=\"gb-headline gb-headline-665e5f6b gb-headline-text gb-headline-mt-heading\"> Tutoriales relacionados <\/h2>\n<div class=\"gb-grid-wrapper gb-grid-wrapper-a20baf7c gb-grid-wrapper-mt-grid\">\n<div class=\"gb-grid-column gb-grid-column-65ddf67e\">\n<div class=\"gb-container gb-container-65ddf67e\">\n<ul>\n<li> <a href=\"https:\/\/exceladvisor.org\/es\/preguntas-de-entrevista\/\">Preguntas de entrevista para VBA<\/a><\/li>\n<li> <a href=\"https:\/\/exceladvisor.org\/es\/comentario\/\">A\u00f1adir un comentario en c\u00f3digo VBA<\/a><\/li>\n<li> <a href=\"https:\/\/exceladvisor.org\/es\/salto-de-linea\/\">Agregue un salto de l\u00ednea en el c\u00f3digo VBA<\/a><\/li>\n<li> <a href=\"https:\/\/exceladvisor.org\/es\/nueva-linea\/\">Agregue una nueva l\u00ednea (retorno de carro) en una cadena en VBA<\/a><\/li>\n<li> <a href=\"https:\/\/exceladvisor.org\/es\/ejecutar-una-macro-2\/\">Ejecute una macro en Excel (Ejecute c\u00f3digo VBA)<\/a> <\/li>\n<\/ul>\n<\/div>\n<\/div>\n<div class=\"gb-grid-column gb-grid-column-50067b57\">\n<div class=\"gb-container gb-container-50067b57\"><\/div>\n<\/div>\n<\/div>\n<\/div>\n","protected":false},"excerpt":{"rendered":"<p>\u00bfQu\u00e9 es la ventana inmediata? La ventana instant\u00e1nea es un peque\u00f1o cuadro del editor de Visual Basic que puede utilizar para ejecutar una sola l\u00ednea de c\u00f3digo y obtener resultados instant\u00e1neos. En pocas palabras, en lugar de ejecutar su c\u00f3digo directamente en Excel, puede ejecutar una l\u00ednea de macro en lo que devuelve. Esto es [&hellip;]<\/p>\n","protected":false},"author":1,"featured_media":0,"parent":0,"menu_order":0,"comment_status":"open","ping_status":"closed","template":"","meta":{"ub_ctt_via":"","footnotes":""},"class_list":["post-658","page","type-page","status-publish","hentry"],"featured_image_src":null,"yoast_head":"<!-- This site is optimized with the Yoast SEO plugin v25.4 - https:\/\/yoast.com\/wordpress\/plugins\/seo\/ -->\n<title>Ventana inmediata vba: la gu\u00eda ilustrada completa<\/title>\n<meta name=\"robots\" content=\"index, follow, max-snippet:-1, max-image-preview:large, max-video-preview:-1\" \/>\n<link rel=\"canonical\" href=\"https:\/\/exceladvisor.org\/es\/impresion-de-depuracion-inmediata-de-ventana\/\" \/>\n<meta property=\"og:locale\" content=\"es_ES\" \/>\n<meta property=\"og:type\" content=\"article\" \/>\n<meta property=\"og:title\" content=\"Ventana inmediata vba: la gu\u00eda ilustrada completa\" \/>\n<meta property=\"og:description\" content=\"\u00bfQu\u00e9 es la ventana inmediata? La ventana instant\u00e1nea es un peque\u00f1o cuadro del editor de Visual Basic que puede utilizar para ejecutar una sola l\u00ednea de c\u00f3digo y obtener resultados instant\u00e1neos. En pocas palabras, en lugar de ejecutar su c\u00f3digo directamente en Excel, puede ejecutar una l\u00ednea de macro en lo que devuelve. Esto es [&hellip;]\" \/>\n<meta property=\"og:url\" content=\"https:\/\/exceladvisor.org\/es\/impresion-de-depuracion-inmediata-de-ventana\/\" \/>\n<meta property=\"og:site_name\" content=\"Excel Advisor\" \/>\n<meta property=\"article:modified_time\" content=\"2023-12-25T10:34:03+00:00\" \/>\n<meta property=\"og:image\" content=\"https:\/\/exceladvisor.org\/wp-content\/uploads\/2023\/08\/1-fenetre-immediate-vba.png\" \/>\n<meta name=\"twitter:card\" content=\"summary_large_image\" \/>\n<meta name=\"twitter:label1\" content=\"Tiempo de lectura\" \/>\n\t<meta name=\"twitter:data1\" content=\"3 minutos\" \/>\n<script type=\"application\/ld+json\" class=\"yoast-schema-graph\">{\"@context\":\"https:\/\/schema.org\",\"@graph\":[{\"@type\":\"WebPage\",\"@id\":\"https:\/\/exceladvisor.org\/es\/impresion-de-depuracion-inmediata-de-ventana\/\",\"url\":\"https:\/\/exceladvisor.org\/es\/impresion-de-depuracion-inmediata-de-ventana\/\",\"name\":\"Ventana inmediata vba: la gu\u00eda ilustrada completa\",\"isPartOf\":{\"@id\":\"https:\/\/exceladvisor.org\/es\/#website\"},\"primaryImageOfPage\":{\"@id\":\"https:\/\/exceladvisor.org\/es\/impresion-de-depuracion-inmediata-de-ventana\/#primaryimage\"},\"image\":{\"@id\":\"https:\/\/exceladvisor.org\/es\/impresion-de-depuracion-inmediata-de-ventana\/#primaryimage\"},\"thumbnailUrl\":\"https:\/\/exceladvisor.org\/wp-content\/uploads\/2023\/08\/1-fenetre-immediate-vba.png\",\"datePublished\":\"2023-09-30T04:10:38+00:00\",\"dateModified\":\"2023-12-25T10:34:03+00:00\",\"breadcrumb\":{\"@id\":\"https:\/\/exceladvisor.org\/es\/impresion-de-depuracion-inmediata-de-ventana\/#breadcrumb\"},\"inLanguage\":\"es\",\"potentialAction\":[{\"@type\":\"ReadAction\",\"target\":[\"https:\/\/exceladvisor.org\/es\/impresion-de-depuracion-inmediata-de-ventana\/\"]}]},{\"@type\":\"ImageObject\",\"inLanguage\":\"es\",\"@id\":\"https:\/\/exceladvisor.org\/es\/impresion-de-depuracion-inmediata-de-ventana\/#primaryimage\",\"url\":\"https:\/\/exceladvisor.org\/wp-content\/uploads\/2023\/08\/1-fenetre-immediate-vba.png\",\"contentUrl\":\"https:\/\/exceladvisor.org\/wp-content\/uploads\/2023\/08\/1-fenetre-immediate-vba.png\"},{\"@type\":\"BreadcrumbList\",\"@id\":\"https:\/\/exceladvisor.org\/es\/impresion-de-depuracion-inmediata-de-ventana\/#breadcrumb\",\"itemListElement\":[{\"@type\":\"ListItem\",\"position\":1,\"name\":\"Hogar\",\"item\":\"https:\/\/exceladvisor.org\/es\/\"},{\"@type\":\"ListItem\",\"position\":2,\"name\":\"Ventana inmediata vba: la gu\u00eda ilustrada completa\"}]},{\"@type\":\"WebSite\",\"@id\":\"https:\/\/exceladvisor.org\/es\/#website\",\"url\":\"https:\/\/exceladvisor.org\/es\/\",\"name\":\"Excel Advisor\",\"description\":\"Su gu\u00eda para la dominaci\u00f3n de datos!\",\"publisher\":{\"@id\":\"https:\/\/exceladvisor.org\/es\/#organization\"},\"potentialAction\":[{\"@type\":\"SearchAction\",\"target\":{\"@type\":\"EntryPoint\",\"urlTemplate\":\"https:\/\/exceladvisor.org\/es\/?s={search_term_string}\"},\"query-input\":{\"@type\":\"PropertyValueSpecification\",\"valueRequired\":true,\"valueName\":\"search_term_string\"}}],\"inLanguage\":\"es\"},{\"@type\":\"Organization\",\"@id\":\"https:\/\/exceladvisor.org\/es\/#organization\",\"name\":\"Excel Advisor\",\"url\":\"https:\/\/exceladvisor.org\/es\/\",\"logo\":{\"@type\":\"ImageObject\",\"inLanguage\":\"es\",\"@id\":\"https:\/\/exceladvisor.org\/es\/#\/schema\/logo\/image\/\",\"url\":\"https:\/\/exceladvisor.org\/es\/wp-content\/uploads\/2023\/12\/exceladvisor.org_.png\",\"contentUrl\":\"https:\/\/exceladvisor.org\/es\/wp-content\/uploads\/2023\/12\/exceladvisor.org_.png\",\"width\":105,\"height\":36,\"caption\":\"Excel Advisor\"},\"image\":{\"@id\":\"https:\/\/exceladvisor.org\/es\/#\/schema\/logo\/image\/\"}}]}<\/script>\n<!-- \/ Yoast SEO plugin. -->","yoast_head_json":{"title":"Ventana inmediata vba: la gu\u00eda ilustrada completa","robots":{"index":"index","follow":"follow","max-snippet":"max-snippet:-1","max-image-preview":"max-image-preview:large","max-video-preview":"max-video-preview:-1"},"canonical":"https:\/\/exceladvisor.org\/es\/impresion-de-depuracion-inmediata-de-ventana\/","og_locale":"es_ES","og_type":"article","og_title":"Ventana inmediata vba: la gu\u00eda ilustrada completa","og_description":"\u00bfQu\u00e9 es la ventana inmediata? La ventana instant\u00e1nea es un peque\u00f1o cuadro del editor de Visual Basic que puede utilizar para ejecutar una sola l\u00ednea de c\u00f3digo y obtener resultados instant\u00e1neos. En pocas palabras, en lugar de ejecutar su c\u00f3digo directamente en Excel, puede ejecutar una l\u00ednea de macro en lo que devuelve. Esto es [&hellip;]","og_url":"https:\/\/exceladvisor.org\/es\/impresion-de-depuracion-inmediata-de-ventana\/","og_site_name":"Excel Advisor","article_modified_time":"2023-12-25T10:34:03+00:00","og_image":[{"url":"https:\/\/exceladvisor.org\/wp-content\/uploads\/2023\/08\/1-fenetre-immediate-vba.png","type":"","width":"","height":""}],"twitter_card":"summary_large_image","twitter_misc":{"Tiempo de lectura":"3 minutos"},"schema":{"@context":"https:\/\/schema.org","@graph":[{"@type":"WebPage","@id":"https:\/\/exceladvisor.org\/es\/impresion-de-depuracion-inmediata-de-ventana\/","url":"https:\/\/exceladvisor.org\/es\/impresion-de-depuracion-inmediata-de-ventana\/","name":"Ventana inmediata vba: la gu\u00eda ilustrada completa","isPartOf":{"@id":"https:\/\/exceladvisor.org\/es\/#website"},"primaryImageOfPage":{"@id":"https:\/\/exceladvisor.org\/es\/impresion-de-depuracion-inmediata-de-ventana\/#primaryimage"},"image":{"@id":"https:\/\/exceladvisor.org\/es\/impresion-de-depuracion-inmediata-de-ventana\/#primaryimage"},"thumbnailUrl":"https:\/\/exceladvisor.org\/wp-content\/uploads\/2023\/08\/1-fenetre-immediate-vba.png","datePublished":"2023-09-30T04:10:38+00:00","dateModified":"2023-12-25T10:34:03+00:00","breadcrumb":{"@id":"https:\/\/exceladvisor.org\/es\/impresion-de-depuracion-inmediata-de-ventana\/#breadcrumb"},"inLanguage":"es","potentialAction":[{"@type":"ReadAction","target":["https:\/\/exceladvisor.org\/es\/impresion-de-depuracion-inmediata-de-ventana\/"]}]},{"@type":"ImageObject","inLanguage":"es","@id":"https:\/\/exceladvisor.org\/es\/impresion-de-depuracion-inmediata-de-ventana\/#primaryimage","url":"https:\/\/exceladvisor.org\/wp-content\/uploads\/2023\/08\/1-fenetre-immediate-vba.png","contentUrl":"https:\/\/exceladvisor.org\/wp-content\/uploads\/2023\/08\/1-fenetre-immediate-vba.png"},{"@type":"BreadcrumbList","@id":"https:\/\/exceladvisor.org\/es\/impresion-de-depuracion-inmediata-de-ventana\/#breadcrumb","itemListElement":[{"@type":"ListItem","position":1,"name":"Hogar","item":"https:\/\/exceladvisor.org\/es\/"},{"@type":"ListItem","position":2,"name":"Ventana inmediata vba: la gu\u00eda ilustrada completa"}]},{"@type":"WebSite","@id":"https:\/\/exceladvisor.org\/es\/#website","url":"https:\/\/exceladvisor.org\/es\/","name":"Excel Advisor","description":"Su gu\u00eda para la dominaci\u00f3n de datos!","publisher":{"@id":"https:\/\/exceladvisor.org\/es\/#organization"},"potentialAction":[{"@type":"SearchAction","target":{"@type":"EntryPoint","urlTemplate":"https:\/\/exceladvisor.org\/es\/?s={search_term_string}"},"query-input":{"@type":"PropertyValueSpecification","valueRequired":true,"valueName":"search_term_string"}}],"inLanguage":"es"},{"@type":"Organization","@id":"https:\/\/exceladvisor.org\/es\/#organization","name":"Excel Advisor","url":"https:\/\/exceladvisor.org\/es\/","logo":{"@type":"ImageObject","inLanguage":"es","@id":"https:\/\/exceladvisor.org\/es\/#\/schema\/logo\/image\/","url":"https:\/\/exceladvisor.org\/es\/wp-content\/uploads\/2023\/12\/exceladvisor.org_.png","contentUrl":"https:\/\/exceladvisor.org\/es\/wp-content\/uploads\/2023\/12\/exceladvisor.org_.png","width":105,"height":36,"caption":"Excel Advisor"},"image":{"@id":"https:\/\/exceladvisor.org\/es\/#\/schema\/logo\/image\/"}}]}},"yoast_meta":{"yoast_wpseo_title":"","yoast_wpseo_metadesc":"","yoast_wpseo_canonical":""},"_links":{"self":[{"href":"https:\/\/exceladvisor.org\/es\/wp-json\/wp\/v2\/pages\/658","targetHints":{"allow":["GET"]}}],"collection":[{"href":"https:\/\/exceladvisor.org\/es\/wp-json\/wp\/v2\/pages"}],"about":[{"href":"https:\/\/exceladvisor.org\/es\/wp-json\/wp\/v2\/types\/page"}],"author":[{"embeddable":true,"href":"https:\/\/exceladvisor.org\/es\/wp-json\/wp\/v2\/users\/1"}],"replies":[{"embeddable":true,"href":"https:\/\/exceladvisor.org\/es\/wp-json\/wp\/v2\/comments?post=658"}],"version-history":[{"count":1,"href":"https:\/\/exceladvisor.org\/es\/wp-json\/wp\/v2\/pages\/658\/revisions"}],"predecessor-version":[{"id":1510,"href":"https:\/\/exceladvisor.org\/es\/wp-json\/wp\/v2\/pages\/658\/revisions\/1510"}],"wp:attachment":[{"href":"https:\/\/exceladvisor.org\/es\/wp-json\/wp\/v2\/media?parent=658"}],"curies":[{"name":"wp","href":"https:\/\/api.w.org\/{rel}","templated":true}]}}