{"id":661,"date":"2023-09-30T00:09:48","date_gmt":"2023-09-30T00:09:48","guid":{"rendered":"https:\/\/exceladvisor.org\/es\/archivos-de-texto\/"},"modified":"2023-12-25T10:25:38","modified_gmt":"2023-12-25T10:25:38","slug":"archivos-de-texto","status":"publish","type":"page","link":"https:\/\/exceladvisor.org\/es\/archivos-de-texto\/","title":{"rendered":"\u00bfc\u00f3mo crear y escribir en un archivo de texto usando vba?"},"content":{"rendered":"<div class=\"excel-antes-del-contenido\" id=\"excel-3515432796\"><script type=\"text\/javascript\">\r\n\tatOptions = {\r\n\t\t'key' : 'c1158f160081d6540a8409e6925dab94',\r\n\t\t'format' : 'iframe',\r\n\t\t'height' : 250,\r\n\t\t'width' : 300,\r\n\t\t'params' : {}\r\n\t};\r\n<\/script>\r\n<script type=\"text\/javascript\" src=\"\/\/www.highperformanceformat.com\/c1158f160081d6540a8409e6925dab94\/invoke.js\"><\/script><\/div><p>Para crear texto usando c\u00f3digo VBA, debe usar el m\u00e9todo CreateTextFile. Este m\u00e9todo le permite establecer una ubicaci\u00f3n donde desea crearlo. Este m\u00e9todo tiene una sintaxis en la que puede especificar si desea sobrescribir el archivo en la ubicaci\u00f3n y especificar si el archivo se crea como un archivo Unicode o ASCII.<\/p>\n<h2 class=\"wp-block-heading\"> Crear un archivo de texto con VBA<\/h2>\n<p> Utilice los siguientes pasos:<\/p>\n<ol>\n<li> Primero, necesita usar un objeto FileSystemObject o Folder para usarlo con el m\u00e9todo. <br \/><img loading=\"lazy\" decoding=\"async\" title=\"1-crear-un-archivo-de-texto-usando-vba\" src=\"https:\/\/exceladvisor.org\/wp-content\/uploads\/2023\/08\/1-creer-un-fichier-texte-en-utilisant-vba.png\" sizes=\"auto, \" srcset=\"\" alt=\"create-a-text-fie-using-vba\" width=\"522\" height=\"305\"><\/li>\n<li> Despu\u00e9s de eso, necesitas crear otro objeto usando el m\u00e9todo CreateTextFile. <br \/><img loading=\"lazy\" decoding=\"async\" title=\"2 m\u00e9todos para crear un archivo de texto\" src=\"https:\/\/exceladvisor.org\/wp-content\/uploads\/2023\/08\/2-Creer-une-methode-de-fichier-texte.png\" sizes=\"auto, \" srcset=\"\" alt=\"create-text-file-method\" width=\"779\" height=\"321\"><\/li>\n<li> En este c\u00f3digo, hemos usado VERDADERO para sobrescribir si ya existe un archivo con el mismo nombre en la carpeta.<\/li>\n<li> Al final, cuando ejecute esta macro, cree un nuevo archivo de texto en la carpeta de la siguiente manera.<\/li>\n<\/ol>\n<pre class=\"wp-block-code\"> <code class=\"language-visual-basic\" lang=\"visual-basic\">Sub create_text_file() 'object to use as folder Dim fld As Object Set fld = CreateObject(\"Scripting.FileSystemObject\") 'using create text file method Dim myFile As Object Set myFile = fld.CreateTextFile(\"C:UsersDellDesktopmyFoldermyTextFile.txt\", True) End Sub<\/code><\/pre>\n<h2 class=\"wp-block-heading\"> Sintaxis del m\u00e9todo CreateTextFile<\/h2>\n<pre class=\"wp-block-code\"> <code class=\"language-visual-basic\" lang=\"visual-basic\">CreateTextFile (filename, [ overwrite, [ unicode ]])<\/code><\/pre>\n<ul>\n<li> <strong>nombre de archivo:<\/strong> Ruta y nombre del archivo que desea crear.<\/li>\n<li> <strong>sobrescribir:<\/strong> booleano para definir si desea sobrescribir el archivo (si ya existe) (opcional).<\/li>\n<li> <strong>unicode:<\/strong> booleano para definir si el archivo se crea como un archivo Unicode o ASCII (opcional).<\/li>\n<\/ul>\n<h2 class=\"wp-block-heading\"> Escribir en un archivo de texto usando VBA<\/h2>\n<p> Puede utilizar dos declaraciones para escribir datos en un archivo de texto:<\/p>\n<ol>\n<li> <strong data-rich-text-format-boundary=\"true\">Escribir:<\/strong> con esta declaraci\u00f3n puede escribir datos en un archivo de texto donde tendr\u00e1 comas entre valores, comillas alrededor de cadenas y signos # alrededor de fechas. <br \/><img loading=\"lazy\" decoding=\"async\" title=\"instrucci\u00f3n de 3 escrituras\" src=\"https:\/\/exceladvisor.org\/wp-content\/uploads\/2023\/08\/3-ecrire-une-declaration.png\" sizes=\"auto, \" srcset=\"\" alt=\"write-statement\" width=\"496\" height=\"291\"><\/li>\n<li> <strong data-rich-text-format-boundary=\"true\">Imprimir:<\/strong> Con esta instrucci\u00f3n puedes escribir datos en un archivo de texto con la apariencia exacta que tienes en la hoja de c\u00e1lculo de Excel. <br \/><img loading=\"lazy\" decoding=\"async\" title=\"Declaraci\u00f3n en 4 caracteres\" src=\"https:\/\/exceladvisor.org\/wp-content\/uploads\/2023\/08\/4-declaration-dimpression.png\" sizes=\"auto, \" srcset=\"\" alt=\"print-statement\" width=\"650\" height=\"344\"><\/li>\n<\/ol>\n<p> Ahora veremos ejemplos de ambas declaraciones y entenderemos c\u00f3mo escribir c\u00f3digo completo para escribir en un archivo de texto. Pero antes de eso, debes comprender <strong>algunas de las terminolog\u00edas<\/strong> para escribir el c\u00f3digo de la manera que desees.<\/p>\n<ul>\n<li> <strong>Para salida:<\/strong> puede utilizar este comando cuando desee escribir datos o modificar datos en un archivo de texto.<\/li>\n<li> <strong>Para entrada:<\/strong> con este comando podr\u00e1s extraer datos de un texto, pero no podr\u00e1s modificar ni agregar datos al archivo.<\/li>\n<li> <strong>Para agregar:<\/strong> este comando le ayuda a agregar nuevos datos en la parte inferior del archivo de texto.<\/li>\n<li> <strong>FreeFile:<\/strong> puede usar esto para establecer un n\u00famero de archivo que no se usa para el archivo de texto que desea usar para poder consultarlo.<\/li>\n<\/ul>\n<p> Ahora escribamos un c\u00f3digo para ingresar datos en un archivo de texto.<\/p>\n<ol>\n<li> Primero, debes declarar las variables que se utilizar\u00e1n en el c\u00f3digo. <br \/><img loading=\"lazy\" decoding=\"async\" title=\"5-declarar-variables\" src=\"https:\/\/exceladvisor.org\/wp-content\/uploads\/2023\/08\/5-declarer-des-variables.png\" sizes=\"auto, \" srcset=\"\" alt=\"declare-variables\" width=\"381\" height=\"337\"><\/li>\n<li> Despu\u00e9s de eso, debe definir el rango que desea escribir en el archivo de texto. Y use el n\u00famero de celdas en el rango como contador para el bucle configur\u00e1ndolo en una variable. <br \/><img loading=\"lazy\" decoding=\"async\" title=\"6-definir-el-rango\" src=\"https:\/\/exceladvisor.org\/wp-content\/uploads\/2023\/08\/6-definir-la-gamme.png\" sizes=\"auto, \" srcset=\"\" alt=\"define-the-range\" width=\"416\" height=\"114\"><\/li>\n<li> A continuaci\u00f3n, debe configurar la direcci\u00f3n del archivo de texto donde desea agregar datos. <br \/><img loading=\"lazy\" decoding=\"async\" title=\"7-establecer-direcci\u00f3n-de-archivo-de-texto\" src=\"https:\/\/exceladvisor.org\/wp-content\/uploads\/2023\/08\/7-definir-ladresse-du-fichier-texte.png\" sizes=\"auto, \" srcset=\"\" alt=\"define-the-address-of-the-text-file\" width=\"575\" height=\"99\"><\/li>\n<li> A partir de ah\u00ed, debes declarar el comando \u00abFreeFile\u00bb en una variable para obtener el n\u00famero de archivo. <br \/><img loading=\"lazy\" decoding=\"async\" title=\"8-comando-freefile\" src=\"https:\/\/exceladvisor.org\/wp-content\/uploads\/2023\/08\/8-commande-de-fichier-libre.png\" sizes=\"auto, \" srcset=\"\" alt=\"freefile-command\" width=\"452\" height=\"80\"><\/li>\n<li> Ahora necesita crear usando el comando \u00abSalida\u00bb porque necesita agregar datos al archivo. <br \/><img loading=\"lazy\" decoding=\"async\" title=\"9 controles de salida\" src=\"https:\/\/exceladvisor.org\/wp-content\/uploads\/2023\/08\/9-sortie-de-commande.png\" sizes=\"auto, \" srcset=\"\" alt=\"output-command\" width=\"580\" height=\"80\"><\/li>\n<li> Finalmente, debe usar el bucle \u00abPara el siguiente\u00bb para obtener los valores del rango uno por uno y agregarlos al archivo. <br \/><img loading=\"lazy\" decoding=\"async\" title=\"10-para-el-siguiente-bucle-para-obtener-valores\" src=\"https:\/\/exceladvisor.org\/wp-content\/uploads\/2023\/08\/10-pour-la-prochaine-boucle-pour-obtenir-des-valeurs.png\" sizes=\"auto, \" srcset=\"\" alt=\"for-next-loop-to-get-values\" width=\"436\" height=\"201\"><\/li>\n<li> Adem\u00e1s, debe utilizar el comando cerrar para cerrar el archivo de texto despu\u00e9s de que se le hayan agregado los datos. <br \/><img loading=\"lazy\" decoding=\"async\" title=\"11-comando de cierre\" src=\"https:\/\/exceladvisor.org\/wp-content\/uploads\/2023\/08\/11-commande-de-fermeture.png\" sizes=\"auto, \" srcset=\"\" alt=\"close-command\" width=\"549\" height=\"86\"><\/li>\n<li> En \u00faltima instancia, cuando ejecuta esta macro, agrega datos del rango A1:A13 al archivo de texto que guard\u00f3 en la ruta que mencion\u00f3. <br \/><img loading=\"lazy\" decoding=\"async\" title=\"12-ejecutar-la-macro\" src=\"https:\/\/exceladvisor.org\/wp-content\/uploads\/2023\/08\/12-executer-la-macro.png\" sizes=\"auto, \" srcset=\"\" alt=\"run-the-macro\" width=\"464\" height=\"404\"><\/li>\n<\/ol>\n<p class=\"qt-tip\"> <strong>Nota:<\/strong> Aseg\u00farese de cambiar la ruta del archivo de texto del c\u00f3digo de acuerdo con la ruta que tiene en su sistema.<\/p>\n<pre class=\"wp-block-code\"> <code class=\"language-visual-basic\" lang=\"visual-basic\">Option Explicit Sub data_to_text_file() 'variables that you need to use in the code Dim TextFile As Integer Dim iCol As Integer Dim myRange As Range Dim cVal As Range Dim i As Integer Dim myFile As String 'define the range that you want to write Set myRange = Range(\"A1:A13\") iCol = myRange.Count 'path to the text file <strong>(MAKE SURE TO CHANGE IT)<\/strong> myFile = \"C:UsersDellDesktopNewFoldertextfile.txt\" 'define FreeFile to the variable file number TextFile = FreeFile 'using append command to add text to the end of the file Open myFile For Output As TextFile 'loop to add data to the text file For i = 1 To iCol Print #TextFile, Cells(i, 1), Print #TextFile, Cells(i, 2) Next i 'close command to close the text file after adding data Close #TextFile End Sub<\/code><\/pre>\n<div class=\"gb-container gb-container-4db6181c gb-container-mt\"> <a class=\"gb-button gb-button-c5897111 gb-button-text gb-button-mt-button\" href=\"https:\/\/exceladvisor.org\/es\/vba\/\">\u00bfQu\u00e9 es VBA?<\/a><\/p>\n<h2 class=\"gb-headline gb-headline-665e5f6b gb-headline-text gb-headline-mt-heading\"> Tutoriales relacionados <\/h2>\n<div class=\"gb-grid-wrapper gb-grid-wrapper-a20baf7c gb-grid-wrapper-mt-grid\">\n<div class=\"gb-grid-column gb-grid-column-65ddf67e\">\n<div class=\"gb-container gb-container-65ddf67e\">\n<ul>\n<li> <a href=\"https:\/\/exceladvisor.org\/es\/resaltar-valores-duplicados\/\">Resalte valores duplicados usando VBA<\/a><\/li>\n<li> <a href=\"https:\/\/exceladvisor.org\/es\/extraer-hipervinculo\/\">Extraer direcci\u00f3n de hiperv\u00ednculo (URL) VBA<\/a><\/li>\n<li> <a href=\"https:\/\/exceladvisor.org\/es\/campo-de-entrada\/\">Cuadro de entrada en VBA<\/a><\/li>\n<li> <a href=\"https:\/\/exceladvisor.org\/es\/actualizacion-de-pantalla\/\">Actualizaci\u00f3n de pantalla VBA<\/a><\/li>\n<li> <a href=\"https:\/\/exceladvisor.org\/es\/barra-de-estado-1\/\">Barra de estado de VBA (ocultar, mostrar y progresar)<\/a> <\/li>\n<\/ul>\n<\/div>\n<\/div>\n<div class=\"gb-grid-column gb-grid-column-50067b57\">\n<div class=\"gb-container gb-container-50067b57\"><\/div>\n<\/div>\n<\/div>\n<\/div>\n","protected":false},"excerpt":{"rendered":"<p>Para crear texto usando c\u00f3digo VBA, debe usar el m\u00e9todo CreateTextFile. Este m\u00e9todo le permite establecer una ubicaci\u00f3n donde desea crearlo. Este m\u00e9todo tiene una sintaxis en la que puede especificar si desea sobrescribir el archivo en la ubicaci\u00f3n y especificar si el archivo se crea como un archivo Unicode o ASCII. Crear un archivo [&hellip;]<\/p>\n","protected":false},"author":1,"featured_media":0,"parent":0,"menu_order":0,"comment_status":"open","ping_status":"closed","template":"","meta":{"ub_ctt_via":"","footnotes":""},"class_list":["post-661","page","type-page","status-publish","hentry"],"featured_image_src":null,"yoast_head":"<!-- This site is optimized with the Yoast SEO plugin v25.4 - https:\/\/yoast.com\/wordpress\/plugins\/seo\/ -->\n<title>\u00bfc\u00f3mo crear y escribir en un archivo de texto usando vba?<\/title>\n<meta name=\"robots\" content=\"index, follow, max-snippet:-1, max-image-preview:large, max-video-preview:-1\" \/>\n<link rel=\"canonical\" href=\"https:\/\/exceladvisor.org\/es\/archivos-de-texto\/\" \/>\n<meta property=\"og:locale\" content=\"es_ES\" \/>\n<meta property=\"og:type\" content=\"article\" \/>\n<meta property=\"og:title\" content=\"\u00bfc\u00f3mo crear y escribir en un archivo de texto usando vba?\" \/>\n<meta property=\"og:description\" content=\"Para crear texto usando c\u00f3digo VBA, debe usar el m\u00e9todo CreateTextFile. Este m\u00e9todo le permite establecer una ubicaci\u00f3n donde desea crearlo. Este m\u00e9todo tiene una sintaxis en la que puede especificar si desea sobrescribir el archivo en la ubicaci\u00f3n y especificar si el archivo se crea como un archivo Unicode o ASCII. Crear un archivo [&hellip;]\" \/>\n<meta property=\"og:url\" content=\"https:\/\/exceladvisor.org\/es\/archivos-de-texto\/\" \/>\n<meta property=\"og:site_name\" content=\"Excel Advisor\" \/>\n<meta property=\"article:modified_time\" content=\"2023-12-25T10:25:38+00:00\" \/>\n<meta property=\"og:image\" content=\"https:\/\/exceladvisor.org\/wp-content\/uploads\/2023\/08\/1-creer-un-fichier-texte-en-utilisant-vba.png\" \/>\n<meta name=\"twitter:card\" content=\"summary_large_image\" \/>\n<meta name=\"twitter:label1\" content=\"Tiempo de lectura\" \/>\n\t<meta name=\"twitter:data1\" content=\"4 minutos\" \/>\n<script type=\"application\/ld+json\" class=\"yoast-schema-graph\">{\"@context\":\"https:\/\/schema.org\",\"@graph\":[{\"@type\":\"WebPage\",\"@id\":\"https:\/\/exceladvisor.org\/es\/archivos-de-texto\/\",\"url\":\"https:\/\/exceladvisor.org\/es\/archivos-de-texto\/\",\"name\":\"\u00bfc\u00f3mo crear y escribir en un archivo de texto usando vba?\",\"isPartOf\":{\"@id\":\"https:\/\/exceladvisor.org\/es\/#website\"},\"primaryImageOfPage\":{\"@id\":\"https:\/\/exceladvisor.org\/es\/archivos-de-texto\/#primaryimage\"},\"image\":{\"@id\":\"https:\/\/exceladvisor.org\/es\/archivos-de-texto\/#primaryimage\"},\"thumbnailUrl\":\"https:\/\/exceladvisor.org\/wp-content\/uploads\/2023\/08\/1-creer-un-fichier-texte-en-utilisant-vba.png\",\"datePublished\":\"2023-09-30T00:09:48+00:00\",\"dateModified\":\"2023-12-25T10:25:38+00:00\",\"breadcrumb\":{\"@id\":\"https:\/\/exceladvisor.org\/es\/archivos-de-texto\/#breadcrumb\"},\"inLanguage\":\"es\",\"potentialAction\":[{\"@type\":\"ReadAction\",\"target\":[\"https:\/\/exceladvisor.org\/es\/archivos-de-texto\/\"]}]},{\"@type\":\"ImageObject\",\"inLanguage\":\"es\",\"@id\":\"https:\/\/exceladvisor.org\/es\/archivos-de-texto\/#primaryimage\",\"url\":\"https:\/\/exceladvisor.org\/wp-content\/uploads\/2023\/08\/1-creer-un-fichier-texte-en-utilisant-vba.png\",\"contentUrl\":\"https:\/\/exceladvisor.org\/wp-content\/uploads\/2023\/08\/1-creer-un-fichier-texte-en-utilisant-vba.png\"},{\"@type\":\"BreadcrumbList\",\"@id\":\"https:\/\/exceladvisor.org\/es\/archivos-de-texto\/#breadcrumb\",\"itemListElement\":[{\"@type\":\"ListItem\",\"position\":1,\"name\":\"Hogar\",\"item\":\"https:\/\/exceladvisor.org\/es\/\"},{\"@type\":\"ListItem\",\"position\":2,\"name\":\"\u00bfc\u00f3mo crear y escribir en un archivo de texto usando vba?\"}]},{\"@type\":\"WebSite\",\"@id\":\"https:\/\/exceladvisor.org\/es\/#website\",\"url\":\"https:\/\/exceladvisor.org\/es\/\",\"name\":\"Excel Advisor\",\"description\":\"Su gu\u00eda para la dominaci\u00f3n de datos!\",\"publisher\":{\"@id\":\"https:\/\/exceladvisor.org\/es\/#organization\"},\"potentialAction\":[{\"@type\":\"SearchAction\",\"target\":{\"@type\":\"EntryPoint\",\"urlTemplate\":\"https:\/\/exceladvisor.org\/es\/?s={search_term_string}\"},\"query-input\":{\"@type\":\"PropertyValueSpecification\",\"valueRequired\":true,\"valueName\":\"search_term_string\"}}],\"inLanguage\":\"es\"},{\"@type\":\"Organization\",\"@id\":\"https:\/\/exceladvisor.org\/es\/#organization\",\"name\":\"Excel Advisor\",\"url\":\"https:\/\/exceladvisor.org\/es\/\",\"logo\":{\"@type\":\"ImageObject\",\"inLanguage\":\"es\",\"@id\":\"https:\/\/exceladvisor.org\/es\/#\/schema\/logo\/image\/\",\"url\":\"https:\/\/exceladvisor.org\/es\/wp-content\/uploads\/2023\/12\/exceladvisor.org_.png\",\"contentUrl\":\"https:\/\/exceladvisor.org\/es\/wp-content\/uploads\/2023\/12\/exceladvisor.org_.png\",\"width\":105,\"height\":36,\"caption\":\"Excel Advisor\"},\"image\":{\"@id\":\"https:\/\/exceladvisor.org\/es\/#\/schema\/logo\/image\/\"}}]}<\/script>\n<!-- \/ Yoast SEO plugin. -->","yoast_head_json":{"title":"\u00bfc\u00f3mo crear y escribir en un archivo de texto usando vba?","robots":{"index":"index","follow":"follow","max-snippet":"max-snippet:-1","max-image-preview":"max-image-preview:large","max-video-preview":"max-video-preview:-1"},"canonical":"https:\/\/exceladvisor.org\/es\/archivos-de-texto\/","og_locale":"es_ES","og_type":"article","og_title":"\u00bfc\u00f3mo crear y escribir en un archivo de texto usando vba?","og_description":"Para crear texto usando c\u00f3digo VBA, debe usar el m\u00e9todo CreateTextFile. Este m\u00e9todo le permite establecer una ubicaci\u00f3n donde desea crearlo. Este m\u00e9todo tiene una sintaxis en la que puede especificar si desea sobrescribir el archivo en la ubicaci\u00f3n y especificar si el archivo se crea como un archivo Unicode o ASCII. Crear un archivo [&hellip;]","og_url":"https:\/\/exceladvisor.org\/es\/archivos-de-texto\/","og_site_name":"Excel Advisor","article_modified_time":"2023-12-25T10:25:38+00:00","og_image":[{"url":"https:\/\/exceladvisor.org\/wp-content\/uploads\/2023\/08\/1-creer-un-fichier-texte-en-utilisant-vba.png","type":"","width":"","height":""}],"twitter_card":"summary_large_image","twitter_misc":{"Tiempo de lectura":"4 minutos"},"schema":{"@context":"https:\/\/schema.org","@graph":[{"@type":"WebPage","@id":"https:\/\/exceladvisor.org\/es\/archivos-de-texto\/","url":"https:\/\/exceladvisor.org\/es\/archivos-de-texto\/","name":"\u00bfc\u00f3mo crear y escribir en un archivo de texto usando vba?","isPartOf":{"@id":"https:\/\/exceladvisor.org\/es\/#website"},"primaryImageOfPage":{"@id":"https:\/\/exceladvisor.org\/es\/archivos-de-texto\/#primaryimage"},"image":{"@id":"https:\/\/exceladvisor.org\/es\/archivos-de-texto\/#primaryimage"},"thumbnailUrl":"https:\/\/exceladvisor.org\/wp-content\/uploads\/2023\/08\/1-creer-un-fichier-texte-en-utilisant-vba.png","datePublished":"2023-09-30T00:09:48+00:00","dateModified":"2023-12-25T10:25:38+00:00","breadcrumb":{"@id":"https:\/\/exceladvisor.org\/es\/archivos-de-texto\/#breadcrumb"},"inLanguage":"es","potentialAction":[{"@type":"ReadAction","target":["https:\/\/exceladvisor.org\/es\/archivos-de-texto\/"]}]},{"@type":"ImageObject","inLanguage":"es","@id":"https:\/\/exceladvisor.org\/es\/archivos-de-texto\/#primaryimage","url":"https:\/\/exceladvisor.org\/wp-content\/uploads\/2023\/08\/1-creer-un-fichier-texte-en-utilisant-vba.png","contentUrl":"https:\/\/exceladvisor.org\/wp-content\/uploads\/2023\/08\/1-creer-un-fichier-texte-en-utilisant-vba.png"},{"@type":"BreadcrumbList","@id":"https:\/\/exceladvisor.org\/es\/archivos-de-texto\/#breadcrumb","itemListElement":[{"@type":"ListItem","position":1,"name":"Hogar","item":"https:\/\/exceladvisor.org\/es\/"},{"@type":"ListItem","position":2,"name":"\u00bfc\u00f3mo crear y escribir en un archivo de texto usando vba?"}]},{"@type":"WebSite","@id":"https:\/\/exceladvisor.org\/es\/#website","url":"https:\/\/exceladvisor.org\/es\/","name":"Excel Advisor","description":"Su gu\u00eda para la dominaci\u00f3n de datos!","publisher":{"@id":"https:\/\/exceladvisor.org\/es\/#organization"},"potentialAction":[{"@type":"SearchAction","target":{"@type":"EntryPoint","urlTemplate":"https:\/\/exceladvisor.org\/es\/?s={search_term_string}"},"query-input":{"@type":"PropertyValueSpecification","valueRequired":true,"valueName":"search_term_string"}}],"inLanguage":"es"},{"@type":"Organization","@id":"https:\/\/exceladvisor.org\/es\/#organization","name":"Excel Advisor","url":"https:\/\/exceladvisor.org\/es\/","logo":{"@type":"ImageObject","inLanguage":"es","@id":"https:\/\/exceladvisor.org\/es\/#\/schema\/logo\/image\/","url":"https:\/\/exceladvisor.org\/es\/wp-content\/uploads\/2023\/12\/exceladvisor.org_.png","contentUrl":"https:\/\/exceladvisor.org\/es\/wp-content\/uploads\/2023\/12\/exceladvisor.org_.png","width":105,"height":36,"caption":"Excel Advisor"},"image":{"@id":"https:\/\/exceladvisor.org\/es\/#\/schema\/logo\/image\/"}}]}},"yoast_meta":{"yoast_wpseo_title":"","yoast_wpseo_metadesc":"","yoast_wpseo_canonical":""},"_links":{"self":[{"href":"https:\/\/exceladvisor.org\/es\/wp-json\/wp\/v2\/pages\/661","targetHints":{"allow":["GET"]}}],"collection":[{"href":"https:\/\/exceladvisor.org\/es\/wp-json\/wp\/v2\/pages"}],"about":[{"href":"https:\/\/exceladvisor.org\/es\/wp-json\/wp\/v2\/types\/page"}],"author":[{"embeddable":true,"href":"https:\/\/exceladvisor.org\/es\/wp-json\/wp\/v2\/users\/1"}],"replies":[{"embeddable":true,"href":"https:\/\/exceladvisor.org\/es\/wp-json\/wp\/v2\/comments?post=661"}],"version-history":[{"count":1,"href":"https:\/\/exceladvisor.org\/es\/wp-json\/wp\/v2\/pages\/661\/revisions"}],"predecessor-version":[{"id":1089,"href":"https:\/\/exceladvisor.org\/es\/wp-json\/wp\/v2\/pages\/661\/revisions\/1089"}],"wp:attachment":[{"href":"https:\/\/exceladvisor.org\/es\/wp-json\/wp\/v2\/media?parent=661"}],"curies":[{"name":"wp","href":"https:\/\/api.w.org\/{rel}","templated":true}]}}