{"id":662,"date":"2023-09-29T03:25:56","date_gmt":"2023-09-29T03:25:56","guid":{"rendered":"https:\/\/exceladvisor.org\/es\/objetos\/"},"modified":"2023-12-25T10:33:35","modified_gmt":"2023-12-25T10:33:35","slug":"objetos","status":"publish","type":"page","link":"https:\/\/exceladvisor.org\/es\/objetos\/","title":{"rendered":"Objetos vba: explicaci\u00f3n ilustrada sencilla"},"content":{"rendered":"<div class=\"excel-antes-del-contenido\" id=\"excel-1963491972\"><script type=\"text\/javascript\">\r\n\tatOptions = {\r\n\t\t'key' : 'c1158f160081d6540a8409e6925dab94',\r\n\t\t'format' : 'iframe',\r\n\t\t'height' : 250,\r\n\t\t'width' : 300,\r\n\t\t'params' : {}\r\n\t};\r\n<\/script>\r\n<script type=\"text\/javascript\" src=\"\/\/www.highperformanceformat.com\/c1158f160081d6540a8409e6925dab94\/invoke.js\"><\/script><\/div><p>Visual Basic para Aplicaciones es un lenguaje orientado a objetos y, para aprovecharlo al m\u00e1ximo, es necesario comprender los objetos de Excel. El libro que utiliza en Excel se compone de diferentes objetos.<\/p>\n<p> Y hay varias propiedades adjuntas a un objeto a las que puede acceder y varios m\u00e9todos que puede usar en\/con un objeto. Entendamos esto con un ejemplo.<\/p>\n<p> Piense en una gran tienda de comestibles, que tiene diferentes secciones para productos, y esas secciones adem\u00e1s tienen estantes, y dentro de esos estantes, productos. <\/p>\n<div class=\"wp-block-image\">\n<figure class=\"aligncenter size-large is-resized\"><img loading=\"lazy\" decoding=\"async\" class=\"wp-image-57765\" src=\"https:\/\/exceladvisor.org\/wp-content\/uploads\/2023\/08\/1-comprendre-les-objets-Excel.jpg\" sizes=\"auto, \" srcset=\"\" alt=\"comprender-objetos-de-excel\" width=\"458\" height=\"305\"><\/figure>\n<\/div>\n<p> Entonces si quieres comprar ropa tienes que ir a la secci\u00f3n de ropa y en la secci\u00f3n de ropa puede que tengas subsecciones para hombres y mujeres.<\/p>\n<p> Y cuando eliges una tela, esa tela tendr\u00eda un color, tama\u00f1o y tela espec\u00edficos (que son las propiedades de esa tela).<\/p>\n<p> De manera similar, en VBA, hay objetos que est\u00e1n estructurados en una jerarqu\u00eda.<\/p>\n<h2 class=\"wp-block-heading\"> Modelo de objetos VBA (jerarqu\u00eda)<\/h2>\n<p> En la aplicaci\u00f3n Excel, cuando abre un libro de trabajo, en ese libro tiene una hoja de trabajo (o varias hojas de trabajo) y en esa hoja de trabajo tiene celdas y un rango de celdas.<\/p>\n<p> La jerarqu\u00eda de Excel comienza con la propia Aplicaci\u00f3n Excel y a continuaci\u00f3n se muestra la estructura que define esta jerarqu\u00eda: <\/p>\n<div class=\"wp-block-image\">\n<figure class=\"aligncenter size-large is-resized\"><img loading=\"lazy\" decoding=\"async\" class=\"wp-image-57766\" src=\"https:\/\/exceladvisor.org\/wp-content\/uploads\/2023\/08\/2-modele-dobjet-vba.png\" sizes=\"auto, \" srcset=\"\" alt=\"\" width=\"534\" height=\"545\"><\/figure>\n<\/div>\n<p> Digamos que si desea hacer referencia a un libro de trabajo, el c\u00f3digo que escribi\u00f3 deber\u00eda verse as\u00ed: <\/p>\n<div class=\"wp-block-image\">\n<figure class=\"aligncenter size-large is-resized\"><img loading=\"lazy\" decoding=\"async\" class=\"wp-image-57767\" src=\"https:\/\/exceladvisor.org\/wp-content\/uploads\/2023\/08\/3-code-faisant-reference-au-classeur.png\" sizes=\"auto, \" srcset=\"\" alt=\"\" width=\"508\" height=\"255\"><\/figure>\n<\/div>\n<p> En el c\u00f3digo anterior, te refieres al libro de trabajo \u00abLibro1\u00bb.<\/p>\n<p> Lo que escribi\u00f3 es que primero se refiere a la aplicaci\u00f3n Excel y utiliz\u00f3 \u00abLibros de trabajo\u00bb, que forma parte del objeto Aplicaci\u00f3n.<\/p>\n<p> Ahora digamos que quiere ir m\u00e1s all\u00e1 y quiere hacer referencia a una hoja de trabajo en el libro \u00abLibro1\u00bb y el c\u00f3digo correspondiente ser\u00eda: <\/p>\n<div class=\"wp-block-image\">\n<figure class=\"aligncenter size-large is-resized\"><img loading=\"lazy\" decoding=\"async\" class=\"wp-image-57768\" src=\"https:\/\/exceladvisor.org\/wp-content\/uploads\/2023\/08\/4-code-faisant-reference-a-la-feuille-de-travail.png\" sizes=\"auto, \" srcset=\"\" alt=\"\" width=\"674\" height=\"234\"><\/figure>\n<\/div>\n<p> Sabes lo que eso significa, \u00bfno? Pero dejame decirte. En el c\u00f3digo anterior, despu\u00e9s de hacer referencia al libro de trabajo \u00abLibro1\u00bb, se refiri\u00f3 a la hoja de trabajo \u00abHoja1\u00bb, que es otra parte del libro de trabajo.<\/p>\n<p> Vayamos un poco m\u00e1s all\u00e1. Nos referimos a una celda espec\u00edfica de la hoja de trabajo \u00abHoja1\u00bb y el c\u00f3digo correspondiente ser\u00eda: <\/p>\n<div class=\"wp-block-image\">\n<figure class=\"aligncenter size-large is-resized\"><img loading=\"lazy\" decoding=\"async\" class=\"wp-image-57769\" src=\"https:\/\/exceladvisor.org\/wp-content\/uploads\/2023\/08\/5-code-fait-reference-a-une-cellule-specifique.png\" sizes=\"auto, \" srcset=\"\" alt=\"\" width=\"792\" height=\"230\"><\/figure>\n<\/div>\n<p> Antes de que preguntes, d\u00e9jame decirte esto. En el c\u00f3digo anterior, se ha referido a la celda A1 que se encuentra en la hoja de trabajo \u00abHoja1\u00bb del libro \u00abLibro1\u00bb.<\/p>\n<p> Cuando se hace referencia a un objeto Range de esta manera, se denomina referencia completa.<\/p>\n<p class=\"qt-tip\"> <strong>Nota:<\/strong> El uso del objeto Aplicaci\u00f3n es opcional. \u00bfRaz\u00f3n? Cuando haces algo en VBA, ya est\u00e1s en la aplicaci\u00f3n Excel.<\/p>\n<h2 class=\"wp-block-heading\"> Simplificar la referencia a un objeto.<\/h2>\n<p> En el c\u00f3digo anterior utiliz\u00f3 una referencia totalmente calificada. Esto significa que le dice a VBA a qu\u00e9 libro de trabajo, hoja de trabajo y celda hacer referencia. Pero, \u00bfqu\u00e9 pasa si ya est\u00e1s en el libro de trabajo del Libro 1?<\/p>\n<p> En este caso, simplemente puede consultar la hoja de trabajo en la que desea hacer referencia a una celda, como se muestra en el siguiente c\u00f3digo: <\/p>\n<div class=\"wp-block-image\">\n<figure class=\"aligncenter size-large is-resized\"><img loading=\"lazy\" decoding=\"async\" class=\"wp-image-57770\" src=\"https:\/\/exceladvisor.org\/wp-content\/uploads\/2023\/08\/6-simplifier-la-reference-a-un-objet.png\" sizes=\"auto, \" srcset=\"\" alt=\"\" width=\"463\" height=\"259\"><\/figure>\n<\/div>\n<p> Adem\u00e1s, si la hoja de trabajo \u00abHoja1\u00bb est\u00e1 habilitada, simplemente puede hacer referencia a la celda o al rango de celdas, como se muestra en el siguiente c\u00f3digo: <\/p>\n<div class=\"wp-block-image\">\n<figure class=\"aligncenter size-large is-resized\"><img loading=\"lazy\" decoding=\"async\" class=\"wp-image-57771\" src=\"https:\/\/exceladvisor.org\/wp-content\/uploads\/2023\/08\/7-font-reference-a-la-cellule-ou-a-la-plage.png\" sizes=\"auto, \" srcset=\"\" alt=\"\" width=\"316\" height=\"260\"><\/figure>\n<\/div>\n<p> <strong>Obtenga m\u00e1s informaci\u00f3n sobre los objetos VBA:<\/strong> <a href=\"https:\/\/exceladvisor.org\/es\/aglutinante\/\">Objeto de libro de trabajo de VBA<\/a> | <a href=\"https:\/\/exceladvisor.org\/es\/hoja-de-trabajo-1\/\">Objeto de hoja de c\u00e1lculo VBA<\/a> | <a href=\"https:\/\/exceladvisor.org\/es\/rango-1\/\">Objeto de rango VBA<\/a><\/p>\n<div class=\"gb-container gb-container-4db6181c gb-container-mt\"> <a class=\"gb-button gb-button-c5897111 gb-button-text gb-button-mt-button\" href=\"https:\/\/exceladvisor.org\/es\/vba\/\">\u00bfQu\u00e9 es VBA?<\/a><\/p>\n<h2 class=\"gb-headline gb-headline-665e5f6b gb-headline-text gb-headline-mt-heading\"> Tutoriales relacionados <\/h2>\n<div class=\"gb-grid-wrapper gb-grid-wrapper-a20baf7c gb-grid-wrapper-mt-grid\">\n<div class=\"gb-grid-column gb-grid-column-65ddf67e\">\n<div class=\"gb-container gb-container-65ddf67e\">\n<ul>\n<li> <a href=\"https:\/\/exceladvisor.org\/es\/preguntas-de-entrevista\/\">Preguntas de entrevista para VBA<\/a><\/li>\n<li> <a href=\"https:\/\/exceladvisor.org\/es\/comentario\/\">A\u00f1adir un comentario en c\u00f3digo VBA<\/a><\/li>\n<li> <a href=\"https:\/\/exceladvisor.org\/es\/salto-de-linea\/\">Agregue un salto de l\u00ednea en el c\u00f3digo VBA<\/a><\/li>\n<li> <a href=\"https:\/\/exceladvisor.org\/es\/nueva-linea\/\">Agregue una nueva l\u00ednea (retorno de carro) en una cadena en VBA<\/a><\/li>\n<li> <a href=\"https:\/\/exceladvisor.org\/es\/ejecutar-una-macro-2\/\">Ejecute una macro en Excel (Ejecute c\u00f3digo VBA)<\/a><\/li>\n<\/ul>\n<\/div>\n<\/div>\n<\/div>\n<\/div>\n","protected":false},"excerpt":{"rendered":"<p>Visual Basic para Aplicaciones es un lenguaje orientado a objetos y, para aprovecharlo al m\u00e1ximo, es necesario comprender los objetos de Excel. El libro que utiliza en Excel se compone de diferentes objetos. Y hay varias propiedades adjuntas a un objeto a las que puede acceder y varios m\u00e9todos que puede usar en\/con un objeto. [&hellip;]<\/p>\n","protected":false},"author":1,"featured_media":0,"parent":0,"menu_order":0,"comment_status":"open","ping_status":"closed","template":"","meta":{"ub_ctt_via":"","footnotes":""},"class_list":["post-662","page","type-page","status-publish","hentry"],"featured_image_src":null,"yoast_head":"<!-- This site is optimized with the Yoast SEO plugin v25.4 - https:\/\/yoast.com\/wordpress\/plugins\/seo\/ -->\n<title>Objetos vba: explicaci\u00f3n ilustrada sencilla<\/title>\n<meta name=\"robots\" content=\"index, follow, max-snippet:-1, max-image-preview:large, max-video-preview:-1\" \/>\n<link rel=\"canonical\" href=\"https:\/\/exceladvisor.org\/es\/objetos\/\" \/>\n<meta property=\"og:locale\" content=\"es_ES\" \/>\n<meta property=\"og:type\" content=\"article\" \/>\n<meta property=\"og:title\" content=\"Objetos vba: explicaci\u00f3n ilustrada sencilla\" \/>\n<meta property=\"og:description\" content=\"Visual Basic para Aplicaciones es un lenguaje orientado a objetos y, para aprovecharlo al m\u00e1ximo, es necesario comprender los objetos de Excel. El libro que utiliza en Excel se compone de diferentes objetos. Y hay varias propiedades adjuntas a un objeto a las que puede acceder y varios m\u00e9todos que puede usar en\/con un objeto. [&hellip;]\" \/>\n<meta property=\"og:url\" content=\"https:\/\/exceladvisor.org\/es\/objetos\/\" \/>\n<meta property=\"og:site_name\" content=\"Excel Advisor\" \/>\n<meta property=\"article:modified_time\" content=\"2023-12-25T10:33:35+00:00\" \/>\n<meta property=\"og:image\" content=\"https:\/\/exceladvisor.org\/wp-content\/uploads\/2023\/08\/1-comprendre-les-objets-Excel.jpg\" \/>\n<meta name=\"twitter:card\" content=\"summary_large_image\" \/>\n<meta name=\"twitter:label1\" content=\"Tiempo de lectura\" \/>\n\t<meta name=\"twitter:data1\" content=\"3 minutos\" \/>\n<script type=\"application\/ld+json\" class=\"yoast-schema-graph\">{\"@context\":\"https:\/\/schema.org\",\"@graph\":[{\"@type\":\"WebPage\",\"@id\":\"https:\/\/exceladvisor.org\/es\/objetos\/\",\"url\":\"https:\/\/exceladvisor.org\/es\/objetos\/\",\"name\":\"Objetos vba: explicaci\u00f3n ilustrada sencilla\",\"isPartOf\":{\"@id\":\"https:\/\/exceladvisor.org\/es\/#website\"},\"primaryImageOfPage\":{\"@id\":\"https:\/\/exceladvisor.org\/es\/objetos\/#primaryimage\"},\"image\":{\"@id\":\"https:\/\/exceladvisor.org\/es\/objetos\/#primaryimage\"},\"thumbnailUrl\":\"https:\/\/exceladvisor.org\/wp-content\/uploads\/2023\/08\/1-comprendre-les-objets-Excel.jpg\",\"datePublished\":\"2023-09-29T03:25:56+00:00\",\"dateModified\":\"2023-12-25T10:33:35+00:00\",\"breadcrumb\":{\"@id\":\"https:\/\/exceladvisor.org\/es\/objetos\/#breadcrumb\"},\"inLanguage\":\"es\",\"potentialAction\":[{\"@type\":\"ReadAction\",\"target\":[\"https:\/\/exceladvisor.org\/es\/objetos\/\"]}]},{\"@type\":\"ImageObject\",\"inLanguage\":\"es\",\"@id\":\"https:\/\/exceladvisor.org\/es\/objetos\/#primaryimage\",\"url\":\"https:\/\/exceladvisor.org\/wp-content\/uploads\/2023\/08\/1-comprendre-les-objets-Excel.jpg\",\"contentUrl\":\"https:\/\/exceladvisor.org\/wp-content\/uploads\/2023\/08\/1-comprendre-les-objets-Excel.jpg\"},{\"@type\":\"BreadcrumbList\",\"@id\":\"https:\/\/exceladvisor.org\/es\/objetos\/#breadcrumb\",\"itemListElement\":[{\"@type\":\"ListItem\",\"position\":1,\"name\":\"Hogar\",\"item\":\"https:\/\/exceladvisor.org\/es\/\"},{\"@type\":\"ListItem\",\"position\":2,\"name\":\"Objetos vba: explicaci\u00f3n ilustrada sencilla\"}]},{\"@type\":\"WebSite\",\"@id\":\"https:\/\/exceladvisor.org\/es\/#website\",\"url\":\"https:\/\/exceladvisor.org\/es\/\",\"name\":\"Excel Advisor\",\"description\":\"Su gu\u00eda para la dominaci\u00f3n de datos!\",\"publisher\":{\"@id\":\"https:\/\/exceladvisor.org\/es\/#organization\"},\"potentialAction\":[{\"@type\":\"SearchAction\",\"target\":{\"@type\":\"EntryPoint\",\"urlTemplate\":\"https:\/\/exceladvisor.org\/es\/?s={search_term_string}\"},\"query-input\":{\"@type\":\"PropertyValueSpecification\",\"valueRequired\":true,\"valueName\":\"search_term_string\"}}],\"inLanguage\":\"es\"},{\"@type\":\"Organization\",\"@id\":\"https:\/\/exceladvisor.org\/es\/#organization\",\"name\":\"Excel Advisor\",\"url\":\"https:\/\/exceladvisor.org\/es\/\",\"logo\":{\"@type\":\"ImageObject\",\"inLanguage\":\"es\",\"@id\":\"https:\/\/exceladvisor.org\/es\/#\/schema\/logo\/image\/\",\"url\":\"https:\/\/exceladvisor.org\/es\/wp-content\/uploads\/2023\/12\/exceladvisor.org_.png\",\"contentUrl\":\"https:\/\/exceladvisor.org\/es\/wp-content\/uploads\/2023\/12\/exceladvisor.org_.png\",\"width\":105,\"height\":36,\"caption\":\"Excel Advisor\"},\"image\":{\"@id\":\"https:\/\/exceladvisor.org\/es\/#\/schema\/logo\/image\/\"}}]}<\/script>\n<!-- \/ Yoast SEO plugin. -->","yoast_head_json":{"title":"Objetos vba: explicaci\u00f3n ilustrada sencilla","robots":{"index":"index","follow":"follow","max-snippet":"max-snippet:-1","max-image-preview":"max-image-preview:large","max-video-preview":"max-video-preview:-1"},"canonical":"https:\/\/exceladvisor.org\/es\/objetos\/","og_locale":"es_ES","og_type":"article","og_title":"Objetos vba: explicaci\u00f3n ilustrada sencilla","og_description":"Visual Basic para Aplicaciones es un lenguaje orientado a objetos y, para aprovecharlo al m\u00e1ximo, es necesario comprender los objetos de Excel. El libro que utiliza en Excel se compone de diferentes objetos. Y hay varias propiedades adjuntas a un objeto a las que puede acceder y varios m\u00e9todos que puede usar en\/con un objeto. [&hellip;]","og_url":"https:\/\/exceladvisor.org\/es\/objetos\/","og_site_name":"Excel Advisor","article_modified_time":"2023-12-25T10:33:35+00:00","og_image":[{"url":"https:\/\/exceladvisor.org\/wp-content\/uploads\/2023\/08\/1-comprendre-les-objets-Excel.jpg","type":"","width":"","height":""}],"twitter_card":"summary_large_image","twitter_misc":{"Tiempo de lectura":"3 minutos"},"schema":{"@context":"https:\/\/schema.org","@graph":[{"@type":"WebPage","@id":"https:\/\/exceladvisor.org\/es\/objetos\/","url":"https:\/\/exceladvisor.org\/es\/objetos\/","name":"Objetos vba: explicaci\u00f3n ilustrada sencilla","isPartOf":{"@id":"https:\/\/exceladvisor.org\/es\/#website"},"primaryImageOfPage":{"@id":"https:\/\/exceladvisor.org\/es\/objetos\/#primaryimage"},"image":{"@id":"https:\/\/exceladvisor.org\/es\/objetos\/#primaryimage"},"thumbnailUrl":"https:\/\/exceladvisor.org\/wp-content\/uploads\/2023\/08\/1-comprendre-les-objets-Excel.jpg","datePublished":"2023-09-29T03:25:56+00:00","dateModified":"2023-12-25T10:33:35+00:00","breadcrumb":{"@id":"https:\/\/exceladvisor.org\/es\/objetos\/#breadcrumb"},"inLanguage":"es","potentialAction":[{"@type":"ReadAction","target":["https:\/\/exceladvisor.org\/es\/objetos\/"]}]},{"@type":"ImageObject","inLanguage":"es","@id":"https:\/\/exceladvisor.org\/es\/objetos\/#primaryimage","url":"https:\/\/exceladvisor.org\/wp-content\/uploads\/2023\/08\/1-comprendre-les-objets-Excel.jpg","contentUrl":"https:\/\/exceladvisor.org\/wp-content\/uploads\/2023\/08\/1-comprendre-les-objets-Excel.jpg"},{"@type":"BreadcrumbList","@id":"https:\/\/exceladvisor.org\/es\/objetos\/#breadcrumb","itemListElement":[{"@type":"ListItem","position":1,"name":"Hogar","item":"https:\/\/exceladvisor.org\/es\/"},{"@type":"ListItem","position":2,"name":"Objetos vba: explicaci\u00f3n ilustrada sencilla"}]},{"@type":"WebSite","@id":"https:\/\/exceladvisor.org\/es\/#website","url":"https:\/\/exceladvisor.org\/es\/","name":"Excel Advisor","description":"Su gu\u00eda para la dominaci\u00f3n de datos!","publisher":{"@id":"https:\/\/exceladvisor.org\/es\/#organization"},"potentialAction":[{"@type":"SearchAction","target":{"@type":"EntryPoint","urlTemplate":"https:\/\/exceladvisor.org\/es\/?s={search_term_string}"},"query-input":{"@type":"PropertyValueSpecification","valueRequired":true,"valueName":"search_term_string"}}],"inLanguage":"es"},{"@type":"Organization","@id":"https:\/\/exceladvisor.org\/es\/#organization","name":"Excel Advisor","url":"https:\/\/exceladvisor.org\/es\/","logo":{"@type":"ImageObject","inLanguage":"es","@id":"https:\/\/exceladvisor.org\/es\/#\/schema\/logo\/image\/","url":"https:\/\/exceladvisor.org\/es\/wp-content\/uploads\/2023\/12\/exceladvisor.org_.png","contentUrl":"https:\/\/exceladvisor.org\/es\/wp-content\/uploads\/2023\/12\/exceladvisor.org_.png","width":105,"height":36,"caption":"Excel Advisor"},"image":{"@id":"https:\/\/exceladvisor.org\/es\/#\/schema\/logo\/image\/"}}]}},"yoast_meta":{"yoast_wpseo_title":"","yoast_wpseo_metadesc":"","yoast_wpseo_canonical":""},"_links":{"self":[{"href":"https:\/\/exceladvisor.org\/es\/wp-json\/wp\/v2\/pages\/662","targetHints":{"allow":["GET"]}}],"collection":[{"href":"https:\/\/exceladvisor.org\/es\/wp-json\/wp\/v2\/pages"}],"about":[{"href":"https:\/\/exceladvisor.org\/es\/wp-json\/wp\/v2\/types\/page"}],"author":[{"embeddable":true,"href":"https:\/\/exceladvisor.org\/es\/wp-json\/wp\/v2\/users\/1"}],"replies":[{"embeddable":true,"href":"https:\/\/exceladvisor.org\/es\/wp-json\/wp\/v2\/comments?post=662"}],"version-history":[{"count":1,"href":"https:\/\/exceladvisor.org\/es\/wp-json\/wp\/v2\/pages\/662\/revisions"}],"predecessor-version":[{"id":1484,"href":"https:\/\/exceladvisor.org\/es\/wp-json\/wp\/v2\/pages\/662\/revisions\/1484"}],"wp:attachment":[{"href":"https:\/\/exceladvisor.org\/es\/wp-json\/wp\/v2\/media?parent=662"}],"curies":[{"name":"wp","href":"https:\/\/api.w.org\/{rel}","templated":true}]}}