{"id":663,"date":"2023-09-29T02:43:45","date_gmt":"2023-09-29T02:43:45","guid":{"rendered":"https:\/\/exceladvisor.org\/es\/debil\/"},"modified":"2023-12-25T10:27:45","modified_gmt":"2023-12-25T10:27:45","slug":"debil","status":"publish","type":"page","link":"https:\/\/exceladvisor.org\/es\/debil\/","title":{"rendered":"\u00bfc\u00f3mo usar dim en vba en excel?"},"content":{"rendered":"<div class=\"excel-antes-del-contenido\" id=\"excel-1792821777\"><script type=\"text\/javascript\">\r\n\tatOptions = {\r\n\t\t'key' : 'c1158f160081d6540a8409e6925dab94',\r\n\t\t'format' : 'iframe',\r\n\t\t'height' : 250,\r\n\t\t'width' : 300,\r\n\t\t'params' : {}\r\n\t};\r\n<\/script>\r\n<script type=\"text\/javascript\" src=\"\/\/www.highperformanceformat.com\/c1158f160081d6540a8409e6925dab94\/invoke.js\"><\/script><\/div><h2 class=\"wp-block-heading\">\u00bfQu\u00e9 es la declaraci\u00f3n VBA DIM?<\/h2>\n<p> La declaraci\u00f3n VBA DIM significa \u00abdeclarar\u00bb, que debe usar cuando necesite declarar una variable. Cuando lo usa, le dice a VBA que est\u00e1 declarando un nombre espec\u00edfico como variable asign\u00e1ndole un tipo de datos espec\u00edfico. Se puede utilizar para declarar lo siguiente:<\/p>\n<ul>\n<li> Variables b\u00e1sicas<\/li>\n<li> Variantes<\/li>\n<li> <a href=\"https:\/\/exceladvisor.org\/es\/objetos\/\">Objetos<\/a><\/li>\n<li> Desplegar<\/li>\n<\/ul>\n<h2 class=\"wp-block-heading\"> Utilice la declaraci\u00f3n DIM en VBA<\/h2>\n<ol type=\"1\">\n<li> Escriba la palabra clave \u00abDim\u00bb al principio.<\/li>\n<li> Despu\u00e9s de eso, ingrese el nombre de la variable que desea usar.<\/li>\n<li> Luego debe usar la palabra \u00abme gusta\u00bb y obtendr\u00e1 una lista instant\u00e1nea de <a href=\"https:\/\/exceladvisor.org\/es\/variables\/\">tipos de datos<\/a> .<\/li>\n<li> Al final, elija el tipo de datos que desea asignar a la variable. <\/li>\n<\/ol>\n<div class=\"wp-block-image\">\n<figure class=\"aligncenter size-large is-resized\"><img loading=\"lazy\" decoding=\"async\" class=\"wp-image-55786\" src=\"https:\/\/exceladvisor.org\/wp-content\/uploads\/2023\/08\/1-instruction-dim-en-vba.png\" sizes=\"auto, \" srcset=\"\" alt=\"declaraci\u00f3n-tenue-en-vba\" width=\"490\" height=\"380\"><\/figure>\n<\/div>\n<p> Como dije, cuando declaras una variable, debes asignarle un tipo de datos. Vea la siguiente instant\u00e1nea. <\/p>\n<div class=\"wp-block-image\">\n<figure class=\"aligncenter size-large is-resized\"><img loading=\"lazy\" decoding=\"async\" class=\"wp-image-55787\" src=\"https:\/\/exceladvisor.org\/wp-content\/uploads\/2023\/08\/2-attribuer-un-type-de-donnees.png\" sizes=\"auto, \" srcset=\"\" alt=\"\" width=\"491\" height=\"384\"><\/figure>\n<\/div>\n<h2 class=\"wp-block-heading\"> Declarar m\u00faltiples variables con una sola declaraci\u00f3n Dim<\/h2>\n<p> Cuando necesites declarar varias variables, puedes hacerlo usando la instrucci\u00f3n Dim solo una vez. Considere el siguiente ejemplo. <\/p>\n<div class=\"wp-block-image\">\n<figure class=\"aligncenter size-large is-resized\"><img loading=\"lazy\" decoding=\"async\" class=\"wp-image-55788\" src=\"https:\/\/exceladvisor.org\/wp-content\/uploads\/2023\/08\/3-variables-multiples-avec-une-instruction-dim.png\" sizes=\"auto, \" srcset=\"\" alt=\"\" width=\"568\" height=\"367\"><\/figure>\n<\/div>\n<h2 class=\"wp-block-heading\"> Usando la opci\u00f3n expl\u00edcita<\/h2>\n<p> Esto es muy recomendable para declarar todas las variables que mejoran el rendimiento de su c\u00f3digo y tambi\u00e9n aumentan su eficiencia. Pero si omite declarar una variable y luego la usa en alg\u00fan c\u00f3digo, VBA tomar\u00e1 esa variable como una variante.<\/p>\n<p> La mejor manera de no dejar nunca de declarar una variable es utilizar la declaraci\u00f3n Option Explicit que le obliga a declarar una variable y muestra un error cada vez que la omite. <\/p>\n<div class=\"wp-block-image\">\n<figure class=\"aligncenter size-large is-resized\"><img loading=\"lazy\" decoding=\"async\" class=\"wp-image-55789\" src=\"https:\/\/exceladvisor.org\/wp-content\/uploads\/2023\/08\/4-en-utilisant-loption-explicite.png\" sizes=\"auto, \" srcset=\"\" alt=\"\" width=\"520\" height=\"325\"><\/figure>\n<\/div>\n<h2 class=\"wp-block-heading\"> Instrucci\u00f3n tenue con tablas.<\/h2>\n<p> Tambi\u00e9n debes usar la declaraci\u00f3n DIM cuando necesites declarar una matriz. Considere el siguiente ejemplo que compart\u00ed. <\/p>\n<div class=\"wp-block-image\">\n<figure class=\"aligncenter size-large is-resized\"><img loading=\"lazy\" decoding=\"async\" class=\"wp-image-55790\" src=\"https:\/\/exceladvisor.org\/wp-content\/uploads\/2023\/08\/Instruction-5-dim-avec-tableaux.png\" sizes=\"auto, \" srcset=\"\" alt=\"\" width=\"469\" height=\"388\"><\/figure>\n<\/div>\n<p> En el ejemplo anterior, tiene dos <a href=\"https:\/\/exceladvisor.org\/es\/pinturas\/\">matrices<\/a> que se declararon con la declaraci\u00f3n tenue.<\/p>\n<p> En la primera matriz tienes tres elementos y en la segunda no se declara ning\u00fan elemento. <strong>Este es el momento<\/strong> en el que necesita declarar una matriz, debe usar par\u00e9ntesis para declarar los elementos de la matriz y par\u00e9ntesis vac\u00edos si desea una <a href=\"https:\/\/exceladvisor.org\/es\/tabla-dinamica\/\">matriz din\u00e1mica<\/a> .<\/p>\n<h2 class=\"wp-block-heading\"> Utilice DIM con objetos de Excel<\/h2>\n<p> Tambi\u00e9n puede hacer referencia a un <a href=\"https:\/\/exceladvisor.org\/es\/objetos\/\">objeto<\/a> utilizando la declaraci\u00f3n DIM. Supongamos que desea contar hojas en un libro de trabajo, puede declarar este objeto y contar la hoja de trabajo a partir de \u00e9l. <\/p>\n<div class=\"wp-block-image\">\n<figure class=\"aligncenter size-large is-resized\"><img loading=\"lazy\" decoding=\"async\" class=\"wp-image-55791\" src=\"https:\/\/exceladvisor.org\/wp-content\/uploads\/2023\/08\/6-dim-avec-des-objets-excel.png\" sizes=\"auto, \" srcset=\"\" alt=\"\" width=\"671\" height=\"416\"><\/figure>\n<\/div>\n<p> En el ejemplo anterior, declar\u00f3 wb como un <a href=\"https:\/\/exceladvisor.org\/es\/aglutinante\/\">libro de trabajo<\/a> y luego defini\u00f3 el libro de trabajo \u00ablibro1\u00bb para usarlo m\u00e1s adelante en el c\u00f3digo.<\/p>\n<h2 class=\"wp-block-heading\"> \u00bfD\u00f3nde poner la declaraci\u00f3n Dim?<\/h2>\n<p> Puede declarar una variable usando la instrucci\u00f3n DIM en cualquier parte del c\u00f3digo, pero aseg\u00farese de declararla antes de usarla. Entonces digamos que te est\u00e1s refiriendo a una variable en la l\u00ednea 2 del c\u00f3digo y usaste Dim en la l\u00ednea 3 para declarar, bueno, obtendr\u00e1s un error. <\/p>\n<div class=\"wp-block-image\">\n<figure class=\"aligncenter size-large is-resized\"><img loading=\"lazy\" decoding=\"async\" class=\"wp-image-55792\" src=\"https:\/\/exceladvisor.org\/wp-content\/uploads\/2023\/08\/7-declarer-une-variable-en-utilisant-dim.png\" sizes=\"auto, \" srcset=\"\" alt=\"\" width=\"595\" height=\"399\"><\/figure>\n<\/div>\n<p> As\u00ed que aseg\u00farese de declarar una variable antes de usarla. <\/p>\n<div class=\"wp-block-image\">\n<figure class=\"aligncenter size-large is-resized\"><img loading=\"lazy\" decoding=\"async\" class=\"wp-image-55793\" src=\"https:\/\/exceladvisor.org\/wp-content\/uploads\/2023\/08\/8-declarer-une-variable-avant-de-lutiliser.png\" sizes=\"auto, \" srcset=\"\" alt=\"\" width=\"612\" height=\"387\"><\/figure>\n<\/div>\n<div class=\"gb-container gb-container-4db6181c gb-container-mt\"> <a class=\"gb-button gb-button-c5897111 gb-button-text gb-button-mt-button\" href=\"https:\/\/exceladvisor.org\/es\/vba\/\">\u00bfQu\u00e9 es VBA?<\/a><\/p>\n<h2 class=\"gb-headline gb-headline-665e5f6b gb-headline-text gb-headline-mt-heading\"> Tutoriales relacionados <\/h2>\n<div class=\"gb-grid-wrapper gb-grid-wrapper-a20baf7c gb-grid-wrapper-mt-grid\">\n<div class=\"gb-grid-column gb-grid-column-65ddf67e\">\n<div class=\"gb-container gb-container-65ddf67e\">\n<ul>\n<li> <a href=\"https:\/\/exceladvisor.org\/es\/variable-global\/\">Declarar una variable global (p\u00fablica) en VBA<\/a><\/li>\n<li> <a href=\"https:\/\/exceladvisor.org\/es\/rango-variable\/\">Utilice un rango o celda como variable en VBA<\/a><\/li>\n<li> <a href=\"https:\/\/exceladvisor.org\/es\/opcion-explicita-2\/\">Declaraci\u00f3n de opci\u00f3n expl\u00edcita en VBA<\/a><\/li>\n<li> <a href=\"https:\/\/exceladvisor.org\/es\/cuadro-de-mensaje-variable\/\">Variable en un cuadro de mensaje<\/a><\/li>\n<li> <a href=\"https:\/\/exceladvisor.org\/es\/variables\/\">Variables de VBA (declaraci\u00f3n, tipos de datos y alcance)<\/a><\/li>\n<\/ul>\n<\/div>\n<\/div>\n<\/div>\n<\/div>\n","protected":false},"excerpt":{"rendered":"<p>\u00bfQu\u00e9 es la declaraci\u00f3n VBA DIM? La declaraci\u00f3n VBA DIM significa \u00abdeclarar\u00bb, que debe usar cuando necesite declarar una variable. Cuando lo usa, le dice a VBA que est\u00e1 declarando un nombre espec\u00edfico como variable asign\u00e1ndole un tipo de datos espec\u00edfico. Se puede utilizar para declarar lo siguiente: Variables b\u00e1sicas Variantes Objetos Desplegar Utilice la [&hellip;]<\/p>\n","protected":false},"author":1,"featured_media":0,"parent":0,"menu_order":0,"comment_status":"open","ping_status":"closed","template":"","meta":{"ub_ctt_via":"","footnotes":""},"class_list":["post-663","page","type-page","status-publish","hentry"],"featured_image_src":null,"yoast_head":"<!-- This site is optimized with the Yoast SEO plugin v25.4 - https:\/\/yoast.com\/wordpress\/plugins\/seo\/ -->\n<title>\u00bfc\u00f3mo usar dim en vba en excel?<\/title>\n<meta name=\"robots\" content=\"index, follow, max-snippet:-1, max-image-preview:large, max-video-preview:-1\" \/>\n<link rel=\"canonical\" href=\"https:\/\/exceladvisor.org\/es\/debil\/\" \/>\n<meta property=\"og:locale\" content=\"es_ES\" \/>\n<meta property=\"og:type\" content=\"article\" \/>\n<meta property=\"og:title\" content=\"\u00bfc\u00f3mo usar dim en vba en excel?\" \/>\n<meta property=\"og:description\" content=\"\u00bfQu\u00e9 es la declaraci\u00f3n VBA DIM? La declaraci\u00f3n VBA DIM significa \u00abdeclarar\u00bb, que debe usar cuando necesite declarar una variable. Cuando lo usa, le dice a VBA que est\u00e1 declarando un nombre espec\u00edfico como variable asign\u00e1ndole un tipo de datos espec\u00edfico. Se puede utilizar para declarar lo siguiente: Variables b\u00e1sicas Variantes Objetos Desplegar Utilice la [&hellip;]\" \/>\n<meta property=\"og:url\" content=\"https:\/\/exceladvisor.org\/es\/debil\/\" \/>\n<meta property=\"og:site_name\" content=\"Excel Advisor\" \/>\n<meta property=\"article:modified_time\" content=\"2023-12-25T10:27:45+00:00\" \/>\n<meta property=\"og:image\" content=\"https:\/\/exceladvisor.org\/wp-content\/uploads\/2023\/08\/1-instruction-dim-en-vba.png\" \/>\n<meta name=\"twitter:card\" content=\"summary_large_image\" \/>\n<meta name=\"twitter:label1\" content=\"Tiempo de lectura\" \/>\n\t<meta name=\"twitter:data1\" content=\"3 minutos\" \/>\n<script type=\"application\/ld+json\" class=\"yoast-schema-graph\">{\"@context\":\"https:\/\/schema.org\",\"@graph\":[{\"@type\":\"WebPage\",\"@id\":\"https:\/\/exceladvisor.org\/es\/debil\/\",\"url\":\"https:\/\/exceladvisor.org\/es\/debil\/\",\"name\":\"\u00bfc\u00f3mo usar dim en vba en excel?\",\"isPartOf\":{\"@id\":\"https:\/\/exceladvisor.org\/es\/#website\"},\"primaryImageOfPage\":{\"@id\":\"https:\/\/exceladvisor.org\/es\/debil\/#primaryimage\"},\"image\":{\"@id\":\"https:\/\/exceladvisor.org\/es\/debil\/#primaryimage\"},\"thumbnailUrl\":\"https:\/\/exceladvisor.org\/wp-content\/uploads\/2023\/08\/1-instruction-dim-en-vba.png\",\"datePublished\":\"2023-09-29T02:43:45+00:00\",\"dateModified\":\"2023-12-25T10:27:45+00:00\",\"breadcrumb\":{\"@id\":\"https:\/\/exceladvisor.org\/es\/debil\/#breadcrumb\"},\"inLanguage\":\"es\",\"potentialAction\":[{\"@type\":\"ReadAction\",\"target\":[\"https:\/\/exceladvisor.org\/es\/debil\/\"]}]},{\"@type\":\"ImageObject\",\"inLanguage\":\"es\",\"@id\":\"https:\/\/exceladvisor.org\/es\/debil\/#primaryimage\",\"url\":\"https:\/\/exceladvisor.org\/wp-content\/uploads\/2023\/08\/1-instruction-dim-en-vba.png\",\"contentUrl\":\"https:\/\/exceladvisor.org\/wp-content\/uploads\/2023\/08\/1-instruction-dim-en-vba.png\"},{\"@type\":\"BreadcrumbList\",\"@id\":\"https:\/\/exceladvisor.org\/es\/debil\/#breadcrumb\",\"itemListElement\":[{\"@type\":\"ListItem\",\"position\":1,\"name\":\"Hogar\",\"item\":\"https:\/\/exceladvisor.org\/es\/\"},{\"@type\":\"ListItem\",\"position\":2,\"name\":\"\u00bfc\u00f3mo usar dim en vba en excel?\"}]},{\"@type\":\"WebSite\",\"@id\":\"https:\/\/exceladvisor.org\/es\/#website\",\"url\":\"https:\/\/exceladvisor.org\/es\/\",\"name\":\"Excel Advisor\",\"description\":\"Su gu\u00eda para la dominaci\u00f3n de datos!\",\"publisher\":{\"@id\":\"https:\/\/exceladvisor.org\/es\/#organization\"},\"potentialAction\":[{\"@type\":\"SearchAction\",\"target\":{\"@type\":\"EntryPoint\",\"urlTemplate\":\"https:\/\/exceladvisor.org\/es\/?s={search_term_string}\"},\"query-input\":{\"@type\":\"PropertyValueSpecification\",\"valueRequired\":true,\"valueName\":\"search_term_string\"}}],\"inLanguage\":\"es\"},{\"@type\":\"Organization\",\"@id\":\"https:\/\/exceladvisor.org\/es\/#organization\",\"name\":\"Excel Advisor\",\"url\":\"https:\/\/exceladvisor.org\/es\/\",\"logo\":{\"@type\":\"ImageObject\",\"inLanguage\":\"es\",\"@id\":\"https:\/\/exceladvisor.org\/es\/#\/schema\/logo\/image\/\",\"url\":\"https:\/\/exceladvisor.org\/es\/wp-content\/uploads\/2023\/12\/exceladvisor.org_.png\",\"contentUrl\":\"https:\/\/exceladvisor.org\/es\/wp-content\/uploads\/2023\/12\/exceladvisor.org_.png\",\"width\":105,\"height\":36,\"caption\":\"Excel Advisor\"},\"image\":{\"@id\":\"https:\/\/exceladvisor.org\/es\/#\/schema\/logo\/image\/\"}}]}<\/script>\n<!-- \/ Yoast SEO plugin. -->","yoast_head_json":{"title":"\u00bfc\u00f3mo usar dim en vba en excel?","robots":{"index":"index","follow":"follow","max-snippet":"max-snippet:-1","max-image-preview":"max-image-preview:large","max-video-preview":"max-video-preview:-1"},"canonical":"https:\/\/exceladvisor.org\/es\/debil\/","og_locale":"es_ES","og_type":"article","og_title":"\u00bfc\u00f3mo usar dim en vba en excel?","og_description":"\u00bfQu\u00e9 es la declaraci\u00f3n VBA DIM? La declaraci\u00f3n VBA DIM significa \u00abdeclarar\u00bb, que debe usar cuando necesite declarar una variable. Cuando lo usa, le dice a VBA que est\u00e1 declarando un nombre espec\u00edfico como variable asign\u00e1ndole un tipo de datos espec\u00edfico. Se puede utilizar para declarar lo siguiente: Variables b\u00e1sicas Variantes Objetos Desplegar Utilice la [&hellip;]","og_url":"https:\/\/exceladvisor.org\/es\/debil\/","og_site_name":"Excel Advisor","article_modified_time":"2023-12-25T10:27:45+00:00","og_image":[{"url":"https:\/\/exceladvisor.org\/wp-content\/uploads\/2023\/08\/1-instruction-dim-en-vba.png","type":"","width":"","height":""}],"twitter_card":"summary_large_image","twitter_misc":{"Tiempo de lectura":"3 minutos"},"schema":{"@context":"https:\/\/schema.org","@graph":[{"@type":"WebPage","@id":"https:\/\/exceladvisor.org\/es\/debil\/","url":"https:\/\/exceladvisor.org\/es\/debil\/","name":"\u00bfc\u00f3mo usar dim en vba en excel?","isPartOf":{"@id":"https:\/\/exceladvisor.org\/es\/#website"},"primaryImageOfPage":{"@id":"https:\/\/exceladvisor.org\/es\/debil\/#primaryimage"},"image":{"@id":"https:\/\/exceladvisor.org\/es\/debil\/#primaryimage"},"thumbnailUrl":"https:\/\/exceladvisor.org\/wp-content\/uploads\/2023\/08\/1-instruction-dim-en-vba.png","datePublished":"2023-09-29T02:43:45+00:00","dateModified":"2023-12-25T10:27:45+00:00","breadcrumb":{"@id":"https:\/\/exceladvisor.org\/es\/debil\/#breadcrumb"},"inLanguage":"es","potentialAction":[{"@type":"ReadAction","target":["https:\/\/exceladvisor.org\/es\/debil\/"]}]},{"@type":"ImageObject","inLanguage":"es","@id":"https:\/\/exceladvisor.org\/es\/debil\/#primaryimage","url":"https:\/\/exceladvisor.org\/wp-content\/uploads\/2023\/08\/1-instruction-dim-en-vba.png","contentUrl":"https:\/\/exceladvisor.org\/wp-content\/uploads\/2023\/08\/1-instruction-dim-en-vba.png"},{"@type":"BreadcrumbList","@id":"https:\/\/exceladvisor.org\/es\/debil\/#breadcrumb","itemListElement":[{"@type":"ListItem","position":1,"name":"Hogar","item":"https:\/\/exceladvisor.org\/es\/"},{"@type":"ListItem","position":2,"name":"\u00bfc\u00f3mo usar dim en vba en excel?"}]},{"@type":"WebSite","@id":"https:\/\/exceladvisor.org\/es\/#website","url":"https:\/\/exceladvisor.org\/es\/","name":"Excel Advisor","description":"Su gu\u00eda para la dominaci\u00f3n de datos!","publisher":{"@id":"https:\/\/exceladvisor.org\/es\/#organization"},"potentialAction":[{"@type":"SearchAction","target":{"@type":"EntryPoint","urlTemplate":"https:\/\/exceladvisor.org\/es\/?s={search_term_string}"},"query-input":{"@type":"PropertyValueSpecification","valueRequired":true,"valueName":"search_term_string"}}],"inLanguage":"es"},{"@type":"Organization","@id":"https:\/\/exceladvisor.org\/es\/#organization","name":"Excel Advisor","url":"https:\/\/exceladvisor.org\/es\/","logo":{"@type":"ImageObject","inLanguage":"es","@id":"https:\/\/exceladvisor.org\/es\/#\/schema\/logo\/image\/","url":"https:\/\/exceladvisor.org\/es\/wp-content\/uploads\/2023\/12\/exceladvisor.org_.png","contentUrl":"https:\/\/exceladvisor.org\/es\/wp-content\/uploads\/2023\/12\/exceladvisor.org_.png","width":105,"height":36,"caption":"Excel Advisor"},"image":{"@id":"https:\/\/exceladvisor.org\/es\/#\/schema\/logo\/image\/"}}]}},"yoast_meta":{"yoast_wpseo_title":"","yoast_wpseo_metadesc":"","yoast_wpseo_canonical":""},"_links":{"self":[{"href":"https:\/\/exceladvisor.org\/es\/wp-json\/wp\/v2\/pages\/663","targetHints":{"allow":["GET"]}}],"collection":[{"href":"https:\/\/exceladvisor.org\/es\/wp-json\/wp\/v2\/pages"}],"about":[{"href":"https:\/\/exceladvisor.org\/es\/wp-json\/wp\/v2\/types\/page"}],"author":[{"embeddable":true,"href":"https:\/\/exceladvisor.org\/es\/wp-json\/wp\/v2\/users\/1"}],"replies":[{"embeddable":true,"href":"https:\/\/exceladvisor.org\/es\/wp-json\/wp\/v2\/comments?post=663"}],"version-history":[{"count":1,"href":"https:\/\/exceladvisor.org\/es\/wp-json\/wp\/v2\/pages\/663\/revisions"}],"predecessor-version":[{"id":1226,"href":"https:\/\/exceladvisor.org\/es\/wp-json\/wp\/v2\/pages\/663\/revisions\/1226"}],"wp:attachment":[{"href":"https:\/\/exceladvisor.org\/es\/wp-json\/wp\/v2\/media?parent=663"}],"curies":[{"name":"wp","href":"https:\/\/api.w.org\/{rel}","templated":true}]}}