{"id":665,"date":"2023-09-29T01:54:15","date_gmt":"2023-09-29T01:54:15","guid":{"rendered":"https:\/\/exceladvisor.org\/es\/cadena-1\/"},"modified":"2023-12-25T10:31:53","modified_gmt":"2023-12-25T10:31:53","slug":"cadena-1","status":"publish","type":"page","link":"https:\/\/exceladvisor.org\/es\/cadena-1\/","title":{"rendered":"\u00bfc\u00f3mo utilizar vba para concatenar cadenas?"},"content":{"rendered":"<div class=\"excel-antes-del-contenido\" id=\"excel-2197791187\"><script type=\"text\/javascript\">\r\n\tatOptions = {\r\n\t\t'key' : 'c1158f160081d6540a8409e6925dab94',\r\n\t\t'format' : 'iframe',\r\n\t\t'height' : 250,\r\n\t\t'width' : 300,\r\n\t\t'params' : {}\r\n\t};\r\n<\/script>\r\n<script type=\"text\/javascript\" src=\"\/\/www.highperformanceformat.com\/c1158f160081d6540a8409e6925dab94\/invoke.js\"><\/script><\/div><p>Para concatenar dos cadenas usando c\u00f3digo VBA, debe usar el signo comercial. Puede utilizar un signo comercial entre dos cadenas para combinarlas y luego asignar este nuevo valor a una celda, variable o cuadro de mensaje. De manera similar, tambi\u00e9n puedes concatenar m\u00e1s de dos valores.<\/p>\n<p> M\u00e1s adelante veremos un ejemplo sencillo para entenderlo.<\/p>\n<h2 class=\"wp-block-heading\"> Pasos para usar VBA para concatenar<\/h2>\n<ol type=\"1\">\n<li> Primero ingrese la primera cadena usando comillas dobles.<\/li>\n<li> Despu\u00e9s de eso, escriba un signo comercial.<\/li>\n<li> A continuaci\u00f3n, ingrese el segundo texto usando comillas dobles.<\/li>\n<li> Al final, asigne este valor a una celda o variable, o use un cuadro de mensaje para verlo.<\/li>\n<\/ol>\n<pre class=\"wp-block-code\"> <code class=\"language-visual-basic\" lang=\"visual-basic\">Sub vba_concatenate() Range(\"A1\") = \"Mike\" &amp; \"Ross\" End Sub<\/code><\/pre>\n<h2 class=\"wp-block-heading\"> Concatenar con un delimitador<\/h2>\n<p> Tambi\u00e9n puedes usar un delimitador entre dos cadenas simplemente agregando un tercer signo. Considere el siguiente c\u00f3digo.<\/p>\n<pre class=\"wp-block-code\"> <code class=\"language-visual-basic\" lang=\"visual-basic\">Range(\"A1\") = \"Mike\" &amp; \"-\" &amp; \"Ross\"<\/code><\/pre>\n<p> En el c\u00f3digo anterior, us\u00f3 un delimitador en dos cadenas y las uni\u00f3 usando solo s\u00edmbolos. B\u00e1sicamente, siempre que necesites encerrar algo, debes usar un signo comercial dentro de \u00e9l.<\/p>\n<h2 class=\"wp-block-heading\"> Concatenar usando variables<\/h2>\n<p> Tambi\u00e9n puedes almacenar valores en variables y luego concatenar los valores de estas dos variables. Considere el siguiente c\u00f3digo.<\/p>\n<p> En el c\u00f3digo anterior tienes variables declaradas como variables y luego has asignado valores a estas variables. Y al final, usamos un signo comercial para combinar las tres variables y luego asignamos el resultado a la celda A1.<\/p>\n<h2 class=\"wp-block-heading\"> Concatenar un rango usando VBA<\/h2>\n<p> Tambi\u00e9n puedes concatenar valores de un rango de celdas usando VBA. Considere la siguiente macro.<\/p>\n<pre class=\"wp-block-code\"> <code class=\"language-visual-basic\" lang=\"visual-basic\">Sub vba_concatenate() Dim rng As Range Dim i As String Dim SourceRange As Range Set SourceRange = Range(\"A1:A10\") For Each rng In SourceRange i = i &amp; rng &amp; \" \" Next rng Range(\"B1\").Value = Trim(i) End Sub<\/code><\/pre>\n<p> En el c\u00f3digo anterior, utiliz\u00f3 <a href=\"https:\/\/exceladvisor.org\/es\/para-el-bucle\/\">FOR NEXT (For Loops)<\/a> para recorrer el rango que desea concatenar.<\/p>\n<p> Entonces va a cada celda en el rango (A1:A10), almacena ese valor en la variable I y usa un signo comercial para concatenar un valor en cada iteraci\u00f3n. Al final, configure el canal combinado en el rango B1.<\/p>\n<p> Y el siguiente c\u00f3digo concatena los valores del rango seleccionado. Todo lo que necesitas hacer es seleccionar un rango y luego ejecutar el c\u00f3digo.<\/p>\n<pre class=\"wp-block-code\" title=\"\"> <code class=\"language-visual-basic\" lang=\"visual-basic\">Dim rng As Range Dim i As String For Each rng In Selection i = i &amp; rng &amp; \" \" Next rng Range(\"B1\").Value = Trim(i)<\/code><\/pre>\n<h2 class=\"wp-block-heading\"> Concatenar una columna o fila completa<\/h2>\n<p> Si desea concatenar una columna o fila completa, en ese caso es mejor no utilizar el m\u00e9todo de bucle. Puede utilizar la funci\u00f3n de hoja de trabajo \u00abTextJoin\u00bb que puede unir una fila o columna completa (considere el siguiente c\u00f3digo).<\/p>\n<pre class=\"wp-block-code\"> <code class=\"language-visual-basic\" lang=\"visual-basic\">'join values from column A. Dim myRange As Range Dim myString As String Range(\"B1\") = WorksheetFunction.TextJoin(\" \", True, Range(\"A:A\")) 'join values from row 1. Dim myRange As Range Dim myString As String Range(\"B1\") = WorksheetFunction.TextJoin(\" \", True, Range(\"1:1\"))<\/code><\/pre>\n<div class=\"gb-container gb-container-4db6181c gb-container-mt\"> <a class=\"gb-button gb-button-c5897111 gb-button-text gb-button-mt-button\" href=\"https:\/\/exceladvisor.org\/es\/vba\/\">\u00bfQu\u00e9 es VBA?<\/a><\/p>\n<h2 class=\"gb-headline gb-headline-665e5f6b gb-headline-text gb-headline-mt-heading\"> Tutoriales relacionados <\/h2>\n<div class=\"gb-grid-wrapper gb-grid-wrapper-a20baf7c gb-grid-wrapper-mt-grid\">\n<div class=\"gb-grid-column gb-grid-column-65ddf67e\">\n<div class=\"gb-container gb-container-65ddf67e\">\n<ul>\n<li> <a href=\"https:\/\/exceladvisor.org\/es\/promedio-2\/\">Valores medios en Excel con VBA<\/a><\/li>\n<li> <a href=\"https:\/\/exceladvisor.org\/es\/fecha-de-hoy-hora-actual\/\">Obtenga la fecha y hora actual de hoy usando VBA<\/a><\/li>\n<li> <a href=\"https:\/\/exceladvisor.org\/es\/suma-1\/\">Sumar valores en Excel usando VBA<\/a><\/li>\n<li> <a href=\"https:\/\/exceladvisor.org\/es\/partido-2\/\">Funci\u00f3n de coincidencia en VBA<\/a><\/li>\n<li> <a href=\"https:\/\/exceladvisor.org\/es\/modo-1\/\">MOD en VBA<\/a> <\/li>\n<\/ul>\n<\/div>\n<\/div>\n<div class=\"gb-grid-column gb-grid-column-50067b57\">\n<div class=\"gb-container gb-container-50067b57\"><\/div>\n<\/div>\n<\/div>\n<\/div>\n","protected":false},"excerpt":{"rendered":"<p>Para concatenar dos cadenas usando c\u00f3digo VBA, debe usar el signo comercial. Puede utilizar un signo comercial entre dos cadenas para combinarlas y luego asignar este nuevo valor a una celda, variable o cuadro de mensaje. De manera similar, tambi\u00e9n puedes concatenar m\u00e1s de dos valores. M\u00e1s adelante veremos un ejemplo sencillo para entenderlo. Pasos [&hellip;]<\/p>\n","protected":false},"author":1,"featured_media":0,"parent":0,"menu_order":0,"comment_status":"open","ping_status":"closed","template":"","meta":{"ub_ctt_via":"","footnotes":""},"class_list":["post-665","page","type-page","status-publish","hentry"],"featured_image_src":null,"yoast_head":"<!-- This site is optimized with the Yoast SEO plugin v25.4 - https:\/\/yoast.com\/wordpress\/plugins\/seo\/ -->\n<title>\u00bfc\u00f3mo utilizar vba para concatenar cadenas?<\/title>\n<meta name=\"robots\" content=\"index, follow, max-snippet:-1, max-image-preview:large, max-video-preview:-1\" \/>\n<link rel=\"canonical\" href=\"https:\/\/exceladvisor.org\/es\/cadena-1\/\" \/>\n<meta property=\"og:locale\" content=\"es_ES\" \/>\n<meta property=\"og:type\" content=\"article\" \/>\n<meta property=\"og:title\" content=\"\u00bfc\u00f3mo utilizar vba para concatenar cadenas?\" \/>\n<meta property=\"og:description\" content=\"Para concatenar dos cadenas usando c\u00f3digo VBA, debe usar el signo comercial. Puede utilizar un signo comercial entre dos cadenas para combinarlas y luego asignar este nuevo valor a una celda, variable o cuadro de mensaje. De manera similar, tambi\u00e9n puedes concatenar m\u00e1s de dos valores. M\u00e1s adelante veremos un ejemplo sencillo para entenderlo. Pasos [&hellip;]\" \/>\n<meta property=\"og:url\" content=\"https:\/\/exceladvisor.org\/es\/cadena-1\/\" \/>\n<meta property=\"og:site_name\" content=\"Excel Advisor\" \/>\n<meta property=\"article:modified_time\" content=\"2023-12-25T10:31:53+00:00\" \/>\n<meta name=\"twitter:card\" content=\"summary_large_image\" \/>\n<meta name=\"twitter:label1\" content=\"Tiempo de lectura\" \/>\n\t<meta name=\"twitter:data1\" content=\"3 minutos\" \/>\n<script type=\"application\/ld+json\" class=\"yoast-schema-graph\">{\"@context\":\"https:\/\/schema.org\",\"@graph\":[{\"@type\":\"WebPage\",\"@id\":\"https:\/\/exceladvisor.org\/es\/cadena-1\/\",\"url\":\"https:\/\/exceladvisor.org\/es\/cadena-1\/\",\"name\":\"\u00bfc\u00f3mo utilizar vba para concatenar cadenas?\",\"isPartOf\":{\"@id\":\"https:\/\/exceladvisor.org\/es\/#website\"},\"datePublished\":\"2023-09-29T01:54:15+00:00\",\"dateModified\":\"2023-12-25T10:31:53+00:00\",\"breadcrumb\":{\"@id\":\"https:\/\/exceladvisor.org\/es\/cadena-1\/#breadcrumb\"},\"inLanguage\":\"es\",\"potentialAction\":[{\"@type\":\"ReadAction\",\"target\":[\"https:\/\/exceladvisor.org\/es\/cadena-1\/\"]}]},{\"@type\":\"BreadcrumbList\",\"@id\":\"https:\/\/exceladvisor.org\/es\/cadena-1\/#breadcrumb\",\"itemListElement\":[{\"@type\":\"ListItem\",\"position\":1,\"name\":\"Hogar\",\"item\":\"https:\/\/exceladvisor.org\/es\/\"},{\"@type\":\"ListItem\",\"position\":2,\"name\":\"\u00bfc\u00f3mo utilizar vba para concatenar cadenas?\"}]},{\"@type\":\"WebSite\",\"@id\":\"https:\/\/exceladvisor.org\/es\/#website\",\"url\":\"https:\/\/exceladvisor.org\/es\/\",\"name\":\"Excel Advisor\",\"description\":\"Su gu\u00eda para la dominaci\u00f3n de datos!\",\"publisher\":{\"@id\":\"https:\/\/exceladvisor.org\/es\/#organization\"},\"potentialAction\":[{\"@type\":\"SearchAction\",\"target\":{\"@type\":\"EntryPoint\",\"urlTemplate\":\"https:\/\/exceladvisor.org\/es\/?s={search_term_string}\"},\"query-input\":{\"@type\":\"PropertyValueSpecification\",\"valueRequired\":true,\"valueName\":\"search_term_string\"}}],\"inLanguage\":\"es\"},{\"@type\":\"Organization\",\"@id\":\"https:\/\/exceladvisor.org\/es\/#organization\",\"name\":\"Excel Advisor\",\"url\":\"https:\/\/exceladvisor.org\/es\/\",\"logo\":{\"@type\":\"ImageObject\",\"inLanguage\":\"es\",\"@id\":\"https:\/\/exceladvisor.org\/es\/#\/schema\/logo\/image\/\",\"url\":\"https:\/\/exceladvisor.org\/es\/wp-content\/uploads\/2023\/12\/exceladvisor.org_.png\",\"contentUrl\":\"https:\/\/exceladvisor.org\/es\/wp-content\/uploads\/2023\/12\/exceladvisor.org_.png\",\"width\":105,\"height\":36,\"caption\":\"Excel Advisor\"},\"image\":{\"@id\":\"https:\/\/exceladvisor.org\/es\/#\/schema\/logo\/image\/\"}}]}<\/script>\n<!-- \/ Yoast SEO plugin. -->","yoast_head_json":{"title":"\u00bfc\u00f3mo utilizar vba para concatenar cadenas?","robots":{"index":"index","follow":"follow","max-snippet":"max-snippet:-1","max-image-preview":"max-image-preview:large","max-video-preview":"max-video-preview:-1"},"canonical":"https:\/\/exceladvisor.org\/es\/cadena-1\/","og_locale":"es_ES","og_type":"article","og_title":"\u00bfc\u00f3mo utilizar vba para concatenar cadenas?","og_description":"Para concatenar dos cadenas usando c\u00f3digo VBA, debe usar el signo comercial. Puede utilizar un signo comercial entre dos cadenas para combinarlas y luego asignar este nuevo valor a una celda, variable o cuadro de mensaje. De manera similar, tambi\u00e9n puedes concatenar m\u00e1s de dos valores. M\u00e1s adelante veremos un ejemplo sencillo para entenderlo. Pasos [&hellip;]","og_url":"https:\/\/exceladvisor.org\/es\/cadena-1\/","og_site_name":"Excel Advisor","article_modified_time":"2023-12-25T10:31:53+00:00","twitter_card":"summary_large_image","twitter_misc":{"Tiempo de lectura":"3 minutos"},"schema":{"@context":"https:\/\/schema.org","@graph":[{"@type":"WebPage","@id":"https:\/\/exceladvisor.org\/es\/cadena-1\/","url":"https:\/\/exceladvisor.org\/es\/cadena-1\/","name":"\u00bfc\u00f3mo utilizar vba para concatenar cadenas?","isPartOf":{"@id":"https:\/\/exceladvisor.org\/es\/#website"},"datePublished":"2023-09-29T01:54:15+00:00","dateModified":"2023-12-25T10:31:53+00:00","breadcrumb":{"@id":"https:\/\/exceladvisor.org\/es\/cadena-1\/#breadcrumb"},"inLanguage":"es","potentialAction":[{"@type":"ReadAction","target":["https:\/\/exceladvisor.org\/es\/cadena-1\/"]}]},{"@type":"BreadcrumbList","@id":"https:\/\/exceladvisor.org\/es\/cadena-1\/#breadcrumb","itemListElement":[{"@type":"ListItem","position":1,"name":"Hogar","item":"https:\/\/exceladvisor.org\/es\/"},{"@type":"ListItem","position":2,"name":"\u00bfc\u00f3mo utilizar vba para concatenar cadenas?"}]},{"@type":"WebSite","@id":"https:\/\/exceladvisor.org\/es\/#website","url":"https:\/\/exceladvisor.org\/es\/","name":"Excel Advisor","description":"Su gu\u00eda para la dominaci\u00f3n de datos!","publisher":{"@id":"https:\/\/exceladvisor.org\/es\/#organization"},"potentialAction":[{"@type":"SearchAction","target":{"@type":"EntryPoint","urlTemplate":"https:\/\/exceladvisor.org\/es\/?s={search_term_string}"},"query-input":{"@type":"PropertyValueSpecification","valueRequired":true,"valueName":"search_term_string"}}],"inLanguage":"es"},{"@type":"Organization","@id":"https:\/\/exceladvisor.org\/es\/#organization","name":"Excel Advisor","url":"https:\/\/exceladvisor.org\/es\/","logo":{"@type":"ImageObject","inLanguage":"es","@id":"https:\/\/exceladvisor.org\/es\/#\/schema\/logo\/image\/","url":"https:\/\/exceladvisor.org\/es\/wp-content\/uploads\/2023\/12\/exceladvisor.org_.png","contentUrl":"https:\/\/exceladvisor.org\/es\/wp-content\/uploads\/2023\/12\/exceladvisor.org_.png","width":105,"height":36,"caption":"Excel Advisor"},"image":{"@id":"https:\/\/exceladvisor.org\/es\/#\/schema\/logo\/image\/"}}]}},"yoast_meta":{"yoast_wpseo_title":"","yoast_wpseo_metadesc":"","yoast_wpseo_canonical":""},"_links":{"self":[{"href":"https:\/\/exceladvisor.org\/es\/wp-json\/wp\/v2\/pages\/665","targetHints":{"allow":["GET"]}}],"collection":[{"href":"https:\/\/exceladvisor.org\/es\/wp-json\/wp\/v2\/pages"}],"about":[{"href":"https:\/\/exceladvisor.org\/es\/wp-json\/wp\/v2\/types\/page"}],"author":[{"embeddable":true,"href":"https:\/\/exceladvisor.org\/es\/wp-json\/wp\/v2\/users\/1"}],"replies":[{"embeddable":true,"href":"https:\/\/exceladvisor.org\/es\/wp-json\/wp\/v2\/comments?post=665"}],"version-history":[{"count":1,"href":"https:\/\/exceladvisor.org\/es\/wp-json\/wp\/v2\/pages\/665\/revisions"}],"predecessor-version":[{"id":1387,"href":"https:\/\/exceladvisor.org\/es\/wp-json\/wp\/v2\/pages\/665\/revisions\/1387"}],"wp:attachment":[{"href":"https:\/\/exceladvisor.org\/es\/wp-json\/wp\/v2\/media?parent=665"}],"curies":[{"name":"wp","href":"https:\/\/api.w.org\/{rel}","templated":true}]}}