{"id":668,"date":"2023-09-29T01:09:10","date_gmt":"2023-09-29T01:09:10","guid":{"rendered":"https:\/\/exceladvisor.org\/es\/ir-a-1\/"},"modified":"2023-12-25T10:28:18","modified_gmt":"2023-12-25T10:28:18","slug":"ir-a-1","status":"publish","type":"page","link":"https:\/\/exceladvisor.org\/es\/ir-a-1\/","title":{"rendered":"\u00bfc\u00f3mo utilizar la declaraci\u00f3n goto en c\u00f3digo vba?"},"content":{"rendered":"<div class=\"excel-antes-del-contenido\" id=\"excel-125276650\"><script type=\"text\/javascript\">\r\n\tatOptions = {\r\n\t\t'key' : 'c1158f160081d6540a8409e6925dab94',\r\n\t\t'format' : 'iframe',\r\n\t\t'height' : 250,\r\n\t\t'width' : 300,\r\n\t\t'params' : {}\r\n\t};\r\n<\/script>\r\n<script type=\"text\/javascript\" src=\"\/\/www.highperformanceformat.com\/c1158f160081d6540a8409e6925dab94\/invoke.js\"><\/script><\/div><p>La instrucci\u00f3n VBA GoTo ayuda a la ejecuci\u00f3n del c\u00f3digo a navegar a una l\u00ednea espec\u00edfica del procedimiento. En t\u00e9rminos simples, con la instrucci\u00f3n goto, VBA salta a una l\u00ednea particular que haya especificado. Por ejemplo, si especific\u00f3 saltar a la segunda l\u00ednea, go saltar\u00e1 a esa l\u00ednea.<\/p>\n<h2 class=\"wp-block-heading\"> C\u00f3mo utilizar la declaraci\u00f3n VBA GoTo en c\u00f3digo<\/h2>\n<ol type=\"1\">\n<li> Primero, necesitas usar la declaraci\u00f3n goto.<\/li>\n<li> Despu\u00e9s de eso, debe definir d\u00f3nde desea que vaya VBA desde Goto.<\/li>\n<li> A continuaci\u00f3n, cree la etiqueta para crear este lugar en el procedimiento.<\/li>\n<li> Al final, agregue las l\u00edneas de c\u00f3digo que desea ejecutar. <\/li>\n<\/ol>\n<div class=\"wp-block-image\">\n<figure class=\"aligncenter size-large is-resized\"><img loading=\"lazy\" decoding=\"async\" class=\"wp-image-59662\" src=\"https:\/\/exceladvisor.org\/wp-content\/uploads\/2023\/08\/1-vba-aller-a-linstruction-dans-le-code.png\" sizes=\"auto, \" srcset=\"\" alt=\"vba-go-to-declaraci\u00f3n-en-c\u00f3digo\" width=\"593\" height=\"446\"><\/figure>\n<\/div>\n<pre class=\"wp-block-code\"> <code class=\"language-visual-basic\" lang=\"visual-basic\">Sub vba_goto() GoTo <strong>Last<\/strong> <strong>Range<\/strong> (\"A1\"). <strong>Select<\/strong> <strong>Last<\/strong> : <strong>Range<\/strong> (\"A12\"). <strong>Select<\/strong> <strong>End<\/strong> Sub<\/code><\/pre>\n<h2 class=\"wp-block-heading\"> Ir a para repetir un c\u00f3digo<\/h2>\n<p> Tambi\u00e9n puede utilizar la instrucci\u00f3n go to para repetir el c\u00f3digo utilizando un conjunto de condiciones.<\/p>\n<pre class=\"wp-block-code\"> <code class=\"language-visual-basic\" lang=\"visual-basic\"><strong>Sub<\/strong> goto_repeat() <strong>Dim<\/strong> iMessage As String Question:    iMessage = InputBox(\"what's the day today?\") <strong>If<\/strong> iMessage &lt;&gt; \"tuesday\" <strong>Then<\/strong>    MsgBox (\"wrong answer, try again.\") <strong>GoTo<\/strong> Question <strong>Else<\/strong>    MsgBox (\"that's the right answer.\") <strong>End<\/strong> <strong>If<\/strong> <strong>End<\/strong> <strong>Sub<\/strong><\/code><\/pre>\n<p> Cuando ejecute el c\u00f3digo anterior, le pedir\u00e1 el nombre del d\u00eda y si ingresa algo que no sea \u00abmartes\u00bb, repetir\u00e1 la pregunta. Si observa el c\u00f3digo, puede ver que necesitamos usar la declaraci\u00f3n goto y la <a href=\"https:\/\/exceladvisor.org\/es\/si-2\/\">declaraci\u00f3n if<\/a> .<\/p>\n<p> Ahora, cuando el usuario ingresa algo que no sea la respuesta correcta, la declaraci\u00f3n goto obliga a VBA a repetir el c\u00f3digo. (pero siempre que uses este tipo de c\u00f3digos hay que tener mucho cuidado porque puede crear un bucle sin fin.<\/p>\n<h2 class=\"wp-block-heading\"> VBA Ir al final<\/h2>\n<p> Tambi\u00e9n puedes salir de un sub usando la instrucci\u00f3n goto. <\/p>\n<div class=\"wp-block-image\">\n<figure class=\"aligncenter size-large is-resized\"><img loading=\"lazy\" decoding=\"async\" class=\"wp-image-59664\" src=\"https:\/\/exceladvisor.org\/wp-content\/uploads\/2023\/08\/2-vba-aller-a-la-fin.png\" sizes=\"auto, \" srcset=\"\" alt=\"vba-ir al final\" width=\"461\" height=\"198\"><\/figure>\n<\/div>\n<p> En el c\u00f3digo anterior, hemos utilizado la etiqueta \u00ab\u00faltima\u00bb justo antes de la declaraci\u00f3n final y cuando VBA llega a la declaraci\u00f3n GoTo, hace que VBA salte al \u00ab\u00daltimo\u00bb al final del procedimiento.<\/p>\n<h2 class=\"wp-block-heading\"> Declaraci\u00f3n GoTo para ir a una l\u00ednea en otra subrutina<\/h2>\n<p> Bueno, ir a la declaraci\u00f3n es bastante \u00fatil para hacer que VBA salte de un lugar a otro, pero no es posible hacer que salte a otro procedimiento en el <a href=\"https:\/\/exceladvisor.org\/es\/modulo\/\">m\u00f3dulo<\/a> .<\/p>\n<div class=\"gb-container gb-container-4db6181c gb-container-mt\"> <a class=\"gb-button gb-button-c5897111 gb-button-text gb-button-mt-button\" href=\"https:\/\/exceladvisor.org\/es\/vba\/\">\u00bfQu\u00e9 es VBA?<\/a><\/p>\n<h2 class=\"gb-headline gb-headline-665e5f6b gb-headline-text gb-headline-mt-heading\"> Tutoriales relacionados <\/h2>\n<div class=\"gb-grid-wrapper gb-grid-wrapper-a20baf7c gb-grid-wrapper-mt-grid\">\n<div class=\"gb-grid-column gb-grid-column-65ddf67e\">\n<div class=\"gb-container gb-container-65ddf67e\">\n<ul>\n<li> <a href=\"https:\/\/exceladvisor.org\/es\/bucles\/\">Bucles VBA (principiante a avanzado)<\/a><\/li>\n<li> <a href=\"https:\/\/exceladvisor.org\/es\/seleccione-el-caso\/\">Caso de selecci\u00f3n de VBA<\/a><\/li>\n<li> <a href=\"https:\/\/exceladvisor.org\/es\/hacer-mientras\/\">Excel VBA Do While Loop y (Do Loop While): una gu\u00eda<\/a><\/li>\n<li> <a href=\"https:\/\/exceladvisor.org\/es\/hojas-de-bucle\/\">Recorra todas las hojas usando VBA en Excel<\/a><\/li>\n<li> <a href=\"https:\/\/exceladvisor.org\/es\/recorrer-el-rango\/\">Recorre un rango usando VBA (Columnas, Filas y Rango Usado)<\/a> <\/li>\n<\/ul>\n<\/div>\n<\/div>\n<div class=\"gb-grid-column gb-grid-column-50067b57\">\n<div class=\"gb-container gb-container-50067b57\"><\/div>\n<\/div>\n<\/div>\n<\/div>\n","protected":false},"excerpt":{"rendered":"<p>La instrucci\u00f3n VBA GoTo ayuda a la ejecuci\u00f3n del c\u00f3digo a navegar a una l\u00ednea espec\u00edfica del procedimiento. En t\u00e9rminos simples, con la instrucci\u00f3n goto, VBA salta a una l\u00ednea particular que haya especificado. Por ejemplo, si especific\u00f3 saltar a la segunda l\u00ednea, go saltar\u00e1 a esa l\u00ednea. C\u00f3mo utilizar la declaraci\u00f3n VBA GoTo en [&hellip;]<\/p>\n","protected":false},"author":1,"featured_media":0,"parent":0,"menu_order":0,"comment_status":"open","ping_status":"closed","template":"","meta":{"ub_ctt_via":"","footnotes":""},"class_list":["post-668","page","type-page","status-publish","hentry"],"featured_image_src":null,"yoast_head":"<!-- This site is optimized with the Yoast SEO plugin v25.4 - https:\/\/yoast.com\/wordpress\/plugins\/seo\/ -->\n<title>\u00bfc\u00f3mo utilizar la declaraci\u00f3n goto en c\u00f3digo vba?<\/title>\n<meta name=\"robots\" content=\"index, follow, max-snippet:-1, max-image-preview:large, max-video-preview:-1\" \/>\n<link rel=\"canonical\" href=\"https:\/\/exceladvisor.org\/es\/ir-a-1\/\" \/>\n<meta property=\"og:locale\" content=\"es_ES\" \/>\n<meta property=\"og:type\" content=\"article\" \/>\n<meta property=\"og:title\" content=\"\u00bfc\u00f3mo utilizar la declaraci\u00f3n goto en c\u00f3digo vba?\" \/>\n<meta property=\"og:description\" content=\"La instrucci\u00f3n VBA GoTo ayuda a la ejecuci\u00f3n del c\u00f3digo a navegar a una l\u00ednea espec\u00edfica del procedimiento. En t\u00e9rminos simples, con la instrucci\u00f3n goto, VBA salta a una l\u00ednea particular que haya especificado. Por ejemplo, si especific\u00f3 saltar a la segunda l\u00ednea, go saltar\u00e1 a esa l\u00ednea. C\u00f3mo utilizar la declaraci\u00f3n VBA GoTo en [&hellip;]\" \/>\n<meta property=\"og:url\" content=\"https:\/\/exceladvisor.org\/es\/ir-a-1\/\" \/>\n<meta property=\"og:site_name\" content=\"Excel Advisor\" \/>\n<meta property=\"article:modified_time\" content=\"2023-12-25T10:28:18+00:00\" \/>\n<meta property=\"og:image\" content=\"https:\/\/exceladvisor.org\/wp-content\/uploads\/2023\/08\/1-vba-aller-a-linstruction-dans-le-code.png\" \/>\n<meta name=\"twitter:card\" content=\"summary_large_image\" \/>\n<meta name=\"twitter:label1\" content=\"Tiempo de lectura\" \/>\n\t<meta name=\"twitter:data1\" content=\"2 minutos\" \/>\n<script type=\"application\/ld+json\" class=\"yoast-schema-graph\">{\"@context\":\"https:\/\/schema.org\",\"@graph\":[{\"@type\":\"WebPage\",\"@id\":\"https:\/\/exceladvisor.org\/es\/ir-a-1\/\",\"url\":\"https:\/\/exceladvisor.org\/es\/ir-a-1\/\",\"name\":\"\u00bfc\u00f3mo utilizar la declaraci\u00f3n goto en c\u00f3digo vba?\",\"isPartOf\":{\"@id\":\"https:\/\/exceladvisor.org\/es\/#website\"},\"primaryImageOfPage\":{\"@id\":\"https:\/\/exceladvisor.org\/es\/ir-a-1\/#primaryimage\"},\"image\":{\"@id\":\"https:\/\/exceladvisor.org\/es\/ir-a-1\/#primaryimage\"},\"thumbnailUrl\":\"https:\/\/exceladvisor.org\/wp-content\/uploads\/2023\/08\/1-vba-aller-a-linstruction-dans-le-code.png\",\"datePublished\":\"2023-09-29T01:09:10+00:00\",\"dateModified\":\"2023-12-25T10:28:18+00:00\",\"breadcrumb\":{\"@id\":\"https:\/\/exceladvisor.org\/es\/ir-a-1\/#breadcrumb\"},\"inLanguage\":\"es\",\"potentialAction\":[{\"@type\":\"ReadAction\",\"target\":[\"https:\/\/exceladvisor.org\/es\/ir-a-1\/\"]}]},{\"@type\":\"ImageObject\",\"inLanguage\":\"es\",\"@id\":\"https:\/\/exceladvisor.org\/es\/ir-a-1\/#primaryimage\",\"url\":\"https:\/\/exceladvisor.org\/wp-content\/uploads\/2023\/08\/1-vba-aller-a-linstruction-dans-le-code.png\",\"contentUrl\":\"https:\/\/exceladvisor.org\/wp-content\/uploads\/2023\/08\/1-vba-aller-a-linstruction-dans-le-code.png\"},{\"@type\":\"BreadcrumbList\",\"@id\":\"https:\/\/exceladvisor.org\/es\/ir-a-1\/#breadcrumb\",\"itemListElement\":[{\"@type\":\"ListItem\",\"position\":1,\"name\":\"Hogar\",\"item\":\"https:\/\/exceladvisor.org\/es\/\"},{\"@type\":\"ListItem\",\"position\":2,\"name\":\"\u00bfc\u00f3mo utilizar la declaraci\u00f3n goto en c\u00f3digo vba?\"}]},{\"@type\":\"WebSite\",\"@id\":\"https:\/\/exceladvisor.org\/es\/#website\",\"url\":\"https:\/\/exceladvisor.org\/es\/\",\"name\":\"Excel Advisor\",\"description\":\"Su gu\u00eda para la dominaci\u00f3n de datos!\",\"publisher\":{\"@id\":\"https:\/\/exceladvisor.org\/es\/#organization\"},\"potentialAction\":[{\"@type\":\"SearchAction\",\"target\":{\"@type\":\"EntryPoint\",\"urlTemplate\":\"https:\/\/exceladvisor.org\/es\/?s={search_term_string}\"},\"query-input\":{\"@type\":\"PropertyValueSpecification\",\"valueRequired\":true,\"valueName\":\"search_term_string\"}}],\"inLanguage\":\"es\"},{\"@type\":\"Organization\",\"@id\":\"https:\/\/exceladvisor.org\/es\/#organization\",\"name\":\"Excel Advisor\",\"url\":\"https:\/\/exceladvisor.org\/es\/\",\"logo\":{\"@type\":\"ImageObject\",\"inLanguage\":\"es\",\"@id\":\"https:\/\/exceladvisor.org\/es\/#\/schema\/logo\/image\/\",\"url\":\"https:\/\/exceladvisor.org\/es\/wp-content\/uploads\/2023\/12\/exceladvisor.org_.png\",\"contentUrl\":\"https:\/\/exceladvisor.org\/es\/wp-content\/uploads\/2023\/12\/exceladvisor.org_.png\",\"width\":105,\"height\":36,\"caption\":\"Excel Advisor\"},\"image\":{\"@id\":\"https:\/\/exceladvisor.org\/es\/#\/schema\/logo\/image\/\"}}]}<\/script>\n<!-- \/ Yoast SEO plugin. -->","yoast_head_json":{"title":"\u00bfc\u00f3mo utilizar la declaraci\u00f3n goto en c\u00f3digo vba?","robots":{"index":"index","follow":"follow","max-snippet":"max-snippet:-1","max-image-preview":"max-image-preview:large","max-video-preview":"max-video-preview:-1"},"canonical":"https:\/\/exceladvisor.org\/es\/ir-a-1\/","og_locale":"es_ES","og_type":"article","og_title":"\u00bfc\u00f3mo utilizar la declaraci\u00f3n goto en c\u00f3digo vba?","og_description":"La instrucci\u00f3n VBA GoTo ayuda a la ejecuci\u00f3n del c\u00f3digo a navegar a una l\u00ednea espec\u00edfica del procedimiento. En t\u00e9rminos simples, con la instrucci\u00f3n goto, VBA salta a una l\u00ednea particular que haya especificado. Por ejemplo, si especific\u00f3 saltar a la segunda l\u00ednea, go saltar\u00e1 a esa l\u00ednea. C\u00f3mo utilizar la declaraci\u00f3n VBA GoTo en [&hellip;]","og_url":"https:\/\/exceladvisor.org\/es\/ir-a-1\/","og_site_name":"Excel Advisor","article_modified_time":"2023-12-25T10:28:18+00:00","og_image":[{"url":"https:\/\/exceladvisor.org\/wp-content\/uploads\/2023\/08\/1-vba-aller-a-linstruction-dans-le-code.png","type":"","width":"","height":""}],"twitter_card":"summary_large_image","twitter_misc":{"Tiempo de lectura":"2 minutos"},"schema":{"@context":"https:\/\/schema.org","@graph":[{"@type":"WebPage","@id":"https:\/\/exceladvisor.org\/es\/ir-a-1\/","url":"https:\/\/exceladvisor.org\/es\/ir-a-1\/","name":"\u00bfc\u00f3mo utilizar la declaraci\u00f3n goto en c\u00f3digo vba?","isPartOf":{"@id":"https:\/\/exceladvisor.org\/es\/#website"},"primaryImageOfPage":{"@id":"https:\/\/exceladvisor.org\/es\/ir-a-1\/#primaryimage"},"image":{"@id":"https:\/\/exceladvisor.org\/es\/ir-a-1\/#primaryimage"},"thumbnailUrl":"https:\/\/exceladvisor.org\/wp-content\/uploads\/2023\/08\/1-vba-aller-a-linstruction-dans-le-code.png","datePublished":"2023-09-29T01:09:10+00:00","dateModified":"2023-12-25T10:28:18+00:00","breadcrumb":{"@id":"https:\/\/exceladvisor.org\/es\/ir-a-1\/#breadcrumb"},"inLanguage":"es","potentialAction":[{"@type":"ReadAction","target":["https:\/\/exceladvisor.org\/es\/ir-a-1\/"]}]},{"@type":"ImageObject","inLanguage":"es","@id":"https:\/\/exceladvisor.org\/es\/ir-a-1\/#primaryimage","url":"https:\/\/exceladvisor.org\/wp-content\/uploads\/2023\/08\/1-vba-aller-a-linstruction-dans-le-code.png","contentUrl":"https:\/\/exceladvisor.org\/wp-content\/uploads\/2023\/08\/1-vba-aller-a-linstruction-dans-le-code.png"},{"@type":"BreadcrumbList","@id":"https:\/\/exceladvisor.org\/es\/ir-a-1\/#breadcrumb","itemListElement":[{"@type":"ListItem","position":1,"name":"Hogar","item":"https:\/\/exceladvisor.org\/es\/"},{"@type":"ListItem","position":2,"name":"\u00bfc\u00f3mo utilizar la declaraci\u00f3n goto en c\u00f3digo vba?"}]},{"@type":"WebSite","@id":"https:\/\/exceladvisor.org\/es\/#website","url":"https:\/\/exceladvisor.org\/es\/","name":"Excel Advisor","description":"Su gu\u00eda para la dominaci\u00f3n de datos!","publisher":{"@id":"https:\/\/exceladvisor.org\/es\/#organization"},"potentialAction":[{"@type":"SearchAction","target":{"@type":"EntryPoint","urlTemplate":"https:\/\/exceladvisor.org\/es\/?s={search_term_string}"},"query-input":{"@type":"PropertyValueSpecification","valueRequired":true,"valueName":"search_term_string"}}],"inLanguage":"es"},{"@type":"Organization","@id":"https:\/\/exceladvisor.org\/es\/#organization","name":"Excel Advisor","url":"https:\/\/exceladvisor.org\/es\/","logo":{"@type":"ImageObject","inLanguage":"es","@id":"https:\/\/exceladvisor.org\/es\/#\/schema\/logo\/image\/","url":"https:\/\/exceladvisor.org\/es\/wp-content\/uploads\/2023\/12\/exceladvisor.org_.png","contentUrl":"https:\/\/exceladvisor.org\/es\/wp-content\/uploads\/2023\/12\/exceladvisor.org_.png","width":105,"height":36,"caption":"Excel Advisor"},"image":{"@id":"https:\/\/exceladvisor.org\/es\/#\/schema\/logo\/image\/"}}]}},"yoast_meta":{"yoast_wpseo_title":"","yoast_wpseo_metadesc":"","yoast_wpseo_canonical":""},"_links":{"self":[{"href":"https:\/\/exceladvisor.org\/es\/wp-json\/wp\/v2\/pages\/668","targetHints":{"allow":["GET"]}}],"collection":[{"href":"https:\/\/exceladvisor.org\/es\/wp-json\/wp\/v2\/pages"}],"about":[{"href":"https:\/\/exceladvisor.org\/es\/wp-json\/wp\/v2\/types\/page"}],"author":[{"embeddable":true,"href":"https:\/\/exceladvisor.org\/es\/wp-json\/wp\/v2\/users\/1"}],"replies":[{"embeddable":true,"href":"https:\/\/exceladvisor.org\/es\/wp-json\/wp\/v2\/comments?post=668"}],"version-history":[{"count":1,"href":"https:\/\/exceladvisor.org\/es\/wp-json\/wp\/v2\/pages\/668\/revisions"}],"predecessor-version":[{"id":1291,"href":"https:\/\/exceladvisor.org\/es\/wp-json\/wp\/v2\/pages\/668\/revisions\/1291"}],"wp:attachment":[{"href":"https:\/\/exceladvisor.org\/es\/wp-json\/wp\/v2\/media?parent=668"}],"curies":[{"name":"wp","href":"https:\/\/api.w.org\/{rel}","templated":true}]}}