{"id":67,"date":"2023-11-17T12:05:06","date_gmt":"2023-11-17T12:05:06","guid":{"rendered":"https:\/\/exceladvisor.org\/es\/crear-un-libro-de-trabajo\/"},"modified":"2023-12-25T10:25:20","modified_gmt":"2023-12-25T10:25:20","slug":"crear-un-libro-de-trabajo","status":"publish","type":"page","link":"https:\/\/exceladvisor.org\/es\/crear-un-libro-de-trabajo\/","title":{"rendered":"\u00bfc\u00f3mo crear un nuevo libro de excel usando vba?"},"content":{"rendered":"<div class=\"excel-antes-del-contenido\" id=\"excel-2539560684\"><script type=\"text\/javascript\">\r\n\tatOptions = {\r\n\t\t'key' : 'c1158f160081d6540a8409e6925dab94',\r\n\t\t'format' : 'iframe',\r\n\t\t'height' : 250,\r\n\t\t'width' : 300,\r\n\t\t'params' : {}\r\n\t};\r\n<\/script>\r\n<script type=\"text\/javascript\" src=\"\/\/www.highperformanceformat.com\/c1158f160081d6540a8409e6925dab94\/invoke.js\"><\/script><\/div><p>Para crear un nuevo libro de trabajo usando VBA, debe usar el m\u00e9todo <strong>\u00abWorkbooks.Add\u00bb<\/strong> . Cuando utiliza este m\u00e9todo, inserta un nuevo libro (sin guardarlo) y luego lo activa. Esto funciona como cuando presionas el m\u00e9todo abreviado de teclado CONTROL + N. Tambi\u00e9n puedes usar una plantilla para insertar un nuevo libro.<\/p>\n<h2 class=\"wp-block-heading\"> Crear un nuevo libro de trabajo usando VBA<\/h2>\n<p> Aseg\u00farese de agregar la <a href=\"https:\/\/exceladvisor.org\/es\/agregar-una-pestana-de-desarrollador\/\">pesta\u00f1a Desarrollador<\/a> a la cinta para ingresar este c\u00f3digo en <a href=\"https:\/\/exceladvisor.org\/es\/editor-visual-basico\/\">VBE<\/a> .<\/p>\n<ol type=\"1\">\n<li> Escriba la palabra clave \u00abCarpetas\u00bb para hacer referencia al objeto de carpeta.<\/li>\n<li> Despu\u00e9s de eso, escriba un punto.<\/li>\n<li> Aqu\u00ed tendr\u00e1 una lista de propiedades y m\u00e9todos para seleccionar.<\/li>\n<li> Seleccione \u00abAgregar\u00bb de esta lista o escr\u00edbalo. <\/li>\n<\/ol>\n<pre class=\"wp-block-code\"> <code class=\"language-visual-basic\" lang=\"visual-basic\">Sub vba_new_workbook() Workbooks.Add End Sub<\/code><\/pre>\n<div class=\"wp-block-image\">\n<figure class=\"aligncenter size-large is-resized\"><img loading=\"lazy\" decoding=\"async\" class=\"wp-image-52611\" src=\"https:\/\/exceladvisor.org\/wp-content\/uploads\/2023\/08\/1-ajouter-un-nouveau-classeur-a-laide-dun-modele.png\" sizes=\"auto, \" srcset=\"\" alt=\"agregar un nuevo libro de trabajo usando una plantilla\" width=\"268\" height=\"171\"><\/figure>\n<\/div>\n<h2 class=\"wp-block-heading\"> Agregar un nuevo libro de trabajo usando una plantilla<\/h2>\n<p> Como dije, usamos el m\u00e9todo Workbooks.Add. Con este m\u00e9todo, hay un argumento (opcional) que puede utilizar para hacer referencia a un archivo como plantilla.<\/p>\n<pre class=\"wp-block-code\"> <code class=\"language-visual-basic\" lang=\"visual-basic\">Workbook.Add Template (Optional)<\/code><\/pre>\n<p> Supongamos que tiene un libro de trabajo y desea que el nuevo libro de trabajo sea exactamente igual, puede referirse a \u00e9l como plantilla.<\/p>\n<pre class=\"wp-block-code\"> <code class=\"language-visual-basic\" lang=\"visual-basic\">Workbooks.Add Template:=\"C:UsersDellDesktopbook1.xlsx\"<\/code><\/pre>\n<p> Cuando ejecuta el c\u00f3digo anterior, toma la referencia de \u00ablibro1\u00bb que se guarda en el escritorio. El libro de trabajo modelo contiene 6 hojas de trabajo y el nuevo libro de trabajo contiene exactamente la misma cantidad de hojas de trabajo. <\/p>\n<div class=\"wp-block-image\">\n<figure class=\"aligncenter size-large is-resized\"><img loading=\"lazy\" decoding=\"async\" class=\"wp-image-52612\" src=\"https:\/\/exceladvisor.org\/wp-content\/uploads\/2023\/08\/2-le-modele-de-classeur.png\" sizes=\"auto, \" srcset=\"\" alt=\"el-modelo-de-carpeta\" width=\"428\" height=\"105\"><\/figure>\n<\/div>\n<p> Aparte de eso, puede utilizar los argumentos predeterminados para decidir qu\u00e9 tipo de hoja desea tener en el nuevo libro.<\/p>\n<ol type=\"1\">\n<li> <strong><em>xlWBATChart<\/em><\/strong> : hoja de gr\u00e1fico<\/li>\n<li> <strong><em>xlWBATExcel4IntlMacroSheet:<\/em><\/strong> hoja de macros versi\u00f3n 4<\/li>\n<li> <strong><em>xlWBATExcel4MacroSheet<\/em><\/strong> : hoja de macros (internacional) versi\u00f3n 4<\/li>\n<li> <strong><em>Hoja de trabajo xlWBAT<\/em><\/strong> : hoja de c\u00e1lculo<\/li>\n<\/ol>\n<h2 class=\"wp-block-heading\"> Cree un nuevo libro de Excel y gu\u00e1rdelo<\/h2>\n<p> Cuando crea un nuevo libro, Excel lo abre pero no lo guarda con el m\u00e9todo Agregar. Entonces, para esto necesitas usar el m\u00e9todo SaveAs. <\/p>\n<div class=\"wp-block-image\">\n<figure class=\"aligncenter size-large is-resized\"><img loading=\"lazy\" decoding=\"async\" class=\"wp-image-52613\" src=\"https:\/\/exceladvisor.org\/wp-content\/uploads\/2023\/08\/3-creer-une-nouvelle-feuille-de-calcul-Excel.png\" sizes=\"auto, \" srcset=\"\" alt=\"crear-una-nueva-hoja-de-calculo-excel\" width=\"503\" height=\"172\"><\/figure>\n<\/div>\n<pre class=\"wp-block-code\"> <code class=\"language-visual-basic\" lang=\"visual-basic\">Sub vba_create_workbook() Workbooks.Add ActiveWorkbook.SaveAs \"C:usersdelldesktopmyBook.xlsx\" End Sub<\/code><\/pre>\n<ol type=\"1\">\n<li> Primero, use workbook.add para crear un nuevo libro de trabajo.<\/li>\n<li> Luego, consulte el libro activo y utilice el m\u00e9todo Guardar como.<\/li>\n<li> En el m\u00e9todo Guardar como, use la ruta donde desea guardar el libro con el nombre del archivo.<\/li>\n<li> Al final, <a href=\"https:\/\/exceladvisor.org\/es\/ejecutar-una-macro-2\/\">ejecute el c\u00f3digo<\/a> .<\/li>\n<\/ol>\n<div class=\"gb-container gb-container-4db6181c gb-container-mt\"> <a class=\"gb-button gb-button-c5897111 gb-button-text gb-button-mt-button\" href=\"https:\/\/exceladvisor.org\/es\/vba\/\">\u00bfQu\u00e9 es VBA?<\/a><\/p>\n<h2 class=\"gb-headline gb-headline-665e5f6b gb-headline-text gb-headline-mt-heading\"> Tutoriales relacionados <\/h2>\n<div class=\"gb-grid-wrapper gb-grid-wrapper-a20baf7c gb-grid-wrapper-mt-grid\">\n<div class=\"gb-grid-column gb-grid-column-65ddf67e\">\n<div class=\"gb-container gb-container-65ddf67e\">\n<ul>\n<li> <a href=\"https:\/\/exceladvisor.org\/es\/copiar-archivo-excel\/\">Copie un archivo de Excel (libro de trabajo) usando VBA<\/a><\/li>\n<li> <a href=\"https:\/\/exceladvisor.org\/es\/activar-libro-de-trabajo\/\">VBA Activar libro de trabajo (archivo Excel)<\/a><\/li>\n<li> <a href=\"https:\/\/exceladvisor.org\/es\/cerrar-el-libro-de-trabajo\/\">VBA Cerrar libro de trabajo (archivo Excel)<\/a><\/li>\n<li> <a href=\"https:\/\/exceladvisor.org\/es\/combinar-libros-de-trabajo\/\">Combinar libros de trabajo de VBA (archivos Excel)<\/a><\/li>\n<li> <a href=\"https:\/\/exceladvisor.org\/es\/borrar-archivo\/\">VBA Eliminar libro de trabajo (archivo Excel)<\/a><\/li>\n<\/ul>\n<\/div>\n<\/div>\n<\/div>\n<\/div>\n","protected":false},"excerpt":{"rendered":"<p>Para crear un nuevo libro de trabajo usando VBA, debe usar el m\u00e9todo \u00abWorkbooks.Add\u00bb . Cuando utiliza este m\u00e9todo, inserta un nuevo libro (sin guardarlo) y luego lo activa. Esto funciona como cuando presionas el m\u00e9todo abreviado de teclado CONTROL + N. Tambi\u00e9n puedes usar una plantilla para insertar un nuevo libro. Crear un nuevo [&hellip;]<\/p>\n","protected":false},"author":1,"featured_media":0,"parent":0,"menu_order":0,"comment_status":"open","ping_status":"closed","template":"","meta":{"ub_ctt_via":"","footnotes":""},"class_list":["post-67","page","type-page","status-publish","hentry"],"featured_image_src":null,"yoast_head":"<!-- This site is optimized with the Yoast SEO plugin v25.4 - https:\/\/yoast.com\/wordpress\/plugins\/seo\/ -->\n<title>\u00bfc\u00f3mo crear un nuevo libro de excel usando vba?<\/title>\n<meta name=\"robots\" content=\"index, follow, max-snippet:-1, max-image-preview:large, max-video-preview:-1\" \/>\n<link rel=\"canonical\" href=\"https:\/\/exceladvisor.org\/es\/crear-un-libro-de-trabajo\/\" \/>\n<meta property=\"og:locale\" content=\"es_ES\" \/>\n<meta property=\"og:type\" content=\"article\" \/>\n<meta property=\"og:title\" content=\"\u00bfc\u00f3mo crear un nuevo libro de excel usando vba?\" \/>\n<meta property=\"og:description\" content=\"Para crear un nuevo libro de trabajo usando VBA, debe usar el m\u00e9todo \u00abWorkbooks.Add\u00bb . Cuando utiliza este m\u00e9todo, inserta un nuevo libro (sin guardarlo) y luego lo activa. Esto funciona como cuando presionas el m\u00e9todo abreviado de teclado CONTROL + N. Tambi\u00e9n puedes usar una plantilla para insertar un nuevo libro. Crear un nuevo [&hellip;]\" \/>\n<meta property=\"og:url\" content=\"https:\/\/exceladvisor.org\/es\/crear-un-libro-de-trabajo\/\" \/>\n<meta property=\"og:site_name\" content=\"Excel Advisor\" \/>\n<meta property=\"article:modified_time\" content=\"2023-12-25T10:25:20+00:00\" \/>\n<meta property=\"og:image\" content=\"https:\/\/exceladvisor.org\/wp-content\/uploads\/2023\/08\/1-ajouter-un-nouveau-classeur-a-laide-dun-modele.png\" \/>\n<meta name=\"twitter:card\" content=\"summary_large_image\" \/>\n<meta name=\"twitter:label1\" content=\"Tiempo de lectura\" \/>\n\t<meta name=\"twitter:data1\" content=\"2 minutos\" \/>\n<script type=\"application\/ld+json\" class=\"yoast-schema-graph\">{\"@context\":\"https:\/\/schema.org\",\"@graph\":[{\"@type\":\"WebPage\",\"@id\":\"https:\/\/exceladvisor.org\/es\/crear-un-libro-de-trabajo\/\",\"url\":\"https:\/\/exceladvisor.org\/es\/crear-un-libro-de-trabajo\/\",\"name\":\"\u00bfc\u00f3mo crear un nuevo libro de excel usando vba?\",\"isPartOf\":{\"@id\":\"https:\/\/exceladvisor.org\/es\/#website\"},\"primaryImageOfPage\":{\"@id\":\"https:\/\/exceladvisor.org\/es\/crear-un-libro-de-trabajo\/#primaryimage\"},\"image\":{\"@id\":\"https:\/\/exceladvisor.org\/es\/crear-un-libro-de-trabajo\/#primaryimage\"},\"thumbnailUrl\":\"https:\/\/exceladvisor.org\/wp-content\/uploads\/2023\/08\/1-ajouter-un-nouveau-classeur-a-laide-dun-modele.png\",\"datePublished\":\"2023-11-17T12:05:06+00:00\",\"dateModified\":\"2023-12-25T10:25:20+00:00\",\"breadcrumb\":{\"@id\":\"https:\/\/exceladvisor.org\/es\/crear-un-libro-de-trabajo\/#breadcrumb\"},\"inLanguage\":\"es\",\"potentialAction\":[{\"@type\":\"ReadAction\",\"target\":[\"https:\/\/exceladvisor.org\/es\/crear-un-libro-de-trabajo\/\"]}]},{\"@type\":\"ImageObject\",\"inLanguage\":\"es\",\"@id\":\"https:\/\/exceladvisor.org\/es\/crear-un-libro-de-trabajo\/#primaryimage\",\"url\":\"https:\/\/exceladvisor.org\/wp-content\/uploads\/2023\/08\/1-ajouter-un-nouveau-classeur-a-laide-dun-modele.png\",\"contentUrl\":\"https:\/\/exceladvisor.org\/wp-content\/uploads\/2023\/08\/1-ajouter-un-nouveau-classeur-a-laide-dun-modele.png\"},{\"@type\":\"BreadcrumbList\",\"@id\":\"https:\/\/exceladvisor.org\/es\/crear-un-libro-de-trabajo\/#breadcrumb\",\"itemListElement\":[{\"@type\":\"ListItem\",\"position\":1,\"name\":\"Hogar\",\"item\":\"https:\/\/exceladvisor.org\/es\/\"},{\"@type\":\"ListItem\",\"position\":2,\"name\":\"\u00bfc\u00f3mo crear un nuevo libro de excel usando vba?\"}]},{\"@type\":\"WebSite\",\"@id\":\"https:\/\/exceladvisor.org\/es\/#website\",\"url\":\"https:\/\/exceladvisor.org\/es\/\",\"name\":\"Excel Advisor\",\"description\":\"Su gu\u00eda para la dominaci\u00f3n de datos!\",\"publisher\":{\"@id\":\"https:\/\/exceladvisor.org\/es\/#organization\"},\"potentialAction\":[{\"@type\":\"SearchAction\",\"target\":{\"@type\":\"EntryPoint\",\"urlTemplate\":\"https:\/\/exceladvisor.org\/es\/?s={search_term_string}\"},\"query-input\":{\"@type\":\"PropertyValueSpecification\",\"valueRequired\":true,\"valueName\":\"search_term_string\"}}],\"inLanguage\":\"es\"},{\"@type\":\"Organization\",\"@id\":\"https:\/\/exceladvisor.org\/es\/#organization\",\"name\":\"Excel Advisor\",\"url\":\"https:\/\/exceladvisor.org\/es\/\",\"logo\":{\"@type\":\"ImageObject\",\"inLanguage\":\"es\",\"@id\":\"https:\/\/exceladvisor.org\/es\/#\/schema\/logo\/image\/\",\"url\":\"https:\/\/exceladvisor.org\/es\/wp-content\/uploads\/2023\/12\/exceladvisor.org_.png\",\"contentUrl\":\"https:\/\/exceladvisor.org\/es\/wp-content\/uploads\/2023\/12\/exceladvisor.org_.png\",\"width\":105,\"height\":36,\"caption\":\"Excel Advisor\"},\"image\":{\"@id\":\"https:\/\/exceladvisor.org\/es\/#\/schema\/logo\/image\/\"}}]}<\/script>\n<!-- \/ Yoast SEO plugin. -->","yoast_head_json":{"title":"\u00bfc\u00f3mo crear un nuevo libro de excel usando vba?","robots":{"index":"index","follow":"follow","max-snippet":"max-snippet:-1","max-image-preview":"max-image-preview:large","max-video-preview":"max-video-preview:-1"},"canonical":"https:\/\/exceladvisor.org\/es\/crear-un-libro-de-trabajo\/","og_locale":"es_ES","og_type":"article","og_title":"\u00bfc\u00f3mo crear un nuevo libro de excel usando vba?","og_description":"Para crear un nuevo libro de trabajo usando VBA, debe usar el m\u00e9todo \u00abWorkbooks.Add\u00bb . Cuando utiliza este m\u00e9todo, inserta un nuevo libro (sin guardarlo) y luego lo activa. Esto funciona como cuando presionas el m\u00e9todo abreviado de teclado CONTROL + N. Tambi\u00e9n puedes usar una plantilla para insertar un nuevo libro. Crear un nuevo [&hellip;]","og_url":"https:\/\/exceladvisor.org\/es\/crear-un-libro-de-trabajo\/","og_site_name":"Excel Advisor","article_modified_time":"2023-12-25T10:25:20+00:00","og_image":[{"url":"https:\/\/exceladvisor.org\/wp-content\/uploads\/2023\/08\/1-ajouter-un-nouveau-classeur-a-laide-dun-modele.png","type":"","width":"","height":""}],"twitter_card":"summary_large_image","twitter_misc":{"Tiempo de lectura":"2 minutos"},"schema":{"@context":"https:\/\/schema.org","@graph":[{"@type":"WebPage","@id":"https:\/\/exceladvisor.org\/es\/crear-un-libro-de-trabajo\/","url":"https:\/\/exceladvisor.org\/es\/crear-un-libro-de-trabajo\/","name":"\u00bfc\u00f3mo crear un nuevo libro de excel usando vba?","isPartOf":{"@id":"https:\/\/exceladvisor.org\/es\/#website"},"primaryImageOfPage":{"@id":"https:\/\/exceladvisor.org\/es\/crear-un-libro-de-trabajo\/#primaryimage"},"image":{"@id":"https:\/\/exceladvisor.org\/es\/crear-un-libro-de-trabajo\/#primaryimage"},"thumbnailUrl":"https:\/\/exceladvisor.org\/wp-content\/uploads\/2023\/08\/1-ajouter-un-nouveau-classeur-a-laide-dun-modele.png","datePublished":"2023-11-17T12:05:06+00:00","dateModified":"2023-12-25T10:25:20+00:00","breadcrumb":{"@id":"https:\/\/exceladvisor.org\/es\/crear-un-libro-de-trabajo\/#breadcrumb"},"inLanguage":"es","potentialAction":[{"@type":"ReadAction","target":["https:\/\/exceladvisor.org\/es\/crear-un-libro-de-trabajo\/"]}]},{"@type":"ImageObject","inLanguage":"es","@id":"https:\/\/exceladvisor.org\/es\/crear-un-libro-de-trabajo\/#primaryimage","url":"https:\/\/exceladvisor.org\/wp-content\/uploads\/2023\/08\/1-ajouter-un-nouveau-classeur-a-laide-dun-modele.png","contentUrl":"https:\/\/exceladvisor.org\/wp-content\/uploads\/2023\/08\/1-ajouter-un-nouveau-classeur-a-laide-dun-modele.png"},{"@type":"BreadcrumbList","@id":"https:\/\/exceladvisor.org\/es\/crear-un-libro-de-trabajo\/#breadcrumb","itemListElement":[{"@type":"ListItem","position":1,"name":"Hogar","item":"https:\/\/exceladvisor.org\/es\/"},{"@type":"ListItem","position":2,"name":"\u00bfc\u00f3mo crear un nuevo libro de excel usando vba?"}]},{"@type":"WebSite","@id":"https:\/\/exceladvisor.org\/es\/#website","url":"https:\/\/exceladvisor.org\/es\/","name":"Excel Advisor","description":"Su gu\u00eda para la dominaci\u00f3n de datos!","publisher":{"@id":"https:\/\/exceladvisor.org\/es\/#organization"},"potentialAction":[{"@type":"SearchAction","target":{"@type":"EntryPoint","urlTemplate":"https:\/\/exceladvisor.org\/es\/?s={search_term_string}"},"query-input":{"@type":"PropertyValueSpecification","valueRequired":true,"valueName":"search_term_string"}}],"inLanguage":"es"},{"@type":"Organization","@id":"https:\/\/exceladvisor.org\/es\/#organization","name":"Excel Advisor","url":"https:\/\/exceladvisor.org\/es\/","logo":{"@type":"ImageObject","inLanguage":"es","@id":"https:\/\/exceladvisor.org\/es\/#\/schema\/logo\/image\/","url":"https:\/\/exceladvisor.org\/es\/wp-content\/uploads\/2023\/12\/exceladvisor.org_.png","contentUrl":"https:\/\/exceladvisor.org\/es\/wp-content\/uploads\/2023\/12\/exceladvisor.org_.png","width":105,"height":36,"caption":"Excel Advisor"},"image":{"@id":"https:\/\/exceladvisor.org\/es\/#\/schema\/logo\/image\/"}}]}},"yoast_meta":{"yoast_wpseo_title":"","yoast_wpseo_metadesc":"","yoast_wpseo_canonical":""},"_links":{"self":[{"href":"https:\/\/exceladvisor.org\/es\/wp-json\/wp\/v2\/pages\/67","targetHints":{"allow":["GET"]}}],"collection":[{"href":"https:\/\/exceladvisor.org\/es\/wp-json\/wp\/v2\/pages"}],"about":[{"href":"https:\/\/exceladvisor.org\/es\/wp-json\/wp\/v2\/types\/page"}],"author":[{"embeddable":true,"href":"https:\/\/exceladvisor.org\/es\/wp-json\/wp\/v2\/users\/1"}],"replies":[{"embeddable":true,"href":"https:\/\/exceladvisor.org\/es\/wp-json\/wp\/v2\/comments?post=67"}],"version-history":[{"count":1,"href":"https:\/\/exceladvisor.org\/es\/wp-json\/wp\/v2\/pages\/67\/revisions"}],"predecessor-version":[{"id":1041,"href":"https:\/\/exceladvisor.org\/es\/wp-json\/wp\/v2\/pages\/67\/revisions\/1041"}],"wp:attachment":[{"href":"https:\/\/exceladvisor.org\/es\/wp-json\/wp\/v2\/media?parent=67"}],"curies":[{"name":"wp","href":"https:\/\/api.w.org\/{rel}","templated":true}]}}