{"id":670,"date":"2023-09-29T00:29:07","date_gmt":"2023-09-29T00:29:07","guid":{"rendered":"https:\/\/exceladvisor.org\/es\/ocultar-mostrar-fila-de-columna\/"},"modified":"2023-12-25T10:26:35","modified_gmt":"2023-12-25T10:26:35","slug":"ocultar-mostrar-fila-de-columna","status":"publish","type":"page","link":"https:\/\/exceladvisor.org\/es\/ocultar-mostrar-fila-de-columna\/","title":{"rendered":"\u00bfc\u00f3mo ocultar\/mostrar una columna\/fila a trav\u00e9s de vba?"},"content":{"rendered":"<div class=\"excel-antes-del-contenido\" id=\"excel-1681997747\"><script type=\"text\/javascript\">\r\n\tatOptions = {\r\n\t\t'key' : 'c1158f160081d6540a8409e6925dab94',\r\n\t\t'format' : 'iframe',\r\n\t\t'height' : 250,\r\n\t\t'width' : 300,\r\n\t\t'params' : {}\r\n\t};\r\n<\/script>\r\n<script type=\"text\/javascript\" src=\"\/\/www.highperformanceformat.com\/c1158f160081d6540a8409e6925dab94\/invoke.js\"><\/script><\/div><h2 class=\"wp-block-heading\">Propiedad oculta de VBA<\/h2>\n<p> Para ocultar\/mostrar una columna o fila en Excel usando VBA, puede usar la propiedad \u00abOculto\u00bb. Para utilizar esta propiedad, debe especificar la columna o fila utilizando el <a href=\"https:\/\/exceladvisor.org\/es\/rango-1\/\">objeto de rango<\/a> y luego especificar VERDADERO\/FALSO.<\/p>\n<ol type=\"1\">\n<li> Especifique la columna o fila utilizando el objeto de rango.<\/li>\n<li> Despu\u00e9s de eso, use la propiedad columna\/fila completa para hacer referencia a la fila o columna completa.<\/li>\n<li> Luego use la propiedad oculta.<\/li>\n<li> Al final, especifique verdadero\/falso.<\/li>\n<\/ol>\n<p> Aqu\u00ed est\u00e1 el ejemplo a considerar: <\/p>\n<div class=\"wp-block-image\">\n<figure class=\"aligncenter size-full is-resized\"><img loading=\"lazy\" decoding=\"async\" class=\"wp-image-61436\" src=\"https:\/\/exceladvisor.org\/wp-content\/uploads\/2023\/08\/1-propriete-cachee-vba.png\" sizes=\"auto, \" srcset=\"\" alt=\"propiedad oculta de vba\" width=\"535\" height=\"297\"><\/figure>\n<\/div>\n<pre class=\"wp-block-code\"> <code class=\"language-visual-basic\" lang=\"visual-basic\">Sub vba_hide_row_columns() 'hide the column A Range(\"A:A\").EntireColumn.Hidden = True 'hide the row 1 Range(\"1:1\").EntireRow.Hidden = True End Sub<\/code><\/pre>\n<p> En el c\u00f3digo anterior, hemos utilizado la propiedad oculta para ocultar las columnas A y la fila 1. Y aqu\u00ed est\u00e1 el c\u00f3digo para mostrarlas.<\/p>\n<pre class=\"wp-block-code\"> <code class=\"language-visual-basic\" lang=\"visual-basic\">Sub vba_hide_row_columns() 'unhide the column A Range(\"A:A\").EntireColumn.Hidden = False 'unhide the row 1 Range(\"1:1\").EntireRow.Hidden = False End Sub<\/code><\/pre>\n<h2 class=\"wp-block-heading\"> Ocultar\/Mostrar m\u00faltiples filas y columnas VBA<\/h2>\n<pre class=\"wp-block-code\"> <code class=\"language-visual-basic\" lang=\"visual-basic\">Sub vba_hide_row_columns() 'hide the column A to c Range(\"A:C\").EntireColumn.Hidden = True 'hide the row 1 to 4 Range(\"1:4\").EntireRow.Hidden = True End Sub<\/code><\/pre>\n<p> Y de manera similar, si desea mostrar varias filas y columnas.<\/p>\n<pre class=\"wp-block-code\"> <code class=\"language-visual-basic\" lang=\"visual-basic\">Sub vba_hide_row_columns() 'hide the column A to c Range(\"A:C\").EntireColumn.Hidden = False 'hide the row 1 to 4 Range(\"1:4\").EntireRow.Hidden = False End Sub<\/code><\/pre>\n<h2 class=\"wp-block-heading\"> Ocultar todas las columnas y filas <\/h2>\n<pre class=\"wp-block-code\"> <code class=\"language-visual-basic\" lang=\"visual-basic\">Sub vba_hide_row_columns() 'hide the column A Columns.EntireColumn.Hidden = True 'hide the row 1 Rows.EntireRow.Hidden = True End Sub<\/code><\/pre>\n<div class=\"wp-block-image\">\n<figure class=\"aligncenter size-full is-resized\"><img loading=\"lazy\" decoding=\"async\" class=\"wp-image-61437\" src=\"https:\/\/exceladvisor.org\/wp-content\/uploads\/2023\/08\/2-masquer-toutes-les-colonnes-et-lignes.png\" sizes=\"auto, \" srcset=\"\" alt=\"ocultar todas las columnas y filas\" width=\"558\" height=\"330\"><\/figure>\n<\/div>\n<h2 class=\"wp-block-heading\"> Mostrar todas las columnas y filas<\/h2>\n<pre class=\"wp-block-code\"> <code class=\"language-visual-basic\" lang=\"visual-basic\">Sub vba_hide_row_columns() 'unhide all the columns Columns.EntireColumn.Hidden = False 'unhide all the rows Rows.EntireRow.Hidden = False End Sub<\/code><\/pre>\n<h2 class=\"wp-block-heading\"> Ocultar\/Mostrar columnas y filas en otra hoja de trabajo<\/h2>\n<pre class=\"wp-block-code\"> <code class=\"language-visual-basic\" lang=\"visual-basic\">Sub vba_hide_row_columns() 'hide all columns in the sheet 1 Worksheets(\"Sheet1\").Columns.EntireColumn.Hidden = False 'hide all rows in the sheet 1 Worksheets(\"Sheet1\").Rows.EntireRow.Hidden = False End Sub<\/code><\/pre>\n<div class=\"gb-container gb-container-4db6181c gb-container-mt\"> <a class=\"gb-button gb-button-c5897111 gb-button-text gb-button-mt-button\" href=\"https:\/\/exceladvisor.org\/es\/vba\/\">\u00bfQu\u00e9 es VBA?<\/a><\/p>\n<h2 class=\"gb-headline gb-headline-665e5f6b gb-headline-text gb-headline-mt-heading\"> Tutoriales relacionados <\/h2>\n<div class=\"gb-grid-wrapper gb-grid-wrapper-a20baf7c gb-grid-wrapper-mt-grid\">\n<div class=\"gb-grid-column gb-grid-column-65ddf67e\">\n<div class=\"gb-container gb-container-65ddf67e\">\n<ul>\n<li> <a href=\"https:\/\/exceladvisor.org\/es\/numero-de-lineas\/\">Contar filas usando VBA en Excel<\/a><\/li>\n<li> <a href=\"https:\/\/exceladvisor.org\/es\/fuente-de-caracteres\/\">Fuente Excel VBA (color, tama\u00f1o, tipo y negrita)<\/a><\/li>\n<li> <a href=\"https:\/\/exceladvisor.org\/es\/rango-1\/\">Rango de Excel VBA: trabajar con rango y celdas<\/a><\/li>\n<li> <a href=\"https:\/\/exceladvisor.org\/es\/fronteras\/\">Aplicar bordes a una celda usando VBA en Excel<\/a><\/li>\n<li> <a href=\"https:\/\/exceladvisor.org\/es\/encontrar-la-celda-de-la-columna-de-la-ultima-fila\/\">Encuentre la \u00faltima fila, columna y celda usando VBA en Excel<\/a> <\/li>\n<\/ul>\n<\/div>\n<\/div>\n<div class=\"gb-grid-column gb-grid-column-50067b57\">\n<div class=\"gb-container gb-container-50067b57\"><\/div>\n<\/div>\n<\/div>\n<\/div>\n","protected":false},"excerpt":{"rendered":"<p>Propiedad oculta de VBA Para ocultar\/mostrar una columna o fila en Excel usando VBA, puede usar la propiedad \u00abOculto\u00bb. Para utilizar esta propiedad, debe especificar la columna o fila utilizando el objeto de rango y luego especificar VERDADERO\/FALSO. Especifique la columna o fila utilizando el objeto de rango. Despu\u00e9s de eso, use la propiedad columna\/fila [&hellip;]<\/p>\n","protected":false},"author":1,"featured_media":0,"parent":0,"menu_order":0,"comment_status":"open","ping_status":"closed","template":"","meta":{"ub_ctt_via":"","footnotes":""},"class_list":["post-670","page","type-page","status-publish","hentry"],"featured_image_src":null,"yoast_head":"<!-- This site is optimized with the Yoast SEO plugin v25.4 - https:\/\/yoast.com\/wordpress\/plugins\/seo\/ -->\n<title>\u00bfc\u00f3mo ocultar\/mostrar una columna\/fila a trav\u00e9s de vba?<\/title>\n<meta name=\"robots\" content=\"index, follow, max-snippet:-1, max-image-preview:large, max-video-preview:-1\" \/>\n<link rel=\"canonical\" href=\"https:\/\/exceladvisor.org\/es\/ocultar-mostrar-fila-de-columna\/\" \/>\n<meta property=\"og:locale\" content=\"es_ES\" \/>\n<meta property=\"og:type\" content=\"article\" \/>\n<meta property=\"og:title\" content=\"\u00bfc\u00f3mo ocultar\/mostrar una columna\/fila a trav\u00e9s de vba?\" \/>\n<meta property=\"og:description\" content=\"Propiedad oculta de VBA Para ocultar\/mostrar una columna o fila en Excel usando VBA, puede usar la propiedad \u00abOculto\u00bb. Para utilizar esta propiedad, debe especificar la columna o fila utilizando el objeto de rango y luego especificar VERDADERO\/FALSO. Especifique la columna o fila utilizando el objeto de rango. Despu\u00e9s de eso, use la propiedad columna\/fila [&hellip;]\" \/>\n<meta property=\"og:url\" content=\"https:\/\/exceladvisor.org\/es\/ocultar-mostrar-fila-de-columna\/\" \/>\n<meta property=\"og:site_name\" content=\"Excel Advisor\" \/>\n<meta property=\"article:modified_time\" content=\"2023-12-25T10:26:35+00:00\" \/>\n<meta property=\"og:image\" content=\"https:\/\/exceladvisor.org\/wp-content\/uploads\/2023\/08\/1-propriete-cachee-vba.png\" \/>\n<meta name=\"twitter:card\" content=\"summary_large_image\" \/>\n<meta name=\"twitter:label1\" content=\"Tiempo de lectura\" \/>\n\t<meta name=\"twitter:data1\" content=\"2 minutos\" \/>\n<script type=\"application\/ld+json\" class=\"yoast-schema-graph\">{\"@context\":\"https:\/\/schema.org\",\"@graph\":[{\"@type\":\"WebPage\",\"@id\":\"https:\/\/exceladvisor.org\/es\/ocultar-mostrar-fila-de-columna\/\",\"url\":\"https:\/\/exceladvisor.org\/es\/ocultar-mostrar-fila-de-columna\/\",\"name\":\"\u00bfc\u00f3mo ocultar\/mostrar una columna\/fila a trav\u00e9s de vba?\",\"isPartOf\":{\"@id\":\"https:\/\/exceladvisor.org\/es\/#website\"},\"primaryImageOfPage\":{\"@id\":\"https:\/\/exceladvisor.org\/es\/ocultar-mostrar-fila-de-columna\/#primaryimage\"},\"image\":{\"@id\":\"https:\/\/exceladvisor.org\/es\/ocultar-mostrar-fila-de-columna\/#primaryimage\"},\"thumbnailUrl\":\"https:\/\/exceladvisor.org\/wp-content\/uploads\/2023\/08\/1-propriete-cachee-vba.png\",\"datePublished\":\"2023-09-29T00:29:07+00:00\",\"dateModified\":\"2023-12-25T10:26:35+00:00\",\"breadcrumb\":{\"@id\":\"https:\/\/exceladvisor.org\/es\/ocultar-mostrar-fila-de-columna\/#breadcrumb\"},\"inLanguage\":\"es\",\"potentialAction\":[{\"@type\":\"ReadAction\",\"target\":[\"https:\/\/exceladvisor.org\/es\/ocultar-mostrar-fila-de-columna\/\"]}]},{\"@type\":\"ImageObject\",\"inLanguage\":\"es\",\"@id\":\"https:\/\/exceladvisor.org\/es\/ocultar-mostrar-fila-de-columna\/#primaryimage\",\"url\":\"https:\/\/exceladvisor.org\/wp-content\/uploads\/2023\/08\/1-propriete-cachee-vba.png\",\"contentUrl\":\"https:\/\/exceladvisor.org\/wp-content\/uploads\/2023\/08\/1-propriete-cachee-vba.png\"},{\"@type\":\"BreadcrumbList\",\"@id\":\"https:\/\/exceladvisor.org\/es\/ocultar-mostrar-fila-de-columna\/#breadcrumb\",\"itemListElement\":[{\"@type\":\"ListItem\",\"position\":1,\"name\":\"Hogar\",\"item\":\"https:\/\/exceladvisor.org\/es\/\"},{\"@type\":\"ListItem\",\"position\":2,\"name\":\"\u00bfc\u00f3mo ocultar\/mostrar una columna\/fila a trav\u00e9s de vba?\"}]},{\"@type\":\"WebSite\",\"@id\":\"https:\/\/exceladvisor.org\/es\/#website\",\"url\":\"https:\/\/exceladvisor.org\/es\/\",\"name\":\"Excel Advisor\",\"description\":\"Su gu\u00eda para la dominaci\u00f3n de datos!\",\"publisher\":{\"@id\":\"https:\/\/exceladvisor.org\/es\/#organization\"},\"potentialAction\":[{\"@type\":\"SearchAction\",\"target\":{\"@type\":\"EntryPoint\",\"urlTemplate\":\"https:\/\/exceladvisor.org\/es\/?s={search_term_string}\"},\"query-input\":{\"@type\":\"PropertyValueSpecification\",\"valueRequired\":true,\"valueName\":\"search_term_string\"}}],\"inLanguage\":\"es\"},{\"@type\":\"Organization\",\"@id\":\"https:\/\/exceladvisor.org\/es\/#organization\",\"name\":\"Excel Advisor\",\"url\":\"https:\/\/exceladvisor.org\/es\/\",\"logo\":{\"@type\":\"ImageObject\",\"inLanguage\":\"es\",\"@id\":\"https:\/\/exceladvisor.org\/es\/#\/schema\/logo\/image\/\",\"url\":\"https:\/\/exceladvisor.org\/es\/wp-content\/uploads\/2023\/12\/exceladvisor.org_.png\",\"contentUrl\":\"https:\/\/exceladvisor.org\/es\/wp-content\/uploads\/2023\/12\/exceladvisor.org_.png\",\"width\":105,\"height\":36,\"caption\":\"Excel Advisor\"},\"image\":{\"@id\":\"https:\/\/exceladvisor.org\/es\/#\/schema\/logo\/image\/\"}}]}<\/script>\n<!-- \/ Yoast SEO plugin. -->","yoast_head_json":{"title":"\u00bfc\u00f3mo ocultar\/mostrar una columna\/fila a trav\u00e9s de vba?","robots":{"index":"index","follow":"follow","max-snippet":"max-snippet:-1","max-image-preview":"max-image-preview:large","max-video-preview":"max-video-preview:-1"},"canonical":"https:\/\/exceladvisor.org\/es\/ocultar-mostrar-fila-de-columna\/","og_locale":"es_ES","og_type":"article","og_title":"\u00bfc\u00f3mo ocultar\/mostrar una columna\/fila a trav\u00e9s de vba?","og_description":"Propiedad oculta de VBA Para ocultar\/mostrar una columna o fila en Excel usando VBA, puede usar la propiedad \u00abOculto\u00bb. Para utilizar esta propiedad, debe especificar la columna o fila utilizando el objeto de rango y luego especificar VERDADERO\/FALSO. Especifique la columna o fila utilizando el objeto de rango. Despu\u00e9s de eso, use la propiedad columna\/fila [&hellip;]","og_url":"https:\/\/exceladvisor.org\/es\/ocultar-mostrar-fila-de-columna\/","og_site_name":"Excel Advisor","article_modified_time":"2023-12-25T10:26:35+00:00","og_image":[{"url":"https:\/\/exceladvisor.org\/wp-content\/uploads\/2023\/08\/1-propriete-cachee-vba.png","type":"","width":"","height":""}],"twitter_card":"summary_large_image","twitter_misc":{"Tiempo de lectura":"2 minutos"},"schema":{"@context":"https:\/\/schema.org","@graph":[{"@type":"WebPage","@id":"https:\/\/exceladvisor.org\/es\/ocultar-mostrar-fila-de-columna\/","url":"https:\/\/exceladvisor.org\/es\/ocultar-mostrar-fila-de-columna\/","name":"\u00bfc\u00f3mo ocultar\/mostrar una columna\/fila a trav\u00e9s de vba?","isPartOf":{"@id":"https:\/\/exceladvisor.org\/es\/#website"},"primaryImageOfPage":{"@id":"https:\/\/exceladvisor.org\/es\/ocultar-mostrar-fila-de-columna\/#primaryimage"},"image":{"@id":"https:\/\/exceladvisor.org\/es\/ocultar-mostrar-fila-de-columna\/#primaryimage"},"thumbnailUrl":"https:\/\/exceladvisor.org\/wp-content\/uploads\/2023\/08\/1-propriete-cachee-vba.png","datePublished":"2023-09-29T00:29:07+00:00","dateModified":"2023-12-25T10:26:35+00:00","breadcrumb":{"@id":"https:\/\/exceladvisor.org\/es\/ocultar-mostrar-fila-de-columna\/#breadcrumb"},"inLanguage":"es","potentialAction":[{"@type":"ReadAction","target":["https:\/\/exceladvisor.org\/es\/ocultar-mostrar-fila-de-columna\/"]}]},{"@type":"ImageObject","inLanguage":"es","@id":"https:\/\/exceladvisor.org\/es\/ocultar-mostrar-fila-de-columna\/#primaryimage","url":"https:\/\/exceladvisor.org\/wp-content\/uploads\/2023\/08\/1-propriete-cachee-vba.png","contentUrl":"https:\/\/exceladvisor.org\/wp-content\/uploads\/2023\/08\/1-propriete-cachee-vba.png"},{"@type":"BreadcrumbList","@id":"https:\/\/exceladvisor.org\/es\/ocultar-mostrar-fila-de-columna\/#breadcrumb","itemListElement":[{"@type":"ListItem","position":1,"name":"Hogar","item":"https:\/\/exceladvisor.org\/es\/"},{"@type":"ListItem","position":2,"name":"\u00bfc\u00f3mo ocultar\/mostrar una columna\/fila a trav\u00e9s de vba?"}]},{"@type":"WebSite","@id":"https:\/\/exceladvisor.org\/es\/#website","url":"https:\/\/exceladvisor.org\/es\/","name":"Excel Advisor","description":"Su gu\u00eda para la dominaci\u00f3n de datos!","publisher":{"@id":"https:\/\/exceladvisor.org\/es\/#organization"},"potentialAction":[{"@type":"SearchAction","target":{"@type":"EntryPoint","urlTemplate":"https:\/\/exceladvisor.org\/es\/?s={search_term_string}"},"query-input":{"@type":"PropertyValueSpecification","valueRequired":true,"valueName":"search_term_string"}}],"inLanguage":"es"},{"@type":"Organization","@id":"https:\/\/exceladvisor.org\/es\/#organization","name":"Excel Advisor","url":"https:\/\/exceladvisor.org\/es\/","logo":{"@type":"ImageObject","inLanguage":"es","@id":"https:\/\/exceladvisor.org\/es\/#\/schema\/logo\/image\/","url":"https:\/\/exceladvisor.org\/es\/wp-content\/uploads\/2023\/12\/exceladvisor.org_.png","contentUrl":"https:\/\/exceladvisor.org\/es\/wp-content\/uploads\/2023\/12\/exceladvisor.org_.png","width":105,"height":36,"caption":"Excel Advisor"},"image":{"@id":"https:\/\/exceladvisor.org\/es\/#\/schema\/logo\/image\/"}}]}},"yoast_meta":{"yoast_wpseo_title":"","yoast_wpseo_metadesc":"","yoast_wpseo_canonical":""},"_links":{"self":[{"href":"https:\/\/exceladvisor.org\/es\/wp-json\/wp\/v2\/pages\/670","targetHints":{"allow":["GET"]}}],"collection":[{"href":"https:\/\/exceladvisor.org\/es\/wp-json\/wp\/v2\/pages"}],"about":[{"href":"https:\/\/exceladvisor.org\/es\/wp-json\/wp\/v2\/types\/page"}],"author":[{"embeddable":true,"href":"https:\/\/exceladvisor.org\/es\/wp-json\/wp\/v2\/users\/1"}],"replies":[{"embeddable":true,"href":"https:\/\/exceladvisor.org\/es\/wp-json\/wp\/v2\/comments?post=670"}],"version-history":[{"count":1,"href":"https:\/\/exceladvisor.org\/es\/wp-json\/wp\/v2\/pages\/670\/revisions"}],"predecessor-version":[{"id":1148,"href":"https:\/\/exceladvisor.org\/es\/wp-json\/wp\/v2\/pages\/670\/revisions\/1148"}],"wp:attachment":[{"href":"https:\/\/exceladvisor.org\/es\/wp-json\/wp\/v2\/media?parent=670"}],"curies":[{"name":"wp","href":"https:\/\/api.w.org\/{rel}","templated":true}]}}