{"id":671,"date":"2023-09-28T23:53:52","date_gmt":"2023-09-28T23:53:52","guid":{"rendered":"https:\/\/exceladvisor.org\/es\/fecha-de-hoy-hora-actual\/"},"modified":"2023-12-25T10:26:25","modified_gmt":"2023-12-25T10:26:25","slug":"fecha-de-hoy-hora-actual","status":"publish","type":"page","link":"https:\/\/exceladvisor.org\/es\/fecha-de-hoy-hora-actual\/","title":{"rendered":"\u00bfc\u00f3mo obtener la fecha y hora actuales?"},"content":{"rendered":"<div class=\"excel-antes-del-contenido\" id=\"excel-2515068331\"><script type=\"text\/javascript\">\r\n\tatOptions = {\r\n\t\t'key' : 'c1158f160081d6540a8409e6925dab94',\r\n\t\t'format' : 'iframe',\r\n\t\t'height' : 250,\r\n\t\t'width' : 300,\r\n\t\t'params' : {}\r\n\t};\r\n<\/script>\r\n<script type=\"text\/javascript\" src=\"\/\/www.highperformanceformat.com\/c1158f160081d6540a8409e6925dab94\/invoke.js\"><\/script><\/div><p>En este tutorial, aprenderemos diferentes formas de obtener la fecha y hora de hoy usando c\u00f3digo VBA.<\/p>\n<h2 class=\"wp-block-heading\"> La fecha de hoy en VBA<\/h2>\n<p> En VBA, hay una funci\u00f3n llamada \u00bb <a href=\"https:\/\/exceladvisor.org\/es\/fecha-2\/\">FECHA<\/a> \u00bb que puedes usar para obtener la fecha actual. Cuando utiliza esta funci\u00f3n, como en el siguiente ejemplo, devuelve la fecha actual seg\u00fan la configuraci\u00f3n de fecha del sistema.<\/p>\n<pre class=\"wp-block-code\"> <code class=\"language-visual-basic\" lang=\"visual-basic\"><strong>Sub<\/strong> myMacro() Range(\"A1\") = Date <strong>End<\/strong> <strong>Sub<\/strong><\/code><\/pre>\n<p> Cuando <a href=\"https:\/\/exceladvisor.org\/es\/ejecutar-una-macro-2\/\">ejecuta este c\u00f3digo<\/a> , ingresa la fecha actual en la celda A1 y usa el formato de fecha actual que tiene en Excel. <\/p>\n<div class=\"wp-block-image\">\n<figure class=\"aligncenter size-full is-resized\"><img loading=\"lazy\" decoding=\"async\" class=\"wp-image-61123\" src=\"https:\/\/exceladvisor.org\/wp-content\/uploads\/2023\/08\/1-date-daujourdhui-en-vba.png\" sizes=\"auto, \" srcset=\"\" alt=\"fecha-de-hoy-en-vba\" width=\"448\" height=\"451\"><\/figure>\n<\/div>\n<p> Tambi\u00e9n puede utilizar esta funci\u00f3n para obtener la fecha de hoy en un <a href=\"https:\/\/exceladvisor.org\/es\/cuadro-de-mensajes-vba\/\">cuadro de mensaje<\/a> , como en el siguiente c\u00f3digo.<\/p>\n<pre class=\"wp-block-code\"> <code class=\"language-visual-basic\" lang=\"visual-basic\"><strong>Sub<\/strong> myMacro() MsgBox Date <strong>End<\/strong> <strong>Sub<\/strong><\/code><\/pre>\n<h2 class=\"wp-block-heading\"> Fecha de hoy y hora actual.<\/h2>\n<p> De manera similar, existe una funci\u00f3n llamada \u00bb <a href=\"https:\/\/exceladvisor.org\/es\/ahora\/\">AHORA<\/a> \u00bb que puedes usar para obtener la fecha y hora de hoy. Como puede ver, lo usamos en el siguiente c\u00f3digo para obtener la fecha y hora actuales en la celda A1. <\/p>\n<div class=\"wp-block-image\">\n<figure class=\"aligncenter size-full is-resized\"><img loading=\"lazy\" decoding=\"async\" class=\"wp-image-61124\" src=\"https:\/\/exceladvisor.org\/wp-content\/uploads\/2023\/08\/2-date-daujourdhui-et-heure-actuelle.png\" sizes=\"auto, \" srcset=\"\" alt=\"fecha-actual-y-hora-actual\" width=\"450\" height=\"429\"><\/figure>\n<\/div>\n<pre class=\"wp-block-code\"> <code class=\"language-visual-basic\" lang=\"visual-basic\"><strong>Sub<\/strong> myMacro() Range(\"A1\") = Now <strong>End<\/strong> <strong>Sub<\/strong><\/code><\/pre>\n<h2 class=\"wp-block-heading\"> Hora actual<\/h2>\n<p> Ahora, si desea obtener solo la hora actual en lugar de la fecha y la hora, debe usar otra funci\u00f3n \u00abFormato\u00bb ( <a href=\"https:\/\/exceladvisor.org\/es\/formato\/\">puede leer m\u00e1s sobre esta funci\u00f3n aqu\u00ed<\/a> ) junto con la funci\u00f3n ahora. <\/p>\n<div class=\"wp-block-image\">\n<figure class=\"aligncenter size-full is-resized\"><img loading=\"lazy\" decoding=\"async\" class=\"wp-image-61125\" src=\"https:\/\/exceladvisor.org\/wp-content\/uploads\/2023\/08\/3-heure-actuelle.png\" sizes=\"auto, \" srcset=\"\" alt=\"hora actual\" width=\"585\" height=\"388\"><\/figure>\n<\/div>\n<p> En el c\u00f3digo anterior, usamos la funci\u00f3n ahora para proporcionar el valor de la funci\u00f3n de formato y luego usamos un formato solo para el tiempo.<\/p>\n<pre class=\"wp-block-code\"> <code class=\"language-visual-basic\" lang=\"visual-basic\">Sub myMacro() Range(\"A1\") = Format( <strong>Now<\/strong> , \"HH:MM Am\/Pm\") End Sub<\/code><\/pre>\n<h2 class=\"wp-block-heading\"> Cambiar el formato de la fecha de hoy (ejemplo: AAAAMMDD)<\/h2>\n<p> Tambi\u00e9n puede utilizar la funci\u00f3n de formato para cambiar el formato de la fecha actual. En el siguiente c\u00f3digo, utilizamos la funci\u00f3n de formato y especificamos el formato como \u00abAAAAMMDD\u00bb.<\/p>\n<pre class=\"wp-block-code\"> <code class=\"language-visual-basic\" lang=\"visual-basic\">Sub myMacro() <strong>Range<\/strong> (\"A1\"). <strong>Value<\/strong> = <strong>Format<\/strong> ( <strong>Date<\/strong> , \"YYYY\/MM\/DD\") <strong>End<\/strong> Sub<\/code><\/pre>\n<p class=\"qt-tip\"> Nota: En el c\u00f3digo anterior, hemos utilizado la propiedad de valor para ingresar la fecha en la celda A1. <\/p>\n<div class=\"wp-block-image\">\n<figure class=\"aligncenter size-full is-resized\"><img loading=\"lazy\" decoding=\"async\" class=\"wp-image-61126\" src=\"https:\/\/exceladvisor.org\/wp-content\/uploads\/2023\/08\/4-format-de-date-daujourdhui.png\" sizes=\"auto, \" srcset=\"\" alt=\"formato de fecha de hoy\" width=\"613\" height=\"333\"><\/figure>\n<\/div>\n<div class=\"gb-container gb-container-4db6181c gb-container-mt\"> <a class=\"gb-button gb-button-c5897111 gb-button-text gb-button-mt-button\" href=\"https:\/\/exceladvisor.org\/es\/vba\/\">\u00bfQu\u00e9 es VBA?<\/a><\/p>\n<h2 class=\"gb-headline gb-headline-665e5f6b gb-headline-text gb-headline-mt-heading\"> Tutoriales relacionados <\/h2>\n<div class=\"gb-grid-wrapper gb-grid-wrapper-a20baf7c gb-grid-wrapper-mt-grid\">\n<div class=\"gb-grid-column gb-grid-column-65ddf67e\">\n<div class=\"gb-container gb-container-65ddf67e\">\n<ul>\n<li> <a href=\"https:\/\/exceladvisor.org\/es\/promedio-2\/\">Valores medios en Excel con VBA<\/a><\/li>\n<li> <a href=\"https:\/\/exceladvisor.org\/es\/suma-1\/\">Sumar valores en Excel usando VBA<\/a><\/li>\n<li> <a href=\"https:\/\/exceladvisor.org\/es\/partido-2\/\">Funci\u00f3n de coincidencia en VBA<\/a><\/li>\n<li> <a href=\"https:\/\/exceladvisor.org\/es\/numero-aleatorio\/\">n\u00fameros aleatorios VBA<\/a><\/li>\n<li> <a href=\"https:\/\/exceladvisor.org\/es\/calcular\/\">C\u00e1lculo VBA<\/a> <\/li>\n<\/ul>\n<\/div>\n<\/div>\n<div class=\"gb-grid-column gb-grid-column-50067b57\">\n<div class=\"gb-container gb-container-50067b57\"><\/div>\n<\/div>\n<\/div>\n<\/div>\n","protected":false},"excerpt":{"rendered":"<p>En este tutorial, aprenderemos diferentes formas de obtener la fecha y hora de hoy usando c\u00f3digo VBA. La fecha de hoy en VBA En VBA, hay una funci\u00f3n llamada \u00bb FECHA \u00bb que puedes usar para obtener la fecha actual. Cuando utiliza esta funci\u00f3n, como en el siguiente ejemplo, devuelve la fecha actual seg\u00fan la [&hellip;]<\/p>\n","protected":false},"author":1,"featured_media":0,"parent":0,"menu_order":0,"comment_status":"open","ping_status":"closed","template":"","meta":{"ub_ctt_via":"","footnotes":""},"class_list":["post-671","page","type-page","status-publish","hentry"],"featured_image_src":null,"yoast_head":"<!-- This site is optimized with the Yoast SEO plugin v25.4 - https:\/\/yoast.com\/wordpress\/plugins\/seo\/ -->\n<title>\u00bfc\u00f3mo obtener la fecha y hora actuales?<\/title>\n<meta name=\"robots\" content=\"index, follow, max-snippet:-1, max-image-preview:large, max-video-preview:-1\" \/>\n<link rel=\"canonical\" href=\"https:\/\/exceladvisor.org\/es\/fecha-de-hoy-hora-actual\/\" \/>\n<meta property=\"og:locale\" content=\"es_ES\" \/>\n<meta property=\"og:type\" content=\"article\" \/>\n<meta property=\"og:title\" content=\"\u00bfc\u00f3mo obtener la fecha y hora actuales?\" \/>\n<meta property=\"og:description\" content=\"En este tutorial, aprenderemos diferentes formas de obtener la fecha y hora de hoy usando c\u00f3digo VBA. La fecha de hoy en VBA En VBA, hay una funci\u00f3n llamada \u00bb FECHA \u00bb que puedes usar para obtener la fecha actual. Cuando utiliza esta funci\u00f3n, como en el siguiente ejemplo, devuelve la fecha actual seg\u00fan la [&hellip;]\" \/>\n<meta property=\"og:url\" content=\"https:\/\/exceladvisor.org\/es\/fecha-de-hoy-hora-actual\/\" \/>\n<meta property=\"og:site_name\" content=\"Excel Advisor\" \/>\n<meta property=\"article:modified_time\" content=\"2023-12-25T10:26:25+00:00\" \/>\n<meta property=\"og:image\" content=\"https:\/\/exceladvisor.org\/wp-content\/uploads\/2023\/08\/1-date-daujourdhui-en-vba.png\" \/>\n<meta name=\"twitter:card\" content=\"summary_large_image\" \/>\n<meta name=\"twitter:label1\" content=\"Tiempo de lectura\" \/>\n\t<meta name=\"twitter:data1\" content=\"2 minutos\" \/>\n<script type=\"application\/ld+json\" class=\"yoast-schema-graph\">{\"@context\":\"https:\/\/schema.org\",\"@graph\":[{\"@type\":\"WebPage\",\"@id\":\"https:\/\/exceladvisor.org\/es\/fecha-de-hoy-hora-actual\/\",\"url\":\"https:\/\/exceladvisor.org\/es\/fecha-de-hoy-hora-actual\/\",\"name\":\"\u00bfc\u00f3mo obtener la fecha y hora actuales?\",\"isPartOf\":{\"@id\":\"https:\/\/exceladvisor.org\/es\/#website\"},\"primaryImageOfPage\":{\"@id\":\"https:\/\/exceladvisor.org\/es\/fecha-de-hoy-hora-actual\/#primaryimage\"},\"image\":{\"@id\":\"https:\/\/exceladvisor.org\/es\/fecha-de-hoy-hora-actual\/#primaryimage\"},\"thumbnailUrl\":\"https:\/\/exceladvisor.org\/wp-content\/uploads\/2023\/08\/1-date-daujourdhui-en-vba.png\",\"datePublished\":\"2023-09-28T23:53:52+00:00\",\"dateModified\":\"2023-12-25T10:26:25+00:00\",\"breadcrumb\":{\"@id\":\"https:\/\/exceladvisor.org\/es\/fecha-de-hoy-hora-actual\/#breadcrumb\"},\"inLanguage\":\"es\",\"potentialAction\":[{\"@type\":\"ReadAction\",\"target\":[\"https:\/\/exceladvisor.org\/es\/fecha-de-hoy-hora-actual\/\"]}]},{\"@type\":\"ImageObject\",\"inLanguage\":\"es\",\"@id\":\"https:\/\/exceladvisor.org\/es\/fecha-de-hoy-hora-actual\/#primaryimage\",\"url\":\"https:\/\/exceladvisor.org\/wp-content\/uploads\/2023\/08\/1-date-daujourdhui-en-vba.png\",\"contentUrl\":\"https:\/\/exceladvisor.org\/wp-content\/uploads\/2023\/08\/1-date-daujourdhui-en-vba.png\"},{\"@type\":\"BreadcrumbList\",\"@id\":\"https:\/\/exceladvisor.org\/es\/fecha-de-hoy-hora-actual\/#breadcrumb\",\"itemListElement\":[{\"@type\":\"ListItem\",\"position\":1,\"name\":\"Hogar\",\"item\":\"https:\/\/exceladvisor.org\/es\/\"},{\"@type\":\"ListItem\",\"position\":2,\"name\":\"\u00bfc\u00f3mo obtener la fecha y hora actuales?\"}]},{\"@type\":\"WebSite\",\"@id\":\"https:\/\/exceladvisor.org\/es\/#website\",\"url\":\"https:\/\/exceladvisor.org\/es\/\",\"name\":\"Excel Advisor\",\"description\":\"Su gu\u00eda para la dominaci\u00f3n de datos!\",\"publisher\":{\"@id\":\"https:\/\/exceladvisor.org\/es\/#organization\"},\"potentialAction\":[{\"@type\":\"SearchAction\",\"target\":{\"@type\":\"EntryPoint\",\"urlTemplate\":\"https:\/\/exceladvisor.org\/es\/?s={search_term_string}\"},\"query-input\":{\"@type\":\"PropertyValueSpecification\",\"valueRequired\":true,\"valueName\":\"search_term_string\"}}],\"inLanguage\":\"es\"},{\"@type\":\"Organization\",\"@id\":\"https:\/\/exceladvisor.org\/es\/#organization\",\"name\":\"Excel Advisor\",\"url\":\"https:\/\/exceladvisor.org\/es\/\",\"logo\":{\"@type\":\"ImageObject\",\"inLanguage\":\"es\",\"@id\":\"https:\/\/exceladvisor.org\/es\/#\/schema\/logo\/image\/\",\"url\":\"https:\/\/exceladvisor.org\/es\/wp-content\/uploads\/2023\/12\/exceladvisor.org_.png\",\"contentUrl\":\"https:\/\/exceladvisor.org\/es\/wp-content\/uploads\/2023\/12\/exceladvisor.org_.png\",\"width\":105,\"height\":36,\"caption\":\"Excel Advisor\"},\"image\":{\"@id\":\"https:\/\/exceladvisor.org\/es\/#\/schema\/logo\/image\/\"}}]}<\/script>\n<!-- \/ Yoast SEO plugin. -->","yoast_head_json":{"title":"\u00bfc\u00f3mo obtener la fecha y hora actuales?","robots":{"index":"index","follow":"follow","max-snippet":"max-snippet:-1","max-image-preview":"max-image-preview:large","max-video-preview":"max-video-preview:-1"},"canonical":"https:\/\/exceladvisor.org\/es\/fecha-de-hoy-hora-actual\/","og_locale":"es_ES","og_type":"article","og_title":"\u00bfc\u00f3mo obtener la fecha y hora actuales?","og_description":"En este tutorial, aprenderemos diferentes formas de obtener la fecha y hora de hoy usando c\u00f3digo VBA. La fecha de hoy en VBA En VBA, hay una funci\u00f3n llamada \u00bb FECHA \u00bb que puedes usar para obtener la fecha actual. Cuando utiliza esta funci\u00f3n, como en el siguiente ejemplo, devuelve la fecha actual seg\u00fan la [&hellip;]","og_url":"https:\/\/exceladvisor.org\/es\/fecha-de-hoy-hora-actual\/","og_site_name":"Excel Advisor","article_modified_time":"2023-12-25T10:26:25+00:00","og_image":[{"url":"https:\/\/exceladvisor.org\/wp-content\/uploads\/2023\/08\/1-date-daujourdhui-en-vba.png","type":"","width":"","height":""}],"twitter_card":"summary_large_image","twitter_misc":{"Tiempo de lectura":"2 minutos"},"schema":{"@context":"https:\/\/schema.org","@graph":[{"@type":"WebPage","@id":"https:\/\/exceladvisor.org\/es\/fecha-de-hoy-hora-actual\/","url":"https:\/\/exceladvisor.org\/es\/fecha-de-hoy-hora-actual\/","name":"\u00bfc\u00f3mo obtener la fecha y hora actuales?","isPartOf":{"@id":"https:\/\/exceladvisor.org\/es\/#website"},"primaryImageOfPage":{"@id":"https:\/\/exceladvisor.org\/es\/fecha-de-hoy-hora-actual\/#primaryimage"},"image":{"@id":"https:\/\/exceladvisor.org\/es\/fecha-de-hoy-hora-actual\/#primaryimage"},"thumbnailUrl":"https:\/\/exceladvisor.org\/wp-content\/uploads\/2023\/08\/1-date-daujourdhui-en-vba.png","datePublished":"2023-09-28T23:53:52+00:00","dateModified":"2023-12-25T10:26:25+00:00","breadcrumb":{"@id":"https:\/\/exceladvisor.org\/es\/fecha-de-hoy-hora-actual\/#breadcrumb"},"inLanguage":"es","potentialAction":[{"@type":"ReadAction","target":["https:\/\/exceladvisor.org\/es\/fecha-de-hoy-hora-actual\/"]}]},{"@type":"ImageObject","inLanguage":"es","@id":"https:\/\/exceladvisor.org\/es\/fecha-de-hoy-hora-actual\/#primaryimage","url":"https:\/\/exceladvisor.org\/wp-content\/uploads\/2023\/08\/1-date-daujourdhui-en-vba.png","contentUrl":"https:\/\/exceladvisor.org\/wp-content\/uploads\/2023\/08\/1-date-daujourdhui-en-vba.png"},{"@type":"BreadcrumbList","@id":"https:\/\/exceladvisor.org\/es\/fecha-de-hoy-hora-actual\/#breadcrumb","itemListElement":[{"@type":"ListItem","position":1,"name":"Hogar","item":"https:\/\/exceladvisor.org\/es\/"},{"@type":"ListItem","position":2,"name":"\u00bfc\u00f3mo obtener la fecha y hora actuales?"}]},{"@type":"WebSite","@id":"https:\/\/exceladvisor.org\/es\/#website","url":"https:\/\/exceladvisor.org\/es\/","name":"Excel Advisor","description":"Su gu\u00eda para la dominaci\u00f3n de datos!","publisher":{"@id":"https:\/\/exceladvisor.org\/es\/#organization"},"potentialAction":[{"@type":"SearchAction","target":{"@type":"EntryPoint","urlTemplate":"https:\/\/exceladvisor.org\/es\/?s={search_term_string}"},"query-input":{"@type":"PropertyValueSpecification","valueRequired":true,"valueName":"search_term_string"}}],"inLanguage":"es"},{"@type":"Organization","@id":"https:\/\/exceladvisor.org\/es\/#organization","name":"Excel Advisor","url":"https:\/\/exceladvisor.org\/es\/","logo":{"@type":"ImageObject","inLanguage":"es","@id":"https:\/\/exceladvisor.org\/es\/#\/schema\/logo\/image\/","url":"https:\/\/exceladvisor.org\/es\/wp-content\/uploads\/2023\/12\/exceladvisor.org_.png","contentUrl":"https:\/\/exceladvisor.org\/es\/wp-content\/uploads\/2023\/12\/exceladvisor.org_.png","width":105,"height":36,"caption":"Excel Advisor"},"image":{"@id":"https:\/\/exceladvisor.org\/es\/#\/schema\/logo\/image\/"}}]}},"yoast_meta":{"yoast_wpseo_title":"","yoast_wpseo_metadesc":"","yoast_wpseo_canonical":""},"_links":{"self":[{"href":"https:\/\/exceladvisor.org\/es\/wp-json\/wp\/v2\/pages\/671","targetHints":{"allow":["GET"]}}],"collection":[{"href":"https:\/\/exceladvisor.org\/es\/wp-json\/wp\/v2\/pages"}],"about":[{"href":"https:\/\/exceladvisor.org\/es\/wp-json\/wp\/v2\/types\/page"}],"author":[{"embeddable":true,"href":"https:\/\/exceladvisor.org\/es\/wp-json\/wp\/v2\/users\/1"}],"replies":[{"embeddable":true,"href":"https:\/\/exceladvisor.org\/es\/wp-json\/wp\/v2\/comments?post=671"}],"version-history":[{"count":1,"href":"https:\/\/exceladvisor.org\/es\/wp-json\/wp\/v2\/pages\/671\/revisions"}],"predecessor-version":[{"id":1139,"href":"https:\/\/exceladvisor.org\/es\/wp-json\/wp\/v2\/pages\/671\/revisions\/1139"}],"wp:attachment":[{"href":"https:\/\/exceladvisor.org\/es\/wp-json\/wp\/v2\/media?parent=671"}],"curies":[{"name":"wp","href":"https:\/\/api.w.org\/{rel}","templated":true}]}}