{"id":673,"date":"2023-09-28T22:43:00","date_gmt":"2023-09-28T22:43:00","guid":{"rendered":"https:\/\/exceladvisor.org\/es\/recorrer-el-rango\/"},"modified":"2023-12-25T10:26:15","modified_gmt":"2023-12-25T10:26:15","slug":"recorrer-el-rango","status":"publish","type":"page","link":"https:\/\/exceladvisor.org\/es\/recorrer-el-rango\/","title":{"rendered":"\u00bfc\u00f3mo navegar por un rango usando vba?"},"content":{"rendered":"<div class=\"excel-antes-del-contenido\" id=\"excel-2817614564\"><script type=\"text\/javascript\">\r\n\tatOptions = {\r\n\t\t'key' : 'c1158f160081d6540a8409e6925dab94',\r\n\t\t'format' : 'iframe',\r\n\t\t'height' : 250,\r\n\t\t'width' : 300,\r\n\t\t'params' : {}\r\n\t};\r\n<\/script>\r\n<script type=\"text\/javascript\" src=\"\/\/www.highperformanceformat.com\/c1158f160081d6540a8409e6925dab94\/invoke.js\"><\/script><\/div><p>Para recorrer un rango en VBA, debe usar la opci\u00f3n \u00abPara cada bucle\u00bb. Con este bucle, puede escribir c\u00f3digo en el que le indique a VBA que revise cada celda del rango, columna o fila y realice una actividad espec\u00edfica.<\/p>\n<pre class=\"wp-block-code\"> <code class=\"language-visual-basic\" lang=\"visual-basic\"><strong>Sub<\/strong> vba_loop_range() <strong>Dim<\/strong> iCell <strong>As<\/strong> Range <strong>For<\/strong> <strong>Each<\/strong> iCell <strong>In<\/strong> Range(\"A1:A10\").Cells   iCell.Value = \"Yes\" <strong>Next<\/strong> iCell <strong>End<\/strong> <strong>Sub<\/strong><\/code><\/pre>\n<p> Estos son los pasos para caminar por una playa:<\/p>\n<ol>\n<li> Primero, declare una variable para usar como celda del rango para recorrer. <br \/><img loading=\"lazy\" decoding=\"async\" title=\"1 bucle a trav\u00e9s del rango\" src=\"https:\/\/exceladvisor.org\/wp-content\/uploads\/2023\/08\/1-boucle-a-travers-la-gamme.png\" sizes=\"auto, \" srcset=\"\" alt=\"loop-through-range\" width=\"281\" height=\"277\"><\/li>\n<li> Despu\u00e9s de eso, inicie el ciclo \u00abPara cada\u00bb y use la variable \u00abiCell\u00bb para representar cada celda en el rango durante el ciclo. <br \/><img loading=\"lazy\" decoding=\"async\" title=\"2-uso-icell-variable\" src=\"https:\/\/exceladvisor.org\/wp-content\/uploads\/2023\/08\/2-utiliser-la-variable-icecell.png\" sizes=\"auto, \" srcset=\"\" alt=\"use-icell-variable\" width=\"404\" height=\"289\"><\/li>\n<li> A continuaci\u00f3n, debe escribir una l\u00ednea de c\u00f3digo para realizar una actividad en cada celda en la que recorremos el rango. <br \/><img loading=\"lazy\" decoding=\"async\" title=\"3-escribir-una-l\u00ednea-de-c\u00f3digo\" src=\"https:\/\/exceladvisor.org\/wp-content\/uploads\/2023\/08\/3-ecrire-une-ligne-de-code.png\" sizes=\"auto, \" srcset=\"\" alt=\"write-a-line-of-code\" width=\"420\" height=\"356\"><\/li>\n<li> Al final, finalice el c\u00f3digo para un bucle. <br \/><img loading=\"lazy\" decoding=\"async\" title=\"4-finalizar-el-c\u00f3digo-para-un-bucle\" src=\"https:\/\/exceladvisor.org\/wp-content\/uploads\/2023\/08\/4-terminer-le-code-pour-une-boucle.png\" sizes=\"auto, \" srcset=\"\" alt=\"end-the-code-for-a-loop\" width=\"418\" height=\"363\"><\/li>\n<\/ol>\n<h2 class=\"wp-block-heading\"> Recorra toda la columna y una fila usando VBA<\/h2>\n<p> De la misma manera, puedes iterar a trav\u00e9s de cada celda en una fila usando el siguiente c\u00f3digo que es id\u00e9ntico al c\u00f3digo que usamos en el ejemplo anterior, la \u00fanica diferencia es el rango que especificamos. <\/p>\n<div class=\"wp-block-image\">\n<figure class=\"aligncenter size-full is-resized\"><img loading=\"lazy\" decoding=\"async\" class=\"wp-image-61538\" src=\"https:\/\/exceladvisor.org\/wp-content\/uploads\/2023\/08\/5-boucles-sur-toute-la-colonne-et-la-ligne.png\" sizes=\"auto, \" srcset=\"\" alt=\"recorrer-toda-la-columna-y-la-fila\" width=\"406\" height=\"344\"><\/figure>\n<\/div>\n<p> Nota: Antes de revisar una columna o fila completa, debe comprender que el ciclo puede tardar alg\u00fan tiempo y su Excel puede congelarse durante unos minutos.<\/p>\n<pre class=\"wp-block-code\"> <code class=\"language-visual-basic\" lang=\"visual-basic\"><strong>Sub<\/strong> vba_loop_range() <strong>Dim<\/strong> iCell <strong>As<\/strong> Range <strong>For<\/strong> <strong>Each<\/strong> iCell <strong>In<\/strong> Range(\"A:A\").Cells   iCell.Value = \"Yes\" <strong>Next<\/strong> iCell <strong>End<\/strong> <strong>Sub<\/strong><\/code><\/pre>\n<p> Y de la misma manera, puedes usar una l\u00ednea completa como rango a recorrer.<\/p>\n<pre class=\"wp-block-code\"> <code class=\"language-visual-basic\" lang=\"visual-basic\"><strong>Sub<\/strong> vba_loop_range() <strong>Dim<\/strong> iCell <strong>As<\/strong> Range <strong>For<\/strong> <strong>Each<\/strong> iCell <strong>In<\/strong> Range(\"1:1\").Cells   iCell.Value = \"Yes\" <strong>Next<\/strong> iCell <strong>End<\/strong> <strong>Sub<\/strong><\/code><\/pre>\n<h2 class=\"wp-block-heading\"> Recorrer el rango din\u00e1mico<\/h2>\n<p> Y si desea iterar sobre un rango din\u00e1mico de celdas, consulte el siguiente c\u00f3digo. <\/p>\n<div class=\"wp-block-image\">\n<figure class=\"aligncenter size-full is-resized\"><img loading=\"lazy\" decoding=\"async\" class=\"wp-image-61539\" src=\"https:\/\/exceladvisor.org\/wp-content\/uploads\/2023\/08\/6-boucles-a-travers-la-plage-dynamique.png\" sizes=\"auto, \" srcset=\"\" alt=\"recorrer el rango din\u00e1mico\" width=\"751\" height=\"469\"><\/figure>\n<\/div>\n<pre class=\"wp-block-code\"> <code class=\"language-visual-basic\" lang=\"visual-basic\"><strong>Sub<\/strong> vba_dynamic_loop_range() <strong>Dim<\/strong> iCell <strong>As<\/strong> Range <strong>Dim<\/strong> iRange1 <strong>As<\/strong> String <strong>Dim<\/strong> iRange2 <strong>As<\/strong> String <strong>Dim<\/strong> rangeName <strong>As<\/strong> String iRange1 = ActiveCell.Address iRange2 = ActiveCell.Offset(5, 5).Address rangeName = iRange1 &amp; \":\" &amp; iRange2 <strong>For<\/strong> <strong>Each<\/strong> iCell <strong>In<\/strong> Range(rangeName).Cells   iCell = \"Yes\" <strong>Next<\/strong> iCell <strong>End<\/strong> <strong>Sub<\/strong><\/code><\/pre>\n<div class=\"gb-container gb-container-4db6181c gb-container-mt\"> <a class=\"gb-button gb-button-c5897111 gb-button-text gb-button-mt-button\" href=\"https:\/\/exceladvisor.org\/es\/vba\/\">\u00bfQu\u00e9 es VBA?<\/a><\/p>\n<h2 class=\"gb-headline gb-headline-665e5f6b gb-headline-text gb-headline-mt-heading\"> Tutoriales relacionados <\/h2>\n<div class=\"gb-grid-wrapper gb-grid-wrapper-a20baf7c gb-grid-wrapper-mt-grid\">\n<div class=\"gb-grid-column gb-grid-column-65ddf67e\">\n<div class=\"gb-container gb-container-65ddf67e\">\n<ul>\n<li> <a href=\"https:\/\/exceladvisor.org\/es\/bucles\/\">Bucles VBA (principiante a avanzado)<\/a><\/li>\n<li> <a href=\"https:\/\/exceladvisor.org\/es\/seleccione-el-caso\/\">Caso de selecci\u00f3n de VBA<\/a><\/li>\n<li> <a href=\"https:\/\/exceladvisor.org\/es\/hacer-mientras\/\">Excel VBA Do While Loop y (Do Loop While): una gu\u00eda<\/a><\/li>\n<li> <a href=\"https:\/\/exceladvisor.org\/es\/hojas-de-bucle\/\">Recorra todas las hojas usando VBA en Excel<\/a><\/li>\n<li> <a href=\"https:\/\/exceladvisor.org\/es\/para-el-bucle\/\">VBA FOR LOOP (para el siguiente, para cada uno)<\/a> <\/li>\n<\/ul>\n<\/div>\n<\/div>\n<div class=\"gb-grid-column gb-grid-column-50067b57\">\n<div class=\"gb-container gb-container-50067b57\"><\/div>\n<\/div>\n<\/div>\n<\/div>\n","protected":false},"excerpt":{"rendered":"<p>Para recorrer un rango en VBA, debe usar la opci\u00f3n \u00abPara cada bucle\u00bb. Con este bucle, puede escribir c\u00f3digo en el que le indique a VBA que revise cada celda del rango, columna o fila y realice una actividad espec\u00edfica. Sub vba_loop_range() Dim iCell As Range For Each iCell In Range(\u00abA1:A10\u00bb).Cells iCell.Value = \u00abYes\u00bb Next [&hellip;]<\/p>\n","protected":false},"author":1,"featured_media":0,"parent":0,"menu_order":0,"comment_status":"open","ping_status":"closed","template":"","meta":{"ub_ctt_via":"","footnotes":""},"class_list":["post-673","page","type-page","status-publish","hentry"],"featured_image_src":null,"yoast_head":"<!-- This site is optimized with the Yoast SEO plugin v25.4 - https:\/\/yoast.com\/wordpress\/plugins\/seo\/ -->\n<title>\u00bfc\u00f3mo navegar por un rango usando vba?<\/title>\n<meta name=\"robots\" content=\"index, follow, max-snippet:-1, max-image-preview:large, max-video-preview:-1\" \/>\n<link rel=\"canonical\" href=\"https:\/\/exceladvisor.org\/es\/recorrer-el-rango\/\" \/>\n<meta property=\"og:locale\" content=\"es_ES\" \/>\n<meta property=\"og:type\" content=\"article\" \/>\n<meta property=\"og:title\" content=\"\u00bfc\u00f3mo navegar por un rango usando vba?\" \/>\n<meta property=\"og:description\" content=\"Para recorrer un rango en VBA, debe usar la opci\u00f3n \u00abPara cada bucle\u00bb. Con este bucle, puede escribir c\u00f3digo en el que le indique a VBA que revise cada celda del rango, columna o fila y realice una actividad espec\u00edfica. Sub vba_loop_range() Dim iCell As Range For Each iCell In Range(&quot;A1:A10&quot;).Cells iCell.Value = &quot;Yes&quot; Next [&hellip;]\" \/>\n<meta property=\"og:url\" content=\"https:\/\/exceladvisor.org\/es\/recorrer-el-rango\/\" \/>\n<meta property=\"og:site_name\" content=\"Excel Advisor\" \/>\n<meta property=\"article:modified_time\" content=\"2023-12-25T10:26:15+00:00\" \/>\n<meta property=\"og:image\" content=\"https:\/\/exceladvisor.org\/wp-content\/uploads\/2023\/08\/1-boucle-a-travers-la-gamme.png\" \/>\n<meta name=\"twitter:card\" content=\"summary_large_image\" \/>\n<meta name=\"twitter:label1\" content=\"Tiempo de lectura\" \/>\n\t<meta name=\"twitter:data1\" content=\"2 minutos\" \/>\n<script type=\"application\/ld+json\" class=\"yoast-schema-graph\">{\"@context\":\"https:\/\/schema.org\",\"@graph\":[{\"@type\":\"WebPage\",\"@id\":\"https:\/\/exceladvisor.org\/es\/recorrer-el-rango\/\",\"url\":\"https:\/\/exceladvisor.org\/es\/recorrer-el-rango\/\",\"name\":\"\u00bfc\u00f3mo navegar por un rango usando vba?\",\"isPartOf\":{\"@id\":\"https:\/\/exceladvisor.org\/es\/#website\"},\"primaryImageOfPage\":{\"@id\":\"https:\/\/exceladvisor.org\/es\/recorrer-el-rango\/#primaryimage\"},\"image\":{\"@id\":\"https:\/\/exceladvisor.org\/es\/recorrer-el-rango\/#primaryimage\"},\"thumbnailUrl\":\"https:\/\/exceladvisor.org\/wp-content\/uploads\/2023\/08\/1-boucle-a-travers-la-gamme.png\",\"datePublished\":\"2023-09-28T22:43:00+00:00\",\"dateModified\":\"2023-12-25T10:26:15+00:00\",\"breadcrumb\":{\"@id\":\"https:\/\/exceladvisor.org\/es\/recorrer-el-rango\/#breadcrumb\"},\"inLanguage\":\"es\",\"potentialAction\":[{\"@type\":\"ReadAction\",\"target\":[\"https:\/\/exceladvisor.org\/es\/recorrer-el-rango\/\"]}]},{\"@type\":\"ImageObject\",\"inLanguage\":\"es\",\"@id\":\"https:\/\/exceladvisor.org\/es\/recorrer-el-rango\/#primaryimage\",\"url\":\"https:\/\/exceladvisor.org\/wp-content\/uploads\/2023\/08\/1-boucle-a-travers-la-gamme.png\",\"contentUrl\":\"https:\/\/exceladvisor.org\/wp-content\/uploads\/2023\/08\/1-boucle-a-travers-la-gamme.png\"},{\"@type\":\"BreadcrumbList\",\"@id\":\"https:\/\/exceladvisor.org\/es\/recorrer-el-rango\/#breadcrumb\",\"itemListElement\":[{\"@type\":\"ListItem\",\"position\":1,\"name\":\"Hogar\",\"item\":\"https:\/\/exceladvisor.org\/es\/\"},{\"@type\":\"ListItem\",\"position\":2,\"name\":\"\u00bfc\u00f3mo navegar por un rango usando vba?\"}]},{\"@type\":\"WebSite\",\"@id\":\"https:\/\/exceladvisor.org\/es\/#website\",\"url\":\"https:\/\/exceladvisor.org\/es\/\",\"name\":\"Excel Advisor\",\"description\":\"Su gu\u00eda para la dominaci\u00f3n de datos!\",\"publisher\":{\"@id\":\"https:\/\/exceladvisor.org\/es\/#organization\"},\"potentialAction\":[{\"@type\":\"SearchAction\",\"target\":{\"@type\":\"EntryPoint\",\"urlTemplate\":\"https:\/\/exceladvisor.org\/es\/?s={search_term_string}\"},\"query-input\":{\"@type\":\"PropertyValueSpecification\",\"valueRequired\":true,\"valueName\":\"search_term_string\"}}],\"inLanguage\":\"es\"},{\"@type\":\"Organization\",\"@id\":\"https:\/\/exceladvisor.org\/es\/#organization\",\"name\":\"Excel Advisor\",\"url\":\"https:\/\/exceladvisor.org\/es\/\",\"logo\":{\"@type\":\"ImageObject\",\"inLanguage\":\"es\",\"@id\":\"https:\/\/exceladvisor.org\/es\/#\/schema\/logo\/image\/\",\"url\":\"https:\/\/exceladvisor.org\/es\/wp-content\/uploads\/2023\/12\/exceladvisor.org_.png\",\"contentUrl\":\"https:\/\/exceladvisor.org\/es\/wp-content\/uploads\/2023\/12\/exceladvisor.org_.png\",\"width\":105,\"height\":36,\"caption\":\"Excel Advisor\"},\"image\":{\"@id\":\"https:\/\/exceladvisor.org\/es\/#\/schema\/logo\/image\/\"}}]}<\/script>\n<!-- \/ Yoast SEO plugin. -->","yoast_head_json":{"title":"\u00bfc\u00f3mo navegar por un rango usando vba?","robots":{"index":"index","follow":"follow","max-snippet":"max-snippet:-1","max-image-preview":"max-image-preview:large","max-video-preview":"max-video-preview:-1"},"canonical":"https:\/\/exceladvisor.org\/es\/recorrer-el-rango\/","og_locale":"es_ES","og_type":"article","og_title":"\u00bfc\u00f3mo navegar por un rango usando vba?","og_description":"Para recorrer un rango en VBA, debe usar la opci\u00f3n \u00abPara cada bucle\u00bb. Con este bucle, puede escribir c\u00f3digo en el que le indique a VBA que revise cada celda del rango, columna o fila y realice una actividad espec\u00edfica. Sub vba_loop_range() Dim iCell As Range For Each iCell In Range(\"A1:A10\").Cells iCell.Value = \"Yes\" Next [&hellip;]","og_url":"https:\/\/exceladvisor.org\/es\/recorrer-el-rango\/","og_site_name":"Excel Advisor","article_modified_time":"2023-12-25T10:26:15+00:00","og_image":[{"url":"https:\/\/exceladvisor.org\/wp-content\/uploads\/2023\/08\/1-boucle-a-travers-la-gamme.png","type":"","width":"","height":""}],"twitter_card":"summary_large_image","twitter_misc":{"Tiempo de lectura":"2 minutos"},"schema":{"@context":"https:\/\/schema.org","@graph":[{"@type":"WebPage","@id":"https:\/\/exceladvisor.org\/es\/recorrer-el-rango\/","url":"https:\/\/exceladvisor.org\/es\/recorrer-el-rango\/","name":"\u00bfc\u00f3mo navegar por un rango usando vba?","isPartOf":{"@id":"https:\/\/exceladvisor.org\/es\/#website"},"primaryImageOfPage":{"@id":"https:\/\/exceladvisor.org\/es\/recorrer-el-rango\/#primaryimage"},"image":{"@id":"https:\/\/exceladvisor.org\/es\/recorrer-el-rango\/#primaryimage"},"thumbnailUrl":"https:\/\/exceladvisor.org\/wp-content\/uploads\/2023\/08\/1-boucle-a-travers-la-gamme.png","datePublished":"2023-09-28T22:43:00+00:00","dateModified":"2023-12-25T10:26:15+00:00","breadcrumb":{"@id":"https:\/\/exceladvisor.org\/es\/recorrer-el-rango\/#breadcrumb"},"inLanguage":"es","potentialAction":[{"@type":"ReadAction","target":["https:\/\/exceladvisor.org\/es\/recorrer-el-rango\/"]}]},{"@type":"ImageObject","inLanguage":"es","@id":"https:\/\/exceladvisor.org\/es\/recorrer-el-rango\/#primaryimage","url":"https:\/\/exceladvisor.org\/wp-content\/uploads\/2023\/08\/1-boucle-a-travers-la-gamme.png","contentUrl":"https:\/\/exceladvisor.org\/wp-content\/uploads\/2023\/08\/1-boucle-a-travers-la-gamme.png"},{"@type":"BreadcrumbList","@id":"https:\/\/exceladvisor.org\/es\/recorrer-el-rango\/#breadcrumb","itemListElement":[{"@type":"ListItem","position":1,"name":"Hogar","item":"https:\/\/exceladvisor.org\/es\/"},{"@type":"ListItem","position":2,"name":"\u00bfc\u00f3mo navegar por un rango usando vba?"}]},{"@type":"WebSite","@id":"https:\/\/exceladvisor.org\/es\/#website","url":"https:\/\/exceladvisor.org\/es\/","name":"Excel Advisor","description":"Su gu\u00eda para la dominaci\u00f3n de datos!","publisher":{"@id":"https:\/\/exceladvisor.org\/es\/#organization"},"potentialAction":[{"@type":"SearchAction","target":{"@type":"EntryPoint","urlTemplate":"https:\/\/exceladvisor.org\/es\/?s={search_term_string}"},"query-input":{"@type":"PropertyValueSpecification","valueRequired":true,"valueName":"search_term_string"}}],"inLanguage":"es"},{"@type":"Organization","@id":"https:\/\/exceladvisor.org\/es\/#organization","name":"Excel Advisor","url":"https:\/\/exceladvisor.org\/es\/","logo":{"@type":"ImageObject","inLanguage":"es","@id":"https:\/\/exceladvisor.org\/es\/#\/schema\/logo\/image\/","url":"https:\/\/exceladvisor.org\/es\/wp-content\/uploads\/2023\/12\/exceladvisor.org_.png","contentUrl":"https:\/\/exceladvisor.org\/es\/wp-content\/uploads\/2023\/12\/exceladvisor.org_.png","width":105,"height":36,"caption":"Excel Advisor"},"image":{"@id":"https:\/\/exceladvisor.org\/es\/#\/schema\/logo\/image\/"}}]}},"yoast_meta":{"yoast_wpseo_title":"","yoast_wpseo_metadesc":"","yoast_wpseo_canonical":""},"_links":{"self":[{"href":"https:\/\/exceladvisor.org\/es\/wp-json\/wp\/v2\/pages\/673","targetHints":{"allow":["GET"]}}],"collection":[{"href":"https:\/\/exceladvisor.org\/es\/wp-json\/wp\/v2\/pages"}],"about":[{"href":"https:\/\/exceladvisor.org\/es\/wp-json\/wp\/v2\/types\/page"}],"author":[{"embeddable":true,"href":"https:\/\/exceladvisor.org\/es\/wp-json\/wp\/v2\/users\/1"}],"replies":[{"embeddable":true,"href":"https:\/\/exceladvisor.org\/es\/wp-json\/wp\/v2\/comments?post=673"}],"version-history":[{"count":1,"href":"https:\/\/exceladvisor.org\/es\/wp-json\/wp\/v2\/pages\/673\/revisions"}],"predecessor-version":[{"id":1129,"href":"https:\/\/exceladvisor.org\/es\/wp-json\/wp\/v2\/pages\/673\/revisions\/1129"}],"wp:attachment":[{"href":"https:\/\/exceladvisor.org\/es\/wp-json\/wp\/v2\/media?parent=673"}],"curies":[{"name":"wp","href":"https:\/\/api.w.org\/{rel}","templated":true}]}}