{"id":675,"date":"2023-09-28T21:57:26","date_gmt":"2023-09-28T21:57:26","guid":{"rendered":"https:\/\/exceladvisor.org\/es\/campo-de-entrada\/"},"modified":"2023-12-25T10:27:59","modified_gmt":"2023-12-25T10:27:59","slug":"campo-de-entrada","status":"publish","type":"page","link":"https:\/\/exceladvisor.org\/es\/campo-de-entrada\/","title":{"rendered":"\u00bfc\u00f3mo utilizar el cuadro de entrada en vba?"},"content":{"rendered":"<div class=\"excel-antes-del-contenido\" id=\"excel-2402603943\"><script type=\"text\/javascript\">\r\n\tatOptions = {\r\n\t\t'key' : 'c1158f160081d6540a8409e6925dab94',\r\n\t\t'format' : 'iframe',\r\n\t\t'height' : 250,\r\n\t\t'width' : 300,\r\n\t\t'params' : {}\r\n\t};\r\n<\/script>\r\n<script type=\"text\/javascript\" src=\"\/\/www.highperformanceformat.com\/c1158f160081d6540a8409e6925dab94\/invoke.js\"><\/script><\/div><p>Como sugiere el nombre, Cuadro de entrada es una funci\u00f3n que muestra un cuadro de entrada al usuario y recopila una respuesta.<\/p>\n<p> Mire el ejemplo a continuaci\u00f3n donde tenemos un cuadro de entrada que solicita su nombre y hay un cuadro de entrada para ingresarlo. Si observa la barra de t\u00edtulo que se parece a la barra de mensajes, tenemos un t\u00edtulo que dice \u00abIngrese nombre\u00bb y el mensaje dice \u00ab\u00bfCu\u00e1l es su nombre?\u00bb \u00ab. <\/p>\n<div class=\"wp-block-image\">\n<figure class=\"aligncenter size-full is-resized\"><img loading=\"lazy\" decoding=\"async\" class=\"wp-image-62133\" src=\"https:\/\/exceladvisor.org\/wp-content\/uploads\/2023\/08\/1-champ-de-saisie-en-vba.png\" sizes=\"auto, \" srcset=\"\" alt=\"cuadro-de-entrada-en-vba\" width=\"517\" height=\"224\"><\/figure>\n<\/div>\n<p> Aqu\u00ed est\u00e1 la sintaxis del cuadro de entrada de VBA: <\/p>\n<div class=\"wp-block-image\">\n<figure class=\"aligncenter size-full is-resized\"><img loading=\"lazy\" decoding=\"async\" class=\"wp-image-62134\" src=\"https:\/\/exceladvisor.org\/wp-content\/uploads\/2023\/08\/2-syntaxe-de-la-zone-de-saisie-vba.png\" sizes=\"auto, \" srcset=\"\" alt=\"sintaxis-cuadro-de-entrada-vba\" width=\"684\" height=\"119\"><\/figure>\n<\/div>\n<p> InputBox(Mensaje[T\u00edtulo][Predeterminado][Izquierda][Arriba][Archivo de ayuda, IDContexto de ayuda][Tipo])<\/p>\n<ol type=\"1\">\n<li> <strong>Mensaje<\/strong> : en el mensaje, puede especificar el mensaje que desea mostrar en el cuadro de entrada. Puede utilizar un m\u00e1ximo de 1024 caracteres all\u00ed.<\/li>\n<li> <strong>[T\u00edtulo]<\/strong> : una cadena que se muestra en la barra de t\u00edtulo del \u00e1rea de entrada. Si ignora el t\u00edtulo, el nombre de la aplicaci\u00f3n se colocar\u00e1 en la barra de t\u00edtulo.<\/li>\n<li> <strong>[Predeterminado]<\/strong> : este es el texto predeterminado que desea tener en la barra de entrada predeterminada para mostr\u00e1rselo al usuario.<\/li>\n<li> <strong>[XPos]<\/strong> : un n\u00famero que representa (posici\u00f3n del eje X) la distancia solicitada desde el lado izquierdo de la pantalla horizontalmente y, si se deja en blanco, el \u00e1rea de entrada se centrar\u00e1 horizontalmente.<\/li>\n<li> <strong>[YPos]<\/strong> : Un n\u00famero que representa (posici\u00f3n del eje Y) la distancia solicitada desde el lado izquierdo de la pantalla horizontalmente y, si se deja en blanco, el \u00e1rea de entrada se centrar\u00e1 horizontalmente.<\/li>\n<li> <strong>[Archivo de ayuda]<\/strong> : para especificar un archivo de ayuda para el usuario. El usuario puede acceder a este archivo de ayuda utilizando el bot\u00f3n de ayuda.<\/li>\n<li> <strong>[contexto]<\/strong> : una expresi\u00f3n num\u00e9rica que identifica el n\u00famero de contexto de ayuda asignado y, si se proporciona contexto, tambi\u00e9n se debe proporcionar un archivo de ayuda.<\/li>\n<\/ol>\n<p> Todos los argumentos entre corchetes son opcionales. Si ignora alguno de ellos, a\u00fan puede usar la funci\u00f3n del cuadro de entrada, pero en la mayor\u00eda de los casos no necesitar\u00e1 usar m\u00e1s que los primeros tres argumentos.<\/p>\n<h2 class=\"wp-block-heading\"> C\u00f3mo usar el cuadro de entrada en c\u00f3digo VBA<\/h2>\n<ol type=\"1\">\n<li> Escriba \u00abInputBox\u00bb e ingrese un espacio y obtendr\u00e1 una herramienta para los argumentos que necesita configurar.<\/li>\n<li> Especifique el mensaje \u00abPreguntar\u00bb que desea mostrar al usuario.<\/li>\n<li> Establezca un t\u00edtulo para el cuadro de entrada; de lo contrario, mostrar\u00e1 el t\u00edtulo predeterminado.<\/li>\n<li> Mencione el texto que desea tener en la barra de entrada predeterminada. <\/li>\n<\/ol>\n<div class=\"wp-block-image\">\n<figure class=\"aligncenter size-full is-resized\"><img loading=\"lazy\" decoding=\"async\" class=\"alignnone wp-image-12601 size-large\" src=\"https:\/\/exceladvisor.org\/wp-content\/uploads\/2023\/11\/utiliser-la-boite-de-saisie-via-vba-1024x490.png\" alt=\"usar-cuadro-de-entrada-via-vba\" width=\"678\" height=\"324\" srcset=\"https:\/\/exceladvisor.org\/wp-content\/uploads\/2023\/11\/utiliser-la-boite-de-saisie-via-vba-1024x490.png 1024w, https:\/\/exceladvisor.org\/wp-content\/uploads\/2023\/11\/utiliser-la-boite-de-saisie-via-vba-300x144.png 300w, https:\/\/exceladvisor.org\/wp-content\/uploads\/2023\/11\/utiliser-la-boite-de-saisie-via-vba-768x368.png 768w, https:\/\/exceladvisor.org\/wp-content\/uploads\/2023\/11\/utiliser-la-boite-de-saisie-via-vba.png 1260w\" sizes=\"auto, (max-width: 678px) 100vw, 678px\"><\/figure>\n<\/div>\n<p> Y cuando ejecute este c\u00f3digo, le mostrar\u00e1 un cuadro de entrada como este: <\/p>\n<div class=\"wp-block-image\">\n<figure class=\"aligncenter size-full is-resized\"><img loading=\"lazy\" decoding=\"async\" class=\"wp-image-62136\" src=\"https:\/\/exceladvisor.org\/wp-content\/uploads\/2023\/08\/Code-de-boite-de-saisie-a-4-executions.png\" sizes=\"auto, \" srcset=\"\" alt=\"ejecutar-c\u00f3digo-cuadro-de-entrada\" width=\"504\" height=\"218\"><\/figure>\n<\/div>\n<h2 class=\"wp-block-heading\"> Ejemplo de uso del cuadro de entrada de VBA en Excel<\/h2>\n<p> Quiz\u00e1s se pregunte c\u00f3mo se puede utilizar un cuadro de entrada en el mundo real. En el siguiente ejemplo, he compartido un ejemplo simple pero poderoso.<\/p>\n<pre class=\"wp-block-code\"> <code class=\"language-visual-basic\" lang=\"visual-basic\">Sub vba_input_box() 'variable to store the count of rows. Dim iRow As Long 'get the count cells that are filled iRow = WorksheetFunction.CountA(Range(\"A:A\")) 'get to the next blank cell in column A Cells(iRow + 1, 1).Select 'enter the value from the input box into the active cell ActiveCell = InputBox(\"What is your name?\", \"Enter Name\") End Sub<\/code><\/pre>\n<p> El c\u00f3digo anterior ingresa el nombre en la columna A uno tras otro. Cuenta las celdas llenas de la columna y pasa a la siguiente celda vac\u00eda. Despu\u00e9s de eso, tome el valor del cuadro de entrada e ingr\u00e9selo aqu\u00ed. <\/p>\n<div class=\"wp-block-image\">\n<figure class=\"aligncenter size-full is-resized\"><img loading=\"lazy\" decoding=\"async\" class=\"wp-image-62137\" src=\"https:\/\/exceladvisor.org\/wp-content\/uploads\/2023\/08\/5-exemple-dutilisation-de-la-zone-de-saisie-vba.png\" sizes=\"auto, \" srcset=\"\" alt=\"ejemplo de uso del cuadro de entrada vba\" width=\"674\" height=\"403\"><\/figure>\n<\/div>\n<div class=\"gb-container gb-container-4db6181c gb-container-mt\"> <a class=\"gb-button gb-button-c5897111 gb-button-text gb-button-mt-button\" href=\"https:\/\/exceladvisor.org\/es\/vba\/\">\u00bfQu\u00e9 es VBA?<\/a><\/p>\n<h2 class=\"gb-headline gb-headline-665e5f6b gb-headline-text gb-headline-mt-heading\"> Tutoriales relacionados <\/h2>\n<div class=\"gb-grid-wrapper gb-grid-wrapper-a20baf7c gb-grid-wrapper-mt-grid\">\n<div class=\"gb-grid-column gb-grid-column-65ddf67e\">\n<div class=\"gb-container gb-container-65ddf67e\">\n<ul>\n<li> <a href=\"https:\/\/exceladvisor.org\/es\/resaltar-valores-duplicados\/\">Resalte valores duplicados usando VBA<\/a><\/li>\n<li> <a href=\"https:\/\/exceladvisor.org\/es\/extraer-hipervinculo\/\">Extraer direcci\u00f3n de hiperv\u00ednculo (URL) VBA<\/a><\/li>\n<li> <a href=\"https:\/\/exceladvisor.org\/es\/archivos-de-texto\/\">VBA crea y escribe en un archivo de texto<\/a><\/li>\n<li> <a href=\"https:\/\/exceladvisor.org\/es\/actualizacion-de-pantalla\/\">Actualizaci\u00f3n de pantalla VBA<\/a><\/li>\n<li> <a href=\"https:\/\/exceladvisor.org\/es\/barra-de-estado-1\/\">Barra de estado de VBA (ocultar, mostrar y progresar)<\/a> <\/li>\n<\/ul>\n<\/div>\n<\/div>\n<div class=\"gb-grid-column gb-grid-column-50067b57\">\n<div class=\"gb-container gb-container-50067b57\"><\/div>\n<\/div>\n<\/div>\n<\/div>\n","protected":false},"excerpt":{"rendered":"<p>Como sugiere el nombre, Cuadro de entrada es una funci\u00f3n que muestra un cuadro de entrada al usuario y recopila una respuesta. Mire el ejemplo a continuaci\u00f3n donde tenemos un cuadro de entrada que solicita su nombre y hay un cuadro de entrada para ingresarlo. Si observa la barra de t\u00edtulo que se parece a [&hellip;]<\/p>\n","protected":false},"author":1,"featured_media":0,"parent":0,"menu_order":0,"comment_status":"open","ping_status":"closed","template":"","meta":{"ub_ctt_via":"","footnotes":""},"class_list":["post-675","page","type-page","status-publish","hentry"],"featured_image_src":null,"yoast_head":"<!-- This site is optimized with the Yoast SEO plugin v25.4 - https:\/\/yoast.com\/wordpress\/plugins\/seo\/ -->\n<title>\u00bfc\u00f3mo utilizar el cuadro de entrada en vba?<\/title>\n<meta name=\"robots\" content=\"index, follow, max-snippet:-1, max-image-preview:large, max-video-preview:-1\" \/>\n<link rel=\"canonical\" href=\"https:\/\/exceladvisor.org\/es\/campo-de-entrada\/\" \/>\n<meta property=\"og:locale\" content=\"es_ES\" \/>\n<meta property=\"og:type\" content=\"article\" \/>\n<meta property=\"og:title\" content=\"\u00bfc\u00f3mo utilizar el cuadro de entrada en vba?\" \/>\n<meta property=\"og:description\" content=\"Como sugiere el nombre, Cuadro de entrada es una funci\u00f3n que muestra un cuadro de entrada al usuario y recopila una respuesta. Mire el ejemplo a continuaci\u00f3n donde tenemos un cuadro de entrada que solicita su nombre y hay un cuadro de entrada para ingresarlo. Si observa la barra de t\u00edtulo que se parece a [&hellip;]\" \/>\n<meta property=\"og:url\" content=\"https:\/\/exceladvisor.org\/es\/campo-de-entrada\/\" \/>\n<meta property=\"og:site_name\" content=\"Excel Advisor\" \/>\n<meta property=\"article:modified_time\" content=\"2023-12-25T10:27:59+00:00\" \/>\n<meta property=\"og:image\" content=\"https:\/\/exceladvisor.org\/wp-content\/uploads\/2023\/08\/1-champ-de-saisie-en-vba.png\" \/>\n<meta name=\"twitter:card\" content=\"summary_large_image\" \/>\n<meta name=\"twitter:label1\" content=\"Tiempo de lectura\" \/>\n\t<meta name=\"twitter:data1\" content=\"3 minutos\" \/>\n<script type=\"application\/ld+json\" class=\"yoast-schema-graph\">{\"@context\":\"https:\/\/schema.org\",\"@graph\":[{\"@type\":\"WebPage\",\"@id\":\"https:\/\/exceladvisor.org\/es\/campo-de-entrada\/\",\"url\":\"https:\/\/exceladvisor.org\/es\/campo-de-entrada\/\",\"name\":\"\u00bfc\u00f3mo utilizar el cuadro de entrada en vba?\",\"isPartOf\":{\"@id\":\"https:\/\/exceladvisor.org\/es\/#website\"},\"primaryImageOfPage\":{\"@id\":\"https:\/\/exceladvisor.org\/es\/campo-de-entrada\/#primaryimage\"},\"image\":{\"@id\":\"https:\/\/exceladvisor.org\/es\/campo-de-entrada\/#primaryimage\"},\"thumbnailUrl\":\"https:\/\/exceladvisor.org\/wp-content\/uploads\/2023\/08\/1-champ-de-saisie-en-vba.png\",\"datePublished\":\"2023-09-28T21:57:26+00:00\",\"dateModified\":\"2023-12-25T10:27:59+00:00\",\"breadcrumb\":{\"@id\":\"https:\/\/exceladvisor.org\/es\/campo-de-entrada\/#breadcrumb\"},\"inLanguage\":\"es\",\"potentialAction\":[{\"@type\":\"ReadAction\",\"target\":[\"https:\/\/exceladvisor.org\/es\/campo-de-entrada\/\"]}]},{\"@type\":\"ImageObject\",\"inLanguage\":\"es\",\"@id\":\"https:\/\/exceladvisor.org\/es\/campo-de-entrada\/#primaryimage\",\"url\":\"https:\/\/exceladvisor.org\/wp-content\/uploads\/2023\/08\/1-champ-de-saisie-en-vba.png\",\"contentUrl\":\"https:\/\/exceladvisor.org\/wp-content\/uploads\/2023\/08\/1-champ-de-saisie-en-vba.png\"},{\"@type\":\"BreadcrumbList\",\"@id\":\"https:\/\/exceladvisor.org\/es\/campo-de-entrada\/#breadcrumb\",\"itemListElement\":[{\"@type\":\"ListItem\",\"position\":1,\"name\":\"Hogar\",\"item\":\"https:\/\/exceladvisor.org\/es\/\"},{\"@type\":\"ListItem\",\"position\":2,\"name\":\"\u00bfc\u00f3mo utilizar el cuadro de entrada en vba?\"}]},{\"@type\":\"WebSite\",\"@id\":\"https:\/\/exceladvisor.org\/es\/#website\",\"url\":\"https:\/\/exceladvisor.org\/es\/\",\"name\":\"Excel Advisor\",\"description\":\"Su gu\u00eda para la dominaci\u00f3n de datos!\",\"publisher\":{\"@id\":\"https:\/\/exceladvisor.org\/es\/#organization\"},\"potentialAction\":[{\"@type\":\"SearchAction\",\"target\":{\"@type\":\"EntryPoint\",\"urlTemplate\":\"https:\/\/exceladvisor.org\/es\/?s={search_term_string}\"},\"query-input\":{\"@type\":\"PropertyValueSpecification\",\"valueRequired\":true,\"valueName\":\"search_term_string\"}}],\"inLanguage\":\"es\"},{\"@type\":\"Organization\",\"@id\":\"https:\/\/exceladvisor.org\/es\/#organization\",\"name\":\"Excel Advisor\",\"url\":\"https:\/\/exceladvisor.org\/es\/\",\"logo\":{\"@type\":\"ImageObject\",\"inLanguage\":\"es\",\"@id\":\"https:\/\/exceladvisor.org\/es\/#\/schema\/logo\/image\/\",\"url\":\"https:\/\/exceladvisor.org\/es\/wp-content\/uploads\/2023\/12\/exceladvisor.org_.png\",\"contentUrl\":\"https:\/\/exceladvisor.org\/es\/wp-content\/uploads\/2023\/12\/exceladvisor.org_.png\",\"width\":105,\"height\":36,\"caption\":\"Excel Advisor\"},\"image\":{\"@id\":\"https:\/\/exceladvisor.org\/es\/#\/schema\/logo\/image\/\"}}]}<\/script>\n<!-- \/ Yoast SEO plugin. -->","yoast_head_json":{"title":"\u00bfc\u00f3mo utilizar el cuadro de entrada en vba?","robots":{"index":"index","follow":"follow","max-snippet":"max-snippet:-1","max-image-preview":"max-image-preview:large","max-video-preview":"max-video-preview:-1"},"canonical":"https:\/\/exceladvisor.org\/es\/campo-de-entrada\/","og_locale":"es_ES","og_type":"article","og_title":"\u00bfc\u00f3mo utilizar el cuadro de entrada en vba?","og_description":"Como sugiere el nombre, Cuadro de entrada es una funci\u00f3n que muestra un cuadro de entrada al usuario y recopila una respuesta. Mire el ejemplo a continuaci\u00f3n donde tenemos un cuadro de entrada que solicita su nombre y hay un cuadro de entrada para ingresarlo. Si observa la barra de t\u00edtulo que se parece a [&hellip;]","og_url":"https:\/\/exceladvisor.org\/es\/campo-de-entrada\/","og_site_name":"Excel Advisor","article_modified_time":"2023-12-25T10:27:59+00:00","og_image":[{"url":"https:\/\/exceladvisor.org\/wp-content\/uploads\/2023\/08\/1-champ-de-saisie-en-vba.png","type":"","width":"","height":""}],"twitter_card":"summary_large_image","twitter_misc":{"Tiempo de lectura":"3 minutos"},"schema":{"@context":"https:\/\/schema.org","@graph":[{"@type":"WebPage","@id":"https:\/\/exceladvisor.org\/es\/campo-de-entrada\/","url":"https:\/\/exceladvisor.org\/es\/campo-de-entrada\/","name":"\u00bfc\u00f3mo utilizar el cuadro de entrada en vba?","isPartOf":{"@id":"https:\/\/exceladvisor.org\/es\/#website"},"primaryImageOfPage":{"@id":"https:\/\/exceladvisor.org\/es\/campo-de-entrada\/#primaryimage"},"image":{"@id":"https:\/\/exceladvisor.org\/es\/campo-de-entrada\/#primaryimage"},"thumbnailUrl":"https:\/\/exceladvisor.org\/wp-content\/uploads\/2023\/08\/1-champ-de-saisie-en-vba.png","datePublished":"2023-09-28T21:57:26+00:00","dateModified":"2023-12-25T10:27:59+00:00","breadcrumb":{"@id":"https:\/\/exceladvisor.org\/es\/campo-de-entrada\/#breadcrumb"},"inLanguage":"es","potentialAction":[{"@type":"ReadAction","target":["https:\/\/exceladvisor.org\/es\/campo-de-entrada\/"]}]},{"@type":"ImageObject","inLanguage":"es","@id":"https:\/\/exceladvisor.org\/es\/campo-de-entrada\/#primaryimage","url":"https:\/\/exceladvisor.org\/wp-content\/uploads\/2023\/08\/1-champ-de-saisie-en-vba.png","contentUrl":"https:\/\/exceladvisor.org\/wp-content\/uploads\/2023\/08\/1-champ-de-saisie-en-vba.png"},{"@type":"BreadcrumbList","@id":"https:\/\/exceladvisor.org\/es\/campo-de-entrada\/#breadcrumb","itemListElement":[{"@type":"ListItem","position":1,"name":"Hogar","item":"https:\/\/exceladvisor.org\/es\/"},{"@type":"ListItem","position":2,"name":"\u00bfc\u00f3mo utilizar el cuadro de entrada en vba?"}]},{"@type":"WebSite","@id":"https:\/\/exceladvisor.org\/es\/#website","url":"https:\/\/exceladvisor.org\/es\/","name":"Excel Advisor","description":"Su gu\u00eda para la dominaci\u00f3n de datos!","publisher":{"@id":"https:\/\/exceladvisor.org\/es\/#organization"},"potentialAction":[{"@type":"SearchAction","target":{"@type":"EntryPoint","urlTemplate":"https:\/\/exceladvisor.org\/es\/?s={search_term_string}"},"query-input":{"@type":"PropertyValueSpecification","valueRequired":true,"valueName":"search_term_string"}}],"inLanguage":"es"},{"@type":"Organization","@id":"https:\/\/exceladvisor.org\/es\/#organization","name":"Excel Advisor","url":"https:\/\/exceladvisor.org\/es\/","logo":{"@type":"ImageObject","inLanguage":"es","@id":"https:\/\/exceladvisor.org\/es\/#\/schema\/logo\/image\/","url":"https:\/\/exceladvisor.org\/es\/wp-content\/uploads\/2023\/12\/exceladvisor.org_.png","contentUrl":"https:\/\/exceladvisor.org\/es\/wp-content\/uploads\/2023\/12\/exceladvisor.org_.png","width":105,"height":36,"caption":"Excel Advisor"},"image":{"@id":"https:\/\/exceladvisor.org\/es\/#\/schema\/logo\/image\/"}}]}},"yoast_meta":{"yoast_wpseo_title":"","yoast_wpseo_metadesc":"","yoast_wpseo_canonical":""},"_links":{"self":[{"href":"https:\/\/exceladvisor.org\/es\/wp-json\/wp\/v2\/pages\/675","targetHints":{"allow":["GET"]}}],"collection":[{"href":"https:\/\/exceladvisor.org\/es\/wp-json\/wp\/v2\/pages"}],"about":[{"href":"https:\/\/exceladvisor.org\/es\/wp-json\/wp\/v2\/types\/page"}],"author":[{"embeddable":true,"href":"https:\/\/exceladvisor.org\/es\/wp-json\/wp\/v2\/users\/1"}],"replies":[{"embeddable":true,"href":"https:\/\/exceladvisor.org\/es\/wp-json\/wp\/v2\/comments?post=675"}],"version-history":[{"count":1,"href":"https:\/\/exceladvisor.org\/es\/wp-json\/wp\/v2\/pages\/675\/revisions"}],"predecessor-version":[{"id":1254,"href":"https:\/\/exceladvisor.org\/es\/wp-json\/wp\/v2\/pages\/675\/revisions\/1254"}],"wp:attachment":[{"href":"https:\/\/exceladvisor.org\/es\/wp-json\/wp\/v2\/media?parent=675"}],"curies":[{"name":"wp","href":"https:\/\/api.w.org\/{rel}","templated":true}]}}