{"id":678,"date":"2023-09-28T20:04:28","date_gmt":"2023-09-28T20:04:28","guid":{"rendered":"https:\/\/exceladvisor.org\/es\/resaltar-valores-duplicados\/"},"modified":"2023-12-25T10:27:03","modified_gmt":"2023-12-25T10:27:03","slug":"resaltar-valores-duplicados","status":"publish","type":"page","link":"https:\/\/exceladvisor.org\/es\/resaltar-valores-duplicados\/","title":{"rendered":"\u00bfc\u00f3mo resaltar valores duplicados con vba?"},"content":{"rendered":"<div class=\"excel-antes-del-contenido\" id=\"excel-2832389493\"><script type=\"text\/javascript\">\r\n\tatOptions = {\r\n\t\t'key' : 'c1158f160081d6540a8409e6925dab94',\r\n\t\t'format' : 'iframe',\r\n\t\t'height' : 250,\r\n\t\t'width' : 300,\r\n\t\t'params' : {}\r\n\t};\r\n<\/script>\r\n<script type=\"text\/javascript\" src=\"\/\/www.highperformanceformat.com\/c1158f160081d6540a8409e6925dab94\/invoke.js\"><\/script><\/div><p>Cuando se trabaja con datos de gran tama\u00f1o, los valores duplicados siempre son un problema. La mayor\u00eda de las veces uso la opci\u00f3n eliminar duplicados para eliminar todos estos valores. Y estoy seguro de que t\u00fa haces lo mismo.<\/p>\n<p> Pero eliminar estos valores duplicados o simplemente contarlos nunca soluciona el problema. Lo importante es examinar todos los valores duplicados antes de eliminarlos.<\/p>\n<p> S\u00ed, es verdad. Una vez que haya resaltado todos estos valores, puede verificarlos y luego eliminarlos. Hoy en este art\u00edculo, me gustar\u00eda compartir con ustedes 4 c\u00f3digos VBA diferentes para resaltar valores duplicados.<\/p>\n<p> Y es que estos c\u00f3digos pueden resaltar celdas de diferentes formas. Simplemente puedes copiarlos y pegarlos en tu editor VBA y usarlos.<\/p>\n<h2 id=\"tab-con-4\" class=\"wp-block-heading\"> 1. En cada l\u00ednea<\/h2>\n<p> Este c\u00f3digo VBA verifica todas las celdas seguidas y resalta todas las celdas que est\u00e1n duplicadas en una fila. En t\u00e9rminos simples, si una fila tiene el valor \u00ab522\u00bb dos veces, se considerar\u00e1 duplicada. Pero si los otros 522 est\u00e1n en otra fila, se considerar\u00e1 \u00fanico. <\/p>\n<div class=\"wp-block-image\">\n<figure class=\"aligncenter\"><img decoding=\"async\" src=\"https:\/\/exceladvisor.org\/wp-content\/uploads\/2023\/08\/mettre-en-surbrillance-les-valeurs-en-double-de-chaque-ligne-a-laide-du-code-VBA.gif\" sizes=\"\" srcset=\"\" alt=\"resaltar valores duplicados de cada fila usando c\u00f3digo VBA\"><\/figure>\n<\/div>\n<pre class=\"wp-block-code\"> <code class=\"language-visual-basic\" lang=\"visual-basic\">Sub DuplicateValuesFromRow() 'Declare All Variables. Dim myCell As Range Dim myRow As Integer Dim myRange As Range Dim myCol As Integer Dim i As Integer 'Count Number of Rows and Columns myRow = Range(Cells(1, 1), Cells(1, 1).End(xlDown)).Count myCol = Range(Cells(1, 1), Cells(1, 1).End(xlToRight)).Count 'Loop Each Row To Check Duplicate Values and Highlight cells. For i = 2 To myRow Set myRange = Range(Cells(i, 2), Cells(i, myCol)) For Each myCell In myRange If WorksheetFunction.CountIf(myRange, myCell.Value) &gt; 1 Then myCell.Interior.ColorIndex = 3 End If Next Next End Sub<\/code><\/pre>\n<p> Si observa esta macro, ver\u00e1 que usamos un bucle para verificar cada fila en busca de valores duplicados y resaltarlos con un color.<\/p>\n<h3 class=\"wp-block-heading\"> Puntos importantes<\/h3>\n<ol>\n<li> Sus datos no deben contener una fila o columna en blanco; de lo contrario, ignorar\u00e1 esa celda.<\/li>\n<li> La celda inicial de sus datos debe ser la celda \u00abA1\u00bb. Y si desea ajustar el punto de partida, debe ajustar el c\u00f3digo.<\/li>\n<li> La primera fila y la primera columna de su hoja de datos deben ser encabezados.<\/li>\n<\/ol>\n<h2 id=\"tab-con-2\" class=\"wp-block-heading\"> 2. En cada columna<\/h2>\n<p> Este c\u00f3digo VBA verifica todas las celdas de una columna y resalta todas las celdas que est\u00e1n duplicadas en cada columna. En t\u00e9rminos simples, si una columna tiene el valor \u00ab231\u00bb dos veces, se considerar\u00e1 duplicada. Pero si hay otro \u201c231\u201d en otra columna, se considerar\u00e1 \u00fanico. <\/p>\n<div class=\"wp-block-image\">\n<figure class=\"aligncenter\"><img decoding=\"async\" src=\"https:\/\/exceladvisor.org\/wp-content\/uploads\/2023\/08\/mettre-en-surbrillance-les-valeurs-en-double-de-chaque-colonne-a-laide-du-code-VBA.gif\" sizes=\"\" srcset=\"\" alt=\"resaltar valores duplicados de cada columna usando c\u00f3digo VBA\"><\/figure>\n<\/div>\n<pre class=\"wp-block-code\"> <code class=\"language-visual-basic\" lang=\"visual-basic\">Sub DuplicateValuesFromColumns() 'Declare All Variables Dim myCell As Range Dim myRow As Integer Dim myRange As Range Dim myCol As Integer Dim i As Integer 'Count number of rows &amp; column myRow = Range(Cells(1, 1), Cells(1, 1).End(xlDown)).Count myCol = Range(Cells(1, 1), Cells(1, 1).End(xlToRight)).Count 'Loop each column to check duplicate values &amp; highlight them. For i = 2 To myRow Set myRange = Range(Cells(2, i), Cells(myRow, i)) For Each myCell In myRange If WorksheetFunction.CountIf(myRange, myCell.Value) &gt; 1 Then myCell.Interior.ColorIndex = 3 End If Next Next End Sub<\/code><\/pre>\n<h2 id=\"tab-con-1\" class=\"wp-block-heading\"> 3. En la selecci\u00f3n<\/h2>\n<p> Supongamos que solo desea resaltar celdas con valores duplicados de la selecci\u00f3n, este c\u00f3digo puede ayudarlo. Para usar este c\u00f3digo, simplemente seleccione un rango de celdas y ejecute este c\u00f3digo. Comprueba cada celda con la selecci\u00f3n y la resalta en rojo si una celda tiene un valor duplicado. <\/p>\n<div class=\"wp-block-image\">\n<figure class=\"aligncenter\"><img decoding=\"async\" src=\"https:\/\/exceladvisor.org\/wp-content\/uploads\/2023\/08\/mettre-en-surbrillance-les-valeurs-en-double-de-la-selection-a-laide-du-code-VBA.gif\" sizes=\"\" srcset=\"\" alt=\"resaltar valores duplicados de la selecci\u00f3n usando c\u00f3digo VBA\"><\/figure>\n<\/div>\n<pre class=\"wp-block-code\"> <code class=\"language-visual-basic\" lang=\"visual-basic\">Sub DuplicateValuesFromSelection() Dim myRange As Range Dim i As Integer Dim j As Integer Dim myCell As Range Set myRange = Selection For Each myCell In myRange If WorksheetFunction.CountIf(myRange, myCell.Value) &gt; 1 Then myCell.Interior.ColorIndex = 3 End If Next End Sub<\/code><\/pre>\n<h2 id=\"tab-con-0\" class=\"wp-block-heading\"> 4. datos enteros<\/h2>\n<p> Si tiene un conjunto de datos grande, puede usar este c\u00f3digo de macro para verificar la integridad de los datos y resaltar los valores duplicados. Este c\u00f3digo recorre cada celda una por una y aplica el color rojo a todas las celdas que est\u00e1n duplicadas.<\/p>\n<pre class=\"wp-block-code\"> <code class=\"language-visual-basic\" lang=\"visual-basic\">Sub DuplicateValuesFromTable() Dim myRange As Range Dim i As Integer Dim j As Integer Dim myCell As Range Set myRange = Range(\u201cTable1\u201d) For Each myCell In myRange If WorksheetFunction.CountIf(myRange, myCell.Value) &gt; 1 Then myCell.Interior.ColorIndex = 3 End If Next End Sub<\/code><\/pre>\n<p class=\"qt-tip\"> <span style=\"color: #ea493f;\"><strong>Nota importante:<\/strong><\/span> en el c\u00f3digo anterior hemos utilizado el nombre de tabla \u00abTabla1\u00bb, puede cambiar este nombre desde el c\u00f3digo. Ahora, si tiene un rango, puede usar simplemente el nombre del rango.<\/p>\n<h2 class=\"wp-block-heading\"> [Consejo adicional] Cuente los valores duplicados<\/h2>\n<p> Este c\u00f3digo le ayuda a contar la cantidad de valores duplicados de la selecci\u00f3n. Cuando ejecuta este c\u00f3digo, devuelve un cuadro de mensaje que muestra el n\u00famero.<\/p>\n<pre class=\"wp-block-code\"> <code class=\"language-visual-basic\" lang=\"visual-basic\">Sub CountDuplicates() Dim i As Integer Dim j As Integer Dim myCell As Range Dim myRange As Integer myRange = Range(\"Table1\").Count j = 0 For Each myCell In Range(\"Table1\") If WorksheetFunction.CountIf(Range(\"Table1\"), myCell.Value) &gt; 1 Then j = j + 1 End If Next MsgBox j End Sub<\/code><\/pre>\n<p> Nuevamente en el c\u00f3digo anterior hemos usado un nombre de tabla y usted lo cambia o reemplaza con un rango.<\/p>\n<h2 class=\"wp-block-heading\"> Archivo de ejemplo<\/h2>\n<p> <a href=\"https:\/\/exceladvisor.org\/wp-content\/uploads\/2023\/11\/mettre-en-evidence-les-valeurs-en-double.zip\">Descargue este archivo de muestra aqu\u00ed<\/a> para obtener m\u00e1s informaci\u00f3n.<\/p>\n<h2 class=\"wp-block-heading\"> Conclusi\u00f3n<\/h2>\n<p> En diferentes situaciones, debemos verificar si hay valores duplicados de diferentes maneras. Y todos los c\u00f3digos anteriores pueden resultarle \u00fatiles a este respecto. Si lo desea, puede cambiar el color de resaltado de los c\u00f3digos utilizando el n\u00famero de \u00edndice de color.<\/p>\n<p> Ahora ay\u00fadame con una cosa.<\/p>\n<p> <strong>\u00bfD\u00f3nde podemos mejorar estos c\u00f3digos?<\/strong><\/p>\n<p> Comparta sus pensamientos conmigo en la secci\u00f3n de comentarios, me encantar\u00eda saber de usted. Y no olvides compartir este consejo con tus amigos.<\/p>\n<div class=\"gb-container gb-container-4db6181c gb-container-mt\"> <a class=\"gb-button gb-button-c5897111 gb-button-text gb-button-mt-button\" href=\"https:\/\/exceladvisor.org\/es\/vba\/\">\u00bfQu\u00e9 es VBA?<\/a><\/p>\n<h2 class=\"gb-headline gb-headline-665e5f6b gb-headline-text gb-headline-mt-heading\"> Tutoriales relacionados <\/h2>\n<div class=\"gb-grid-wrapper gb-grid-wrapper-a20baf7c gb-grid-wrapper-mt-grid\">\n<div class=\"gb-grid-column gb-grid-column-65ddf67e\">\n<div class=\"gb-container gb-container-65ddf67e\">\n<ul>\n<li> <a href=\"https:\/\/exceladvisor.org\/es\/extraer-hipervinculo\/\">Extraer direcci\u00f3n de hiperv\u00ednculo (URL) VBA<\/a><\/li>\n<li> <a href=\"https:\/\/exceladvisor.org\/es\/campo-de-entrada\/\">Cuadro de entrada en VBA<\/a><\/li>\n<li> <a href=\"https:\/\/exceladvisor.org\/es\/archivos-de-texto\/\">VBA crea y escribe en un archivo de texto<\/a><\/li>\n<li> <a href=\"https:\/\/exceladvisor.org\/es\/actualizacion-de-pantalla\/\">Actualizaci\u00f3n de pantalla VBA<\/a><\/li>\n<li> <a href=\"https:\/\/exceladvisor.org\/es\/barra-de-estado-1\/\">Barra de estado de VBA (ocultar, mostrar y progresar)<\/a> <\/li>\n<\/ul>\n<\/div>\n<\/div>\n<div class=\"gb-grid-column gb-grid-column-50067b57\">\n<div class=\"gb-container gb-container-50067b57\"><\/div>\n<\/div>\n<\/div>\n<\/div>\n","protected":false},"excerpt":{"rendered":"<p>Cuando se trabaja con datos de gran tama\u00f1o, los valores duplicados siempre son un problema. La mayor\u00eda de las veces uso la opci\u00f3n eliminar duplicados para eliminar todos estos valores. Y estoy seguro de que t\u00fa haces lo mismo. Pero eliminar estos valores duplicados o simplemente contarlos nunca soluciona el problema. Lo importante es examinar [&hellip;]<\/p>\n","protected":false},"author":1,"featured_media":0,"parent":0,"menu_order":0,"comment_status":"open","ping_status":"closed","template":"","meta":{"ub_ctt_via":"","footnotes":""},"class_list":["post-678","page","type-page","status-publish","hentry"],"featured_image_src":null,"yoast_head":"<!-- This site is optimized with the Yoast SEO plugin v25.4 - https:\/\/yoast.com\/wordpress\/plugins\/seo\/ -->\n<title>\u00bfc\u00f3mo resaltar valores duplicados con vba?<\/title>\n<meta name=\"robots\" content=\"index, follow, max-snippet:-1, max-image-preview:large, max-video-preview:-1\" \/>\n<link rel=\"canonical\" href=\"https:\/\/exceladvisor.org\/es\/resaltar-valores-duplicados\/\" \/>\n<meta property=\"og:locale\" content=\"es_ES\" \/>\n<meta property=\"og:type\" content=\"article\" \/>\n<meta property=\"og:title\" content=\"\u00bfc\u00f3mo resaltar valores duplicados con vba?\" \/>\n<meta property=\"og:description\" content=\"Cuando se trabaja con datos de gran tama\u00f1o, los valores duplicados siempre son un problema. La mayor\u00eda de las veces uso la opci\u00f3n eliminar duplicados para eliminar todos estos valores. Y estoy seguro de que t\u00fa haces lo mismo. Pero eliminar estos valores duplicados o simplemente contarlos nunca soluciona el problema. Lo importante es examinar [&hellip;]\" \/>\n<meta property=\"og:url\" content=\"https:\/\/exceladvisor.org\/es\/resaltar-valores-duplicados\/\" \/>\n<meta property=\"og:site_name\" content=\"Excel Advisor\" \/>\n<meta property=\"article:modified_time\" content=\"2023-12-25T10:27:03+00:00\" \/>\n<meta property=\"og:image\" content=\"https:\/\/exceladvisor.org\/wp-content\/uploads\/2023\/08\/mettre-en-surbrillance-les-valeurs-en-double-de-chaque-ligne-a-laide-du-code-VBA.gif\" \/>\n<meta name=\"twitter:card\" content=\"summary_large_image\" \/>\n<meta name=\"twitter:label1\" content=\"Tiempo de lectura\" \/>\n\t<meta name=\"twitter:data1\" content=\"5 minutos\" \/>\n<script type=\"application\/ld+json\" class=\"yoast-schema-graph\">{\"@context\":\"https:\/\/schema.org\",\"@graph\":[{\"@type\":\"WebPage\",\"@id\":\"https:\/\/exceladvisor.org\/es\/resaltar-valores-duplicados\/\",\"url\":\"https:\/\/exceladvisor.org\/es\/resaltar-valores-duplicados\/\",\"name\":\"\u00bfc\u00f3mo resaltar valores duplicados con vba?\",\"isPartOf\":{\"@id\":\"https:\/\/exceladvisor.org\/es\/#website\"},\"primaryImageOfPage\":{\"@id\":\"https:\/\/exceladvisor.org\/es\/resaltar-valores-duplicados\/#primaryimage\"},\"image\":{\"@id\":\"https:\/\/exceladvisor.org\/es\/resaltar-valores-duplicados\/#primaryimage\"},\"thumbnailUrl\":\"https:\/\/exceladvisor.org\/wp-content\/uploads\/2023\/08\/mettre-en-surbrillance-les-valeurs-en-double-de-chaque-ligne-a-laide-du-code-VBA.gif\",\"datePublished\":\"2023-09-28T20:04:28+00:00\",\"dateModified\":\"2023-12-25T10:27:03+00:00\",\"breadcrumb\":{\"@id\":\"https:\/\/exceladvisor.org\/es\/resaltar-valores-duplicados\/#breadcrumb\"},\"inLanguage\":\"es\",\"potentialAction\":[{\"@type\":\"ReadAction\",\"target\":[\"https:\/\/exceladvisor.org\/es\/resaltar-valores-duplicados\/\"]}]},{\"@type\":\"ImageObject\",\"inLanguage\":\"es\",\"@id\":\"https:\/\/exceladvisor.org\/es\/resaltar-valores-duplicados\/#primaryimage\",\"url\":\"https:\/\/exceladvisor.org\/wp-content\/uploads\/2023\/08\/mettre-en-surbrillance-les-valeurs-en-double-de-chaque-ligne-a-laide-du-code-VBA.gif\",\"contentUrl\":\"https:\/\/exceladvisor.org\/wp-content\/uploads\/2023\/08\/mettre-en-surbrillance-les-valeurs-en-double-de-chaque-ligne-a-laide-du-code-VBA.gif\"},{\"@type\":\"BreadcrumbList\",\"@id\":\"https:\/\/exceladvisor.org\/es\/resaltar-valores-duplicados\/#breadcrumb\",\"itemListElement\":[{\"@type\":\"ListItem\",\"position\":1,\"name\":\"Hogar\",\"item\":\"https:\/\/exceladvisor.org\/es\/\"},{\"@type\":\"ListItem\",\"position\":2,\"name\":\"\u00bfc\u00f3mo resaltar valores duplicados con vba?\"}]},{\"@type\":\"WebSite\",\"@id\":\"https:\/\/exceladvisor.org\/es\/#website\",\"url\":\"https:\/\/exceladvisor.org\/es\/\",\"name\":\"Excel Advisor\",\"description\":\"Su gu\u00eda para la dominaci\u00f3n de datos!\",\"publisher\":{\"@id\":\"https:\/\/exceladvisor.org\/es\/#organization\"},\"potentialAction\":[{\"@type\":\"SearchAction\",\"target\":{\"@type\":\"EntryPoint\",\"urlTemplate\":\"https:\/\/exceladvisor.org\/es\/?s={search_term_string}\"},\"query-input\":{\"@type\":\"PropertyValueSpecification\",\"valueRequired\":true,\"valueName\":\"search_term_string\"}}],\"inLanguage\":\"es\"},{\"@type\":\"Organization\",\"@id\":\"https:\/\/exceladvisor.org\/es\/#organization\",\"name\":\"Excel Advisor\",\"url\":\"https:\/\/exceladvisor.org\/es\/\",\"logo\":{\"@type\":\"ImageObject\",\"inLanguage\":\"es\",\"@id\":\"https:\/\/exceladvisor.org\/es\/#\/schema\/logo\/image\/\",\"url\":\"https:\/\/exceladvisor.org\/es\/wp-content\/uploads\/2023\/12\/exceladvisor.org_.png\",\"contentUrl\":\"https:\/\/exceladvisor.org\/es\/wp-content\/uploads\/2023\/12\/exceladvisor.org_.png\",\"width\":105,\"height\":36,\"caption\":\"Excel Advisor\"},\"image\":{\"@id\":\"https:\/\/exceladvisor.org\/es\/#\/schema\/logo\/image\/\"}}]}<\/script>\n<!-- \/ Yoast SEO plugin. -->","yoast_head_json":{"title":"\u00bfc\u00f3mo resaltar valores duplicados con vba?","robots":{"index":"index","follow":"follow","max-snippet":"max-snippet:-1","max-image-preview":"max-image-preview:large","max-video-preview":"max-video-preview:-1"},"canonical":"https:\/\/exceladvisor.org\/es\/resaltar-valores-duplicados\/","og_locale":"es_ES","og_type":"article","og_title":"\u00bfc\u00f3mo resaltar valores duplicados con vba?","og_description":"Cuando se trabaja con datos de gran tama\u00f1o, los valores duplicados siempre son un problema. La mayor\u00eda de las veces uso la opci\u00f3n eliminar duplicados para eliminar todos estos valores. Y estoy seguro de que t\u00fa haces lo mismo. Pero eliminar estos valores duplicados o simplemente contarlos nunca soluciona el problema. Lo importante es examinar [&hellip;]","og_url":"https:\/\/exceladvisor.org\/es\/resaltar-valores-duplicados\/","og_site_name":"Excel Advisor","article_modified_time":"2023-12-25T10:27:03+00:00","og_image":[{"url":"https:\/\/exceladvisor.org\/wp-content\/uploads\/2023\/08\/mettre-en-surbrillance-les-valeurs-en-double-de-chaque-ligne-a-laide-du-code-VBA.gif","type":"","width":"","height":""}],"twitter_card":"summary_large_image","twitter_misc":{"Tiempo de lectura":"5 minutos"},"schema":{"@context":"https:\/\/schema.org","@graph":[{"@type":"WebPage","@id":"https:\/\/exceladvisor.org\/es\/resaltar-valores-duplicados\/","url":"https:\/\/exceladvisor.org\/es\/resaltar-valores-duplicados\/","name":"\u00bfc\u00f3mo resaltar valores duplicados con vba?","isPartOf":{"@id":"https:\/\/exceladvisor.org\/es\/#website"},"primaryImageOfPage":{"@id":"https:\/\/exceladvisor.org\/es\/resaltar-valores-duplicados\/#primaryimage"},"image":{"@id":"https:\/\/exceladvisor.org\/es\/resaltar-valores-duplicados\/#primaryimage"},"thumbnailUrl":"https:\/\/exceladvisor.org\/wp-content\/uploads\/2023\/08\/mettre-en-surbrillance-les-valeurs-en-double-de-chaque-ligne-a-laide-du-code-VBA.gif","datePublished":"2023-09-28T20:04:28+00:00","dateModified":"2023-12-25T10:27:03+00:00","breadcrumb":{"@id":"https:\/\/exceladvisor.org\/es\/resaltar-valores-duplicados\/#breadcrumb"},"inLanguage":"es","potentialAction":[{"@type":"ReadAction","target":["https:\/\/exceladvisor.org\/es\/resaltar-valores-duplicados\/"]}]},{"@type":"ImageObject","inLanguage":"es","@id":"https:\/\/exceladvisor.org\/es\/resaltar-valores-duplicados\/#primaryimage","url":"https:\/\/exceladvisor.org\/wp-content\/uploads\/2023\/08\/mettre-en-surbrillance-les-valeurs-en-double-de-chaque-ligne-a-laide-du-code-VBA.gif","contentUrl":"https:\/\/exceladvisor.org\/wp-content\/uploads\/2023\/08\/mettre-en-surbrillance-les-valeurs-en-double-de-chaque-ligne-a-laide-du-code-VBA.gif"},{"@type":"BreadcrumbList","@id":"https:\/\/exceladvisor.org\/es\/resaltar-valores-duplicados\/#breadcrumb","itemListElement":[{"@type":"ListItem","position":1,"name":"Hogar","item":"https:\/\/exceladvisor.org\/es\/"},{"@type":"ListItem","position":2,"name":"\u00bfc\u00f3mo resaltar valores duplicados con vba?"}]},{"@type":"WebSite","@id":"https:\/\/exceladvisor.org\/es\/#website","url":"https:\/\/exceladvisor.org\/es\/","name":"Excel Advisor","description":"Su gu\u00eda para la dominaci\u00f3n de datos!","publisher":{"@id":"https:\/\/exceladvisor.org\/es\/#organization"},"potentialAction":[{"@type":"SearchAction","target":{"@type":"EntryPoint","urlTemplate":"https:\/\/exceladvisor.org\/es\/?s={search_term_string}"},"query-input":{"@type":"PropertyValueSpecification","valueRequired":true,"valueName":"search_term_string"}}],"inLanguage":"es"},{"@type":"Organization","@id":"https:\/\/exceladvisor.org\/es\/#organization","name":"Excel Advisor","url":"https:\/\/exceladvisor.org\/es\/","logo":{"@type":"ImageObject","inLanguage":"es","@id":"https:\/\/exceladvisor.org\/es\/#\/schema\/logo\/image\/","url":"https:\/\/exceladvisor.org\/es\/wp-content\/uploads\/2023\/12\/exceladvisor.org_.png","contentUrl":"https:\/\/exceladvisor.org\/es\/wp-content\/uploads\/2023\/12\/exceladvisor.org_.png","width":105,"height":36,"caption":"Excel Advisor"},"image":{"@id":"https:\/\/exceladvisor.org\/es\/#\/schema\/logo\/image\/"}}]}},"yoast_meta":{"yoast_wpseo_title":"","yoast_wpseo_metadesc":"","yoast_wpseo_canonical":""},"_links":{"self":[{"href":"https:\/\/exceladvisor.org\/es\/wp-json\/wp\/v2\/pages\/678","targetHints":{"allow":["GET"]}}],"collection":[{"href":"https:\/\/exceladvisor.org\/es\/wp-json\/wp\/v2\/pages"}],"about":[{"href":"https:\/\/exceladvisor.org\/es\/wp-json\/wp\/v2\/types\/page"}],"author":[{"embeddable":true,"href":"https:\/\/exceladvisor.org\/es\/wp-json\/wp\/v2\/users\/1"}],"replies":[{"embeddable":true,"href":"https:\/\/exceladvisor.org\/es\/wp-json\/wp\/v2\/comments?post=678"}],"version-history":[{"count":1,"href":"https:\/\/exceladvisor.org\/es\/wp-json\/wp\/v2\/pages\/678\/revisions"}],"predecessor-version":[{"id":1177,"href":"https:\/\/exceladvisor.org\/es\/wp-json\/wp\/v2\/pages\/678\/revisions\/1177"}],"wp:attachment":[{"href":"https:\/\/exceladvisor.org\/es\/wp-json\/wp\/v2\/media?parent=678"}],"curies":[{"name":"wp","href":"https:\/\/api.w.org\/{rel}","templated":true}]}}