{"id":679,"date":"2023-09-28T19:34:41","date_gmt":"2023-09-28T19:34:41","guid":{"rendered":"https:\/\/exceladvisor.org\/es\/agregar-una-pestana-de-desarrollador\/"},"modified":"2023-12-25T10:23:14","modified_gmt":"2023-12-25T10:23:14","slug":"agregar-una-pestana-de-desarrollador","status":"publish","type":"page","link":"https:\/\/exceladvisor.org\/es\/agregar-una-pestana-de-desarrollador\/","title":{"rendered":"\u00bfc\u00f3mo agregar una pesta\u00f1a de desarrollador en excel?"},"content":{"rendered":"<div class=\"excel-antes-del-contenido\" id=\"excel-3956830999\"><script type=\"text\/javascript\">\r\n\tatOptions = {\r\n\t\t'key' : 'c1158f160081d6540a8409e6925dab94',\r\n\t\t'format' : 'iframe',\r\n\t\t'height' : 250,\r\n\t\t'width' : 300,\r\n\t\t'params' : {}\r\n\t};\r\n<\/script>\r\n<script type=\"text\/javascript\" src=\"\/\/www.highperformanceformat.com\/c1158f160081d6540a8409e6925dab94\/invoke.js\"><\/script><\/div><p>La pesta\u00f1a Desarrollador es una de las opciones m\u00e1s importantes y \u00fatiles de Excel. Pero, antes de usarlo, debes agregarlo a la cinta. Cuando instalas Excel, debes activarlo por primera vez.<\/p>\n<p> As\u00ed que hoy, en este art\u00edculo, aprender\u00e1 3 m\u00e9todos diferentes para agregar una pesta\u00f1a de desarrollador en Excel para Windows y en Excel 2011 para Mac.<\/p>\n<h2 id=\"tab-con-3\" style=\"margin-bottom: 20px !important; margin-top: 0px !important;\"> M\u00e9todo 1: para Windows<\/h2>\n<p> Para habilitarlo, siga estos sencillos pasos.<\/p>\n<ul>\n<li> Vaya a la pesta\u00f1a Archivo \u2192 Opciones \u2192 Personalizar cinta.<\/li>\n<li> En la lista de pesta\u00f1as principales, marque la casilla de verificaci\u00f3n Desarrollador. <\/li>\n<\/ul>\n<p><img loading=\"lazy\" decoding=\"async\" style=\"border-width: 1px;\" src=\"https:\/\/exceladvisor.org\/wp-content\/uploads\/2023\/08\/Afficher-longlet-Developpeur-2-1.png\" sizes=\"auto, \" srcset=\"\" alt=\"pesta\u00f1a agregar desarrollador en excel con opciones\" width=\"260\" height=\"104\" data-attachment-id=\"4530\"><\/p>\n<ul>\n<li> Haga clic en Aceptar.<\/li>\n<\/ul>\n<h2 id=\"tab-con-4\" style=\"margin-bottom: 20px !important; margin-top: 0px !important;\"> M\u00e9todo 2: para Windows<\/h2>\n<p> Aqu\u00ed hay otro m\u00e9todo para mostrar la pesta\u00f1a de desarrollador.<\/p>\n<ul>\n<li> Haga clic derecho en la cinta de Excel y seleccione Personalizar cinta. <\/li>\n<\/ul>\n<p><img loading=\"lazy\" decoding=\"async\" style=\"border-width: 1px;\" src=\"https:\/\/exceladvisor.org\/wp-content\/uploads\/2023\/08\/Activer-longlet-Developpeur-2-1.png\" sizes=\"auto, \" srcset=\"\" alt=\"haga clic en personalizar la cinta para agregar una pesta\u00f1a de desarrollador en la cinta de Excel\" width=\"304\" height=\"130\" data-attachment-id=\"4529\"><\/p>\n<ul>\n<li> En la lista de pesta\u00f1as principales, marque la casilla de verificaci\u00f3n Desarrollador.<\/li>\n<li> Haga clic en Aceptar.<\/li>\n<\/ul>\n<p> Despu\u00e9s de seguir cualquiera de los m\u00e9todos anteriores, puede habilitar la pesta\u00f1a de desarrollador en Excel para Windows. <\/p>\n<p><img loading=\"lazy\" decoding=\"async\" style=\"border-width: 1px;\" src=\"https:\/\/exceladvisor.org\/wp-content\/uploads\/2023\/08\/Ajouter-un-onglet-Developpeur-dans-Excel.jpg\" sizes=\"auto, \" srcset=\"\" alt=\"obtener la pesta\u00f1a de desarrollador en la cinta de Excel\" width=\"751\" height=\"118\" data-attachment-id=\"4535\"><\/p>\n<p style=\"margin-bottom: 0px !important; font-family: Verdana, Geneva, sans-serif;\" data-web-font=\"Verdana, Geneva, sans-serif\"> <span style=\"font-size: 16px;\">Nota: Puede utilizar los dos m\u00e9todos anteriores en la versi\u00f3n de Excel para Windows (2007, 2010, 2013 y 2016).<\/span><\/p>\n<h2 id=\"tab-con-1\" style=\"margin-bottom: 20px !important; margin-top: 0px !important;\"> M\u00e9todo 3: Excel 2011 para Mac<\/h2>\n<p> Estos son los pasos para agregar una pesta\u00f1a de desarrollador en Excel 2011 para Mac.<\/p>\n<ul>\n<li> Vaya al men\u00fa de Excel \u2192 Preferencias. <\/li>\n<\/ul>\n<p><img loading=\"lazy\" decoding=\"async\" style=\"border-width: 1px;\" src=\"https:\/\/exceladvisor.org\/wp-content\/uploads\/2023\/08\/Ajouter-un-onglet-Developpeur-dans-Excel-1-1.png\" sizes=\"auto, \" srcset=\"\" alt=\"abra las preferencias para agregar una pesta\u00f1a de desarrollador en Excel 2001 para Mac\" width=\"171\" height=\"211\" data-attachment-id=\"4531\"><\/p>\n<ul>\n<li> Haga clic en la cinta debajo de \u00abGrupo de privacidad y uso compartido\u00bb y luego haga clic en Aceptar. <\/li>\n<\/ul>\n<p><img loading=\"lazy\" decoding=\"async\" style=\"border-width: 1px;\" src=\"https:\/\/exceladvisor.org\/wp-content\/uploads\/2023\/08\/Ajouter-un-onglet-Developpeur-dans-Excel-2-1.png\" sizes=\"auto, \" srcset=\"\" alt=\"haga clic en la cinta de compartir para agregar una pesta\u00f1a de desarrollador en Excel 2001 para Mac\" width=\"526\" height=\"151\" data-attachment-id=\"4532\" data-width=\"526\" data-height=\"151\" data-init-width=\"525\" data-init-height=\"150\"><\/p>\n<ul>\n<li> Ahora aparecer\u00e1 un cuadro de di\u00e1logo emergente. En la secci\u00f3n de personalizaci\u00f3n, seleccione la pesta\u00f1a Desarrollador y haga clic en Aceptar. <\/li>\n<\/ul>\n<p><img loading=\"lazy\" decoding=\"async\" style=\"border-width: 1px;\" src=\"https:\/\/exceladvisor.org\/wp-content\/uploads\/2023\/08\/Ajouter-un-onglet-Developpeur-dans-Excel-3-1.png\" sizes=\"auto, \" srcset=\"\" alt=\"Desde la secci\u00f3n de personalizaci\u00f3n agregue una pesta\u00f1a de desarrollador en Excel 2011 para Mac\" width=\"512\" height=\"468\" data-attachment-id=\"4533\"><\/p>\n<p> Despu\u00e9s de seguir cualquiera de los m\u00e9todos anteriores, puede habilitar la pesta\u00f1a de desarrollador en Excel 2011 para Mac. <\/p>\n<p><img loading=\"lazy\" decoding=\"async\" style=\"border-width: 1px;\" src=\"https:\/\/exceladvisor.org\/wp-content\/uploads\/2023\/08\/Ajouter-un-onglet-Developpeur-dans-Excel-4-1.png\" sizes=\"auto, \" srcset=\"\" alt=\"agregar la pesta\u00f1a de desarrollador en excel 2011 para mac\" width=\"605\" height=\"79\" data-attachment-id=\"4534\" data-width=\"605\" data-height=\"79\" data-init-width=\"742\" data-init-height=\"95\"><\/p>\n<h2 style=\"margin-bottom: 20px !important; margin-top: 0px !important;\"> Y despu\u00e9s<\/h2>\n<ul>\n<li> Ejemplos \u00fatiles de VBA<\/li>\n<li> <a style=\"outline: none;\" href=\"https:\/\/exceladvisor.org\/es\/opcion-explicita-2\/\" data-wpel-link=\"internal\" data-wpil=\"url\">Opci\u00f3n VBA expl\u00edcita<\/a><\/li>\n<\/ul>\n","protected":false},"excerpt":{"rendered":"<p>La pesta\u00f1a Desarrollador es una de las opciones m\u00e1s importantes y \u00fatiles de Excel. Pero, antes de usarlo, debes agregarlo a la cinta. Cuando instalas Excel, debes activarlo por primera vez. As\u00ed que hoy, en este art\u00edculo, aprender\u00e1 3 m\u00e9todos diferentes para agregar una pesta\u00f1a de desarrollador en Excel para Windows y en Excel 2011 [&hellip;]<\/p>\n","protected":false},"author":1,"featured_media":0,"parent":0,"menu_order":0,"comment_status":"open","ping_status":"closed","template":"","meta":{"ub_ctt_via":"","footnotes":""},"class_list":["post-679","page","type-page","status-publish","hentry"],"featured_image_src":null,"yoast_head":"<!-- This site is optimized with the Yoast SEO plugin v25.4 - https:\/\/yoast.com\/wordpress\/plugins\/seo\/ -->\n<title>\u00bfc\u00f3mo agregar una pesta\u00f1a de desarrollador en excel?<\/title>\n<meta name=\"robots\" content=\"index, follow, max-snippet:-1, max-image-preview:large, max-video-preview:-1\" \/>\n<link rel=\"canonical\" href=\"https:\/\/exceladvisor.org\/es\/agregar-una-pestana-de-desarrollador\/\" \/>\n<meta property=\"og:locale\" content=\"es_ES\" \/>\n<meta property=\"og:type\" content=\"article\" \/>\n<meta property=\"og:title\" content=\"\u00bfc\u00f3mo agregar una pesta\u00f1a de desarrollador en excel?\" \/>\n<meta property=\"og:description\" content=\"La pesta\u00f1a Desarrollador es una de las opciones m\u00e1s importantes y \u00fatiles de Excel. Pero, antes de usarlo, debes agregarlo a la cinta. Cuando instalas Excel, debes activarlo por primera vez. As\u00ed que hoy, en este art\u00edculo, aprender\u00e1 3 m\u00e9todos diferentes para agregar una pesta\u00f1a de desarrollador en Excel para Windows y en Excel 2011 [&hellip;]\" \/>\n<meta property=\"og:url\" content=\"https:\/\/exceladvisor.org\/es\/agregar-una-pestana-de-desarrollador\/\" \/>\n<meta property=\"og:site_name\" content=\"Excel Advisor\" \/>\n<meta property=\"article:modified_time\" content=\"2023-12-25T10:23:14+00:00\" \/>\n<meta property=\"og:image\" content=\"https:\/\/exceladvisor.org\/wp-content\/uploads\/2023\/08\/Afficher-longlet-Developpeur-2-1.png\" \/>\n<meta name=\"twitter:card\" content=\"summary_large_image\" \/>\n<meta name=\"twitter:label1\" content=\"Tiempo de lectura\" \/>\n\t<meta name=\"twitter:data1\" content=\"1 minuto\" \/>\n<script type=\"application\/ld+json\" class=\"yoast-schema-graph\">{\"@context\":\"https:\/\/schema.org\",\"@graph\":[{\"@type\":\"WebPage\",\"@id\":\"https:\/\/exceladvisor.org\/es\/agregar-una-pestana-de-desarrollador\/\",\"url\":\"https:\/\/exceladvisor.org\/es\/agregar-una-pestana-de-desarrollador\/\",\"name\":\"\u00bfc\u00f3mo agregar una pesta\u00f1a de desarrollador en excel?\",\"isPartOf\":{\"@id\":\"https:\/\/exceladvisor.org\/es\/#website\"},\"primaryImageOfPage\":{\"@id\":\"https:\/\/exceladvisor.org\/es\/agregar-una-pestana-de-desarrollador\/#primaryimage\"},\"image\":{\"@id\":\"https:\/\/exceladvisor.org\/es\/agregar-una-pestana-de-desarrollador\/#primaryimage\"},\"thumbnailUrl\":\"https:\/\/exceladvisor.org\/wp-content\/uploads\/2023\/08\/Afficher-longlet-Developpeur-2-1.png\",\"datePublished\":\"2023-09-28T19:34:41+00:00\",\"dateModified\":\"2023-12-25T10:23:14+00:00\",\"breadcrumb\":{\"@id\":\"https:\/\/exceladvisor.org\/es\/agregar-una-pestana-de-desarrollador\/#breadcrumb\"},\"inLanguage\":\"es\",\"potentialAction\":[{\"@type\":\"ReadAction\",\"target\":[\"https:\/\/exceladvisor.org\/es\/agregar-una-pestana-de-desarrollador\/\"]}]},{\"@type\":\"ImageObject\",\"inLanguage\":\"es\",\"@id\":\"https:\/\/exceladvisor.org\/es\/agregar-una-pestana-de-desarrollador\/#primaryimage\",\"url\":\"https:\/\/exceladvisor.org\/wp-content\/uploads\/2023\/08\/Afficher-longlet-Developpeur-2-1.png\",\"contentUrl\":\"https:\/\/exceladvisor.org\/wp-content\/uploads\/2023\/08\/Afficher-longlet-Developpeur-2-1.png\"},{\"@type\":\"BreadcrumbList\",\"@id\":\"https:\/\/exceladvisor.org\/es\/agregar-una-pestana-de-desarrollador\/#breadcrumb\",\"itemListElement\":[{\"@type\":\"ListItem\",\"position\":1,\"name\":\"Hogar\",\"item\":\"https:\/\/exceladvisor.org\/es\/\"},{\"@type\":\"ListItem\",\"position\":2,\"name\":\"\u00bfc\u00f3mo agregar una pesta\u00f1a de desarrollador en excel?\"}]},{\"@type\":\"WebSite\",\"@id\":\"https:\/\/exceladvisor.org\/es\/#website\",\"url\":\"https:\/\/exceladvisor.org\/es\/\",\"name\":\"Excel Advisor\",\"description\":\"Su gu\u00eda para la dominaci\u00f3n de datos!\",\"publisher\":{\"@id\":\"https:\/\/exceladvisor.org\/es\/#organization\"},\"potentialAction\":[{\"@type\":\"SearchAction\",\"target\":{\"@type\":\"EntryPoint\",\"urlTemplate\":\"https:\/\/exceladvisor.org\/es\/?s={search_term_string}\"},\"query-input\":{\"@type\":\"PropertyValueSpecification\",\"valueRequired\":true,\"valueName\":\"search_term_string\"}}],\"inLanguage\":\"es\"},{\"@type\":\"Organization\",\"@id\":\"https:\/\/exceladvisor.org\/es\/#organization\",\"name\":\"Excel Advisor\",\"url\":\"https:\/\/exceladvisor.org\/es\/\",\"logo\":{\"@type\":\"ImageObject\",\"inLanguage\":\"es\",\"@id\":\"https:\/\/exceladvisor.org\/es\/#\/schema\/logo\/image\/\",\"url\":\"https:\/\/exceladvisor.org\/es\/wp-content\/uploads\/2023\/12\/exceladvisor.org_.png\",\"contentUrl\":\"https:\/\/exceladvisor.org\/es\/wp-content\/uploads\/2023\/12\/exceladvisor.org_.png\",\"width\":105,\"height\":36,\"caption\":\"Excel Advisor\"},\"image\":{\"@id\":\"https:\/\/exceladvisor.org\/es\/#\/schema\/logo\/image\/\"}}]}<\/script>\n<!-- \/ Yoast SEO plugin. -->","yoast_head_json":{"title":"\u00bfc\u00f3mo agregar una pesta\u00f1a de desarrollador en excel?","robots":{"index":"index","follow":"follow","max-snippet":"max-snippet:-1","max-image-preview":"max-image-preview:large","max-video-preview":"max-video-preview:-1"},"canonical":"https:\/\/exceladvisor.org\/es\/agregar-una-pestana-de-desarrollador\/","og_locale":"es_ES","og_type":"article","og_title":"\u00bfc\u00f3mo agregar una pesta\u00f1a de desarrollador en excel?","og_description":"La pesta\u00f1a Desarrollador es una de las opciones m\u00e1s importantes y \u00fatiles de Excel. Pero, antes de usarlo, debes agregarlo a la cinta. Cuando instalas Excel, debes activarlo por primera vez. As\u00ed que hoy, en este art\u00edculo, aprender\u00e1 3 m\u00e9todos diferentes para agregar una pesta\u00f1a de desarrollador en Excel para Windows y en Excel 2011 [&hellip;]","og_url":"https:\/\/exceladvisor.org\/es\/agregar-una-pestana-de-desarrollador\/","og_site_name":"Excel Advisor","article_modified_time":"2023-12-25T10:23:14+00:00","og_image":[{"url":"https:\/\/exceladvisor.org\/wp-content\/uploads\/2023\/08\/Afficher-longlet-Developpeur-2-1.png","type":"","width":"","height":""}],"twitter_card":"summary_large_image","twitter_misc":{"Tiempo de lectura":"1 minuto"},"schema":{"@context":"https:\/\/schema.org","@graph":[{"@type":"WebPage","@id":"https:\/\/exceladvisor.org\/es\/agregar-una-pestana-de-desarrollador\/","url":"https:\/\/exceladvisor.org\/es\/agregar-una-pestana-de-desarrollador\/","name":"\u00bfc\u00f3mo agregar una pesta\u00f1a de desarrollador en excel?","isPartOf":{"@id":"https:\/\/exceladvisor.org\/es\/#website"},"primaryImageOfPage":{"@id":"https:\/\/exceladvisor.org\/es\/agregar-una-pestana-de-desarrollador\/#primaryimage"},"image":{"@id":"https:\/\/exceladvisor.org\/es\/agregar-una-pestana-de-desarrollador\/#primaryimage"},"thumbnailUrl":"https:\/\/exceladvisor.org\/wp-content\/uploads\/2023\/08\/Afficher-longlet-Developpeur-2-1.png","datePublished":"2023-09-28T19:34:41+00:00","dateModified":"2023-12-25T10:23:14+00:00","breadcrumb":{"@id":"https:\/\/exceladvisor.org\/es\/agregar-una-pestana-de-desarrollador\/#breadcrumb"},"inLanguage":"es","potentialAction":[{"@type":"ReadAction","target":["https:\/\/exceladvisor.org\/es\/agregar-una-pestana-de-desarrollador\/"]}]},{"@type":"ImageObject","inLanguage":"es","@id":"https:\/\/exceladvisor.org\/es\/agregar-una-pestana-de-desarrollador\/#primaryimage","url":"https:\/\/exceladvisor.org\/wp-content\/uploads\/2023\/08\/Afficher-longlet-Developpeur-2-1.png","contentUrl":"https:\/\/exceladvisor.org\/wp-content\/uploads\/2023\/08\/Afficher-longlet-Developpeur-2-1.png"},{"@type":"BreadcrumbList","@id":"https:\/\/exceladvisor.org\/es\/agregar-una-pestana-de-desarrollador\/#breadcrumb","itemListElement":[{"@type":"ListItem","position":1,"name":"Hogar","item":"https:\/\/exceladvisor.org\/es\/"},{"@type":"ListItem","position":2,"name":"\u00bfc\u00f3mo agregar una pesta\u00f1a de desarrollador en excel?"}]},{"@type":"WebSite","@id":"https:\/\/exceladvisor.org\/es\/#website","url":"https:\/\/exceladvisor.org\/es\/","name":"Excel Advisor","description":"Su gu\u00eda para la dominaci\u00f3n de datos!","publisher":{"@id":"https:\/\/exceladvisor.org\/es\/#organization"},"potentialAction":[{"@type":"SearchAction","target":{"@type":"EntryPoint","urlTemplate":"https:\/\/exceladvisor.org\/es\/?s={search_term_string}"},"query-input":{"@type":"PropertyValueSpecification","valueRequired":true,"valueName":"search_term_string"}}],"inLanguage":"es"},{"@type":"Organization","@id":"https:\/\/exceladvisor.org\/es\/#organization","name":"Excel Advisor","url":"https:\/\/exceladvisor.org\/es\/","logo":{"@type":"ImageObject","inLanguage":"es","@id":"https:\/\/exceladvisor.org\/es\/#\/schema\/logo\/image\/","url":"https:\/\/exceladvisor.org\/es\/wp-content\/uploads\/2023\/12\/exceladvisor.org_.png","contentUrl":"https:\/\/exceladvisor.org\/es\/wp-content\/uploads\/2023\/12\/exceladvisor.org_.png","width":105,"height":36,"caption":"Excel Advisor"},"image":{"@id":"https:\/\/exceladvisor.org\/es\/#\/schema\/logo\/image\/"}}]}},"yoast_meta":{"yoast_wpseo_title":"","yoast_wpseo_metadesc":"","yoast_wpseo_canonical":""},"_links":{"self":[{"href":"https:\/\/exceladvisor.org\/es\/wp-json\/wp\/v2\/pages\/679","targetHints":{"allow":["GET"]}}],"collection":[{"href":"https:\/\/exceladvisor.org\/es\/wp-json\/wp\/v2\/pages"}],"about":[{"href":"https:\/\/exceladvisor.org\/es\/wp-json\/wp\/v2\/types\/page"}],"author":[{"embeddable":true,"href":"https:\/\/exceladvisor.org\/es\/wp-json\/wp\/v2\/users\/1"}],"replies":[{"embeddable":true,"href":"https:\/\/exceladvisor.org\/es\/wp-json\/wp\/v2\/comments?post=679"}],"version-history":[{"count":1,"href":"https:\/\/exceladvisor.org\/es\/wp-json\/wp\/v2\/pages\/679\/revisions"}],"predecessor-version":[{"id":827,"href":"https:\/\/exceladvisor.org\/es\/wp-json\/wp\/v2\/pages\/679\/revisions\/827"}],"wp:attachment":[{"href":"https:\/\/exceladvisor.org\/es\/wp-json\/wp\/v2\/media?parent=679"}],"curies":[{"name":"wp","href":"https:\/\/api.w.org\/{rel}","templated":true}]}}