{"id":680,"date":"2023-09-28T18:56:06","date_gmt":"2023-09-28T18:56:06","guid":{"rendered":"https:\/\/exceladvisor.org\/es\/libro-activo-por-macro\/"},"modified":"2023-12-25T10:25:30","modified_gmt":"2023-12-25T10:25:30","slug":"libro-activo-por-macro","status":"publish","type":"page","link":"https:\/\/exceladvisor.org\/es\/libro-activo-por-macro\/","title":{"rendered":"\u00bfc\u00f3mo guardo un archivo habilitado para macros?"},"content":{"rendered":"<div class=\"excel-antes-del-contenido\" id=\"excel-3540568389\"><script type=\"text\/javascript\">\r\n\tatOptions = {\r\n\t\t'key' : 'c1158f160081d6540a8409e6925dab94',\r\n\t\t'format' : 'iframe',\r\n\t\t'height' : 250,\r\n\t\t'width' : 300,\r\n\t\t'params' : {}\r\n\t};\r\n<\/script>\r\n<script type=\"text\/javascript\" src=\"\/\/www.highperformanceformat.com\/c1158f160081d6540a8409e6925dab94\/invoke.js\"><\/script><\/div><h2 class=\"wp-block-heading\">\u00bfQu\u00e9 es un libro habilitado para macros?<\/h2>\n<p> En Excel, cuando escribe una macro o agrega c\u00f3digos VBA a un archivo, debe guardar ese archivo como un tipo habilitado para macros en formato .xlsm. Con este tipo de archivo, <a href=\"https:\/\/exceladvisor.org\/es\/cuaderno-macro-personal\/\">Excel almacena todos los c\u00f3digos<\/a> en el archivo. Y tambi\u00e9n puedes <a href=\"https:\/\/exceladvisor.org\/es\/ejecutar-una-macro-2\/\">ejecutar estos c\u00f3digos<\/a> desde el archivo. <\/p>\n<div class=\"wp-block-image\">\n<figure class=\"aligncenter size-full is-resized\"><img loading=\"lazy\" decoding=\"async\" class=\"wp-image-72711\" src=\"https:\/\/exceladvisor.org\/wp-content\/uploads\/2023\/08\/1-macro-decriture.png\" sizes=\"auto, \" srcset=\"\" alt=\"macro de escritura\" width=\"653\" height=\"566\"><\/figure>\n<\/div>\n<p> Aqu\u00ed tienes un archivo con los c\u00f3digos, y ahora veremos c\u00f3mo guardar este archivo como un tipo de archivo habilitado para macros en Excel.<\/p>\n<h2 class=\"wp-block-heading\"> Pasos para guardar un libro habilitado para macros<\/h2>\n<ol type=\"1\">\n<li> En primer lugar, vaya a la pesta\u00f1a Archivo y haga clic en la opci\u00f3n \u00bb <a href=\"https:\/\/exceladvisor.org\/es\/guardar-como\/\">Guardar como<\/a> \u00ab.<\/li>\n<li> Despu\u00e9s de eso, especifique la ubicaci\u00f3n donde desea guardar su archivo.<\/li>\n<li> Luego, en \u00abGuardar como tipo\u00bb, seleccione \u00abLibro de Excel habilitado para macros\u00bb.<\/li>\n<li> Al final, haga clic en Aceptar para guardar el archivo. <\/li>\n<\/ol>\n<div class=\"wp-block-image\">\n<figure class=\"aligncenter size-full is-resized\"><img loading=\"lazy\" decoding=\"async\" class=\"wp-image-72712\" src=\"https:\/\/exceladvisor.org\/wp-content\/uploads\/2023\/08\/2-enregistrer-un-classeur-active-par-macro.png\" sizes=\"auto, \" srcset=\"\" alt=\"guardar un libro habilitado para macros\" width=\"771\" height=\"426\"><\/figure>\n<\/div>\n<p> A continuaci\u00f3n puede ver el archivo que guardamos en nuestro sistema con la extensi\u00f3n .xlsm. <\/p>\n<div class=\"wp-block-image\">\n<figure class=\"aligncenter size-full is-resized\"><img loading=\"lazy\" decoding=\"async\" class=\"wp-image-72714\" src=\"https:\/\/exceladvisor.org\/wp-content\/uploads\/2023\/08\/3-fichier-enregistre-avec-lextension-xlsm.png\" sizes=\"auto, \" srcset=\"\" alt=\"archivo-guardado-con-extensi\u00f3n-.xlsm\" width=\"683\" height=\"461\"><\/figure>\n<\/div>\n<h2 class=\"wp-block-heading\"> Comidas para llevar<\/h2>\n<ol>\n<li> Una vez que haya creado un archivo habilitado para macros, debe habilitar la macro (Archivo \u21e2 Opciones \u21e2 Centro de confianza \u21e2 Configuraci\u00f3n de ingreso de confianza \u21e2 Macros) para ejecutar cualquier c\u00f3digo.<\/li>\n<li> Puede utilizar <a href=\"https:\/\/exceladvisor.org\/es\/cuaderno-macro-personal\/\">Personal Macro Binder<\/a> para guardar todos sus c\u00f3digos en un solo lugar.<\/li>\n<li> Recibir un libro habilitado para macros de otra persona (de un sistema diferente) puede representar una amenaza potencial.<\/li>\n<\/ol>\n<div class=\"gb-container gb-container-4db6181c gb-container-mt\"> <a class=\"gb-button gb-button-c5897111 gb-button-text gb-button-mt-button\" href=\"https:\/\/exceladvisor.org\/es\/vba\/\">\u00bfQu\u00e9 es VBA?<\/a><\/p>\n<h2 class=\"gb-headline gb-headline-665e5f6b gb-headline-text gb-headline-mt-heading\"> Tutoriales relacionados <\/h2>\n<div class=\"gb-grid-wrapper gb-grid-wrapper-a20baf7c gb-grid-wrapper-mt-grid\">\n<div class=\"gb-grid-column gb-grid-column-65ddf67e\">\n<div class=\"gb-container gb-container-65ddf67e\">\n<ul>\n<li> <a href=\"https:\/\/exceladvisor.org\/es\/copiar-archivo-excel\/\">Copie un archivo de Excel (libro de trabajo) usando VBA<\/a><\/li>\n<li> <a href=\"https:\/\/exceladvisor.org\/es\/activar-libro-de-trabajo\/\">VBA Activar libro de trabajo (archivo Excel)<\/a><\/li>\n<li> <a href=\"https:\/\/exceladvisor.org\/es\/cerrar-el-libro-de-trabajo\/\">VBA Cerrar libro de trabajo (archivo Excel)<\/a><\/li>\n<li> <a href=\"https:\/\/exceladvisor.org\/es\/combinar-libros-de-trabajo\/\">Combinar libros de trabajo de VBA (archivos Excel)<\/a><\/li>\n<li> <a href=\"https:\/\/exceladvisor.org\/es\/crear-un-libro-de-trabajo\/\">VBA Crear un nuevo libro de trabajo (archivo Excel)<\/a> <\/li>\n<\/ul>\n<\/div>\n<\/div>\n<div class=\"gb-grid-column gb-grid-column-50067b57\">\n<div class=\"gb-container gb-container-50067b57\"><\/div>\n<\/div>\n<\/div>\n<\/div>\n","protected":false},"excerpt":{"rendered":"<p>\u00bfQu\u00e9 es un libro habilitado para macros? En Excel, cuando escribe una macro o agrega c\u00f3digos VBA a un archivo, debe guardar ese archivo como un tipo habilitado para macros en formato .xlsm. Con este tipo de archivo, Excel almacena todos los c\u00f3digos en el archivo. Y tambi\u00e9n puedes ejecutar estos c\u00f3digos desde el archivo. [&hellip;]<\/p>\n","protected":false},"author":1,"featured_media":0,"parent":0,"menu_order":0,"comment_status":"open","ping_status":"closed","template":"","meta":{"ub_ctt_via":"","footnotes":""},"class_list":["post-680","page","type-page","status-publish","hentry"],"featured_image_src":null,"yoast_head":"<!-- This site is optimized with the Yoast SEO plugin v25.4 - https:\/\/yoast.com\/wordpress\/plugins\/seo\/ -->\n<title>\u00bfc\u00f3mo guardo un archivo habilitado para macros?<\/title>\n<meta name=\"robots\" content=\"index, follow, max-snippet:-1, max-image-preview:large, max-video-preview:-1\" \/>\n<link rel=\"canonical\" href=\"https:\/\/exceladvisor.org\/es\/libro-activo-por-macro\/\" \/>\n<meta property=\"og:locale\" content=\"es_ES\" \/>\n<meta property=\"og:type\" content=\"article\" \/>\n<meta property=\"og:title\" content=\"\u00bfc\u00f3mo guardo un archivo habilitado para macros?\" \/>\n<meta property=\"og:description\" content=\"\u00bfQu\u00e9 es un libro habilitado para macros? En Excel, cuando escribe una macro o agrega c\u00f3digos VBA a un archivo, debe guardar ese archivo como un tipo habilitado para macros en formato .xlsm. Con este tipo de archivo, Excel almacena todos los c\u00f3digos en el archivo. Y tambi\u00e9n puedes ejecutar estos c\u00f3digos desde el archivo. [&hellip;]\" \/>\n<meta property=\"og:url\" content=\"https:\/\/exceladvisor.org\/es\/libro-activo-por-macro\/\" \/>\n<meta property=\"og:site_name\" content=\"Excel Advisor\" \/>\n<meta property=\"article:modified_time\" content=\"2023-12-25T10:25:30+00:00\" \/>\n<meta property=\"og:image\" content=\"https:\/\/exceladvisor.org\/wp-content\/uploads\/2023\/08\/1-macro-decriture.png\" \/>\n<meta name=\"twitter:card\" content=\"summary_large_image\" \/>\n<meta name=\"twitter:label1\" content=\"Tiempo de lectura\" \/>\n\t<meta name=\"twitter:data1\" content=\"1 minuto\" \/>\n<script type=\"application\/ld+json\" class=\"yoast-schema-graph\">{\"@context\":\"https:\/\/schema.org\",\"@graph\":[{\"@type\":\"WebPage\",\"@id\":\"https:\/\/exceladvisor.org\/es\/libro-activo-por-macro\/\",\"url\":\"https:\/\/exceladvisor.org\/es\/libro-activo-por-macro\/\",\"name\":\"\u00bfc\u00f3mo guardo un archivo habilitado para macros?\",\"isPartOf\":{\"@id\":\"https:\/\/exceladvisor.org\/es\/#website\"},\"primaryImageOfPage\":{\"@id\":\"https:\/\/exceladvisor.org\/es\/libro-activo-por-macro\/#primaryimage\"},\"image\":{\"@id\":\"https:\/\/exceladvisor.org\/es\/libro-activo-por-macro\/#primaryimage\"},\"thumbnailUrl\":\"https:\/\/exceladvisor.org\/wp-content\/uploads\/2023\/08\/1-macro-decriture.png\",\"datePublished\":\"2023-09-28T18:56:06+00:00\",\"dateModified\":\"2023-12-25T10:25:30+00:00\",\"breadcrumb\":{\"@id\":\"https:\/\/exceladvisor.org\/es\/libro-activo-por-macro\/#breadcrumb\"},\"inLanguage\":\"es\",\"potentialAction\":[{\"@type\":\"ReadAction\",\"target\":[\"https:\/\/exceladvisor.org\/es\/libro-activo-por-macro\/\"]}]},{\"@type\":\"ImageObject\",\"inLanguage\":\"es\",\"@id\":\"https:\/\/exceladvisor.org\/es\/libro-activo-por-macro\/#primaryimage\",\"url\":\"https:\/\/exceladvisor.org\/wp-content\/uploads\/2023\/08\/1-macro-decriture.png\",\"contentUrl\":\"https:\/\/exceladvisor.org\/wp-content\/uploads\/2023\/08\/1-macro-decriture.png\"},{\"@type\":\"BreadcrumbList\",\"@id\":\"https:\/\/exceladvisor.org\/es\/libro-activo-por-macro\/#breadcrumb\",\"itemListElement\":[{\"@type\":\"ListItem\",\"position\":1,\"name\":\"Hogar\",\"item\":\"https:\/\/exceladvisor.org\/es\/\"},{\"@type\":\"ListItem\",\"position\":2,\"name\":\"\u00bfc\u00f3mo guardo un archivo habilitado para macros?\"}]},{\"@type\":\"WebSite\",\"@id\":\"https:\/\/exceladvisor.org\/es\/#website\",\"url\":\"https:\/\/exceladvisor.org\/es\/\",\"name\":\"Excel Advisor\",\"description\":\"Su gu\u00eda para la dominaci\u00f3n de datos!\",\"publisher\":{\"@id\":\"https:\/\/exceladvisor.org\/es\/#organization\"},\"potentialAction\":[{\"@type\":\"SearchAction\",\"target\":{\"@type\":\"EntryPoint\",\"urlTemplate\":\"https:\/\/exceladvisor.org\/es\/?s={search_term_string}\"},\"query-input\":{\"@type\":\"PropertyValueSpecification\",\"valueRequired\":true,\"valueName\":\"search_term_string\"}}],\"inLanguage\":\"es\"},{\"@type\":\"Organization\",\"@id\":\"https:\/\/exceladvisor.org\/es\/#organization\",\"name\":\"Excel Advisor\",\"url\":\"https:\/\/exceladvisor.org\/es\/\",\"logo\":{\"@type\":\"ImageObject\",\"inLanguage\":\"es\",\"@id\":\"https:\/\/exceladvisor.org\/es\/#\/schema\/logo\/image\/\",\"url\":\"https:\/\/exceladvisor.org\/es\/wp-content\/uploads\/2023\/12\/exceladvisor.org_.png\",\"contentUrl\":\"https:\/\/exceladvisor.org\/es\/wp-content\/uploads\/2023\/12\/exceladvisor.org_.png\",\"width\":105,\"height\":36,\"caption\":\"Excel Advisor\"},\"image\":{\"@id\":\"https:\/\/exceladvisor.org\/es\/#\/schema\/logo\/image\/\"}}]}<\/script>\n<!-- \/ Yoast SEO plugin. -->","yoast_head_json":{"title":"\u00bfc\u00f3mo guardo un archivo habilitado para macros?","robots":{"index":"index","follow":"follow","max-snippet":"max-snippet:-1","max-image-preview":"max-image-preview:large","max-video-preview":"max-video-preview:-1"},"canonical":"https:\/\/exceladvisor.org\/es\/libro-activo-por-macro\/","og_locale":"es_ES","og_type":"article","og_title":"\u00bfc\u00f3mo guardo un archivo habilitado para macros?","og_description":"\u00bfQu\u00e9 es un libro habilitado para macros? En Excel, cuando escribe una macro o agrega c\u00f3digos VBA a un archivo, debe guardar ese archivo como un tipo habilitado para macros en formato .xlsm. Con este tipo de archivo, Excel almacena todos los c\u00f3digos en el archivo. Y tambi\u00e9n puedes ejecutar estos c\u00f3digos desde el archivo. [&hellip;]","og_url":"https:\/\/exceladvisor.org\/es\/libro-activo-por-macro\/","og_site_name":"Excel Advisor","article_modified_time":"2023-12-25T10:25:30+00:00","og_image":[{"url":"https:\/\/exceladvisor.org\/wp-content\/uploads\/2023\/08\/1-macro-decriture.png","type":"","width":"","height":""}],"twitter_card":"summary_large_image","twitter_misc":{"Tiempo de lectura":"1 minuto"},"schema":{"@context":"https:\/\/schema.org","@graph":[{"@type":"WebPage","@id":"https:\/\/exceladvisor.org\/es\/libro-activo-por-macro\/","url":"https:\/\/exceladvisor.org\/es\/libro-activo-por-macro\/","name":"\u00bfc\u00f3mo guardo un archivo habilitado para macros?","isPartOf":{"@id":"https:\/\/exceladvisor.org\/es\/#website"},"primaryImageOfPage":{"@id":"https:\/\/exceladvisor.org\/es\/libro-activo-por-macro\/#primaryimage"},"image":{"@id":"https:\/\/exceladvisor.org\/es\/libro-activo-por-macro\/#primaryimage"},"thumbnailUrl":"https:\/\/exceladvisor.org\/wp-content\/uploads\/2023\/08\/1-macro-decriture.png","datePublished":"2023-09-28T18:56:06+00:00","dateModified":"2023-12-25T10:25:30+00:00","breadcrumb":{"@id":"https:\/\/exceladvisor.org\/es\/libro-activo-por-macro\/#breadcrumb"},"inLanguage":"es","potentialAction":[{"@type":"ReadAction","target":["https:\/\/exceladvisor.org\/es\/libro-activo-por-macro\/"]}]},{"@type":"ImageObject","inLanguage":"es","@id":"https:\/\/exceladvisor.org\/es\/libro-activo-por-macro\/#primaryimage","url":"https:\/\/exceladvisor.org\/wp-content\/uploads\/2023\/08\/1-macro-decriture.png","contentUrl":"https:\/\/exceladvisor.org\/wp-content\/uploads\/2023\/08\/1-macro-decriture.png"},{"@type":"BreadcrumbList","@id":"https:\/\/exceladvisor.org\/es\/libro-activo-por-macro\/#breadcrumb","itemListElement":[{"@type":"ListItem","position":1,"name":"Hogar","item":"https:\/\/exceladvisor.org\/es\/"},{"@type":"ListItem","position":2,"name":"\u00bfc\u00f3mo guardo un archivo habilitado para macros?"}]},{"@type":"WebSite","@id":"https:\/\/exceladvisor.org\/es\/#website","url":"https:\/\/exceladvisor.org\/es\/","name":"Excel Advisor","description":"Su gu\u00eda para la dominaci\u00f3n de datos!","publisher":{"@id":"https:\/\/exceladvisor.org\/es\/#organization"},"potentialAction":[{"@type":"SearchAction","target":{"@type":"EntryPoint","urlTemplate":"https:\/\/exceladvisor.org\/es\/?s={search_term_string}"},"query-input":{"@type":"PropertyValueSpecification","valueRequired":true,"valueName":"search_term_string"}}],"inLanguage":"es"},{"@type":"Organization","@id":"https:\/\/exceladvisor.org\/es\/#organization","name":"Excel Advisor","url":"https:\/\/exceladvisor.org\/es\/","logo":{"@type":"ImageObject","inLanguage":"es","@id":"https:\/\/exceladvisor.org\/es\/#\/schema\/logo\/image\/","url":"https:\/\/exceladvisor.org\/es\/wp-content\/uploads\/2023\/12\/exceladvisor.org_.png","contentUrl":"https:\/\/exceladvisor.org\/es\/wp-content\/uploads\/2023\/12\/exceladvisor.org_.png","width":105,"height":36,"caption":"Excel Advisor"},"image":{"@id":"https:\/\/exceladvisor.org\/es\/#\/schema\/logo\/image\/"}}]}},"yoast_meta":{"yoast_wpseo_title":"","yoast_wpseo_metadesc":"","yoast_wpseo_canonical":""},"_links":{"self":[{"href":"https:\/\/exceladvisor.org\/es\/wp-json\/wp\/v2\/pages\/680","targetHints":{"allow":["GET"]}}],"collection":[{"href":"https:\/\/exceladvisor.org\/es\/wp-json\/wp\/v2\/pages"}],"about":[{"href":"https:\/\/exceladvisor.org\/es\/wp-json\/wp\/v2\/types\/page"}],"author":[{"embeddable":true,"href":"https:\/\/exceladvisor.org\/es\/wp-json\/wp\/v2\/users\/1"}],"replies":[{"embeddable":true,"href":"https:\/\/exceladvisor.org\/es\/wp-json\/wp\/v2\/comments?post=680"}],"version-history":[{"count":1,"href":"https:\/\/exceladvisor.org\/es\/wp-json\/wp\/v2\/pages\/680\/revisions"}],"predecessor-version":[{"id":1070,"href":"https:\/\/exceladvisor.org\/es\/wp-json\/wp\/v2\/pages\/680\/revisions\/1070"}],"wp:attachment":[{"href":"https:\/\/exceladvisor.org\/es\/wp-json\/wp\/v2\/media?parent=680"}],"curies":[{"name":"wp","href":"https:\/\/api.w.org\/{rel}","templated":true}]}}