{"id":682,"date":"2023-09-28T18:12:05","date_gmt":"2023-09-28T18:12:05","guid":{"rendered":"https:\/\/exceladvisor.org\/es\/ajustar-texto-1\/"},"modified":"2023-12-25T10:31:54","modified_gmt":"2023-12-25T10:31:54","slug":"ajustar-texto-1","status":"publish","type":"page","link":"https:\/\/exceladvisor.org\/es\/ajustar-texto-1\/","title":{"rendered":"\u00bfc\u00f3mo utilizar wrap text en cualquier lugar a trav\u00e9s de vba?"},"content":{"rendered":"<div class=\"excel-antes-del-contenido\" id=\"excel-3942578340\"><script type=\"text\/javascript\">\r\n\tatOptions = {\r\n\t\t'key' : 'c1158f160081d6540a8409e6925dab94',\r\n\t\t'format' : 'iframe',\r\n\t\t'height' : 250,\r\n\t\t'width' : 300,\r\n\t\t'params' : {}\r\n\t};\r\n<\/script>\r\n<script type=\"text\/javascript\" src=\"\/\/www.highperformanceformat.com\/c1158f160081d6540a8409e6925dab94\/invoke.js\"><\/script><\/div><p>En VBA, hay una propiedad llamada \u00abWrapText\u00bb a la que puede acceder para aplicar texto ajustado a una celda o rango de celdas. Tienes que escribir c\u00f3digo para habilitarlo o deshabilitarlo. Es una propiedad de lectura y escritura, por lo que puede aplicarla o tambi\u00e9n puede obtenerla si se aplica en una celda.<\/p>\n<p> En este tutorial, veremos diferentes formas de aplicar texto ajustado usando c\u00f3digo VBA.<\/p>\n<h2 class=\"wp-block-heading\"> Ajustar texto en una celda usando VBA<\/h2>\n<p> Utilice los siguientes pasos para aplicar Wrap Text usando c\u00f3digo VBA.<\/p>\n<ol>\n<li> Defina la celda donde desea aplicar el texto ajustado usando la <a href=\"https:\/\/exceladvisor.org\/es\/rango-1\/\">propiedad de rango<\/a> .<\/li>\n<li> Escriba un punto para ver la lista de <a href=\"https:\/\/exceladvisor.org\/es\/objetos\/\">propiedades y m\u00e9todos<\/a> de esa celda.<\/li>\n<li> Seleccione la propiedad \u00abWrapText\u00bb de la lista.<\/li>\n<li> Ingrese el signo igual \u201c=\u00bb y escriba VERDADERO para habilitar el ajuste de palabras.<\/li>\n<\/ol>\n<pre class=\"wp-block-code\"> <code class=\"language-visual-basic\" lang=\"visual-basic\">Sub vba_wrap_text() Range(\"A1\").WrapText = True End Sub<\/code><\/pre>\n<p> Tambi\u00e9n puede especificar una celda de la siguiente manera.<\/p>\n<pre class=\"wp-block-code\"> <code class=\"language-visual-basic\" lang=\"visual-basic\">Cells(1, 1).WrapText = True<\/code><\/pre>\n<h2 class=\"wp-block-heading\"> Ajustar texto en una fila de celdas<\/h2>\n<p> Y si desea aplicar texto ajustado a un rango completo, debe especificar el rango en lugar de una sola celda.<\/p>\n<pre class=\"wp-block-code\"> <code class=\"language-visual-basic\" lang=\"visual-basic\">Range(\"A1:A5\").WrapText = True<\/code><\/pre>\n<p> Tambi\u00e9n puedes aplicarlo al rango usado (selecci\u00f3n de la hoja de trabajo donde ingresaste los datos) usando la propiedad \u201cUsedRange\u201d. <\/p>\n<pre class=\"wp-block-code\"> <code class=\"language-visual-basic\" lang=\"visual-basic\">Worksheets(\"Sheet1\").UsedRange.WrapText = True ActiveSheet.UsedRange.WrapText = True<\/code><\/pre>\n<div class=\"wp-block-image\">\n<figure class=\"aligncenter size-large is-resized\"><img loading=\"lazy\" decoding=\"async\" class=\"wp-image-51968\" src=\"https:\/\/exceladvisor.org\/wp-content\/uploads\/2023\/08\/3-appliquer-le-texte-dhabillage-a-la-plage-utilisee.png\" sizes=\"auto, \" srcset=\"\" alt=\"aplicar-ajustar-texto-al-rango-usado\" width=\"539\" height=\"243\"><\/figure>\n<\/div>\n<p> En la primera l\u00ednea del c\u00f3digo anterior, <a href=\"https:\/\/exceladvisor.org\/es\/hoja-de-trabajo-1\/\">especific\u00f3 la hoja de trabajo<\/a> y luego la \u00abpropiedad usada\u00bb para ajustar el texto. En la segunda l\u00ednea tienes el rango utilizado <a href=\"https:\/\/exceladvisor.org\/es\/activar-hoja\/\">de la hoja activa<\/a> . Pero ambas l\u00edneas funcionan igual.<\/p>\n<p> Aqu\u00ed hay algunos ejemplos m\u00e1s que debes conocer:<\/p>\n<ul>\n<li> C\u00e9lulas no continuas<\/li>\n<li> Toda la linea<\/li>\n<li> Toda la columna<\/li>\n<li> rango con nombre <\/li>\n<\/ul>\n<div class=\"wp-block-image\">\n<figure class=\"aligncenter size-large is-resized\"><img loading=\"lazy\" decoding=\"async\" class=\"wp-image-51969\" src=\"https:\/\/exceladvisor.org\/wp-content\/uploads\/2023\/08\/4-quelques-exemples-de-texte-dhabillage.png\" sizes=\"auto, \" srcset=\"\" alt=\"algunos-ejemplos-de-texto-ajustado\" width=\"565\" height=\"289\"><\/figure>\n<\/div>\n<pre class=\"wp-block-code\"> <code class=\"language-visual-basic\" lang=\"visual-basic\">Range(\"A1:A10,C1:C10\").WrapText = True Range(\"A:A\").WrapText = True Range(\"1:1\").WrapText = True Range(\"myRange\").WrapText = True<\/code><\/pre>\n<h2 class=\"wp-block-heading\"> Ajustar texto a lo largo de la hoja de trabajo<\/h2>\n<p> Para hacer referencia a la hoja de trabajo completa, debe usar la propiedad Celdas como lo hace en el siguiente c\u00f3digo. <\/p>\n<pre class=\"wp-block-code\"> <code class=\"language-visual-basic\" lang=\"visual-basic\">Cells.WrapText = True Worksheets(\"Sheet1\").Cells.WrapText = True<\/code><\/pre>\n<div class=\"wp-block-image\">\n<figure class=\"aligncenter size-large is-resized\"><img loading=\"lazy\" decoding=\"async\" class=\"wp-image-51970\" src=\"https:\/\/exceladvisor.org\/wp-content\/uploads\/2023\/08\/5-envelopper-le-texte-dans-toute-la-feuille-de-calcul.png\" sizes=\"auto, \" srcset=\"\" alt=\"ajustar-texto-a-hoja-de-trabajo-completa\" width=\"531\" height=\"219\"><\/figure>\n<\/div>\n<p> La primera l\u00ednea de c\u00f3digo se refiere a la hoja activa y la segunda l\u00ednea se refiere a la hoja de trabajo \u00abHoja1\u00bb. Tambi\u00e9n puede usar un bucle usando <a href=\"https:\/\/exceladvisor.org\/es\/para-el-bucle\/\">FOR EACH (For Next)<\/a> para <a href=\"https:\/\/exceladvisor.org\/es\/hojas-de-bucle\/\">recorrer todas las hojas de trabajo<\/a> del libro y aplicar texto envolvente a todas las celdas. <\/p>\n<div class=\"wp-block-image\">\n<figure class=\"aligncenter size-large is-resized\"><img loading=\"lazy\" decoding=\"async\" class=\"wp-image-51971\" src=\"https:\/\/exceladvisor.org\/wp-content\/uploads\/2023\/08\/6-boucle-a-utiliser-pour-appliquer-le-texte-dhabillage.png\" sizes=\"auto, \" srcset=\"\" alt=\"bucle-usando-para-aplicar-texto-ajustado\" width=\"495\" height=\"301\"><\/figure>\n<\/div>\n<pre class=\"wp-block-code\"> <code class=\"language-visual-basic\" lang=\"visual-basic\">Dim ws As Worksheet For Each ws In ActiveWorkbook.Worksheets Cells.WrapText = True Next ws<\/code><\/pre>\n<p> En el c\u00f3digo anterior, tiene \u00abws\u00bb como <a href=\"https:\/\/exceladvisor.org\/es\/variables\/\">variable<\/a> , luego For Each Loop recorre todas las hojas de trabajo del libro y se aplica para ajustar el texto de toda la hoja de trabajo usando Celdas.<\/p>\n<h2 class=\"wp-block-heading\"> Deshabilitar ajuste de texto<\/h2>\n<p> Como ha visto, necesita habilitar la propiedad WrapText y de manera similar puede deshabilitarla usando la declaraci\u00f3n FALSE.<\/p>\n<pre class=\"wp-block-code\"> <code class=\"language-visual-basic\" lang=\"visual-basic\">Range(\"A1\").WrapText = False<\/code><\/pre>\n<p class=\"qt-tip\"> <strong>Nota:<\/strong> Hay una cosa que debe comprender: si tiene un valor en una celda y el ancho de la celda es suficiente para almacenar ese valor, incluso si aplica texto a la fila, Excel <a href=\"https:\/\/exceladvisor.org\/es\/nueva-linea\/\">no mover\u00e1 el contenido a la siguiente l\u00ednea<\/a> .<\/p>\n<div class=\"gb-container gb-container-4db6181c gb-container-mt\"> <a class=\"gb-button gb-button-c5897111 gb-button-text gb-button-mt-button\" href=\"https:\/\/exceladvisor.org\/es\/vba\/\">\u00bfQu\u00e9 es VBA?<\/a><\/p>\n<h2 class=\"gb-headline gb-headline-665e5f6b gb-headline-text gb-headline-mt-heading\"> Tutoriales relacionados <\/h2>\n<div class=\"gb-grid-wrapper gb-grid-wrapper-a20baf7c gb-grid-wrapper-mt-grid\">\n<div class=\"gb-grid-column gb-grid-column-65ddf67e\">\n<div class=\"gb-container gb-container-65ddf67e\">\n<ul>\n<li> <a href=\"https:\/\/exceladvisor.org\/es\/numero-de-lineas\/\">Contar filas usando VBA en Excel<\/a><\/li>\n<li> <a href=\"https:\/\/exceladvisor.org\/es\/fuente-de-caracteres\/\">Fuente Excel VBA (color, tama\u00f1o, tipo y negrita)<\/a><\/li>\n<li> <a href=\"https:\/\/exceladvisor.org\/es\/ocultar-mostrar-fila-de-columna\/\">Excel VBA Ocultar y mostrar una columna o fila<\/a><\/li>\n<li> <a href=\"https:\/\/exceladvisor.org\/es\/rango-1\/\">Rango de Excel VBA: trabajar con rango y celdas<\/a><\/li>\n<li> <a href=\"https:\/\/exceladvisor.org\/es\/fronteras\/\">Aplicar bordes a una celda usando VBA en Excel<\/a> <\/li>\n<\/ul>\n<\/div>\n<\/div>\n<div class=\"gb-grid-column gb-grid-column-50067b57\">\n<div class=\"gb-container gb-container-50067b57\"><\/div>\n<\/div>\n<\/div>\n<\/div>\n","protected":false},"excerpt":{"rendered":"<p>En VBA, hay una propiedad llamada \u00abWrapText\u00bb a la que puede acceder para aplicar texto ajustado a una celda o rango de celdas. Tienes que escribir c\u00f3digo para habilitarlo o deshabilitarlo. Es una propiedad de lectura y escritura, por lo que puede aplicarla o tambi\u00e9n puede obtenerla si se aplica en una celda. En este [&hellip;]<\/p>\n","protected":false},"author":1,"featured_media":0,"parent":0,"menu_order":0,"comment_status":"open","ping_status":"closed","template":"","meta":{"ub_ctt_via":"","footnotes":""},"class_list":["post-682","page","type-page","status-publish","hentry"],"featured_image_src":null,"yoast_head":"<!-- This site is optimized with the Yoast SEO plugin v25.4 - https:\/\/yoast.com\/wordpress\/plugins\/seo\/ -->\n<title>\u00bfc\u00f3mo utilizar wrap text en cualquier lugar a trav\u00e9s de vba?<\/title>\n<meta name=\"robots\" content=\"index, follow, max-snippet:-1, max-image-preview:large, max-video-preview:-1\" \/>\n<link rel=\"canonical\" href=\"https:\/\/exceladvisor.org\/es\/ajustar-texto-1\/\" \/>\n<meta property=\"og:locale\" content=\"es_ES\" \/>\n<meta property=\"og:type\" content=\"article\" \/>\n<meta property=\"og:title\" content=\"\u00bfc\u00f3mo utilizar wrap text en cualquier lugar a trav\u00e9s de vba?\" \/>\n<meta property=\"og:description\" content=\"En VBA, hay una propiedad llamada \u00abWrapText\u00bb a la que puede acceder para aplicar texto ajustado a una celda o rango de celdas. Tienes que escribir c\u00f3digo para habilitarlo o deshabilitarlo. Es una propiedad de lectura y escritura, por lo que puede aplicarla o tambi\u00e9n puede obtenerla si se aplica en una celda. En este [&hellip;]\" \/>\n<meta property=\"og:url\" content=\"https:\/\/exceladvisor.org\/es\/ajustar-texto-1\/\" \/>\n<meta property=\"og:site_name\" content=\"Excel Advisor\" \/>\n<meta property=\"article:modified_time\" content=\"2023-12-25T10:31:54+00:00\" \/>\n<meta property=\"og:image\" content=\"https:\/\/exceladvisor.org\/wp-content\/uploads\/2023\/08\/3-appliquer-le-texte-dhabillage-a-la-plage-utilisee.png\" \/>\n<meta name=\"twitter:card\" content=\"summary_large_image\" \/>\n<meta name=\"twitter:label1\" content=\"Tiempo de lectura\" \/>\n\t<meta name=\"twitter:data1\" content=\"3 minutos\" \/>\n<script type=\"application\/ld+json\" class=\"yoast-schema-graph\">{\"@context\":\"https:\/\/schema.org\",\"@graph\":[{\"@type\":\"WebPage\",\"@id\":\"https:\/\/exceladvisor.org\/es\/ajustar-texto-1\/\",\"url\":\"https:\/\/exceladvisor.org\/es\/ajustar-texto-1\/\",\"name\":\"\u00bfc\u00f3mo utilizar wrap text en cualquier lugar a trav\u00e9s de vba?\",\"isPartOf\":{\"@id\":\"https:\/\/exceladvisor.org\/es\/#website\"},\"primaryImageOfPage\":{\"@id\":\"https:\/\/exceladvisor.org\/es\/ajustar-texto-1\/#primaryimage\"},\"image\":{\"@id\":\"https:\/\/exceladvisor.org\/es\/ajustar-texto-1\/#primaryimage\"},\"thumbnailUrl\":\"https:\/\/exceladvisor.org\/wp-content\/uploads\/2023\/08\/3-appliquer-le-texte-dhabillage-a-la-plage-utilisee.png\",\"datePublished\":\"2023-09-28T18:12:05+00:00\",\"dateModified\":\"2023-12-25T10:31:54+00:00\",\"breadcrumb\":{\"@id\":\"https:\/\/exceladvisor.org\/es\/ajustar-texto-1\/#breadcrumb\"},\"inLanguage\":\"es\",\"potentialAction\":[{\"@type\":\"ReadAction\",\"target\":[\"https:\/\/exceladvisor.org\/es\/ajustar-texto-1\/\"]}]},{\"@type\":\"ImageObject\",\"inLanguage\":\"es\",\"@id\":\"https:\/\/exceladvisor.org\/es\/ajustar-texto-1\/#primaryimage\",\"url\":\"https:\/\/exceladvisor.org\/wp-content\/uploads\/2023\/08\/3-appliquer-le-texte-dhabillage-a-la-plage-utilisee.png\",\"contentUrl\":\"https:\/\/exceladvisor.org\/wp-content\/uploads\/2023\/08\/3-appliquer-le-texte-dhabillage-a-la-plage-utilisee.png\"},{\"@type\":\"BreadcrumbList\",\"@id\":\"https:\/\/exceladvisor.org\/es\/ajustar-texto-1\/#breadcrumb\",\"itemListElement\":[{\"@type\":\"ListItem\",\"position\":1,\"name\":\"Hogar\",\"item\":\"https:\/\/exceladvisor.org\/es\/\"},{\"@type\":\"ListItem\",\"position\":2,\"name\":\"\u00bfc\u00f3mo utilizar wrap text en cualquier lugar a trav\u00e9s de vba?\"}]},{\"@type\":\"WebSite\",\"@id\":\"https:\/\/exceladvisor.org\/es\/#website\",\"url\":\"https:\/\/exceladvisor.org\/es\/\",\"name\":\"Excel Advisor\",\"description\":\"Su gu\u00eda para la dominaci\u00f3n de datos!\",\"publisher\":{\"@id\":\"https:\/\/exceladvisor.org\/es\/#organization\"},\"potentialAction\":[{\"@type\":\"SearchAction\",\"target\":{\"@type\":\"EntryPoint\",\"urlTemplate\":\"https:\/\/exceladvisor.org\/es\/?s={search_term_string}\"},\"query-input\":{\"@type\":\"PropertyValueSpecification\",\"valueRequired\":true,\"valueName\":\"search_term_string\"}}],\"inLanguage\":\"es\"},{\"@type\":\"Organization\",\"@id\":\"https:\/\/exceladvisor.org\/es\/#organization\",\"name\":\"Excel Advisor\",\"url\":\"https:\/\/exceladvisor.org\/es\/\",\"logo\":{\"@type\":\"ImageObject\",\"inLanguage\":\"es\",\"@id\":\"https:\/\/exceladvisor.org\/es\/#\/schema\/logo\/image\/\",\"url\":\"https:\/\/exceladvisor.org\/es\/wp-content\/uploads\/2023\/12\/exceladvisor.org_.png\",\"contentUrl\":\"https:\/\/exceladvisor.org\/es\/wp-content\/uploads\/2023\/12\/exceladvisor.org_.png\",\"width\":105,\"height\":36,\"caption\":\"Excel Advisor\"},\"image\":{\"@id\":\"https:\/\/exceladvisor.org\/es\/#\/schema\/logo\/image\/\"}}]}<\/script>\n<!-- \/ Yoast SEO plugin. -->","yoast_head_json":{"title":"\u00bfc\u00f3mo utilizar wrap text en cualquier lugar a trav\u00e9s de vba?","robots":{"index":"index","follow":"follow","max-snippet":"max-snippet:-1","max-image-preview":"max-image-preview:large","max-video-preview":"max-video-preview:-1"},"canonical":"https:\/\/exceladvisor.org\/es\/ajustar-texto-1\/","og_locale":"es_ES","og_type":"article","og_title":"\u00bfc\u00f3mo utilizar wrap text en cualquier lugar a trav\u00e9s de vba?","og_description":"En VBA, hay una propiedad llamada \u00abWrapText\u00bb a la que puede acceder para aplicar texto ajustado a una celda o rango de celdas. Tienes que escribir c\u00f3digo para habilitarlo o deshabilitarlo. Es una propiedad de lectura y escritura, por lo que puede aplicarla o tambi\u00e9n puede obtenerla si se aplica en una celda. En este [&hellip;]","og_url":"https:\/\/exceladvisor.org\/es\/ajustar-texto-1\/","og_site_name":"Excel Advisor","article_modified_time":"2023-12-25T10:31:54+00:00","og_image":[{"url":"https:\/\/exceladvisor.org\/wp-content\/uploads\/2023\/08\/3-appliquer-le-texte-dhabillage-a-la-plage-utilisee.png","type":"","width":"","height":""}],"twitter_card":"summary_large_image","twitter_misc":{"Tiempo de lectura":"3 minutos"},"schema":{"@context":"https:\/\/schema.org","@graph":[{"@type":"WebPage","@id":"https:\/\/exceladvisor.org\/es\/ajustar-texto-1\/","url":"https:\/\/exceladvisor.org\/es\/ajustar-texto-1\/","name":"\u00bfc\u00f3mo utilizar wrap text en cualquier lugar a trav\u00e9s de vba?","isPartOf":{"@id":"https:\/\/exceladvisor.org\/es\/#website"},"primaryImageOfPage":{"@id":"https:\/\/exceladvisor.org\/es\/ajustar-texto-1\/#primaryimage"},"image":{"@id":"https:\/\/exceladvisor.org\/es\/ajustar-texto-1\/#primaryimage"},"thumbnailUrl":"https:\/\/exceladvisor.org\/wp-content\/uploads\/2023\/08\/3-appliquer-le-texte-dhabillage-a-la-plage-utilisee.png","datePublished":"2023-09-28T18:12:05+00:00","dateModified":"2023-12-25T10:31:54+00:00","breadcrumb":{"@id":"https:\/\/exceladvisor.org\/es\/ajustar-texto-1\/#breadcrumb"},"inLanguage":"es","potentialAction":[{"@type":"ReadAction","target":["https:\/\/exceladvisor.org\/es\/ajustar-texto-1\/"]}]},{"@type":"ImageObject","inLanguage":"es","@id":"https:\/\/exceladvisor.org\/es\/ajustar-texto-1\/#primaryimage","url":"https:\/\/exceladvisor.org\/wp-content\/uploads\/2023\/08\/3-appliquer-le-texte-dhabillage-a-la-plage-utilisee.png","contentUrl":"https:\/\/exceladvisor.org\/wp-content\/uploads\/2023\/08\/3-appliquer-le-texte-dhabillage-a-la-plage-utilisee.png"},{"@type":"BreadcrumbList","@id":"https:\/\/exceladvisor.org\/es\/ajustar-texto-1\/#breadcrumb","itemListElement":[{"@type":"ListItem","position":1,"name":"Hogar","item":"https:\/\/exceladvisor.org\/es\/"},{"@type":"ListItem","position":2,"name":"\u00bfc\u00f3mo utilizar wrap text en cualquier lugar a trav\u00e9s de vba?"}]},{"@type":"WebSite","@id":"https:\/\/exceladvisor.org\/es\/#website","url":"https:\/\/exceladvisor.org\/es\/","name":"Excel Advisor","description":"Su gu\u00eda para la dominaci\u00f3n de datos!","publisher":{"@id":"https:\/\/exceladvisor.org\/es\/#organization"},"potentialAction":[{"@type":"SearchAction","target":{"@type":"EntryPoint","urlTemplate":"https:\/\/exceladvisor.org\/es\/?s={search_term_string}"},"query-input":{"@type":"PropertyValueSpecification","valueRequired":true,"valueName":"search_term_string"}}],"inLanguage":"es"},{"@type":"Organization","@id":"https:\/\/exceladvisor.org\/es\/#organization","name":"Excel Advisor","url":"https:\/\/exceladvisor.org\/es\/","logo":{"@type":"ImageObject","inLanguage":"es","@id":"https:\/\/exceladvisor.org\/es\/#\/schema\/logo\/image\/","url":"https:\/\/exceladvisor.org\/es\/wp-content\/uploads\/2023\/12\/exceladvisor.org_.png","contentUrl":"https:\/\/exceladvisor.org\/es\/wp-content\/uploads\/2023\/12\/exceladvisor.org_.png","width":105,"height":36,"caption":"Excel Advisor"},"image":{"@id":"https:\/\/exceladvisor.org\/es\/#\/schema\/logo\/image\/"}}]}},"yoast_meta":{"yoast_wpseo_title":"","yoast_wpseo_metadesc":"","yoast_wpseo_canonical":""},"_links":{"self":[{"href":"https:\/\/exceladvisor.org\/es\/wp-json\/wp\/v2\/pages\/682","targetHints":{"allow":["GET"]}}],"collection":[{"href":"https:\/\/exceladvisor.org\/es\/wp-json\/wp\/v2\/pages"}],"about":[{"href":"https:\/\/exceladvisor.org\/es\/wp-json\/wp\/v2\/types\/page"}],"author":[{"embeddable":true,"href":"https:\/\/exceladvisor.org\/es\/wp-json\/wp\/v2\/users\/1"}],"replies":[{"embeddable":true,"href":"https:\/\/exceladvisor.org\/es\/wp-json\/wp\/v2\/comments?post=682"}],"version-history":[{"count":1,"href":"https:\/\/exceladvisor.org\/es\/wp-json\/wp\/v2\/pages\/682\/revisions"}],"predecessor-version":[{"id":1388,"href":"https:\/\/exceladvisor.org\/es\/wp-json\/wp\/v2\/pages\/682\/revisions\/1388"}],"wp:attachment":[{"href":"https:\/\/exceladvisor.org\/es\/wp-json\/wp\/v2\/media?parent=682"}],"curies":[{"name":"wp","href":"https:\/\/api.w.org\/{rel}","templated":true}]}}