{"id":683,"date":"2023-09-28T17:42:56","date_gmt":"2023-09-28T17:42:56","guid":{"rendered":"https:\/\/exceladvisor.org\/es\/funcion-de-hoja-de-calculo\/"},"modified":"2023-12-25T10:28:22","modified_gmt":"2023-12-25T10:28:22","slug":"funcion-de-hoja-de-calculo","status":"publish","type":"page","link":"https:\/\/exceladvisor.org\/es\/funcion-de-hoja-de-calculo\/","title":{"rendered":"\u00bfc\u00f3mo utilizar la funci\u00f3n de hoja de c\u00e1lculo de vba?"},"content":{"rendered":"<div class=\"excel-antes-del-contenido\" id=\"excel-1126788788\"><script type=\"text\/javascript\">\r\n\tatOptions = {\r\n\t\t'key' : 'c1158f160081d6540a8409e6925dab94',\r\n\t\t'format' : 'iframe',\r\n\t\t'height' : 250,\r\n\t\t'width' : 300,\r\n\t\t'params' : {}\r\n\t};\r\n<\/script>\r\n<script type=\"text\/javascript\" src=\"\/\/www.highperformanceformat.com\/c1158f160081d6540a8409e6925dab94\/invoke.js\"><\/script><\/div><p class=\"wp-block-heading\"><strong>Notas clave<\/strong><\/p>\n<ul>\n<li> Puede utilizar la propiedad WorksheetFunction para acceder a las funciones de la hoja de trabajo y utilizarlas en una macro.<\/li>\n<\/ul>\n<h2 class=\"wp-block-heading\"> C\u00f3mo utilizar una funci\u00f3n de hoja de trabajo en VBA al escribir una macro<\/h2>\n<p> Utilice los siguientes pasos para utilizar una funci\u00f3n de hoja de trabajo en VBA.<\/p>\n<ul>\n<li> Primero, especifique la celda en la que desea insertar los valores devueltos por la funci\u00f3n. <br \/><img loading=\"lazy\" decoding=\"async\" title=\"1-funci\u00f3n-de-hoja-de-trabajo-en-vba\" src=\"https:\/\/exceladvisor.org\/wp-content\/uploads\/2023\/08\/1-fonction-de-feuille-de-calcul-en-vba.png\" sizes=\"auto, \" srcset=\"\" alt=\"worksheet-function-in-vba\" width=\"184\" height=\"130\"><\/li>\n<li> Despu\u00e9s de eso, use un signo igual (=) y escriba Application.WorksheetFunction (como ya puede hacerlo en la aplicaci\u00f3n Excel, solo puede usar WorksheetFunction). <br \/><img loading=\"lazy\" decoding=\"async\" title=\"2-usa-un-signo-igual\" src=\"https:\/\/exceladvisor.org\/wp-content\/uploads\/2023\/08\/2-utiliser-un-signe-egal.png\" sizes=\"auto, \" srcset=\"\" alt=\"use-an-equal-sign\" width=\"356\" height=\"136\"><\/li>\n<li> A continuaci\u00f3n, debes ingresar un punto (.), y en el momento en que lo hagas, obtendr\u00e1s una lista de funciones que tienes en la hoja de c\u00e1lculo. <br \/><img loading=\"lazy\" decoding=\"async\" title=\"3-debes-ingresar-un-punto\" src=\"https:\/\/exceladvisor.org\/wp-content\/uploads\/2023\/08\/3-vous-devez-entrer-un-point.png\" sizes=\"auto, \" srcset=\"\" alt=\"you-need-to-enter-a-dot\" width=\"402\" height=\"159\"><\/li>\n<li> Desde aqu\u00ed, usemos la funci\u00f3n TextJoin para unir el texto en las celdas A1 y B1. As\u00ed de simple, usas una funci\u00f3n en la hoja de c\u00e1lculo; cuando ingresa par\u00e9ntesis iniciales, le muestra los argumentos que necesita especificar en la celda. <br \/><img loading=\"lazy\" decoding=\"async\" title=\"4-usa-la-funci\u00f3n-de-uni\u00f3n-de-texto\" src=\"https:\/\/exceladvisor.org\/wp-content\/uploads\/2023\/08\/4-utiliser-la-fonction-textjoin.png\" sizes=\"auto, \" srcset=\"\" alt=\"use-the-textjoin-function\" width=\"583\" height=\"132\"><\/li>\n<li> Como puede ver en la captura de pantalla anterior, le muestra el argumento que necesita especificar, pero no el nombre de los argumentos. Por eso es necesario conocer los argumentos antes de utilizarlos. Estos son los argumentos que debe utilizar en TextJoin. <br \/><img loading=\"lazy\" decoding=\"async\" title=\"5 argumentos antes de usar testjoin\" src=\"https:\/\/exceladvisor.org\/wp-content\/uploads\/2023\/08\/5-argument-avant-dutiliser-testjoin.png\" sizes=\"auto, \" srcset=\"\" alt=\"arguement-before-using-testjoin\" width=\"330\" height=\"70\"><\/li>\n<li> Ahora ingresemos argumentos en la funci\u00f3n. <br \/><img loading=\"lazy\" decoding=\"async\" title=\"6-ingresar-argumento-en-funci\u00f3n\" src=\"https:\/\/exceladvisor.org\/wp-content\/uploads\/2023\/08\/6-entrer-un-argument-dans-la-fonction.png\" sizes=\"auto, \" srcset=\"\" alt=\"enter-arguement-in-the-function\" width=\"506\" height=\"114\">\n<ol>\n<li> delimitar: \u00bb \u00ab<\/li>\n<li> ignorar_empty: Verdadero<\/li>\n<li> texto1: Rango (\u201cA1\u201d)<\/li>\n<li> texto2: Rango(\u201cB1\u201d)<\/li>\n<\/ol>\n<\/li>\n<\/ul>\n<p> Aqu\u00ed est\u00e1 el c\u00f3digo completo.<\/p>\n<pre class=\"wp-block-code\"> <code class=\"language-visual-basic\" lang=\"visual-basic\">Sub MyMacro() Range(\"A1\") = _ Application.WorksheetFunction.TextJoin _ (\" \", True, Range(\"A2\"), Range(\"A3\")) End Sub<\/code><\/pre>\n<p> Hay un total de 387 <a href=\"https:\/\/exceladvisor.org\/es\/funciones-de-excel\/\">funciones de hoja de trabajo<\/a> que puede utilizar en VBA. Pero hay algunas funciones (Ejemplo: <a href=\"https:\/\/exceladvisor.org\/es\/funciones-de-cadena-de-excel\/\">IZQUIERDA<\/a> ) que no est\u00e1n disponibles.<\/p>\n<p> \u00bfRaz\u00f3n? Hay <a href=\"https:\/\/exceladvisor.org\/es\/funciones\/\">funciones integradas en VBA<\/a> que puede utilizar al escribir c\u00f3digo VBA. Veamos si desea utilizar un <a href=\"https:\/\/exceladvisor.org\/es\/cuadro-de-mensajes-vba\/\">cuadro de mensaje<\/a> para obtener el valor de una funci\u00f3n. Digamos que desea obtener el valor m\u00e1ximo del rango denominado \u00abmyValues\u00bb.<\/p>\n<p> El c\u00f3digo ser\u00eda:<\/p>\n<pre class=\"wp-block-code\"> <code class=\"language-visual-basic\" lang=\"visual-basic\">Sub MyMacro() MsgBox Prompt:=WorksheetFunction.Max(Range(\"myValues\")) End Sub<\/code><\/pre>\n<p> Y as\u00ed es como aparece un cuadro de mensaje: <\/p>\n<div class=\"wp-block-image\">\n<figure class=\"aligncenter size-large is-resized\"><img loading=\"lazy\" decoding=\"async\" class=\"wp-image-51651\" src=\"https:\/\/exceladvisor.org\/wp-content\/uploads\/2023\/08\/7-plages-nommees-myvalues.png\" sizes=\"auto, \" srcset=\"\" alt=\"rango-con-nombre-misvalores\" width=\"345\" height=\"255\"><\/figure>\n<\/div>\n<h2 class=\"wp-block-heading\"> Aplicaci\u00f3n.Funci\u00f3n de hoja de trabajo frente a aplicaci\u00f3n<\/h2>\n<p> Hay dos formas diferentes de referirse a una funci\u00f3n de hoja de trabajo. A continuaci\u00f3n se muestran las dos l\u00edneas de c\u00f3digo diferentes que realizan la misma actividad. <\/p>\n<div class=\"wp-block-image\">\n<figure class=\"aligncenter size-large is-resized\"><img loading=\"lazy\" decoding=\"async\" class=\"wp-image-51652\" src=\"https:\/\/exceladvisor.org\/wp-content\/uploads\/2023\/08\/8-feuille-de-calcul-dapplication-fonction-vs-application.png\" sizes=\"auto, \" srcset=\"\" alt=\"funci\u00f3n-hoja-de-trabajo-de-aplicaci\u00f3n-vs-aplicaci\u00f3n\" width=\"536\" height=\"275\"><\/figure>\n<\/div>\n<pre class=\"wp-block-code\"> <code class=\"language-visual-basic\" lang=\"visual-basic\">Sub MyMacro() MsgBox Prompt:= _ Application.WorksheetFunction.Max(Range(\"myValues\")) MsgBox Prompt:= _ Application.Max(Range(\"myValues\")) End Sub<\/code><\/pre>\n<p> Pero existe una ventaja al utilizar el segundo m\u00e9todo. Devuelve un c\u00f3digo de error en lugar de mostrar directamente el error.<\/p>\n<div class=\"gb-container gb-container-4db6181c gb-container-mt\"> <a class=\"gb-button gb-button-c5897111 gb-button-text gb-button-mt-button\" href=\"https:\/\/exceladvisor.org\/es\/vba\/\">\u00bfQu\u00e9 es VBA?<\/a><\/p>\n<h2 class=\"gb-headline gb-headline-665e5f6b gb-headline-text gb-headline-mt-heading\"> Tutoriales relacionados <\/h2>\n<div class=\"gb-grid-wrapper gb-grid-wrapper-a20baf7c gb-grid-wrapper-mt-grid\">\n<div class=\"gb-grid-column gb-grid-column-65ddf67e\">\n<div class=\"gb-container gb-container-65ddf67e\">\n<ul>\n<li> <a href=\"https:\/\/exceladvisor.org\/es\/promedio-2\/\">Valores medios en Excel con VBA<\/a><\/li>\n<li> <a href=\"https:\/\/exceladvisor.org\/es\/fecha-de-hoy-hora-actual\/\">Obtenga la fecha y hora actual de hoy usando VBA<\/a><\/li>\n<li> <a href=\"https:\/\/exceladvisor.org\/es\/suma-1\/\">Sumar valores en Excel usando VBA<\/a><\/li>\n<li> <a href=\"https:\/\/exceladvisor.org\/es\/partido-2\/\">Funci\u00f3n de coincidencia en VBA<\/a><\/li>\n<li> <a href=\"https:\/\/exceladvisor.org\/es\/numero-aleatorio\/\">n\u00fameros aleatorios VBA<\/a> <\/li>\n<\/ul>\n<\/div>\n<\/div>\n<div class=\"gb-grid-column gb-grid-column-50067b57\">\n<div class=\"gb-container gb-container-50067b57\"><\/div>\n<\/div>\n<\/div>\n<\/div>\n","protected":false},"excerpt":{"rendered":"<p>Notas clave Puede utilizar la propiedad WorksheetFunction para acceder a las funciones de la hoja de trabajo y utilizarlas en una macro. C\u00f3mo utilizar una funci\u00f3n de hoja de trabajo en VBA al escribir una macro Utilice los siguientes pasos para utilizar una funci\u00f3n de hoja de trabajo en VBA. Primero, especifique la celda en [&hellip;]<\/p>\n","protected":false},"author":1,"featured_media":0,"parent":0,"menu_order":0,"comment_status":"open","ping_status":"closed","template":"","meta":{"ub_ctt_via":"","footnotes":""},"class_list":["post-683","page","type-page","status-publish","hentry"],"featured_image_src":null,"yoast_head":"<!-- This site is optimized with the Yoast SEO plugin v25.4 - https:\/\/yoast.com\/wordpress\/plugins\/seo\/ -->\n<title>\u00bfc\u00f3mo utilizar la funci\u00f3n de hoja de c\u00e1lculo de vba?<\/title>\n<meta name=\"robots\" content=\"index, follow, max-snippet:-1, max-image-preview:large, max-video-preview:-1\" \/>\n<link rel=\"canonical\" href=\"https:\/\/exceladvisor.org\/es\/funcion-de-hoja-de-calculo\/\" \/>\n<meta property=\"og:locale\" content=\"es_ES\" \/>\n<meta property=\"og:type\" content=\"article\" \/>\n<meta property=\"og:title\" content=\"\u00bfc\u00f3mo utilizar la funci\u00f3n de hoja de c\u00e1lculo de vba?\" \/>\n<meta property=\"og:description\" content=\"Notas clave Puede utilizar la propiedad WorksheetFunction para acceder a las funciones de la hoja de trabajo y utilizarlas en una macro. C\u00f3mo utilizar una funci\u00f3n de hoja de trabajo en VBA al escribir una macro Utilice los siguientes pasos para utilizar una funci\u00f3n de hoja de trabajo en VBA. Primero, especifique la celda en [&hellip;]\" \/>\n<meta property=\"og:url\" content=\"https:\/\/exceladvisor.org\/es\/funcion-de-hoja-de-calculo\/\" \/>\n<meta property=\"og:site_name\" content=\"Excel Advisor\" \/>\n<meta property=\"article:modified_time\" content=\"2023-12-25T10:28:22+00:00\" \/>\n<meta property=\"og:image\" content=\"https:\/\/exceladvisor.org\/wp-content\/uploads\/2023\/08\/1-fonction-de-feuille-de-calcul-en-vba.png\" \/>\n<meta name=\"twitter:card\" content=\"summary_large_image\" \/>\n<meta name=\"twitter:label1\" content=\"Tiempo de lectura\" \/>\n\t<meta name=\"twitter:data1\" content=\"2 minutos\" \/>\n<script type=\"application\/ld+json\" class=\"yoast-schema-graph\">{\"@context\":\"https:\/\/schema.org\",\"@graph\":[{\"@type\":\"WebPage\",\"@id\":\"https:\/\/exceladvisor.org\/es\/funcion-de-hoja-de-calculo\/\",\"url\":\"https:\/\/exceladvisor.org\/es\/funcion-de-hoja-de-calculo\/\",\"name\":\"\u00bfc\u00f3mo utilizar la funci\u00f3n de hoja de c\u00e1lculo de vba?\",\"isPartOf\":{\"@id\":\"https:\/\/exceladvisor.org\/es\/#website\"},\"primaryImageOfPage\":{\"@id\":\"https:\/\/exceladvisor.org\/es\/funcion-de-hoja-de-calculo\/#primaryimage\"},\"image\":{\"@id\":\"https:\/\/exceladvisor.org\/es\/funcion-de-hoja-de-calculo\/#primaryimage\"},\"thumbnailUrl\":\"https:\/\/exceladvisor.org\/wp-content\/uploads\/2023\/08\/1-fonction-de-feuille-de-calcul-en-vba.png\",\"datePublished\":\"2023-09-28T17:42:56+00:00\",\"dateModified\":\"2023-12-25T10:28:22+00:00\",\"breadcrumb\":{\"@id\":\"https:\/\/exceladvisor.org\/es\/funcion-de-hoja-de-calculo\/#breadcrumb\"},\"inLanguage\":\"es\",\"potentialAction\":[{\"@type\":\"ReadAction\",\"target\":[\"https:\/\/exceladvisor.org\/es\/funcion-de-hoja-de-calculo\/\"]}]},{\"@type\":\"ImageObject\",\"inLanguage\":\"es\",\"@id\":\"https:\/\/exceladvisor.org\/es\/funcion-de-hoja-de-calculo\/#primaryimage\",\"url\":\"https:\/\/exceladvisor.org\/wp-content\/uploads\/2023\/08\/1-fonction-de-feuille-de-calcul-en-vba.png\",\"contentUrl\":\"https:\/\/exceladvisor.org\/wp-content\/uploads\/2023\/08\/1-fonction-de-feuille-de-calcul-en-vba.png\"},{\"@type\":\"BreadcrumbList\",\"@id\":\"https:\/\/exceladvisor.org\/es\/funcion-de-hoja-de-calculo\/#breadcrumb\",\"itemListElement\":[{\"@type\":\"ListItem\",\"position\":1,\"name\":\"Hogar\",\"item\":\"https:\/\/exceladvisor.org\/es\/\"},{\"@type\":\"ListItem\",\"position\":2,\"name\":\"\u00bfc\u00f3mo utilizar la funci\u00f3n de hoja de c\u00e1lculo de vba?\"}]},{\"@type\":\"WebSite\",\"@id\":\"https:\/\/exceladvisor.org\/es\/#website\",\"url\":\"https:\/\/exceladvisor.org\/es\/\",\"name\":\"Excel Advisor\",\"description\":\"Su gu\u00eda para la dominaci\u00f3n de datos!\",\"publisher\":{\"@id\":\"https:\/\/exceladvisor.org\/es\/#organization\"},\"potentialAction\":[{\"@type\":\"SearchAction\",\"target\":{\"@type\":\"EntryPoint\",\"urlTemplate\":\"https:\/\/exceladvisor.org\/es\/?s={search_term_string}\"},\"query-input\":{\"@type\":\"PropertyValueSpecification\",\"valueRequired\":true,\"valueName\":\"search_term_string\"}}],\"inLanguage\":\"es\"},{\"@type\":\"Organization\",\"@id\":\"https:\/\/exceladvisor.org\/es\/#organization\",\"name\":\"Excel Advisor\",\"url\":\"https:\/\/exceladvisor.org\/es\/\",\"logo\":{\"@type\":\"ImageObject\",\"inLanguage\":\"es\",\"@id\":\"https:\/\/exceladvisor.org\/es\/#\/schema\/logo\/image\/\",\"url\":\"https:\/\/exceladvisor.org\/es\/wp-content\/uploads\/2023\/12\/exceladvisor.org_.png\",\"contentUrl\":\"https:\/\/exceladvisor.org\/es\/wp-content\/uploads\/2023\/12\/exceladvisor.org_.png\",\"width\":105,\"height\":36,\"caption\":\"Excel Advisor\"},\"image\":{\"@id\":\"https:\/\/exceladvisor.org\/es\/#\/schema\/logo\/image\/\"}}]}<\/script>\n<!-- \/ Yoast SEO plugin. -->","yoast_head_json":{"title":"\u00bfc\u00f3mo utilizar la funci\u00f3n de hoja de c\u00e1lculo de vba?","robots":{"index":"index","follow":"follow","max-snippet":"max-snippet:-1","max-image-preview":"max-image-preview:large","max-video-preview":"max-video-preview:-1"},"canonical":"https:\/\/exceladvisor.org\/es\/funcion-de-hoja-de-calculo\/","og_locale":"es_ES","og_type":"article","og_title":"\u00bfc\u00f3mo utilizar la funci\u00f3n de hoja de c\u00e1lculo de vba?","og_description":"Notas clave Puede utilizar la propiedad WorksheetFunction para acceder a las funciones de la hoja de trabajo y utilizarlas en una macro. C\u00f3mo utilizar una funci\u00f3n de hoja de trabajo en VBA al escribir una macro Utilice los siguientes pasos para utilizar una funci\u00f3n de hoja de trabajo en VBA. Primero, especifique la celda en [&hellip;]","og_url":"https:\/\/exceladvisor.org\/es\/funcion-de-hoja-de-calculo\/","og_site_name":"Excel Advisor","article_modified_time":"2023-12-25T10:28:22+00:00","og_image":[{"url":"https:\/\/exceladvisor.org\/wp-content\/uploads\/2023\/08\/1-fonction-de-feuille-de-calcul-en-vba.png","type":"","width":"","height":""}],"twitter_card":"summary_large_image","twitter_misc":{"Tiempo de lectura":"2 minutos"},"schema":{"@context":"https:\/\/schema.org","@graph":[{"@type":"WebPage","@id":"https:\/\/exceladvisor.org\/es\/funcion-de-hoja-de-calculo\/","url":"https:\/\/exceladvisor.org\/es\/funcion-de-hoja-de-calculo\/","name":"\u00bfc\u00f3mo utilizar la funci\u00f3n de hoja de c\u00e1lculo de vba?","isPartOf":{"@id":"https:\/\/exceladvisor.org\/es\/#website"},"primaryImageOfPage":{"@id":"https:\/\/exceladvisor.org\/es\/funcion-de-hoja-de-calculo\/#primaryimage"},"image":{"@id":"https:\/\/exceladvisor.org\/es\/funcion-de-hoja-de-calculo\/#primaryimage"},"thumbnailUrl":"https:\/\/exceladvisor.org\/wp-content\/uploads\/2023\/08\/1-fonction-de-feuille-de-calcul-en-vba.png","datePublished":"2023-09-28T17:42:56+00:00","dateModified":"2023-12-25T10:28:22+00:00","breadcrumb":{"@id":"https:\/\/exceladvisor.org\/es\/funcion-de-hoja-de-calculo\/#breadcrumb"},"inLanguage":"es","potentialAction":[{"@type":"ReadAction","target":["https:\/\/exceladvisor.org\/es\/funcion-de-hoja-de-calculo\/"]}]},{"@type":"ImageObject","inLanguage":"es","@id":"https:\/\/exceladvisor.org\/es\/funcion-de-hoja-de-calculo\/#primaryimage","url":"https:\/\/exceladvisor.org\/wp-content\/uploads\/2023\/08\/1-fonction-de-feuille-de-calcul-en-vba.png","contentUrl":"https:\/\/exceladvisor.org\/wp-content\/uploads\/2023\/08\/1-fonction-de-feuille-de-calcul-en-vba.png"},{"@type":"BreadcrumbList","@id":"https:\/\/exceladvisor.org\/es\/funcion-de-hoja-de-calculo\/#breadcrumb","itemListElement":[{"@type":"ListItem","position":1,"name":"Hogar","item":"https:\/\/exceladvisor.org\/es\/"},{"@type":"ListItem","position":2,"name":"\u00bfc\u00f3mo utilizar la funci\u00f3n de hoja de c\u00e1lculo de vba?"}]},{"@type":"WebSite","@id":"https:\/\/exceladvisor.org\/es\/#website","url":"https:\/\/exceladvisor.org\/es\/","name":"Excel Advisor","description":"Su gu\u00eda para la dominaci\u00f3n de datos!","publisher":{"@id":"https:\/\/exceladvisor.org\/es\/#organization"},"potentialAction":[{"@type":"SearchAction","target":{"@type":"EntryPoint","urlTemplate":"https:\/\/exceladvisor.org\/es\/?s={search_term_string}"},"query-input":{"@type":"PropertyValueSpecification","valueRequired":true,"valueName":"search_term_string"}}],"inLanguage":"es"},{"@type":"Organization","@id":"https:\/\/exceladvisor.org\/es\/#organization","name":"Excel Advisor","url":"https:\/\/exceladvisor.org\/es\/","logo":{"@type":"ImageObject","inLanguage":"es","@id":"https:\/\/exceladvisor.org\/es\/#\/schema\/logo\/image\/","url":"https:\/\/exceladvisor.org\/es\/wp-content\/uploads\/2023\/12\/exceladvisor.org_.png","contentUrl":"https:\/\/exceladvisor.org\/es\/wp-content\/uploads\/2023\/12\/exceladvisor.org_.png","width":105,"height":36,"caption":"Excel Advisor"},"image":{"@id":"https:\/\/exceladvisor.org\/es\/#\/schema\/logo\/image\/"}}]}},"yoast_meta":{"yoast_wpseo_title":"","yoast_wpseo_metadesc":"","yoast_wpseo_canonical":""},"_links":{"self":[{"href":"https:\/\/exceladvisor.org\/es\/wp-json\/wp\/v2\/pages\/683","targetHints":{"allow":["GET"]}}],"collection":[{"href":"https:\/\/exceladvisor.org\/es\/wp-json\/wp\/v2\/pages"}],"about":[{"href":"https:\/\/exceladvisor.org\/es\/wp-json\/wp\/v2\/types\/page"}],"author":[{"embeddable":true,"href":"https:\/\/exceladvisor.org\/es\/wp-json\/wp\/v2\/users\/1"}],"replies":[{"embeddable":true,"href":"https:\/\/exceladvisor.org\/es\/wp-json\/wp\/v2\/comments?post=683"}],"version-history":[{"count":1,"href":"https:\/\/exceladvisor.org\/es\/wp-json\/wp\/v2\/pages\/683\/revisions"}],"predecessor-version":[{"id":1300,"href":"https:\/\/exceladvisor.org\/es\/wp-json\/wp\/v2\/pages\/683\/revisions\/1300"}],"wp:attachment":[{"href":"https:\/\/exceladvisor.org\/es\/wp-json\/wp\/v2\/media?parent=683"}],"curies":[{"name":"wp","href":"https:\/\/api.w.org\/{rel}","templated":true}]}}