{"id":684,"date":"2023-09-28T17:33:35","date_gmt":"2023-09-28T17:33:35","guid":{"rendered":"https:\/\/exceladvisor.org\/es\/con\/"},"modified":"2023-12-25T10:31:51","modified_gmt":"2023-12-25T10:31:51","slug":"con","status":"publish","type":"page","link":"https:\/\/exceladvisor.org\/es\/con\/","title":{"rendered":"\u00bfc\u00f3mo utilizar vba anidada con la declaraci\u00f3n?"},"content":{"rendered":"<div class=\"excel-antes-del-contenido\" id=\"excel-430607663\"><script type=\"text\/javascript\">\r\n\tatOptions = {\r\n\t\t'key' : 'c1158f160081d6540a8409e6925dab94',\r\n\t\t'format' : 'iframe',\r\n\t\t'height' : 250,\r\n\t\t'width' : 300,\r\n\t\t'params' : {}\r\n\t};\r\n<\/script>\r\n<script type=\"text\/javascript\" src=\"\/\/www.highperformanceformat.com\/c1158f160081d6540a8409e6925dab94\/invoke.js\"><\/script><\/div><p class=\"wp-block-heading\"><strong>Puntos clave<\/strong><\/p>\n<ul>\n<li> <em>Utilice la instrucci\u00f3n VBA With para minimizar el c\u00f3digo.<\/em><\/li>\n<li> <em>Puede usar solo un objeto a la vez cuando usa la declaraci\u00f3n With.<\/em><\/li>\n<\/ul>\n<h2 class=\"wp-block-heading\"> \u00bfQu\u00e9 es VBA con declaraci\u00f3n?<\/h2>\n<p> VBA With es una declaraci\u00f3n para especificar un objeto una vez y luego ejecutar varias declaraciones para \u00e9l. En palabras simples, use la declaraci\u00f3n \u00abCON\u00bb para especificar un objeto y luego podr\u00e1 acceder a todas las propiedades y m\u00e9todos de una sola vez. Comienza con \u00abCon\u00bb y termina con \u00abTerminar con\u00bb.<\/p>\n<h2 class=\"wp-block-heading\"> Sintaxis de VBA con declaraci\u00f3n<\/h2>\n<p> Aqu\u00ed est\u00e1 la sintaxis que necesita usar para usar la instrucci\u00f3n With en VBA: <\/p>\n<pre class=\"wp-block-code\"> <code class=\"language-visual-basic\" lang=\"visual-basic\">With [OBJECT] [Statement] End With<\/code><\/pre>\n<div class=\"wp-block-image\">\n<figure class=\"aligncenter size-large is-resized\"><img loading=\"lazy\" decoding=\"async\" class=\"wp-image-51528\" src=\"https:\/\/exceladvisor.org\/wp-content\/uploads\/2023\/08\/1-syntaxe-de-vba-avec-instruction.png\" sizes=\"auto, \" srcset=\"\" alt=\"sintaxis-vba-con-declaraci\u00f3n\" width=\"340\" height=\"257\"><\/figure>\n<\/div>\n<ol>\n<li> <strong>With<\/strong> : esta es la palabra clave inicial de la declaraci\u00f3n que le dice a VBA que est\u00e1 especificando el objeto mencionado.<\/li>\n<li> <strong>Objeto<\/strong> : aqu\u00ed debe especificar el objeto que desea utilizar.<\/li>\n<li> <strong>Declaraci\u00f3n<\/strong> : una o m\u00e1s declaraciones que desea ejecutar con el objeto especificado.<\/li>\n<li> <strong>Terminar con<\/strong> : esta es la palabra clave final de la declaraci\u00f3n.<\/li>\n<\/ol>\n<h2 class=\"wp-block-heading\"> Ejemplo para entender VBA con declaraci\u00f3n<\/h2>\n<p> Tomemos un ejemplo para entenderlo con la declaraci\u00f3n en profundidad. Supongamos que desea cambiar el color, el tama\u00f1o y el nombre de la fuente de la celda A1. Para hacer estas tres cosas necesitas acceder a tres propiedades <a href=\"https:\/\/exceladvisor.org\/es\/fuente-de-caracteres\/\">de fuente VBA<\/a> diferentes y el c\u00f3digo ser\u00eda:<\/p>\n<pre class=\"wp-block-code\"> <code class=\"language-visual-basic\" lang=\"visual-basic\">Range(\"A1\").Font.Color = RGB(0, 0, 255) Range(\"A1\").Font.Size = 16 Range(\"A1\").Font.Name = \"Consolas\"<\/code><\/pre>\n<p> Pero aqu\u00ed usaremos la declaraci\u00f3n With en lugar del c\u00f3digo anterior. Para utilizar la declaraci\u00f3n VBA With, puede seguir los siguientes pasos:<\/p>\n<ol>\n<li> Primero escribe el teclado \u201cCon\u201d.<\/li>\n<li> Despu\u00e9s de eso, use el rango de VBA para especificar la celda A1 usando el objeto de fuente para especificar el objeto de fuente. <br \/><img loading=\"lazy\" decoding=\"async\" title=\"rango-vba de 2 usos\" src=\"https:\/\/exceladvisor.org\/wp-content\/uploads\/2023\/08\/2-utiliser-la-gamme-vba.png\" sizes=\"auto, \" srcset=\"\" alt=\"use-the-vba-range\" width=\"336\" height=\"202\"><\/li>\n<li> A continuaci\u00f3n, deber\u00e1s ingresar el c\u00f3digo de las tres propiedades y los valores que deseas aplicar. <br \/><img loading=\"lazy\" decoding=\"async\" title=\"3-c\u00f3digos-para-las-tres-propiedades\" src=\"https:\/\/exceladvisor.org\/wp-content\/uploads\/2023\/08\/3-code-pour-les-trois-proprietes.png\" sizes=\"auto, \" srcset=\"\" alt=\"code-for-all-three-properties\" width=\"337\" height=\"209\"><\/li>\n<li> Al final, utilice la palabra clave \u00abTerminar con\u00bb para finalizar la declaraci\u00f3n. <br \/><img loading=\"lazy\" decoding=\"async\" title=\"4-terminar-con-finalizar-la-declaraci\u00f3n\" src=\"https:\/\/exceladvisor.org\/wp-content\/uploads\/2023\/08\/4-fin-avec-pour-terminer-linstruction.png\" sizes=\"auto, \" srcset=\"\" alt=\"end-with-to-end-the-statement\" width=\"331\" height=\"258\"><\/li>\n<\/ol>\n<p> Aqu\u00ed est\u00e1 el c\u00f3digo que acaba de escribir.<\/p>\n<pre class=\"wp-block-code\"> <code class=\"language-visual-basic\" lang=\"visual-basic\">Sub MyMacro() With Range(\"A1\").Font .Color = RGB(0, 0, 255) .Size = 16 .Name = \"Consolas\" End With End Sub<\/code><\/pre>\n<p> Ahora veamos ambos c\u00f3digos y tratemos de entender cu\u00e1l es la diferencia que tenemos al usar la declaraci\u00f3n \u00abCon\u00bb. <\/p>\n<div class=\"wp-block-image\">\n<figure class=\"aligncenter size-large is-resized\"><img loading=\"lazy\" decoding=\"async\" class=\"wp-image-51532\" src=\"https:\/\/exceladvisor.org\/wp-content\/uploads\/2023\/08\/5-regardez-les-deux-codes.png\" sizes=\"auto, \" srcset=\"\" alt=\"mira-los-dos-c\u00f3digos\" width=\"596\" height=\"404\"><\/figure>\n<\/div>\n<p> En el primer c\u00f3digo, us\u00f3 el objeto de fuente tres veces y luego us\u00f3 la propiedad a la que desea acceder y en la que desea realizar cambios.<\/p>\n<p> Pero en el segundo c\u00f3digo, us\u00f3 la declaraci\u00f3n With e inmediatamente especific\u00f3 el objeto de fuente. Y luego tres l\u00edneas de c\u00f3digo en la declaraci\u00f3n \u00abCon\u00bb para acceder a las tres propiedades.<\/p>\n<p> Cuando usa la declaraci\u00f3n \u00abWith\u00bb y especifica un objeto, le dice a VBA que todas las declaraciones que ha escrito deben ejecutarse con el objeto mencionado. Esto no s\u00f3lo le brinda c\u00f3digo estructurado, sino que tambi\u00e9n acelera la ejecuci\u00f3n de una macro y le otorga mayor eficiencia.<\/p>\n<h2 class=\"wp-block-heading\"> Anidado con declaraci\u00f3n<\/h2>\n<p> Te dije al principio que solo puedes especificar un objeto para usar la declaraci\u00f3n With. Pero hay una manera de utilizar m\u00e1s de uno o incluso varios elementos con \u00e9l. Esto est\u00e1 usando <a href=\"https:\/\/exceladvisor.org\/es\/bucles\/\">VBA LOOPS<\/a> , y usaremos FOR EACH LOOP para recorrer m\u00faltiples objetos y usar \u00abCon\u00bb.<\/p>\n<p> Dejame darte un ejemplo; debe revisar todas las hojas de trabajo y aplicar todo lo siguiente a todas las celdas de cada hoja de trabajo.<\/p>\n<ul>\n<li> <strong>Tama\u00f1o de fuente: 16<\/strong><\/li>\n<li> <strong>Fuente: Verdena<\/strong><\/li>\n<\/ul>\n<p> Y en el libro de trabajo, tiene cinco hojas de trabajo, como en el siguiente ejemplo: <\/p>\n<div class=\"wp-block-image\">\n<figure class=\"aligncenter size-large is-resized\"><img loading=\"lazy\" decoding=\"async\" class=\"wp-image-51533\" src=\"https:\/\/exceladvisor.org\/wp-content\/uploads\/2023\/08\/6-imbriques-avec-declaration.png\" sizes=\"auto, \" srcset=\"\" alt=\"anidado con declaraci\u00f3n\" width=\"515\" height=\"198\"><\/figure>\n<\/div>\n<p> <strong>Utilice los siguientes pasos para escribir una declaraci\u00f3n \u00abCon\u00bb anidada.<\/strong><\/p>\n<ol>\n<li> Primero, debes declarar una variable para usar un objeto de hoja de trabajo. <br \/><img loading=\"lazy\" decoding=\"async\" title=\"7 pasos para escribir anidado\" src=\"https:\/\/exceladvisor.org\/wp-content\/uploads\/2023\/08\/7-etapes-pour-ecrire-imbrique.png\" sizes=\"auto, \" srcset=\"\" alt=\"steps-to-write-nested\" width=\"327\" height=\"212\"><\/li>\n<li> Despu\u00e9s de eso, como dije, debes usar <a href=\"https:\/\/exceladvisor.org\/es\/para-el-bucle\/\">For Each Loop<\/a> . Por lo tanto, debe escribir un c\u00f3digo con el bucle que pueda <a href=\"https:\/\/exceladvisor.org\/es\/hojas-de-bucle\/\">recorrer todas las hojas de trabajo<\/a> . <br \/><img loading=\"lazy\" decoding=\"async\" title=\"8-escribir-c\u00f3digo-con-el-bucle\" src=\"https:\/\/exceladvisor.org\/wp-content\/uploads\/2023\/08\/8-ecrire-du-code-avec-la-boucle.png\" sizes=\"auto, \" srcset=\"\" alt=\"write-code-with-the-loop\" width=\"400\" height=\"238\"><\/li>\n<li> Ahora ingrese la instrucci\u00f3n with que puede aplicar la configuraci\u00f3n <a href=\"https:\/\/exceladvisor.org\/es\/fuente-de-caracteres\/\">de fuente<\/a> que discutimos anteriormente. Para <a href=\"https:\/\/exceladvisor.org\/es\/seleccionar-todo\/\">hacer referencia a todas las celdas<\/a> de la hoja de trabajo, puede utilizar \u00abCeldas\u00bb mientras especifica el asunto. <br \/><img loading=\"lazy\" decoding=\"async\" title=\"9-usar-celdas-mientras-especifica-objeto\" src=\"https:\/\/exceladvisor.org\/wp-content\/uploads\/2023\/08\/9-utiliser-des-cellules-tout-en-specifiant-lobjet.png\" sizes=\"auto, \" srcset=\"\" alt=\"use-cells-while-specifing-the-object\" width=\"383\" height=\"304\"><\/li>\n<\/ol>\n<p> Aqu\u00ed est\u00e1 el c\u00f3digo completo que acaba de escribir.<\/p>\n<pre class=\"wp-block-code\"> <code class=\"language-visual-basic\" lang=\"visual-basic\">Sub MyMacro() Dim ws As Worksheet For Each ws In ActiveWorkbook.Worksheets With Cells .Font.Size = 16 .Font.Name = \"Verdena\" End With Next ws End Sub<\/code><\/pre>\n<div class=\"gb-container gb-container-4db6181c gb-container-mt\"> <a class=\"gb-button gb-button-c5897111 gb-button-text gb-button-mt-button\" href=\"https:\/\/exceladvisor.org\/es\/vba\/\">\u00bfQu\u00e9 es VBA?<\/a><\/p>\n<h2 class=\"gb-headline gb-headline-665e5f6b gb-headline-text gb-headline-mt-heading\"> Tutoriales relacionados <\/h2>\n<div class=\"gb-grid-wrapper gb-grid-wrapper-a20baf7c gb-grid-wrapper-mt-grid\">\n<div class=\"gb-grid-column gb-grid-column-65ddf67e\">\n<div class=\"gb-container gb-container-65ddf67e\">\n<ul>\n<li> <a href=\"https:\/\/exceladvisor.org\/es\/preguntas-de-entrevista\/\">Preguntas de entrevista para VBA<\/a><\/li>\n<li> <a href=\"https:\/\/exceladvisor.org\/es\/comentario\/\">A\u00f1adir un comentario en c\u00f3digo VBA<\/a><\/li>\n<li> <a href=\"https:\/\/exceladvisor.org\/es\/salto-de-linea\/\">Agregue un salto de l\u00ednea en el c\u00f3digo VBA<\/a><\/li>\n<li> <a href=\"https:\/\/exceladvisor.org\/es\/nueva-linea\/\">Agregue una nueva l\u00ednea (retorno de carro) en una cadena en VBA<\/a><\/li>\n<li> <a href=\"https:\/\/exceladvisor.org\/es\/ejecutar-una-macro-2\/\">Ejecute una macro en Excel (Ejecute c\u00f3digo VBA)<\/a><\/li>\n<\/ul>\n<\/div>\n<\/div>\n<\/div>\n<\/div>\n","protected":false},"excerpt":{"rendered":"<p>Puntos clave Utilice la instrucci\u00f3n VBA With para minimizar el c\u00f3digo. Puede usar solo un objeto a la vez cuando usa la declaraci\u00f3n With. \u00bfQu\u00e9 es VBA con declaraci\u00f3n? VBA With es una declaraci\u00f3n para especificar un objeto una vez y luego ejecutar varias declaraciones para \u00e9l. En palabras simples, use la declaraci\u00f3n \u00abCON\u00bb para [&hellip;]<\/p>\n","protected":false},"author":1,"featured_media":0,"parent":0,"menu_order":0,"comment_status":"open","ping_status":"closed","template":"","meta":{"ub_ctt_via":"","footnotes":""},"class_list":["post-684","page","type-page","status-publish","hentry"],"featured_image_src":null,"yoast_head":"<!-- This site is optimized with the Yoast SEO plugin v25.4 - https:\/\/yoast.com\/wordpress\/plugins\/seo\/ -->\n<title>\u00bfc\u00f3mo utilizar vba anidada con la declaraci\u00f3n?<\/title>\n<meta name=\"robots\" content=\"index, follow, max-snippet:-1, max-image-preview:large, max-video-preview:-1\" \/>\n<link rel=\"canonical\" href=\"https:\/\/exceladvisor.org\/es\/con\/\" \/>\n<meta property=\"og:locale\" content=\"es_ES\" \/>\n<meta property=\"og:type\" content=\"article\" \/>\n<meta property=\"og:title\" content=\"\u00bfc\u00f3mo utilizar vba anidada con la declaraci\u00f3n?\" \/>\n<meta property=\"og:description\" content=\"Puntos clave Utilice la instrucci\u00f3n VBA With para minimizar el c\u00f3digo. Puede usar solo un objeto a la vez cuando usa la declaraci\u00f3n With. \u00bfQu\u00e9 es VBA con declaraci\u00f3n? VBA With es una declaraci\u00f3n para especificar un objeto una vez y luego ejecutar varias declaraciones para \u00e9l. En palabras simples, use la declaraci\u00f3n \u00abCON\u00bb para [&hellip;]\" \/>\n<meta property=\"og:url\" content=\"https:\/\/exceladvisor.org\/es\/con\/\" \/>\n<meta property=\"og:site_name\" content=\"Excel Advisor\" \/>\n<meta property=\"article:modified_time\" content=\"2023-12-25T10:31:51+00:00\" \/>\n<meta property=\"og:image\" content=\"https:\/\/exceladvisor.org\/wp-content\/uploads\/2023\/08\/1-syntaxe-de-vba-avec-instruction.png\" \/>\n<meta name=\"twitter:card\" content=\"summary_large_image\" \/>\n<meta name=\"twitter:label1\" content=\"Tiempo de lectura\" \/>\n\t<meta name=\"twitter:data1\" content=\"4 minutos\" \/>\n<script type=\"application\/ld+json\" class=\"yoast-schema-graph\">{\"@context\":\"https:\/\/schema.org\",\"@graph\":[{\"@type\":\"WebPage\",\"@id\":\"https:\/\/exceladvisor.org\/es\/con\/\",\"url\":\"https:\/\/exceladvisor.org\/es\/con\/\",\"name\":\"\u00bfc\u00f3mo utilizar vba anidada con la declaraci\u00f3n?\",\"isPartOf\":{\"@id\":\"https:\/\/exceladvisor.org\/es\/#website\"},\"primaryImageOfPage\":{\"@id\":\"https:\/\/exceladvisor.org\/es\/con\/#primaryimage\"},\"image\":{\"@id\":\"https:\/\/exceladvisor.org\/es\/con\/#primaryimage\"},\"thumbnailUrl\":\"https:\/\/exceladvisor.org\/wp-content\/uploads\/2023\/08\/1-syntaxe-de-vba-avec-instruction.png\",\"datePublished\":\"2023-09-28T17:33:35+00:00\",\"dateModified\":\"2023-12-25T10:31:51+00:00\",\"breadcrumb\":{\"@id\":\"https:\/\/exceladvisor.org\/es\/con\/#breadcrumb\"},\"inLanguage\":\"es\",\"potentialAction\":[{\"@type\":\"ReadAction\",\"target\":[\"https:\/\/exceladvisor.org\/es\/con\/\"]}]},{\"@type\":\"ImageObject\",\"inLanguage\":\"es\",\"@id\":\"https:\/\/exceladvisor.org\/es\/con\/#primaryimage\",\"url\":\"https:\/\/exceladvisor.org\/wp-content\/uploads\/2023\/08\/1-syntaxe-de-vba-avec-instruction.png\",\"contentUrl\":\"https:\/\/exceladvisor.org\/wp-content\/uploads\/2023\/08\/1-syntaxe-de-vba-avec-instruction.png\"},{\"@type\":\"BreadcrumbList\",\"@id\":\"https:\/\/exceladvisor.org\/es\/con\/#breadcrumb\",\"itemListElement\":[{\"@type\":\"ListItem\",\"position\":1,\"name\":\"Hogar\",\"item\":\"https:\/\/exceladvisor.org\/es\/\"},{\"@type\":\"ListItem\",\"position\":2,\"name\":\"\u00bfc\u00f3mo utilizar vba anidada con la declaraci\u00f3n?\"}]},{\"@type\":\"WebSite\",\"@id\":\"https:\/\/exceladvisor.org\/es\/#website\",\"url\":\"https:\/\/exceladvisor.org\/es\/\",\"name\":\"Excel Advisor\",\"description\":\"Su gu\u00eda para la dominaci\u00f3n de datos!\",\"publisher\":{\"@id\":\"https:\/\/exceladvisor.org\/es\/#organization\"},\"potentialAction\":[{\"@type\":\"SearchAction\",\"target\":{\"@type\":\"EntryPoint\",\"urlTemplate\":\"https:\/\/exceladvisor.org\/es\/?s={search_term_string}\"},\"query-input\":{\"@type\":\"PropertyValueSpecification\",\"valueRequired\":true,\"valueName\":\"search_term_string\"}}],\"inLanguage\":\"es\"},{\"@type\":\"Organization\",\"@id\":\"https:\/\/exceladvisor.org\/es\/#organization\",\"name\":\"Excel Advisor\",\"url\":\"https:\/\/exceladvisor.org\/es\/\",\"logo\":{\"@type\":\"ImageObject\",\"inLanguage\":\"es\",\"@id\":\"https:\/\/exceladvisor.org\/es\/#\/schema\/logo\/image\/\",\"url\":\"https:\/\/exceladvisor.org\/es\/wp-content\/uploads\/2023\/12\/exceladvisor.org_.png\",\"contentUrl\":\"https:\/\/exceladvisor.org\/es\/wp-content\/uploads\/2023\/12\/exceladvisor.org_.png\",\"width\":105,\"height\":36,\"caption\":\"Excel Advisor\"},\"image\":{\"@id\":\"https:\/\/exceladvisor.org\/es\/#\/schema\/logo\/image\/\"}}]}<\/script>\n<!-- \/ Yoast SEO plugin. -->","yoast_head_json":{"title":"\u00bfc\u00f3mo utilizar vba anidada con la declaraci\u00f3n?","robots":{"index":"index","follow":"follow","max-snippet":"max-snippet:-1","max-image-preview":"max-image-preview:large","max-video-preview":"max-video-preview:-1"},"canonical":"https:\/\/exceladvisor.org\/es\/con\/","og_locale":"es_ES","og_type":"article","og_title":"\u00bfc\u00f3mo utilizar vba anidada con la declaraci\u00f3n?","og_description":"Puntos clave Utilice la instrucci\u00f3n VBA With para minimizar el c\u00f3digo. Puede usar solo un objeto a la vez cuando usa la declaraci\u00f3n With. \u00bfQu\u00e9 es VBA con declaraci\u00f3n? VBA With es una declaraci\u00f3n para especificar un objeto una vez y luego ejecutar varias declaraciones para \u00e9l. En palabras simples, use la declaraci\u00f3n \u00abCON\u00bb para [&hellip;]","og_url":"https:\/\/exceladvisor.org\/es\/con\/","og_site_name":"Excel Advisor","article_modified_time":"2023-12-25T10:31:51+00:00","og_image":[{"url":"https:\/\/exceladvisor.org\/wp-content\/uploads\/2023\/08\/1-syntaxe-de-vba-avec-instruction.png","type":"","width":"","height":""}],"twitter_card":"summary_large_image","twitter_misc":{"Tiempo de lectura":"4 minutos"},"schema":{"@context":"https:\/\/schema.org","@graph":[{"@type":"WebPage","@id":"https:\/\/exceladvisor.org\/es\/con\/","url":"https:\/\/exceladvisor.org\/es\/con\/","name":"\u00bfc\u00f3mo utilizar vba anidada con la declaraci\u00f3n?","isPartOf":{"@id":"https:\/\/exceladvisor.org\/es\/#website"},"primaryImageOfPage":{"@id":"https:\/\/exceladvisor.org\/es\/con\/#primaryimage"},"image":{"@id":"https:\/\/exceladvisor.org\/es\/con\/#primaryimage"},"thumbnailUrl":"https:\/\/exceladvisor.org\/wp-content\/uploads\/2023\/08\/1-syntaxe-de-vba-avec-instruction.png","datePublished":"2023-09-28T17:33:35+00:00","dateModified":"2023-12-25T10:31:51+00:00","breadcrumb":{"@id":"https:\/\/exceladvisor.org\/es\/con\/#breadcrumb"},"inLanguage":"es","potentialAction":[{"@type":"ReadAction","target":["https:\/\/exceladvisor.org\/es\/con\/"]}]},{"@type":"ImageObject","inLanguage":"es","@id":"https:\/\/exceladvisor.org\/es\/con\/#primaryimage","url":"https:\/\/exceladvisor.org\/wp-content\/uploads\/2023\/08\/1-syntaxe-de-vba-avec-instruction.png","contentUrl":"https:\/\/exceladvisor.org\/wp-content\/uploads\/2023\/08\/1-syntaxe-de-vba-avec-instruction.png"},{"@type":"BreadcrumbList","@id":"https:\/\/exceladvisor.org\/es\/con\/#breadcrumb","itemListElement":[{"@type":"ListItem","position":1,"name":"Hogar","item":"https:\/\/exceladvisor.org\/es\/"},{"@type":"ListItem","position":2,"name":"\u00bfc\u00f3mo utilizar vba anidada con la declaraci\u00f3n?"}]},{"@type":"WebSite","@id":"https:\/\/exceladvisor.org\/es\/#website","url":"https:\/\/exceladvisor.org\/es\/","name":"Excel Advisor","description":"Su gu\u00eda para la dominaci\u00f3n de datos!","publisher":{"@id":"https:\/\/exceladvisor.org\/es\/#organization"},"potentialAction":[{"@type":"SearchAction","target":{"@type":"EntryPoint","urlTemplate":"https:\/\/exceladvisor.org\/es\/?s={search_term_string}"},"query-input":{"@type":"PropertyValueSpecification","valueRequired":true,"valueName":"search_term_string"}}],"inLanguage":"es"},{"@type":"Organization","@id":"https:\/\/exceladvisor.org\/es\/#organization","name":"Excel Advisor","url":"https:\/\/exceladvisor.org\/es\/","logo":{"@type":"ImageObject","inLanguage":"es","@id":"https:\/\/exceladvisor.org\/es\/#\/schema\/logo\/image\/","url":"https:\/\/exceladvisor.org\/es\/wp-content\/uploads\/2023\/12\/exceladvisor.org_.png","contentUrl":"https:\/\/exceladvisor.org\/es\/wp-content\/uploads\/2023\/12\/exceladvisor.org_.png","width":105,"height":36,"caption":"Excel Advisor"},"image":{"@id":"https:\/\/exceladvisor.org\/es\/#\/schema\/logo\/image\/"}}]}},"yoast_meta":{"yoast_wpseo_title":"","yoast_wpseo_metadesc":"","yoast_wpseo_canonical":""},"_links":{"self":[{"href":"https:\/\/exceladvisor.org\/es\/wp-json\/wp\/v2\/pages\/684","targetHints":{"allow":["GET"]}}],"collection":[{"href":"https:\/\/exceladvisor.org\/es\/wp-json\/wp\/v2\/pages"}],"about":[{"href":"https:\/\/exceladvisor.org\/es\/wp-json\/wp\/v2\/types\/page"}],"author":[{"embeddable":true,"href":"https:\/\/exceladvisor.org\/es\/wp-json\/wp\/v2\/users\/1"}],"replies":[{"embeddable":true,"href":"https:\/\/exceladvisor.org\/es\/wp-json\/wp\/v2\/comments?post=684"}],"version-history":[{"count":1,"href":"https:\/\/exceladvisor.org\/es\/wp-json\/wp\/v2\/pages\/684\/revisions"}],"predecessor-version":[{"id":1385,"href":"https:\/\/exceladvisor.org\/es\/wp-json\/wp\/v2\/pages\/684\/revisions\/1385"}],"wp:attachment":[{"href":"https:\/\/exceladvisor.org\/es\/wp-json\/wp\/v2\/media?parent=684"}],"curies":[{"name":"wp","href":"https:\/\/api.w.org\/{rel}","templated":true}]}}