{"id":685,"date":"2023-09-28T17:18:30","date_gmt":"2023-09-28T17:18:30","guid":{"rendered":"https:\/\/exceladvisor.org\/es\/espera-a-dormir\/"},"modified":"2023-12-25T10:31:37","modified_gmt":"2023-12-25T10:31:37","slug":"espera-a-dormir","status":"publish","type":"page","link":"https:\/\/exceladvisor.org\/es\/espera-a-dormir\/","title":{"rendered":"\u00bfc\u00f3mo utilizar los comandos de espera y suspensi\u00f3n en vba?"},"content":{"rendered":"<div class=\"excel-antes-del-contenido\" id=\"excel-2283911639\"><script type=\"text\/javascript\">\r\n\tatOptions = {\r\n\t\t'key' : 'c1158f160081d6540a8409e6925dab94',\r\n\t\t'format' : 'iframe',\r\n\t\t'height' : 250,\r\n\t\t'width' : 300,\r\n\t\t'params' : {}\r\n\t};\r\n<\/script>\r\n<script type=\"text\/javascript\" src=\"\/\/www.highperformanceformat.com\/c1158f160081d6540a8409e6925dab94\/invoke.js\"><\/script><\/div><h2 id=\"0-vba-wait-command\" class=\"wp-block-heading\">Comando de espera de VBA<\/h2>\n<p> En VBA, el comando (m\u00e9todo) WAIT te ayuda a esperar todas las actividades que est\u00e1s realizando en Excel durante un tiempo determinado o hasta un tiempo espec\u00edfico. En pocas palabras, puede hacer que VBA espere unos segundos, minutos o incluso horas, o hasta una hora determinada. Tiene un argumento que requiere que lo especifiques.<\/p>\n<h2 id=\"1-steps-to-use-vba-wait\" class=\"wp-block-heading\"> Pasos para usar VBA Esperar<\/h2>\n<ol type=\"1\">\n<li> Primero, use la palabra clave \u00abAplicaci\u00f3n\u00bb y escriba un punto (.) para obtener la lista de propiedades y m\u00e9todos.<\/li>\n<li> Despu\u00e9s de eso, seleccione o toque el m\u00e9todo \u00abEsperar\u00bb.<\/li>\n<li> Ahora especifique el argumento \u00abTiempo\u00bb para indicarle a VBA cu\u00e1nto tiempo desea esperar.<\/li>\n<li> Al final, ejecute el c\u00f3digo para poner en cola todas las actividades en Excel. <\/li>\n<\/ol>\n<div class=\"wp-block-image\">\n<figure class=\"aligncenter size-large is-resized\"><img loading=\"lazy\" decoding=\"async\" class=\"wp-image-55797\" src=\"https:\/\/exceladvisor.org\/wp-content\/uploads\/2023\/08\/01-commande-dattente-vba.png\" sizes=\"auto, \" srcset=\"\" alt=\"comando vba-esperar\" width=\"702\" height=\"311\"><\/figure>\n<\/div>\n<p> En este c\u00f3digo, us\u00f3 <a href=\"https:\/\/exceladvisor.org\/es\/ahora\/\">AHORA<\/a> y <a href=\"https:\/\/exceladvisor.org\/es\/valor-del-tiempo\/\">TIMEVALUE<\/a> ( <a href=\"https:\/\/exceladvisor.org\/es\/funciones\/\">Funciones VBA<\/a> ) para indicarle a VBA que espere diez segundos desde el momento en que ejecuta el c\u00f3digo. Entonces, una vez transcurridos los diez segundos, la declaraci\u00f3n IF probar\u00e1 la condici\u00f3n y se ejecutar\u00e1 mostr\u00e1ndole un cuadro de mensaje con el mensaje \u00abEsperar\u00bb.<\/p>\n<pre class=\"wp-block-code\"> <code class=\"language-visual-basic\" lang=\"visual-basic\">Sub vba_wait_example() If Application.Wait(Now + TimeValue(\"00:00:10\")) = True Then MsgBox \"Wait Over\" End If End Sub<\/code><\/pre>\n<p> Tambi\u00e9n puede utilizar el m\u00e9todo Esperar para permitir que Excel espere todas las actividades hasta un momento espec\u00edfico. El siguiente c\u00f3digo espera hasta la 1:00 pm Entonces, dado que son las 12:52 en mi sistema en este momento, esta l\u00ednea de c\u00f3digo har\u00e1 que espere los pr\u00f3ximos 8 minutos.<\/p>\n<pre class=\"wp-block-code\"> <code class=\"language-visual-basic\" lang=\"visual-basic\">Application.Wait \"13:00:00\"<\/code><\/pre>\n<p class=\"qt-tip\"> <strong>Nota:<\/strong> Con el m\u00e9todo de espera, solo puedes esperar al menos un segundo.<\/p>\n<h2 id=\"2-vba-sleep\" class=\"wp-block-heading\"> Dormir VBA<\/h2>\n<p> La suspensi\u00f3n es una funci\u00f3n de Windows ( <em>en archivos DLL de Windows; debe importar esta funci\u00f3n mediante una instrucci\u00f3n de c\u00f3digo<\/em> ) que puede ayudarlo a pausar o agregar un retraso al <a href=\"https:\/\/exceladvisor.org\/es\/ejecutar-una-macro-2\/\">ejecutar una macro<\/a> . En esta funci\u00f3n puedes especificar el tiempo en milisegundos, pero no puedes detener la funci\u00f3n de suspensi\u00f3n una vez que haya pausado todo.<\/p>\n<h2 id=\"3-use-sleep-function-in-vba\" class=\"wp-block-heading\"> Utilice la funci\u00f3n de suspensi\u00f3n en VBA<\/h2>\n<ol type=\"1\">\n<li> En primer lugar, debe utilizar la declaraci\u00f3n del c\u00f3digo para importar la funci\u00f3n de suspensi\u00f3n de la \u00bb <em>biblioteca kernel32<\/em> \u00ab.<\/li>\n<li> Y luego debe asegurarse de agregar la declaraci\u00f3n \u00abPtrSafe\u00bb si est\u00e1 utilizando Excel de 64 bits.<\/li>\n<li> Luego necesitas llamar a la funci\u00f3n de suspensi\u00f3n en c\u00f3digo.<\/li>\n<li> Al final, especifique el tiempo (milisegundos) que desea retrasar el c\u00f3digo. <\/li>\n<\/ol>\n<div class=\"wp-block-image\">\n<figure class=\"aligncenter size-large is-resized\"><img loading=\"lazy\" decoding=\"async\" class=\"wp-image-55798\" src=\"https:\/\/exceladvisor.org\/wp-content\/uploads\/2023\/08\/02-fonction-de-veille-dans-vba.png\" sizes=\"auto, \" srcset=\"\" alt=\"\" width=\"891\" height=\"391\"><\/figure>\n<\/div>\n<pre class=\"wp-block-code\"> <code class=\"language-visual-basic\" lang=\"visual-basic\">If VBA7 Then ' <code>For 64-Bit versions of Excel<\/code> <code>Public Declare PtrSafe Sub Sleep Lib \"kernel32\" (ByVal dwMilliseconds As LongPtr)<\/code> Else 'For 32-Bit versions of Excel Public Declare Sub Sleep Lib \"kernel32\" (ByVal dwMilliseconds As Long) End If Sub vba_sleep() Sleep (10000) 'add code here MsgBox \"Finished\" End Sub<\/code><\/pre>\n<p> En el c\u00f3digo anterior tienes 10.000 milisegundos, lo que equivale a 10 segundos. Cuando ejecute este c\u00f3digo, lo retrasar\u00e1 durante 10 segundos y luego mostrar\u00e1 un cuadro de mensaje.<\/p>\n<p class=\"qt-tip\"> <strong>Nota:<\/strong> Cuando usa la funci\u00f3n de suspensi\u00f3n, detiene todo en Excel durante el tiempo que establezca, ni siquiera puede interrumpirlo. Aseg\u00farese de consultar este enlace de Microsoft sobre <a href=\"https:\/\/docs.microsoft.com\/en-us\/previous-versions\/office\/developer\/office-2010\/ee691831(v=office.14)?redirectedfrom=MSDN\" target=\"_blank\" rel=\"noreferrer noopener\">la compatibilidad entre las versiones de 32 y 64 bits<\/a> .<\/p>\n<div class=\"gb-container gb-container-4db6181c gb-container-mt\"> <a class=\"gb-button gb-button-c5897111 gb-button-text gb-button-mt-button\" href=\"https:\/\/exceladvisor.org\/es\/vba\/\">\u00bfQu\u00e9 es VBA?<\/a><\/p>\n<h2 class=\"gb-headline gb-headline-665e5f6b gb-headline-text gb-headline-mt-heading\"> Tutoriales relacionados <\/h2>\n<div class=\"gb-grid-wrapper gb-grid-wrapper-a20baf7c gb-grid-wrapper-mt-grid\">\n<div class=\"gb-grid-column gb-grid-column-65ddf67e\">\n<div class=\"gb-container gb-container-65ddf67e\">\n<ul>\n<li> <a href=\"https:\/\/exceladvisor.org\/es\/resaltar-valores-duplicados\/\">Resalte valores duplicados usando VBA<\/a><\/li>\n<li> <a href=\"https:\/\/exceladvisor.org\/es\/extraer-hipervinculo\/\">Extraer direcci\u00f3n de hiperv\u00ednculo (URL) VBA<\/a><\/li>\n<li> <a href=\"https:\/\/exceladvisor.org\/es\/campo-de-entrada\/\">Cuadro de entrada en VBA<\/a><\/li>\n<li> <a href=\"https:\/\/exceladvisor.org\/es\/archivos-de-texto\/\">VBA crea y escribe en un archivo de texto<\/a><\/li>\n<li> <a href=\"https:\/\/exceladvisor.org\/es\/actualizacion-de-pantalla\/\">Actualizaci\u00f3n de pantalla VBA<\/a> <\/li>\n<\/ul>\n<\/div>\n<\/div>\n<div class=\"gb-grid-column gb-grid-column-50067b57\">\n<div class=\"gb-container gb-container-50067b57\"><\/div>\n<\/div>\n<\/div>\n<\/div>\n","protected":false},"excerpt":{"rendered":"<p>Comando de espera de VBA En VBA, el comando (m\u00e9todo) WAIT te ayuda a esperar todas las actividades que est\u00e1s realizando en Excel durante un tiempo determinado o hasta un tiempo espec\u00edfico. En pocas palabras, puede hacer que VBA espere unos segundos, minutos o incluso horas, o hasta una hora determinada. Tiene un argumento que [&hellip;]<\/p>\n","protected":false},"author":1,"featured_media":0,"parent":0,"menu_order":0,"comment_status":"open","ping_status":"closed","template":"","meta":{"ub_ctt_via":"","footnotes":""},"class_list":["post-685","page","type-page","status-publish","hentry"],"featured_image_src":null,"yoast_head":"<!-- This site is optimized with the Yoast SEO plugin v25.4 - https:\/\/yoast.com\/wordpress\/plugins\/seo\/ -->\n<title>\u00bfc\u00f3mo utilizar los comandos de espera y suspensi\u00f3n en vba?<\/title>\n<meta name=\"robots\" content=\"index, follow, max-snippet:-1, max-image-preview:large, max-video-preview:-1\" \/>\n<link rel=\"canonical\" href=\"https:\/\/exceladvisor.org\/es\/espera-a-dormir\/\" \/>\n<meta property=\"og:locale\" content=\"es_ES\" \/>\n<meta property=\"og:type\" content=\"article\" \/>\n<meta property=\"og:title\" content=\"\u00bfc\u00f3mo utilizar los comandos de espera y suspensi\u00f3n en vba?\" \/>\n<meta property=\"og:description\" content=\"Comando de espera de VBA En VBA, el comando (m\u00e9todo) WAIT te ayuda a esperar todas las actividades que est\u00e1s realizando en Excel durante un tiempo determinado o hasta un tiempo espec\u00edfico. En pocas palabras, puede hacer que VBA espere unos segundos, minutos o incluso horas, o hasta una hora determinada. Tiene un argumento que [&hellip;]\" \/>\n<meta property=\"og:url\" content=\"https:\/\/exceladvisor.org\/es\/espera-a-dormir\/\" \/>\n<meta property=\"og:site_name\" content=\"Excel Advisor\" \/>\n<meta property=\"article:modified_time\" content=\"2023-12-25T10:31:37+00:00\" \/>\n<meta property=\"og:image\" content=\"https:\/\/exceladvisor.org\/wp-content\/uploads\/2023\/08\/01-commande-dattente-vba.png\" \/>\n<meta name=\"twitter:card\" content=\"summary_large_image\" \/>\n<meta name=\"twitter:label1\" content=\"Tiempo de lectura\" \/>\n\t<meta name=\"twitter:data1\" content=\"3 minutos\" \/>\n<script type=\"application\/ld+json\" class=\"yoast-schema-graph\">{\"@context\":\"https:\/\/schema.org\",\"@graph\":[{\"@type\":\"WebPage\",\"@id\":\"https:\/\/exceladvisor.org\/es\/espera-a-dormir\/\",\"url\":\"https:\/\/exceladvisor.org\/es\/espera-a-dormir\/\",\"name\":\"\u00bfc\u00f3mo utilizar los comandos de espera y suspensi\u00f3n en vba?\",\"isPartOf\":{\"@id\":\"https:\/\/exceladvisor.org\/es\/#website\"},\"primaryImageOfPage\":{\"@id\":\"https:\/\/exceladvisor.org\/es\/espera-a-dormir\/#primaryimage\"},\"image\":{\"@id\":\"https:\/\/exceladvisor.org\/es\/espera-a-dormir\/#primaryimage\"},\"thumbnailUrl\":\"https:\/\/exceladvisor.org\/wp-content\/uploads\/2023\/08\/01-commande-dattente-vba.png\",\"datePublished\":\"2023-09-28T17:18:30+00:00\",\"dateModified\":\"2023-12-25T10:31:37+00:00\",\"breadcrumb\":{\"@id\":\"https:\/\/exceladvisor.org\/es\/espera-a-dormir\/#breadcrumb\"},\"inLanguage\":\"es\",\"potentialAction\":[{\"@type\":\"ReadAction\",\"target\":[\"https:\/\/exceladvisor.org\/es\/espera-a-dormir\/\"]}]},{\"@type\":\"ImageObject\",\"inLanguage\":\"es\",\"@id\":\"https:\/\/exceladvisor.org\/es\/espera-a-dormir\/#primaryimage\",\"url\":\"https:\/\/exceladvisor.org\/wp-content\/uploads\/2023\/08\/01-commande-dattente-vba.png\",\"contentUrl\":\"https:\/\/exceladvisor.org\/wp-content\/uploads\/2023\/08\/01-commande-dattente-vba.png\"},{\"@type\":\"BreadcrumbList\",\"@id\":\"https:\/\/exceladvisor.org\/es\/espera-a-dormir\/#breadcrumb\",\"itemListElement\":[{\"@type\":\"ListItem\",\"position\":1,\"name\":\"Hogar\",\"item\":\"https:\/\/exceladvisor.org\/es\/\"},{\"@type\":\"ListItem\",\"position\":2,\"name\":\"\u00bfc\u00f3mo utilizar los comandos de espera y suspensi\u00f3n en vba?\"}]},{\"@type\":\"WebSite\",\"@id\":\"https:\/\/exceladvisor.org\/es\/#website\",\"url\":\"https:\/\/exceladvisor.org\/es\/\",\"name\":\"Excel Advisor\",\"description\":\"Su gu\u00eda para la dominaci\u00f3n de datos!\",\"publisher\":{\"@id\":\"https:\/\/exceladvisor.org\/es\/#organization\"},\"potentialAction\":[{\"@type\":\"SearchAction\",\"target\":{\"@type\":\"EntryPoint\",\"urlTemplate\":\"https:\/\/exceladvisor.org\/es\/?s={search_term_string}\"},\"query-input\":{\"@type\":\"PropertyValueSpecification\",\"valueRequired\":true,\"valueName\":\"search_term_string\"}}],\"inLanguage\":\"es\"},{\"@type\":\"Organization\",\"@id\":\"https:\/\/exceladvisor.org\/es\/#organization\",\"name\":\"Excel Advisor\",\"url\":\"https:\/\/exceladvisor.org\/es\/\",\"logo\":{\"@type\":\"ImageObject\",\"inLanguage\":\"es\",\"@id\":\"https:\/\/exceladvisor.org\/es\/#\/schema\/logo\/image\/\",\"url\":\"https:\/\/exceladvisor.org\/es\/wp-content\/uploads\/2023\/12\/exceladvisor.org_.png\",\"contentUrl\":\"https:\/\/exceladvisor.org\/es\/wp-content\/uploads\/2023\/12\/exceladvisor.org_.png\",\"width\":105,\"height\":36,\"caption\":\"Excel Advisor\"},\"image\":{\"@id\":\"https:\/\/exceladvisor.org\/es\/#\/schema\/logo\/image\/\"}}]}<\/script>\n<!-- \/ Yoast SEO plugin. -->","yoast_head_json":{"title":"\u00bfc\u00f3mo utilizar los comandos de espera y suspensi\u00f3n en vba?","robots":{"index":"index","follow":"follow","max-snippet":"max-snippet:-1","max-image-preview":"max-image-preview:large","max-video-preview":"max-video-preview:-1"},"canonical":"https:\/\/exceladvisor.org\/es\/espera-a-dormir\/","og_locale":"es_ES","og_type":"article","og_title":"\u00bfc\u00f3mo utilizar los comandos de espera y suspensi\u00f3n en vba?","og_description":"Comando de espera de VBA En VBA, el comando (m\u00e9todo) WAIT te ayuda a esperar todas las actividades que est\u00e1s realizando en Excel durante un tiempo determinado o hasta un tiempo espec\u00edfico. En pocas palabras, puede hacer que VBA espere unos segundos, minutos o incluso horas, o hasta una hora determinada. Tiene un argumento que [&hellip;]","og_url":"https:\/\/exceladvisor.org\/es\/espera-a-dormir\/","og_site_name":"Excel Advisor","article_modified_time":"2023-12-25T10:31:37+00:00","og_image":[{"url":"https:\/\/exceladvisor.org\/wp-content\/uploads\/2023\/08\/01-commande-dattente-vba.png","type":"","width":"","height":""}],"twitter_card":"summary_large_image","twitter_misc":{"Tiempo de lectura":"3 minutos"},"schema":{"@context":"https:\/\/schema.org","@graph":[{"@type":"WebPage","@id":"https:\/\/exceladvisor.org\/es\/espera-a-dormir\/","url":"https:\/\/exceladvisor.org\/es\/espera-a-dormir\/","name":"\u00bfc\u00f3mo utilizar los comandos de espera y suspensi\u00f3n en vba?","isPartOf":{"@id":"https:\/\/exceladvisor.org\/es\/#website"},"primaryImageOfPage":{"@id":"https:\/\/exceladvisor.org\/es\/espera-a-dormir\/#primaryimage"},"image":{"@id":"https:\/\/exceladvisor.org\/es\/espera-a-dormir\/#primaryimage"},"thumbnailUrl":"https:\/\/exceladvisor.org\/wp-content\/uploads\/2023\/08\/01-commande-dattente-vba.png","datePublished":"2023-09-28T17:18:30+00:00","dateModified":"2023-12-25T10:31:37+00:00","breadcrumb":{"@id":"https:\/\/exceladvisor.org\/es\/espera-a-dormir\/#breadcrumb"},"inLanguage":"es","potentialAction":[{"@type":"ReadAction","target":["https:\/\/exceladvisor.org\/es\/espera-a-dormir\/"]}]},{"@type":"ImageObject","inLanguage":"es","@id":"https:\/\/exceladvisor.org\/es\/espera-a-dormir\/#primaryimage","url":"https:\/\/exceladvisor.org\/wp-content\/uploads\/2023\/08\/01-commande-dattente-vba.png","contentUrl":"https:\/\/exceladvisor.org\/wp-content\/uploads\/2023\/08\/01-commande-dattente-vba.png"},{"@type":"BreadcrumbList","@id":"https:\/\/exceladvisor.org\/es\/espera-a-dormir\/#breadcrumb","itemListElement":[{"@type":"ListItem","position":1,"name":"Hogar","item":"https:\/\/exceladvisor.org\/es\/"},{"@type":"ListItem","position":2,"name":"\u00bfc\u00f3mo utilizar los comandos de espera y suspensi\u00f3n en vba?"}]},{"@type":"WebSite","@id":"https:\/\/exceladvisor.org\/es\/#website","url":"https:\/\/exceladvisor.org\/es\/","name":"Excel Advisor","description":"Su gu\u00eda para la dominaci\u00f3n de datos!","publisher":{"@id":"https:\/\/exceladvisor.org\/es\/#organization"},"potentialAction":[{"@type":"SearchAction","target":{"@type":"EntryPoint","urlTemplate":"https:\/\/exceladvisor.org\/es\/?s={search_term_string}"},"query-input":{"@type":"PropertyValueSpecification","valueRequired":true,"valueName":"search_term_string"}}],"inLanguage":"es"},{"@type":"Organization","@id":"https:\/\/exceladvisor.org\/es\/#organization","name":"Excel Advisor","url":"https:\/\/exceladvisor.org\/es\/","logo":{"@type":"ImageObject","inLanguage":"es","@id":"https:\/\/exceladvisor.org\/es\/#\/schema\/logo\/image\/","url":"https:\/\/exceladvisor.org\/es\/wp-content\/uploads\/2023\/12\/exceladvisor.org_.png","contentUrl":"https:\/\/exceladvisor.org\/es\/wp-content\/uploads\/2023\/12\/exceladvisor.org_.png","width":105,"height":36,"caption":"Excel Advisor"},"image":{"@id":"https:\/\/exceladvisor.org\/es\/#\/schema\/logo\/image\/"}}]}},"yoast_meta":{"yoast_wpseo_title":"","yoast_wpseo_metadesc":"","yoast_wpseo_canonical":""},"_links":{"self":[{"href":"https:\/\/exceladvisor.org\/es\/wp-json\/wp\/v2\/pages\/685","targetHints":{"allow":["GET"]}}],"collection":[{"href":"https:\/\/exceladvisor.org\/es\/wp-json\/wp\/v2\/pages"}],"about":[{"href":"https:\/\/exceladvisor.org\/es\/wp-json\/wp\/v2\/types\/page"}],"author":[{"embeddable":true,"href":"https:\/\/exceladvisor.org\/es\/wp-json\/wp\/v2\/users\/1"}],"replies":[{"embeddable":true,"href":"https:\/\/exceladvisor.org\/es\/wp-json\/wp\/v2\/comments?post=685"}],"version-history":[{"count":1,"href":"https:\/\/exceladvisor.org\/es\/wp-json\/wp\/v2\/pages\/685\/revisions"}],"predecessor-version":[{"id":1371,"href":"https:\/\/exceladvisor.org\/es\/wp-json\/wp\/v2\/pages\/685\/revisions\/1371"}],"wp:attachment":[{"href":"https:\/\/exceladvisor.org\/es\/wp-json\/wp\/v2\/media?parent=685"}],"curies":[{"name":"wp","href":"https:\/\/api.w.org\/{rel}","templated":true}]}}