{"id":686,"date":"2023-09-28T15:20:02","date_gmt":"2023-09-28T15:20:02","guid":{"rendered":"https:\/\/exceladvisor.org\/es\/error-de-ejecucion-1004\/"},"modified":"2023-12-25T10:27:17","modified_gmt":"2023-12-25T10:27:17","slug":"error-de-ejecucion-1004","status":"publish","type":"page","link":"https:\/\/exceladvisor.org\/es\/error-de-ejecucion-1004\/","title":{"rendered":"\u00bfc\u00f3mo solucionar el error 1004 de tiempo de ejecuci\u00f3n de vba?"},"content":{"rendered":"<div class=\"excel-antes-del-contenido\" id=\"excel-3075168091\"><script type=\"text\/javascript\">\r\n\tatOptions = {\r\n\t\t'key' : 'c1158f160081d6540a8409e6925dab94',\r\n\t\t'format' : 'iframe',\r\n\t\t'height' : 250,\r\n\t\t'width' : 300,\r\n\t\t'params' : {}\r\n\t};\r\n<\/script>\r\n<script type=\"text\/javascript\" src=\"\/\/www.highperformanceformat.com\/c1158f160081d6540a8409e6925dab94\/invoke.js\"><\/script><\/div><p>El error de tiempo de ejecuci\u00f3n de VBA 1004 ocurre al ejecutar una macro en Excel. Este es un error que puede ocurrir por varias razones. En el siguiente ejemplo, como puede ver, cuando ejecuto el c\u00f3digo muestra el error de tiempo de ejecuci\u00f3n &#8216;1004&#8217;. En palabras simples, tambi\u00e9n se puede decir que sucede cuando no se puede realizar una actividad con el objeto o aplicaci\u00f3n. <\/p>\n<div class=\"wp-block-image\">\n<figure class=\"aligncenter size-large is-resized\"><img loading=\"lazy\" decoding=\"async\" class=\"wp-image-57091\" src=\"https:\/\/exceladvisor.org\/wp-content\/uploads\/2023\/08\/1-erreur-dexecution-vba.png\" sizes=\"auto, \" srcset=\"\" alt=\"error de tiempo de ejecuci\u00f3n de vba\" width=\"702\" height=\"471\"><\/figure>\n<\/div>\n<p> En este tutorial, comprenderemos otras razones de este error de tiempo de ejecuci\u00f3n 1004.<\/p>\n<h2 class=\"wp-block-heading\"> Error1: Error de tiempo de ejecuci\u00f3n de VBA 1004: este nombre ya est\u00e1 en uso. Prueba otro:<\/h2>\n<p> Como compart\u00ed anteriormente, cuando intentas agregar una hoja con el nombre que ya est\u00e1 en el libro usando un c\u00f3digo VBA, VBA te muestra un error de tiempo de ejecuci\u00f3n con el c\u00f3digo 1004.<\/p>\n<p> Incluso cuando intenta <a href=\"https:\/\/exceladvisor.org\/es\/cambiar-el-nombre-de-la-hoja\/\">cambiar el nombre de una hoja de trabajo,<\/a> obtiene el mismo error de VBA. <\/p>\n<div class=\"wp-block-image\">\n<figure class=\"aligncenter size-large is-resized\"><img loading=\"lazy\" decoding=\"async\" class=\"wp-image-57092\" src=\"https:\/\/exceladvisor.org\/wp-content\/uploads\/2023\/08\/2-renommer-une-feuille-de-calcul.png\" sizes=\"auto, \" srcset=\"\" alt=\"\" width=\"594\" height=\"570\"><\/figure>\n<\/div>\n<p> En el c\u00f3digo anterior, intent\u00e9 cambiar el nombre de la hoja \u00abHoja2\u00bb con el nombre \u00abHoja1\u00bb, pero como puede ver, ya tengo la \u00abHoja1\u00bb en el libro; VBA me mostr\u00f3 el c\u00f3digo de error 1004.<\/p>\n<p> Para solucionar este problema, debe verificar si ya existe una hoja en el libro de trabajo o no.<\/p>\n<h2 class=\"wp-block-heading\"> Error 2: Error 1004 en tiempo de ejecuci\u00f3n de VBA: Error en el m\u00e9todo &#8216;Rango&#8217; del objeto &#8216;_Global&#8217;:<\/h2>\n<p> Como sabe, puede crear un rango con nombre en Excel, pero cuando intenta hacer referencia a ese rango con nombre usando el c\u00f3digo VBA y escribe mal su nombre, puede obtener el error de tiempo de ejecuci\u00f3n 1004 Error en el m\u00e9todo &#8216;_Global&#8217; del objeto &#8216;Rango&#8217;.<\/p>\n<p> En el siguiente ejemplo, tengo un rango con nombre con el nombre \u00abmyRange\u00bb, pero al escribir la macro, lo escrib\u00ed mal como \u00abmyRang\u00bb aunque se trata de un error al escribir; VBA no es tan inteligente como para identificar este error y hacer referencia al rango con nombre correcto. <\/p>\n<div class=\"wp-block-image\">\n<figure class=\"aligncenter size-large is-resized\"><img loading=\"lazy\" decoding=\"async\" class=\"wp-image-57093\" src=\"https:\/\/exceladvisor.org\/wp-content\/uploads\/2023\/08\/3-methode-gamme-dobjet.png\" sizes=\"auto, \" srcset=\"\" alt=\"\" width=\"667\" height=\"555\"><\/figure>\n<\/div>\n<p> No hay ning\u00fan rango con el nombre que mencion\u00e9 y es por eso que me mostr\u00f3 el error de tiempo de ejecuci\u00f3n 1004.<\/p>\n<h2 class=\"wp-block-heading\"> Error 3: Error de tiempo de ejecuci\u00f3n de VBA 1004: No se pudo seleccionar el m\u00e9todo de rango de clase:<\/h2>\n<p> Cuando usa el c\u00f3digo VBA para seleccionar un rango que no est\u00e1 en la hoja de trabajo activa, VBA le muestra el error de tiempo de ejecuci\u00f3n 1004. Porque, si desea seleccionar una celda o un rango de celdas para un c\u00e1lculo de hoja, debe estar activo en ese momento. .<\/p>\n<p> No puede seleccionar una celda en la hoja 1 si la hoja 2 est\u00e1 activa en este momento.<\/p>\n<p> Como puedes ver en el siguiente ejemplo, comet\u00ed el mismo error al referirme a la celda A1 de la primera hoja, pero la hoja 2 est\u00e1 activa. <\/p>\n<div class=\"wp-block-image\">\n<figure class=\"aligncenter size-large is-resized\"><img loading=\"lazy\" decoding=\"async\" class=\"wp-image-57094\" src=\"https:\/\/exceladvisor.org\/wp-content\/uploads\/2023\/08\/4-Echec-de-la-methode-de-selection-de-la-classe-de-plage.png\" sizes=\"auto, \" srcset=\"\" alt=\"\" width=\"575\" height=\"445\"><\/figure>\n<\/div>\n<p> La mejor manera de manejar este error es activar primero la hoja y luego escribir una l\u00ednea de c\u00f3digo que seleccione una celda o rango de esa hoja. Tambi\u00e9n puede verificar si una hoja est\u00e1 activa o no, luego seleccionar la celda de esa hoja y, si de alguna manera esa hoja no est\u00e1 activa, puede mostrar un mensaje al usuario para que habilite esta hoja primero.<\/p>\n<h2 class=\"wp-block-heading\"> Error4: Error de tiempo de ejecuci\u00f3n de VBA 1004 No se pudo activar la clase de rango de m\u00e9todo:<\/h2>\n<p> Al igual que el motivo anterior, cuando intenta activar una celda o rango de celdas de una hoja de trabajo espec\u00edfica que no est\u00e1 activa en este momento, le mostraremos el error de tiempo de ejecuci\u00f3n 1004 (Error al activar la clase de rango del m\u00e9todo :). <\/p>\n<div class=\"wp-block-image\">\n<figure class=\"aligncenter size-large is-resized\"><img loading=\"lazy\" decoding=\"async\" class=\"wp-image-57095\" src=\"https:\/\/exceladvisor.org\/wp-content\/uploads\/2023\/08\/5-echec-de-lactivation-de-la-classe-de-plage-de-methodes.png\" sizes=\"auto, \" srcset=\"\" alt=\"\" width=\"591\" height=\"464\"><\/figure>\n<\/div>\n<p> En el ejemplo de cuando intent\u00e9 activar la celda A1 en la hoja1 me dio el error de tiempo de ejecuci\u00f3n 1004, la hoja activa era la hoja2.<\/p>\n<p> Para solucionar este error nuevamente, debe verificar si la hoja de trabajo a la que hace referencia est\u00e1 activa o no. O tambi\u00e9n puede comprobar si esta hoja est\u00e1 presente en el libro de trabajo o no.<\/p>\n<h2 class=\"wp-block-heading\"> Error 5: Error 1004 del m\u00e9todo de ejecuci\u00f3n de VBA Lo sentimos, no pudimos encontrar:<\/h2>\n<p> Si intenta abrir un archivo de Excel usando una ruta, pero ese libro no est\u00e1 all\u00ed, es posible que lo haya movido, eliminado o cambiado de nombre. En este caso, VBA le mostrar\u00e1 nuevamente un error de tiempo de ejecuci\u00f3n de 1004.<\/p>\n<p> Esto es lo que sucedi\u00f3 en el siguiente ejemplo donde intent\u00e9 abrir el archivo con la ruta de mi escritorio, pero ese archivo no est\u00e1 all\u00ed y me mostr\u00f3 un error. <\/p>\n<div class=\"wp-block-image\">\n<figure class=\"aligncenter size-large is-resized\"><img loading=\"lazy\" decoding=\"async\" class=\"wp-image-57096\" src=\"https:\/\/exceladvisor.org\/wp-content\/uploads\/2023\/08\/6-methode-desole-nous-navons-pas-pu-trouver.png\" sizes=\"auto, \" srcset=\"\" alt=\"\" width=\"690\" height=\"399\"><\/figure>\n<\/div>\n<p> Para solucionar la situaci\u00f3n, puede utilizar alg\u00fan c\u00f3digo VBA para comprobar si el archivo al que se refiere est\u00e1 presente en la carpeta o no.<\/p>\n<h2 class=\"wp-block-heading\"> Error 6: No se pudo abrir el m\u00e9todo Error 1004 en tiempo de ejecuci\u00f3n de VBA de Object Binders:<\/h2>\n<p> Este error tambi\u00e9n est\u00e1 relacionado con el libro de trabajo. Entonces, cuando intenta abrir un libro de trabajo con el nombre para el cual ya existe un libro y est\u00e1 abierto en este momento, VBA le mostrar\u00e1 el error de tiempo de ejecuci\u00f3n 1004 (fall\u00f3 el m\u00e9todo de apertura de libros de trabajo de objetos). <\/p>\n<div class=\"wp-block-image\">\n<figure class=\"aligncenter size-large is-resized\"><img loading=\"lazy\" decoding=\"async\" class=\"wp-image-57097\" src=\"https:\/\/exceladvisor.org\/wp-content\/uploads\/2023\/08\/7-methode-douverture-des-classeurs-dobjets-a-echoue.png\" sizes=\"auto, \" srcset=\"\" alt=\"\" width=\"646\" height=\"474\"><\/figure>\n<\/div>\n<p> Lo mismo sucedi\u00f3 en el ejemplo anterior, donde intent\u00e9 abrir un libro que ya est\u00e1 abierto y VBA me mostr\u00f3 un error de tiempo de ejecuci\u00f3n (1004).<\/p>\n<h2 class=\"wp-block-heading\"> C\u00f3mo arreglar el tiempo de ejecuci\u00f3n de VBA (Error 1004)<\/h2>\n<p> El error 1004 es un error de tiempo de ejecuci\u00f3n que ocurre al ejecutar c\u00f3digo VBA. Y todos los errores que comentamos anteriormente se deben a errores humanos al escribir el c\u00f3digo, siguiendo los puntos que puedes utilizar para evitar el error de tiempo de ejecuci\u00f3n 1004.<\/p>\n<ol type=\"1\">\n<li> Realice una ejecuci\u00f3n de c\u00f3digo paso a paso para ver en qu\u00e9 l\u00ednea ocurre el error.<\/li>\n<li> Aseg\u00farese de verificar todos los nombres de los libros a los que se refiere.<\/li>\n<li> Tambi\u00e9n puede utilizar el c\u00f3digo VBA para comprobar si un libro ya est\u00e1 abierto o no.<\/li>\n<li> Y utilice el m\u00e9todo de activaci\u00f3n para activar una hoja de trabajo antes de hacer referencia a una celda o rango de ella.<\/li>\n<\/ol>\n<div class=\"gb-container gb-container-4db6181c gb-container-mt\"> <a class=\"gb-button gb-button-c5897111 gb-button-text gb-button-mt-button\" href=\"https:\/\/exceladvisor.org\/es\/vba\/\">\u00bfQu\u00e9 es VBA?<\/a><\/p>\n<h2 class=\"gb-headline gb-headline-665e5f6b gb-headline-text gb-headline-mt-heading\"> Tutoriales relacionados <\/h2>\n<div class=\"gb-grid-wrapper gb-grid-wrapper-a20baf7c gb-grid-wrapper-mt-grid\">\n<div class=\"gb-grid-column gb-grid-column-65ddf67e\">\n<div class=\"gb-container gb-container-65ddf67e\">\n<ul>\n<li> <a href=\"https:\/\/exceladvisor.org\/es\/manejo-de-errores\/\">Manejo de errores de VBA<\/a><\/li>\n<li> <a href=\"https:\/\/exceladvisor.org\/es\/error-de-automatizacion-440\/\">Error de automatizaci\u00f3n de VBA (Error 440)<\/a><\/li>\n<li> <a href=\"https:\/\/exceladvisor.org\/es\/llamada-a-procedimiento-no-valida-o-error-de-argumento-5\/\">Llamada a procedimiento VBA no v\u00e1lida o error de argumento (Error 5)<\/a><\/li>\n<li> <a href=\"https:\/\/exceladvisor.org\/es\/el-objeto-no-admite-esta-propiedad-o-metodo-error-438\/\">El objeto VBA no admite esta propiedad o error de m\u00e9todo (Error 438)<\/a><\/li>\n<li> <a href=\"https:\/\/exceladvisor.org\/es\/error-de-objeto-requerido-424\/\">Error de objeto VBA requerido (Error 424)<\/a> <\/li>\n<\/ul>\n<\/div>\n<\/div>\n<div class=\"gb-grid-column gb-grid-column-50067b57\">\n<div class=\"gb-container gb-container-50067b57\"><\/div>\n<\/div>\n<\/div>\n<\/div>\n","protected":false},"excerpt":{"rendered":"<p>El error de tiempo de ejecuci\u00f3n de VBA 1004 ocurre al ejecutar una macro en Excel. Este es un error que puede ocurrir por varias razones. En el siguiente ejemplo, como puede ver, cuando ejecuto el c\u00f3digo muestra el error de tiempo de ejecuci\u00f3n &#8216;1004&#8217;. En palabras simples, tambi\u00e9n se puede decir que sucede cuando [&hellip;]<\/p>\n","protected":false},"author":1,"featured_media":0,"parent":0,"menu_order":0,"comment_status":"open","ping_status":"closed","template":"","meta":{"ub_ctt_via":"","footnotes":""},"class_list":["post-686","page","type-page","status-publish","hentry"],"featured_image_src":null,"yoast_head":"<!-- This site is optimized with the Yoast SEO plugin v25.4 - https:\/\/yoast.com\/wordpress\/plugins\/seo\/ -->\n<title>\u00bfc\u00f3mo solucionar el error 1004 de tiempo de ejecuci\u00f3n de vba?<\/title>\n<meta name=\"robots\" content=\"index, follow, max-snippet:-1, max-image-preview:large, max-video-preview:-1\" \/>\n<link rel=\"canonical\" href=\"https:\/\/exceladvisor.org\/es\/error-de-ejecucion-1004\/\" \/>\n<meta property=\"og:locale\" content=\"es_ES\" \/>\n<meta property=\"og:type\" content=\"article\" \/>\n<meta property=\"og:title\" content=\"\u00bfc\u00f3mo solucionar el error 1004 de tiempo de ejecuci\u00f3n de vba?\" \/>\n<meta property=\"og:description\" content=\"El error de tiempo de ejecuci\u00f3n de VBA 1004 ocurre al ejecutar una macro en Excel. Este es un error que puede ocurrir por varias razones. En el siguiente ejemplo, como puede ver, cuando ejecuto el c\u00f3digo muestra el error de tiempo de ejecuci\u00f3n &#8216;1004&#8217;. En palabras simples, tambi\u00e9n se puede decir que sucede cuando [&hellip;]\" \/>\n<meta property=\"og:url\" content=\"https:\/\/exceladvisor.org\/es\/error-de-ejecucion-1004\/\" \/>\n<meta property=\"og:site_name\" content=\"Excel Advisor\" \/>\n<meta property=\"article:modified_time\" content=\"2023-12-25T10:27:17+00:00\" \/>\n<meta property=\"og:image\" content=\"https:\/\/exceladvisor.org\/wp-content\/uploads\/2023\/08\/1-erreur-dexecution-vba.png\" \/>\n<meta name=\"twitter:card\" content=\"summary_large_image\" \/>\n<meta name=\"twitter:label1\" content=\"Tiempo de lectura\" \/>\n\t<meta name=\"twitter:data1\" content=\"5 minutos\" \/>\n<script type=\"application\/ld+json\" class=\"yoast-schema-graph\">{\"@context\":\"https:\/\/schema.org\",\"@graph\":[{\"@type\":\"WebPage\",\"@id\":\"https:\/\/exceladvisor.org\/es\/error-de-ejecucion-1004\/\",\"url\":\"https:\/\/exceladvisor.org\/es\/error-de-ejecucion-1004\/\",\"name\":\"\u00bfc\u00f3mo solucionar el error 1004 de tiempo de ejecuci\u00f3n de vba?\",\"isPartOf\":{\"@id\":\"https:\/\/exceladvisor.org\/es\/#website\"},\"primaryImageOfPage\":{\"@id\":\"https:\/\/exceladvisor.org\/es\/error-de-ejecucion-1004\/#primaryimage\"},\"image\":{\"@id\":\"https:\/\/exceladvisor.org\/es\/error-de-ejecucion-1004\/#primaryimage\"},\"thumbnailUrl\":\"https:\/\/exceladvisor.org\/wp-content\/uploads\/2023\/08\/1-erreur-dexecution-vba.png\",\"datePublished\":\"2023-09-28T15:20:02+00:00\",\"dateModified\":\"2023-12-25T10:27:17+00:00\",\"breadcrumb\":{\"@id\":\"https:\/\/exceladvisor.org\/es\/error-de-ejecucion-1004\/#breadcrumb\"},\"inLanguage\":\"es\",\"potentialAction\":[{\"@type\":\"ReadAction\",\"target\":[\"https:\/\/exceladvisor.org\/es\/error-de-ejecucion-1004\/\"]}]},{\"@type\":\"ImageObject\",\"inLanguage\":\"es\",\"@id\":\"https:\/\/exceladvisor.org\/es\/error-de-ejecucion-1004\/#primaryimage\",\"url\":\"https:\/\/exceladvisor.org\/wp-content\/uploads\/2023\/08\/1-erreur-dexecution-vba.png\",\"contentUrl\":\"https:\/\/exceladvisor.org\/wp-content\/uploads\/2023\/08\/1-erreur-dexecution-vba.png\"},{\"@type\":\"BreadcrumbList\",\"@id\":\"https:\/\/exceladvisor.org\/es\/error-de-ejecucion-1004\/#breadcrumb\",\"itemListElement\":[{\"@type\":\"ListItem\",\"position\":1,\"name\":\"Hogar\",\"item\":\"https:\/\/exceladvisor.org\/es\/\"},{\"@type\":\"ListItem\",\"position\":2,\"name\":\"\u00bfc\u00f3mo solucionar el error 1004 de tiempo de ejecuci\u00f3n de vba?\"}]},{\"@type\":\"WebSite\",\"@id\":\"https:\/\/exceladvisor.org\/es\/#website\",\"url\":\"https:\/\/exceladvisor.org\/es\/\",\"name\":\"Excel Advisor\",\"description\":\"Su gu\u00eda para la dominaci\u00f3n de datos!\",\"publisher\":{\"@id\":\"https:\/\/exceladvisor.org\/es\/#organization\"},\"potentialAction\":[{\"@type\":\"SearchAction\",\"target\":{\"@type\":\"EntryPoint\",\"urlTemplate\":\"https:\/\/exceladvisor.org\/es\/?s={search_term_string}\"},\"query-input\":{\"@type\":\"PropertyValueSpecification\",\"valueRequired\":true,\"valueName\":\"search_term_string\"}}],\"inLanguage\":\"es\"},{\"@type\":\"Organization\",\"@id\":\"https:\/\/exceladvisor.org\/es\/#organization\",\"name\":\"Excel Advisor\",\"url\":\"https:\/\/exceladvisor.org\/es\/\",\"logo\":{\"@type\":\"ImageObject\",\"inLanguage\":\"es\",\"@id\":\"https:\/\/exceladvisor.org\/es\/#\/schema\/logo\/image\/\",\"url\":\"https:\/\/exceladvisor.org\/es\/wp-content\/uploads\/2023\/12\/exceladvisor.org_.png\",\"contentUrl\":\"https:\/\/exceladvisor.org\/es\/wp-content\/uploads\/2023\/12\/exceladvisor.org_.png\",\"width\":105,\"height\":36,\"caption\":\"Excel Advisor\"},\"image\":{\"@id\":\"https:\/\/exceladvisor.org\/es\/#\/schema\/logo\/image\/\"}}]}<\/script>\n<!-- \/ Yoast SEO plugin. -->","yoast_head_json":{"title":"\u00bfc\u00f3mo solucionar el error 1004 de tiempo de ejecuci\u00f3n de vba?","robots":{"index":"index","follow":"follow","max-snippet":"max-snippet:-1","max-image-preview":"max-image-preview:large","max-video-preview":"max-video-preview:-1"},"canonical":"https:\/\/exceladvisor.org\/es\/error-de-ejecucion-1004\/","og_locale":"es_ES","og_type":"article","og_title":"\u00bfc\u00f3mo solucionar el error 1004 de tiempo de ejecuci\u00f3n de vba?","og_description":"El error de tiempo de ejecuci\u00f3n de VBA 1004 ocurre al ejecutar una macro en Excel. Este es un error que puede ocurrir por varias razones. En el siguiente ejemplo, como puede ver, cuando ejecuto el c\u00f3digo muestra el error de tiempo de ejecuci\u00f3n &#8216;1004&#8217;. En palabras simples, tambi\u00e9n se puede decir que sucede cuando [&hellip;]","og_url":"https:\/\/exceladvisor.org\/es\/error-de-ejecucion-1004\/","og_site_name":"Excel Advisor","article_modified_time":"2023-12-25T10:27:17+00:00","og_image":[{"url":"https:\/\/exceladvisor.org\/wp-content\/uploads\/2023\/08\/1-erreur-dexecution-vba.png","type":"","width":"","height":""}],"twitter_card":"summary_large_image","twitter_misc":{"Tiempo de lectura":"5 minutos"},"schema":{"@context":"https:\/\/schema.org","@graph":[{"@type":"WebPage","@id":"https:\/\/exceladvisor.org\/es\/error-de-ejecucion-1004\/","url":"https:\/\/exceladvisor.org\/es\/error-de-ejecucion-1004\/","name":"\u00bfc\u00f3mo solucionar el error 1004 de tiempo de ejecuci\u00f3n de vba?","isPartOf":{"@id":"https:\/\/exceladvisor.org\/es\/#website"},"primaryImageOfPage":{"@id":"https:\/\/exceladvisor.org\/es\/error-de-ejecucion-1004\/#primaryimage"},"image":{"@id":"https:\/\/exceladvisor.org\/es\/error-de-ejecucion-1004\/#primaryimage"},"thumbnailUrl":"https:\/\/exceladvisor.org\/wp-content\/uploads\/2023\/08\/1-erreur-dexecution-vba.png","datePublished":"2023-09-28T15:20:02+00:00","dateModified":"2023-12-25T10:27:17+00:00","breadcrumb":{"@id":"https:\/\/exceladvisor.org\/es\/error-de-ejecucion-1004\/#breadcrumb"},"inLanguage":"es","potentialAction":[{"@type":"ReadAction","target":["https:\/\/exceladvisor.org\/es\/error-de-ejecucion-1004\/"]}]},{"@type":"ImageObject","inLanguage":"es","@id":"https:\/\/exceladvisor.org\/es\/error-de-ejecucion-1004\/#primaryimage","url":"https:\/\/exceladvisor.org\/wp-content\/uploads\/2023\/08\/1-erreur-dexecution-vba.png","contentUrl":"https:\/\/exceladvisor.org\/wp-content\/uploads\/2023\/08\/1-erreur-dexecution-vba.png"},{"@type":"BreadcrumbList","@id":"https:\/\/exceladvisor.org\/es\/error-de-ejecucion-1004\/#breadcrumb","itemListElement":[{"@type":"ListItem","position":1,"name":"Hogar","item":"https:\/\/exceladvisor.org\/es\/"},{"@type":"ListItem","position":2,"name":"\u00bfc\u00f3mo solucionar el error 1004 de tiempo de ejecuci\u00f3n de vba?"}]},{"@type":"WebSite","@id":"https:\/\/exceladvisor.org\/es\/#website","url":"https:\/\/exceladvisor.org\/es\/","name":"Excel Advisor","description":"Su gu\u00eda para la dominaci\u00f3n de datos!","publisher":{"@id":"https:\/\/exceladvisor.org\/es\/#organization"},"potentialAction":[{"@type":"SearchAction","target":{"@type":"EntryPoint","urlTemplate":"https:\/\/exceladvisor.org\/es\/?s={search_term_string}"},"query-input":{"@type":"PropertyValueSpecification","valueRequired":true,"valueName":"search_term_string"}}],"inLanguage":"es"},{"@type":"Organization","@id":"https:\/\/exceladvisor.org\/es\/#organization","name":"Excel Advisor","url":"https:\/\/exceladvisor.org\/es\/","logo":{"@type":"ImageObject","inLanguage":"es","@id":"https:\/\/exceladvisor.org\/es\/#\/schema\/logo\/image\/","url":"https:\/\/exceladvisor.org\/es\/wp-content\/uploads\/2023\/12\/exceladvisor.org_.png","contentUrl":"https:\/\/exceladvisor.org\/es\/wp-content\/uploads\/2023\/12\/exceladvisor.org_.png","width":105,"height":36,"caption":"Excel Advisor"},"image":{"@id":"https:\/\/exceladvisor.org\/es\/#\/schema\/logo\/image\/"}}]}},"yoast_meta":{"yoast_wpseo_title":"","yoast_wpseo_metadesc":"","yoast_wpseo_canonical":""},"_links":{"self":[{"href":"https:\/\/exceladvisor.org\/es\/wp-json\/wp\/v2\/pages\/686","targetHints":{"allow":["GET"]}}],"collection":[{"href":"https:\/\/exceladvisor.org\/es\/wp-json\/wp\/v2\/pages"}],"about":[{"href":"https:\/\/exceladvisor.org\/es\/wp-json\/wp\/v2\/types\/page"}],"author":[{"embeddable":true,"href":"https:\/\/exceladvisor.org\/es\/wp-json\/wp\/v2\/users\/1"}],"replies":[{"embeddable":true,"href":"https:\/\/exceladvisor.org\/es\/wp-json\/wp\/v2\/comments?post=686"}],"version-history":[{"count":1,"href":"https:\/\/exceladvisor.org\/es\/wp-json\/wp\/v2\/pages\/686\/revisions"}],"predecessor-version":[{"id":1191,"href":"https:\/\/exceladvisor.org\/es\/wp-json\/wp\/v2\/pages\/686\/revisions\/1191"}],"wp:attachment":[{"href":"https:\/\/exceladvisor.org\/es\/wp-json\/wp\/v2\/media?parent=686"}],"curies":[{"name":"wp","href":"https:\/\/api.w.org\/{rel}","templated":true}]}}