{"id":687,"date":"2023-09-27T23:11:58","date_gmt":"2023-09-27T23:11:58","guid":{"rendered":"https:\/\/exceladvisor.org\/es\/anadir-comentarios\/"},"modified":"2023-12-25T10:22:54","modified_gmt":"2023-12-25T10:22:54","slug":"anadir-comentarios","status":"publish","type":"page","link":"https:\/\/exceladvisor.org\/es\/anadir-comentarios\/","title":{"rendered":"\u00bfc\u00f3mo agregar comentarios a las celdas?"},"content":{"rendered":"<div class=\"excel-antes-del-contenido\" id=\"excel-3632751348\"><script type=\"text\/javascript\">\r\n\tatOptions = {\r\n\t\t'key' : 'c1158f160081d6540a8409e6925dab94',\r\n\t\t'format' : 'iframe',\r\n\t\t'height' : 250,\r\n\t\t'width' : 300,\r\n\t\t'params' : {}\r\n\t};\r\n<\/script>\r\n<script type=\"text\/javascript\" src=\"\/\/www.highperformanceformat.com\/c1158f160081d6540a8409e6925dab94\/invoke.js\"><\/script><\/div><p>Excel tiene una opci\u00f3n para agregar comentarios a la celda a trav\u00e9s de la cual los usuarios pueden almacenar informaci\u00f3n\/comentarios\/acciones adicionales en esa celda y cualquier usuario que tenga acceso a esta hoja de trabajo puede ver y editar estos comentarios.<\/p>\n<p> Cuando un usuario agrega comentarios a la celda, el indicador de color rojo aparece en la esquina superior derecha de la celda, lo que indica que esta celda tiene comentarios agregados.<\/p>\n<h2 class=\"wp-block-heading\"> Teclas de acceso directo para agregar comentarios en Excel<\/h2>\n<p> <kbd>May\u00fas<\/kbd> + <kbd>Fn<\/kbd> + <kbd>F2<\/kbd> \/ <kbd>May\u00fas<\/kbd> + <kbd>F2<\/kbd> <\/p>\n<div class=\"wp-block-image\">\n<figure class=\"aligncenter size-full is-resized\"><img loading=\"lazy\" decoding=\"async\" class=\"wp-image-70390\" src=\"https:\/\/exceladvisor.org\/wp-content\/uploads\/2023\/08\/1-raccourci-clavier-pour-ajouter-des-commentaires.png\" sizes=\"auto, \" srcset=\"\" alt=\"m\u00e9todo abreviado de teclado para agregar comentarios\" width=\"754\" height=\"296\"><\/figure>\n<\/div>\n<h2 class=\"wp-block-heading\"> Pasos para utilizar el acceso directo a comentarios<\/h2>\n<ul>\n<li> Primero, ve a la celda donde deseas agregar el comentario.<\/li>\n<li> Ahora simplemente presione las teclas <kbd>Shift<\/kbd> + <kbd>Fn<\/kbd> + <kbd>F2<\/kbd> juntas y abrir\u00e1 el cuadro de comentarios. <\/li>\n<\/ul>\n<div class=\"wp-block-image\">\n<figure class=\"aligncenter size-full is-resized\"><img loading=\"lazy\" decoding=\"async\" class=\"wp-image-70391\" src=\"https:\/\/exceladvisor.org\/wp-content\/uploads\/2023\/08\/2-boite-de-commentaires-ouverte.png\" sizes=\"auto, \" srcset=\"\" alt=\"abrir cuadro de comentarios\" width=\"514\" height=\"157\"><\/figure>\n<\/div>\n<h2 class=\"wp-block-heading\"> Comidas para llevar<\/h2>\n<ul>\n<li> En MS Office 365, la opci\u00f3n tradicional de comentarios pasa a llamarse notas sin m\u00e1s cambios.<\/li>\n<li> Los usuarios pueden agregar comentarios a una celda a la vez.<\/li>\n<li> Si copia y pega la celda que contiene comentarios, Excel copia y pega el valor de la celda, incluidos los comentarios.<\/li>\n<li> Si solo desea pegar los comentarios, use la opci\u00f3n \u00abpegado especial\u00bb y seleccione \u00abComentarios\u00bb o \u00abComentarios y notas\u00bb (en MS Office 365) para pegar solo los comentarios.<\/li>\n<li> En caso de que tenga varios comentarios en las celdas y desee verlos todos a la vez, vaya a la pesta\u00f1a \u00abRevisar\u00bb y seleccione el icono \u00abMostrar todos los comentarios\u00bb. <\/li>\n<\/ul>\n<div class=\"wp-block-image\">\n<figure class=\"aligncenter size-full is-resized\"><img loading=\"lazy\" decoding=\"async\" class=\"wp-image-70392\" src=\"https:\/\/exceladvisor.org\/wp-content\/uploads\/2023\/08\/3-icone-afficher-tous-les-commentaires.png\" sizes=\"auto, \" srcset=\"\" alt=\"mostrar todos los iconos de comentarios\" width=\"818\" height=\"140\"><\/figure>\n<\/div>\n<div class=\"gb-container gb-container-2116538e gb-container-mt\">\n<h2 class=\"gb-headline gb-headline-7ed68554 gb-headline-text gb-headline-mt-heading\"> M\u00e1s atajos <\/h2>\n<div class=\"gb-grid-wrapper gb-grid-wrapper-edeef538 gb-grid-wrapper-mt-grid\">\n<div class=\"gb-grid-column gb-grid-column-6ab6fbc6\">\n<div class=\"gb-container gb-container-6ab6fbc6\">\n<ul>\n<li> <a href=\"https:\/\/exceladvisor.org\/es\/opciones-de-celda-de-formato-abierto\/\">Opci\u00f3n para abrir celdas de formato.<\/a><\/li>\n<li> <a href=\"https:\/\/exceladvisor.org\/es\/ajuste-automatico\/\">Ajuste autom\u00e1tico<\/a><\/li>\n<li> <a href=\"https:\/\/exceladvisor.org\/es\/formato-pintor-1\/\">Formato pintor<\/a> <\/li>\n<\/ul>\n<\/div>\n<\/div>\n<div class=\"gb-grid-column gb-grid-column-766d598b\">\n<div class=\"gb-container gb-container-766d598b\">\n<ul>\n<li> <a href=\"https:\/\/exceladvisor.org\/es\/agregar-una-sangria\/\">Agregar una sangr\u00eda<\/a><\/li>\n<li> <a href=\"https:\/\/exceladvisor.org\/es\/aplicar-fronteras\/\">Aplicar borde<\/a><\/li>\n<li> <a href=\"https:\/\/exceladvisor.org\/es\/color-de-relleno\/\">Color de relleno<\/a><\/li>\n<\/ul>\n<\/div>\n<\/div>\n<\/div>\n<\/div>\n","protected":false},"excerpt":{"rendered":"<p>Excel tiene una opci\u00f3n para agregar comentarios a la celda a trav\u00e9s de la cual los usuarios pueden almacenar informaci\u00f3n\/comentarios\/acciones adicionales en esa celda y cualquier usuario que tenga acceso a esta hoja de trabajo puede ver y editar estos comentarios. Cuando un usuario agrega comentarios a la celda, el indicador de color rojo aparece [&hellip;]<\/p>\n","protected":false},"author":1,"featured_media":0,"parent":0,"menu_order":0,"comment_status":"open","ping_status":"closed","template":"","meta":{"ub_ctt_via":"","footnotes":""},"class_list":["post-687","page","type-page","status-publish","hentry"],"featured_image_src":null,"yoast_head":"<!-- This site is optimized with the Yoast SEO plugin v25.4 - https:\/\/yoast.com\/wordpress\/plugins\/seo\/ -->\n<title>\u00bfc\u00f3mo agregar comentarios a las celdas?<\/title>\n<meta name=\"robots\" content=\"index, follow, max-snippet:-1, max-image-preview:large, max-video-preview:-1\" \/>\n<link rel=\"canonical\" href=\"https:\/\/exceladvisor.org\/es\/anadir-comentarios\/\" \/>\n<meta property=\"og:locale\" content=\"es_ES\" \/>\n<meta property=\"og:type\" content=\"article\" \/>\n<meta property=\"og:title\" content=\"\u00bfc\u00f3mo agregar comentarios a las celdas?\" \/>\n<meta property=\"og:description\" content=\"Excel tiene una opci\u00f3n para agregar comentarios a la celda a trav\u00e9s de la cual los usuarios pueden almacenar informaci\u00f3n\/comentarios\/acciones adicionales en esa celda y cualquier usuario que tenga acceso a esta hoja de trabajo puede ver y editar estos comentarios. Cuando un usuario agrega comentarios a la celda, el indicador de color rojo aparece [&hellip;]\" \/>\n<meta property=\"og:url\" content=\"https:\/\/exceladvisor.org\/es\/anadir-comentarios\/\" \/>\n<meta property=\"og:site_name\" content=\"Excel Advisor\" \/>\n<meta property=\"article:modified_time\" content=\"2023-12-25T10:22:54+00:00\" \/>\n<meta property=\"og:image\" content=\"https:\/\/exceladvisor.org\/wp-content\/uploads\/2023\/08\/1-raccourci-clavier-pour-ajouter-des-commentaires.png\" \/>\n<meta name=\"twitter:card\" content=\"summary_large_image\" \/>\n<meta name=\"twitter:label1\" content=\"Tiempo de lectura\" \/>\n\t<meta name=\"twitter:data1\" content=\"1 minuto\" \/>\n<script type=\"application\/ld+json\" class=\"yoast-schema-graph\">{\"@context\":\"https:\/\/schema.org\",\"@graph\":[{\"@type\":\"WebPage\",\"@id\":\"https:\/\/exceladvisor.org\/es\/anadir-comentarios\/\",\"url\":\"https:\/\/exceladvisor.org\/es\/anadir-comentarios\/\",\"name\":\"\u00bfc\u00f3mo agregar comentarios a las celdas?\",\"isPartOf\":{\"@id\":\"https:\/\/exceladvisor.org\/es\/#website\"},\"primaryImageOfPage\":{\"@id\":\"https:\/\/exceladvisor.org\/es\/anadir-comentarios\/#primaryimage\"},\"image\":{\"@id\":\"https:\/\/exceladvisor.org\/es\/anadir-comentarios\/#primaryimage\"},\"thumbnailUrl\":\"https:\/\/exceladvisor.org\/wp-content\/uploads\/2023\/08\/1-raccourci-clavier-pour-ajouter-des-commentaires.png\",\"datePublished\":\"2023-09-27T23:11:58+00:00\",\"dateModified\":\"2023-12-25T10:22:54+00:00\",\"breadcrumb\":{\"@id\":\"https:\/\/exceladvisor.org\/es\/anadir-comentarios\/#breadcrumb\"},\"inLanguage\":\"es\",\"potentialAction\":[{\"@type\":\"ReadAction\",\"target\":[\"https:\/\/exceladvisor.org\/es\/anadir-comentarios\/\"]}]},{\"@type\":\"ImageObject\",\"inLanguage\":\"es\",\"@id\":\"https:\/\/exceladvisor.org\/es\/anadir-comentarios\/#primaryimage\",\"url\":\"https:\/\/exceladvisor.org\/wp-content\/uploads\/2023\/08\/1-raccourci-clavier-pour-ajouter-des-commentaires.png\",\"contentUrl\":\"https:\/\/exceladvisor.org\/wp-content\/uploads\/2023\/08\/1-raccourci-clavier-pour-ajouter-des-commentaires.png\"},{\"@type\":\"BreadcrumbList\",\"@id\":\"https:\/\/exceladvisor.org\/es\/anadir-comentarios\/#breadcrumb\",\"itemListElement\":[{\"@type\":\"ListItem\",\"position\":1,\"name\":\"Hogar\",\"item\":\"https:\/\/exceladvisor.org\/es\/\"},{\"@type\":\"ListItem\",\"position\":2,\"name\":\"\u00bfc\u00f3mo agregar comentarios a las celdas?\"}]},{\"@type\":\"WebSite\",\"@id\":\"https:\/\/exceladvisor.org\/es\/#website\",\"url\":\"https:\/\/exceladvisor.org\/es\/\",\"name\":\"Excel Advisor\",\"description\":\"Su gu\u00eda para la dominaci\u00f3n de datos!\",\"publisher\":{\"@id\":\"https:\/\/exceladvisor.org\/es\/#organization\"},\"potentialAction\":[{\"@type\":\"SearchAction\",\"target\":{\"@type\":\"EntryPoint\",\"urlTemplate\":\"https:\/\/exceladvisor.org\/es\/?s={search_term_string}\"},\"query-input\":{\"@type\":\"PropertyValueSpecification\",\"valueRequired\":true,\"valueName\":\"search_term_string\"}}],\"inLanguage\":\"es\"},{\"@type\":\"Organization\",\"@id\":\"https:\/\/exceladvisor.org\/es\/#organization\",\"name\":\"Excel Advisor\",\"url\":\"https:\/\/exceladvisor.org\/es\/\",\"logo\":{\"@type\":\"ImageObject\",\"inLanguage\":\"es\",\"@id\":\"https:\/\/exceladvisor.org\/es\/#\/schema\/logo\/image\/\",\"url\":\"https:\/\/exceladvisor.org\/es\/wp-content\/uploads\/2023\/12\/exceladvisor.org_.png\",\"contentUrl\":\"https:\/\/exceladvisor.org\/es\/wp-content\/uploads\/2023\/12\/exceladvisor.org_.png\",\"width\":105,\"height\":36,\"caption\":\"Excel Advisor\"},\"image\":{\"@id\":\"https:\/\/exceladvisor.org\/es\/#\/schema\/logo\/image\/\"}}]}<\/script>\n<!-- \/ Yoast SEO plugin. -->","yoast_head_json":{"title":"\u00bfc\u00f3mo agregar comentarios a las celdas?","robots":{"index":"index","follow":"follow","max-snippet":"max-snippet:-1","max-image-preview":"max-image-preview:large","max-video-preview":"max-video-preview:-1"},"canonical":"https:\/\/exceladvisor.org\/es\/anadir-comentarios\/","og_locale":"es_ES","og_type":"article","og_title":"\u00bfc\u00f3mo agregar comentarios a las celdas?","og_description":"Excel tiene una opci\u00f3n para agregar comentarios a la celda a trav\u00e9s de la cual los usuarios pueden almacenar informaci\u00f3n\/comentarios\/acciones adicionales en esa celda y cualquier usuario que tenga acceso a esta hoja de trabajo puede ver y editar estos comentarios. Cuando un usuario agrega comentarios a la celda, el indicador de color rojo aparece [&hellip;]","og_url":"https:\/\/exceladvisor.org\/es\/anadir-comentarios\/","og_site_name":"Excel Advisor","article_modified_time":"2023-12-25T10:22:54+00:00","og_image":[{"url":"https:\/\/exceladvisor.org\/wp-content\/uploads\/2023\/08\/1-raccourci-clavier-pour-ajouter-des-commentaires.png","type":"","width":"","height":""}],"twitter_card":"summary_large_image","twitter_misc":{"Tiempo de lectura":"1 minuto"},"schema":{"@context":"https:\/\/schema.org","@graph":[{"@type":"WebPage","@id":"https:\/\/exceladvisor.org\/es\/anadir-comentarios\/","url":"https:\/\/exceladvisor.org\/es\/anadir-comentarios\/","name":"\u00bfc\u00f3mo agregar comentarios a las celdas?","isPartOf":{"@id":"https:\/\/exceladvisor.org\/es\/#website"},"primaryImageOfPage":{"@id":"https:\/\/exceladvisor.org\/es\/anadir-comentarios\/#primaryimage"},"image":{"@id":"https:\/\/exceladvisor.org\/es\/anadir-comentarios\/#primaryimage"},"thumbnailUrl":"https:\/\/exceladvisor.org\/wp-content\/uploads\/2023\/08\/1-raccourci-clavier-pour-ajouter-des-commentaires.png","datePublished":"2023-09-27T23:11:58+00:00","dateModified":"2023-12-25T10:22:54+00:00","breadcrumb":{"@id":"https:\/\/exceladvisor.org\/es\/anadir-comentarios\/#breadcrumb"},"inLanguage":"es","potentialAction":[{"@type":"ReadAction","target":["https:\/\/exceladvisor.org\/es\/anadir-comentarios\/"]}]},{"@type":"ImageObject","inLanguage":"es","@id":"https:\/\/exceladvisor.org\/es\/anadir-comentarios\/#primaryimage","url":"https:\/\/exceladvisor.org\/wp-content\/uploads\/2023\/08\/1-raccourci-clavier-pour-ajouter-des-commentaires.png","contentUrl":"https:\/\/exceladvisor.org\/wp-content\/uploads\/2023\/08\/1-raccourci-clavier-pour-ajouter-des-commentaires.png"},{"@type":"BreadcrumbList","@id":"https:\/\/exceladvisor.org\/es\/anadir-comentarios\/#breadcrumb","itemListElement":[{"@type":"ListItem","position":1,"name":"Hogar","item":"https:\/\/exceladvisor.org\/es\/"},{"@type":"ListItem","position":2,"name":"\u00bfc\u00f3mo agregar comentarios a las celdas?"}]},{"@type":"WebSite","@id":"https:\/\/exceladvisor.org\/es\/#website","url":"https:\/\/exceladvisor.org\/es\/","name":"Excel Advisor","description":"Su gu\u00eda para la dominaci\u00f3n de datos!","publisher":{"@id":"https:\/\/exceladvisor.org\/es\/#organization"},"potentialAction":[{"@type":"SearchAction","target":{"@type":"EntryPoint","urlTemplate":"https:\/\/exceladvisor.org\/es\/?s={search_term_string}"},"query-input":{"@type":"PropertyValueSpecification","valueRequired":true,"valueName":"search_term_string"}}],"inLanguage":"es"},{"@type":"Organization","@id":"https:\/\/exceladvisor.org\/es\/#organization","name":"Excel Advisor","url":"https:\/\/exceladvisor.org\/es\/","logo":{"@type":"ImageObject","inLanguage":"es","@id":"https:\/\/exceladvisor.org\/es\/#\/schema\/logo\/image\/","url":"https:\/\/exceladvisor.org\/es\/wp-content\/uploads\/2023\/12\/exceladvisor.org_.png","contentUrl":"https:\/\/exceladvisor.org\/es\/wp-content\/uploads\/2023\/12\/exceladvisor.org_.png","width":105,"height":36,"caption":"Excel Advisor"},"image":{"@id":"https:\/\/exceladvisor.org\/es\/#\/schema\/logo\/image\/"}}]}},"yoast_meta":{"yoast_wpseo_title":"","yoast_wpseo_metadesc":"","yoast_wpseo_canonical":""},"_links":{"self":[{"href":"https:\/\/exceladvisor.org\/es\/wp-json\/wp\/v2\/pages\/687","targetHints":{"allow":["GET"]}}],"collection":[{"href":"https:\/\/exceladvisor.org\/es\/wp-json\/wp\/v2\/pages"}],"about":[{"href":"https:\/\/exceladvisor.org\/es\/wp-json\/wp\/v2\/types\/page"}],"author":[{"embeddable":true,"href":"https:\/\/exceladvisor.org\/es\/wp-json\/wp\/v2\/users\/1"}],"replies":[{"embeddable":true,"href":"https:\/\/exceladvisor.org\/es\/wp-json\/wp\/v2\/comments?post=687"}],"version-history":[{"count":1,"href":"https:\/\/exceladvisor.org\/es\/wp-json\/wp\/v2\/pages\/687\/revisions"}],"predecessor-version":[{"id":800,"href":"https:\/\/exceladvisor.org\/es\/wp-json\/wp\/v2\/pages\/687\/revisions\/800"}],"wp:attachment":[{"href":"https:\/\/exceladvisor.org\/es\/wp-json\/wp\/v2\/media?parent=687"}],"curies":[{"name":"wp","href":"https:\/\/api.w.org\/{rel}","templated":true}]}}