{"id":693,"date":"2023-09-26T17:03:33","date_gmt":"2023-09-26T17:03:33","guid":{"rendered":"https:\/\/exceladvisor.org\/es\/modo-oscuro\/"},"modified":"2023-12-25T10:25:31","modified_gmt":"2023-12-25T10:25:31","slug":"modo-oscuro","status":"publish","type":"page","link":"https:\/\/exceladvisor.org\/es\/modo-oscuro\/","title":{"rendered":"\u00bfc\u00f3mo habilitar el modo oscuro en excel?"},"content":{"rendered":"<div class=\"excel-antes-del-contenido\" id=\"excel-3227195656\"><script type=\"text\/javascript\">\r\n\tatOptions = {\r\n\t\t'key' : 'c1158f160081d6540a8409e6925dab94',\r\n\t\t'format' : 'iframe',\r\n\t\t'height' : 250,\r\n\t\t'width' : 300,\r\n\t\t'params' : {}\r\n\t};\r\n<\/script>\r\n<script type=\"text\/javascript\" src=\"\/\/www.highperformanceformat.com\/c1158f160081d6540a8409e6925dab94\/invoke.js\"><\/script><\/div><p>Hoy en d\u00eda, todas las aplicaciones te permiten cambiar su apariencia en modo oscuro. Por ejemplo, de la misma forma, Excel (Office) te permite cambiar al modo oscuro. En este tutorial, aprenderemos c\u00f3mo activarlo y entenderemos por qu\u00e9 se puede mejorar esta funcionalidad.<\/p>\n<h2 class=\"wp-block-heading\"> Pasos para habilitar el modo oscuro<\/h2>\n<ol>\n<li> Primero, haga clic en la pesta\u00f1a Archivo. <br \/><img loading=\"lazy\" decoding=\"async\" title=\"Archivo con 1 clic en la pesta\u00f1a\" src=\"https:\/\/exceladvisor.org\/wp-content\/uploads\/2023\/08\/1-clic-sur-longlet-fichier.png\" sizes=\"auto, \" srcset=\"\" alt=\"click-on-file-tab\" width=\"492\" height=\"258\"><\/li>\n<li> Y abra <a href=\"https:\/\/exceladvisor.org\/es\/opciones\/\">Opciones de Excel<\/a> . <br \/><img loading=\"lazy\" decoding=\"async\" title=\"2 opciones abiertas de Excel\" src=\"https:\/\/exceladvisor.org\/wp-content\/uploads\/2023\/08\/2-options-Excel-ouvertes.png\" sizes=\"auto, \" srcset=\"\" alt=\"open-excel-options\" width=\"352\" height=\"236\"><\/li>\n<li> Ahora en la pesta\u00f1a \u00abGeneral\u00bb, vaya a \u00abPersonalice su copia de Microsoft Office\u00bb. <br \/><img loading=\"lazy\" decoding=\"async\" class=\"alignnone wp-image-12736 \" src=\"https:\/\/exceladvisor.org\/wp-content\/uploads\/2023\/11\/3-personnalisez-votre-exemplair.png\" alt=\"personaliza tu copia\" width=\"467\" height=\"204\" srcset=\"https:\/\/exceladvisor.org\/wp-content\/uploads\/2023\/11\/3-personnalisez-votre-exemplair.png 791w, https:\/\/exceladvisor.org\/wp-content\/uploads\/2023\/11\/3-personnalisez-votre-exemplair-300x131.png 300w, https:\/\/exceladvisor.org\/wp-content\/uploads\/2023\/11\/3-personnalisez-votre-exemplair-768x335.png 768w\" sizes=\"auto, (max-width: 467px) 100vw, 467px\"><\/li>\n<li> En el men\u00fa desplegable \u00abTema de Office\u00bb, seleccione \u00abEn blanco\u00bb. <br \/><img loading=\"lazy\" decoding=\"async\" class=\"alignnone wp-image-12737 \" src=\"https:\/\/exceladvisor.org\/wp-content\/uploads\/2023\/11\/4-choisissez-le-noir-du-theme-bureau.png\" alt=\"elegir-negro-de-tema-de-oficina\" width=\"459\" height=\"275\" srcset=\"https:\/\/exceladvisor.org\/wp-content\/uploads\/2023\/11\/4-choisissez-le-noir-du-theme-bureau.png 587w, https:\/\/exceladvisor.org\/wp-content\/uploads\/2023\/11\/4-choisissez-le-noir-du-theme-bureau-300x180.png 300w\" sizes=\"auto, (max-width: 459px) 100vw, 459px\"><\/li>\n<li> Al final, haga clic en \u00abAceptar\u00bb.<\/li>\n<\/ol>\n<p> Cuando hace clic en Aceptar, aplica el modo oscuro a Excel y deja la hoja de trabajo como est\u00e1. Pero el resto de ventanas quedar\u00e1n completamente vac\u00edas. <\/p>\n<div class=\"wp-block-image\">\n<figure class=\"aligncenter size-full is-resized\"><img loading=\"lazy\" decoding=\"async\" class=\"wp-image-88779\" src=\"https:\/\/exceladvisor.org\/wp-content\/uploads\/2023\/08\/6-mode-sombre-applique-a-excel.png\" sizes=\"auto, \" srcset=\"\" alt=\"modo-oscuro-aplicado-a-excel\" width=\"604\" height=\"350\"><\/figure>\n<\/div>\n<p> Hay una cosa que necesita saber: cuando cambia la apariencia de Excel, tambi\u00e9n cambia otras aplicaciones de Office, como Word y PowerPoint. <\/p>\n<div class=\"wp-block-image\">\n<figure class=\"aligncenter size-full is-resized\"><img loading=\"lazy\" decoding=\"async\" class=\"wp-image-88780\" src=\"https:\/\/exceladvisor.org\/wp-content\/uploads\/2023\/08\/7-autres-applications-bureautiques-sont-egalement-passees-en-mode-sombre.png\" sizes=\"auto, \" srcset=\"\" alt=\"otras-aplicaciones-de-escritorio-tambi\u00e9n-pasaron-al-modo-oscuro\" width=\"592\" height=\"333\"><\/figure>\n<\/div>\n<p> Pero como puedes ver en Word cambia todo Windows al modo oscuro, pero en Excel todav\u00eda tienes celdas blancas y texto en blanco. Y si usa Excel en Mac, debe ir a Excel \u21e2 Preferencias\u2026 \u21e2 General y desmarcar \u201cDesactivar el modo oscuro\u201d. <\/p>\n<div class=\"wp-block-image\">\n<figure class=\"aligncenter size-full is-resized\"><img loading=\"lazy\" decoding=\"async\" class=\"alignnone wp-image-12733 size-large\" src=\"https:\/\/exceladvisor.org\/wp-content\/uploads\/2023\/11\/decochez-desactivez-le-mode-1024x696.png\" alt=\"desmarcar-desactivar-modo\" width=\"678\" height=\"461\" srcset=\"https:\/\/exceladvisor.org\/wp-content\/uploads\/2023\/11\/decochez-desactivez-le-mode-1024x696.png 1024w, https:\/\/exceladvisor.org\/wp-content\/uploads\/2023\/11\/decochez-desactivez-le-mode-300x204.png 300w, https:\/\/exceladvisor.org\/wp-content\/uploads\/2023\/11\/decochez-desactivez-le-mode-768x522.png 768w, https:\/\/exceladvisor.org\/wp-content\/uploads\/2023\/11\/decochez-desactivez-le-mode-1536x1044.png 1536w, https:\/\/exceladvisor.org\/wp-content\/uploads\/2023\/11\/decochez-desactivez-le-mode.png 1692w\" sizes=\"auto, (max-width: 678px) 100vw, 678px\"><\/figure>\n<\/div>\n<h2 class=\"wp-block-heading\"> Cambie las celdas al modo oscuro y la fuente a blanco<\/h2>\n<p> Existe un truco simple que tambi\u00e9n te permite convertir tus celdas en modo oscuro.<\/p>\n<ol type=\"1\">\n<li> Agrega un <a href=\"https:\/\/exceladvisor.org\/wp-content\/uploads\/2023\/08\/photo-17.png\" target=\"_blank\" rel=\"noreferrer noopener nofollow\">fondo negro<\/a> con una imagen.<\/li>\n<li> Cambie el color de fuente a blanco en el tema.<\/li>\n<\/ol>\n<p> Sigue estos pasos:<\/p>\n<ol>\n<li> Primero, abra PowerPoint en su sistema y agregue una sola diapositiva. <br \/><img loading=\"lazy\" decoding=\"async\" title=\"9-toma-de-poder-abierto\" src=\"https:\/\/exceladvisor.org\/wp-content\/uploads\/2023\/08\/9-prise-de-courant-ouverte.png\" sizes=\"auto, \" srcset=\"\" alt=\"open-power-point\" width=\"592\" height=\"344\"><\/li>\n<li> Despu\u00e9s de eso, haga clic en la pesta\u00f1a Dise\u00f1o y vaya a \u00abFormato de fondo\u00bb. <br \/><img loading=\"lazy\" decoding=\"async\" class=\"alignnone wp-image-12734 \" src=\"https:\/\/exceladvisor.org\/wp-content\/uploads\/2023\/11\/format-fond.png\" alt=\"formato de fondo\" width=\"534\" height=\"257\" srcset=\"https:\/\/exceladvisor.org\/wp-content\/uploads\/2023\/11\/format-fond.png 636w, https:\/\/exceladvisor.org\/wp-content\/uploads\/2023\/11\/format-fond-300x144.png 300w\" sizes=\"auto, (max-width: 534px) 100vw, 534px\"><\/li>\n<li> Ahora cambia el color a negro o cualquier otro color oscuro de tu elecci\u00f3n. Utilic\u00e9 el c\u00f3digo de color (HEX: #3a3a3a) para obtener un color oscuro personalizado. <br \/><img loading=\"lazy\" decoding=\"async\" title=\"11-cambia-de-color-a-negro\" src=\"https:\/\/exceladvisor.org\/wp-content\/uploads\/2023\/08\/11-changer-la-couleur-en-noir.png\" sizes=\"auto, \" srcset=\"\" alt=\"change-the-color-to-black\" width=\"262\" height=\"305\"><\/li>\n<li> Luego, vaya a la pesta\u00f1a Archivo, haga clic en \u00abGuardar como\u00bb y guarde la presentaci\u00f3n en formato de archivo PNG (Imagen). O puedes <a href=\"https:\/\/exceladvisor.org\/wp-content\/uploads\/2023\/08\/photo-17.png\">descargarlo aqu\u00ed<\/a> . <br \/><img loading=\"lazy\" decoding=\"async\" class=\"alignnone wp-image-12735 \" src=\"https:\/\/exceladvisor.org\/wp-content\/uploads\/2023\/11\/12-enregistrer-de-fichier-png.png\" alt=\"guardar desde archivo png\" width=\"598\" height=\"228\" srcset=\"https:\/\/exceladvisor.org\/wp-content\/uploads\/2023\/11\/12-enregistrer-de-fichier-png.png 946w, https:\/\/exceladvisor.org\/wp-content\/uploads\/2023\/11\/12-enregistrer-de-fichier-png-300x114.png 300w, https:\/\/exceladvisor.org\/wp-content\/uploads\/2023\/11\/12-enregistrer-de-fichier-png-768x293.png 768w\" sizes=\"auto, (max-width: 598px) 100vw, 598px\"><\/li>\n<li> Ahora regrese a Excel y navegue hasta la pesta\u00f1a \u00abDise\u00f1o de p\u00e1gina\u00bb. Desde all\u00ed, haga clic en el bot\u00f3n \u00abFondo\u00bb. <br \/><img loading=\"lazy\" decoding=\"async\" title=\"13 pesta\u00f1as de dise\u00f1o abiertas en Excel\" src=\"https:\/\/exceladvisor.org\/wp-content\/uploads\/2023\/08\/13-onglet-de-mise-en-page-ouvert-dans-Excel.png\" sizes=\"auto, \" srcset=\"\" alt=\"open-page-layout-tab-in-excel\" width=\"557\" height=\"225\"><\/li>\n<li> A continuaci\u00f3n, localice la imagen de fondo que acabamos de guardar y apl\u00edquela. <br \/><img loading=\"lazy\" decoding=\"async\" title=\"14-localizar-la-imagen-de-fondo-grabada\" src=\"https:\/\/exceladvisor.org\/wp-content\/uploads\/2023\/08\/14-localiser-limage-darriere-plan-enregistree.png\" sizes=\"auto, \" srcset=\"\" alt=\"locate-the-saved-background-image\" width=\"621\" height=\"278\"><\/li>\n<\/ol>\n<p> Convertir\u00e1 Excel al modo completamente oscuro. <\/p>\n<div class=\"wp-block-image\">\n<figure class=\"aligncenter size-full is-resized\"><img loading=\"lazy\" decoding=\"async\" class=\"wp-image-88788\" src=\"https:\/\/exceladvisor.org\/wp-content\/uploads\/2023\/08\/15-excel-convertis-en-mode-noir-complet.png\" sizes=\"auto, \" srcset=\"\" alt=\"excel convertido al modo completamente oscuro\" width=\"650\" height=\"407\"><\/figure>\n<\/div>\n<p> Pero hay una cosa m\u00e1s que debes cambiar: el color de la fuente. Entonces, vaya a Dise\u00f1o \u21e2 Temas \u21e2 Colores \u21e2 Personalizar colores. <\/p>\n<div class=\"wp-block-image\">\n<figure class=\"aligncenter size-full is-resized\"><img loading=\"lazy\" decoding=\"async\" class=\"wp-image-88789\" src=\"https:\/\/exceladvisor.org\/wp-content\/uploads\/2023\/08\/16-en-mise-en-page-personnaliser-les-couleurs.png\" sizes=\"auto, \" srcset=\"\" alt=\"dise\u00f1o-en-p\u00e1gina-personalizar-colores\" width=\"492\" height=\"302\"><\/figure>\n<\/div>\n<p> En Color personalizado, cambie el color de fuente a blanco o cualquier color claro que desee. Y ll\u00e1malo \u00abTema oscuro\u00bb. <\/p>\n<div class=\"wp-block-image\">\n<figure class=\"aligncenter size-full is-resized\"><img loading=\"lazy\" decoding=\"async\" class=\"wp-image-88790\" src=\"https:\/\/exceladvisor.org\/wp-content\/uploads\/2023\/08\/17-changer-la-couleur-de-la-police-en-blanc.png\" sizes=\"auto, \" srcset=\"\" alt=\"cambiar el color de fuente a blanco\" width=\"478\" height=\"514\"><\/figure>\n<\/div>\n<p> Ahora tienes un tema completamente oscuro con celdas vac\u00edas y fuente blanca. <\/p>\n<div class=\"wp-block-image\">\n<figure class=\"aligncenter size-full is-resized\"><img loading=\"lazy\" decoding=\"async\" class=\"wp-image-88791\" src=\"https:\/\/exceladvisor.org\/wp-content\/uploads\/2023\/08\/18-themes-sombres-avec-des-cellules-noires-et-une-police-blanche.png\" sizes=\"auto, \" srcset=\"\" alt=\"tema-oscuro-con-celdas-negras-y-fuente-blanca\" width=\"532\" height=\"370\"><\/figure>\n<\/div>\n<p> Tambi\u00e9n puede guardar todo el tema actual. Dise\u00f1o \u21e2 Temas \u21e2 Temas \u21e2 Guarde el tema actual&#8230; y as\u00edgnele el nombre Tema oscuro. <\/p>\n<div class=\"wp-block-image\">\n<figure class=\"aligncenter size-full is-resized\"><img loading=\"lazy\" decoding=\"async\" class=\"wp-image-88792\" src=\"https:\/\/exceladvisor.org\/wp-content\/uploads\/2023\/08\/19-enregistrer-le-theme-actuel.png\" sizes=\"auto, \" srcset=\"\" alt=\"guardar tema actual\" width=\"469\" height=\"367\"><\/figure>\n<\/div>\n<h3 class=\"wp-block-heading\"> Puntos importantes<\/h3>\n<ol>\n<li> Agregar un fondo en blanco con una imagen solo funciona en la hoja de trabajo actual.<\/li>\n<li> Cambiar el color de fuente con el tema solo funciona para el libro activo.<\/li>\n<\/ol>\n<p> Aunque estos pasos no son dif\u00edciles de seguir, todav\u00eda estoy buscando una opci\u00f3n de Microsoft para crear un bot\u00f3n de alternancia para cambiar a los modos Oscuro y Lite con un solo clic.<\/p>\n<p> Puede ir a este enlace y enviar comentarios para informar a Microsoft que esta caracter\u00edstica es necesaria. Y abro un comentario en este post para que puedas hacer tu pregunta si tienes alg\u00fan problema.<\/p>\n<div class=\"gb-container gb-container-29c351cb gb-container-mt\"> <a class=\"gb-button gb-button-3f93e23e gb-button-text gb-button-mt-button\" href=\"https:\/\/exceladvisor.org\/es\/conceptos-basicos-de-excel\/\">Conceptos b\u00e1sicos de Microsoft Excel (componentes, piezas y notas de conocimiento)<\/a><\/p>\n<h2 class=\"gb-headline gb-headline-039c6b39 gb-headline-text gb-headline-mt-heading\"> M\u00e1s tutoriales <\/h2>\n<div class=\"gb-grid-wrapper gb-grid-wrapper-a21eef70 gb-grid-wrapper-mt-grid\">\n<div class=\"gb-grid-column gb-grid-column-8876d83d\">\n<div class=\"gb-container gb-container-8876d83d\">\n<ul>\n<li> <a href=\"https:\/\/exceladvisor.org\/es\/justificar-completamente\/\">Llenar justificar en Excel<\/a><\/li>\n<li> <a href=\"https:\/\/exceladvisor.org\/es\/formato-pintor\/\">Copiar formato en Excel<\/a><\/li>\n<li> <a href=\"https:\/\/exceladvisor.org\/es\/barra-de-acceso-rapido\/\">Barra de herramientas de acceso r\u00e1pido en Excel<\/a> <\/li>\n<\/ul>\n<\/div>\n<\/div>\n<div class=\"gb-grid-column gb-grid-column-ee06a2c7\">\n<div class=\"gb-container gb-container-ee06a2c7\">\n<ul>\n<li> <a href=\"https:\/\/exceladvisor.org\/es\/cinta\/\">Cinta en Excel<\/a><\/li>\n<li> <a href=\"https:\/\/exceladvisor.org\/es\/alineacion\/\">Alineaci\u00f3n en Excel<\/a><\/li>\n<li> <a href=\"https:\/\/exceladvisor.org\/es\/guardar-el-archivo\/\">Guardar un archivo en Excel<\/a><\/li>\n<\/ul>\n<\/div>\n<\/div>\n<\/div>\n<\/div>\n","protected":false},"excerpt":{"rendered":"<p>Hoy en d\u00eda, todas las aplicaciones te permiten cambiar su apariencia en modo oscuro. Por ejemplo, de la misma forma, Excel (Office) te permite cambiar al modo oscuro. En este tutorial, aprenderemos c\u00f3mo activarlo y entenderemos por qu\u00e9 se puede mejorar esta funcionalidad. Pasos para habilitar el modo oscuro Primero, haga clic en la pesta\u00f1a [&hellip;]<\/p>\n","protected":false},"author":1,"featured_media":0,"parent":0,"menu_order":0,"comment_status":"open","ping_status":"closed","template":"","meta":{"ub_ctt_via":"","footnotes":""},"class_list":["post-693","page","type-page","status-publish","hentry"],"featured_image_src":null,"yoast_head":"<!-- This site is optimized with the Yoast SEO plugin v25.4 - https:\/\/yoast.com\/wordpress\/plugins\/seo\/ -->\n<title>\u00bfc\u00f3mo habilitar el modo oscuro en excel?<\/title>\n<meta name=\"robots\" content=\"index, follow, max-snippet:-1, max-image-preview:large, max-video-preview:-1\" \/>\n<link rel=\"canonical\" href=\"https:\/\/exceladvisor.org\/es\/modo-oscuro\/\" \/>\n<meta property=\"og:locale\" content=\"es_ES\" \/>\n<meta property=\"og:type\" content=\"article\" \/>\n<meta property=\"og:title\" content=\"\u00bfc\u00f3mo habilitar el modo oscuro en excel?\" \/>\n<meta property=\"og:description\" content=\"Hoy en d\u00eda, todas las aplicaciones te permiten cambiar su apariencia en modo oscuro. Por ejemplo, de la misma forma, Excel (Office) te permite cambiar al modo oscuro. En este tutorial, aprenderemos c\u00f3mo activarlo y entenderemos por qu\u00e9 se puede mejorar esta funcionalidad. Pasos para habilitar el modo oscuro Primero, haga clic en la pesta\u00f1a [&hellip;]\" \/>\n<meta property=\"og:url\" content=\"https:\/\/exceladvisor.org\/es\/modo-oscuro\/\" \/>\n<meta property=\"og:site_name\" content=\"Excel Advisor\" \/>\n<meta property=\"article:modified_time\" content=\"2023-12-25T10:25:31+00:00\" \/>\n<meta property=\"og:image\" content=\"https:\/\/exceladvisor.org\/wp-content\/uploads\/2023\/08\/1-clic-sur-longlet-fichier.png\" \/>\n<meta name=\"twitter:card\" content=\"summary_large_image\" \/>\n<meta name=\"twitter:label1\" content=\"Tiempo de lectura\" \/>\n\t<meta name=\"twitter:data1\" content=\"3 minutos\" \/>\n<script type=\"application\/ld+json\" class=\"yoast-schema-graph\">{\"@context\":\"https:\/\/schema.org\",\"@graph\":[{\"@type\":\"WebPage\",\"@id\":\"https:\/\/exceladvisor.org\/es\/modo-oscuro\/\",\"url\":\"https:\/\/exceladvisor.org\/es\/modo-oscuro\/\",\"name\":\"\u00bfc\u00f3mo habilitar el modo oscuro en excel?\",\"isPartOf\":{\"@id\":\"https:\/\/exceladvisor.org\/es\/#website\"},\"primaryImageOfPage\":{\"@id\":\"https:\/\/exceladvisor.org\/es\/modo-oscuro\/#primaryimage\"},\"image\":{\"@id\":\"https:\/\/exceladvisor.org\/es\/modo-oscuro\/#primaryimage\"},\"thumbnailUrl\":\"https:\/\/exceladvisor.org\/wp-content\/uploads\/2023\/08\/1-clic-sur-longlet-fichier.png\",\"datePublished\":\"2023-09-26T17:03:33+00:00\",\"dateModified\":\"2023-12-25T10:25:31+00:00\",\"breadcrumb\":{\"@id\":\"https:\/\/exceladvisor.org\/es\/modo-oscuro\/#breadcrumb\"},\"inLanguage\":\"es\",\"potentialAction\":[{\"@type\":\"ReadAction\",\"target\":[\"https:\/\/exceladvisor.org\/es\/modo-oscuro\/\"]}]},{\"@type\":\"ImageObject\",\"inLanguage\":\"es\",\"@id\":\"https:\/\/exceladvisor.org\/es\/modo-oscuro\/#primaryimage\",\"url\":\"https:\/\/exceladvisor.org\/wp-content\/uploads\/2023\/08\/1-clic-sur-longlet-fichier.png\",\"contentUrl\":\"https:\/\/exceladvisor.org\/wp-content\/uploads\/2023\/08\/1-clic-sur-longlet-fichier.png\"},{\"@type\":\"BreadcrumbList\",\"@id\":\"https:\/\/exceladvisor.org\/es\/modo-oscuro\/#breadcrumb\",\"itemListElement\":[{\"@type\":\"ListItem\",\"position\":1,\"name\":\"Hogar\",\"item\":\"https:\/\/exceladvisor.org\/es\/\"},{\"@type\":\"ListItem\",\"position\":2,\"name\":\"\u00bfc\u00f3mo habilitar el modo oscuro en excel?\"}]},{\"@type\":\"WebSite\",\"@id\":\"https:\/\/exceladvisor.org\/es\/#website\",\"url\":\"https:\/\/exceladvisor.org\/es\/\",\"name\":\"Excel Advisor\",\"description\":\"Su gu\u00eda para la dominaci\u00f3n de datos!\",\"publisher\":{\"@id\":\"https:\/\/exceladvisor.org\/es\/#organization\"},\"potentialAction\":[{\"@type\":\"SearchAction\",\"target\":{\"@type\":\"EntryPoint\",\"urlTemplate\":\"https:\/\/exceladvisor.org\/es\/?s={search_term_string}\"},\"query-input\":{\"@type\":\"PropertyValueSpecification\",\"valueRequired\":true,\"valueName\":\"search_term_string\"}}],\"inLanguage\":\"es\"},{\"@type\":\"Organization\",\"@id\":\"https:\/\/exceladvisor.org\/es\/#organization\",\"name\":\"Excel Advisor\",\"url\":\"https:\/\/exceladvisor.org\/es\/\",\"logo\":{\"@type\":\"ImageObject\",\"inLanguage\":\"es\",\"@id\":\"https:\/\/exceladvisor.org\/es\/#\/schema\/logo\/image\/\",\"url\":\"https:\/\/exceladvisor.org\/es\/wp-content\/uploads\/2023\/12\/exceladvisor.org_.png\",\"contentUrl\":\"https:\/\/exceladvisor.org\/es\/wp-content\/uploads\/2023\/12\/exceladvisor.org_.png\",\"width\":105,\"height\":36,\"caption\":\"Excel Advisor\"},\"image\":{\"@id\":\"https:\/\/exceladvisor.org\/es\/#\/schema\/logo\/image\/\"}}]}<\/script>\n<!-- \/ Yoast SEO plugin. -->","yoast_head_json":{"title":"\u00bfc\u00f3mo habilitar el modo oscuro en excel?","robots":{"index":"index","follow":"follow","max-snippet":"max-snippet:-1","max-image-preview":"max-image-preview:large","max-video-preview":"max-video-preview:-1"},"canonical":"https:\/\/exceladvisor.org\/es\/modo-oscuro\/","og_locale":"es_ES","og_type":"article","og_title":"\u00bfc\u00f3mo habilitar el modo oscuro en excel?","og_description":"Hoy en d\u00eda, todas las aplicaciones te permiten cambiar su apariencia en modo oscuro. Por ejemplo, de la misma forma, Excel (Office) te permite cambiar al modo oscuro. En este tutorial, aprenderemos c\u00f3mo activarlo y entenderemos por qu\u00e9 se puede mejorar esta funcionalidad. Pasos para habilitar el modo oscuro Primero, haga clic en la pesta\u00f1a [&hellip;]","og_url":"https:\/\/exceladvisor.org\/es\/modo-oscuro\/","og_site_name":"Excel Advisor","article_modified_time":"2023-12-25T10:25:31+00:00","og_image":[{"url":"https:\/\/exceladvisor.org\/wp-content\/uploads\/2023\/08\/1-clic-sur-longlet-fichier.png","type":"","width":"","height":""}],"twitter_card":"summary_large_image","twitter_misc":{"Tiempo de lectura":"3 minutos"},"schema":{"@context":"https:\/\/schema.org","@graph":[{"@type":"WebPage","@id":"https:\/\/exceladvisor.org\/es\/modo-oscuro\/","url":"https:\/\/exceladvisor.org\/es\/modo-oscuro\/","name":"\u00bfc\u00f3mo habilitar el modo oscuro en excel?","isPartOf":{"@id":"https:\/\/exceladvisor.org\/es\/#website"},"primaryImageOfPage":{"@id":"https:\/\/exceladvisor.org\/es\/modo-oscuro\/#primaryimage"},"image":{"@id":"https:\/\/exceladvisor.org\/es\/modo-oscuro\/#primaryimage"},"thumbnailUrl":"https:\/\/exceladvisor.org\/wp-content\/uploads\/2023\/08\/1-clic-sur-longlet-fichier.png","datePublished":"2023-09-26T17:03:33+00:00","dateModified":"2023-12-25T10:25:31+00:00","breadcrumb":{"@id":"https:\/\/exceladvisor.org\/es\/modo-oscuro\/#breadcrumb"},"inLanguage":"es","potentialAction":[{"@type":"ReadAction","target":["https:\/\/exceladvisor.org\/es\/modo-oscuro\/"]}]},{"@type":"ImageObject","inLanguage":"es","@id":"https:\/\/exceladvisor.org\/es\/modo-oscuro\/#primaryimage","url":"https:\/\/exceladvisor.org\/wp-content\/uploads\/2023\/08\/1-clic-sur-longlet-fichier.png","contentUrl":"https:\/\/exceladvisor.org\/wp-content\/uploads\/2023\/08\/1-clic-sur-longlet-fichier.png"},{"@type":"BreadcrumbList","@id":"https:\/\/exceladvisor.org\/es\/modo-oscuro\/#breadcrumb","itemListElement":[{"@type":"ListItem","position":1,"name":"Hogar","item":"https:\/\/exceladvisor.org\/es\/"},{"@type":"ListItem","position":2,"name":"\u00bfc\u00f3mo habilitar el modo oscuro en excel?"}]},{"@type":"WebSite","@id":"https:\/\/exceladvisor.org\/es\/#website","url":"https:\/\/exceladvisor.org\/es\/","name":"Excel Advisor","description":"Su gu\u00eda para la dominaci\u00f3n de datos!","publisher":{"@id":"https:\/\/exceladvisor.org\/es\/#organization"},"potentialAction":[{"@type":"SearchAction","target":{"@type":"EntryPoint","urlTemplate":"https:\/\/exceladvisor.org\/es\/?s={search_term_string}"},"query-input":{"@type":"PropertyValueSpecification","valueRequired":true,"valueName":"search_term_string"}}],"inLanguage":"es"},{"@type":"Organization","@id":"https:\/\/exceladvisor.org\/es\/#organization","name":"Excel Advisor","url":"https:\/\/exceladvisor.org\/es\/","logo":{"@type":"ImageObject","inLanguage":"es","@id":"https:\/\/exceladvisor.org\/es\/#\/schema\/logo\/image\/","url":"https:\/\/exceladvisor.org\/es\/wp-content\/uploads\/2023\/12\/exceladvisor.org_.png","contentUrl":"https:\/\/exceladvisor.org\/es\/wp-content\/uploads\/2023\/12\/exceladvisor.org_.png","width":105,"height":36,"caption":"Excel Advisor"},"image":{"@id":"https:\/\/exceladvisor.org\/es\/#\/schema\/logo\/image\/"}}]}},"yoast_meta":{"yoast_wpseo_title":"","yoast_wpseo_metadesc":"","yoast_wpseo_canonical":""},"_links":{"self":[{"href":"https:\/\/exceladvisor.org\/es\/wp-json\/wp\/v2\/pages\/693","targetHints":{"allow":["GET"]}}],"collection":[{"href":"https:\/\/exceladvisor.org\/es\/wp-json\/wp\/v2\/pages"}],"about":[{"href":"https:\/\/exceladvisor.org\/es\/wp-json\/wp\/v2\/types\/page"}],"author":[{"embeddable":true,"href":"https:\/\/exceladvisor.org\/es\/wp-json\/wp\/v2\/users\/1"}],"replies":[{"embeddable":true,"href":"https:\/\/exceladvisor.org\/es\/wp-json\/wp\/v2\/comments?post=693"}],"version-history":[{"count":1,"href":"https:\/\/exceladvisor.org\/es\/wp-json\/wp\/v2\/pages\/693\/revisions"}],"predecessor-version":[{"id":1072,"href":"https:\/\/exceladvisor.org\/es\/wp-json\/wp\/v2\/pages\/693\/revisions\/1072"}],"wp:attachment":[{"href":"https:\/\/exceladvisor.org\/es\/wp-json\/wp\/v2\/media?parent=693"}],"curies":[{"name":"wp","href":"https:\/\/api.w.org\/{rel}","templated":true}]}}