{"id":694,"date":"2023-09-26T11:31:25","date_gmt":"2023-09-26T11:31:25","guid":{"rendered":"https:\/\/exceladvisor.org\/es\/abdominales-2\/"},"modified":"2023-12-25T10:32:10","modified_gmt":"2023-12-25T10:32:10","slug":"abdominales-2","status":"publish","type":"page","link":"https:\/\/exceladvisor.org\/es\/abdominales-2\/","title":{"rendered":"\u00bfqu\u00e9 es la funci\u00f3n abs en excel?"},"content":{"rendered":"<div class=\"excel-antes-del-contenido\" id=\"excel-2083504272\"><script type=\"text\/javascript\">\r\n\tatOptions = {\r\n\t\t'key' : 'c1158f160081d6540a8409e6925dab94',\r\n\t\t'format' : 'iframe',\r\n\t\t'height' : 250,\r\n\t\t'width' : 300,\r\n\t\t'params' : {}\r\n\t};\r\n<\/script>\r\n<script type=\"text\/javascript\" src=\"\/\/www.highperformanceformat.com\/c1158f160081d6540a8409e6925dab94\/invoke.js\"><\/script><\/div><p>La funci\u00f3n ABS es la parte de las funciones matem\u00e1ticas de Excel que se puede utilizar para convertir cualquier n\u00famero en un n\u00famero absoluto. En t\u00e9rminos simples, convierte un n\u00famero negativo en positivo y sin afectar el n\u00famero positivo (devuelve un n\u00famero sin signo) en la celda de resultado. Puede hacer referencia directamente a la celda o al valor de entrada en la funci\u00f3n. <\/p>\n<div class=\"wp-block-image\">\n<figure class=\"aligncenter size-full is-resized\"><img loading=\"lazy\" decoding=\"async\" class=\"wp-image-72649\" src=\"https:\/\/exceladvisor.org\/wp-content\/uploads\/2023\/08\/1-fonction-abs.png\" sizes=\"auto, \" srcset=\"\" alt=\"funci\u00f3n abdominal\" width=\"455\" height=\"166\"><\/figure>\n<\/div>\n<h2 class=\"wp-block-heading\"> Sintaxis<\/h2>\n<p> ABS(n\u00famero)<\/p>\n<h2 class=\"wp-block-heading\"> Argumentos<\/h2>\n<p> n\u00famero: un n\u00famero o valor que desea convertir a un n\u00famero absoluto.<\/p>\n<h2 class=\"wp-block-heading\"> Ejemplo<\/h2>\n<p> En el siguiente ejemplo, tiene algunos n\u00fameros en la columna A y ahora necesita usar la funci\u00f3n ABS para convertir estos n\u00fameros a n\u00fameros absolutos. <\/p>\n<div class=\"wp-block-image\">\n<figure class=\"aligncenter size-full is-resized\"><img loading=\"lazy\" decoding=\"async\" class=\"wp-image-72650\" src=\"https:\/\/exceladvisor.org\/wp-content\/uploads\/2023\/08\/Donnees-a-2-chiffres.png\" sizes=\"auto, \" srcset=\"\" alt=\"cifras-datos\" width=\"271\" height=\"315\"><\/figure>\n<\/div>\n<p> Todo lo que necesita hacer es agregar la funci\u00f3n en la primera celda, consultar las celdas con el primer valor y luego arrastrarla a la \u00faltima celda con el valor. <\/p>\n<div class=\"wp-block-image\">\n<figure class=\"aligncenter size-full is-resized\"><img loading=\"lazy\" decoding=\"async\" class=\"wp-image-72651\" src=\"https:\/\/exceladvisor.org\/wp-content\/uploads\/2023\/08\/3-ajouter-la-fonction-abs-dans-la-cellule.png\" sizes=\"auto, \" srcset=\"\" alt=\"agregar funci\u00f3n-abs-en-celda\" width=\"399\" height=\"330\"><\/figure>\n<\/div>\n<p> Y en el siguiente ejemplo, utilizamos ABS para obtener valores absolutos con respecto al cambio en la tasa de inter\u00e9s. <\/p>\n<div class=\"wp-block-image\">\n<figure class=\"aligncenter size-full is-resized\"><img loading=\"lazy\" decoding=\"async\" class=\"wp-image-72652\" src=\"https:\/\/exceladvisor.org\/wp-content\/uploads\/2023\/08\/4-abs-pour-obtenir-la-valeur-absolue.png\" sizes=\"auto, \" srcset=\"\" alt=\"abs-para-obtener-el-valor-absoluto\" width=\"836\" height=\"135\"><\/figure>\n<\/div>\n<h2 class=\"wp-block-heading\"> Comentarios<\/h2>\n<ol>\n<li> Puede insertar directamente el n\u00famero en la funci\u00f3n.<\/li>\n<li> Si especifica un n\u00famero que no es un n\u00famero entero, devolver\u00e1 #\u00a1VALOR!.<\/li>\n<li> Tambi\u00e9n puede utilizar ABS como funci\u00f3n de matriz.<\/li>\n<\/ol>\n","protected":false},"excerpt":{"rendered":"<p>La funci\u00f3n ABS es la parte de las funciones matem\u00e1ticas de Excel que se puede utilizar para convertir cualquier n\u00famero en un n\u00famero absoluto. En t\u00e9rminos simples, convierte un n\u00famero negativo en positivo y sin afectar el n\u00famero positivo (devuelve un n\u00famero sin signo) en la celda de resultado. Puede hacer referencia directamente a la [&hellip;]<\/p>\n","protected":false},"author":1,"featured_media":0,"parent":0,"menu_order":0,"comment_status":"open","ping_status":"closed","template":"","meta":{"ub_ctt_via":"","footnotes":""},"class_list":["post-694","page","type-page","status-publish","hentry"],"featured_image_src":null,"yoast_head":"<!-- This site is optimized with the Yoast SEO plugin v25.4 - https:\/\/yoast.com\/wordpress\/plugins\/seo\/ -->\n<title>\u00bfqu\u00e9 es la funci\u00f3n abs en excel?<\/title>\n<meta name=\"robots\" content=\"index, follow, max-snippet:-1, max-image-preview:large, max-video-preview:-1\" \/>\n<link rel=\"canonical\" href=\"https:\/\/exceladvisor.org\/es\/abdominales-2\/\" \/>\n<meta property=\"og:locale\" content=\"es_ES\" \/>\n<meta property=\"og:type\" content=\"article\" \/>\n<meta property=\"og:title\" content=\"\u00bfqu\u00e9 es la funci\u00f3n abs en excel?\" \/>\n<meta property=\"og:description\" content=\"La funci\u00f3n ABS es la parte de las funciones matem\u00e1ticas de Excel que se puede utilizar para convertir cualquier n\u00famero en un n\u00famero absoluto. En t\u00e9rminos simples, convierte un n\u00famero negativo en positivo y sin afectar el n\u00famero positivo (devuelve un n\u00famero sin signo) en la celda de resultado. Puede hacer referencia directamente a la [&hellip;]\" \/>\n<meta property=\"og:url\" content=\"https:\/\/exceladvisor.org\/es\/abdominales-2\/\" \/>\n<meta property=\"og:site_name\" content=\"Excel Advisor\" \/>\n<meta property=\"article:modified_time\" content=\"2023-12-25T10:32:10+00:00\" \/>\n<meta property=\"og:image\" content=\"https:\/\/exceladvisor.org\/wp-content\/uploads\/2023\/08\/1-fonction-abs.png\" \/>\n<meta name=\"twitter:card\" content=\"summary_large_image\" \/>\n<meta name=\"twitter:label1\" content=\"Tiempo de lectura\" \/>\n\t<meta name=\"twitter:data1\" content=\"1 minuto\" \/>\n<script type=\"application\/ld+json\" class=\"yoast-schema-graph\">{\"@context\":\"https:\/\/schema.org\",\"@graph\":[{\"@type\":\"WebPage\",\"@id\":\"https:\/\/exceladvisor.org\/es\/abdominales-2\/\",\"url\":\"https:\/\/exceladvisor.org\/es\/abdominales-2\/\",\"name\":\"\u00bfqu\u00e9 es la funci\u00f3n abs en excel?\",\"isPartOf\":{\"@id\":\"https:\/\/exceladvisor.org\/es\/#website\"},\"primaryImageOfPage\":{\"@id\":\"https:\/\/exceladvisor.org\/es\/abdominales-2\/#primaryimage\"},\"image\":{\"@id\":\"https:\/\/exceladvisor.org\/es\/abdominales-2\/#primaryimage\"},\"thumbnailUrl\":\"https:\/\/exceladvisor.org\/wp-content\/uploads\/2023\/08\/1-fonction-abs.png\",\"datePublished\":\"2023-09-26T11:31:25+00:00\",\"dateModified\":\"2023-12-25T10:32:10+00:00\",\"breadcrumb\":{\"@id\":\"https:\/\/exceladvisor.org\/es\/abdominales-2\/#breadcrumb\"},\"inLanguage\":\"es\",\"potentialAction\":[{\"@type\":\"ReadAction\",\"target\":[\"https:\/\/exceladvisor.org\/es\/abdominales-2\/\"]}]},{\"@type\":\"ImageObject\",\"inLanguage\":\"es\",\"@id\":\"https:\/\/exceladvisor.org\/es\/abdominales-2\/#primaryimage\",\"url\":\"https:\/\/exceladvisor.org\/wp-content\/uploads\/2023\/08\/1-fonction-abs.png\",\"contentUrl\":\"https:\/\/exceladvisor.org\/wp-content\/uploads\/2023\/08\/1-fonction-abs.png\"},{\"@type\":\"BreadcrumbList\",\"@id\":\"https:\/\/exceladvisor.org\/es\/abdominales-2\/#breadcrumb\",\"itemListElement\":[{\"@type\":\"ListItem\",\"position\":1,\"name\":\"Hogar\",\"item\":\"https:\/\/exceladvisor.org\/es\/\"},{\"@type\":\"ListItem\",\"position\":2,\"name\":\"\u00bfqu\u00e9 es la funci\u00f3n abs en excel?\"}]},{\"@type\":\"WebSite\",\"@id\":\"https:\/\/exceladvisor.org\/es\/#website\",\"url\":\"https:\/\/exceladvisor.org\/es\/\",\"name\":\"Excel Advisor\",\"description\":\"Su gu\u00eda para la dominaci\u00f3n de datos!\",\"publisher\":{\"@id\":\"https:\/\/exceladvisor.org\/es\/#organization\"},\"potentialAction\":[{\"@type\":\"SearchAction\",\"target\":{\"@type\":\"EntryPoint\",\"urlTemplate\":\"https:\/\/exceladvisor.org\/es\/?s={search_term_string}\"},\"query-input\":{\"@type\":\"PropertyValueSpecification\",\"valueRequired\":true,\"valueName\":\"search_term_string\"}}],\"inLanguage\":\"es\"},{\"@type\":\"Organization\",\"@id\":\"https:\/\/exceladvisor.org\/es\/#organization\",\"name\":\"Excel Advisor\",\"url\":\"https:\/\/exceladvisor.org\/es\/\",\"logo\":{\"@type\":\"ImageObject\",\"inLanguage\":\"es\",\"@id\":\"https:\/\/exceladvisor.org\/es\/#\/schema\/logo\/image\/\",\"url\":\"https:\/\/exceladvisor.org\/es\/wp-content\/uploads\/2023\/12\/exceladvisor.org_.png\",\"contentUrl\":\"https:\/\/exceladvisor.org\/es\/wp-content\/uploads\/2023\/12\/exceladvisor.org_.png\",\"width\":105,\"height\":36,\"caption\":\"Excel Advisor\"},\"image\":{\"@id\":\"https:\/\/exceladvisor.org\/es\/#\/schema\/logo\/image\/\"}}]}<\/script>\n<!-- \/ Yoast SEO plugin. -->","yoast_head_json":{"title":"\u00bfqu\u00e9 es la funci\u00f3n abs en excel?","robots":{"index":"index","follow":"follow","max-snippet":"max-snippet:-1","max-image-preview":"max-image-preview:large","max-video-preview":"max-video-preview:-1"},"canonical":"https:\/\/exceladvisor.org\/es\/abdominales-2\/","og_locale":"es_ES","og_type":"article","og_title":"\u00bfqu\u00e9 es la funci\u00f3n abs en excel?","og_description":"La funci\u00f3n ABS es la parte de las funciones matem\u00e1ticas de Excel que se puede utilizar para convertir cualquier n\u00famero en un n\u00famero absoluto. En t\u00e9rminos simples, convierte un n\u00famero negativo en positivo y sin afectar el n\u00famero positivo (devuelve un n\u00famero sin signo) en la celda de resultado. Puede hacer referencia directamente a la [&hellip;]","og_url":"https:\/\/exceladvisor.org\/es\/abdominales-2\/","og_site_name":"Excel Advisor","article_modified_time":"2023-12-25T10:32:10+00:00","og_image":[{"url":"https:\/\/exceladvisor.org\/wp-content\/uploads\/2023\/08\/1-fonction-abs.png","type":"","width":"","height":""}],"twitter_card":"summary_large_image","twitter_misc":{"Tiempo de lectura":"1 minuto"},"schema":{"@context":"https:\/\/schema.org","@graph":[{"@type":"WebPage","@id":"https:\/\/exceladvisor.org\/es\/abdominales-2\/","url":"https:\/\/exceladvisor.org\/es\/abdominales-2\/","name":"\u00bfqu\u00e9 es la funci\u00f3n abs en excel?","isPartOf":{"@id":"https:\/\/exceladvisor.org\/es\/#website"},"primaryImageOfPage":{"@id":"https:\/\/exceladvisor.org\/es\/abdominales-2\/#primaryimage"},"image":{"@id":"https:\/\/exceladvisor.org\/es\/abdominales-2\/#primaryimage"},"thumbnailUrl":"https:\/\/exceladvisor.org\/wp-content\/uploads\/2023\/08\/1-fonction-abs.png","datePublished":"2023-09-26T11:31:25+00:00","dateModified":"2023-12-25T10:32:10+00:00","breadcrumb":{"@id":"https:\/\/exceladvisor.org\/es\/abdominales-2\/#breadcrumb"},"inLanguage":"es","potentialAction":[{"@type":"ReadAction","target":["https:\/\/exceladvisor.org\/es\/abdominales-2\/"]}]},{"@type":"ImageObject","inLanguage":"es","@id":"https:\/\/exceladvisor.org\/es\/abdominales-2\/#primaryimage","url":"https:\/\/exceladvisor.org\/wp-content\/uploads\/2023\/08\/1-fonction-abs.png","contentUrl":"https:\/\/exceladvisor.org\/wp-content\/uploads\/2023\/08\/1-fonction-abs.png"},{"@type":"BreadcrumbList","@id":"https:\/\/exceladvisor.org\/es\/abdominales-2\/#breadcrumb","itemListElement":[{"@type":"ListItem","position":1,"name":"Hogar","item":"https:\/\/exceladvisor.org\/es\/"},{"@type":"ListItem","position":2,"name":"\u00bfqu\u00e9 es la funci\u00f3n abs en excel?"}]},{"@type":"WebSite","@id":"https:\/\/exceladvisor.org\/es\/#website","url":"https:\/\/exceladvisor.org\/es\/","name":"Excel Advisor","description":"Su gu\u00eda para la dominaci\u00f3n de datos!","publisher":{"@id":"https:\/\/exceladvisor.org\/es\/#organization"},"potentialAction":[{"@type":"SearchAction","target":{"@type":"EntryPoint","urlTemplate":"https:\/\/exceladvisor.org\/es\/?s={search_term_string}"},"query-input":{"@type":"PropertyValueSpecification","valueRequired":true,"valueName":"search_term_string"}}],"inLanguage":"es"},{"@type":"Organization","@id":"https:\/\/exceladvisor.org\/es\/#organization","name":"Excel Advisor","url":"https:\/\/exceladvisor.org\/es\/","logo":{"@type":"ImageObject","inLanguage":"es","@id":"https:\/\/exceladvisor.org\/es\/#\/schema\/logo\/image\/","url":"https:\/\/exceladvisor.org\/es\/wp-content\/uploads\/2023\/12\/exceladvisor.org_.png","contentUrl":"https:\/\/exceladvisor.org\/es\/wp-content\/uploads\/2023\/12\/exceladvisor.org_.png","width":105,"height":36,"caption":"Excel Advisor"},"image":{"@id":"https:\/\/exceladvisor.org\/es\/#\/schema\/logo\/image\/"}}]}},"yoast_meta":{"yoast_wpseo_title":"","yoast_wpseo_metadesc":"","yoast_wpseo_canonical":""},"_links":{"self":[{"href":"https:\/\/exceladvisor.org\/es\/wp-json\/wp\/v2\/pages\/694","targetHints":{"allow":["GET"]}}],"collection":[{"href":"https:\/\/exceladvisor.org\/es\/wp-json\/wp\/v2\/pages"}],"about":[{"href":"https:\/\/exceladvisor.org\/es\/wp-json\/wp\/v2\/types\/page"}],"author":[{"embeddable":true,"href":"https:\/\/exceladvisor.org\/es\/wp-json\/wp\/v2\/users\/1"}],"replies":[{"embeddable":true,"href":"https:\/\/exceladvisor.org\/es\/wp-json\/wp\/v2\/comments?post=694"}],"version-history":[{"count":1,"href":"https:\/\/exceladvisor.org\/es\/wp-json\/wp\/v2\/pages\/694\/revisions"}],"predecessor-version":[{"id":1403,"href":"https:\/\/exceladvisor.org\/es\/wp-json\/wp\/v2\/pages\/694\/revisions\/1403"}],"wp:attachment":[{"href":"https:\/\/exceladvisor.org\/es\/wp-json\/wp\/v2\/media?parent=694"}],"curies":[{"name":"wp","href":"https:\/\/api.w.org\/{rel}","templated":true}]}}