{"id":697,"date":"2023-09-26T08:17:01","date_gmt":"2023-09-26T08:17:01","guid":{"rendered":"https:\/\/exceladvisor.org\/es\/actualizar-todo\/"},"modified":"2023-12-25T10:22:44","modified_gmt":"2023-12-25T10:22:44","slug":"actualizar-todo","status":"publish","type":"page","link":"https:\/\/exceladvisor.org\/es\/actualizar-todo\/","title":{"rendered":"\u00bfc\u00f3mo actualizar todas las tablas din\u00e1micas?"},"content":{"rendered":"<div class=\"excel-antes-del-contenido\" id=\"excel-3343958431\"><script type=\"text\/javascript\">\r\n\tatOptions = {\r\n\t\t'key' : 'c1158f160081d6540a8409e6925dab94',\r\n\t\t'format' : 'iframe',\r\n\t\t'height' : 250,\r\n\t\t'width' : 300,\r\n\t\t'params' : {}\r\n\t};\r\n<\/script>\r\n<script type=\"text\/javascript\" src=\"\/\/www.highperformanceformat.com\/c1158f160081d6540a8409e6925dab94\/invoke.js\"><\/script><\/div><p>Cr\u00e9ame, si puede actualizar todas las tablas din\u00e1micas al mismo tiempo, puede ahorrar mucho tiempo. S\u00ed, es verdad. Piensa as\u00ed. Tiene 10 tablas din\u00e1micas y actualizar una sola tabla din\u00e1mica lleva un segundo.<\/p>\n<p> <strong>10 pivotes = 10 segundos<\/strong><\/p>\n<p> As\u00ed como puedes automatizar la <a style=\"outline: none;\" href=\"https:\/\/exceladvisor.org\/es\/mesa-pivote-1\/\" data-wpel-link=\"internal\" data-wpil=\"url\">creaci\u00f3n de una tabla din\u00e1mica,<\/a> hay varias formas de usarla para actualizarla autom\u00e1ticamente. En este art\u00edculo, compartir\u00e9 contigo 3 m\u00e9todos simples que puedes usar para actualizar todas las tablas din\u00e1micas y tu tiempo.<\/p>\n<h2 class=\"wp-block-heading\"> Utilice el bot\u00f3n \u00abActualizar todo\u00bb para actualizar todas las tablas din\u00e1micas en el libro de trabajo.<\/h2>\n<p> El bot\u00f3n \u00abActualizar todo\u00bb es una forma sencilla y sencilla de actualizar todas las tablas din\u00e1micas de un libro con un solo clic. <\/p>\n<div class=\"wp-block-image\">\n<figure class=\"aligncenter\"><img decoding=\"async\" src=\"https:\/\/exceladvisor.org\/wp-content\/uploads\/2023\/08\/Actualiser-manuellement-tous-les-tableaux-croises-dynamiques-en-un-seul-clic.png\" sizes=\"\" srcset=\"\" alt=\"Actualiza manualmente todas las tablas din\u00e1micas con un solo clic\"><\/figure>\n<\/div>\n<p> Todo lo que necesita hacer es ir a la pesta\u00f1a Datos \u279c Conexiones \u279c Actualizar todo.<\/p>\n<h2 id=\"tab-con-2\" class=\"wp-block-heading\"> Actualizar autom\u00e1ticamente todos los pivotes cuando abre un libro<\/h2>\n<p> Si desea actualizar todas las tablas din\u00e1micas al abrir un libro de trabajo, puede seguir los siguientes pasos para realizar una configuraci\u00f3n \u00fanica para esto. <\/p>\n<div class=\"wp-block-image\">\n<figure class=\"aligncenter\"><img decoding=\"async\" src=\"https:\/\/exceladvisor.org\/wp-content\/uploads\/2023\/08\/Actualiser-tous-les-tableaux-croises-dynamiques-a-louverture-dun-fichier-1.png\" sizes=\"\" srcset=\"\" alt=\"Actualizar todas las tablas din\u00e1micas al abrir un archivo\"><\/figure>\n<\/div>\n<p> A continuaci\u00f3n se detallan los pasos que puede seguir para actualizar autom\u00e1ticamente todas las tablas din\u00e1micas al abrir un libro.<\/p>\n<ol>\n<li> Seleccione una de las tablas din\u00e1micas en su libro de trabajo.<\/li>\n<li> Haga clic derecho sobre \u00e9l y seleccione \u00abOpciones de tabla din\u00e1mica\u00bb.<\/li>\n<li> Vaya a la pesta\u00f1a Datos \u279c Marque \u00abActualizar datos al abrir un archivo\u00bb.<\/li>\n<li> Haga clic en Aceptar.<\/li>\n<\/ol>\n<h2 class=\"wp-block-heading\"> C\u00f3digo VBA para actualizar todas las tablas din\u00e1micas con un solo clic<\/h2>\n<p> S\u00ed, tambi\u00e9n puedes usar VBA para actualizar todas las tablas din\u00e1micas. Todo lo que necesitas hacer es simplemente usar el c\u00f3digo que se menciona a continuaci\u00f3n.<\/p>\n<pre class=\"wp-block-code\"> <code class=\"language-visual-basic line-numbers\" lang=\"visual-basic\">Sub RefreshCustomPivotTable() With ActiveSheet .PivotTables.RefreshTable End With End Sub<\/code><\/pre>\n<p> El c\u00f3digo anterior actualizar\u00e1 todas las tablas din\u00e1micas en su hoja de trabajo activa y tambi\u00e9n puede asignar esta macro a un bot\u00f3n para usar con un solo clic.<\/p>\n<h3 class=\"wp-block-heading\"> Actualizar solo tablas din\u00e1micas espec\u00edficas con VBA<\/h3>\n<p> Si tiene tablas din\u00e1micas espec\u00edficas que desea actualizar, puede usar el c\u00f3digo VBA a continuaci\u00f3n.<\/p>\n<pre class=\"wp-block-code\"> <code class=\"language-visual-basic\" lang=\"visual-basic\">Sub RefreshCustomPivotTable() With ActiveSheet .PivotTables(\"PivotTable1\").RefreshTable .PivotTables(\"PivotTable2\").RefreshTable .PivotTables(\"PivotTable3\").RefreshTable .PivotTables(\"PivotTable4\").RefreshTable .PivotTables(\"PivotTable5\").RefreshTable End With End Sub<\/code><\/pre>\n<p> Cambie el nombre de las tablas din\u00e1micas seg\u00fan su libro de trabajo. Y, si desea actualizar estas tablas din\u00e1micas personalizadas cada vez que abre un libro, cambie el nombre de la macro a <a href=\"https:\/\/support.office.com\/en-us\/article\/Automatically-run-a-macro-when-opening-a-workbook-1e55959b-e077-4c88-a696-c3017600db44\" target=\"_blank\" rel=\"noreferrer noopener nofollow\">auto_open<\/a> .<\/p>\n<pre class=\"wp-block-code\"> <code class=\"language-visual-basic line-numbers\" lang=\"visual-basic\">Sub auto_open() With ActiveSheet .PivotTables(\"PivotTable1\").RefreshTable .PivotTables(\"PivotTable2\").RefreshTable .PivotTables(\"PivotTable3\").RefreshTable .PivotTables(\"PivotTable4\").RefreshTable .PivotTables(\"PivotTable5\").RefreshTable End With End Sub<\/code><\/pre>\n<h2 class=\"wp-block-heading\"> Obtenga m\u00e1s informaci\u00f3n sobre las tablas din\u00e1micas<\/h2>\n<ol>\n<li> <a style=\"outline: none;\" href=\"https:\/\/exceladvisor.org\/es\/vincular-la-segmentacion-de-datos-a-varias-tablas-dinamicas\/\" data-wpel-link=\"internal\">Conecte un solo segmento con m\u00faltiples tablas din\u00e1micas<\/a><\/li>\n<li> <a style=\"outline: none;\" href=\"https:\/\/exceladvisor.org\/es\/vincular-la-segmentacion-de-datos-a-varias-tablas-dinamicas\/\" data-wpel-link=\"internal\">Actualizar autom\u00e1ticamente un rango de tabla din\u00e1mica<\/a><\/li>\n<li> <a style=\"outline: none;\" href=\"https:\/\/exceladvisor.org\/es\/citas-grupales\/\" data-wpel-link=\"internal\">Agrupar fechas en una tabla din\u00e1mica<\/a><\/li>\n<li> <a style=\"outline: none;\" href=\"https:\/\/exceladvisor.org\/es\/filtro-de-linea-de-tiempo\/\" data-wpel-link=\"internal\">Cronolog\u00eda de la tabla din\u00e1mica<\/a><\/li>\n<li> <a style=\"outline: none;\" href=\"https:\/\/exceladvisor.org\/es\/tabla-dinamica-hace-referencia-cruzada-a-varios-archivos\/\" data-wpel-link=\"internal\">Tabla din\u00e1mica usando m\u00faltiples archivos<\/a><\/li>\n<\/ol>\n","protected":false},"excerpt":{"rendered":"<p>Cr\u00e9ame, si puede actualizar todas las tablas din\u00e1micas al mismo tiempo, puede ahorrar mucho tiempo. S\u00ed, es verdad. Piensa as\u00ed. Tiene 10 tablas din\u00e1micas y actualizar una sola tabla din\u00e1mica lleva un segundo. 10 pivotes = 10 segundos As\u00ed como puedes automatizar la creaci\u00f3n de una tabla din\u00e1mica, hay varias formas de usarla para actualizarla [&hellip;]<\/p>\n","protected":false},"author":1,"featured_media":0,"parent":0,"menu_order":0,"comment_status":"open","ping_status":"closed","template":"","meta":{"ub_ctt_via":"","footnotes":""},"class_list":["post-697","page","type-page","status-publish","hentry"],"featured_image_src":null,"yoast_head":"<!-- This site is optimized with the Yoast SEO plugin v25.4 - https:\/\/yoast.com\/wordpress\/plugins\/seo\/ -->\n<title>\u00bfc\u00f3mo actualizar todas las tablas din\u00e1micas?<\/title>\n<meta name=\"robots\" content=\"index, follow, max-snippet:-1, max-image-preview:large, max-video-preview:-1\" \/>\n<link rel=\"canonical\" href=\"https:\/\/exceladvisor.org\/es\/actualizar-todo\/\" \/>\n<meta property=\"og:locale\" content=\"es_ES\" \/>\n<meta property=\"og:type\" content=\"article\" \/>\n<meta property=\"og:title\" content=\"\u00bfc\u00f3mo actualizar todas las tablas din\u00e1micas?\" \/>\n<meta property=\"og:description\" content=\"Cr\u00e9ame, si puede actualizar todas las tablas din\u00e1micas al mismo tiempo, puede ahorrar mucho tiempo. S\u00ed, es verdad. Piensa as\u00ed. Tiene 10 tablas din\u00e1micas y actualizar una sola tabla din\u00e1mica lleva un segundo. 10 pivotes = 10 segundos As\u00ed como puedes automatizar la creaci\u00f3n de una tabla din\u00e1mica, hay varias formas de usarla para actualizarla [&hellip;]\" \/>\n<meta property=\"og:url\" content=\"https:\/\/exceladvisor.org\/es\/actualizar-todo\/\" \/>\n<meta property=\"og:site_name\" content=\"Excel Advisor\" \/>\n<meta property=\"article:modified_time\" content=\"2023-12-25T10:22:44+00:00\" \/>\n<meta property=\"og:image\" content=\"https:\/\/exceladvisor.org\/wp-content\/uploads\/2023\/08\/Actualiser-manuellement-tous-les-tableaux-croises-dynamiques-en-un-seul-clic.png\" \/>\n<meta name=\"twitter:card\" content=\"summary_large_image\" \/>\n<meta name=\"twitter:label1\" content=\"Tiempo de lectura\" \/>\n\t<meta name=\"twitter:data1\" content=\"2 minutos\" \/>\n<script type=\"application\/ld+json\" class=\"yoast-schema-graph\">{\"@context\":\"https:\/\/schema.org\",\"@graph\":[{\"@type\":\"WebPage\",\"@id\":\"https:\/\/exceladvisor.org\/es\/actualizar-todo\/\",\"url\":\"https:\/\/exceladvisor.org\/es\/actualizar-todo\/\",\"name\":\"\u00bfc\u00f3mo actualizar todas las tablas din\u00e1micas?\",\"isPartOf\":{\"@id\":\"https:\/\/exceladvisor.org\/es\/#website\"},\"primaryImageOfPage\":{\"@id\":\"https:\/\/exceladvisor.org\/es\/actualizar-todo\/#primaryimage\"},\"image\":{\"@id\":\"https:\/\/exceladvisor.org\/es\/actualizar-todo\/#primaryimage\"},\"thumbnailUrl\":\"https:\/\/exceladvisor.org\/wp-content\/uploads\/2023\/08\/Actualiser-manuellement-tous-les-tableaux-croises-dynamiques-en-un-seul-clic.png\",\"datePublished\":\"2023-09-26T08:17:01+00:00\",\"dateModified\":\"2023-12-25T10:22:44+00:00\",\"breadcrumb\":{\"@id\":\"https:\/\/exceladvisor.org\/es\/actualizar-todo\/#breadcrumb\"},\"inLanguage\":\"es\",\"potentialAction\":[{\"@type\":\"ReadAction\",\"target\":[\"https:\/\/exceladvisor.org\/es\/actualizar-todo\/\"]}]},{\"@type\":\"ImageObject\",\"inLanguage\":\"es\",\"@id\":\"https:\/\/exceladvisor.org\/es\/actualizar-todo\/#primaryimage\",\"url\":\"https:\/\/exceladvisor.org\/wp-content\/uploads\/2023\/08\/Actualiser-manuellement-tous-les-tableaux-croises-dynamiques-en-un-seul-clic.png\",\"contentUrl\":\"https:\/\/exceladvisor.org\/wp-content\/uploads\/2023\/08\/Actualiser-manuellement-tous-les-tableaux-croises-dynamiques-en-un-seul-clic.png\"},{\"@type\":\"BreadcrumbList\",\"@id\":\"https:\/\/exceladvisor.org\/es\/actualizar-todo\/#breadcrumb\",\"itemListElement\":[{\"@type\":\"ListItem\",\"position\":1,\"name\":\"Hogar\",\"item\":\"https:\/\/exceladvisor.org\/es\/\"},{\"@type\":\"ListItem\",\"position\":2,\"name\":\"\u00bfc\u00f3mo actualizar todas las tablas din\u00e1micas?\"}]},{\"@type\":\"WebSite\",\"@id\":\"https:\/\/exceladvisor.org\/es\/#website\",\"url\":\"https:\/\/exceladvisor.org\/es\/\",\"name\":\"Excel Advisor\",\"description\":\"Su gu\u00eda para la dominaci\u00f3n de datos!\",\"publisher\":{\"@id\":\"https:\/\/exceladvisor.org\/es\/#organization\"},\"potentialAction\":[{\"@type\":\"SearchAction\",\"target\":{\"@type\":\"EntryPoint\",\"urlTemplate\":\"https:\/\/exceladvisor.org\/es\/?s={search_term_string}\"},\"query-input\":{\"@type\":\"PropertyValueSpecification\",\"valueRequired\":true,\"valueName\":\"search_term_string\"}}],\"inLanguage\":\"es\"},{\"@type\":\"Organization\",\"@id\":\"https:\/\/exceladvisor.org\/es\/#organization\",\"name\":\"Excel Advisor\",\"url\":\"https:\/\/exceladvisor.org\/es\/\",\"logo\":{\"@type\":\"ImageObject\",\"inLanguage\":\"es\",\"@id\":\"https:\/\/exceladvisor.org\/es\/#\/schema\/logo\/image\/\",\"url\":\"https:\/\/exceladvisor.org\/es\/wp-content\/uploads\/2023\/12\/exceladvisor.org_.png\",\"contentUrl\":\"https:\/\/exceladvisor.org\/es\/wp-content\/uploads\/2023\/12\/exceladvisor.org_.png\",\"width\":105,\"height\":36,\"caption\":\"Excel Advisor\"},\"image\":{\"@id\":\"https:\/\/exceladvisor.org\/es\/#\/schema\/logo\/image\/\"}}]}<\/script>\n<!-- \/ Yoast SEO plugin. -->","yoast_head_json":{"title":"\u00bfc\u00f3mo actualizar todas las tablas din\u00e1micas?","robots":{"index":"index","follow":"follow","max-snippet":"max-snippet:-1","max-image-preview":"max-image-preview:large","max-video-preview":"max-video-preview:-1"},"canonical":"https:\/\/exceladvisor.org\/es\/actualizar-todo\/","og_locale":"es_ES","og_type":"article","og_title":"\u00bfc\u00f3mo actualizar todas las tablas din\u00e1micas?","og_description":"Cr\u00e9ame, si puede actualizar todas las tablas din\u00e1micas al mismo tiempo, puede ahorrar mucho tiempo. S\u00ed, es verdad. Piensa as\u00ed. Tiene 10 tablas din\u00e1micas y actualizar una sola tabla din\u00e1mica lleva un segundo. 10 pivotes = 10 segundos As\u00ed como puedes automatizar la creaci\u00f3n de una tabla din\u00e1mica, hay varias formas de usarla para actualizarla [&hellip;]","og_url":"https:\/\/exceladvisor.org\/es\/actualizar-todo\/","og_site_name":"Excel Advisor","article_modified_time":"2023-12-25T10:22:44+00:00","og_image":[{"url":"https:\/\/exceladvisor.org\/wp-content\/uploads\/2023\/08\/Actualiser-manuellement-tous-les-tableaux-croises-dynamiques-en-un-seul-clic.png","type":"","width":"","height":""}],"twitter_card":"summary_large_image","twitter_misc":{"Tiempo de lectura":"2 minutos"},"schema":{"@context":"https:\/\/schema.org","@graph":[{"@type":"WebPage","@id":"https:\/\/exceladvisor.org\/es\/actualizar-todo\/","url":"https:\/\/exceladvisor.org\/es\/actualizar-todo\/","name":"\u00bfc\u00f3mo actualizar todas las tablas din\u00e1micas?","isPartOf":{"@id":"https:\/\/exceladvisor.org\/es\/#website"},"primaryImageOfPage":{"@id":"https:\/\/exceladvisor.org\/es\/actualizar-todo\/#primaryimage"},"image":{"@id":"https:\/\/exceladvisor.org\/es\/actualizar-todo\/#primaryimage"},"thumbnailUrl":"https:\/\/exceladvisor.org\/wp-content\/uploads\/2023\/08\/Actualiser-manuellement-tous-les-tableaux-croises-dynamiques-en-un-seul-clic.png","datePublished":"2023-09-26T08:17:01+00:00","dateModified":"2023-12-25T10:22:44+00:00","breadcrumb":{"@id":"https:\/\/exceladvisor.org\/es\/actualizar-todo\/#breadcrumb"},"inLanguage":"es","potentialAction":[{"@type":"ReadAction","target":["https:\/\/exceladvisor.org\/es\/actualizar-todo\/"]}]},{"@type":"ImageObject","inLanguage":"es","@id":"https:\/\/exceladvisor.org\/es\/actualizar-todo\/#primaryimage","url":"https:\/\/exceladvisor.org\/wp-content\/uploads\/2023\/08\/Actualiser-manuellement-tous-les-tableaux-croises-dynamiques-en-un-seul-clic.png","contentUrl":"https:\/\/exceladvisor.org\/wp-content\/uploads\/2023\/08\/Actualiser-manuellement-tous-les-tableaux-croises-dynamiques-en-un-seul-clic.png"},{"@type":"BreadcrumbList","@id":"https:\/\/exceladvisor.org\/es\/actualizar-todo\/#breadcrumb","itemListElement":[{"@type":"ListItem","position":1,"name":"Hogar","item":"https:\/\/exceladvisor.org\/es\/"},{"@type":"ListItem","position":2,"name":"\u00bfc\u00f3mo actualizar todas las tablas din\u00e1micas?"}]},{"@type":"WebSite","@id":"https:\/\/exceladvisor.org\/es\/#website","url":"https:\/\/exceladvisor.org\/es\/","name":"Excel Advisor","description":"Su gu\u00eda para la dominaci\u00f3n de datos!","publisher":{"@id":"https:\/\/exceladvisor.org\/es\/#organization"},"potentialAction":[{"@type":"SearchAction","target":{"@type":"EntryPoint","urlTemplate":"https:\/\/exceladvisor.org\/es\/?s={search_term_string}"},"query-input":{"@type":"PropertyValueSpecification","valueRequired":true,"valueName":"search_term_string"}}],"inLanguage":"es"},{"@type":"Organization","@id":"https:\/\/exceladvisor.org\/es\/#organization","name":"Excel Advisor","url":"https:\/\/exceladvisor.org\/es\/","logo":{"@type":"ImageObject","inLanguage":"es","@id":"https:\/\/exceladvisor.org\/es\/#\/schema\/logo\/image\/","url":"https:\/\/exceladvisor.org\/es\/wp-content\/uploads\/2023\/12\/exceladvisor.org_.png","contentUrl":"https:\/\/exceladvisor.org\/es\/wp-content\/uploads\/2023\/12\/exceladvisor.org_.png","width":105,"height":36,"caption":"Excel Advisor"},"image":{"@id":"https:\/\/exceladvisor.org\/es\/#\/schema\/logo\/image\/"}}]}},"yoast_meta":{"yoast_wpseo_title":"","yoast_wpseo_metadesc":"","yoast_wpseo_canonical":""},"_links":{"self":[{"href":"https:\/\/exceladvisor.org\/es\/wp-json\/wp\/v2\/pages\/697","targetHints":{"allow":["GET"]}}],"collection":[{"href":"https:\/\/exceladvisor.org\/es\/wp-json\/wp\/v2\/pages"}],"about":[{"href":"https:\/\/exceladvisor.org\/es\/wp-json\/wp\/v2\/types\/page"}],"author":[{"embeddable":true,"href":"https:\/\/exceladvisor.org\/es\/wp-json\/wp\/v2\/users\/1"}],"replies":[{"embeddable":true,"href":"https:\/\/exceladvisor.org\/es\/wp-json\/wp\/v2\/comments?post=697"}],"version-history":[{"count":1,"href":"https:\/\/exceladvisor.org\/es\/wp-json\/wp\/v2\/pages\/697\/revisions"}],"predecessor-version":[{"id":787,"href":"https:\/\/exceladvisor.org\/es\/wp-json\/wp\/v2\/pages\/697\/revisions\/787"}],"wp:attachment":[{"href":"https:\/\/exceladvisor.org\/es\/wp-json\/wp\/v2\/media?parent=697"}],"curies":[{"name":"wp","href":"https:\/\/api.w.org\/{rel}","templated":true}]}}