{"id":698,"date":"2023-09-26T07:28:02","date_gmt":"2023-09-26T07:28:02","guid":{"rendered":"https:\/\/exceladvisor.org\/es\/mostrar-columnas\/"},"modified":"2023-12-25T10:32:28","modified_gmt":"2023-12-25T10:32:28","slug":"mostrar-columnas","status":"publish","type":"page","link":"https:\/\/exceladvisor.org\/es\/mostrar-columnas\/","title":{"rendered":"Acceso directo de excel para mostrar columnas"},"content":{"rendered":"<div class=\"excel-antes-del-contenido\" id=\"excel-1227356103\"><script type=\"text\/javascript\">\r\n\tatOptions = {\r\n\t\t'key' : 'c1158f160081d6540a8409e6925dab94',\r\n\t\t'format' : 'iframe',\r\n\t\t'height' : 250,\r\n\t\t'width' : 300,\r\n\t\t'params' : {}\r\n\t};\r\n<\/script>\r\n<script type=\"text\/javascript\" src=\"\/\/www.highperformanceformat.com\/c1158f160081d6540a8409e6925dab94\/invoke.js\"><\/script><\/div><p>En Excel, los usuarios a veces ocultan ciertas columnas cuando trabajan con datos y se olvidan de mostrar las columnas antes de compartir el archivo u ocultan columnas que asumen que no son relevantes para el receptor y comparten el archivo con columnas ocultas y el receptor obtiene el archivo con columnas ocultas. .<\/p>\n<p> Pero muchas veces deseas revisar las columnas de visualizaci\u00f3n y por eso no debes preocuparte porque Excel tiene varias formas de mostrar las columnas manualmente o usando atajos de teclado.<\/p>\n<p> En este tutorial, hemos explicado las teclas de acceso directo para mostrar columnas.<\/p>\n<h2 class=\"wp-block-heading\"> Atajo de teclado para mostrar columnas en Excel<\/h2>\n<p> Hay varios atajos de teclado para mostrar columnas, pero algunos atajos para mostrar columnas no funcionan para todos y hay que cambiar la configuraci\u00f3n de Excel para que funcionen, pero aqu\u00ed hemos capturado solo los atajos que funcionar\u00e1n para todos.<\/p>\n<p> <kbd>Otro<\/kbd> \u2192 <kbd>O<\/kbd> \u2192 <kbd>C<\/kbd> \u2192 <kbd>U<\/kbd> <\/p>\n<div class=\"wp-block-image\">\n<figure class=\"aligncenter size-full is-resized\"><img loading=\"lazy\" decoding=\"async\" class=\"wp-image-69491\" src=\"https:\/\/exceladvisor.org\/wp-content\/uploads\/2023\/08\/1-afficher-la-colonne-a-laide-du-raccourci-clavier.png\" sizes=\"auto, \" srcset=\"\" alt=\"mostrar-columna-usando-atajo-de-teclado\" width=\"837\" height=\"328\"><\/figure>\n<\/div>\n<p> <kbd>Alt<\/kbd> \u2192 <kbd>H<\/kbd> \u2192 <kbd>O<\/kbd> \u2192 <kbd>U<\/kbd> \u2192 <kbd>L<\/kbd> <\/p>\n<div class=\"wp-block-image\">\n<figure class=\"aligncenter size-full is-resized\"><img loading=\"lazy\" decoding=\"async\" class=\"wp-image-69492\" src=\"https:\/\/exceladvisor.org\/wp-content\/uploads\/2023\/08\/2-raccourci-clavier-pour-afficher-les-colonnes.png\" sizes=\"auto, \" srcset=\"\" alt=\"m\u00e9todo abreviado de teclado para mostrar columnas\" width=\"837\" height=\"328\"><\/figure>\n<\/div>\n<h2 class=\"wp-block-heading\"> Pasos para mostrar columnas usando atajos de teclado<\/h2>\n<ol>\n<li> Primero, presione <kbd>Ctrl<\/kbd> + <kbd>A<\/kbd> + <kbd>A<\/kbd> para seleccionar la hoja completa y mostrar todas las columnas ocultas de toda la hoja.<\/li>\n<li> O seleccione solo el rango de columnas espec\u00edfico usando las teclas de flecha Ctrl + Espacio y May\u00fas + &lt; o &gt; si desea mostrar columnas solo de ese rango de columnas espec\u00edfico y no de toda la hoja.<\/li>\n<li> Una vez seleccionada toda la hoja o un rango de columnas espec\u00edfico, simplemente presione las teclas de acceso r\u00e1pido Alt \u2192 O \u2192 C \u2192 U o Alt \u2192 H \u2192 O \u2192 U \u2192 L, y las columnas ocultas se volver\u00e1n visibles. <\/li>\n<\/ol>\n<div class=\"wp-block-group more-tutorials is-layout-flow\">\n<div class=\"wp-block-group__inner-container\">\n<h2 class=\"wp-block-heading\"> M\u00e1s tutoriales <\/h2>\n<div class=\"wp-block-columns is-layout-flex wp-container-43\">\n<div class=\"wp-block-column is-layout-flow\">\n<ul>\n<li> <a href=\"https:\/\/exceladvisor.org\/es\/agregar-la-columna-1\/\">Agregar una columna<\/a><\/li>\n<li> <a href=\"https:\/\/exceladvisor.org\/es\/eliminar-celda\/\">Eliminar celda<\/a><\/li>\n<li> <a href=\"https:\/\/exceladvisor.org\/es\/eliminar-linea\/\">Eliminar filas<\/a><\/li>\n<li> <a href=\"https:\/\/exceladvisor.org\/es\/editar-celda\/\">Editar celda<\/a><\/li>\n<\/ul>\n<\/div>\n<div class=\"wp-block-column is-layout-flow\">\n<ul>\n<li> <a href=\"https:\/\/exceladvisor.org\/es\/insertar-una-celda\/\">Insertar una celda<\/a><\/li>\n<li> <a href=\"https:\/\/exceladvisor.org\/es\/insertar-una-linea\/\">Insertar \u2013 Agregar filas<\/a><\/li>\n<li> <a href=\"https:\/\/exceladvisor.org\/es\/fusionar-disociar-celdas-1\/\">Fusionar y separar celdas<\/a><\/li>\n<\/ul>\n<\/div>\n<\/div>\n<p> \u21e0 Volver a <a href=\"https:\/\/exceladvisor.org\/es\/atajos-de-teclado\/\">los atajos de Excel (hoja de referencia en PDF)<\/a><\/p>\n<\/div>\n<\/div>\n","protected":false},"excerpt":{"rendered":"<p>En Excel, los usuarios a veces ocultan ciertas columnas cuando trabajan con datos y se olvidan de mostrar las columnas antes de compartir el archivo u ocultan columnas que asumen que no son relevantes para el receptor y comparten el archivo con columnas ocultas y el receptor obtiene el archivo con columnas ocultas. . Pero [&hellip;]<\/p>\n","protected":false},"author":1,"featured_media":0,"parent":0,"menu_order":0,"comment_status":"open","ping_status":"closed","template":"","meta":{"ub_ctt_via":"","footnotes":""},"class_list":["post-698","page","type-page","status-publish","hentry"],"featured_image_src":null,"yoast_head":"<!-- This site is optimized with the Yoast SEO plugin v25.4 - https:\/\/yoast.com\/wordpress\/plugins\/seo\/ -->\n<title>Acceso directo de excel para mostrar columnas<\/title>\n<meta name=\"robots\" content=\"index, follow, max-snippet:-1, max-image-preview:large, max-video-preview:-1\" \/>\n<link rel=\"canonical\" href=\"https:\/\/exceladvisor.org\/es\/mostrar-columnas\/\" \/>\n<meta property=\"og:locale\" content=\"es_ES\" \/>\n<meta property=\"og:type\" content=\"article\" \/>\n<meta property=\"og:title\" content=\"Acceso directo de excel para mostrar columnas\" \/>\n<meta property=\"og:description\" content=\"En Excel, los usuarios a veces ocultan ciertas columnas cuando trabajan con datos y se olvidan de mostrar las columnas antes de compartir el archivo u ocultan columnas que asumen que no son relevantes para el receptor y comparten el archivo con columnas ocultas y el receptor obtiene el archivo con columnas ocultas. . Pero [&hellip;]\" \/>\n<meta property=\"og:url\" content=\"https:\/\/exceladvisor.org\/es\/mostrar-columnas\/\" \/>\n<meta property=\"og:site_name\" content=\"Excel Advisor\" \/>\n<meta property=\"article:modified_time\" content=\"2023-12-25T10:32:28+00:00\" \/>\n<meta property=\"og:image\" content=\"https:\/\/exceladvisor.org\/wp-content\/uploads\/2023\/08\/1-afficher-la-colonne-a-laide-du-raccourci-clavier.png\" \/>\n<meta name=\"twitter:card\" content=\"summary_large_image\" \/>\n<meta name=\"twitter:label1\" content=\"Tiempo de lectura\" \/>\n\t<meta name=\"twitter:data1\" content=\"1 minuto\" \/>\n<script type=\"application\/ld+json\" class=\"yoast-schema-graph\">{\"@context\":\"https:\/\/schema.org\",\"@graph\":[{\"@type\":\"WebPage\",\"@id\":\"https:\/\/exceladvisor.org\/es\/mostrar-columnas\/\",\"url\":\"https:\/\/exceladvisor.org\/es\/mostrar-columnas\/\",\"name\":\"Acceso directo de excel para mostrar columnas\",\"isPartOf\":{\"@id\":\"https:\/\/exceladvisor.org\/es\/#website\"},\"primaryImageOfPage\":{\"@id\":\"https:\/\/exceladvisor.org\/es\/mostrar-columnas\/#primaryimage\"},\"image\":{\"@id\":\"https:\/\/exceladvisor.org\/es\/mostrar-columnas\/#primaryimage\"},\"thumbnailUrl\":\"https:\/\/exceladvisor.org\/wp-content\/uploads\/2023\/08\/1-afficher-la-colonne-a-laide-du-raccourci-clavier.png\",\"datePublished\":\"2023-09-26T07:28:02+00:00\",\"dateModified\":\"2023-12-25T10:32:28+00:00\",\"breadcrumb\":{\"@id\":\"https:\/\/exceladvisor.org\/es\/mostrar-columnas\/#breadcrumb\"},\"inLanguage\":\"es\",\"potentialAction\":[{\"@type\":\"ReadAction\",\"target\":[\"https:\/\/exceladvisor.org\/es\/mostrar-columnas\/\"]}]},{\"@type\":\"ImageObject\",\"inLanguage\":\"es\",\"@id\":\"https:\/\/exceladvisor.org\/es\/mostrar-columnas\/#primaryimage\",\"url\":\"https:\/\/exceladvisor.org\/wp-content\/uploads\/2023\/08\/1-afficher-la-colonne-a-laide-du-raccourci-clavier.png\",\"contentUrl\":\"https:\/\/exceladvisor.org\/wp-content\/uploads\/2023\/08\/1-afficher-la-colonne-a-laide-du-raccourci-clavier.png\"},{\"@type\":\"BreadcrumbList\",\"@id\":\"https:\/\/exceladvisor.org\/es\/mostrar-columnas\/#breadcrumb\",\"itemListElement\":[{\"@type\":\"ListItem\",\"position\":1,\"name\":\"Hogar\",\"item\":\"https:\/\/exceladvisor.org\/es\/\"},{\"@type\":\"ListItem\",\"position\":2,\"name\":\"Acceso directo de excel para mostrar columnas\"}]},{\"@type\":\"WebSite\",\"@id\":\"https:\/\/exceladvisor.org\/es\/#website\",\"url\":\"https:\/\/exceladvisor.org\/es\/\",\"name\":\"Excel Advisor\",\"description\":\"Su gu\u00eda para la dominaci\u00f3n de datos!\",\"publisher\":{\"@id\":\"https:\/\/exceladvisor.org\/es\/#organization\"},\"potentialAction\":[{\"@type\":\"SearchAction\",\"target\":{\"@type\":\"EntryPoint\",\"urlTemplate\":\"https:\/\/exceladvisor.org\/es\/?s={search_term_string}\"},\"query-input\":{\"@type\":\"PropertyValueSpecification\",\"valueRequired\":true,\"valueName\":\"search_term_string\"}}],\"inLanguage\":\"es\"},{\"@type\":\"Organization\",\"@id\":\"https:\/\/exceladvisor.org\/es\/#organization\",\"name\":\"Excel Advisor\",\"url\":\"https:\/\/exceladvisor.org\/es\/\",\"logo\":{\"@type\":\"ImageObject\",\"inLanguage\":\"es\",\"@id\":\"https:\/\/exceladvisor.org\/es\/#\/schema\/logo\/image\/\",\"url\":\"https:\/\/exceladvisor.org\/es\/wp-content\/uploads\/2023\/12\/exceladvisor.org_.png\",\"contentUrl\":\"https:\/\/exceladvisor.org\/es\/wp-content\/uploads\/2023\/12\/exceladvisor.org_.png\",\"width\":105,\"height\":36,\"caption\":\"Excel Advisor\"},\"image\":{\"@id\":\"https:\/\/exceladvisor.org\/es\/#\/schema\/logo\/image\/\"}}]}<\/script>\n<!-- \/ Yoast SEO plugin. -->","yoast_head_json":{"title":"Acceso directo de excel para mostrar columnas","robots":{"index":"index","follow":"follow","max-snippet":"max-snippet:-1","max-image-preview":"max-image-preview:large","max-video-preview":"max-video-preview:-1"},"canonical":"https:\/\/exceladvisor.org\/es\/mostrar-columnas\/","og_locale":"es_ES","og_type":"article","og_title":"Acceso directo de excel para mostrar columnas","og_description":"En Excel, los usuarios a veces ocultan ciertas columnas cuando trabajan con datos y se olvidan de mostrar las columnas antes de compartir el archivo u ocultan columnas que asumen que no son relevantes para el receptor y comparten el archivo con columnas ocultas y el receptor obtiene el archivo con columnas ocultas. . Pero [&hellip;]","og_url":"https:\/\/exceladvisor.org\/es\/mostrar-columnas\/","og_site_name":"Excel Advisor","article_modified_time":"2023-12-25T10:32:28+00:00","og_image":[{"url":"https:\/\/exceladvisor.org\/wp-content\/uploads\/2023\/08\/1-afficher-la-colonne-a-laide-du-raccourci-clavier.png","type":"","width":"","height":""}],"twitter_card":"summary_large_image","twitter_misc":{"Tiempo de lectura":"1 minuto"},"schema":{"@context":"https:\/\/schema.org","@graph":[{"@type":"WebPage","@id":"https:\/\/exceladvisor.org\/es\/mostrar-columnas\/","url":"https:\/\/exceladvisor.org\/es\/mostrar-columnas\/","name":"Acceso directo de excel para mostrar columnas","isPartOf":{"@id":"https:\/\/exceladvisor.org\/es\/#website"},"primaryImageOfPage":{"@id":"https:\/\/exceladvisor.org\/es\/mostrar-columnas\/#primaryimage"},"image":{"@id":"https:\/\/exceladvisor.org\/es\/mostrar-columnas\/#primaryimage"},"thumbnailUrl":"https:\/\/exceladvisor.org\/wp-content\/uploads\/2023\/08\/1-afficher-la-colonne-a-laide-du-raccourci-clavier.png","datePublished":"2023-09-26T07:28:02+00:00","dateModified":"2023-12-25T10:32:28+00:00","breadcrumb":{"@id":"https:\/\/exceladvisor.org\/es\/mostrar-columnas\/#breadcrumb"},"inLanguage":"es","potentialAction":[{"@type":"ReadAction","target":["https:\/\/exceladvisor.org\/es\/mostrar-columnas\/"]}]},{"@type":"ImageObject","inLanguage":"es","@id":"https:\/\/exceladvisor.org\/es\/mostrar-columnas\/#primaryimage","url":"https:\/\/exceladvisor.org\/wp-content\/uploads\/2023\/08\/1-afficher-la-colonne-a-laide-du-raccourci-clavier.png","contentUrl":"https:\/\/exceladvisor.org\/wp-content\/uploads\/2023\/08\/1-afficher-la-colonne-a-laide-du-raccourci-clavier.png"},{"@type":"BreadcrumbList","@id":"https:\/\/exceladvisor.org\/es\/mostrar-columnas\/#breadcrumb","itemListElement":[{"@type":"ListItem","position":1,"name":"Hogar","item":"https:\/\/exceladvisor.org\/es\/"},{"@type":"ListItem","position":2,"name":"Acceso directo de excel para mostrar columnas"}]},{"@type":"WebSite","@id":"https:\/\/exceladvisor.org\/es\/#website","url":"https:\/\/exceladvisor.org\/es\/","name":"Excel Advisor","description":"Su gu\u00eda para la dominaci\u00f3n de datos!","publisher":{"@id":"https:\/\/exceladvisor.org\/es\/#organization"},"potentialAction":[{"@type":"SearchAction","target":{"@type":"EntryPoint","urlTemplate":"https:\/\/exceladvisor.org\/es\/?s={search_term_string}"},"query-input":{"@type":"PropertyValueSpecification","valueRequired":true,"valueName":"search_term_string"}}],"inLanguage":"es"},{"@type":"Organization","@id":"https:\/\/exceladvisor.org\/es\/#organization","name":"Excel Advisor","url":"https:\/\/exceladvisor.org\/es\/","logo":{"@type":"ImageObject","inLanguage":"es","@id":"https:\/\/exceladvisor.org\/es\/#\/schema\/logo\/image\/","url":"https:\/\/exceladvisor.org\/es\/wp-content\/uploads\/2023\/12\/exceladvisor.org_.png","contentUrl":"https:\/\/exceladvisor.org\/es\/wp-content\/uploads\/2023\/12\/exceladvisor.org_.png","width":105,"height":36,"caption":"Excel Advisor"},"image":{"@id":"https:\/\/exceladvisor.org\/es\/#\/schema\/logo\/image\/"}}]}},"yoast_meta":{"yoast_wpseo_title":"","yoast_wpseo_metadesc":"","yoast_wpseo_canonical":""},"_links":{"self":[{"href":"https:\/\/exceladvisor.org\/es\/wp-json\/wp\/v2\/pages\/698","targetHints":{"allow":["GET"]}}],"collection":[{"href":"https:\/\/exceladvisor.org\/es\/wp-json\/wp\/v2\/pages"}],"about":[{"href":"https:\/\/exceladvisor.org\/es\/wp-json\/wp\/v2\/types\/page"}],"author":[{"embeddable":true,"href":"https:\/\/exceladvisor.org\/es\/wp-json\/wp\/v2\/users\/1"}],"replies":[{"embeddable":true,"href":"https:\/\/exceladvisor.org\/es\/wp-json\/wp\/v2\/comments?post=698"}],"version-history":[{"count":1,"href":"https:\/\/exceladvisor.org\/es\/wp-json\/wp\/v2\/pages\/698\/revisions"}],"predecessor-version":[{"id":1420,"href":"https:\/\/exceladvisor.org\/es\/wp-json\/wp\/v2\/pages\/698\/revisions\/1420"}],"wp:attachment":[{"href":"https:\/\/exceladvisor.org\/es\/wp-json\/wp\/v2\/media?parent=698"}],"curies":[{"name":"wp","href":"https:\/\/api.w.org\/{rel}","templated":true}]}}