{"id":70,"date":"2023-11-17T11:16:22","date_gmt":"2023-11-17T11:16:22","guid":{"rendered":"https:\/\/exceladvisor.org\/es\/cerrar-el-libro-de-trabajo\/"},"modified":"2023-12-25T10:24:12","modified_gmt":"2023-12-25T10:24:12","slug":"cerrar-el-libro-de-trabajo","status":"publish","type":"page","link":"https:\/\/exceladvisor.org\/es\/cerrar-el-libro-de-trabajo\/","title":{"rendered":"\u00bfc\u00f3mo cerrar un libro de excel usando vba?"},"content":{"rendered":"<div class=\"excel-antes-del-contenido\" id=\"excel-2750838089\"><script type=\"text\/javascript\">\r\n\tatOptions = {\r\n\t\t'key' : 'c1158f160081d6540a8409e6925dab94',\r\n\t\t'format' : 'iframe',\r\n\t\t'height' : 250,\r\n\t\t'width' : 300,\r\n\t\t'params' : {}\r\n\t};\r\n<\/script>\r\n<script type=\"text\/javascript\" src=\"\/\/www.highperformanceformat.com\/c1158f160081d6540a8409e6925dab94\/invoke.js\"><\/script><\/div><p>Para cerrar un archivo de Excel, debe utilizar el m\u00e9todo \u00abCerrar\u00bb. Con este m\u00e9todo, puede especificar si desea guardar los cambios o no. Y, si desea guardar y cerrar un archivo que a\u00fan no est\u00e1 guardado, puede especificar la ruta donde desea guardarlo antes de cerrarlo.<\/p>\n<p> Aqu\u00ed est\u00e1 la sintaxis del m\u00e9todo close. <\/p>\n<pre class=\"wp-block-code\"> <code class=\"language-visual-basic\" lang=\"visual-basic\">Workbook.Close (SaveChanges, FileName, RouteWorkbook)<\/code><\/pre>\n<div class=\"wp-block-image\">\n<figure class=\"aligncenter size-large is-resized\"><img loading=\"lazy\" decoding=\"async\" class=\"wp-image-53194\" src=\"https:\/\/exceladvisor.org\/wp-content\/uploads\/2023\/08\/1-fermer-un-classeur-en-utilisant-vba.png\" sizes=\"auto, \" srcset=\"\" alt=\"cerrar un libro con vba\" width=\"599\" height=\"179\"><\/figure>\n<\/div>\n<h2 class=\"wp-block-heading\"> <strong>Pasos para cerrar un libro de trabajo<\/strong><\/h2>\n<ol type=\"1\">\n<li> Especifique el libro que desea cerrar.<\/li>\n<li> Utilice el m\u00e9todo de cierre con este libro de trabajo.<\/li>\n<li> En el m\u00e9todo del c\u00f3digo, indique si desea guardar el archivo o no.<\/li>\n<li> Al final mencione la ruta donde desea guardar el archivo antes de cerrarlo.<\/li>\n<\/ol>\n<p> En este tutorial, veremos diferentes formas de cerrar un libro en Excel usando VBA.<\/p>\n<p class=\"content-box-grey\"> <em>Enlaces \u00fatiles: <a href=\"https:\/\/exceladvisor.org\/es\/ejecutar-una-macro-2\/\">Ejecutar una macro<\/a> \u2013 <a href=\"https:\/\/exceladvisor.org\/es\/grabar-una-macro\/\">Grabador de macros<\/a> \u2013 <a href=\"https:\/\/exceladvisor.org\/es\/editor-visual-basico\/\">Editor de Visual Basic<\/a> \u2013 <a href=\"https:\/\/exceladvisor.org\/es\/cuaderno-macro-personal\/\">Manual de macros personales<\/a><\/em><\/p>\n<h2 class=\"wp-block-heading\"> <strong>Cerrar un libro sin guardar<\/strong><\/h2>\n<p> Si desea guardar el libro activo sin guardarlo, debe usar un c\u00f3digo como este.<\/p>\n<pre class=\"wp-block-code\"> <code class=\"language-visual-basic\" lang=\"visual-basic\">ActiveWorkbook.Close SaveChanges:=False<\/code><\/pre>\n<p> En este c\u00f3digo, especifiqu\u00e9 \u00abFalso\u00bb para el argumento \u00abGuardar cambios\u00bb. Por lo tanto, VBA ignorar\u00e1 si hay cambios en el libro que no se guardan. Y si desea cerrar un libro de trabajo espec\u00edfico, puede usar el nombre de ese libro de trabajo. Al igual que el siguiente c\u00f3digo.<\/p>\n<pre class=\"wp-block-code\"> <code class=\"language-visual-basic\" lang=\"visual-basic\">Workbooks(\"book1\").Close SaveChanges:=False<\/code><\/pre>\n<p> Si tiene datos en el libro e ignora el argumento \u00abGuardar cambios\u00bb, Excel mostrar\u00e1 un cuadro de di\u00e1logo para confirmar si desea guardar el libro o no. El punto es este: es mejor especificar el argumento \u00abSaveChanges\u00bb incluso si es opcional.<\/p>\n<h2 class=\"wp-block-heading\"> <strong>Cerrar un libro de trabajo despu\u00e9s de guardarlo<\/strong><\/h2>\n<p> Como vio, hay un argumento en el m\u00e9todo CLOSE para especificar la ubicaci\u00f3n de la ruta. Supongamos que desea guardar el \u00abLibro6\u00bb en la carpeta del escritorio. Aqu\u00ed est\u00e1 el c\u00f3digo que necesitas usar.<\/p>\n<pre class=\"wp-block-code\"> <code class=\"language-visual-basic\" lang=\"visual-basic\">Workbooks(\"Book6\").Close _ SaveChanges:=True, _ Filename:=\"C:UsersDellDesktopmyFoldermyFile.xlsx\"<\/code><\/pre>\n<p> Este c\u00f3digo guardar\u00e1 el libro de trabajo \u00abLibro6\u00bb en la carpeta guardada en mi escritorio con el nombre \u00abmyFILE.xlsx\u00bb. <strong>Pero aqu\u00ed hay una cosa de la que debes ocuparte:<\/strong> si ya tienes un libro con el mismo nombre, reemplazar\u00e1 ese archivo por el nuevo.<\/p>\n<p> No te preocupes, hay una soluci\u00f3n que puedes utilizar. El siguiente c\u00f3digo verifica si hay un archivo con el nombre que desea usar<\/p>\n<pre class=\"wp-block-code\"> <code class=\"language-visual-basic\" lang=\"visual-basic\">Sub vba_close_workbook() Dim wbCheck As String wbCheck = Dir(\"C:UsersDellDesktopmyFoldermyFile.xlsx\") If wbCheck = \"\" Then Workbooks(\"Book6\").Close _ SaveChanges:=True, _ Filename:=\"C:UsersDellDesktopmyFoldermyFile.xlsx\" Else MsgBox \"Error! Name already used.\" End If End Sub<\/code><\/pre>\n<div class=\"gb-container gb-container-4db6181c gb-container-mt\"> <a class=\"gb-button gb-button-c5897111 gb-button-text gb-button-mt-button\" href=\"https:\/\/exceladvisor.org\/es\/vba\/\">\u00bfQu\u00e9 es VBA?<\/a><\/p>\n<h2 class=\"gb-headline gb-headline-665e5f6b gb-headline-text gb-headline-mt-heading\"> Tutoriales relacionados <\/h2>\n<div class=\"gb-grid-wrapper gb-grid-wrapper-a20baf7c gb-grid-wrapper-mt-grid\">\n<div class=\"gb-grid-column gb-grid-column-65ddf67e\">\n<div class=\"gb-container gb-container-65ddf67e\">\n<ul>\n<li> <a href=\"https:\/\/exceladvisor.org\/es\/copiar-archivo-excel\/\">Copie un archivo de Excel (libro de trabajo) usando VBA<\/a><\/li>\n<li> <a href=\"https:\/\/exceladvisor.org\/es\/activar-libro-de-trabajo\/\">VBA Activar libro de trabajo (archivo Excel)<\/a><\/li>\n<li> <a href=\"https:\/\/exceladvisor.org\/es\/combinar-libros-de-trabajo\/\">Combinar libros de trabajo de VBA (archivos Excel)<\/a><\/li>\n<li> <a href=\"https:\/\/exceladvisor.org\/es\/crear-un-libro-de-trabajo\/\">VBA Crear un nuevo libro de trabajo (archivo Excel)<\/a><\/li>\n<li> <a href=\"https:\/\/exceladvisor.org\/es\/borrar-archivo\/\">VBA Eliminar libro de trabajo (archivo Excel)<\/a><\/li>\n<\/ul>\n<\/div>\n<\/div>\n<\/div>\n<\/div>\n","protected":false},"excerpt":{"rendered":"<p>Para cerrar un archivo de Excel, debe utilizar el m\u00e9todo \u00abCerrar\u00bb. Con este m\u00e9todo, puede especificar si desea guardar los cambios o no. Y, si desea guardar y cerrar un archivo que a\u00fan no est\u00e1 guardado, puede especificar la ruta donde desea guardarlo antes de cerrarlo. Aqu\u00ed est\u00e1 la sintaxis del m\u00e9todo close. Workbook.Close (SaveChanges, [&hellip;]<\/p>\n","protected":false},"author":1,"featured_media":0,"parent":0,"menu_order":0,"comment_status":"open","ping_status":"closed","template":"","meta":{"ub_ctt_via":"","footnotes":""},"class_list":["post-70","page","type-page","status-publish","hentry"],"featured_image_src":null,"yoast_head":"<!-- This site is optimized with the Yoast SEO plugin v25.4 - https:\/\/yoast.com\/wordpress\/plugins\/seo\/ -->\n<title>\u00bfc\u00f3mo cerrar un libro de excel usando vba?<\/title>\n<meta name=\"robots\" content=\"index, follow, max-snippet:-1, max-image-preview:large, max-video-preview:-1\" \/>\n<link rel=\"canonical\" href=\"https:\/\/exceladvisor.org\/es\/cerrar-el-libro-de-trabajo\/\" \/>\n<meta property=\"og:locale\" content=\"es_ES\" \/>\n<meta property=\"og:type\" content=\"article\" \/>\n<meta property=\"og:title\" content=\"\u00bfc\u00f3mo cerrar un libro de excel usando vba?\" \/>\n<meta property=\"og:description\" content=\"Para cerrar un archivo de Excel, debe utilizar el m\u00e9todo \u00abCerrar\u00bb. Con este m\u00e9todo, puede especificar si desea guardar los cambios o no. Y, si desea guardar y cerrar un archivo que a\u00fan no est\u00e1 guardado, puede especificar la ruta donde desea guardarlo antes de cerrarlo. Aqu\u00ed est\u00e1 la sintaxis del m\u00e9todo close. Workbook.Close (SaveChanges, [&hellip;]\" \/>\n<meta property=\"og:url\" content=\"https:\/\/exceladvisor.org\/es\/cerrar-el-libro-de-trabajo\/\" \/>\n<meta property=\"og:site_name\" content=\"Excel Advisor\" \/>\n<meta property=\"article:modified_time\" content=\"2023-12-25T10:24:12+00:00\" \/>\n<meta property=\"og:image\" content=\"https:\/\/exceladvisor.org\/wp-content\/uploads\/2023\/08\/1-fermer-un-classeur-en-utilisant-vba.png\" \/>\n<meta name=\"twitter:card\" content=\"summary_large_image\" \/>\n<meta name=\"twitter:label1\" content=\"Tiempo de lectura\" \/>\n\t<meta name=\"twitter:data1\" content=\"2 minutos\" \/>\n<script type=\"application\/ld+json\" class=\"yoast-schema-graph\">{\"@context\":\"https:\/\/schema.org\",\"@graph\":[{\"@type\":\"WebPage\",\"@id\":\"https:\/\/exceladvisor.org\/es\/cerrar-el-libro-de-trabajo\/\",\"url\":\"https:\/\/exceladvisor.org\/es\/cerrar-el-libro-de-trabajo\/\",\"name\":\"\u00bfc\u00f3mo cerrar un libro de excel usando vba?\",\"isPartOf\":{\"@id\":\"https:\/\/exceladvisor.org\/es\/#website\"},\"primaryImageOfPage\":{\"@id\":\"https:\/\/exceladvisor.org\/es\/cerrar-el-libro-de-trabajo\/#primaryimage\"},\"image\":{\"@id\":\"https:\/\/exceladvisor.org\/es\/cerrar-el-libro-de-trabajo\/#primaryimage\"},\"thumbnailUrl\":\"https:\/\/exceladvisor.org\/wp-content\/uploads\/2023\/08\/1-fermer-un-classeur-en-utilisant-vba.png\",\"datePublished\":\"2023-11-17T11:16:22+00:00\",\"dateModified\":\"2023-12-25T10:24:12+00:00\",\"breadcrumb\":{\"@id\":\"https:\/\/exceladvisor.org\/es\/cerrar-el-libro-de-trabajo\/#breadcrumb\"},\"inLanguage\":\"es\",\"potentialAction\":[{\"@type\":\"ReadAction\",\"target\":[\"https:\/\/exceladvisor.org\/es\/cerrar-el-libro-de-trabajo\/\"]}]},{\"@type\":\"ImageObject\",\"inLanguage\":\"es\",\"@id\":\"https:\/\/exceladvisor.org\/es\/cerrar-el-libro-de-trabajo\/#primaryimage\",\"url\":\"https:\/\/exceladvisor.org\/wp-content\/uploads\/2023\/08\/1-fermer-un-classeur-en-utilisant-vba.png\",\"contentUrl\":\"https:\/\/exceladvisor.org\/wp-content\/uploads\/2023\/08\/1-fermer-un-classeur-en-utilisant-vba.png\"},{\"@type\":\"BreadcrumbList\",\"@id\":\"https:\/\/exceladvisor.org\/es\/cerrar-el-libro-de-trabajo\/#breadcrumb\",\"itemListElement\":[{\"@type\":\"ListItem\",\"position\":1,\"name\":\"Hogar\",\"item\":\"https:\/\/exceladvisor.org\/es\/\"},{\"@type\":\"ListItem\",\"position\":2,\"name\":\"\u00bfc\u00f3mo cerrar un libro de excel usando vba?\"}]},{\"@type\":\"WebSite\",\"@id\":\"https:\/\/exceladvisor.org\/es\/#website\",\"url\":\"https:\/\/exceladvisor.org\/es\/\",\"name\":\"Excel Advisor\",\"description\":\"Su gu\u00eda para la dominaci\u00f3n de datos!\",\"publisher\":{\"@id\":\"https:\/\/exceladvisor.org\/es\/#organization\"},\"potentialAction\":[{\"@type\":\"SearchAction\",\"target\":{\"@type\":\"EntryPoint\",\"urlTemplate\":\"https:\/\/exceladvisor.org\/es\/?s={search_term_string}\"},\"query-input\":{\"@type\":\"PropertyValueSpecification\",\"valueRequired\":true,\"valueName\":\"search_term_string\"}}],\"inLanguage\":\"es\"},{\"@type\":\"Organization\",\"@id\":\"https:\/\/exceladvisor.org\/es\/#organization\",\"name\":\"Excel Advisor\",\"url\":\"https:\/\/exceladvisor.org\/es\/\",\"logo\":{\"@type\":\"ImageObject\",\"inLanguage\":\"es\",\"@id\":\"https:\/\/exceladvisor.org\/es\/#\/schema\/logo\/image\/\",\"url\":\"https:\/\/exceladvisor.org\/es\/wp-content\/uploads\/2023\/12\/exceladvisor.org_.png\",\"contentUrl\":\"https:\/\/exceladvisor.org\/es\/wp-content\/uploads\/2023\/12\/exceladvisor.org_.png\",\"width\":105,\"height\":36,\"caption\":\"Excel Advisor\"},\"image\":{\"@id\":\"https:\/\/exceladvisor.org\/es\/#\/schema\/logo\/image\/\"}}]}<\/script>\n<!-- \/ Yoast SEO plugin. -->","yoast_head_json":{"title":"\u00bfc\u00f3mo cerrar un libro de excel usando vba?","robots":{"index":"index","follow":"follow","max-snippet":"max-snippet:-1","max-image-preview":"max-image-preview:large","max-video-preview":"max-video-preview:-1"},"canonical":"https:\/\/exceladvisor.org\/es\/cerrar-el-libro-de-trabajo\/","og_locale":"es_ES","og_type":"article","og_title":"\u00bfc\u00f3mo cerrar un libro de excel usando vba?","og_description":"Para cerrar un archivo de Excel, debe utilizar el m\u00e9todo \u00abCerrar\u00bb. Con este m\u00e9todo, puede especificar si desea guardar los cambios o no. Y, si desea guardar y cerrar un archivo que a\u00fan no est\u00e1 guardado, puede especificar la ruta donde desea guardarlo antes de cerrarlo. Aqu\u00ed est\u00e1 la sintaxis del m\u00e9todo close. Workbook.Close (SaveChanges, [&hellip;]","og_url":"https:\/\/exceladvisor.org\/es\/cerrar-el-libro-de-trabajo\/","og_site_name":"Excel Advisor","article_modified_time":"2023-12-25T10:24:12+00:00","og_image":[{"url":"https:\/\/exceladvisor.org\/wp-content\/uploads\/2023\/08\/1-fermer-un-classeur-en-utilisant-vba.png","type":"","width":"","height":""}],"twitter_card":"summary_large_image","twitter_misc":{"Tiempo de lectura":"2 minutos"},"schema":{"@context":"https:\/\/schema.org","@graph":[{"@type":"WebPage","@id":"https:\/\/exceladvisor.org\/es\/cerrar-el-libro-de-trabajo\/","url":"https:\/\/exceladvisor.org\/es\/cerrar-el-libro-de-trabajo\/","name":"\u00bfc\u00f3mo cerrar un libro de excel usando vba?","isPartOf":{"@id":"https:\/\/exceladvisor.org\/es\/#website"},"primaryImageOfPage":{"@id":"https:\/\/exceladvisor.org\/es\/cerrar-el-libro-de-trabajo\/#primaryimage"},"image":{"@id":"https:\/\/exceladvisor.org\/es\/cerrar-el-libro-de-trabajo\/#primaryimage"},"thumbnailUrl":"https:\/\/exceladvisor.org\/wp-content\/uploads\/2023\/08\/1-fermer-un-classeur-en-utilisant-vba.png","datePublished":"2023-11-17T11:16:22+00:00","dateModified":"2023-12-25T10:24:12+00:00","breadcrumb":{"@id":"https:\/\/exceladvisor.org\/es\/cerrar-el-libro-de-trabajo\/#breadcrumb"},"inLanguage":"es","potentialAction":[{"@type":"ReadAction","target":["https:\/\/exceladvisor.org\/es\/cerrar-el-libro-de-trabajo\/"]}]},{"@type":"ImageObject","inLanguage":"es","@id":"https:\/\/exceladvisor.org\/es\/cerrar-el-libro-de-trabajo\/#primaryimage","url":"https:\/\/exceladvisor.org\/wp-content\/uploads\/2023\/08\/1-fermer-un-classeur-en-utilisant-vba.png","contentUrl":"https:\/\/exceladvisor.org\/wp-content\/uploads\/2023\/08\/1-fermer-un-classeur-en-utilisant-vba.png"},{"@type":"BreadcrumbList","@id":"https:\/\/exceladvisor.org\/es\/cerrar-el-libro-de-trabajo\/#breadcrumb","itemListElement":[{"@type":"ListItem","position":1,"name":"Hogar","item":"https:\/\/exceladvisor.org\/es\/"},{"@type":"ListItem","position":2,"name":"\u00bfc\u00f3mo cerrar un libro de excel usando vba?"}]},{"@type":"WebSite","@id":"https:\/\/exceladvisor.org\/es\/#website","url":"https:\/\/exceladvisor.org\/es\/","name":"Excel Advisor","description":"Su gu\u00eda para la dominaci\u00f3n de datos!","publisher":{"@id":"https:\/\/exceladvisor.org\/es\/#organization"},"potentialAction":[{"@type":"SearchAction","target":{"@type":"EntryPoint","urlTemplate":"https:\/\/exceladvisor.org\/es\/?s={search_term_string}"},"query-input":{"@type":"PropertyValueSpecification","valueRequired":true,"valueName":"search_term_string"}}],"inLanguage":"es"},{"@type":"Organization","@id":"https:\/\/exceladvisor.org\/es\/#organization","name":"Excel Advisor","url":"https:\/\/exceladvisor.org\/es\/","logo":{"@type":"ImageObject","inLanguage":"es","@id":"https:\/\/exceladvisor.org\/es\/#\/schema\/logo\/image\/","url":"https:\/\/exceladvisor.org\/es\/wp-content\/uploads\/2023\/12\/exceladvisor.org_.png","contentUrl":"https:\/\/exceladvisor.org\/es\/wp-content\/uploads\/2023\/12\/exceladvisor.org_.png","width":105,"height":36,"caption":"Excel Advisor"},"image":{"@id":"https:\/\/exceladvisor.org\/es\/#\/schema\/logo\/image\/"}}]}},"yoast_meta":{"yoast_wpseo_title":"","yoast_wpseo_metadesc":"","yoast_wpseo_canonical":""},"_links":{"self":[{"href":"https:\/\/exceladvisor.org\/es\/wp-json\/wp\/v2\/pages\/70","targetHints":{"allow":["GET"]}}],"collection":[{"href":"https:\/\/exceladvisor.org\/es\/wp-json\/wp\/v2\/pages"}],"about":[{"href":"https:\/\/exceladvisor.org\/es\/wp-json\/wp\/v2\/types\/page"}],"author":[{"embeddable":true,"href":"https:\/\/exceladvisor.org\/es\/wp-json\/wp\/v2\/users\/1"}],"replies":[{"embeddable":true,"href":"https:\/\/exceladvisor.org\/es\/wp-json\/wp\/v2\/comments?post=70"}],"version-history":[{"count":1,"href":"https:\/\/exceladvisor.org\/es\/wp-json\/wp\/v2\/pages\/70\/revisions"}],"predecessor-version":[{"id":909,"href":"https:\/\/exceladvisor.org\/es\/wp-json\/wp\/v2\/pages\/70\/revisions\/909"}],"wp:attachment":[{"href":"https:\/\/exceladvisor.org\/es\/wp-json\/wp\/v2\/media?parent=70"}],"curies":[{"name":"wp","href":"https:\/\/api.w.org\/{rel}","templated":true}]}}