{"id":700,"date":"2023-09-26T07:07:25","date_gmt":"2023-09-26T07:07:25","guid":{"rendered":"https:\/\/exceladvisor.org\/es\/actualizar-una-tabla-dinamica\/"},"modified":"2023-12-25T10:22:45","modified_gmt":"2023-12-25T10:22:45","slug":"actualizar-una-tabla-dinamica","status":"publish","type":"page","link":"https:\/\/exceladvisor.org\/es\/actualizar-una-tabla-dinamica\/","title":{"rendered":"\u00bfc\u00f3mo actualizar una tabla din\u00e1mica?"},"content":{"rendered":"<div class=\"excel-antes-del-contenido\" id=\"excel-3471574396\"><script type=\"text\/javascript\">\r\n\tatOptions = {\r\n\t\t'key' : 'c1158f160081d6540a8409e6925dab94',\r\n\t\t'format' : 'iframe',\r\n\t\t'height' : 250,\r\n\t\t'width' : 300,\r\n\t\t'params' : {}\r\n\t};\r\n<\/script>\r\n<script type=\"text\/javascript\" src=\"\/\/www.highperformanceformat.com\/c1158f160081d6540a8409e6925dab94\/invoke.js\"><\/script><\/div><p>Cualquier cambio en los datos no se carga en la tabla din\u00e1mica a menos que actualice. Aqu\u00ed aprenderemos varias formas de actualizar la tabla din\u00e1mica.<\/p>\n<h2 class=\"wp-block-heading\"> <strong>Actualizar manualmente<\/strong><\/h2>\n<p> La forma m\u00e1s f\u00e1cil y com\u00fan de actualizar una tabla din\u00e1mica es simplemente presionar el bot\u00f3n de actualizaci\u00f3n. Entendamos con un ejemplo sencillo. Aqu\u00ed tenemos los datos de ventas de 9 meses y una tabla din\u00e1mica simple con el producto y su cantidad de ventas. <\/p>\n<div class=\"wp-block-image\">\n<figure class=\"aligncenter size-large is-resized\"><img loading=\"lazy\" decoding=\"async\" class=\"wp-image-59026\" src=\"https:\/\/exceladvisor.org\/wp-content\/uploads\/2023\/08\/1-tableau-croise-dynamique-densemble-de-donnees.png\" sizes=\"auto, \" srcset=\"\" alt=\"tabla din\u00e1mica del conjunto de datos\" width=\"648\" height=\"325\"><\/figure>\n<\/div>\n<p> Ahora hagamos algunos cambios en los datos. Dado que nuestra tabla din\u00e1mica contiene productos y ventas, cambiaremos la cantidad de ventas de un producto. Cambiemos las ventas de \u00abGalletas\u00bb en abril, fila superior 4 a 1230 en lugar de 123 y actualicemos la tabla din\u00e1mica. <\/p>\n<div class=\"wp-block-image\">\n<figure class=\"aligncenter size-large is-resized\"><img loading=\"lazy\" decoding=\"async\" class=\"wp-image-59028\" src=\"https:\/\/exceladvisor.org\/wp-content\/uploads\/2023\/08\/2-tableaux-croises-dynamiques.png\" sizes=\"auto, \" srcset=\"\" alt=\"tabla din\u00e1mica\" width=\"351\" height=\"207\"><\/figure>\n<\/div>\n<ol>\n<li> Para comenzar, coloque el cursor en la tabla din\u00e1mica y haga clic derecho. Aqu\u00ed obtendr\u00e1 algunas opciones como en la captura de pantalla a continuaci\u00f3n. <br \/><img loading=\"lazy\" decoding=\"async\" title=\"3-cursor-en-la-tabla-pivote-y-clic derecho\" src=\"https:\/\/exceladvisor.org\/wp-content\/uploads\/2023\/08\/3-curseur-sur-le-tableau-croise-dynamique-et-clic-droit.png\" sizes=\"auto, \" srcset=\"\" alt=\"cursor-on-the-pivot-table-and-right-click\" width=\"207\" height=\"347\"><\/li>\n<li> Ahora haga clic en \u00abActualizar\u00bb. <br \/><img loading=\"lazy\" decoding=\"async\" title=\"Actualizaci\u00f3n en 4 clics\" src=\"https:\/\/exceladvisor.org\/wp-content\/uploads\/2023\/08\/4-cliquez-sur-actualiser.png\" sizes=\"auto, \" srcset=\"\" alt=\"click-on-refresh\" width=\"634\" height=\"317\"><\/li>\n<li> Se actualizan las ventas totales del producto \u201cBuiscuits\u201d.<\/li>\n<li> Esta es la forma m\u00e1s sencilla de actualizar la tabla din\u00e1mica.<\/li>\n<\/ol>\n<p> Otra forma de hacer esto es simplemente mover el cursor a cualquier lugar de la tabla din\u00e1mica para activar la pesta\u00f1a <strong>\u00abAnalizar\u00bb<\/strong> en la cinta. <\/p>\n<div class=\"wp-block-image\">\n<figure class=\"aligncenter size-large is-resized\"><img loading=\"lazy\" decoding=\"async\" class=\"wp-image-59031\" src=\"https:\/\/exceladvisor.org\/wp-content\/uploads\/2023\/08\/5-activer-longlet-analyse.png\" sizes=\"auto, \" srcset=\"\" alt=\"habilitar-an\u00e1lisis-pesta\u00f1a\" width=\"781\" height=\"157\"><\/figure>\n<\/div>\n<p> Aqu\u00ed busque el bot\u00f3n <strong>Actualizar<\/strong> . <\/p>\n<div class=\"wp-block-image\">\n<figure class=\"aligncenter size-large is-resized\"><img loading=\"lazy\" decoding=\"async\" class=\"wp-image-59032\" src=\"https:\/\/exceladvisor.org\/wp-content\/uploads\/2023\/08\/6-recherchez-le-bouton-de-rafraichissement.png\" sizes=\"auto, \" srcset=\"\" alt=\"buscar-el-bot\u00f3n-actualizar\" width=\"790\" height=\"159\"><\/figure>\n<\/div>\n<p> Ahora, haga clic en la peque\u00f1a flecha <strong>desplegable<\/strong> y haga clic en <strong>Actualizar<\/strong> . <\/p>\n<div class=\"wp-block-image\">\n<figure class=\"aligncenter size-large is-resized\"><img loading=\"lazy\" decoding=\"async\" class=\"wp-image-59033\" src=\"https:\/\/exceladvisor.org\/wp-content\/uploads\/2023\/08\/7-clics-deroulants-cliquez-sur-rafraichir.png\" sizes=\"auto, \" srcset=\"\" alt=\"hacer clic-desplegar-hacer clic-actualizar\" width=\"191\" height=\"138\"><\/figure>\n<\/div>\n<p class=\"qt-tip\"> Nota: Para varias tablas din\u00e1micas, haga clic en <strong>Actualizar todo<\/strong> . (ver esto: <a href=\"https:\/\/exceladvisor.org\/es\/actualizar-todo\/\">actualizar todas las tablas din\u00e1micas a la vez<\/a> )<\/p>\n<h2 class=\"wp-block-heading\"> <strong>Actualizar autom\u00e1ticamente la tabla din\u00e1mica cuando se abre el archivo<\/strong><\/h2>\n<p> En nuestros informes a veces utilizamos f\u00f3rmulas como AHORA y HOY que se actualizan constantemente. \u00bfQu\u00e9 pasar\u00eda si tuvi\u00e9ramos una tabla din\u00e1mica y un an\u00e1lisis vinculado a dichas f\u00f3rmulas?<\/p>\n<p> Necesitamos actualizar la tabla din\u00e1mica cada vez que abrimos o usamos la tabla din\u00e1mica. Esto parece m\u00e1s tedioso. Aqu\u00ed hay una soluci\u00f3n. Puede actualizar autom\u00e1ticamente una tabla din\u00e1mica cuando se abre.<\/p>\n<ol>\n<li> Primero, haga clic en cualquier lugar de la tabla din\u00e1mica y vaya a la pesta\u00f1a \u00abAnalizar\u00bb en la cinta. <br \/><img loading=\"lazy\" decoding=\"async\" title=\"8 pesta\u00f1a para analizar\" src=\"https:\/\/exceladvisor.org\/wp-content\/uploads\/2023\/08\/8-aller-a-longlet-analyser.png\" sizes=\"auto, \" srcset=\"\" alt=\"go-to-analyze-tab\" width=\"734\" height=\"148\"><\/li>\n<li> Ahora haga clic en el peque\u00f1o bot\u00f3n desplegable debajo de la tabla din\u00e1mica. <br \/><img loading=\"lazy\" decoding=\"async\" title=\"Tabla din\u00e1mica en 9 clics\" src=\"https:\/\/exceladvisor.org\/wp-content\/uploads\/2023\/08\/9-cliquez-sous-le-tableau-croise-dynamique.png\" sizes=\"auto, \" srcset=\"\" alt=\"click-below-pivot-table\" width=\"749\" height=\"151\"><\/li>\n<li> A continuaci\u00f3n, haga clic en <strong>Opciones<\/strong> . <br \/><img loading=\"lazy\" decoding=\"async\" title=\"Opciones en 10 clics\" src=\"https:\/\/exceladvisor.org\/wp-content\/uploads\/2023\/08\/10-cliquez-sur-les-options.png\" sizes=\"auto, \" srcset=\"\" alt=\"click-on-options\" width=\"124\" height=\"199\"><\/li>\n<li> Aqu\u00ed se abrir\u00e1 una ventana llamada <strong>\u00abOpciones de tabla din\u00e1mica<\/strong> \u00ab. Aqu\u00ed, busque la opci\u00f3n Datos. <br \/><img loading=\"lazy\" decoding=\"async\" title=\"Opci\u00f3n de datos 11 debajo de la tabla din\u00e1mica\" src=\"https:\/\/exceladvisor.org\/wp-content\/uploads\/2023\/08\/11-sous-loption-de-donnees-de-tableau-croise-dynamique.png\" sizes=\"auto, \" srcset=\"\" alt=\"under-pivot-table-data-option\" width=\"423\" height=\"514\"><\/li>\n<li> Despu\u00e9s de esta verificaci\u00f3n, marque la casilla frente a \u00bb <strong>Actualizar datos al abrir el archivo<\/strong> \u00bb y haga clic en <strong>Aceptar<\/strong> . <br \/><img loading=\"lazy\" decoding=\"async\" title=\"Actualizar-datos-en-12-clics-al-abrir-archivo\" src=\"https:\/\/exceladvisor.org\/wp-content\/uploads\/2023\/08\/Actualiser-les-donnees-en-12-clics-lors-de-louverture-du-fichier.png\" sizes=\"auto, \" srcset=\"\" alt=\"click-refresh-data-when-opening-the-file\" width=\"432\" height=\"524\"><\/li>\n<\/ol>\n<p class=\"qt-tip\"> Nota: Tambi\u00e9n puede hacer clic derecho en la tabla din\u00e1mica y hacer clic en Opciones de tabla din\u00e1mica para obtener el cuadro de di\u00e1logo. <\/p>\n<div class=\"wp-block-image\">\n<figure class=\"aligncenter size-large is-resized\"><img loading=\"lazy\" decoding=\"async\" class=\"wp-image-59039\" src=\"https:\/\/exceladvisor.org\/wp-content\/uploads\/2023\/08\/13-clic-droit-sur-le-tableau-croise-dynamique-cliquez-sur-les-options-du-tableau-croise-dynamique.png\" sizes=\"auto, \" srcset=\"\" alt=\"hacer clic derecho en la tabla din\u00e1mica hacer clic en opciones tabla din\u00e1mica\" width=\"147\" height=\"313\"><\/figure>\n<\/div>\n<h2 class=\"wp-block-heading\"> <strong>Autom\u00e1ticamente en un temporizador<\/strong><\/h2>\n<p> Para actualizar la tabla din\u00e1mica en un temporizador, debemos convertirla en un pivote OLAP (procesamiento anal\u00edtico en l\u00ednea). \u00bfParece esto complicado? Si es as\u00ed, no te preocupes. No entraremos en sus detalles. Simplemente agregue el pivote al modelo de datos para crear una tabla din\u00e1mica OLAP.<\/p>\n<ol>\n<li> Primero, cree una tabla din\u00e1mica mediante Insertar \u2192 Pivote.<\/li>\n<li> Ahora marque la casilla <strong>\u00abAgregar estos datos al modelo de datos\u00bb<\/strong> para convertirlo en un pivote OLAP. <br \/><img loading=\"lazy\" decoding=\"async\" title=\"14-marca-de-marca-agregar-este-dato-al-modelo-de-datos\" src=\"https:\/\/exceladvisor.org\/wp-content\/uploads\/2023\/08\/14-coche-ajouter-ces-donnees-au-modele-de-donnees.png\" sizes=\"auto, \" srcset=\"\" alt=\"tick-mark-add-this-data-to-data-model\" width=\"463\" height=\"415\"><\/li>\n<li> Desde all\u00ed, haga clic en la <strong>pesta\u00f1a Datos<\/strong> en la cinta y busque <strong>\u00abConsultas y conexiones<\/strong> \u00ab. <br \/><img loading=\"lazy\" decoding=\"async\" title=\"15 consultas y conexiones en la pesta\u00f1a de datos\" src=\"https:\/\/exceladvisor.org\/wp-content\/uploads\/2023\/08\/15-sur-les-requetes-et-les-connexions-de-longlet-de-donnees.png\" sizes=\"auto, \" srcset=\"\" alt=\"on-data-tab-queries-and-connections\" width=\"536\" height=\"169\"><\/li>\n<li> Tan pronto como haces clic en el bot\u00f3n \u201c <strong>Consultas y Conexiones<\/strong> \u201d, se abre un men\u00fa en el lado derecho de la hoja de c\u00e1lculo.<\/li>\n<li> Aqu\u00ed haga clic en <strong>conexiones<\/strong> y haga clic derecho en la hoja de trabajo de conexi\u00f3n para ir a propiedades. <br \/><img loading=\"lazy\" decoding=\"async\" title=\"16-clic derecho en la hoja de inicio de sesi\u00f3n para propiedades de acceso\" src=\"https:\/\/exceladvisor.org\/wp-content\/uploads\/2023\/08\/16-cliquez-avec-le-bouton-droit-sur-la-feuille-de-travail-de-connexion-pour-acceder-aux-proprietes.png\" sizes=\"auto, \" srcset=\"\" alt=\"right-click-on-the-connection-worksheet-to-hit-properties\" width=\"289\" height=\"383\"><\/li>\n<li> Ahora, en la ventana \u00bb <strong>Propiedades de conexi\u00f3n<\/strong> \u00ab, marque la opci\u00f3n \u00bb <strong>Actualizar todo<\/strong> \u00bb en la categor\u00eda \u00abUso\u00bb y seleccione el per\u00edodo de tiempo en el que desea actualizar la tabla din\u00e1mica. <br \/><img loading=\"lazy\" decoding=\"async\" title=\"17-marcar-la-actualizaci\u00f3n-cada uno\" src=\"https:\/\/exceladvisor.org\/wp-content\/uploads\/2023\/08\/17-cochez-lactualisation-tous-les.png\" sizes=\"auto, \" srcset=\"\" alt=\"tick-mark-the-refresh-every\" width=\"410\" height=\"497\"><\/li>\n<\/ol>\n<p> \u00a1\u00a1Hurra!! Terminamos. Ahora el pivotable est\u00e1 configurado para actualizarse autom\u00e1ticamente.<\/p>\n<h2 class=\"wp-block-heading\"> <strong>Actualizar m\u00faltiples pivotes<\/strong><\/h2>\n<p> Actualizar varios pivotes es tan f\u00e1cil como actualizar una sola tabla din\u00e1mica. Funciona como magia cuando tienes varios pivotes conectados a una \u00fanica fuente de datos. Si cambia los datos, simplemente haga clic en un bot\u00f3n para actualizar todas sus tablas din\u00e1micas.<\/p>\n<p> \u00a1\u00a1Aqu\u00ed estamos!!<\/p>\n<ol>\n<li> Para actualizar todas las tablas din\u00e1micas, vaya a la pesta\u00f1a Datos en la cinta.<\/li>\n<li> En <strong>Consultas y conexiones<\/strong> , haga clic en el peque\u00f1o bot\u00f3n desplegable Actualizar todo. <br \/><img loading=\"lazy\" decoding=\"async\" title=\"18 actualizar varias tablas din\u00e1micas\" src=\"https:\/\/exceladvisor.org\/wp-content\/uploads\/2023\/08\/18-actualiser-plusieurs-tableaux-croises-dynamiques.png\" sizes=\"auto, \" srcset=\"\" alt=\"refresh-multiple-pivot-tables\" width=\"535\" height=\"168\"><\/li>\n<li> Ahora haga clic en <strong>Actualizar todo<\/strong> . Esto actualizar\u00e1 todas las tablas din\u00e1micas. <br \/><img loading=\"lazy\" decoding=\"async\" title=\"19-clic-actualizar-todo\" src=\"https:\/\/exceladvisor.org\/wp-content\/uploads\/2023\/08\/19-cliquez-sur-tout-actualiser.png\" sizes=\"auto, \" srcset=\"\" alt=\"click-on-refresh-all\" width=\"199\" height=\"215\"><\/li>\n<\/ol>\n<h2 class=\"wp-block-heading\"> <strong>Actualizar una tabla din\u00e1mica sin cambiar el formato<\/strong><\/h2>\n<p> Hasta ahora, habr\u00e1s notado que el formato de la tabla din\u00e1mica cambia despu\u00e9s de cada actualizaci\u00f3n. Si formatea la tabla din\u00e1mica despu\u00e9s de cada actualizaci\u00f3n, este art\u00edculo le aliviar\u00e1 el estr\u00e9s y el trabajo extra. Para evitar el formateo despu\u00e9s de actualizar la tabla din\u00e1mica, siga los pasos a continuaci\u00f3n.<\/p>\n<ol>\n<li> Suponiendo que ya ha creado una tabla din\u00e1mica en su hoja de trabajo, simplemente mueva el cursor a cualquier lugar dentro de la tabla din\u00e1mica.<\/li>\n<li> Ahora haga clic derecho y toque \u00bb <strong>Opciones de tabla din\u00e1mica<\/strong> \u00ab. <br \/><img loading=\"lazy\" decoding=\"async\" title=\"20-actualizar-tabla-din\u00e1mica-sin-cambiar-formato\" src=\"https:\/\/exceladvisor.org\/wp-content\/uploads\/2023\/08\/20-actualiser-le-tableau-croise-dynamique-sans-modifier-la-mise-en-forme.png\" sizes=\"auto, \" srcset=\"\" alt=\"refresh-pivot-table-without-changing-formatting\" width=\"154\" height=\"327\"><\/li>\n<li> Ahora, en la <strong>pesta\u00f1a Dise\u00f1o y formato<\/strong> , marque la \u00faltima opci\u00f3n, es decir, \u00bb <strong>Conservar el formato de celda al actualizar\u00bb.<\/strong> <br \/><img loading=\"lazy\" decoding=\"async\" title=\"21-tick-preservar-formato-de-celda-en-actualizaci\u00f3n\" src=\"https:\/\/exceladvisor.org\/wp-content\/uploads\/2023\/08\/21-cocher-conserver-la-mise-en-forme-des-cellules-lors-de-la-mise-a-jour.png\" sizes=\"auto, \" srcset=\"\" alt=\"tick-preserve-cell-formatting-on-update\" width=\"432\" height=\"525\"><\/li>\n<li> Al final, haga clic en <strong>Aceptar<\/strong> .<\/li>\n<\/ol>\n<p> Ahora notar\u00e1 que el formato de la tabla din\u00e1mica no cambia despu\u00e9s de la actualizaci\u00f3n.<\/p>\n<h2 class=\"wp-block-heading\"> Obtenga m\u00e1s informaci\u00f3n sobre la tabla din\u00e1mica<\/h2>\n<ul>\n<li style=\"font-size: 14px;\"> <a href=\"https:\/\/exceladvisor.org\/es\/ordenar-una-tabla-dinamica\/\">Ordenaci\u00f3n din\u00e1mica de tabla<\/a><\/li>\n<li style=\"font-size: 14px;\"> <a href=\"https:\/\/exceladvisor.org\/es\/actualizar-una-tabla-dinamica\/\">Actualizar una tabla din\u00e1mica<\/a><\/li>\n<li style=\"font-size: 14px;\"> <a href=\"https:\/\/exceladvisor.org\/es\/atajos-de-teclado-1\/\">Atajos de teclado de tabla din\u00e1mica<\/a><\/li>\n<li style=\"font-size: 14px;\"> <a href=\"https:\/\/exceladvisor.org\/es\/eliminar-tabla-dinamica\/\">Eliminar una tabla din\u00e1mica<\/a><\/li>\n<li style=\"font-size: 14px;\"> <a href=\"https:\/\/exceladvisor.org\/es\/disposicion\/\">Formatear la tabla din\u00e1mica<\/a><\/li>\n<\/ul>\n","protected":false},"excerpt":{"rendered":"<p>Cualquier cambio en los datos no se carga en la tabla din\u00e1mica a menos que actualice. Aqu\u00ed aprenderemos varias formas de actualizar la tabla din\u00e1mica. Actualizar manualmente La forma m\u00e1s f\u00e1cil y com\u00fan de actualizar una tabla din\u00e1mica es simplemente presionar el bot\u00f3n de actualizaci\u00f3n. Entendamos con un ejemplo sencillo. Aqu\u00ed tenemos los datos de [&hellip;]<\/p>\n","protected":false},"author":1,"featured_media":0,"parent":0,"menu_order":0,"comment_status":"open","ping_status":"closed","template":"","meta":{"ub_ctt_via":"","footnotes":""},"class_list":["post-700","page","type-page","status-publish","hentry"],"featured_image_src":null,"yoast_head":"<!-- This site is optimized with the Yoast SEO plugin v25.4 - https:\/\/yoast.com\/wordpress\/plugins\/seo\/ -->\n<title>\u00bfc\u00f3mo actualizar una tabla din\u00e1mica?<\/title>\n<meta name=\"robots\" content=\"index, follow, max-snippet:-1, max-image-preview:large, max-video-preview:-1\" \/>\n<link rel=\"canonical\" href=\"https:\/\/exceladvisor.org\/es\/actualizar-una-tabla-dinamica\/\" \/>\n<meta property=\"og:locale\" content=\"es_ES\" \/>\n<meta property=\"og:type\" content=\"article\" \/>\n<meta property=\"og:title\" content=\"\u00bfc\u00f3mo actualizar una tabla din\u00e1mica?\" \/>\n<meta property=\"og:description\" content=\"Cualquier cambio en los datos no se carga en la tabla din\u00e1mica a menos que actualice. Aqu\u00ed aprenderemos varias formas de actualizar la tabla din\u00e1mica. Actualizar manualmente La forma m\u00e1s f\u00e1cil y com\u00fan de actualizar una tabla din\u00e1mica es simplemente presionar el bot\u00f3n de actualizaci\u00f3n. Entendamos con un ejemplo sencillo. Aqu\u00ed tenemos los datos de [&hellip;]\" \/>\n<meta property=\"og:url\" content=\"https:\/\/exceladvisor.org\/es\/actualizar-una-tabla-dinamica\/\" \/>\n<meta property=\"og:site_name\" content=\"Excel Advisor\" \/>\n<meta property=\"article:modified_time\" content=\"2023-12-25T10:22:45+00:00\" \/>\n<meta property=\"og:image\" content=\"https:\/\/exceladvisor.org\/wp-content\/uploads\/2023\/08\/1-tableau-croise-dynamique-densemble-de-donnees.png\" \/>\n<meta name=\"twitter:card\" content=\"summary_large_image\" \/>\n<meta name=\"twitter:label1\" content=\"Tiempo de lectura\" \/>\n\t<meta name=\"twitter:data1\" content=\"5 minutos\" \/>\n<script type=\"application\/ld+json\" class=\"yoast-schema-graph\">{\"@context\":\"https:\/\/schema.org\",\"@graph\":[{\"@type\":\"WebPage\",\"@id\":\"https:\/\/exceladvisor.org\/es\/actualizar-una-tabla-dinamica\/\",\"url\":\"https:\/\/exceladvisor.org\/es\/actualizar-una-tabla-dinamica\/\",\"name\":\"\u00bfc\u00f3mo actualizar una tabla din\u00e1mica?\",\"isPartOf\":{\"@id\":\"https:\/\/exceladvisor.org\/es\/#website\"},\"primaryImageOfPage\":{\"@id\":\"https:\/\/exceladvisor.org\/es\/actualizar-una-tabla-dinamica\/#primaryimage\"},\"image\":{\"@id\":\"https:\/\/exceladvisor.org\/es\/actualizar-una-tabla-dinamica\/#primaryimage\"},\"thumbnailUrl\":\"https:\/\/exceladvisor.org\/wp-content\/uploads\/2023\/08\/1-tableau-croise-dynamique-densemble-de-donnees.png\",\"datePublished\":\"2023-09-26T07:07:25+00:00\",\"dateModified\":\"2023-12-25T10:22:45+00:00\",\"breadcrumb\":{\"@id\":\"https:\/\/exceladvisor.org\/es\/actualizar-una-tabla-dinamica\/#breadcrumb\"},\"inLanguage\":\"es\",\"potentialAction\":[{\"@type\":\"ReadAction\",\"target\":[\"https:\/\/exceladvisor.org\/es\/actualizar-una-tabla-dinamica\/\"]}]},{\"@type\":\"ImageObject\",\"inLanguage\":\"es\",\"@id\":\"https:\/\/exceladvisor.org\/es\/actualizar-una-tabla-dinamica\/#primaryimage\",\"url\":\"https:\/\/exceladvisor.org\/wp-content\/uploads\/2023\/08\/1-tableau-croise-dynamique-densemble-de-donnees.png\",\"contentUrl\":\"https:\/\/exceladvisor.org\/wp-content\/uploads\/2023\/08\/1-tableau-croise-dynamique-densemble-de-donnees.png\"},{\"@type\":\"BreadcrumbList\",\"@id\":\"https:\/\/exceladvisor.org\/es\/actualizar-una-tabla-dinamica\/#breadcrumb\",\"itemListElement\":[{\"@type\":\"ListItem\",\"position\":1,\"name\":\"Hogar\",\"item\":\"https:\/\/exceladvisor.org\/es\/\"},{\"@type\":\"ListItem\",\"position\":2,\"name\":\"\u00bfc\u00f3mo actualizar una tabla din\u00e1mica?\"}]},{\"@type\":\"WebSite\",\"@id\":\"https:\/\/exceladvisor.org\/es\/#website\",\"url\":\"https:\/\/exceladvisor.org\/es\/\",\"name\":\"Excel Advisor\",\"description\":\"Su gu\u00eda para la dominaci\u00f3n de datos!\",\"publisher\":{\"@id\":\"https:\/\/exceladvisor.org\/es\/#organization\"},\"potentialAction\":[{\"@type\":\"SearchAction\",\"target\":{\"@type\":\"EntryPoint\",\"urlTemplate\":\"https:\/\/exceladvisor.org\/es\/?s={search_term_string}\"},\"query-input\":{\"@type\":\"PropertyValueSpecification\",\"valueRequired\":true,\"valueName\":\"search_term_string\"}}],\"inLanguage\":\"es\"},{\"@type\":\"Organization\",\"@id\":\"https:\/\/exceladvisor.org\/es\/#organization\",\"name\":\"Excel Advisor\",\"url\":\"https:\/\/exceladvisor.org\/es\/\",\"logo\":{\"@type\":\"ImageObject\",\"inLanguage\":\"es\",\"@id\":\"https:\/\/exceladvisor.org\/es\/#\/schema\/logo\/image\/\",\"url\":\"https:\/\/exceladvisor.org\/es\/wp-content\/uploads\/2023\/12\/exceladvisor.org_.png\",\"contentUrl\":\"https:\/\/exceladvisor.org\/es\/wp-content\/uploads\/2023\/12\/exceladvisor.org_.png\",\"width\":105,\"height\":36,\"caption\":\"Excel Advisor\"},\"image\":{\"@id\":\"https:\/\/exceladvisor.org\/es\/#\/schema\/logo\/image\/\"}}]}<\/script>\n<!-- \/ Yoast SEO plugin. -->","yoast_head_json":{"title":"\u00bfc\u00f3mo actualizar una tabla din\u00e1mica?","robots":{"index":"index","follow":"follow","max-snippet":"max-snippet:-1","max-image-preview":"max-image-preview:large","max-video-preview":"max-video-preview:-1"},"canonical":"https:\/\/exceladvisor.org\/es\/actualizar-una-tabla-dinamica\/","og_locale":"es_ES","og_type":"article","og_title":"\u00bfc\u00f3mo actualizar una tabla din\u00e1mica?","og_description":"Cualquier cambio en los datos no se carga en la tabla din\u00e1mica a menos que actualice. Aqu\u00ed aprenderemos varias formas de actualizar la tabla din\u00e1mica. Actualizar manualmente La forma m\u00e1s f\u00e1cil y com\u00fan de actualizar una tabla din\u00e1mica es simplemente presionar el bot\u00f3n de actualizaci\u00f3n. Entendamos con un ejemplo sencillo. Aqu\u00ed tenemos los datos de [&hellip;]","og_url":"https:\/\/exceladvisor.org\/es\/actualizar-una-tabla-dinamica\/","og_site_name":"Excel Advisor","article_modified_time":"2023-12-25T10:22:45+00:00","og_image":[{"url":"https:\/\/exceladvisor.org\/wp-content\/uploads\/2023\/08\/1-tableau-croise-dynamique-densemble-de-donnees.png","type":"","width":"","height":""}],"twitter_card":"summary_large_image","twitter_misc":{"Tiempo de lectura":"5 minutos"},"schema":{"@context":"https:\/\/schema.org","@graph":[{"@type":"WebPage","@id":"https:\/\/exceladvisor.org\/es\/actualizar-una-tabla-dinamica\/","url":"https:\/\/exceladvisor.org\/es\/actualizar-una-tabla-dinamica\/","name":"\u00bfc\u00f3mo actualizar una tabla din\u00e1mica?","isPartOf":{"@id":"https:\/\/exceladvisor.org\/es\/#website"},"primaryImageOfPage":{"@id":"https:\/\/exceladvisor.org\/es\/actualizar-una-tabla-dinamica\/#primaryimage"},"image":{"@id":"https:\/\/exceladvisor.org\/es\/actualizar-una-tabla-dinamica\/#primaryimage"},"thumbnailUrl":"https:\/\/exceladvisor.org\/wp-content\/uploads\/2023\/08\/1-tableau-croise-dynamique-densemble-de-donnees.png","datePublished":"2023-09-26T07:07:25+00:00","dateModified":"2023-12-25T10:22:45+00:00","breadcrumb":{"@id":"https:\/\/exceladvisor.org\/es\/actualizar-una-tabla-dinamica\/#breadcrumb"},"inLanguage":"es","potentialAction":[{"@type":"ReadAction","target":["https:\/\/exceladvisor.org\/es\/actualizar-una-tabla-dinamica\/"]}]},{"@type":"ImageObject","inLanguage":"es","@id":"https:\/\/exceladvisor.org\/es\/actualizar-una-tabla-dinamica\/#primaryimage","url":"https:\/\/exceladvisor.org\/wp-content\/uploads\/2023\/08\/1-tableau-croise-dynamique-densemble-de-donnees.png","contentUrl":"https:\/\/exceladvisor.org\/wp-content\/uploads\/2023\/08\/1-tableau-croise-dynamique-densemble-de-donnees.png"},{"@type":"BreadcrumbList","@id":"https:\/\/exceladvisor.org\/es\/actualizar-una-tabla-dinamica\/#breadcrumb","itemListElement":[{"@type":"ListItem","position":1,"name":"Hogar","item":"https:\/\/exceladvisor.org\/es\/"},{"@type":"ListItem","position":2,"name":"\u00bfc\u00f3mo actualizar una tabla din\u00e1mica?"}]},{"@type":"WebSite","@id":"https:\/\/exceladvisor.org\/es\/#website","url":"https:\/\/exceladvisor.org\/es\/","name":"Excel Advisor","description":"Su gu\u00eda para la dominaci\u00f3n de datos!","publisher":{"@id":"https:\/\/exceladvisor.org\/es\/#organization"},"potentialAction":[{"@type":"SearchAction","target":{"@type":"EntryPoint","urlTemplate":"https:\/\/exceladvisor.org\/es\/?s={search_term_string}"},"query-input":{"@type":"PropertyValueSpecification","valueRequired":true,"valueName":"search_term_string"}}],"inLanguage":"es"},{"@type":"Organization","@id":"https:\/\/exceladvisor.org\/es\/#organization","name":"Excel Advisor","url":"https:\/\/exceladvisor.org\/es\/","logo":{"@type":"ImageObject","inLanguage":"es","@id":"https:\/\/exceladvisor.org\/es\/#\/schema\/logo\/image\/","url":"https:\/\/exceladvisor.org\/es\/wp-content\/uploads\/2023\/12\/exceladvisor.org_.png","contentUrl":"https:\/\/exceladvisor.org\/es\/wp-content\/uploads\/2023\/12\/exceladvisor.org_.png","width":105,"height":36,"caption":"Excel Advisor"},"image":{"@id":"https:\/\/exceladvisor.org\/es\/#\/schema\/logo\/image\/"}}]}},"yoast_meta":{"yoast_wpseo_title":"","yoast_wpseo_metadesc":"","yoast_wpseo_canonical":""},"_links":{"self":[{"href":"https:\/\/exceladvisor.org\/es\/wp-json\/wp\/v2\/pages\/700","targetHints":{"allow":["GET"]}}],"collection":[{"href":"https:\/\/exceladvisor.org\/es\/wp-json\/wp\/v2\/pages"}],"about":[{"href":"https:\/\/exceladvisor.org\/es\/wp-json\/wp\/v2\/types\/page"}],"author":[{"embeddable":true,"href":"https:\/\/exceladvisor.org\/es\/wp-json\/wp\/v2\/users\/1"}],"replies":[{"embeddable":true,"href":"https:\/\/exceladvisor.org\/es\/wp-json\/wp\/v2\/comments?post=700"}],"version-history":[{"count":1,"href":"https:\/\/exceladvisor.org\/es\/wp-json\/wp\/v2\/pages\/700\/revisions"}],"predecessor-version":[{"id":789,"href":"https:\/\/exceladvisor.org\/es\/wp-json\/wp\/v2\/pages\/700\/revisions\/789"}],"wp:attachment":[{"href":"https:\/\/exceladvisor.org\/es\/wp-json\/wp\/v2\/media?parent=700"}],"curies":[{"name":"wp","href":"https:\/\/api.w.org\/{rel}","templated":true}]}}