{"id":701,"date":"2023-09-26T05:54:25","date_gmt":"2023-09-26T05:54:25","guid":{"rendered":"https:\/\/exceladvisor.org\/es\/formatos-de-fecha-personalizados\/"},"modified":"2023-12-25T10:32:24","modified_gmt":"2023-12-25T10:32:24","slug":"formatos-de-fecha-personalizados","status":"publish","type":"page","link":"https:\/\/exceladvisor.org\/es\/formatos-de-fecha-personalizados\/","title":{"rendered":"5 formatos de fecha personalizados en excel"},"content":{"rendered":"<div class=\"excel-antes-del-contenido\" id=\"excel-4265569700\"><script type=\"text\/javascript\">\r\n\tatOptions = {\r\n\t\t'key' : 'c1158f160081d6540a8409e6925dab94',\r\n\t\t'format' : 'iframe',\r\n\t\t'height' : 250,\r\n\t\t'width' : 300,\r\n\t\t'params' : {}\r\n\t};\r\n<\/script>\r\n<script type=\"text\/javascript\" src=\"\/\/www.highperformanceformat.com\/c1158f160081d6540a8409e6925dab94\/invoke.js\"><\/script><\/div><p>A veces necesitamos utilizar un formato de fecha personalizado que no se ajusta a los formatos de fecha est\u00e1ndar. Como sabe, tenemos la suerte de contar con un formato personalizado para que pueda crear una fecha personalizada con un n\u00famero de serie de fecha normal.<\/p>\n<p> La ventaja de un formato personalizado es que no necesita cambiar el n\u00famero de serie de la fecha real, lo que significa que puede profundizar en estas fechas en los c\u00e1lculos.<\/p>\n<p> Por eso, hoy me gustar\u00eda compartir con ustedes algunos de mis formatos de fechas personalizados favoritos que pueden ayudarlos a presentar las fechas de una manera \u00fanica.<\/p>\n<h2 class=\"wp-block-heading\"> C\u00f3mo utilizar estos formatos de fecha personalizados<\/h2>\n<p> Para todos los formatos que mencion\u00e9 anteriormente, debes seguir los pasos a continuaci\u00f3n.<\/p>\n<ol>\n<li> Seleccione la celda donde desea aplicar el formato.<\/li>\n<li> Ahora presione clic derecho y seleccione \u201cFormatear celda\u201d. O tambi\u00e9n puedes usar un atajo de teclado <a href=\"https:\/\/exceladvisor.org\/es\/opciones-de-celda-de-formato-abierto\/\">Ctrl + 1 para abrir las opciones de Formato de celdas<\/a> .<\/li>\n<li> Despu\u00e9s de eso, seleccione personalizado e ingrese el formato en la barra de entrada y haga clic en Aceptar. <\/li>\n<\/ol>\n<div class=\"wp-block-image\">\n<figure class=\"aligncenter\"><img decoding=\"async\" src=\"https:\/\/exceladvisor.org\/wp-content\/uploads\/2023\/08\/ajouter-un-format-personnalise-a-loption-de-format-de-cellule.png\" sizes=\"\" srcset=\"\" alt=\"agregar formato personalizado a la opci\u00f3n de formato de celda\"><\/figure>\n<\/div>\n<h2 class=\"wp-block-heading\"> nombre del dia<\/h2>\n<p> \u00c9ste es mi favorito. Si est\u00e1 trabajando en determinadas fechas en las que s\u00f3lo desea obtener el nombre del d\u00eda, este formato de fecha personalizado puede ayudarle. <\/p>\n<pre class=\"wp-block-code\"> <code class=\"language-excel-formula\" lang=\"excel-formula\">\"It's\" dddd<\/code><\/pre>\n<div class=\"wp-block-image\">\n<figure class=\"aligncenter\"><img decoding=\"async\" src=\"https:\/\/exceladvisor.org\/wp-content\/uploads\/2023\/08\/nom-du-jour-format-de-date-personnalise-dans-excel.gif\" sizes=\"\" srcset=\"\" alt=\"formato de fecha personalizado del nombre del d\u00eda en Excel\"><\/figure>\n<\/div>\n<p> Y, si desea obtener el nombre del d\u00eda en formato breve, puede utilizar el formato siguiente.<\/p>\n<pre class=\"wp-block-code\"> <code class=\"language-Visual Basic\" lang=\"Visual Basic\">\"It's\" ddd<\/code><\/pre>\n<h2 class=\"wp-block-heading\"> numero del dia<\/h2>\n<p> Al igual que el nombre del d\u00eda, si desea obtener el n\u00famero del d\u00eda, puede utilizar este formato personalizado. <\/p>\n<pre class=\"wp-block-code\"> <code class=\"language-Visual Basic\" lang=\"Visual Basic\">\"Day\" d<\/code><\/pre>\n<div class=\"wp-block-image\">\n<figure class=\"aligncenter\"><img decoding=\"async\" src=\"https:\/\/exceladvisor.org\/wp-content\/uploads\/2023\/08\/un-numero-de-jour-avec-un-format-de-date-personnalise.gif\" sizes=\"\" srcset=\"\" alt=\"un n\u00famero de d\u00eda con un formato de fecha personalizado\"><\/figure>\n<\/div>\n<h2 class=\"wp-block-heading\"> Nombre del mes<\/h2>\n<p> Este formato de fecha personalizado le ayudar\u00e1 a obtener el nombre del mes para su valor de fecha. Y tambi\u00e9n puede agregar texto personalizado seg\u00fan sus necesidades. <\/p>\n<pre class=\"wp-block-code\"> <code class=\"language-Visual Basic\" lang=\"Visual Basic\">\"Current Month is:\" mmmm<\/code><\/pre>\n<div class=\"wp-block-image\">\n<figure class=\"aligncenter\"><img decoding=\"async\" src=\"https:\/\/exceladvisor.org\/wp-content\/uploads\/2023\/08\/un-nom-de-mois-complet-avec-un-format-personnalise.png\" sizes=\"\" srcset=\"\" alt=\"un nombre de mes completo con un formato personalizado\"><\/figure>\n<\/div>\n<h2 class=\"wp-block-heading\"> Fecha con nombre del d\u00eda<\/h2>\n<p> Este formato le ayuda con una fecha con un nombre de d\u00eda al final. <\/p>\n<pre class=\"wp-block-code\"> <code class=\"language-Visual Basic\" lang=\"Visual Basic\">dd-mmm-yyyy (ddd)<\/code><\/pre>\n<div class=\"wp-block-image\">\n<figure class=\"aligncenter\"><img decoding=\"async\" src=\"https:\/\/exceladvisor.org\/wp-content\/uploads\/2023\/08\/une-date-simple-avec-le-nom-du-jour-avec-un-format-personnalise.png\" sizes=\"\" srcset=\"\" alt=\"una fecha simple con el nombre del d\u00eda con un formato personalizado\"><\/figure>\n<\/div>\n<h2 class=\"wp-block-heading\"> Fecha de texto largo<\/h2>\n<p> Y, si desea datos de texto largos, puede hacerlo utilizando el formato siguiente. <\/p>\n<pre class=\"wp-block-code\"> <code class=\"language-Visual Basic\" lang=\"Visual Basic\">\"Today is Day\" d\", Month\" m \"&amp; Year\" yyyy.<\/code><\/pre>\n<div class=\"wp-block-image\">\n<figure class=\"aligncenter\"><img decoding=\"async\" src=\"https:\/\/exceladvisor.org\/wp-content\/uploads\/2023\/08\/une-longue-date-textuelle-avec-un-format-personnalise.png\" sizes=\"\" srcset=\"\" alt=\"una fecha de texto larga con un formato personalizado\"><\/figure>\n<\/div>\n<p> Ahora dime una cosa. <strong>\u00bfTiene alg\u00fan formato que utilice<\/strong> ? Comparte conmigo en la secci\u00f3n de comentarios.<\/p>\n<div class=\"gb-container gb-container-0df56012 gb-container-mt\"> <a class=\"gb-button gb-button-f9f432f4 gb-button-text gb-button-mt-button\" href=\"https:\/\/exceladvisor.org\/es\/formulas\/\">Lista de f\u00f3rmulas de Excel<\/a><\/p>\n<h2 class=\"gb-headline gb-headline-233444e8 gb-headline-text gb-headline-mt-heading\"> F\u00f3rmulas relacionadas <\/h2>\n<div class=\"gb-grid-wrapper gb-grid-wrapper-a16fa65c gb-grid-wrapper-mt-grid\">\n<div class=\"gb-grid-column gb-grid-column-50d07e0d\">\n<div class=\"gb-container gb-container-50d07e0d\">\n<ul>\n<li> <a href=\"https:\/\/exceladvisor.org\/es\/comparar-dos-fechas\/\">Comparar dos fechas en Excel<\/a><\/li>\n<li> <a href=\"https:\/\/exceladvisor.org\/es\/convertir-fecha-a-numero\/\">Convertir fecha a n\u00famero en Excel<\/a><\/li>\n<li> <a href=\"https:\/\/exceladvisor.org\/es\/texto-hasta-la-fecha\/\">Convertir texto a fecha en Excel<\/a><\/li>\n<li> <a href=\"https:\/\/exceladvisor.org\/es\/rango-de-fechas\/\">Crear un rango de fechas en Excel<\/a> <\/li>\n<\/ul>\n<\/div>\n<\/div>\n<div class=\"gb-grid-column gb-grid-column-5b4a0cf9\">\n<div class=\"gb-container gb-container-5b4a0cf9\">\n<ul>\n<li> <a href=\"https:\/\/exceladvisor.org\/es\/resaltando-entre-dos-fechas\/\">Resaltar fechas entre dos fechas en Excel<\/a><\/li>\n<li> <a href=\"https:\/\/exceladvisor.org\/es\/concatenar-dos-fechas\/\">Concatenar r\u00e1pidamente dos fechas en Excel<\/a><\/li>\n<li> <a href=\"https:\/\/exceladvisor.org\/es\/generador-de-fechas-aleatorias\/\">Generador de fechas aleatorias (f\u00f3rmula de Excel) en Excel<\/a><\/li>\n<li> <a href=\"https:\/\/exceladvisor.org\/es\/combinar-fecha-y-hora\/\">Combinar fecha y hora en Excel<\/a><\/li>\n<\/ul>\n<\/div>\n<\/div>\n<\/div>\n<\/div>\n","protected":false},"excerpt":{"rendered":"<p>A veces necesitamos utilizar un formato de fecha personalizado que no se ajusta a los formatos de fecha est\u00e1ndar. Como sabe, tenemos la suerte de contar con un formato personalizado para que pueda crear una fecha personalizada con un n\u00famero de serie de fecha normal. La ventaja de un formato personalizado es que no necesita [&hellip;]<\/p>\n","protected":false},"author":1,"featured_media":0,"parent":0,"menu_order":0,"comment_status":"open","ping_status":"closed","template":"","meta":{"ub_ctt_via":"","footnotes":""},"class_list":["post-701","page","type-page","status-publish","hentry"],"featured_image_src":null,"yoast_head":"<!-- This site is optimized with the Yoast SEO plugin v25.4 - https:\/\/yoast.com\/wordpress\/plugins\/seo\/ -->\n<title>5 formatos de fecha personalizados en excel<\/title>\n<meta name=\"robots\" content=\"index, follow, max-snippet:-1, max-image-preview:large, max-video-preview:-1\" \/>\n<link rel=\"canonical\" href=\"https:\/\/exceladvisor.org\/es\/formatos-de-fecha-personalizados\/\" \/>\n<meta property=\"og:locale\" content=\"es_ES\" \/>\n<meta property=\"og:type\" content=\"article\" \/>\n<meta property=\"og:title\" content=\"5 formatos de fecha personalizados en excel\" \/>\n<meta property=\"og:description\" content=\"A veces necesitamos utilizar un formato de fecha personalizado que no se ajusta a los formatos de fecha est\u00e1ndar. Como sabe, tenemos la suerte de contar con un formato personalizado para que pueda crear una fecha personalizada con un n\u00famero de serie de fecha normal. La ventaja de un formato personalizado es que no necesita [&hellip;]\" \/>\n<meta property=\"og:url\" content=\"https:\/\/exceladvisor.org\/es\/formatos-de-fecha-personalizados\/\" \/>\n<meta property=\"og:site_name\" content=\"Excel Advisor\" \/>\n<meta property=\"article:modified_time\" content=\"2023-12-25T10:32:24+00:00\" \/>\n<meta property=\"og:image\" content=\"https:\/\/exceladvisor.org\/wp-content\/uploads\/2023\/08\/ajouter-un-format-personnalise-a-loption-de-format-de-cellule.png\" \/>\n<meta name=\"twitter:card\" content=\"summary_large_image\" \/>\n<meta name=\"twitter:label1\" content=\"Tiempo de lectura\" \/>\n\t<meta name=\"twitter:data1\" content=\"2 minutos\" \/>\n<script type=\"application\/ld+json\" class=\"yoast-schema-graph\">{\"@context\":\"https:\/\/schema.org\",\"@graph\":[{\"@type\":\"WebPage\",\"@id\":\"https:\/\/exceladvisor.org\/es\/formatos-de-fecha-personalizados\/\",\"url\":\"https:\/\/exceladvisor.org\/es\/formatos-de-fecha-personalizados\/\",\"name\":\"5 formatos de fecha personalizados en excel\",\"isPartOf\":{\"@id\":\"https:\/\/exceladvisor.org\/es\/#website\"},\"primaryImageOfPage\":{\"@id\":\"https:\/\/exceladvisor.org\/es\/formatos-de-fecha-personalizados\/#primaryimage\"},\"image\":{\"@id\":\"https:\/\/exceladvisor.org\/es\/formatos-de-fecha-personalizados\/#primaryimage\"},\"thumbnailUrl\":\"https:\/\/exceladvisor.org\/wp-content\/uploads\/2023\/08\/ajouter-un-format-personnalise-a-loption-de-format-de-cellule.png\",\"datePublished\":\"2023-09-26T05:54:25+00:00\",\"dateModified\":\"2023-12-25T10:32:24+00:00\",\"breadcrumb\":{\"@id\":\"https:\/\/exceladvisor.org\/es\/formatos-de-fecha-personalizados\/#breadcrumb\"},\"inLanguage\":\"es\",\"potentialAction\":[{\"@type\":\"ReadAction\",\"target\":[\"https:\/\/exceladvisor.org\/es\/formatos-de-fecha-personalizados\/\"]}]},{\"@type\":\"ImageObject\",\"inLanguage\":\"es\",\"@id\":\"https:\/\/exceladvisor.org\/es\/formatos-de-fecha-personalizados\/#primaryimage\",\"url\":\"https:\/\/exceladvisor.org\/wp-content\/uploads\/2023\/08\/ajouter-un-format-personnalise-a-loption-de-format-de-cellule.png\",\"contentUrl\":\"https:\/\/exceladvisor.org\/wp-content\/uploads\/2023\/08\/ajouter-un-format-personnalise-a-loption-de-format-de-cellule.png\"},{\"@type\":\"BreadcrumbList\",\"@id\":\"https:\/\/exceladvisor.org\/es\/formatos-de-fecha-personalizados\/#breadcrumb\",\"itemListElement\":[{\"@type\":\"ListItem\",\"position\":1,\"name\":\"Hogar\",\"item\":\"https:\/\/exceladvisor.org\/es\/\"},{\"@type\":\"ListItem\",\"position\":2,\"name\":\"5 formatos de fecha personalizados en excel\"}]},{\"@type\":\"WebSite\",\"@id\":\"https:\/\/exceladvisor.org\/es\/#website\",\"url\":\"https:\/\/exceladvisor.org\/es\/\",\"name\":\"Excel Advisor\",\"description\":\"Su gu\u00eda para la dominaci\u00f3n de datos!\",\"publisher\":{\"@id\":\"https:\/\/exceladvisor.org\/es\/#organization\"},\"potentialAction\":[{\"@type\":\"SearchAction\",\"target\":{\"@type\":\"EntryPoint\",\"urlTemplate\":\"https:\/\/exceladvisor.org\/es\/?s={search_term_string}\"},\"query-input\":{\"@type\":\"PropertyValueSpecification\",\"valueRequired\":true,\"valueName\":\"search_term_string\"}}],\"inLanguage\":\"es\"},{\"@type\":\"Organization\",\"@id\":\"https:\/\/exceladvisor.org\/es\/#organization\",\"name\":\"Excel Advisor\",\"url\":\"https:\/\/exceladvisor.org\/es\/\",\"logo\":{\"@type\":\"ImageObject\",\"inLanguage\":\"es\",\"@id\":\"https:\/\/exceladvisor.org\/es\/#\/schema\/logo\/image\/\",\"url\":\"https:\/\/exceladvisor.org\/es\/wp-content\/uploads\/2023\/12\/exceladvisor.org_.png\",\"contentUrl\":\"https:\/\/exceladvisor.org\/es\/wp-content\/uploads\/2023\/12\/exceladvisor.org_.png\",\"width\":105,\"height\":36,\"caption\":\"Excel Advisor\"},\"image\":{\"@id\":\"https:\/\/exceladvisor.org\/es\/#\/schema\/logo\/image\/\"}}]}<\/script>\n<!-- \/ Yoast SEO plugin. -->","yoast_head_json":{"title":"5 formatos de fecha personalizados en excel","robots":{"index":"index","follow":"follow","max-snippet":"max-snippet:-1","max-image-preview":"max-image-preview:large","max-video-preview":"max-video-preview:-1"},"canonical":"https:\/\/exceladvisor.org\/es\/formatos-de-fecha-personalizados\/","og_locale":"es_ES","og_type":"article","og_title":"5 formatos de fecha personalizados en excel","og_description":"A veces necesitamos utilizar un formato de fecha personalizado que no se ajusta a los formatos de fecha est\u00e1ndar. Como sabe, tenemos la suerte de contar con un formato personalizado para que pueda crear una fecha personalizada con un n\u00famero de serie de fecha normal. La ventaja de un formato personalizado es que no necesita [&hellip;]","og_url":"https:\/\/exceladvisor.org\/es\/formatos-de-fecha-personalizados\/","og_site_name":"Excel Advisor","article_modified_time":"2023-12-25T10:32:24+00:00","og_image":[{"url":"https:\/\/exceladvisor.org\/wp-content\/uploads\/2023\/08\/ajouter-un-format-personnalise-a-loption-de-format-de-cellule.png","type":"","width":"","height":""}],"twitter_card":"summary_large_image","twitter_misc":{"Tiempo de lectura":"2 minutos"},"schema":{"@context":"https:\/\/schema.org","@graph":[{"@type":"WebPage","@id":"https:\/\/exceladvisor.org\/es\/formatos-de-fecha-personalizados\/","url":"https:\/\/exceladvisor.org\/es\/formatos-de-fecha-personalizados\/","name":"5 formatos de fecha personalizados en excel","isPartOf":{"@id":"https:\/\/exceladvisor.org\/es\/#website"},"primaryImageOfPage":{"@id":"https:\/\/exceladvisor.org\/es\/formatos-de-fecha-personalizados\/#primaryimage"},"image":{"@id":"https:\/\/exceladvisor.org\/es\/formatos-de-fecha-personalizados\/#primaryimage"},"thumbnailUrl":"https:\/\/exceladvisor.org\/wp-content\/uploads\/2023\/08\/ajouter-un-format-personnalise-a-loption-de-format-de-cellule.png","datePublished":"2023-09-26T05:54:25+00:00","dateModified":"2023-12-25T10:32:24+00:00","breadcrumb":{"@id":"https:\/\/exceladvisor.org\/es\/formatos-de-fecha-personalizados\/#breadcrumb"},"inLanguage":"es","potentialAction":[{"@type":"ReadAction","target":["https:\/\/exceladvisor.org\/es\/formatos-de-fecha-personalizados\/"]}]},{"@type":"ImageObject","inLanguage":"es","@id":"https:\/\/exceladvisor.org\/es\/formatos-de-fecha-personalizados\/#primaryimage","url":"https:\/\/exceladvisor.org\/wp-content\/uploads\/2023\/08\/ajouter-un-format-personnalise-a-loption-de-format-de-cellule.png","contentUrl":"https:\/\/exceladvisor.org\/wp-content\/uploads\/2023\/08\/ajouter-un-format-personnalise-a-loption-de-format-de-cellule.png"},{"@type":"BreadcrumbList","@id":"https:\/\/exceladvisor.org\/es\/formatos-de-fecha-personalizados\/#breadcrumb","itemListElement":[{"@type":"ListItem","position":1,"name":"Hogar","item":"https:\/\/exceladvisor.org\/es\/"},{"@type":"ListItem","position":2,"name":"5 formatos de fecha personalizados en excel"}]},{"@type":"WebSite","@id":"https:\/\/exceladvisor.org\/es\/#website","url":"https:\/\/exceladvisor.org\/es\/","name":"Excel Advisor","description":"Su gu\u00eda para la dominaci\u00f3n de datos!","publisher":{"@id":"https:\/\/exceladvisor.org\/es\/#organization"},"potentialAction":[{"@type":"SearchAction","target":{"@type":"EntryPoint","urlTemplate":"https:\/\/exceladvisor.org\/es\/?s={search_term_string}"},"query-input":{"@type":"PropertyValueSpecification","valueRequired":true,"valueName":"search_term_string"}}],"inLanguage":"es"},{"@type":"Organization","@id":"https:\/\/exceladvisor.org\/es\/#organization","name":"Excel Advisor","url":"https:\/\/exceladvisor.org\/es\/","logo":{"@type":"ImageObject","inLanguage":"es","@id":"https:\/\/exceladvisor.org\/es\/#\/schema\/logo\/image\/","url":"https:\/\/exceladvisor.org\/es\/wp-content\/uploads\/2023\/12\/exceladvisor.org_.png","contentUrl":"https:\/\/exceladvisor.org\/es\/wp-content\/uploads\/2023\/12\/exceladvisor.org_.png","width":105,"height":36,"caption":"Excel Advisor"},"image":{"@id":"https:\/\/exceladvisor.org\/es\/#\/schema\/logo\/image\/"}}]}},"yoast_meta":{"yoast_wpseo_title":"","yoast_wpseo_metadesc":"","yoast_wpseo_canonical":""},"_links":{"self":[{"href":"https:\/\/exceladvisor.org\/es\/wp-json\/wp\/v2\/pages\/701","targetHints":{"allow":["GET"]}}],"collection":[{"href":"https:\/\/exceladvisor.org\/es\/wp-json\/wp\/v2\/pages"}],"about":[{"href":"https:\/\/exceladvisor.org\/es\/wp-json\/wp\/v2\/types\/page"}],"author":[{"embeddable":true,"href":"https:\/\/exceladvisor.org\/es\/wp-json\/wp\/v2\/users\/1"}],"replies":[{"embeddable":true,"href":"https:\/\/exceladvisor.org\/es\/wp-json\/wp\/v2\/comments?post=701"}],"version-history":[{"count":1,"href":"https:\/\/exceladvisor.org\/es\/wp-json\/wp\/v2\/pages\/701\/revisions"}],"predecessor-version":[{"id":1416,"href":"https:\/\/exceladvisor.org\/es\/wp-json\/wp\/v2\/pages\/701\/revisions\/1416"}],"wp:attachment":[{"href":"https:\/\/exceladvisor.org\/es\/wp-json\/wp\/v2\/media?parent=701"}],"curies":[{"name":"wp","href":"https:\/\/api.w.org\/{rel}","templated":true}]}}