{"id":702,"date":"2023-09-26T05:13:14","date_gmt":"2023-09-26T05:13:14","guid":{"rendered":"https:\/\/exceladvisor.org\/es\/error-de-referencia\/"},"modified":"2023-12-25T10:22:33","modified_gmt":"2023-12-25T10:22:33","slug":"error-de-referencia","status":"publish","type":"page","link":"https:\/\/exceladvisor.org\/es\/error-de-referencia\/","title":{"rendered":"\u00a1c\u00f3mo solucionar #ref! \u00bferror en excel?"},"content":{"rendered":"<div class=\"excel-antes-del-contenido\" id=\"excel-3476152679\"><script type=\"text\/javascript\">\r\n\tatOptions = {\r\n\t\t'key' : 'c1158f160081d6540a8409e6925dab94',\r\n\t\t'format' : 'iframe',\r\n\t\t'height' : 250,\r\n\t\t'width' : 300,\r\n\t\t'params' : {}\r\n\t};\r\n<\/script>\r\n<script type=\"text\/javascript\" src=\"\/\/www.highperformanceformat.com\/c1158f160081d6540a8409e6925dab94\/invoke.js\"><\/script><\/div><p>La mayor\u00eda de las veces, #REF! Se produce un error cuando ingresa una f\u00f3rmula en una celda y la referencia en esa f\u00f3rmula no es v\u00e1lida. Entonces, por ejemplo, digamos que tiene una f\u00f3rmula que suma los valores de cinco celdas arriba, y copie y pegue esa f\u00f3rmula en una ubicaci\u00f3n donde solo tenga tres celdas arriba; \u00a1obtendr\u00e1s el #REF! Error.<\/p>\n<h2 id=\"h-copied-formula-to-a-new-location\" class=\"wp-block-heading\"> F\u00f3rmula copiada a una nueva ubicaci\u00f3n<\/h2>\n<p> En el siguiente ejemplo, tenemos la f\u00f3rmula de suma en la celda A5, que suma los valores en el rango A1:A5. Tienes una referencia de celda relativa en la f\u00f3rmula. <\/p>\n<div class=\"wp-block-image\">\n<figure class=\"aligncenter size-full is-resized\"><img loading=\"lazy\" decoding=\"async\" class=\"wp-image-82504\" src=\"https:\/\/exceladvisor.org\/wp-content\/uploads\/2023\/08\/1-erreur-de-reference-dans-excel.png\" sizes=\"auto, \" srcset=\"\" alt=\"error-referencia-en-excel\" width=\"378\" height=\"382\"><\/figure>\n<\/div>\n<p> Y cuando copias y pegas esta f\u00f3rmula en la celda C3, devuelve #REF. en el resultado. <\/p>\n<div class=\"wp-block-image\">\n<figure class=\"aligncenter size-full is-resized\"><img loading=\"lazy\" decoding=\"async\" class=\"wp-image-82505\" src=\"https:\/\/exceladvisor.org\/wp-content\/uploads\/2023\/08\/2-renvoie-lerreur-de-reference.png\" sizes=\"auto, \" srcset=\"\" alt=\"error-referencia-devoluci\u00f3n\" width=\"496\" height=\"377\"><\/figure>\n<\/div>\n<p> Como dije antes, cuando copia la f\u00f3rmula de A6 a C3, C3 no tiene cinco celdas encima, lo que significa que es imposible hacer referencia a cinco celdas desde arriba.<\/p>\n<h2 id=\"h-ref-error-with-vlookup\" class=\"wp-block-heading\"> #\u00a1\u00c1RBITRO! Error con BUSCARV<\/h2>\n<p> Cuando utilice BUSCARV, especifique la columna de la que desea obtener el valor. <\/p>\n<div class=\"wp-block-image\">\n<figure class=\"aligncenter size-full is-resized\"><img loading=\"lazy\" decoding=\"async\" class=\"wp-image-82506\" src=\"https:\/\/exceladvisor.org\/wp-content\/uploads\/2023\/08\/3-erreur-de-reference-avec-la-recherche-v.png\" sizes=\"auto, \" srcset=\"\" alt=\"error-ref-con-vlookup\" width=\"601\" height=\"317\"><\/figure>\n<\/div>\n<p> En el ejemplo anterior, hemos especificado tres como col_index_num en la f\u00f3rmula. Pero, en la tabla de b\u00fasqueda, solo tenemos dos columnas, y por eso tenemos #REF. Error en el resultado. <\/p>\n<div class=\"wp-block-image\">\n<figure class=\"aligncenter size-full is-resized\"><img loading=\"lazy\" decoding=\"async\" class=\"wp-image-82507\" src=\"https:\/\/exceladvisor.org\/wp-content\/uploads\/2023\/08\/4-ref-erreur-dans-le-resultat.png\" sizes=\"auto, \" srcset=\"\" alt=\"error-referencia-en-el-resultado\" width=\"526\" height=\"279\"><\/figure>\n<\/div>\n<p> Podr\u00edas enfrentar lo mismo usando INDEX. Cuando intenta buscar un n\u00famero de fila o columna mayor que el n\u00famero total de columnas o filas que tiene en los datos referenciados, devuelve un #REF. Error en el resultado. <\/p>\n<div class=\"wp-block-image\">\n<figure class=\"aligncenter size-full is-resized\"><img loading=\"lazy\" decoding=\"async\" class=\"wp-image-82508\" src=\"https:\/\/exceladvisor.org\/wp-content\/uploads\/2023\/08\/5-erreur-de-reference-lors-de-lutilisation-de-lindex.png\" sizes=\"auto, \" srcset=\"\" alt=\"error-ref-al-usar-indice\" width=\"470\" height=\"310\"><\/figure>\n<\/div>\n<p> En el ejemplo anterior, buscamos el valor en la s\u00e9ptima fila del rango, pero solo tenemos 6 celdas en total.<\/p>\n<h2 id=\"h-ref-error-when-you-delete-a-column\" class=\"wp-block-heading\"> #\u00a1\u00c1RBITRO! Error al eliminar una columna<\/h2>\n<p> En el siguiente ejemplo, nos hemos referido al rango A1:C3 como tres partes. <\/p>\n<div class=\"wp-block-image\">\n<figure class=\"aligncenter size-full is-resized\"><img loading=\"lazy\" decoding=\"async\" class=\"wp-image-82509\" src=\"https:\/\/exceladvisor.org\/wp-content\/uploads\/2023\/08\/6-erreur-de-reference-lors-de-la-suppression-dune-colonne.png\" sizes=\"auto, \" srcset=\"\" alt=\"error-ref-al-eliminar-una-columna\" width=\"474\" height=\"395\"><\/figure>\n<\/div>\n<p> Pero si elimina una de estas columnas, la f\u00f3rmula devolver\u00e1 un #REF. Error en el resultado. <\/p>\n<div class=\"wp-block-image\">\n<figure class=\"aligncenter size-full is-resized\"><img loading=\"lazy\" decoding=\"async\" class=\"wp-image-82510\" src=\"https:\/\/exceladvisor.org\/wp-content\/uploads\/2023\/08\/7-la-formule-renvoie-une-erreur-de-reference.png\" sizes=\"auto, \" srcset=\"\" alt=\"f\u00f3rmula-devoluciones-ref-error\" width=\"484\" height=\"330\"><\/figure>\n<\/div>\n<h2 id=\"h-other-reasons\" class=\"wp-block-heading\"> Otras razones<\/h2>\n<p> Cuando utilice la funci\u00f3n INDIRECTA, si se refiere a una celda o rango en un libro cerrado. \u00a1Existe la posibilidad de que obtengas el #REF! Error en el resultado. <\/p>\n<div class=\"wp-block-image\">\n<figure class=\"aligncenter size-full is-resized\"><img loading=\"lazy\" decoding=\"async\" class=\"wp-image-82511\" src=\"https:\/\/exceladvisor.org\/wp-content\/uploads\/2023\/08\/8-ref-erreur-avec-fonction-indirecte.png\" sizes=\"auto, \" srcset=\"\" alt=\"error-referencia-con-funci\u00f3n-indirecta\" width=\"665\" height=\"284\"><\/figure>\n<\/div>\n<h2 id=\"h-fixing-the-ref-error\" class=\"wp-block-heading\"> \u00a1Arreglo de #REF! Error<\/h2>\n<p> En Excel, cuando se trabaja con f\u00f3rmulas, \u00a1es mejor no atrapar el #REF! Error con ISERROR o cualquier otra funci\u00f3n. Es mejor corregir el error cuando lo obtenga en el resultado.<\/p>\n<p> En la mayor\u00eda de los casos, debes establecer la referencia al rango o celda y tus f\u00f3rmulas funcionar\u00e1n correctamente. Pero a veces puede resultar complicado saber exactamente qu\u00e9 referencia se est\u00e1 eliminando o eliminando.<\/p>\n<p> Por ejemplo, cuando eliminas una hoja de un libro, es imposible deshacer esta acci\u00f3n y es m\u00e1s dif\u00edcil reemplazar estas referencias en la f\u00f3rmula.<\/p>\n<h2 id=\"h-finding-all-the-ref-errors\" class=\"wp-block-heading\"> \u00a1Encuentra todos los #REF! Errores<\/h2>\n<p> Con la ayuda de la opci\u00f3n ENCONTRAR de Excel, puedes buscar y seleccionar las celdas en las que tienes el #REF! Error.<\/p>\n<ol type=\"1\">\n<li> Abra Buscar y reemplazar usando Ctrl + F.<\/li>\n<li> \u00a1Ingrese el valor #REF! en la secci\u00f3n \u00abBuscar qu\u00e9\u00bb.<\/li>\n<li> Haga clic en el bot\u00f3n \u00abOpciones\u00bb.<\/li>\n<li> Seleccione \u201cValores\u201d en \u201cBuscar en\u201d.<\/li>\n<li> Haga clic en el bot\u00f3n \u00abBuscar todo\u00bb. <\/li>\n<\/ol>\n<div class=\"wp-block-image\">\n<figure class=\"aligncenter size-full is-resized\"><img loading=\"lazy\" decoding=\"async\" class=\"wp-image-82512\" src=\"https:\/\/exceladvisor.org\/wp-content\/uploads\/2023\/08\/9-trouver-toutes-les-erreurs-de-reference.png\" sizes=\"auto, \" srcset=\"\" alt=\"encontrar todos los errores de referencia\" width=\"655\" height=\"418\"><\/figure>\n<\/div>\n<p> Despu\u00e9s de eso, puedes ir a cada celda y corregir la f\u00f3rmula. <\/p>\n<div class=\"gb-container gb-container-bafb25cc gb-container-download-2\">\n<div class=\"gb-grid-wrapper gb-grid-wrapper-91201309\">\n<div class=\"gb-grid-column gb-grid-column-15a917ef\">\n<div class=\"gb-container gb-container-15a917ef\">\n<h2 class=\"gb-headline gb-headline-f2deb261 gb-headline-text gb-headline-download-2\"> Obtener el archivo Excel <\/h2>\n<\/div>\n<\/div>\n<div class=\"gb-grid-column gb-grid-column-18357188\">\n<div class=\"gb-container gb-container-18357188\">\n<div class=\"gb-container gb-container-76cbe15e\"> <a class=\"gb-button gb-button-cb63d00a gb-button-text gb-button-download-2\" href=\"https:\/\/exceladvisor.org\/wp-content\/uploads\/2023\/11\/ref.xlsx\" rel=\"nofollow\">Descargar<\/a><\/div>\n<\/div>\n<\/div>\n<\/div>\n<\/div>\n<div class=\"gb-container gb-container-0df56012 gb-container-mt\"> <a class=\"gb-button gb-button-f9f432f4 gb-button-text gb-button-mt-button\" href=\"https:\/\/exceladvisor.org\/es\/formulas\/\">Lista de f\u00f3rmulas de Excel<\/a><\/p>\n<h2 class=\"gb-headline gb-headline-233444e8 gb-headline-text gb-headline-mt-heading\"> F\u00f3rmulas relacionadas <\/h2>\n<div class=\"gb-grid-wrapper gb-grid-wrapper-a16fa65c gb-grid-wrapper-mt-grid\">\n<div class=\"gb-grid-column gb-grid-column-50d07e0d\">\n<div class=\"gb-container gb-container-50d07e0d\">\n<ul>\n<li> <a href=\"https:\/\/exceladvisor.org\/es\/error-de-division\/\">Error #DIV\/0<\/a><\/li>\n<li> <a href=\"https:\/\/exceladvisor.org\/es\/error-de-derrame\/\">#\u00a1DESPARRAMAR! Error<\/a><\/li>\n<li> <a href=\"https:\/\/exceladvisor.org\/es\/error-de-valor\/\">#VALORError<\/a><\/li>\n<li> <a href=\"https:\/\/exceladvisor.org\/es\/ignorar-errores\/\">Ignorar todos los errores en Excel<\/a><\/li>\n<li> <a href=\"https:\/\/exceladvisor.org\/es\/sin-error\/\">#N\/A Error<\/a> <\/li>\n<\/ul>\n<\/div>\n<\/div>\n<div class=\"gb-grid-column gb-grid-column-5b4a0cf9\">\n<div class=\"gb-container gb-container-5b4a0cf9\"><\/div>\n<\/div>\n<\/div>\n<\/div>\n","protected":false},"excerpt":{"rendered":"<p>La mayor\u00eda de las veces, #REF! Se produce un error cuando ingresa una f\u00f3rmula en una celda y la referencia en esa f\u00f3rmula no es v\u00e1lida. Entonces, por ejemplo, digamos que tiene una f\u00f3rmula que suma los valores de cinco celdas arriba, y copie y pegue esa f\u00f3rmula en una ubicaci\u00f3n donde solo tenga tres [&hellip;]<\/p>\n","protected":false},"author":1,"featured_media":0,"parent":0,"menu_order":0,"comment_status":"open","ping_status":"closed","template":"","meta":{"ub_ctt_via":"","footnotes":""},"class_list":["post-702","page","type-page","status-publish","hentry"],"featured_image_src":null,"yoast_head":"<!-- This site is optimized with the Yoast SEO plugin v25.4 - https:\/\/yoast.com\/wordpress\/plugins\/seo\/ -->\n<title>\u00a1c\u00f3mo solucionar #ref! \u00bferror en excel?<\/title>\n<meta name=\"robots\" content=\"index, follow, max-snippet:-1, max-image-preview:large, max-video-preview:-1\" \/>\n<link rel=\"canonical\" href=\"https:\/\/exceladvisor.org\/es\/error-de-referencia\/\" \/>\n<meta property=\"og:locale\" content=\"es_ES\" \/>\n<meta property=\"og:type\" content=\"article\" \/>\n<meta property=\"og:title\" content=\"\u00a1c\u00f3mo solucionar #ref! \u00bferror en excel?\" \/>\n<meta property=\"og:description\" content=\"La mayor\u00eda de las veces, #REF! Se produce un error cuando ingresa una f\u00f3rmula en una celda y la referencia en esa f\u00f3rmula no es v\u00e1lida. Entonces, por ejemplo, digamos que tiene una f\u00f3rmula que suma los valores de cinco celdas arriba, y copie y pegue esa f\u00f3rmula en una ubicaci\u00f3n donde solo tenga tres [&hellip;]\" \/>\n<meta property=\"og:url\" content=\"https:\/\/exceladvisor.org\/es\/error-de-referencia\/\" \/>\n<meta property=\"og:site_name\" content=\"Excel Advisor\" \/>\n<meta property=\"article:modified_time\" content=\"2023-12-25T10:22:33+00:00\" \/>\n<meta property=\"og:image\" content=\"https:\/\/exceladvisor.org\/wp-content\/uploads\/2023\/08\/1-erreur-de-reference-dans-excel.png\" \/>\n<meta name=\"twitter:card\" content=\"summary_large_image\" \/>\n<meta name=\"twitter:label1\" content=\"Tiempo de lectura\" \/>\n\t<meta name=\"twitter:data1\" content=\"3 minutos\" \/>\n<script type=\"application\/ld+json\" class=\"yoast-schema-graph\">{\"@context\":\"https:\/\/schema.org\",\"@graph\":[{\"@type\":\"WebPage\",\"@id\":\"https:\/\/exceladvisor.org\/es\/error-de-referencia\/\",\"url\":\"https:\/\/exceladvisor.org\/es\/error-de-referencia\/\",\"name\":\"\u00a1c\u00f3mo solucionar #ref! \u00bferror en excel?\",\"isPartOf\":{\"@id\":\"https:\/\/exceladvisor.org\/es\/#website\"},\"primaryImageOfPage\":{\"@id\":\"https:\/\/exceladvisor.org\/es\/error-de-referencia\/#primaryimage\"},\"image\":{\"@id\":\"https:\/\/exceladvisor.org\/es\/error-de-referencia\/#primaryimage\"},\"thumbnailUrl\":\"https:\/\/exceladvisor.org\/wp-content\/uploads\/2023\/08\/1-erreur-de-reference-dans-excel.png\",\"datePublished\":\"2023-09-26T05:13:14+00:00\",\"dateModified\":\"2023-12-25T10:22:33+00:00\",\"breadcrumb\":{\"@id\":\"https:\/\/exceladvisor.org\/es\/error-de-referencia\/#breadcrumb\"},\"inLanguage\":\"es\",\"potentialAction\":[{\"@type\":\"ReadAction\",\"target\":[\"https:\/\/exceladvisor.org\/es\/error-de-referencia\/\"]}]},{\"@type\":\"ImageObject\",\"inLanguage\":\"es\",\"@id\":\"https:\/\/exceladvisor.org\/es\/error-de-referencia\/#primaryimage\",\"url\":\"https:\/\/exceladvisor.org\/wp-content\/uploads\/2023\/08\/1-erreur-de-reference-dans-excel.png\",\"contentUrl\":\"https:\/\/exceladvisor.org\/wp-content\/uploads\/2023\/08\/1-erreur-de-reference-dans-excel.png\"},{\"@type\":\"BreadcrumbList\",\"@id\":\"https:\/\/exceladvisor.org\/es\/error-de-referencia\/#breadcrumb\",\"itemListElement\":[{\"@type\":\"ListItem\",\"position\":1,\"name\":\"Hogar\",\"item\":\"https:\/\/exceladvisor.org\/es\/\"},{\"@type\":\"ListItem\",\"position\":2,\"name\":\"\u00a1c\u00f3mo solucionar #ref! \u00bferror en excel?\"}]},{\"@type\":\"WebSite\",\"@id\":\"https:\/\/exceladvisor.org\/es\/#website\",\"url\":\"https:\/\/exceladvisor.org\/es\/\",\"name\":\"Excel Advisor\",\"description\":\"Su gu\u00eda para la dominaci\u00f3n de datos!\",\"publisher\":{\"@id\":\"https:\/\/exceladvisor.org\/es\/#organization\"},\"potentialAction\":[{\"@type\":\"SearchAction\",\"target\":{\"@type\":\"EntryPoint\",\"urlTemplate\":\"https:\/\/exceladvisor.org\/es\/?s={search_term_string}\"},\"query-input\":{\"@type\":\"PropertyValueSpecification\",\"valueRequired\":true,\"valueName\":\"search_term_string\"}}],\"inLanguage\":\"es\"},{\"@type\":\"Organization\",\"@id\":\"https:\/\/exceladvisor.org\/es\/#organization\",\"name\":\"Excel Advisor\",\"url\":\"https:\/\/exceladvisor.org\/es\/\",\"logo\":{\"@type\":\"ImageObject\",\"inLanguage\":\"es\",\"@id\":\"https:\/\/exceladvisor.org\/es\/#\/schema\/logo\/image\/\",\"url\":\"https:\/\/exceladvisor.org\/es\/wp-content\/uploads\/2023\/12\/exceladvisor.org_.png\",\"contentUrl\":\"https:\/\/exceladvisor.org\/es\/wp-content\/uploads\/2023\/12\/exceladvisor.org_.png\",\"width\":105,\"height\":36,\"caption\":\"Excel Advisor\"},\"image\":{\"@id\":\"https:\/\/exceladvisor.org\/es\/#\/schema\/logo\/image\/\"}}]}<\/script>\n<!-- \/ Yoast SEO plugin. -->","yoast_head_json":{"title":"\u00a1c\u00f3mo solucionar #ref! \u00bferror en excel?","robots":{"index":"index","follow":"follow","max-snippet":"max-snippet:-1","max-image-preview":"max-image-preview:large","max-video-preview":"max-video-preview:-1"},"canonical":"https:\/\/exceladvisor.org\/es\/error-de-referencia\/","og_locale":"es_ES","og_type":"article","og_title":"\u00a1c\u00f3mo solucionar #ref! \u00bferror en excel?","og_description":"La mayor\u00eda de las veces, #REF! Se produce un error cuando ingresa una f\u00f3rmula en una celda y la referencia en esa f\u00f3rmula no es v\u00e1lida. Entonces, por ejemplo, digamos que tiene una f\u00f3rmula que suma los valores de cinco celdas arriba, y copie y pegue esa f\u00f3rmula en una ubicaci\u00f3n donde solo tenga tres [&hellip;]","og_url":"https:\/\/exceladvisor.org\/es\/error-de-referencia\/","og_site_name":"Excel Advisor","article_modified_time":"2023-12-25T10:22:33+00:00","og_image":[{"url":"https:\/\/exceladvisor.org\/wp-content\/uploads\/2023\/08\/1-erreur-de-reference-dans-excel.png","type":"","width":"","height":""}],"twitter_card":"summary_large_image","twitter_misc":{"Tiempo de lectura":"3 minutos"},"schema":{"@context":"https:\/\/schema.org","@graph":[{"@type":"WebPage","@id":"https:\/\/exceladvisor.org\/es\/error-de-referencia\/","url":"https:\/\/exceladvisor.org\/es\/error-de-referencia\/","name":"\u00a1c\u00f3mo solucionar #ref! \u00bferror en excel?","isPartOf":{"@id":"https:\/\/exceladvisor.org\/es\/#website"},"primaryImageOfPage":{"@id":"https:\/\/exceladvisor.org\/es\/error-de-referencia\/#primaryimage"},"image":{"@id":"https:\/\/exceladvisor.org\/es\/error-de-referencia\/#primaryimage"},"thumbnailUrl":"https:\/\/exceladvisor.org\/wp-content\/uploads\/2023\/08\/1-erreur-de-reference-dans-excel.png","datePublished":"2023-09-26T05:13:14+00:00","dateModified":"2023-12-25T10:22:33+00:00","breadcrumb":{"@id":"https:\/\/exceladvisor.org\/es\/error-de-referencia\/#breadcrumb"},"inLanguage":"es","potentialAction":[{"@type":"ReadAction","target":["https:\/\/exceladvisor.org\/es\/error-de-referencia\/"]}]},{"@type":"ImageObject","inLanguage":"es","@id":"https:\/\/exceladvisor.org\/es\/error-de-referencia\/#primaryimage","url":"https:\/\/exceladvisor.org\/wp-content\/uploads\/2023\/08\/1-erreur-de-reference-dans-excel.png","contentUrl":"https:\/\/exceladvisor.org\/wp-content\/uploads\/2023\/08\/1-erreur-de-reference-dans-excel.png"},{"@type":"BreadcrumbList","@id":"https:\/\/exceladvisor.org\/es\/error-de-referencia\/#breadcrumb","itemListElement":[{"@type":"ListItem","position":1,"name":"Hogar","item":"https:\/\/exceladvisor.org\/es\/"},{"@type":"ListItem","position":2,"name":"\u00a1c\u00f3mo solucionar #ref! \u00bferror en excel?"}]},{"@type":"WebSite","@id":"https:\/\/exceladvisor.org\/es\/#website","url":"https:\/\/exceladvisor.org\/es\/","name":"Excel Advisor","description":"Su gu\u00eda para la dominaci\u00f3n de datos!","publisher":{"@id":"https:\/\/exceladvisor.org\/es\/#organization"},"potentialAction":[{"@type":"SearchAction","target":{"@type":"EntryPoint","urlTemplate":"https:\/\/exceladvisor.org\/es\/?s={search_term_string}"},"query-input":{"@type":"PropertyValueSpecification","valueRequired":true,"valueName":"search_term_string"}}],"inLanguage":"es"},{"@type":"Organization","@id":"https:\/\/exceladvisor.org\/es\/#organization","name":"Excel Advisor","url":"https:\/\/exceladvisor.org\/es\/","logo":{"@type":"ImageObject","inLanguage":"es","@id":"https:\/\/exceladvisor.org\/es\/#\/schema\/logo\/image\/","url":"https:\/\/exceladvisor.org\/es\/wp-content\/uploads\/2023\/12\/exceladvisor.org_.png","contentUrl":"https:\/\/exceladvisor.org\/es\/wp-content\/uploads\/2023\/12\/exceladvisor.org_.png","width":105,"height":36,"caption":"Excel Advisor"},"image":{"@id":"https:\/\/exceladvisor.org\/es\/#\/schema\/logo\/image\/"}}]}},"yoast_meta":{"yoast_wpseo_title":"","yoast_wpseo_metadesc":"","yoast_wpseo_canonical":""},"_links":{"self":[{"href":"https:\/\/exceladvisor.org\/es\/wp-json\/wp\/v2\/pages\/702","targetHints":{"allow":["GET"]}}],"collection":[{"href":"https:\/\/exceladvisor.org\/es\/wp-json\/wp\/v2\/pages"}],"about":[{"href":"https:\/\/exceladvisor.org\/es\/wp-json\/wp\/v2\/types\/page"}],"author":[{"embeddable":true,"href":"https:\/\/exceladvisor.org\/es\/wp-json\/wp\/v2\/users\/1"}],"replies":[{"embeddable":true,"href":"https:\/\/exceladvisor.org\/es\/wp-json\/wp\/v2\/comments?post=702"}],"version-history":[{"count":1,"href":"https:\/\/exceladvisor.org\/es\/wp-json\/wp\/v2\/pages\/702\/revisions"}],"predecessor-version":[{"id":773,"href":"https:\/\/exceladvisor.org\/es\/wp-json\/wp\/v2\/pages\/702\/revisions\/773"}],"wp:attachment":[{"href":"https:\/\/exceladvisor.org\/es\/wp-json\/wp\/v2\/media?parent=702"}],"curies":[{"name":"wp","href":"https:\/\/api.w.org\/{rel}","templated":true}]}}