{"id":704,"date":"2023-09-26T03:27:11","date_gmt":"2023-09-26T03:27:11","guid":{"rendered":"https:\/\/exceladvisor.org\/es\/alinear-al-centro\/"},"modified":"2023-12-25T10:32:27","modified_gmt":"2023-12-25T10:32:27","slug":"alinear-al-centro","status":"publish","type":"page","link":"https:\/\/exceladvisor.org\/es\/alinear-al-centro\/","title":{"rendered":"Acceso directo de excel para centrar el texto"},"content":{"rendered":"<div class=\"excel-antes-del-contenido\" id=\"excel-132995742\"><script type=\"text\/javascript\">\r\n\tatOptions = {\r\n\t\t'key' : 'c1158f160081d6540a8409e6925dab94',\r\n\t\t'format' : 'iframe',\r\n\t\t'height' : 250,\r\n\t\t'width' : 300,\r\n\t\t'params' : {}\r\n\t};\r\n<\/script>\r\n<script type=\"text\/javascript\" src=\"\/\/www.highperformanceformat.com\/c1158f160081d6540a8409e6925dab94\/invoke.js\"><\/script><\/div><p>Los usuarios ingresan el valor en las celdas, Excel de forma predeterminada alinea los n\u00fameros a la izquierda de la celda y el texto a la derecha de la celda.<\/p>\n<p> Pero Excel tambi\u00e9n tiene la opci\u00f3n de ajustar o cambiar la alineaci\u00f3n del valor de la celda a la derecha, izquierda o centro de la celda, lo que significa que los usuarios pueden cambiar la posici\u00f3n del valor de la celda en cualquier momento seg\u00fan sus gustos y necesidades.<\/p>\n<p> En este tutorial, hemos explicado c\u00f3mo centrar valores de alineaci\u00f3n usando un atajo de teclado.<\/p>\n<h2 class=\"wp-block-heading\"> Atajo de teclado para alinear el centro en Excel<\/h2>\n<p> <kbd>Alt<\/kbd> \u2192 <kbd>H<\/kbd> \u2192 <kbd>A<\/kbd> \u2192 <kbd>C<\/kbd> <\/p>\n<div class=\"wp-block-image\">\n<figure class=\"aligncenter size-full is-resized\"><img loading=\"lazy\" decoding=\"async\" class=\"wp-image-70414\" src=\"https:\/\/exceladvisor.org\/wp-content\/uploads\/2023\/08\/1-raccourci-pour-aligner-le-centre1.png\" sizes=\"auto, \" srcset=\"\" alt=\"acceso directo al centro de alineaci\u00f3n\" width=\"769\" height=\"301\"><\/figure>\n<\/div>\n<h2 class=\"wp-block-heading\"> Pasos para alinear al centro usando el m\u00e9todo abreviado de teclado<\/h2>\n<ol>\n<li> Primero, navegue hasta la celda o seleccione el rango de celdas donde desea centrar el valor. <br \/><img decoding=\"async\" title=\"2 celdas de selecci\u00f3n\" src=\"https:\/\/exceladvisor.org\/wp-content\/uploads\/2023\/08\/2-cellules-selectionnees.png\" sizes=\"\" srcset=\"\" alt=\"select-cells\"><\/li>\n<li> Ahora simplemente presione Alt \u2192 H \u2192 A \u2192 C en orden y obtendr\u00e1 el valor alineado en el centro. <br \/><img decoding=\"async\" title=\"Texto alineado en 3 centros\" src=\"https:\/\/exceladvisor.org\/wp-content\/uploads\/2023\/08\/3-texte-aligne-au-centre.png\" sizes=\"\" srcset=\"\" alt=\"text-aligned-to-center\"><\/li>\n<\/ol>\n<div class=\"gb-container gb-container-2116538e gb-container-mt\">\n<h2 class=\"gb-headline gb-headline-7ed68554 gb-headline-text gb-headline-mt-heading\"> M\u00e1s atajos <\/h2>\n<div class=\"gb-grid-wrapper gb-grid-wrapper-edeef538 gb-grid-wrapper-mt-grid\">\n<div class=\"gb-grid-column gb-grid-column-6ab6fbc6\">\n<div class=\"gb-container gb-container-6ab6fbc6\">\n<ul>\n<li> <a href=\"https:\/\/exceladvisor.org\/es\/barra-1\/\">Vara<\/a><\/li>\n<li> <a href=\"https:\/\/exceladvisor.org\/es\/indice-2\/\">Pista<\/a><\/li>\n<li> <a href=\"https:\/\/exceladvisor.org\/es\/exponente\/\">Expositor<\/a><\/li>\n<li> <a href=\"https:\/\/exceladvisor.org\/es\/marca-de-verificacion-1\/\">Marca de verificaci\u00f3n<\/a> <\/li>\n<\/ul>\n<\/div>\n<\/div>\n<div class=\"gb-grid-column gb-grid-column-766d598b\">\n<div class=\"gb-container gb-container-766d598b\">\n<ul>\n<li> <a href=\"https:\/\/exceladvisor.org\/es\/formato-de-moneda\/\">Aplicar formato de moneda<\/a><\/li>\n<li> <a href=\"https:\/\/exceladvisor.org\/es\/formato-de-porcentaje\/\">Formato de porcentaje<\/a><\/li>\n<li> <a href=\"https:\/\/exceladvisor.org\/es\/formato-de-fecha\/\">Aplicar formato de fecha<\/a><\/li>\n<li> <a href=\"https:\/\/exceladvisor.org\/es\/formato-de-tiempo\/\">Aplicar formato de hora<\/a><\/li>\n<\/ul>\n<\/div>\n<\/div>\n<\/div>\n<\/div>\n","protected":false},"excerpt":{"rendered":"<p>Los usuarios ingresan el valor en las celdas, Excel de forma predeterminada alinea los n\u00fameros a la izquierda de la celda y el texto a la derecha de la celda. Pero Excel tambi\u00e9n tiene la opci\u00f3n de ajustar o cambiar la alineaci\u00f3n del valor de la celda a la derecha, izquierda o centro de la [&hellip;]<\/p>\n","protected":false},"author":1,"featured_media":0,"parent":0,"menu_order":0,"comment_status":"open","ping_status":"closed","template":"","meta":{"ub_ctt_via":"","footnotes":""},"class_list":["post-704","page","type-page","status-publish","hentry"],"featured_image_src":null,"yoast_head":"<!-- This site is optimized with the Yoast SEO plugin v25.4 - https:\/\/yoast.com\/wordpress\/plugins\/seo\/ -->\n<title>Acceso directo de excel para centrar el texto<\/title>\n<meta name=\"robots\" content=\"index, follow, max-snippet:-1, max-image-preview:large, max-video-preview:-1\" \/>\n<link rel=\"canonical\" href=\"https:\/\/exceladvisor.org\/es\/alinear-al-centro\/\" \/>\n<meta property=\"og:locale\" content=\"es_ES\" \/>\n<meta property=\"og:type\" content=\"article\" \/>\n<meta property=\"og:title\" content=\"Acceso directo de excel para centrar el texto\" \/>\n<meta property=\"og:description\" content=\"Los usuarios ingresan el valor en las celdas, Excel de forma predeterminada alinea los n\u00fameros a la izquierda de la celda y el texto a la derecha de la celda. Pero Excel tambi\u00e9n tiene la opci\u00f3n de ajustar o cambiar la alineaci\u00f3n del valor de la celda a la derecha, izquierda o centro de la [&hellip;]\" \/>\n<meta property=\"og:url\" content=\"https:\/\/exceladvisor.org\/es\/alinear-al-centro\/\" \/>\n<meta property=\"og:site_name\" content=\"Excel Advisor\" \/>\n<meta property=\"article:modified_time\" content=\"2023-12-25T10:32:27+00:00\" \/>\n<meta property=\"og:image\" content=\"https:\/\/exceladvisor.org\/wp-content\/uploads\/2023\/08\/1-raccourci-pour-aligner-le-centre1.png\" \/>\n<meta name=\"twitter:card\" content=\"summary_large_image\" \/>\n<meta name=\"twitter:label1\" content=\"Tiempo de lectura\" \/>\n\t<meta name=\"twitter:data1\" content=\"1 minuto\" \/>\n<script type=\"application\/ld+json\" class=\"yoast-schema-graph\">{\"@context\":\"https:\/\/schema.org\",\"@graph\":[{\"@type\":\"WebPage\",\"@id\":\"https:\/\/exceladvisor.org\/es\/alinear-al-centro\/\",\"url\":\"https:\/\/exceladvisor.org\/es\/alinear-al-centro\/\",\"name\":\"Acceso directo de excel para centrar el texto\",\"isPartOf\":{\"@id\":\"https:\/\/exceladvisor.org\/es\/#website\"},\"primaryImageOfPage\":{\"@id\":\"https:\/\/exceladvisor.org\/es\/alinear-al-centro\/#primaryimage\"},\"image\":{\"@id\":\"https:\/\/exceladvisor.org\/es\/alinear-al-centro\/#primaryimage\"},\"thumbnailUrl\":\"https:\/\/exceladvisor.org\/wp-content\/uploads\/2023\/08\/1-raccourci-pour-aligner-le-centre1.png\",\"datePublished\":\"2023-09-26T03:27:11+00:00\",\"dateModified\":\"2023-12-25T10:32:27+00:00\",\"breadcrumb\":{\"@id\":\"https:\/\/exceladvisor.org\/es\/alinear-al-centro\/#breadcrumb\"},\"inLanguage\":\"es\",\"potentialAction\":[{\"@type\":\"ReadAction\",\"target\":[\"https:\/\/exceladvisor.org\/es\/alinear-al-centro\/\"]}]},{\"@type\":\"ImageObject\",\"inLanguage\":\"es\",\"@id\":\"https:\/\/exceladvisor.org\/es\/alinear-al-centro\/#primaryimage\",\"url\":\"https:\/\/exceladvisor.org\/wp-content\/uploads\/2023\/08\/1-raccourci-pour-aligner-le-centre1.png\",\"contentUrl\":\"https:\/\/exceladvisor.org\/wp-content\/uploads\/2023\/08\/1-raccourci-pour-aligner-le-centre1.png\"},{\"@type\":\"BreadcrumbList\",\"@id\":\"https:\/\/exceladvisor.org\/es\/alinear-al-centro\/#breadcrumb\",\"itemListElement\":[{\"@type\":\"ListItem\",\"position\":1,\"name\":\"Hogar\",\"item\":\"https:\/\/exceladvisor.org\/es\/\"},{\"@type\":\"ListItem\",\"position\":2,\"name\":\"Acceso directo de excel para centrar el texto\"}]},{\"@type\":\"WebSite\",\"@id\":\"https:\/\/exceladvisor.org\/es\/#website\",\"url\":\"https:\/\/exceladvisor.org\/es\/\",\"name\":\"Excel Advisor\",\"description\":\"Su gu\u00eda para la dominaci\u00f3n de datos!\",\"publisher\":{\"@id\":\"https:\/\/exceladvisor.org\/es\/#organization\"},\"potentialAction\":[{\"@type\":\"SearchAction\",\"target\":{\"@type\":\"EntryPoint\",\"urlTemplate\":\"https:\/\/exceladvisor.org\/es\/?s={search_term_string}\"},\"query-input\":{\"@type\":\"PropertyValueSpecification\",\"valueRequired\":true,\"valueName\":\"search_term_string\"}}],\"inLanguage\":\"es\"},{\"@type\":\"Organization\",\"@id\":\"https:\/\/exceladvisor.org\/es\/#organization\",\"name\":\"Excel Advisor\",\"url\":\"https:\/\/exceladvisor.org\/es\/\",\"logo\":{\"@type\":\"ImageObject\",\"inLanguage\":\"es\",\"@id\":\"https:\/\/exceladvisor.org\/es\/#\/schema\/logo\/image\/\",\"url\":\"https:\/\/exceladvisor.org\/es\/wp-content\/uploads\/2023\/12\/exceladvisor.org_.png\",\"contentUrl\":\"https:\/\/exceladvisor.org\/es\/wp-content\/uploads\/2023\/12\/exceladvisor.org_.png\",\"width\":105,\"height\":36,\"caption\":\"Excel Advisor\"},\"image\":{\"@id\":\"https:\/\/exceladvisor.org\/es\/#\/schema\/logo\/image\/\"}}]}<\/script>\n<!-- \/ Yoast SEO plugin. -->","yoast_head_json":{"title":"Acceso directo de excel para centrar el texto","robots":{"index":"index","follow":"follow","max-snippet":"max-snippet:-1","max-image-preview":"max-image-preview:large","max-video-preview":"max-video-preview:-1"},"canonical":"https:\/\/exceladvisor.org\/es\/alinear-al-centro\/","og_locale":"es_ES","og_type":"article","og_title":"Acceso directo de excel para centrar el texto","og_description":"Los usuarios ingresan el valor en las celdas, Excel de forma predeterminada alinea los n\u00fameros a la izquierda de la celda y el texto a la derecha de la celda. Pero Excel tambi\u00e9n tiene la opci\u00f3n de ajustar o cambiar la alineaci\u00f3n del valor de la celda a la derecha, izquierda o centro de la [&hellip;]","og_url":"https:\/\/exceladvisor.org\/es\/alinear-al-centro\/","og_site_name":"Excel Advisor","article_modified_time":"2023-12-25T10:32:27+00:00","og_image":[{"url":"https:\/\/exceladvisor.org\/wp-content\/uploads\/2023\/08\/1-raccourci-pour-aligner-le-centre1.png","type":"","width":"","height":""}],"twitter_card":"summary_large_image","twitter_misc":{"Tiempo de lectura":"1 minuto"},"schema":{"@context":"https:\/\/schema.org","@graph":[{"@type":"WebPage","@id":"https:\/\/exceladvisor.org\/es\/alinear-al-centro\/","url":"https:\/\/exceladvisor.org\/es\/alinear-al-centro\/","name":"Acceso directo de excel para centrar el texto","isPartOf":{"@id":"https:\/\/exceladvisor.org\/es\/#website"},"primaryImageOfPage":{"@id":"https:\/\/exceladvisor.org\/es\/alinear-al-centro\/#primaryimage"},"image":{"@id":"https:\/\/exceladvisor.org\/es\/alinear-al-centro\/#primaryimage"},"thumbnailUrl":"https:\/\/exceladvisor.org\/wp-content\/uploads\/2023\/08\/1-raccourci-pour-aligner-le-centre1.png","datePublished":"2023-09-26T03:27:11+00:00","dateModified":"2023-12-25T10:32:27+00:00","breadcrumb":{"@id":"https:\/\/exceladvisor.org\/es\/alinear-al-centro\/#breadcrumb"},"inLanguage":"es","potentialAction":[{"@type":"ReadAction","target":["https:\/\/exceladvisor.org\/es\/alinear-al-centro\/"]}]},{"@type":"ImageObject","inLanguage":"es","@id":"https:\/\/exceladvisor.org\/es\/alinear-al-centro\/#primaryimage","url":"https:\/\/exceladvisor.org\/wp-content\/uploads\/2023\/08\/1-raccourci-pour-aligner-le-centre1.png","contentUrl":"https:\/\/exceladvisor.org\/wp-content\/uploads\/2023\/08\/1-raccourci-pour-aligner-le-centre1.png"},{"@type":"BreadcrumbList","@id":"https:\/\/exceladvisor.org\/es\/alinear-al-centro\/#breadcrumb","itemListElement":[{"@type":"ListItem","position":1,"name":"Hogar","item":"https:\/\/exceladvisor.org\/es\/"},{"@type":"ListItem","position":2,"name":"Acceso directo de excel para centrar el texto"}]},{"@type":"WebSite","@id":"https:\/\/exceladvisor.org\/es\/#website","url":"https:\/\/exceladvisor.org\/es\/","name":"Excel Advisor","description":"Su gu\u00eda para la dominaci\u00f3n de datos!","publisher":{"@id":"https:\/\/exceladvisor.org\/es\/#organization"},"potentialAction":[{"@type":"SearchAction","target":{"@type":"EntryPoint","urlTemplate":"https:\/\/exceladvisor.org\/es\/?s={search_term_string}"},"query-input":{"@type":"PropertyValueSpecification","valueRequired":true,"valueName":"search_term_string"}}],"inLanguage":"es"},{"@type":"Organization","@id":"https:\/\/exceladvisor.org\/es\/#organization","name":"Excel Advisor","url":"https:\/\/exceladvisor.org\/es\/","logo":{"@type":"ImageObject","inLanguage":"es","@id":"https:\/\/exceladvisor.org\/es\/#\/schema\/logo\/image\/","url":"https:\/\/exceladvisor.org\/es\/wp-content\/uploads\/2023\/12\/exceladvisor.org_.png","contentUrl":"https:\/\/exceladvisor.org\/es\/wp-content\/uploads\/2023\/12\/exceladvisor.org_.png","width":105,"height":36,"caption":"Excel Advisor"},"image":{"@id":"https:\/\/exceladvisor.org\/es\/#\/schema\/logo\/image\/"}}]}},"yoast_meta":{"yoast_wpseo_title":"","yoast_wpseo_metadesc":"","yoast_wpseo_canonical":""},"_links":{"self":[{"href":"https:\/\/exceladvisor.org\/es\/wp-json\/wp\/v2\/pages\/704","targetHints":{"allow":["GET"]}}],"collection":[{"href":"https:\/\/exceladvisor.org\/es\/wp-json\/wp\/v2\/pages"}],"about":[{"href":"https:\/\/exceladvisor.org\/es\/wp-json\/wp\/v2\/types\/page"}],"author":[{"embeddable":true,"href":"https:\/\/exceladvisor.org\/es\/wp-json\/wp\/v2\/users\/1"}],"replies":[{"embeddable":true,"href":"https:\/\/exceladvisor.org\/es\/wp-json\/wp\/v2\/comments?post=704"}],"version-history":[{"count":1,"href":"https:\/\/exceladvisor.org\/es\/wp-json\/wp\/v2\/pages\/704\/revisions"}],"predecessor-version":[{"id":1419,"href":"https:\/\/exceladvisor.org\/es\/wp-json\/wp\/v2\/pages\/704\/revisions\/1419"}],"wp:attachment":[{"href":"https:\/\/exceladvisor.org\/es\/wp-json\/wp\/v2\/media?parent=704"}],"curies":[{"name":"wp","href":"https:\/\/api.w.org\/{rel}","templated":true}]}}