{"id":705,"date":"2023-09-26T01:59:07","date_gmt":"2023-09-26T01:59:07","guid":{"rendered":"https:\/\/exceladvisor.org\/es\/ampliar-reducir\/"},"modified":"2023-12-25T10:22:41","modified_gmt":"2023-12-25T10:22:41","slug":"ampliar-reducir","status":"publish","type":"page","link":"https:\/\/exceladvisor.org\/es\/ampliar-reducir\/","title":{"rendered":"\u00bfc\u00f3mo acercar o alejar en excel?"},"content":{"rendered":"<div class=\"excel-antes-del-contenido\" id=\"excel-994065482\"><script type=\"text\/javascript\">\r\n\tatOptions = {\r\n\t\t'key' : 'c1158f160081d6540a8409e6925dab94',\r\n\t\t'format' : 'iframe',\r\n\t\t'height' : 250,\r\n\t\t'width' : 300,\r\n\t\t'params' : {}\r\n\t};\r\n<\/script>\r\n<script type=\"text\/javascript\" src=\"\/\/www.highperformanceformat.com\/c1158f160081d6540a8409e6925dab94\/invoke.js\"><\/script><\/div><p>Al igual que otras aplicaciones de Microsoft Office, Excel tambi\u00e9n tiene la funcionalidad de acercar y alejar la hoja de trabajo. Excel permite un acercamiento m\u00e1ximo de hasta un 400% y un alejamiento de hasta un 10%, lo que significa que el usuario puede ampliar el tama\u00f1o de la hoja de c\u00e1lculo hasta un nivel m\u00e1ximo de un 400% y puede realizar un alejamiento de hasta un 10%.<\/p>\n<p> Al igual que otras funciones de Excel, la funci\u00f3n de acercar y alejar se puede utilizar manualmente o mediante el m\u00e9todo abreviado de teclado.<\/p>\n<h2 class=\"wp-block-heading\"> Atajo de teclado para hacer zoom \u2013 Alejar en Excel<\/h2>\n<p> Aqu\u00ed proporcionamos dos atajos de teclado para acercar y alejar el tama\u00f1o de la hoja de trabajo como se menciona a continuaci\u00f3n: <\/p>\n<div class=\"wp-block-image\">\n<figure class=\"aligncenter size-full is-resized\"><img loading=\"lazy\" decoding=\"async\" class=\"wp-image-69507\" src=\"https:\/\/exceladvisor.org\/wp-content\/uploads\/2023\/08\/1-raccourci-clavier-pour-zoomer.png\" sizes=\"auto, \" srcset=\"\" alt=\"m\u00e9todo abreviado de teclado para hacer zoom\" width=\"819\" height=\"321\"><\/figure>\n<\/div>\n<p> <kbd>Ctrl<\/kbd> + <kbd>Alt<\/kbd> + <kbd>+<\/kbd> Para hacer zoom <\/p>\n<div class=\"wp-block-image\">\n<figure class=\"aligncenter size-full is-resized\"><img loading=\"lazy\" decoding=\"async\" class=\"wp-image-69508\" src=\"https:\/\/exceladvisor.org\/wp-content\/uploads\/2023\/08\/2-raccourcis-clavier-pour-effectuer-un-zoom-arriere.png\" sizes=\"auto, \" srcset=\"\" alt=\"m\u00e9todo abreviado de teclado para hacer zoom\" width=\"818\" height=\"321\"><\/figure>\n<\/div>\n<p> <kbd>Ctrl<\/kbd> + <kbd>Alt<\/kbd> + <kbd>\u2013<\/kbd> Para alejar <\/p>\n<div class=\"wp-block-image\">\n<figure class=\"aligncenter size-full is-resized\"><img loading=\"lazy\" decoding=\"async\" class=\"wp-image-69509\" src=\"https:\/\/exceladvisor.org\/wp-content\/uploads\/2023\/08\/3-touches-de-raccourci-pour-zoomer-et-dezoomer.png\" sizes=\"auto, \" srcset=\"\" alt=\"teclas de acceso r\u00e1pido para acercar y alejar\" width=\"820\" height=\"322\"><\/figure>\n<\/div>\n<p> <kbd>Alt<\/kbd> \u2192 <kbd>V<\/kbd> \u2192 <kbd>Z<\/kbd><\/p>\n<h2 class=\"wp-block-heading\"> Pasos para acercar y alejar usando un m\u00e9todo abreviado de teclado<\/h2>\n<ol>\n<li> Primero, abra la hoja de c\u00e1lculo que desea ampliar o reducir.<\/li>\n<li> Despu\u00e9s de eso, mantenga presionadas las teclas \u00abCtrl + Alt\u00bb, luego presione el signo m\u00e1s \u00ab+\u00bb o el signo menos \u00ab-\u00bb para acercar o alejar respectivamente.<\/li>\n<li> O presione las teclas \u201cAlt \u2192 V \u2192 Z\u201d en orden y abrir\u00e1 el cuadro de di\u00e1logo \u201cZoom\u201d.<\/li>\n<li> Ahora, seleccione la opci\u00f3n de acercamiento preestablecida o seleccione \u00abPersonalizado\u00bb para acercar o alejar usando las teclas de flecha hacia arriba y hacia abajo en el teclado seg\u00fan sea necesario, luego presione \u00abEntrar\u00bb. <\/li>\n<\/ol>\n<div class=\"wp-block-image\">\n<figure class=\"aligncenter size-full is-resized\"><img loading=\"lazy\" decoding=\"async\" class=\"wp-image-69510\" src=\"https:\/\/exceladvisor.org\/wp-content\/uploads\/2023\/08\/4-boite-de-dialogue-de-zoom.png\" sizes=\"auto, \" srcset=\"\" alt=\"cuadro de di\u00e1logo de zoom\" width=\"233\" height=\"326\"><\/figure>\n<\/div>\n<h2 class=\"wp-block-heading\"> Comidas para llevar<\/h2>\n<ul>\n<li> Si acerca o aleja la hoja de trabajo actual, Excel solo ampliar\u00e1 esa hoja de trabajo y las dem\u00e1s hojas de trabajo de ese libro permanecer\u00e1n sin cambios.<\/li>\n<li> Para acercar o alejar varias hojas de trabajo a la vez, seleccione todas las hojas (pesta\u00f1as) y luego use los accesos directos para acercar o alejar.<\/li>\n<li> Si tienes un teclado con teclas num\u00e9ricas, a veces la tecla \u2013 menos no funciona correctamente desde las teclas superiores, por lo que es mejor usar las teclas + m\u00e1s y \u2013 menos de las teclas num\u00e9ricas. <\/li>\n<\/ul>\n<div class=\"wp-block-group more-tutorials is-layout-flow\">\n<div class=\"wp-block-group__inner-container\">\n<h2 class=\"wp-block-heading\"> M\u00e1s tutoriales <\/h2>\n<div class=\"wp-block-columns is-layout-flex wp-container-27\">\n<div class=\"wp-block-column is-layout-flow\">\n<ul>\n<li> <a href=\"https:\/\/exceladvisor.org\/es\/agregar-una-nueva-hoja\/\">Agregar una nueva hoja<\/a><\/li>\n<li> <a href=\"https:\/\/exceladvisor.org\/es\/eliminar-una-hoja\/\">Eliminar hoja<\/a><\/li>\n<li> <a href=\"https:\/\/exceladvisor.org\/es\/encontrar-reemplazar-1\/\">Encontrar y reemplazar<\/a><\/li>\n<li> <a href=\"https:\/\/exceladvisor.org\/es\/congelar-el-obturador\/\">congelar la sart\u00e9n<\/a><\/li>\n<li> <a href=\"https:\/\/exceladvisor.org\/es\/hipervinculo-2\/\">Hiperv\u00ednculo<\/a><\/li>\n<\/ul>\n<\/div>\n<div class=\"wp-block-column is-layout-flow\"><\/div>\n<\/div>\n<p> \u21e0 Volver a <a href=\"https:\/\/exceladvisor.org\/es\/atajos-de-teclado\/\">los atajos de Excel (hoja de referencia en PDF)<\/a><\/p>\n<\/div>\n<\/div>\n","protected":false},"excerpt":{"rendered":"<p>Al igual que otras aplicaciones de Microsoft Office, Excel tambi\u00e9n tiene la funcionalidad de acercar y alejar la hoja de trabajo. Excel permite un acercamiento m\u00e1ximo de hasta un 400% y un alejamiento de hasta un 10%, lo que significa que el usuario puede ampliar el tama\u00f1o de la hoja de c\u00e1lculo hasta un nivel [&hellip;]<\/p>\n","protected":false},"author":1,"featured_media":0,"parent":0,"menu_order":0,"comment_status":"open","ping_status":"closed","template":"","meta":{"ub_ctt_via":"","footnotes":""},"class_list":["post-705","page","type-page","status-publish","hentry"],"featured_image_src":null,"yoast_head":"<!-- This site is optimized with the Yoast SEO plugin v25.4 - https:\/\/yoast.com\/wordpress\/plugins\/seo\/ -->\n<title>\u00bfc\u00f3mo acercar o alejar en excel?<\/title>\n<meta name=\"robots\" content=\"index, follow, max-snippet:-1, max-image-preview:large, max-video-preview:-1\" \/>\n<link rel=\"canonical\" href=\"https:\/\/exceladvisor.org\/es\/ampliar-reducir\/\" \/>\n<meta property=\"og:locale\" content=\"es_ES\" \/>\n<meta property=\"og:type\" content=\"article\" \/>\n<meta property=\"og:title\" content=\"\u00bfc\u00f3mo acercar o alejar en excel?\" \/>\n<meta property=\"og:description\" content=\"Al igual que otras aplicaciones de Microsoft Office, Excel tambi\u00e9n tiene la funcionalidad de acercar y alejar la hoja de trabajo. Excel permite un acercamiento m\u00e1ximo de hasta un 400% y un alejamiento de hasta un 10%, lo que significa que el usuario puede ampliar el tama\u00f1o de la hoja de c\u00e1lculo hasta un nivel [&hellip;]\" \/>\n<meta property=\"og:url\" content=\"https:\/\/exceladvisor.org\/es\/ampliar-reducir\/\" \/>\n<meta property=\"og:site_name\" content=\"Excel Advisor\" \/>\n<meta property=\"article:modified_time\" content=\"2023-12-25T10:22:41+00:00\" \/>\n<meta property=\"og:image\" content=\"https:\/\/exceladvisor.org\/wp-content\/uploads\/2023\/08\/1-raccourci-clavier-pour-zoomer.png\" \/>\n<meta name=\"twitter:card\" content=\"summary_large_image\" \/>\n<meta name=\"twitter:label1\" content=\"Tiempo de lectura\" \/>\n\t<meta name=\"twitter:data1\" content=\"2 minutos\" \/>\n<script type=\"application\/ld+json\" class=\"yoast-schema-graph\">{\"@context\":\"https:\/\/schema.org\",\"@graph\":[{\"@type\":\"WebPage\",\"@id\":\"https:\/\/exceladvisor.org\/es\/ampliar-reducir\/\",\"url\":\"https:\/\/exceladvisor.org\/es\/ampliar-reducir\/\",\"name\":\"\u00bfc\u00f3mo acercar o alejar en excel?\",\"isPartOf\":{\"@id\":\"https:\/\/exceladvisor.org\/es\/#website\"},\"primaryImageOfPage\":{\"@id\":\"https:\/\/exceladvisor.org\/es\/ampliar-reducir\/#primaryimage\"},\"image\":{\"@id\":\"https:\/\/exceladvisor.org\/es\/ampliar-reducir\/#primaryimage\"},\"thumbnailUrl\":\"https:\/\/exceladvisor.org\/wp-content\/uploads\/2023\/08\/1-raccourci-clavier-pour-zoomer.png\",\"datePublished\":\"2023-09-26T01:59:07+00:00\",\"dateModified\":\"2023-12-25T10:22:41+00:00\",\"breadcrumb\":{\"@id\":\"https:\/\/exceladvisor.org\/es\/ampliar-reducir\/#breadcrumb\"},\"inLanguage\":\"es\",\"potentialAction\":[{\"@type\":\"ReadAction\",\"target\":[\"https:\/\/exceladvisor.org\/es\/ampliar-reducir\/\"]}]},{\"@type\":\"ImageObject\",\"inLanguage\":\"es\",\"@id\":\"https:\/\/exceladvisor.org\/es\/ampliar-reducir\/#primaryimage\",\"url\":\"https:\/\/exceladvisor.org\/wp-content\/uploads\/2023\/08\/1-raccourci-clavier-pour-zoomer.png\",\"contentUrl\":\"https:\/\/exceladvisor.org\/wp-content\/uploads\/2023\/08\/1-raccourci-clavier-pour-zoomer.png\"},{\"@type\":\"BreadcrumbList\",\"@id\":\"https:\/\/exceladvisor.org\/es\/ampliar-reducir\/#breadcrumb\",\"itemListElement\":[{\"@type\":\"ListItem\",\"position\":1,\"name\":\"Hogar\",\"item\":\"https:\/\/exceladvisor.org\/es\/\"},{\"@type\":\"ListItem\",\"position\":2,\"name\":\"\u00bfc\u00f3mo acercar o alejar en excel?\"}]},{\"@type\":\"WebSite\",\"@id\":\"https:\/\/exceladvisor.org\/es\/#website\",\"url\":\"https:\/\/exceladvisor.org\/es\/\",\"name\":\"Excel Advisor\",\"description\":\"Su gu\u00eda para la dominaci\u00f3n de datos!\",\"publisher\":{\"@id\":\"https:\/\/exceladvisor.org\/es\/#organization\"},\"potentialAction\":[{\"@type\":\"SearchAction\",\"target\":{\"@type\":\"EntryPoint\",\"urlTemplate\":\"https:\/\/exceladvisor.org\/es\/?s={search_term_string}\"},\"query-input\":{\"@type\":\"PropertyValueSpecification\",\"valueRequired\":true,\"valueName\":\"search_term_string\"}}],\"inLanguage\":\"es\"},{\"@type\":\"Organization\",\"@id\":\"https:\/\/exceladvisor.org\/es\/#organization\",\"name\":\"Excel Advisor\",\"url\":\"https:\/\/exceladvisor.org\/es\/\",\"logo\":{\"@type\":\"ImageObject\",\"inLanguage\":\"es\",\"@id\":\"https:\/\/exceladvisor.org\/es\/#\/schema\/logo\/image\/\",\"url\":\"https:\/\/exceladvisor.org\/es\/wp-content\/uploads\/2023\/12\/exceladvisor.org_.png\",\"contentUrl\":\"https:\/\/exceladvisor.org\/es\/wp-content\/uploads\/2023\/12\/exceladvisor.org_.png\",\"width\":105,\"height\":36,\"caption\":\"Excel Advisor\"},\"image\":{\"@id\":\"https:\/\/exceladvisor.org\/es\/#\/schema\/logo\/image\/\"}}]}<\/script>\n<!-- \/ Yoast SEO plugin. -->","yoast_head_json":{"title":"\u00bfc\u00f3mo acercar o alejar en excel?","robots":{"index":"index","follow":"follow","max-snippet":"max-snippet:-1","max-image-preview":"max-image-preview:large","max-video-preview":"max-video-preview:-1"},"canonical":"https:\/\/exceladvisor.org\/es\/ampliar-reducir\/","og_locale":"es_ES","og_type":"article","og_title":"\u00bfc\u00f3mo acercar o alejar en excel?","og_description":"Al igual que otras aplicaciones de Microsoft Office, Excel tambi\u00e9n tiene la funcionalidad de acercar y alejar la hoja de trabajo. Excel permite un acercamiento m\u00e1ximo de hasta un 400% y un alejamiento de hasta un 10%, lo que significa que el usuario puede ampliar el tama\u00f1o de la hoja de c\u00e1lculo hasta un nivel [&hellip;]","og_url":"https:\/\/exceladvisor.org\/es\/ampliar-reducir\/","og_site_name":"Excel Advisor","article_modified_time":"2023-12-25T10:22:41+00:00","og_image":[{"url":"https:\/\/exceladvisor.org\/wp-content\/uploads\/2023\/08\/1-raccourci-clavier-pour-zoomer.png","type":"","width":"","height":""}],"twitter_card":"summary_large_image","twitter_misc":{"Tiempo de lectura":"2 minutos"},"schema":{"@context":"https:\/\/schema.org","@graph":[{"@type":"WebPage","@id":"https:\/\/exceladvisor.org\/es\/ampliar-reducir\/","url":"https:\/\/exceladvisor.org\/es\/ampliar-reducir\/","name":"\u00bfc\u00f3mo acercar o alejar en excel?","isPartOf":{"@id":"https:\/\/exceladvisor.org\/es\/#website"},"primaryImageOfPage":{"@id":"https:\/\/exceladvisor.org\/es\/ampliar-reducir\/#primaryimage"},"image":{"@id":"https:\/\/exceladvisor.org\/es\/ampliar-reducir\/#primaryimage"},"thumbnailUrl":"https:\/\/exceladvisor.org\/wp-content\/uploads\/2023\/08\/1-raccourci-clavier-pour-zoomer.png","datePublished":"2023-09-26T01:59:07+00:00","dateModified":"2023-12-25T10:22:41+00:00","breadcrumb":{"@id":"https:\/\/exceladvisor.org\/es\/ampliar-reducir\/#breadcrumb"},"inLanguage":"es","potentialAction":[{"@type":"ReadAction","target":["https:\/\/exceladvisor.org\/es\/ampliar-reducir\/"]}]},{"@type":"ImageObject","inLanguage":"es","@id":"https:\/\/exceladvisor.org\/es\/ampliar-reducir\/#primaryimage","url":"https:\/\/exceladvisor.org\/wp-content\/uploads\/2023\/08\/1-raccourci-clavier-pour-zoomer.png","contentUrl":"https:\/\/exceladvisor.org\/wp-content\/uploads\/2023\/08\/1-raccourci-clavier-pour-zoomer.png"},{"@type":"BreadcrumbList","@id":"https:\/\/exceladvisor.org\/es\/ampliar-reducir\/#breadcrumb","itemListElement":[{"@type":"ListItem","position":1,"name":"Hogar","item":"https:\/\/exceladvisor.org\/es\/"},{"@type":"ListItem","position":2,"name":"\u00bfc\u00f3mo acercar o alejar en excel?"}]},{"@type":"WebSite","@id":"https:\/\/exceladvisor.org\/es\/#website","url":"https:\/\/exceladvisor.org\/es\/","name":"Excel Advisor","description":"Su gu\u00eda para la dominaci\u00f3n de datos!","publisher":{"@id":"https:\/\/exceladvisor.org\/es\/#organization"},"potentialAction":[{"@type":"SearchAction","target":{"@type":"EntryPoint","urlTemplate":"https:\/\/exceladvisor.org\/es\/?s={search_term_string}"},"query-input":{"@type":"PropertyValueSpecification","valueRequired":true,"valueName":"search_term_string"}}],"inLanguage":"es"},{"@type":"Organization","@id":"https:\/\/exceladvisor.org\/es\/#organization","name":"Excel Advisor","url":"https:\/\/exceladvisor.org\/es\/","logo":{"@type":"ImageObject","inLanguage":"es","@id":"https:\/\/exceladvisor.org\/es\/#\/schema\/logo\/image\/","url":"https:\/\/exceladvisor.org\/es\/wp-content\/uploads\/2023\/12\/exceladvisor.org_.png","contentUrl":"https:\/\/exceladvisor.org\/es\/wp-content\/uploads\/2023\/12\/exceladvisor.org_.png","width":105,"height":36,"caption":"Excel Advisor"},"image":{"@id":"https:\/\/exceladvisor.org\/es\/#\/schema\/logo\/image\/"}}]}},"yoast_meta":{"yoast_wpseo_title":"","yoast_wpseo_metadesc":"","yoast_wpseo_canonical":""},"_links":{"self":[{"href":"https:\/\/exceladvisor.org\/es\/wp-json\/wp\/v2\/pages\/705","targetHints":{"allow":["GET"]}}],"collection":[{"href":"https:\/\/exceladvisor.org\/es\/wp-json\/wp\/v2\/pages"}],"about":[{"href":"https:\/\/exceladvisor.org\/es\/wp-json\/wp\/v2\/types\/page"}],"author":[{"embeddable":true,"href":"https:\/\/exceladvisor.org\/es\/wp-json\/wp\/v2\/users\/1"}],"replies":[{"embeddable":true,"href":"https:\/\/exceladvisor.org\/es\/wp-json\/wp\/v2\/comments?post=705"}],"version-history":[{"count":1,"href":"https:\/\/exceladvisor.org\/es\/wp-json\/wp\/v2\/pages\/705\/revisions"}],"predecessor-version":[{"id":783,"href":"https:\/\/exceladvisor.org\/es\/wp-json\/wp\/v2\/pages\/705\/revisions\/783"}],"wp:attachment":[{"href":"https:\/\/exceladvisor.org\/es\/wp-json\/wp\/v2\/media?parent=705"}],"curies":[{"name":"wp","href":"https:\/\/api.w.org\/{rel}","templated":true}]}}