{"id":706,"date":"2023-09-25T23:25:01","date_gmt":"2023-09-25T23:25:01","guid":{"rendered":"https:\/\/exceladvisor.org\/es\/barra-de-formulas-de-excel\/"},"modified":"2023-12-25T10:28:14","modified_gmt":"2023-12-25T10:28:14","slug":"barra-de-formulas-de-excel","status":"publish","type":"page","link":"https:\/\/exceladvisor.org\/es\/barra-de-formulas-de-excel\/","title":{"rendered":"\u00bfc\u00f3mo utilizar la barra de f\u00f3rmulas en excel?"},"content":{"rendered":"<div class=\"excel-antes-del-contenido\" id=\"excel-282718904\"><script type=\"text\/javascript\">\r\n\tatOptions = {\r\n\t\t'key' : 'c1158f160081d6540a8409e6925dab94',\r\n\t\t'format' : 'iframe',\r\n\t\t'height' : 250,\r\n\t\t'width' : 300,\r\n\t\t'params' : {}\r\n\t};\r\n<\/script>\r\n<script type=\"text\/javascript\" src=\"\/\/www.highperformanceformat.com\/c1158f160081d6540a8409e6925dab94\/invoke.js\"><\/script><\/div><div class=\"gb-container gb-container-ab8cc27b\">\n<p class=\"wp-block-heading\"><strong>Puntos clave<\/strong><\/p>\n<ul>\n<li> Puede ocultar y mostrar la barra de f\u00f3rmulas.<\/li>\n<li> Puede cambiar su altura (ampliarla), pero no puede cambiar su posici\u00f3n.<\/li>\n<\/ul>\n<h2 class=\"wp-block-heading\"> \u00bfQu\u00e9 es la barra de f\u00f3rmulas de Excel?<\/h2>\n<p> La barra de f\u00f3rmulas de Excel es una barra delgada debajo de la cinta que muestra el contenido de la celda seleccionada y muestra la direcci\u00f3n de la celda seleccionada en el lado izquierdo. Tambi\u00e9n puede ingresar un valor en la celda desde la barra de f\u00f3rmulas. Tiene tres botones (Entrar, Cancelar e Insertar Funci\u00f3n). <\/p>\n<\/div>\n<div class=\"wp-block-image\">\n<figure class=\"aligncenter size-large is-resized\"><img loading=\"lazy\" decoding=\"async\" class=\"wp-image-50542\" src=\"https:\/\/exceladvisor.org\/wp-content\/uploads\/2023\/08\/1-barre-de-formule-excel.png\" sizes=\"auto, \" srcset=\"\" alt=\"barra de f\u00f3rmulas de excel\" width=\"623\" height=\"57\"><\/figure>\n<\/div>\n<ul>\n<li> Nombre de Caja<\/li>\n<li> Expandir horizontalmente<\/li>\n<li> Botones<\/li>\n<li> Barra de entrada<\/li>\n<li> Expandir verticalmente<\/li>\n<\/ul>\n<h2 class=\"wp-block-heading\"> C\u00f3mo mostrar la barra de f\u00f3rmulas (u ocultarla)<\/h2>\n<p> La barra de f\u00f3rmulas est\u00e1 activa por defecto pero si est\u00e1 oculta, puedes activarla desde la pesta\u00f1a Ver.<\/p>\n<ol>\n<li> Primero vaya a la pesta\u00f1a Ver, luego al grupo Ver y verifique la barra de f\u00f3rmulas. <br \/><img loading=\"lazy\" decoding=\"async\" title=\"2-c\u00f3mo-mostrar-la-barra-de-f\u00f3rmulas\" src=\"https:\/\/exceladvisor.org\/wp-content\/uploads\/2023\/08\/2-comment-afficher-la-barre-de-formule.png\" sizes=\"auto, \" srcset=\"\" alt=\"how-to-show-formula-bar\" width=\"519\" height=\"164\"><\/li>\n<li> Aparte de esto, tambi\u00e9n puedes habilitarlo desde las opciones de Excel.<\/li>\n<li> Vaya a Opciones de Excel \u279c Avanzado \u279c Ver \u279c Mostrar barra de f\u00f3rmulas. <br \/><img loading=\"lazy\" decoding=\"async\" title=\"3-habilitar-barra-de-f\u00f3rmulas-de-opciones-de-excel\" src=\"https:\/\/exceladvisor.org\/wp-content\/uploads\/2023\/08\/3-activer-la-barre-de-formule-a-partir-des-options-Excel.png\" sizes=\"auto, \" srcset=\"\" alt=\"activate-formula-bar-from-excel-options\" width=\"645\" height=\"280\"><\/li>\n<\/ol>\n<p> Puedes seguir los mismos pasos si quieres ocultarlo.<\/p>\n<h2 class=\"wp-block-heading\"> Expandir la barra de f\u00f3rmulas<\/h2>\n<p> De forma predeterminada, la barra de f\u00f3rmulas es delgada, pero puedes ampliarla y hacerla un poco m\u00e1s ancha. Cuando coloca el cursor en la parte inferior de la barra de f\u00f3rmulas, cambia a una flecha vertical de dos extremos, luego puede arrastrarla hacia abajo para expandirla. <\/p>\n<div class=\"wp-block-image\">\n<figure class=\"aligncenter size-large is-resized\"><img loading=\"lazy\" decoding=\"async\" class=\"wp-image-50545\" src=\"https:\/\/exceladvisor.org\/wp-content\/uploads\/2023\/08\/4-developper-la-barre-de-formule.png\" sizes=\"auto, \" srcset=\"\" alt=\"ampliar la barra de f\u00f3rmulas\" width=\"617\" height=\"66\"><\/figure>\n<\/div>\n<p> Tambi\u00e9n hay una tecla de acceso directo ( <strong>Ctrl + Shift + U<\/strong> ) que puedes usar para expandir la barra de f\u00f3rmulas verticalmente. Tambi\u00e9n puede utilizar el icono desplegable en el lado derecho. <\/p>\n<div class=\"wp-block-image\">\n<figure class=\"aligncenter size-large is-resized\"><img loading=\"lazy\" decoding=\"async\" class=\"wp-image-50546\" src=\"https:\/\/exceladvisor.org\/wp-content\/uploads\/2023\/08\/5-raccourcis-clavier-Excel-pour-developper-la-barre-de-formule.png\" sizes=\"auto, \" srcset=\"\" alt=\"tecla-de-atajo-de-excel-para-expandir-la-barra-de-f\u00f3rmulas\" width=\"317\" height=\"90\"><\/figure>\n<\/div>\n<p> Y si desea cambiar su ancho, puede hacerlo colocando el cursor sobre los tres puntos entre el cuadro de nombre y la barra de f\u00f3rmulas, y luego estir\u00e1ndolo hacia la derecha o hacia la izquierda.<\/p>\n<p class=\"link\"> <strong>Relacionado \u2013 <a href=\"https:\/\/exceladvisor.org\/es\/atajos-de-teclado\/\">Hoja de referencia de m\u00e9todos abreviados de teclado de Excel<\/a><\/strong><\/p>\n<h2 class=\"wp-block-heading\"> Ingrese datos desde la barra de f\u00f3rmulas<\/h2>\n<p> Puede ingresar datos en una <a href=\"https:\/\/exceladvisor.org\/es\/editar-celda\/\">celda edit\u00e1ndola<\/a> desde la barra de f\u00f3rmulas. Para hacer esto, debe seleccionar la celda y hacer clic en la barra de entrada en la barra de f\u00f3rmulas. <\/p>\n<div class=\"wp-block-image\">\n<figure class=\"aligncenter size-large is-resized\"><img loading=\"lazy\" decoding=\"async\" class=\"wp-image-50547\" src=\"https:\/\/exceladvisor.org\/wp-content\/uploads\/2023\/08\/6-saisir-les-donnees-de-la-barre-de-formule.png\" sizes=\"auto, \" srcset=\"\" alt=\"ingresar-datos-desde-la-barra-de-f\u00f3rmulas\" width=\"298\" height=\"152\"><\/figure>\n<\/div>\n<p> Y una vez que haya terminado con el valor que desea ingresar; puede hacer clic en el bot\u00f3n Enter que se encuentra en el lado izquierdo de la barra de f\u00f3rmulas. <\/p>\n<div class=\"wp-block-image\">\n<figure class=\"aligncenter size-large is-resized\"><img loading=\"lazy\" decoding=\"async\" class=\"wp-image-50548\" src=\"https:\/\/exceladvisor.org\/wp-content\/uploads\/2023\/08\/7-cliquez-sur-le-bouton-entrer.png\" sizes=\"auto, \" srcset=\"\" alt=\"haga clic en el bot\u00f3n entrar\" width=\"350\" height=\"162\"><\/figure>\n<\/div>\n<p> Tambi\u00e9n hay un bot\u00f3n para cancelar la entrada de datos o puede presionar la tecla Escape.<\/p>\n<h2 class=\"wp-block-heading\"> Ingrese una funci\u00f3n usando la barra de f\u00f3rmulas<\/h2>\n<p> Hay un bot\u00f3n de inserci\u00f3n de funci\u00f3n en la barra de f\u00f3rmulas y, cuando hace clic en este bot\u00f3n, se abre un cuadro de di\u00e1logo desde donde puede buscar e insertar la funci\u00f3n. <\/p>\n<div class=\"wp-block-image\">\n<figure class=\"aligncenter size-large is-resized\"><img loading=\"lazy\" decoding=\"async\" class=\"wp-image-50549\" src=\"https:\/\/exceladvisor.org\/wp-content\/uploads\/2023\/08\/8-saisir-une-fonction-a-laide-de-la-barre-de-formule.png\" sizes=\"auto, \" srcset=\"\" alt=\"ingresar una funci\u00f3n usando la barra de f\u00f3rmulas\" width=\"556\" height=\"374\"><\/figure>\n<\/div>\n<p> Una vez que haya seleccionado la funci\u00f3n que desea insertar, haga clic en Aceptar y le mostrar\u00e1 un cuadro de di\u00e1logo para configurar los argumentos de la funci\u00f3n. <\/p>\n<div class=\"wp-block-image\">\n<figure class=\"aligncenter size-large is-resized\"><img loading=\"lazy\" decoding=\"async\" class=\"wp-image-50550\" src=\"https:\/\/exceladvisor.org\/wp-content\/uploads\/2023\/08\/9-selectionnez-la-fonction-que-vous-souhaitez-inserer.png\" sizes=\"auto, \" srcset=\"\" alt=\"selecciona-la-funci\u00f3n-que-quieres-insertar\" width=\"501\" height=\"273\"><\/figure>\n<\/div>\n<h2 class=\"wp-block-heading\"> Utilice el cuadro de nombre<\/h2>\n<p> En el lado derecho de la barra de f\u00f3rmulas, tiene un cuadro de nombre que muestra la direcci\u00f3n de la celda seleccionada. Pero tambi\u00e9n puedes utilizar este cuadro de nombre para navegar.<\/p>\n<p> Eres una celda o rango espec\u00edfico. Cuando haces clic en el cuadro de nombre, te permite editarlo y puedes ingresar una direcci\u00f3n de celda, y una vez que lo haces y presionas Enter, te dirigir\u00e1 a esa celda. <\/p>\n<div class=\"wp-block-image\">\n<figure class=\"aligncenter size-large is-resized\"><img loading=\"lazy\" decoding=\"async\" class=\"wp-image-50551\" src=\"https:\/\/exceladvisor.org\/wp-content\/uploads\/2023\/08\/10-utiliser-la-boite-de-nom.png\" sizes=\"auto, \" srcset=\"\" alt=\"utilizar-nombre-cuadro\" width=\"241\" height=\"90\"><\/figure>\n<\/div>\n<p> Asimismo, tambi\u00e9n puedes introducir la direcci\u00f3n de una pista para seleccionarla. <\/p>\n<div class=\"wp-block-image\">\n<figure class=\"aligncenter size-large is-resized\"><img loading=\"lazy\" decoding=\"async\" class=\"wp-image-50552\" src=\"https:\/\/exceladvisor.org\/wp-content\/uploads\/2023\/08\/11-entrez-une-adresse-de-plage.png\" sizes=\"auto, \" srcset=\"\" alt=\"ingrese un rango de direcciones\" width=\"162\" height=\"286\"><\/figure>\n<\/div>\n<h2 class=\"wp-block-heading\"> Editar formas desde la barra de f\u00f3rmulas<\/h2>\n<p> Si desea conectar una forma a una celda, puede hacerlo edit\u00e1ndola desde la barra de f\u00f3rmulas. <\/p>\n<div class=\"wp-block-image\">\n<figure class=\"aligncenter size-large is-resized\"><img loading=\"lazy\" decoding=\"async\" class=\"wp-image-50553\" src=\"https:\/\/exceladvisor.org\/wp-content\/uploads\/2023\/08\/12-formes-dedition-a-partir-de-la-barre-de-formule.png\" sizes=\"auto, \" srcset=\"\" alt=\"editar-formas-de-barra-de-f\u00f3rmulas\" width=\"475\" height=\"213\"><\/figure>\n<\/div>\n<ol type=\"1\">\n<li> Selecciona la forma que tienes en la hoja de c\u00e1lculo.<\/li>\n<li> Haga clic en la barra de f\u00f3rmulas para editarla.<\/li>\n<li> Ingrese \u201c=\u00bb y seleccione la celda que desea conectar a la forma.<\/li>\n<li> Al final, haga clic en Aceptar.<\/li>\n<\/ol>\n<div class=\"gb-container gb-container-4db6181c gb-container-mt\"> <a class=\"gb-button gb-button-c5897111 gb-button-text gb-button-mt-button\" href=\"https:\/\/exceladvisor.org\/es\/conceptos-basicos-de-excel\/\">Conceptos b\u00e1sicos de Microsoft Excel (componentes, piezas y notas de conocimiento)<\/a><\/p>\n<h2 class=\"gb-headline gb-headline-665e5f6b gb-headline-text gb-headline-mt-heading\"> Tutoriales relacionados <\/h2>\n<div class=\"gb-grid-wrapper gb-grid-wrapper-a20baf7c gb-grid-wrapper-mt-grid\">\n<div class=\"gb-grid-column gb-grid-column-65ddf67e\">\n<div class=\"gb-container gb-container-65ddf67e\">\n<ul>\n<li> <a href=\"https:\/\/exceladvisor.org\/es\/barra-de-acceso-rapido\/\">Barra de herramientas de acceso r\u00e1pido en Excel<\/a><\/li>\n<li> <a href=\"https:\/\/exceladvisor.org\/es\/barra-de-estado\/\">Barra de estado en Excel<\/a><\/li>\n<li> <a href=\"https:\/\/exceladvisor.org\/es\/zona-de-texto\/\">Insertar un cuadro de texto en Excel<\/a><\/li>\n<li> <a href=\"https:\/\/exceladvisor.org\/es\/meses-moviles-automaticos\/\">Meses m\u00f3viles autom\u00e1ticos en Excel<\/a><\/li>\n<li> <a href=\"https:\/\/exceladvisor.org\/es\/vista-detras-de-escena\/\">Abrir la vista Backstage en Excel<\/a> <\/li>\n<\/ul>\n<\/div>\n<\/div>\n<div class=\"gb-grid-column gb-grid-column-50067b57\">\n<div class=\"gb-container gb-container-50067b57\"><\/div>\n<\/div>\n<\/div>\n<\/div>\n","protected":false},"excerpt":{"rendered":"<p>Puntos clave Puede ocultar y mostrar la barra de f\u00f3rmulas. Puede cambiar su altura (ampliarla), pero no puede cambiar su posici\u00f3n. \u00bfQu\u00e9 es la barra de f\u00f3rmulas de Excel? La barra de f\u00f3rmulas de Excel es una barra delgada debajo de la cinta que muestra el contenido de la celda seleccionada y muestra la direcci\u00f3n [&hellip;]<\/p>\n","protected":false},"author":1,"featured_media":0,"parent":0,"menu_order":0,"comment_status":"open","ping_status":"closed","template":"","meta":{"ub_ctt_via":"","footnotes":""},"class_list":["post-706","page","type-page","status-publish","hentry"],"featured_image_src":null,"yoast_head":"<!-- This site is optimized with the Yoast SEO plugin v25.4 - https:\/\/yoast.com\/wordpress\/plugins\/seo\/ -->\n<title>\u00bfc\u00f3mo utilizar la barra de f\u00f3rmulas en excel?<\/title>\n<meta name=\"robots\" content=\"index, follow, max-snippet:-1, max-image-preview:large, max-video-preview:-1\" \/>\n<link rel=\"canonical\" href=\"https:\/\/exceladvisor.org\/es\/barra-de-formulas-de-excel\/\" \/>\n<meta property=\"og:locale\" content=\"es_ES\" \/>\n<meta property=\"og:type\" content=\"article\" \/>\n<meta property=\"og:title\" content=\"\u00bfc\u00f3mo utilizar la barra de f\u00f3rmulas en excel?\" \/>\n<meta property=\"og:description\" content=\"Puntos clave Puede ocultar y mostrar la barra de f\u00f3rmulas. Puede cambiar su altura (ampliarla), pero no puede cambiar su posici\u00f3n. \u00bfQu\u00e9 es la barra de f\u00f3rmulas de Excel? La barra de f\u00f3rmulas de Excel es una barra delgada debajo de la cinta que muestra el contenido de la celda seleccionada y muestra la direcci\u00f3n [&hellip;]\" \/>\n<meta property=\"og:url\" content=\"https:\/\/exceladvisor.org\/es\/barra-de-formulas-de-excel\/\" \/>\n<meta property=\"og:site_name\" content=\"Excel Advisor\" \/>\n<meta property=\"article:modified_time\" content=\"2023-12-25T10:28:14+00:00\" \/>\n<meta property=\"og:image\" content=\"https:\/\/exceladvisor.org\/wp-content\/uploads\/2023\/08\/1-barre-de-formule-excel.png\" \/>\n<meta name=\"twitter:card\" content=\"summary_large_image\" \/>\n<meta name=\"twitter:label1\" content=\"Tiempo de lectura\" \/>\n\t<meta name=\"twitter:data1\" content=\"4 minutos\" \/>\n<script type=\"application\/ld+json\" class=\"yoast-schema-graph\">{\"@context\":\"https:\/\/schema.org\",\"@graph\":[{\"@type\":\"WebPage\",\"@id\":\"https:\/\/exceladvisor.org\/es\/barra-de-formulas-de-excel\/\",\"url\":\"https:\/\/exceladvisor.org\/es\/barra-de-formulas-de-excel\/\",\"name\":\"\u00bfc\u00f3mo utilizar la barra de f\u00f3rmulas en excel?\",\"isPartOf\":{\"@id\":\"https:\/\/exceladvisor.org\/es\/#website\"},\"primaryImageOfPage\":{\"@id\":\"https:\/\/exceladvisor.org\/es\/barra-de-formulas-de-excel\/#primaryimage\"},\"image\":{\"@id\":\"https:\/\/exceladvisor.org\/es\/barra-de-formulas-de-excel\/#primaryimage\"},\"thumbnailUrl\":\"https:\/\/exceladvisor.org\/wp-content\/uploads\/2023\/08\/1-barre-de-formule-excel.png\",\"datePublished\":\"2023-09-25T23:25:01+00:00\",\"dateModified\":\"2023-12-25T10:28:14+00:00\",\"breadcrumb\":{\"@id\":\"https:\/\/exceladvisor.org\/es\/barra-de-formulas-de-excel\/#breadcrumb\"},\"inLanguage\":\"es\",\"potentialAction\":[{\"@type\":\"ReadAction\",\"target\":[\"https:\/\/exceladvisor.org\/es\/barra-de-formulas-de-excel\/\"]}]},{\"@type\":\"ImageObject\",\"inLanguage\":\"es\",\"@id\":\"https:\/\/exceladvisor.org\/es\/barra-de-formulas-de-excel\/#primaryimage\",\"url\":\"https:\/\/exceladvisor.org\/wp-content\/uploads\/2023\/08\/1-barre-de-formule-excel.png\",\"contentUrl\":\"https:\/\/exceladvisor.org\/wp-content\/uploads\/2023\/08\/1-barre-de-formule-excel.png\"},{\"@type\":\"BreadcrumbList\",\"@id\":\"https:\/\/exceladvisor.org\/es\/barra-de-formulas-de-excel\/#breadcrumb\",\"itemListElement\":[{\"@type\":\"ListItem\",\"position\":1,\"name\":\"Hogar\",\"item\":\"https:\/\/exceladvisor.org\/es\/\"},{\"@type\":\"ListItem\",\"position\":2,\"name\":\"\u00bfc\u00f3mo utilizar la barra de f\u00f3rmulas en excel?\"}]},{\"@type\":\"WebSite\",\"@id\":\"https:\/\/exceladvisor.org\/es\/#website\",\"url\":\"https:\/\/exceladvisor.org\/es\/\",\"name\":\"Excel Advisor\",\"description\":\"Su gu\u00eda para la dominaci\u00f3n de datos!\",\"publisher\":{\"@id\":\"https:\/\/exceladvisor.org\/es\/#organization\"},\"potentialAction\":[{\"@type\":\"SearchAction\",\"target\":{\"@type\":\"EntryPoint\",\"urlTemplate\":\"https:\/\/exceladvisor.org\/es\/?s={search_term_string}\"},\"query-input\":{\"@type\":\"PropertyValueSpecification\",\"valueRequired\":true,\"valueName\":\"search_term_string\"}}],\"inLanguage\":\"es\"},{\"@type\":\"Organization\",\"@id\":\"https:\/\/exceladvisor.org\/es\/#organization\",\"name\":\"Excel Advisor\",\"url\":\"https:\/\/exceladvisor.org\/es\/\",\"logo\":{\"@type\":\"ImageObject\",\"inLanguage\":\"es\",\"@id\":\"https:\/\/exceladvisor.org\/es\/#\/schema\/logo\/image\/\",\"url\":\"https:\/\/exceladvisor.org\/es\/wp-content\/uploads\/2023\/12\/exceladvisor.org_.png\",\"contentUrl\":\"https:\/\/exceladvisor.org\/es\/wp-content\/uploads\/2023\/12\/exceladvisor.org_.png\",\"width\":105,\"height\":36,\"caption\":\"Excel Advisor\"},\"image\":{\"@id\":\"https:\/\/exceladvisor.org\/es\/#\/schema\/logo\/image\/\"}}]}<\/script>\n<!-- \/ Yoast SEO plugin. -->","yoast_head_json":{"title":"\u00bfc\u00f3mo utilizar la barra de f\u00f3rmulas en excel?","robots":{"index":"index","follow":"follow","max-snippet":"max-snippet:-1","max-image-preview":"max-image-preview:large","max-video-preview":"max-video-preview:-1"},"canonical":"https:\/\/exceladvisor.org\/es\/barra-de-formulas-de-excel\/","og_locale":"es_ES","og_type":"article","og_title":"\u00bfc\u00f3mo utilizar la barra de f\u00f3rmulas en excel?","og_description":"Puntos clave Puede ocultar y mostrar la barra de f\u00f3rmulas. Puede cambiar su altura (ampliarla), pero no puede cambiar su posici\u00f3n. \u00bfQu\u00e9 es la barra de f\u00f3rmulas de Excel? La barra de f\u00f3rmulas de Excel es una barra delgada debajo de la cinta que muestra el contenido de la celda seleccionada y muestra la direcci\u00f3n [&hellip;]","og_url":"https:\/\/exceladvisor.org\/es\/barra-de-formulas-de-excel\/","og_site_name":"Excel Advisor","article_modified_time":"2023-12-25T10:28:14+00:00","og_image":[{"url":"https:\/\/exceladvisor.org\/wp-content\/uploads\/2023\/08\/1-barre-de-formule-excel.png","type":"","width":"","height":""}],"twitter_card":"summary_large_image","twitter_misc":{"Tiempo de lectura":"4 minutos"},"schema":{"@context":"https:\/\/schema.org","@graph":[{"@type":"WebPage","@id":"https:\/\/exceladvisor.org\/es\/barra-de-formulas-de-excel\/","url":"https:\/\/exceladvisor.org\/es\/barra-de-formulas-de-excel\/","name":"\u00bfc\u00f3mo utilizar la barra de f\u00f3rmulas en excel?","isPartOf":{"@id":"https:\/\/exceladvisor.org\/es\/#website"},"primaryImageOfPage":{"@id":"https:\/\/exceladvisor.org\/es\/barra-de-formulas-de-excel\/#primaryimage"},"image":{"@id":"https:\/\/exceladvisor.org\/es\/barra-de-formulas-de-excel\/#primaryimage"},"thumbnailUrl":"https:\/\/exceladvisor.org\/wp-content\/uploads\/2023\/08\/1-barre-de-formule-excel.png","datePublished":"2023-09-25T23:25:01+00:00","dateModified":"2023-12-25T10:28:14+00:00","breadcrumb":{"@id":"https:\/\/exceladvisor.org\/es\/barra-de-formulas-de-excel\/#breadcrumb"},"inLanguage":"es","potentialAction":[{"@type":"ReadAction","target":["https:\/\/exceladvisor.org\/es\/barra-de-formulas-de-excel\/"]}]},{"@type":"ImageObject","inLanguage":"es","@id":"https:\/\/exceladvisor.org\/es\/barra-de-formulas-de-excel\/#primaryimage","url":"https:\/\/exceladvisor.org\/wp-content\/uploads\/2023\/08\/1-barre-de-formule-excel.png","contentUrl":"https:\/\/exceladvisor.org\/wp-content\/uploads\/2023\/08\/1-barre-de-formule-excel.png"},{"@type":"BreadcrumbList","@id":"https:\/\/exceladvisor.org\/es\/barra-de-formulas-de-excel\/#breadcrumb","itemListElement":[{"@type":"ListItem","position":1,"name":"Hogar","item":"https:\/\/exceladvisor.org\/es\/"},{"@type":"ListItem","position":2,"name":"\u00bfc\u00f3mo utilizar la barra de f\u00f3rmulas en excel?"}]},{"@type":"WebSite","@id":"https:\/\/exceladvisor.org\/es\/#website","url":"https:\/\/exceladvisor.org\/es\/","name":"Excel Advisor","description":"Su gu\u00eda para la dominaci\u00f3n de datos!","publisher":{"@id":"https:\/\/exceladvisor.org\/es\/#organization"},"potentialAction":[{"@type":"SearchAction","target":{"@type":"EntryPoint","urlTemplate":"https:\/\/exceladvisor.org\/es\/?s={search_term_string}"},"query-input":{"@type":"PropertyValueSpecification","valueRequired":true,"valueName":"search_term_string"}}],"inLanguage":"es"},{"@type":"Organization","@id":"https:\/\/exceladvisor.org\/es\/#organization","name":"Excel Advisor","url":"https:\/\/exceladvisor.org\/es\/","logo":{"@type":"ImageObject","inLanguage":"es","@id":"https:\/\/exceladvisor.org\/es\/#\/schema\/logo\/image\/","url":"https:\/\/exceladvisor.org\/es\/wp-content\/uploads\/2023\/12\/exceladvisor.org_.png","contentUrl":"https:\/\/exceladvisor.org\/es\/wp-content\/uploads\/2023\/12\/exceladvisor.org_.png","width":105,"height":36,"caption":"Excel Advisor"},"image":{"@id":"https:\/\/exceladvisor.org\/es\/#\/schema\/logo\/image\/"}}]}},"yoast_meta":{"yoast_wpseo_title":"","yoast_wpseo_metadesc":"","yoast_wpseo_canonical":""},"_links":{"self":[{"href":"https:\/\/exceladvisor.org\/es\/wp-json\/wp\/v2\/pages\/706","targetHints":{"allow":["GET"]}}],"collection":[{"href":"https:\/\/exceladvisor.org\/es\/wp-json\/wp\/v2\/pages"}],"about":[{"href":"https:\/\/exceladvisor.org\/es\/wp-json\/wp\/v2\/types\/page"}],"author":[{"embeddable":true,"href":"https:\/\/exceladvisor.org\/es\/wp-json\/wp\/v2\/users\/1"}],"replies":[{"embeddable":true,"href":"https:\/\/exceladvisor.org\/es\/wp-json\/wp\/v2\/comments?post=706"}],"version-history":[{"count":1,"href":"https:\/\/exceladvisor.org\/es\/wp-json\/wp\/v2\/pages\/706\/revisions"}],"predecessor-version":[{"id":1283,"href":"https:\/\/exceladvisor.org\/es\/wp-json\/wp\/v2\/pages\/706\/revisions\/1283"}],"wp:attachment":[{"href":"https:\/\/exceladvisor.org\/es\/wp-json\/wp\/v2\/media?parent=706"}],"curies":[{"name":"wp","href":"https:\/\/api.w.org\/{rel}","templated":true}]}}