{"id":707,"date":"2023-09-25T21:58:39","date_gmt":"2023-09-25T21:58:39","guid":{"rendered":"https:\/\/exceladvisor.org\/es\/gobernante\/"},"modified":"2023-12-25T10:26:08","modified_gmt":"2023-12-25T10:26:08","slug":"gobernante","status":"publish","type":"page","link":"https:\/\/exceladvisor.org\/es\/gobernante\/","title":{"rendered":"\u00bfc\u00f3mo mostrar la regla en excel?"},"content":{"rendered":"<div class=\"excel-antes-del-contenido\" id=\"excel-1713494778\"><script type=\"text\/javascript\">\r\n\tatOptions = {\r\n\t\t'key' : 'c1158f160081d6540a8409e6925dab94',\r\n\t\t'format' : 'iframe',\r\n\t\t'height' : 250,\r\n\t\t'width' : 300,\r\n\t\t'params' : {}\r\n\t};\r\n<\/script>\r\n<script type=\"text\/javascript\" src=\"\/\/www.highperformanceformat.com\/c1158f160081d6540a8409e6925dab94\/invoke.js\"><\/script><\/div><p>En Excel, existe una opci\u00f3n para mostrar una regla alrededor de filas y columnas que puede ayudarlo a alinear objetos como gr\u00e1ficos e im\u00e1genes e incluso cambiar el ancho y la altura de las columnas al imprimir. <\/p>\n<div class=\"wp-block-image\">\n<figure class=\"aligncenter size-full is-resized\"><img loading=\"lazy\" decoding=\"async\" class=\"wp-image-63643\" src=\"https:\/\/exceladvisor.org\/wp-content\/uploads\/2023\/08\/1-regle-autour-des-lignes-colonnes.png\" sizes=\"auto, \" srcset=\"\" alt=\"regla alrededor de filas de columnas\" width=\"376\" height=\"284\"><\/figure>\n<\/div>\n<h2 class=\"wp-block-heading\"> Pasos para mostrar la regla en Excel<\/h2>\n<ol type=\"1\">\n<li> Primero, active la hoja en la que desea mostrar la regla.<\/li>\n<li> Despu\u00e9s de eso, vaya a la pesta\u00f1a Ver en la cinta.<\/li>\n<li> Desde all\u00ed, ubique el bot\u00f3n Dise\u00f1o de p\u00e1gina en la \u00abVista de libros de trabajo\u00bb.<\/li>\n<li> A continuaci\u00f3n, haga clic en el bot\u00f3n \u00abDise\u00f1o\u00bb.<\/li>\n<li> Al final, marque la casilla \u00abRegla\u00bb del grupo de visualizaci\u00f3n. <\/li>\n<\/ol>\n<div class=\"wp-block-image\">\n<figure class=\"aligncenter size-full is-resized\"><img loading=\"lazy\" decoding=\"async\" class=\"wp-image-63644\" src=\"https:\/\/exceladvisor.org\/wp-content\/uploads\/2023\/08\/2-afficher-la-regle-dans-excel.png\" sizes=\"auto, \" srcset=\"\" alt=\"mostrar-gobernante-en-excel\" width=\"589\" height=\"348\"><\/figure>\n<\/div>\n<p class=\"qt-tip\"> <strong>Nota:<\/strong> La \u00fanica forma de ver la regla es habilitar el dise\u00f1o. Y esta es la raz\u00f3n por la cual cuando intentas hacer clic en la casilla de verificaci\u00f3n de la regla, aparece atenuada en la vista normal.<\/p>\n<p> Despu\u00e9s de habilitar la regla, cuando selecciona una celda y un rango de celdas, Excel resalta esa parte de la selecci\u00f3n en la regla. <\/p>\n<div class=\"wp-block-image\">\n<figure class=\"aligncenter size-full is-resized\"><img loading=\"lazy\" decoding=\"async\" class=\"wp-image-63645\" src=\"https:\/\/exceladvisor.org\/wp-content\/uploads\/2023\/08\/3-regles-de-selection-en-surbrillance.png\" sizes=\"auto, \" srcset=\"\" alt=\"regla de selecci\u00f3n de resaltado\" width=\"616\" height=\"326\"><\/figure>\n<\/div>\n<h2 class=\"wp-block-heading\"> Cambiar la unidad de regla<\/h2>\n<p> Cuando habilitas la regla, viene con las unidades predeterminadas que tienes seg\u00fan tu sistema. Pero puedes cambiar las unidades desde las opciones de Excel.<\/p>\n<p> Vaya a <strong>la pesta\u00f1a Archivo<\/strong> <strong>\u279f<\/strong> <strong>Opciones<\/strong> <strong>\u279f<\/strong> <strong>Avanzado<\/strong> . En las opciones avanzadas, despl\u00e1cese hacia abajo hasta el grupo Pantalla. En el grupo de visualizaci\u00f3n, puede encontrar el men\u00fa desplegable \u00abUnidades de regla\u00bb para cambiar la unidad a pulgadas, cent\u00edmetros o mil\u00edmetros. <\/p>\n<div class=\"wp-block-image\">\n<figure class=\"aligncenter size-full is-resized\"><img loading=\"lazy\" decoding=\"async\" class=\"wp-image-63646\" src=\"https:\/\/exceladvisor.org\/wp-content\/uploads\/2023\/08\/4-changer-lunite-de-la-regle.png\" sizes=\"auto, \" srcset=\"\" alt=\"cambio de unidad de regla\" width=\"563\" height=\"416\"><\/figure>\n<\/div>\n<p> Y una vez que elijas la unidad, haz clic en Aceptar.<\/p>\n<p class=\"qt-tip\"> <strong>Nota:<\/strong> Cuando cambia la vista de normal a dise\u00f1o y activa la regla. Esta configuraci\u00f3n es solo para la hoja de trabajo actual.<\/p>\n<div class=\"gb-container gb-container-4db6181c gb-container-mt\"> <a class=\"gb-button gb-button-c5897111 gb-button-text gb-button-mt-button\" href=\"https:\/\/exceladvisor.org\/es\/conceptos-basicos-de-excel\/\">Conceptos b\u00e1sicos de Microsoft Excel (componentes, piezas y notas de conocimiento)<\/a><\/p>\n<h2 class=\"gb-headline gb-headline-665e5f6b gb-headline-text gb-headline-mt-heading\"> Tutoriales relacionados <\/h2>\n<div class=\"gb-grid-wrapper gb-grid-wrapper-a20baf7c gb-grid-wrapper-mt-grid\">\n<div class=\"gb-grid-column gb-grid-column-65ddf67e\">\n<div class=\"gb-container gb-container-65ddf67e\">\n<ul>\n<li> <a href=\"https:\/\/exceladvisor.org\/es\/justificar-completamente\/\">Llenar justificar en Excel<\/a><\/li>\n<li> <a href=\"https:\/\/exceladvisor.org\/es\/barra-de-formulas-de-excel\/\">Barra de f\u00f3rmulas en Excel<\/a><\/li>\n<li> <a href=\"https:\/\/exceladvisor.org\/es\/agregar-un-encabezado-de-pie-de-pagina\/\">Agregar un encabezado y pie de p\u00e1gina en Excel<\/a><\/li>\n<li> <a href=\"https:\/\/exceladvisor.org\/es\/mango-de-llenado\/\">Controlador de relleno en Excel<\/a><\/li>\n<li> <a href=\"https:\/\/exceladvisor.org\/es\/formato-pintor\/\">Copiar formato en Excel<\/a> <\/li>\n<\/ul>\n<\/div>\n<\/div>\n<div class=\"gb-grid-column gb-grid-column-50067b57\">\n<div class=\"gb-container gb-container-50067b57\"><\/div>\n<\/div>\n<\/div>\n<\/div>\n","protected":false},"excerpt":{"rendered":"<p>En Excel, existe una opci\u00f3n para mostrar una regla alrededor de filas y columnas que puede ayudarlo a alinear objetos como gr\u00e1ficos e im\u00e1genes e incluso cambiar el ancho y la altura de las columnas al imprimir. Pasos para mostrar la regla en Excel Primero, active la hoja en la que desea mostrar la regla. [&hellip;]<\/p>\n","protected":false},"author":1,"featured_media":0,"parent":0,"menu_order":0,"comment_status":"open","ping_status":"closed","template":"","meta":{"ub_ctt_via":"","footnotes":""},"class_list":["post-707","page","type-page","status-publish","hentry"],"featured_image_src":null,"yoast_head":"<!-- This site is optimized with the Yoast SEO plugin v25.4 - https:\/\/yoast.com\/wordpress\/plugins\/seo\/ -->\n<title>\u00bfc\u00f3mo mostrar la regla en excel?<\/title>\n<meta name=\"robots\" content=\"index, follow, max-snippet:-1, max-image-preview:large, max-video-preview:-1\" \/>\n<link rel=\"canonical\" href=\"https:\/\/exceladvisor.org\/es\/gobernante\/\" \/>\n<meta property=\"og:locale\" content=\"es_ES\" \/>\n<meta property=\"og:type\" content=\"article\" \/>\n<meta property=\"og:title\" content=\"\u00bfc\u00f3mo mostrar la regla en excel?\" \/>\n<meta property=\"og:description\" content=\"En Excel, existe una opci\u00f3n para mostrar una regla alrededor de filas y columnas que puede ayudarlo a alinear objetos como gr\u00e1ficos e im\u00e1genes e incluso cambiar el ancho y la altura de las columnas al imprimir. Pasos para mostrar la regla en Excel Primero, active la hoja en la que desea mostrar la regla. [&hellip;]\" \/>\n<meta property=\"og:url\" content=\"https:\/\/exceladvisor.org\/es\/gobernante\/\" \/>\n<meta property=\"og:site_name\" content=\"Excel Advisor\" \/>\n<meta property=\"article:modified_time\" content=\"2023-12-25T10:26:08+00:00\" \/>\n<meta property=\"og:image\" content=\"https:\/\/exceladvisor.org\/wp-content\/uploads\/2023\/08\/1-regle-autour-des-lignes-colonnes.png\" \/>\n<meta name=\"twitter:card\" content=\"summary_large_image\" \/>\n<meta name=\"twitter:label1\" content=\"Tiempo de lectura\" \/>\n\t<meta name=\"twitter:data1\" content=\"2 minutos\" \/>\n<script type=\"application\/ld+json\" class=\"yoast-schema-graph\">{\"@context\":\"https:\/\/schema.org\",\"@graph\":[{\"@type\":\"WebPage\",\"@id\":\"https:\/\/exceladvisor.org\/es\/gobernante\/\",\"url\":\"https:\/\/exceladvisor.org\/es\/gobernante\/\",\"name\":\"\u00bfc\u00f3mo mostrar la regla en excel?\",\"isPartOf\":{\"@id\":\"https:\/\/exceladvisor.org\/es\/#website\"},\"primaryImageOfPage\":{\"@id\":\"https:\/\/exceladvisor.org\/es\/gobernante\/#primaryimage\"},\"image\":{\"@id\":\"https:\/\/exceladvisor.org\/es\/gobernante\/#primaryimage\"},\"thumbnailUrl\":\"https:\/\/exceladvisor.org\/wp-content\/uploads\/2023\/08\/1-regle-autour-des-lignes-colonnes.png\",\"datePublished\":\"2023-09-25T21:58:39+00:00\",\"dateModified\":\"2023-12-25T10:26:08+00:00\",\"breadcrumb\":{\"@id\":\"https:\/\/exceladvisor.org\/es\/gobernante\/#breadcrumb\"},\"inLanguage\":\"es\",\"potentialAction\":[{\"@type\":\"ReadAction\",\"target\":[\"https:\/\/exceladvisor.org\/es\/gobernante\/\"]}]},{\"@type\":\"ImageObject\",\"inLanguage\":\"es\",\"@id\":\"https:\/\/exceladvisor.org\/es\/gobernante\/#primaryimage\",\"url\":\"https:\/\/exceladvisor.org\/wp-content\/uploads\/2023\/08\/1-regle-autour-des-lignes-colonnes.png\",\"contentUrl\":\"https:\/\/exceladvisor.org\/wp-content\/uploads\/2023\/08\/1-regle-autour-des-lignes-colonnes.png\"},{\"@type\":\"BreadcrumbList\",\"@id\":\"https:\/\/exceladvisor.org\/es\/gobernante\/#breadcrumb\",\"itemListElement\":[{\"@type\":\"ListItem\",\"position\":1,\"name\":\"Hogar\",\"item\":\"https:\/\/exceladvisor.org\/es\/\"},{\"@type\":\"ListItem\",\"position\":2,\"name\":\"\u00bfc\u00f3mo mostrar la regla en excel?\"}]},{\"@type\":\"WebSite\",\"@id\":\"https:\/\/exceladvisor.org\/es\/#website\",\"url\":\"https:\/\/exceladvisor.org\/es\/\",\"name\":\"Excel Advisor\",\"description\":\"Su gu\u00eda para la dominaci\u00f3n de datos!\",\"publisher\":{\"@id\":\"https:\/\/exceladvisor.org\/es\/#organization\"},\"potentialAction\":[{\"@type\":\"SearchAction\",\"target\":{\"@type\":\"EntryPoint\",\"urlTemplate\":\"https:\/\/exceladvisor.org\/es\/?s={search_term_string}\"},\"query-input\":{\"@type\":\"PropertyValueSpecification\",\"valueRequired\":true,\"valueName\":\"search_term_string\"}}],\"inLanguage\":\"es\"},{\"@type\":\"Organization\",\"@id\":\"https:\/\/exceladvisor.org\/es\/#organization\",\"name\":\"Excel Advisor\",\"url\":\"https:\/\/exceladvisor.org\/es\/\",\"logo\":{\"@type\":\"ImageObject\",\"inLanguage\":\"es\",\"@id\":\"https:\/\/exceladvisor.org\/es\/#\/schema\/logo\/image\/\",\"url\":\"https:\/\/exceladvisor.org\/es\/wp-content\/uploads\/2023\/12\/exceladvisor.org_.png\",\"contentUrl\":\"https:\/\/exceladvisor.org\/es\/wp-content\/uploads\/2023\/12\/exceladvisor.org_.png\",\"width\":105,\"height\":36,\"caption\":\"Excel Advisor\"},\"image\":{\"@id\":\"https:\/\/exceladvisor.org\/es\/#\/schema\/logo\/image\/\"}}]}<\/script>\n<!-- \/ Yoast SEO plugin. -->","yoast_head_json":{"title":"\u00bfc\u00f3mo mostrar la regla en excel?","robots":{"index":"index","follow":"follow","max-snippet":"max-snippet:-1","max-image-preview":"max-image-preview:large","max-video-preview":"max-video-preview:-1"},"canonical":"https:\/\/exceladvisor.org\/es\/gobernante\/","og_locale":"es_ES","og_type":"article","og_title":"\u00bfc\u00f3mo mostrar la regla en excel?","og_description":"En Excel, existe una opci\u00f3n para mostrar una regla alrededor de filas y columnas que puede ayudarlo a alinear objetos como gr\u00e1ficos e im\u00e1genes e incluso cambiar el ancho y la altura de las columnas al imprimir. Pasos para mostrar la regla en Excel Primero, active la hoja en la que desea mostrar la regla. [&hellip;]","og_url":"https:\/\/exceladvisor.org\/es\/gobernante\/","og_site_name":"Excel Advisor","article_modified_time":"2023-12-25T10:26:08+00:00","og_image":[{"url":"https:\/\/exceladvisor.org\/wp-content\/uploads\/2023\/08\/1-regle-autour-des-lignes-colonnes.png","type":"","width":"","height":""}],"twitter_card":"summary_large_image","twitter_misc":{"Tiempo de lectura":"2 minutos"},"schema":{"@context":"https:\/\/schema.org","@graph":[{"@type":"WebPage","@id":"https:\/\/exceladvisor.org\/es\/gobernante\/","url":"https:\/\/exceladvisor.org\/es\/gobernante\/","name":"\u00bfc\u00f3mo mostrar la regla en excel?","isPartOf":{"@id":"https:\/\/exceladvisor.org\/es\/#website"},"primaryImageOfPage":{"@id":"https:\/\/exceladvisor.org\/es\/gobernante\/#primaryimage"},"image":{"@id":"https:\/\/exceladvisor.org\/es\/gobernante\/#primaryimage"},"thumbnailUrl":"https:\/\/exceladvisor.org\/wp-content\/uploads\/2023\/08\/1-regle-autour-des-lignes-colonnes.png","datePublished":"2023-09-25T21:58:39+00:00","dateModified":"2023-12-25T10:26:08+00:00","breadcrumb":{"@id":"https:\/\/exceladvisor.org\/es\/gobernante\/#breadcrumb"},"inLanguage":"es","potentialAction":[{"@type":"ReadAction","target":["https:\/\/exceladvisor.org\/es\/gobernante\/"]}]},{"@type":"ImageObject","inLanguage":"es","@id":"https:\/\/exceladvisor.org\/es\/gobernante\/#primaryimage","url":"https:\/\/exceladvisor.org\/wp-content\/uploads\/2023\/08\/1-regle-autour-des-lignes-colonnes.png","contentUrl":"https:\/\/exceladvisor.org\/wp-content\/uploads\/2023\/08\/1-regle-autour-des-lignes-colonnes.png"},{"@type":"BreadcrumbList","@id":"https:\/\/exceladvisor.org\/es\/gobernante\/#breadcrumb","itemListElement":[{"@type":"ListItem","position":1,"name":"Hogar","item":"https:\/\/exceladvisor.org\/es\/"},{"@type":"ListItem","position":2,"name":"\u00bfc\u00f3mo mostrar la regla en excel?"}]},{"@type":"WebSite","@id":"https:\/\/exceladvisor.org\/es\/#website","url":"https:\/\/exceladvisor.org\/es\/","name":"Excel Advisor","description":"Su gu\u00eda para la dominaci\u00f3n de datos!","publisher":{"@id":"https:\/\/exceladvisor.org\/es\/#organization"},"potentialAction":[{"@type":"SearchAction","target":{"@type":"EntryPoint","urlTemplate":"https:\/\/exceladvisor.org\/es\/?s={search_term_string}"},"query-input":{"@type":"PropertyValueSpecification","valueRequired":true,"valueName":"search_term_string"}}],"inLanguage":"es"},{"@type":"Organization","@id":"https:\/\/exceladvisor.org\/es\/#organization","name":"Excel Advisor","url":"https:\/\/exceladvisor.org\/es\/","logo":{"@type":"ImageObject","inLanguage":"es","@id":"https:\/\/exceladvisor.org\/es\/#\/schema\/logo\/image\/","url":"https:\/\/exceladvisor.org\/es\/wp-content\/uploads\/2023\/12\/exceladvisor.org_.png","contentUrl":"https:\/\/exceladvisor.org\/es\/wp-content\/uploads\/2023\/12\/exceladvisor.org_.png","width":105,"height":36,"caption":"Excel Advisor"},"image":{"@id":"https:\/\/exceladvisor.org\/es\/#\/schema\/logo\/image\/"}}]}},"yoast_meta":{"yoast_wpseo_title":"","yoast_wpseo_metadesc":"","yoast_wpseo_canonical":""},"_links":{"self":[{"href":"https:\/\/exceladvisor.org\/es\/wp-json\/wp\/v2\/pages\/707","targetHints":{"allow":["GET"]}}],"collection":[{"href":"https:\/\/exceladvisor.org\/es\/wp-json\/wp\/v2\/pages"}],"about":[{"href":"https:\/\/exceladvisor.org\/es\/wp-json\/wp\/v2\/types\/page"}],"author":[{"embeddable":true,"href":"https:\/\/exceladvisor.org\/es\/wp-json\/wp\/v2\/users\/1"}],"replies":[{"embeddable":true,"href":"https:\/\/exceladvisor.org\/es\/wp-json\/wp\/v2\/comments?post=707"}],"version-history":[{"count":1,"href":"https:\/\/exceladvisor.org\/es\/wp-json\/wp\/v2\/pages\/707\/revisions"}],"predecessor-version":[{"id":1122,"href":"https:\/\/exceladvisor.org\/es\/wp-json\/wp\/v2\/pages\/707\/revisions\/1122"}],"wp:attachment":[{"href":"https:\/\/exceladvisor.org\/es\/wp-json\/wp\/v2\/media?parent=707"}],"curies":[{"name":"wp","href":"https:\/\/api.w.org\/{rel}","templated":true}]}}