{"id":708,"date":"2023-09-25T21:25:39","date_gmt":"2023-09-25T21:25:39","guid":{"rendered":"https:\/\/exceladvisor.org\/es\/formato-de-moneda\/"},"modified":"2023-12-25T10:23:27","modified_gmt":"2023-12-25T10:23:27","slug":"formato-de-moneda","status":"publish","type":"page","link":"https:\/\/exceladvisor.org\/es\/formato-de-moneda\/","title":{"rendered":"\u00bfc\u00f3mo aplicar el formato de moneda mediante el acceso directo de excel?"},"content":{"rendered":"<div class=\"excel-antes-del-contenido\" id=\"excel-1225288024\"><script type=\"text\/javascript\">\r\n\tatOptions = {\r\n\t\t'key' : 'c1158f160081d6540a8409e6925dab94',\r\n\t\t'format' : 'iframe',\r\n\t\t'height' : 250,\r\n\t\t'width' : 300,\r\n\t\t'params' : {}\r\n\t};\r\n<\/script>\r\n<script type=\"text\/javascript\" src=\"\/\/www.highperformanceformat.com\/c1158f160081d6540a8409e6925dab94\/invoke.js\"><\/script><\/div><p>Excel tiene varios formatos de n\u00fameros y el formato de moneda es uno de ellos. El formato de moneda se utiliza para agregar el s\u00edmbolo de moneda al comienzo de los valores num\u00e9ricos. Los usuarios pueden elegir cualquier s\u00edmbolo de moneda que quieran agregar.<\/p>\n<p> Excel utiliza de forma predeterminada la moneda predeterminada seg\u00fan la regi\u00f3n de nuestro sistema, por lo que puede ser diferente para los usuarios de diferentes regiones.<\/p>\n<p> Pero el usuario puede elegir y configurar cualquier s\u00edmbolo de moneda como s\u00edmbolo de moneda predeterminado, de modo que cada vez que el usuario aplique el formato de moneda usando el m\u00e9todo abreviado de teclado, Excel agregue ese s\u00edmbolo de moneda como predeterminado.<\/p>\n<h2 class=\"wp-block-heading\"> Atajo de teclado para aplicar formato de moneda en Excel<\/h2>\n<p> El m\u00e9todo abreviado de teclado para aplicar el formato de moneda se menciona a continuaci\u00f3n:<\/p>\n<p> <kbd>Ctrl<\/kbd> + <kbd>May\u00fas<\/kbd> + <kbd>$<\/kbd> <\/p>\n<div class=\"wp-block-image\">\n<figure class=\"aligncenter size-full is-resized\"><img loading=\"lazy\" decoding=\"async\" class=\"wp-image-72763\" src=\"https:\/\/exceladvisor.org\/wp-content\/uploads\/2023\/08\/1-raccourci-clavier-au-format-monetaire.png\" sizes=\"auto, \" srcset=\"\" alt=\"m\u00e9todo abreviado de teclado para formato de moneda\" width=\"784\" height=\"307\"><\/figure>\n<\/div>\n<h2 class=\"wp-block-heading\"> Pasos para aplicar el formato de moneda usando el m\u00e9todo abreviado de teclado<\/h2>\n<ol>\n<li> Primero, seleccione la celda, columna(s) o rango de celdas donde desea aplicar o cambiar el formato de n\u00famero general al formato de moneda.<\/li>\n<li> Una vez seleccionado, simplemente presione las teclas <kbd>Ctrl<\/kbd> + <kbd>Shift<\/kbd> + <kbd>$<\/kbd> juntas y obtendr\u00e1 el formato de n\u00famero convertido a formato de moneda agregando el s\u00edmbolo de moneda al comienzo de los n\u00fameros en cada celda seleccionada. <\/li>\n<\/ol>\n<div class=\"wp-block-image\">\n<figure class=\"aligncenter size-full\"><img loading=\"lazy\" decoding=\"async\" class=\"wp-image-72764\" src=\"https:\/\/exceladvisor.org\/wp-content\/uploads\/2023\/08\/2-appliquer-le-format-monetaire.png\" sizes=\"auto, \" srcset=\"\" alt=\"aplicar-formato-de-moneda\" width=\"431\" height=\"251\"><\/figure>\n<\/div>\n<p class=\"mynote\"> Para establecer cualquier otro s\u00edmbolo de moneda como s\u00edmbolo de moneda predeterminado, debe ir a configuraci\u00f3n \u2192 configuraci\u00f3n de idioma y regi\u00f3n \u2192 en configuraci\u00f3n de regi\u00f3n \u2192 hacer clic en \u201cConfiguraci\u00f3n adicional\u201d \u2192 seleccionar la pesta\u00f1a de moneda \u2192 seleccionar la moneda que desea establecer como moneda predeterminada \u2192 hacer clic aplicar y ok. <\/p>\n<div class=\"wp-block-image\">\n<figure class=\"aligncenter size-full is-resized\"><img loading=\"lazy\" decoding=\"async\" class=\"wp-image-72765\" src=\"https:\/\/exceladvisor.org\/wp-content\/uploads\/2023\/08\/3-personnaliser-le-format.png\" sizes=\"auto, \" srcset=\"\" alt=\"personalizar formato\" width=\"403\" height=\"516\"><\/figure>\n<\/div>\n<div class=\"gb-container gb-container-2116538e gb-container-mt\"> <a class=\"gb-button gb-button-f7d2c131 gb-button-text gb-button-mt-button\" href=\"https:\/\/exceladvisor.org\/es\/atajos-de-teclado\/\">Atajos de teclado para PDF de Excel<\/a><\/p>\n<h2 class=\"gb-headline gb-headline-7ed68554 gb-headline-text gb-headline-mt-heading\"> M\u00e1s atajos <\/h2>\n<div class=\"gb-grid-wrapper gb-grid-wrapper-edeef538 gb-grid-wrapper-mt-grid\">\n<div class=\"gb-grid-column gb-grid-column-6ab6fbc6\">\n<div class=\"gb-container gb-container-6ab6fbc6\">\n<ul>\n<li> <a href=\"https:\/\/exceladvisor.org\/es\/barra-1\/\">Vara<\/a><\/li>\n<li> <a href=\"https:\/\/exceladvisor.org\/es\/indice-2\/\">Pista<\/a><\/li>\n<li> <a href=\"https:\/\/exceladvisor.org\/es\/exponente\/\">Expositor<\/a><\/li>\n<li> <a href=\"https:\/\/exceladvisor.org\/es\/marca-de-verificacion-1\/\">Marca de verificaci\u00f3n<\/a><\/li>\n<li> <a href=\"https:\/\/exceladvisor.org\/es\/alinear-al-centro\/\">Alinear al centro<\/a> <\/li>\n<\/ul>\n<\/div>\n<\/div>\n<div class=\"gb-grid-column gb-grid-column-766d598b\">\n<div class=\"gb-container gb-container-766d598b\"><\/div>\n<\/div>\n<\/div>\n<\/div>\n","protected":false},"excerpt":{"rendered":"<p>Excel tiene varios formatos de n\u00fameros y el formato de moneda es uno de ellos. El formato de moneda se utiliza para agregar el s\u00edmbolo de moneda al comienzo de los valores num\u00e9ricos. Los usuarios pueden elegir cualquier s\u00edmbolo de moneda que quieran agregar. Excel utiliza de forma predeterminada la moneda predeterminada seg\u00fan la regi\u00f3n [&hellip;]<\/p>\n","protected":false},"author":1,"featured_media":0,"parent":0,"menu_order":0,"comment_status":"open","ping_status":"closed","template":"","meta":{"ub_ctt_via":"","footnotes":""},"class_list":["post-708","page","type-page","status-publish","hentry"],"featured_image_src":null,"yoast_head":"<!-- This site is optimized with the Yoast SEO plugin v25.4 - https:\/\/yoast.com\/wordpress\/plugins\/seo\/ -->\n<title>\u00bfc\u00f3mo aplicar el formato de moneda mediante el acceso directo de excel?<\/title>\n<meta name=\"robots\" content=\"index, follow, max-snippet:-1, max-image-preview:large, max-video-preview:-1\" \/>\n<link rel=\"canonical\" href=\"https:\/\/exceladvisor.org\/es\/formato-de-moneda\/\" \/>\n<meta property=\"og:locale\" content=\"es_ES\" \/>\n<meta property=\"og:type\" content=\"article\" \/>\n<meta property=\"og:title\" content=\"\u00bfc\u00f3mo aplicar el formato de moneda mediante el acceso directo de excel?\" \/>\n<meta property=\"og:description\" content=\"Excel tiene varios formatos de n\u00fameros y el formato de moneda es uno de ellos. El formato de moneda se utiliza para agregar el s\u00edmbolo de moneda al comienzo de los valores num\u00e9ricos. Los usuarios pueden elegir cualquier s\u00edmbolo de moneda que quieran agregar. Excel utiliza de forma predeterminada la moneda predeterminada seg\u00fan la regi\u00f3n [&hellip;]\" \/>\n<meta property=\"og:url\" content=\"https:\/\/exceladvisor.org\/es\/formato-de-moneda\/\" \/>\n<meta property=\"og:site_name\" content=\"Excel Advisor\" \/>\n<meta property=\"article:modified_time\" content=\"2023-12-25T10:23:27+00:00\" \/>\n<meta property=\"og:image\" content=\"https:\/\/exceladvisor.org\/wp-content\/uploads\/2023\/08\/1-raccourci-clavier-au-format-monetaire.png\" \/>\n<meta name=\"twitter:card\" content=\"summary_large_image\" \/>\n<meta name=\"twitter:label1\" content=\"Tiempo de lectura\" \/>\n\t<meta name=\"twitter:data1\" content=\"2 minutos\" \/>\n<script type=\"application\/ld+json\" class=\"yoast-schema-graph\">{\"@context\":\"https:\/\/schema.org\",\"@graph\":[{\"@type\":\"WebPage\",\"@id\":\"https:\/\/exceladvisor.org\/es\/formato-de-moneda\/\",\"url\":\"https:\/\/exceladvisor.org\/es\/formato-de-moneda\/\",\"name\":\"\u00bfc\u00f3mo aplicar el formato de moneda mediante el acceso directo de excel?\",\"isPartOf\":{\"@id\":\"https:\/\/exceladvisor.org\/es\/#website\"},\"primaryImageOfPage\":{\"@id\":\"https:\/\/exceladvisor.org\/es\/formato-de-moneda\/#primaryimage\"},\"image\":{\"@id\":\"https:\/\/exceladvisor.org\/es\/formato-de-moneda\/#primaryimage\"},\"thumbnailUrl\":\"https:\/\/exceladvisor.org\/wp-content\/uploads\/2023\/08\/1-raccourci-clavier-au-format-monetaire.png\",\"datePublished\":\"2023-09-25T21:25:39+00:00\",\"dateModified\":\"2023-12-25T10:23:27+00:00\",\"breadcrumb\":{\"@id\":\"https:\/\/exceladvisor.org\/es\/formato-de-moneda\/#breadcrumb\"},\"inLanguage\":\"es\",\"potentialAction\":[{\"@type\":\"ReadAction\",\"target\":[\"https:\/\/exceladvisor.org\/es\/formato-de-moneda\/\"]}]},{\"@type\":\"ImageObject\",\"inLanguage\":\"es\",\"@id\":\"https:\/\/exceladvisor.org\/es\/formato-de-moneda\/#primaryimage\",\"url\":\"https:\/\/exceladvisor.org\/wp-content\/uploads\/2023\/08\/1-raccourci-clavier-au-format-monetaire.png\",\"contentUrl\":\"https:\/\/exceladvisor.org\/wp-content\/uploads\/2023\/08\/1-raccourci-clavier-au-format-monetaire.png\"},{\"@type\":\"BreadcrumbList\",\"@id\":\"https:\/\/exceladvisor.org\/es\/formato-de-moneda\/#breadcrumb\",\"itemListElement\":[{\"@type\":\"ListItem\",\"position\":1,\"name\":\"Hogar\",\"item\":\"https:\/\/exceladvisor.org\/es\/\"},{\"@type\":\"ListItem\",\"position\":2,\"name\":\"\u00bfc\u00f3mo aplicar el formato de moneda mediante el acceso directo de excel?\"}]},{\"@type\":\"WebSite\",\"@id\":\"https:\/\/exceladvisor.org\/es\/#website\",\"url\":\"https:\/\/exceladvisor.org\/es\/\",\"name\":\"Excel Advisor\",\"description\":\"Su gu\u00eda para la dominaci\u00f3n de datos!\",\"publisher\":{\"@id\":\"https:\/\/exceladvisor.org\/es\/#organization\"},\"potentialAction\":[{\"@type\":\"SearchAction\",\"target\":{\"@type\":\"EntryPoint\",\"urlTemplate\":\"https:\/\/exceladvisor.org\/es\/?s={search_term_string}\"},\"query-input\":{\"@type\":\"PropertyValueSpecification\",\"valueRequired\":true,\"valueName\":\"search_term_string\"}}],\"inLanguage\":\"es\"},{\"@type\":\"Organization\",\"@id\":\"https:\/\/exceladvisor.org\/es\/#organization\",\"name\":\"Excel Advisor\",\"url\":\"https:\/\/exceladvisor.org\/es\/\",\"logo\":{\"@type\":\"ImageObject\",\"inLanguage\":\"es\",\"@id\":\"https:\/\/exceladvisor.org\/es\/#\/schema\/logo\/image\/\",\"url\":\"https:\/\/exceladvisor.org\/es\/wp-content\/uploads\/2023\/12\/exceladvisor.org_.png\",\"contentUrl\":\"https:\/\/exceladvisor.org\/es\/wp-content\/uploads\/2023\/12\/exceladvisor.org_.png\",\"width\":105,\"height\":36,\"caption\":\"Excel Advisor\"},\"image\":{\"@id\":\"https:\/\/exceladvisor.org\/es\/#\/schema\/logo\/image\/\"}}]}<\/script>\n<!-- \/ Yoast SEO plugin. -->","yoast_head_json":{"title":"\u00bfc\u00f3mo aplicar el formato de moneda mediante el acceso directo de excel?","robots":{"index":"index","follow":"follow","max-snippet":"max-snippet:-1","max-image-preview":"max-image-preview:large","max-video-preview":"max-video-preview:-1"},"canonical":"https:\/\/exceladvisor.org\/es\/formato-de-moneda\/","og_locale":"es_ES","og_type":"article","og_title":"\u00bfc\u00f3mo aplicar el formato de moneda mediante el acceso directo de excel?","og_description":"Excel tiene varios formatos de n\u00fameros y el formato de moneda es uno de ellos. El formato de moneda se utiliza para agregar el s\u00edmbolo de moneda al comienzo de los valores num\u00e9ricos. Los usuarios pueden elegir cualquier s\u00edmbolo de moneda que quieran agregar. Excel utiliza de forma predeterminada la moneda predeterminada seg\u00fan la regi\u00f3n [&hellip;]","og_url":"https:\/\/exceladvisor.org\/es\/formato-de-moneda\/","og_site_name":"Excel Advisor","article_modified_time":"2023-12-25T10:23:27+00:00","og_image":[{"url":"https:\/\/exceladvisor.org\/wp-content\/uploads\/2023\/08\/1-raccourci-clavier-au-format-monetaire.png","type":"","width":"","height":""}],"twitter_card":"summary_large_image","twitter_misc":{"Tiempo de lectura":"2 minutos"},"schema":{"@context":"https:\/\/schema.org","@graph":[{"@type":"WebPage","@id":"https:\/\/exceladvisor.org\/es\/formato-de-moneda\/","url":"https:\/\/exceladvisor.org\/es\/formato-de-moneda\/","name":"\u00bfc\u00f3mo aplicar el formato de moneda mediante el acceso directo de excel?","isPartOf":{"@id":"https:\/\/exceladvisor.org\/es\/#website"},"primaryImageOfPage":{"@id":"https:\/\/exceladvisor.org\/es\/formato-de-moneda\/#primaryimage"},"image":{"@id":"https:\/\/exceladvisor.org\/es\/formato-de-moneda\/#primaryimage"},"thumbnailUrl":"https:\/\/exceladvisor.org\/wp-content\/uploads\/2023\/08\/1-raccourci-clavier-au-format-monetaire.png","datePublished":"2023-09-25T21:25:39+00:00","dateModified":"2023-12-25T10:23:27+00:00","breadcrumb":{"@id":"https:\/\/exceladvisor.org\/es\/formato-de-moneda\/#breadcrumb"},"inLanguage":"es","potentialAction":[{"@type":"ReadAction","target":["https:\/\/exceladvisor.org\/es\/formato-de-moneda\/"]}]},{"@type":"ImageObject","inLanguage":"es","@id":"https:\/\/exceladvisor.org\/es\/formato-de-moneda\/#primaryimage","url":"https:\/\/exceladvisor.org\/wp-content\/uploads\/2023\/08\/1-raccourci-clavier-au-format-monetaire.png","contentUrl":"https:\/\/exceladvisor.org\/wp-content\/uploads\/2023\/08\/1-raccourci-clavier-au-format-monetaire.png"},{"@type":"BreadcrumbList","@id":"https:\/\/exceladvisor.org\/es\/formato-de-moneda\/#breadcrumb","itemListElement":[{"@type":"ListItem","position":1,"name":"Hogar","item":"https:\/\/exceladvisor.org\/es\/"},{"@type":"ListItem","position":2,"name":"\u00bfc\u00f3mo aplicar el formato de moneda mediante el acceso directo de excel?"}]},{"@type":"WebSite","@id":"https:\/\/exceladvisor.org\/es\/#website","url":"https:\/\/exceladvisor.org\/es\/","name":"Excel Advisor","description":"Su gu\u00eda para la dominaci\u00f3n de datos!","publisher":{"@id":"https:\/\/exceladvisor.org\/es\/#organization"},"potentialAction":[{"@type":"SearchAction","target":{"@type":"EntryPoint","urlTemplate":"https:\/\/exceladvisor.org\/es\/?s={search_term_string}"},"query-input":{"@type":"PropertyValueSpecification","valueRequired":true,"valueName":"search_term_string"}}],"inLanguage":"es"},{"@type":"Organization","@id":"https:\/\/exceladvisor.org\/es\/#organization","name":"Excel Advisor","url":"https:\/\/exceladvisor.org\/es\/","logo":{"@type":"ImageObject","inLanguage":"es","@id":"https:\/\/exceladvisor.org\/es\/#\/schema\/logo\/image\/","url":"https:\/\/exceladvisor.org\/es\/wp-content\/uploads\/2023\/12\/exceladvisor.org_.png","contentUrl":"https:\/\/exceladvisor.org\/es\/wp-content\/uploads\/2023\/12\/exceladvisor.org_.png","width":105,"height":36,"caption":"Excel Advisor"},"image":{"@id":"https:\/\/exceladvisor.org\/es\/#\/schema\/logo\/image\/"}}]}},"yoast_meta":{"yoast_wpseo_title":"","yoast_wpseo_metadesc":"","yoast_wpseo_canonical":""},"_links":{"self":[{"href":"https:\/\/exceladvisor.org\/es\/wp-json\/wp\/v2\/pages\/708","targetHints":{"allow":["GET"]}}],"collection":[{"href":"https:\/\/exceladvisor.org\/es\/wp-json\/wp\/v2\/pages"}],"about":[{"href":"https:\/\/exceladvisor.org\/es\/wp-json\/wp\/v2\/types\/page"}],"author":[{"embeddable":true,"href":"https:\/\/exceladvisor.org\/es\/wp-json\/wp\/v2\/users\/1"}],"replies":[{"embeddable":true,"href":"https:\/\/exceladvisor.org\/es\/wp-json\/wp\/v2\/comments?post=708"}],"version-history":[{"count":1,"href":"https:\/\/exceladvisor.org\/es\/wp-json\/wp\/v2\/pages\/708\/revisions"}],"predecessor-version":[{"id":845,"href":"https:\/\/exceladvisor.org\/es\/wp-json\/wp\/v2\/pages\/708\/revisions\/845"}],"wp:attachment":[{"href":"https:\/\/exceladvisor.org\/es\/wp-json\/wp\/v2\/media?parent=708"}],"curies":[{"name":"wp","href":"https:\/\/api.w.org\/{rel}","templated":true}]}}