{"id":709,"date":"2023-09-25T20:59:33","date_gmt":"2023-09-25T20:59:33","guid":{"rendered":"https:\/\/exceladvisor.org\/es\/formato-de-porcentaje\/"},"modified":"2023-12-25T10:23:27","modified_gmt":"2023-12-25T10:23:27","slug":"formato-de-porcentaje","status":"publish","type":"page","link":"https:\/\/exceladvisor.org\/es\/formato-de-porcentaje\/","title":{"rendered":"\u00bfc\u00f3mo aplicar el formato de porcentaje?"},"content":{"rendered":"<div class=\"excel-antes-del-contenido\" id=\"excel-2301543555\"><script type=\"text\/javascript\">\r\n\tatOptions = {\r\n\t\t'key' : 'c1158f160081d6540a8409e6925dab94',\r\n\t\t'format' : 'iframe',\r\n\t\t'height' : 250,\r\n\t\t'width' : 300,\r\n\t\t'params' : {}\r\n\t};\r\n<\/script>\r\n<script type=\"text\/javascript\" src=\"\/\/www.highperformanceformat.com\/c1158f160081d6540a8409e6925dab94\/invoke.js\"><\/script><\/div><p>En Excel, cuando trabaja con datos, a menudo desea mostrar las salidas\/resultados de los datos como un porcentaje en lugar de mostrarlos como un n\u00famero y puede hacerlo aplicando el formato de porcentaje al rango de celdas donde desea mostrar los n\u00fameros. en forma porcentual.<\/p>\n<p> Los usuarios pueden aplicar el formato de porcentaje manualmente o muy r\u00e1pidamente usando el m\u00e9todo abreviado de teclado y en este tutorial hemos explicado el m\u00e9todo abreviado de teclado para aplicar el formato de porcentaje.<\/p>\n<h2 class=\"wp-block-heading\"> Atajo de teclado para aplicar formato de porcentaje en Excel<\/h2>\n<p> El m\u00e9todo abreviado de teclado para aplicar el formato de porcentaje se menciona a continuaci\u00f3n:<\/p>\n<p> <kbd>Ctrl<\/kbd> + <kbd>May\u00fas<\/kbd> + <kbd>%<\/kbd> <\/p>\n<div class=\"wp-block-image\">\n<figure class=\"aligncenter size-full is-resized\"><img loading=\"lazy\" decoding=\"async\" class=\"wp-image-72769\" src=\"https:\/\/exceladvisor.org\/wp-content\/uploads\/2023\/08\/1-raccourci-de-format-de-pourcentage.png\" sizes=\"auto, \" srcset=\"\" alt=\"porcentaje-de-formato-atajo\" width=\"758\" height=\"297\"><\/figure>\n<\/div>\n<h2 class=\"wp-block-heading\"> Pasos para aplicar formato de porcentaje usando el m\u00e9todo abreviado de teclado<\/h2>\n<ul>\n<li> Primero, seleccione las celdas, columnas o rango de celdas a las que desea aplicar el formato de porcentaje. <\/li>\n<\/ul>\n<div class=\"wp-block-image\">\n<figure class=\"aligncenter size-full is-resized\"><img loading=\"lazy\" decoding=\"async\" class=\"wp-image-72770\" src=\"https:\/\/exceladvisor.org\/wp-content\/uploads\/2023\/08\/2-appliquer-le-raccourci-de-format-de-pourcentage.png\" sizes=\"auto, \" srcset=\"\" alt=\"aplicar-formato-de-porcentaje-atajo\" width=\"607\" height=\"248\"><\/figure>\n<\/div>\n<ul>\n<li> Una vez seleccionado, simplemente presione las teclas \u201cCtrl + Shift + %\u201d juntas y sus valores de formato num\u00e9rico se convertir\u00e1n a formato porcentual. <\/li>\n<\/ul>\n<div class=\"wp-block-image\">\n<figure class=\"aligncenter size-full is-resized\"><img loading=\"lazy\" decoding=\"async\" class=\"wp-image-72771\" src=\"https:\/\/exceladvisor.org\/wp-content\/uploads\/2023\/08\/3-nombres-convertis-au-format-pourcentage.png\" sizes=\"auto, \" srcset=\"\" alt=\"n\u00fameros-convertidos-a-formato-porcentual\" width=\"626\" height=\"261\"><\/figure>\n<\/div>\n<div class=\"gb-container gb-container-2116538e gb-container-mt\"> <a class=\"gb-button gb-button-f7d2c131 gb-button-text gb-button-mt-button\" href=\"https:\/\/exceladvisor.org\/es\/atajos-de-teclado\/\">Atajos de teclado para PDF de Excel<\/a><\/p>\n<h2 class=\"gb-headline gb-headline-7ed68554 gb-headline-text gb-headline-mt-heading\"> M\u00e1s atajos <\/h2>\n<div class=\"gb-grid-wrapper gb-grid-wrapper-edeef538 gb-grid-wrapper-mt-grid\">\n<div class=\"gb-grid-column gb-grid-column-6ab6fbc6\">\n<div class=\"gb-container gb-container-6ab6fbc6\">\n<ul>\n<li> <a href=\"https:\/\/exceladvisor.org\/es\/formato-de-moneda\/\">Aplicar formato de moneda<\/a><\/li>\n<li> <a href=\"https:\/\/exceladvisor.org\/es\/formato-de-fecha\/\">Aplicar formato de fecha<\/a><\/li>\n<li> <a href=\"https:\/\/exceladvisor.org\/es\/formato-de-tiempo\/\">Aplicar formato de hora<\/a> <\/li>\n<\/ul>\n<\/div>\n<\/div>\n<div class=\"gb-grid-column gb-grid-column-766d598b\">\n<div class=\"gb-container gb-container-766d598b\"><\/div>\n<\/div>\n<\/div>\n<\/div>\n","protected":false},"excerpt":{"rendered":"<p>En Excel, cuando trabaja con datos, a menudo desea mostrar las salidas\/resultados de los datos como un porcentaje en lugar de mostrarlos como un n\u00famero y puede hacerlo aplicando el formato de porcentaje al rango de celdas donde desea mostrar los n\u00fameros. en forma porcentual. Los usuarios pueden aplicar el formato de porcentaje manualmente o [&hellip;]<\/p>\n","protected":false},"author":1,"featured_media":0,"parent":0,"menu_order":0,"comment_status":"open","ping_status":"closed","template":"","meta":{"ub_ctt_via":"","footnotes":""},"class_list":["post-709","page","type-page","status-publish","hentry"],"featured_image_src":null,"yoast_head":"<!-- This site is optimized with the Yoast SEO plugin v25.4 - https:\/\/yoast.com\/wordpress\/plugins\/seo\/ -->\n<title>\u00bfc\u00f3mo aplicar el formato de porcentaje?<\/title>\n<meta name=\"robots\" content=\"index, follow, max-snippet:-1, max-image-preview:large, max-video-preview:-1\" \/>\n<link rel=\"canonical\" href=\"https:\/\/exceladvisor.org\/es\/formato-de-porcentaje\/\" \/>\n<meta property=\"og:locale\" content=\"es_ES\" \/>\n<meta property=\"og:type\" content=\"article\" \/>\n<meta property=\"og:title\" content=\"\u00bfc\u00f3mo aplicar el formato de porcentaje?\" \/>\n<meta property=\"og:description\" content=\"En Excel, cuando trabaja con datos, a menudo desea mostrar las salidas\/resultados de los datos como un porcentaje en lugar de mostrarlos como un n\u00famero y puede hacerlo aplicando el formato de porcentaje al rango de celdas donde desea mostrar los n\u00fameros. en forma porcentual. Los usuarios pueden aplicar el formato de porcentaje manualmente o [&hellip;]\" \/>\n<meta property=\"og:url\" content=\"https:\/\/exceladvisor.org\/es\/formato-de-porcentaje\/\" \/>\n<meta property=\"og:site_name\" content=\"Excel Advisor\" \/>\n<meta property=\"article:modified_time\" content=\"2023-12-25T10:23:27+00:00\" \/>\n<meta property=\"og:image\" content=\"https:\/\/exceladvisor.org\/wp-content\/uploads\/2023\/08\/1-raccourci-de-format-de-pourcentage.png\" \/>\n<meta name=\"twitter:card\" content=\"summary_large_image\" \/>\n<meta name=\"twitter:label1\" content=\"Tiempo de lectura\" \/>\n\t<meta name=\"twitter:data1\" content=\"1 minuto\" \/>\n<script type=\"application\/ld+json\" class=\"yoast-schema-graph\">{\"@context\":\"https:\/\/schema.org\",\"@graph\":[{\"@type\":\"WebPage\",\"@id\":\"https:\/\/exceladvisor.org\/es\/formato-de-porcentaje\/\",\"url\":\"https:\/\/exceladvisor.org\/es\/formato-de-porcentaje\/\",\"name\":\"\u00bfc\u00f3mo aplicar el formato de porcentaje?\",\"isPartOf\":{\"@id\":\"https:\/\/exceladvisor.org\/es\/#website\"},\"primaryImageOfPage\":{\"@id\":\"https:\/\/exceladvisor.org\/es\/formato-de-porcentaje\/#primaryimage\"},\"image\":{\"@id\":\"https:\/\/exceladvisor.org\/es\/formato-de-porcentaje\/#primaryimage\"},\"thumbnailUrl\":\"https:\/\/exceladvisor.org\/wp-content\/uploads\/2023\/08\/1-raccourci-de-format-de-pourcentage.png\",\"datePublished\":\"2023-09-25T20:59:33+00:00\",\"dateModified\":\"2023-12-25T10:23:27+00:00\",\"breadcrumb\":{\"@id\":\"https:\/\/exceladvisor.org\/es\/formato-de-porcentaje\/#breadcrumb\"},\"inLanguage\":\"es\",\"potentialAction\":[{\"@type\":\"ReadAction\",\"target\":[\"https:\/\/exceladvisor.org\/es\/formato-de-porcentaje\/\"]}]},{\"@type\":\"ImageObject\",\"inLanguage\":\"es\",\"@id\":\"https:\/\/exceladvisor.org\/es\/formato-de-porcentaje\/#primaryimage\",\"url\":\"https:\/\/exceladvisor.org\/wp-content\/uploads\/2023\/08\/1-raccourci-de-format-de-pourcentage.png\",\"contentUrl\":\"https:\/\/exceladvisor.org\/wp-content\/uploads\/2023\/08\/1-raccourci-de-format-de-pourcentage.png\"},{\"@type\":\"BreadcrumbList\",\"@id\":\"https:\/\/exceladvisor.org\/es\/formato-de-porcentaje\/#breadcrumb\",\"itemListElement\":[{\"@type\":\"ListItem\",\"position\":1,\"name\":\"Hogar\",\"item\":\"https:\/\/exceladvisor.org\/es\/\"},{\"@type\":\"ListItem\",\"position\":2,\"name\":\"\u00bfc\u00f3mo aplicar el formato de porcentaje?\"}]},{\"@type\":\"WebSite\",\"@id\":\"https:\/\/exceladvisor.org\/es\/#website\",\"url\":\"https:\/\/exceladvisor.org\/es\/\",\"name\":\"Excel Advisor\",\"description\":\"Su gu\u00eda para la dominaci\u00f3n de datos!\",\"publisher\":{\"@id\":\"https:\/\/exceladvisor.org\/es\/#organization\"},\"potentialAction\":[{\"@type\":\"SearchAction\",\"target\":{\"@type\":\"EntryPoint\",\"urlTemplate\":\"https:\/\/exceladvisor.org\/es\/?s={search_term_string}\"},\"query-input\":{\"@type\":\"PropertyValueSpecification\",\"valueRequired\":true,\"valueName\":\"search_term_string\"}}],\"inLanguage\":\"es\"},{\"@type\":\"Organization\",\"@id\":\"https:\/\/exceladvisor.org\/es\/#organization\",\"name\":\"Excel Advisor\",\"url\":\"https:\/\/exceladvisor.org\/es\/\",\"logo\":{\"@type\":\"ImageObject\",\"inLanguage\":\"es\",\"@id\":\"https:\/\/exceladvisor.org\/es\/#\/schema\/logo\/image\/\",\"url\":\"https:\/\/exceladvisor.org\/es\/wp-content\/uploads\/2023\/12\/exceladvisor.org_.png\",\"contentUrl\":\"https:\/\/exceladvisor.org\/es\/wp-content\/uploads\/2023\/12\/exceladvisor.org_.png\",\"width\":105,\"height\":36,\"caption\":\"Excel Advisor\"},\"image\":{\"@id\":\"https:\/\/exceladvisor.org\/es\/#\/schema\/logo\/image\/\"}}]}<\/script>\n<!-- \/ Yoast SEO plugin. -->","yoast_head_json":{"title":"\u00bfc\u00f3mo aplicar el formato de porcentaje?","robots":{"index":"index","follow":"follow","max-snippet":"max-snippet:-1","max-image-preview":"max-image-preview:large","max-video-preview":"max-video-preview:-1"},"canonical":"https:\/\/exceladvisor.org\/es\/formato-de-porcentaje\/","og_locale":"es_ES","og_type":"article","og_title":"\u00bfc\u00f3mo aplicar el formato de porcentaje?","og_description":"En Excel, cuando trabaja con datos, a menudo desea mostrar las salidas\/resultados de los datos como un porcentaje en lugar de mostrarlos como un n\u00famero y puede hacerlo aplicando el formato de porcentaje al rango de celdas donde desea mostrar los n\u00fameros. en forma porcentual. Los usuarios pueden aplicar el formato de porcentaje manualmente o [&hellip;]","og_url":"https:\/\/exceladvisor.org\/es\/formato-de-porcentaje\/","og_site_name":"Excel Advisor","article_modified_time":"2023-12-25T10:23:27+00:00","og_image":[{"url":"https:\/\/exceladvisor.org\/wp-content\/uploads\/2023\/08\/1-raccourci-de-format-de-pourcentage.png","type":"","width":"","height":""}],"twitter_card":"summary_large_image","twitter_misc":{"Tiempo de lectura":"1 minuto"},"schema":{"@context":"https:\/\/schema.org","@graph":[{"@type":"WebPage","@id":"https:\/\/exceladvisor.org\/es\/formato-de-porcentaje\/","url":"https:\/\/exceladvisor.org\/es\/formato-de-porcentaje\/","name":"\u00bfc\u00f3mo aplicar el formato de porcentaje?","isPartOf":{"@id":"https:\/\/exceladvisor.org\/es\/#website"},"primaryImageOfPage":{"@id":"https:\/\/exceladvisor.org\/es\/formato-de-porcentaje\/#primaryimage"},"image":{"@id":"https:\/\/exceladvisor.org\/es\/formato-de-porcentaje\/#primaryimage"},"thumbnailUrl":"https:\/\/exceladvisor.org\/wp-content\/uploads\/2023\/08\/1-raccourci-de-format-de-pourcentage.png","datePublished":"2023-09-25T20:59:33+00:00","dateModified":"2023-12-25T10:23:27+00:00","breadcrumb":{"@id":"https:\/\/exceladvisor.org\/es\/formato-de-porcentaje\/#breadcrumb"},"inLanguage":"es","potentialAction":[{"@type":"ReadAction","target":["https:\/\/exceladvisor.org\/es\/formato-de-porcentaje\/"]}]},{"@type":"ImageObject","inLanguage":"es","@id":"https:\/\/exceladvisor.org\/es\/formato-de-porcentaje\/#primaryimage","url":"https:\/\/exceladvisor.org\/wp-content\/uploads\/2023\/08\/1-raccourci-de-format-de-pourcentage.png","contentUrl":"https:\/\/exceladvisor.org\/wp-content\/uploads\/2023\/08\/1-raccourci-de-format-de-pourcentage.png"},{"@type":"BreadcrumbList","@id":"https:\/\/exceladvisor.org\/es\/formato-de-porcentaje\/#breadcrumb","itemListElement":[{"@type":"ListItem","position":1,"name":"Hogar","item":"https:\/\/exceladvisor.org\/es\/"},{"@type":"ListItem","position":2,"name":"\u00bfc\u00f3mo aplicar el formato de porcentaje?"}]},{"@type":"WebSite","@id":"https:\/\/exceladvisor.org\/es\/#website","url":"https:\/\/exceladvisor.org\/es\/","name":"Excel Advisor","description":"Su gu\u00eda para la dominaci\u00f3n de datos!","publisher":{"@id":"https:\/\/exceladvisor.org\/es\/#organization"},"potentialAction":[{"@type":"SearchAction","target":{"@type":"EntryPoint","urlTemplate":"https:\/\/exceladvisor.org\/es\/?s={search_term_string}"},"query-input":{"@type":"PropertyValueSpecification","valueRequired":true,"valueName":"search_term_string"}}],"inLanguage":"es"},{"@type":"Organization","@id":"https:\/\/exceladvisor.org\/es\/#organization","name":"Excel Advisor","url":"https:\/\/exceladvisor.org\/es\/","logo":{"@type":"ImageObject","inLanguage":"es","@id":"https:\/\/exceladvisor.org\/es\/#\/schema\/logo\/image\/","url":"https:\/\/exceladvisor.org\/es\/wp-content\/uploads\/2023\/12\/exceladvisor.org_.png","contentUrl":"https:\/\/exceladvisor.org\/es\/wp-content\/uploads\/2023\/12\/exceladvisor.org_.png","width":105,"height":36,"caption":"Excel Advisor"},"image":{"@id":"https:\/\/exceladvisor.org\/es\/#\/schema\/logo\/image\/"}}]}},"yoast_meta":{"yoast_wpseo_title":"","yoast_wpseo_metadesc":"","yoast_wpseo_canonical":""},"_links":{"self":[{"href":"https:\/\/exceladvisor.org\/es\/wp-json\/wp\/v2\/pages\/709","targetHints":{"allow":["GET"]}}],"collection":[{"href":"https:\/\/exceladvisor.org\/es\/wp-json\/wp\/v2\/pages"}],"about":[{"href":"https:\/\/exceladvisor.org\/es\/wp-json\/wp\/v2\/types\/page"}],"author":[{"embeddable":true,"href":"https:\/\/exceladvisor.org\/es\/wp-json\/wp\/v2\/users\/1"}],"replies":[{"embeddable":true,"href":"https:\/\/exceladvisor.org\/es\/wp-json\/wp\/v2\/comments?post=709"}],"version-history":[{"count":1,"href":"https:\/\/exceladvisor.org\/es\/wp-json\/wp\/v2\/pages\/709\/revisions"}],"predecessor-version":[{"id":846,"href":"https:\/\/exceladvisor.org\/es\/wp-json\/wp\/v2\/pages\/709\/revisions\/846"}],"wp:attachment":[{"href":"https:\/\/exceladvisor.org\/es\/wp-json\/wp\/v2\/media?parent=709"}],"curies":[{"name":"wp","href":"https:\/\/api.w.org\/{rel}","templated":true}]}}