{"id":710,"date":"2023-09-25T20:42:27","date_gmt":"2023-09-25T20:42:27","guid":{"rendered":"https:\/\/exceladvisor.org\/es\/matriz-de-bucle-vba\/"},"modified":"2023-12-25T10:26:16","modified_gmt":"2023-12-25T10:26:16","slug":"matriz-de-bucle-vba","status":"publish","type":"page","link":"https:\/\/exceladvisor.org\/es\/matriz-de-bucle-vba\/","title":{"rendered":"\u00bfc\u00f3mo navegar por una matriz en vba?"},"content":{"rendered":"<div class=\"excel-antes-del-contenido\" id=\"excel-2439301730\"><script type=\"text\/javascript\">\r\n\tatOptions = {\r\n\t\t'key' : 'c1158f160081d6540a8409e6925dab94',\r\n\t\t'format' : 'iframe',\r\n\t\t'height' : 250,\r\n\t\t'width' : 300,\r\n\t\t'params' : {}\r\n\t};\r\n<\/script>\r\n<script type=\"text\/javascript\" src=\"\/\/www.highperformanceformat.com\/c1158f160081d6540a8409e6925dab94\/invoke.js\"><\/script><\/div><p>En VBA, para iterar a trav\u00e9s de una matriz, puede usar el <a href=\"https:\/\/exceladvisor.org\/es\/para-el-bucle\/\">bucle For (For Next)<\/a> . Y para escribir este c\u00f3digo de bucle, necesita saber el <a href=\"https:\/\/exceladvisor.org\/es\/tamano-de-matriz\/\">tama\u00f1o de la matriz (l\u00edmite superior e inferior)<\/a> para poder usar ambos como contador para el bucle. B\u00e1sicamente, el bucle for comenzar\u00e1 desde el primer elemento de la matriz y continuar\u00e1 hasta el \u00faltimo.<\/p>\n<p> Tienes la siguiente tabla con cinco elementos del 1 al 5 y en estos elementos tienes n\u00fameros. Entonces, la idea es escribir c\u00f3digo que pueda recorrer estos cinco elementos y luego multiplicarlos por 2. <\/p>\n<div class=\"wp-block-image\">\n<figure class=\"aligncenter size-large is-resized\"><img loading=\"lazy\" decoding=\"async\" class=\"wp-image-57171\" src=\"https:\/\/exceladvisor.org\/wp-content\/uploads\/2023\/08\/1-boucle-vba-a-travers-un-tableau-1.png\" sizes=\"auto, \" srcset=\"\" alt=\"vba-bucle-a-traves-de-un-radio-1\" width=\"352\" height=\"413\"><\/figure>\n<\/div>\n<h2 class=\"wp-block-heading\"> <strong>Recorrer una matriz en VBA<\/strong><\/h2>\n<ol>\n<li> En primer lugar, necesita conocer los l\u00edmites superior e inferior de la matriz y para ello necesita utilizar las funciones UBOUND y LBOUND. <br \/><img loading=\"lazy\" decoding=\"async\" title=\"2-terminales-superior-inferior-2\" src=\"https:\/\/exceladvisor.org\/wp-content\/uploads\/2023\/08\/2-limite-superieure-et-inferieure-2.png\" sizes=\"auto, \" srcset=\"\" alt=\"\" width=\"416\" height=\"336\"><\/li>\n<li> Despu\u00e9s de eso, debes usar estos l\u00edmites para crear un contador para el bucle. <br \/><img loading=\"lazy\" decoding=\"async\" title=\"3-terminales-para-crear-un-contra-3\" src=\"https:\/\/exceladvisor.org\/wp-content\/uploads\/2023\/08\/3-bornes-pour-creer-un-compteur-3.png\" sizes=\"auto, \" srcset=\"\" alt=\"\" width=\"403\" height=\"379\"><\/li>\n<li> A continuaci\u00f3n, debe escribir una l\u00ednea de c\u00f3digo para multiplicar el valor del elemento por 2. Esta l\u00ednea de c\u00f3digo tomar\u00e1 el valor del elemento en s\u00ed y luego lo multiplicar\u00e1. <br \/><img loading=\"lazy\" decoding=\"async\" title=\"C\u00f3digo-de-4-l\u00edneas-para-multiplicar-el-elemento-4\" src=\"https:\/\/exceladvisor.org\/wp-content\/uploads\/2023\/08\/Code-de-4-lignes-pour-multiplier-lelement-4.png\" sizes=\"auto, \" srcset=\"\" alt=\"\" width=\"404\" height=\"394\"><\/li>\n<li> Al final, utilice la palabra clave \u00abSiguiente\u00bb para cerrar el c\u00f3digo del bucle. <br \/><img loading=\"lazy\" decoding=\"async\" title=\"5-siguiente-teclado-para-cerrar-bucle-5\" src=\"https:\/\/exceladvisor.org\/wp-content\/uploads\/2023\/08\/5-clavier-suivant-pour-boucler-la-boucle-5.png\" sizes=\"auto, \" srcset=\"\" alt=\"\" width=\"406\" height=\"491\"><\/li>\n<\/ol>\n<p> Aqu\u00ed est\u00e1 el c\u00f3digo completo.<\/p>\n<pre class=\"wp-block-code\"> <code class=\"language-visual-basic\" lang=\"visual-basic\">Option Base 1 Sub vba_array_loop() Dim myArray(5) As Integer myArray(1) = 10 myArray(2) = 20 myArray(3) = 30 myArray(4) = 40 myArray(5) = 50 Dim uB As Integer, lB As Integer uB = UBound(myArray) lB = LBound(myArray) For i = lB To uB myArray(i) = myArray(i) * 2 Next i End Sub<\/code><\/pre>\n<div class=\"gb-container gb-container-4db6181c gb-container-mt\"> <a class=\"gb-button gb-button-c5897111 gb-button-text gb-button-mt-button\" href=\"https:\/\/exceladvisor.org\/es\/vba\/\">\u00bfQu\u00e9 es VBA?<\/a><\/p>\n<h2 class=\"gb-headline gb-headline-665e5f6b gb-headline-text gb-headline-mt-heading\"> Obtenga m\u00e1s informaci\u00f3n sobre <a href=\"https:\/\/exceladvisor.org\/es\/pinturas\/\">las tablas VBA<\/a> <\/h2>\n<div class=\"gb-grid-wrapper gb-grid-wrapper-a20baf7c gb-grid-wrapper-mt-grid\">\n<div class=\"gb-grid-column gb-grid-column-65ddf67e\">\n<div class=\"gb-container gb-container-65ddf67e\">\n<ul>\n<li> <a href=\"https:\/\/exceladvisor.org\/es\/agregar-una-nueva-matriz-de-valores\/\">VBA Agregar nuevo valor a la matriz<\/a><\/li>\n<li> <a href=\"https:\/\/exceladvisor.org\/es\/tamano-de-matriz\/\">Longitud de la matriz VBA (tama\u00f1o)<\/a><\/li>\n<li> <a href=\"https:\/\/exceladvisor.org\/es\/mesa-con-cadenas\/\">Matriz VBA con cadenas<\/a><\/li>\n<li> <a href=\"https:\/\/exceladvisor.org\/es\/borrar-la-pizarra\/\">Matriz clara de VBA<\/a><\/li>\n<li> <a href=\"https:\/\/exceladvisor.org\/es\/tabla-dinamica\/\">Tabla din\u00e1mica VBA<\/a> <\/li>\n<\/ul>\n<\/div>\n<\/div>\n<div class=\"gb-grid-column gb-grid-column-50067b57\">\n<div class=\"gb-container gb-container-50067b57\"><\/div>\n<\/div>\n<\/div>\n<\/div>\n","protected":false},"excerpt":{"rendered":"<p>En VBA, para iterar a trav\u00e9s de una matriz, puede usar el bucle For (For Next) . Y para escribir este c\u00f3digo de bucle, necesita saber el tama\u00f1o de la matriz (l\u00edmite superior e inferior) para poder usar ambos como contador para el bucle. B\u00e1sicamente, el bucle for comenzar\u00e1 desde el primer elemento de la [&hellip;]<\/p>\n","protected":false},"author":1,"featured_media":0,"parent":0,"menu_order":0,"comment_status":"open","ping_status":"closed","template":"","meta":{"ub_ctt_via":"","footnotes":""},"class_list":["post-710","page","type-page","status-publish","hentry"],"featured_image_src":null,"yoast_head":"<!-- This site is optimized with the Yoast SEO plugin v25.4 - https:\/\/yoast.com\/wordpress\/plugins\/seo\/ -->\n<title>\u00bfc\u00f3mo navegar por una matriz en vba?<\/title>\n<meta name=\"robots\" content=\"index, follow, max-snippet:-1, max-image-preview:large, max-video-preview:-1\" \/>\n<link rel=\"canonical\" href=\"https:\/\/exceladvisor.org\/es\/matriz-de-bucle-vba\/\" \/>\n<meta property=\"og:locale\" content=\"es_ES\" \/>\n<meta property=\"og:type\" content=\"article\" \/>\n<meta property=\"og:title\" content=\"\u00bfc\u00f3mo navegar por una matriz en vba?\" \/>\n<meta property=\"og:description\" content=\"En VBA, para iterar a trav\u00e9s de una matriz, puede usar el bucle For (For Next) . Y para escribir este c\u00f3digo de bucle, necesita saber el tama\u00f1o de la matriz (l\u00edmite superior e inferior) para poder usar ambos como contador para el bucle. B\u00e1sicamente, el bucle for comenzar\u00e1 desde el primer elemento de la [&hellip;]\" \/>\n<meta property=\"og:url\" content=\"https:\/\/exceladvisor.org\/es\/matriz-de-bucle-vba\/\" \/>\n<meta property=\"og:site_name\" content=\"Excel Advisor\" \/>\n<meta property=\"article:modified_time\" content=\"2023-12-25T10:26:16+00:00\" \/>\n<meta property=\"og:image\" content=\"https:\/\/exceladvisor.org\/wp-content\/uploads\/2023\/08\/1-boucle-vba-a-travers-un-tableau-1.png\" \/>\n<meta name=\"twitter:card\" content=\"summary_large_image\" \/>\n<meta name=\"twitter:label1\" content=\"Tiempo de lectura\" \/>\n\t<meta name=\"twitter:data1\" content=\"1 minuto\" \/>\n<script type=\"application\/ld+json\" class=\"yoast-schema-graph\">{\"@context\":\"https:\/\/schema.org\",\"@graph\":[{\"@type\":\"WebPage\",\"@id\":\"https:\/\/exceladvisor.org\/es\/matriz-de-bucle-vba\/\",\"url\":\"https:\/\/exceladvisor.org\/es\/matriz-de-bucle-vba\/\",\"name\":\"\u00bfc\u00f3mo navegar por una matriz en vba?\",\"isPartOf\":{\"@id\":\"https:\/\/exceladvisor.org\/es\/#website\"},\"primaryImageOfPage\":{\"@id\":\"https:\/\/exceladvisor.org\/es\/matriz-de-bucle-vba\/#primaryimage\"},\"image\":{\"@id\":\"https:\/\/exceladvisor.org\/es\/matriz-de-bucle-vba\/#primaryimage\"},\"thumbnailUrl\":\"https:\/\/exceladvisor.org\/wp-content\/uploads\/2023\/08\/1-boucle-vba-a-travers-un-tableau-1.png\",\"datePublished\":\"2023-09-25T20:42:27+00:00\",\"dateModified\":\"2023-12-25T10:26:16+00:00\",\"breadcrumb\":{\"@id\":\"https:\/\/exceladvisor.org\/es\/matriz-de-bucle-vba\/#breadcrumb\"},\"inLanguage\":\"es\",\"potentialAction\":[{\"@type\":\"ReadAction\",\"target\":[\"https:\/\/exceladvisor.org\/es\/matriz-de-bucle-vba\/\"]}]},{\"@type\":\"ImageObject\",\"inLanguage\":\"es\",\"@id\":\"https:\/\/exceladvisor.org\/es\/matriz-de-bucle-vba\/#primaryimage\",\"url\":\"https:\/\/exceladvisor.org\/wp-content\/uploads\/2023\/08\/1-boucle-vba-a-travers-un-tableau-1.png\",\"contentUrl\":\"https:\/\/exceladvisor.org\/wp-content\/uploads\/2023\/08\/1-boucle-vba-a-travers-un-tableau-1.png\"},{\"@type\":\"BreadcrumbList\",\"@id\":\"https:\/\/exceladvisor.org\/es\/matriz-de-bucle-vba\/#breadcrumb\",\"itemListElement\":[{\"@type\":\"ListItem\",\"position\":1,\"name\":\"Hogar\",\"item\":\"https:\/\/exceladvisor.org\/es\/\"},{\"@type\":\"ListItem\",\"position\":2,\"name\":\"\u00bfc\u00f3mo navegar por una matriz en vba?\"}]},{\"@type\":\"WebSite\",\"@id\":\"https:\/\/exceladvisor.org\/es\/#website\",\"url\":\"https:\/\/exceladvisor.org\/es\/\",\"name\":\"Excel Advisor\",\"description\":\"Su gu\u00eda para la dominaci\u00f3n de datos!\",\"publisher\":{\"@id\":\"https:\/\/exceladvisor.org\/es\/#organization\"},\"potentialAction\":[{\"@type\":\"SearchAction\",\"target\":{\"@type\":\"EntryPoint\",\"urlTemplate\":\"https:\/\/exceladvisor.org\/es\/?s={search_term_string}\"},\"query-input\":{\"@type\":\"PropertyValueSpecification\",\"valueRequired\":true,\"valueName\":\"search_term_string\"}}],\"inLanguage\":\"es\"},{\"@type\":\"Organization\",\"@id\":\"https:\/\/exceladvisor.org\/es\/#organization\",\"name\":\"Excel Advisor\",\"url\":\"https:\/\/exceladvisor.org\/es\/\",\"logo\":{\"@type\":\"ImageObject\",\"inLanguage\":\"es\",\"@id\":\"https:\/\/exceladvisor.org\/es\/#\/schema\/logo\/image\/\",\"url\":\"https:\/\/exceladvisor.org\/es\/wp-content\/uploads\/2023\/12\/exceladvisor.org_.png\",\"contentUrl\":\"https:\/\/exceladvisor.org\/es\/wp-content\/uploads\/2023\/12\/exceladvisor.org_.png\",\"width\":105,\"height\":36,\"caption\":\"Excel Advisor\"},\"image\":{\"@id\":\"https:\/\/exceladvisor.org\/es\/#\/schema\/logo\/image\/\"}}]}<\/script>\n<!-- \/ Yoast SEO plugin. -->","yoast_head_json":{"title":"\u00bfc\u00f3mo navegar por una matriz en vba?","robots":{"index":"index","follow":"follow","max-snippet":"max-snippet:-1","max-image-preview":"max-image-preview:large","max-video-preview":"max-video-preview:-1"},"canonical":"https:\/\/exceladvisor.org\/es\/matriz-de-bucle-vba\/","og_locale":"es_ES","og_type":"article","og_title":"\u00bfc\u00f3mo navegar por una matriz en vba?","og_description":"En VBA, para iterar a trav\u00e9s de una matriz, puede usar el bucle For (For Next) . Y para escribir este c\u00f3digo de bucle, necesita saber el tama\u00f1o de la matriz (l\u00edmite superior e inferior) para poder usar ambos como contador para el bucle. B\u00e1sicamente, el bucle for comenzar\u00e1 desde el primer elemento de la [&hellip;]","og_url":"https:\/\/exceladvisor.org\/es\/matriz-de-bucle-vba\/","og_site_name":"Excel Advisor","article_modified_time":"2023-12-25T10:26:16+00:00","og_image":[{"url":"https:\/\/exceladvisor.org\/wp-content\/uploads\/2023\/08\/1-boucle-vba-a-travers-un-tableau-1.png","type":"","width":"","height":""}],"twitter_card":"summary_large_image","twitter_misc":{"Tiempo de lectura":"1 minuto"},"schema":{"@context":"https:\/\/schema.org","@graph":[{"@type":"WebPage","@id":"https:\/\/exceladvisor.org\/es\/matriz-de-bucle-vba\/","url":"https:\/\/exceladvisor.org\/es\/matriz-de-bucle-vba\/","name":"\u00bfc\u00f3mo navegar por una matriz en vba?","isPartOf":{"@id":"https:\/\/exceladvisor.org\/es\/#website"},"primaryImageOfPage":{"@id":"https:\/\/exceladvisor.org\/es\/matriz-de-bucle-vba\/#primaryimage"},"image":{"@id":"https:\/\/exceladvisor.org\/es\/matriz-de-bucle-vba\/#primaryimage"},"thumbnailUrl":"https:\/\/exceladvisor.org\/wp-content\/uploads\/2023\/08\/1-boucle-vba-a-travers-un-tableau-1.png","datePublished":"2023-09-25T20:42:27+00:00","dateModified":"2023-12-25T10:26:16+00:00","breadcrumb":{"@id":"https:\/\/exceladvisor.org\/es\/matriz-de-bucle-vba\/#breadcrumb"},"inLanguage":"es","potentialAction":[{"@type":"ReadAction","target":["https:\/\/exceladvisor.org\/es\/matriz-de-bucle-vba\/"]}]},{"@type":"ImageObject","inLanguage":"es","@id":"https:\/\/exceladvisor.org\/es\/matriz-de-bucle-vba\/#primaryimage","url":"https:\/\/exceladvisor.org\/wp-content\/uploads\/2023\/08\/1-boucle-vba-a-travers-un-tableau-1.png","contentUrl":"https:\/\/exceladvisor.org\/wp-content\/uploads\/2023\/08\/1-boucle-vba-a-travers-un-tableau-1.png"},{"@type":"BreadcrumbList","@id":"https:\/\/exceladvisor.org\/es\/matriz-de-bucle-vba\/#breadcrumb","itemListElement":[{"@type":"ListItem","position":1,"name":"Hogar","item":"https:\/\/exceladvisor.org\/es\/"},{"@type":"ListItem","position":2,"name":"\u00bfc\u00f3mo navegar por una matriz en vba?"}]},{"@type":"WebSite","@id":"https:\/\/exceladvisor.org\/es\/#website","url":"https:\/\/exceladvisor.org\/es\/","name":"Excel Advisor","description":"Su gu\u00eda para la dominaci\u00f3n de datos!","publisher":{"@id":"https:\/\/exceladvisor.org\/es\/#organization"},"potentialAction":[{"@type":"SearchAction","target":{"@type":"EntryPoint","urlTemplate":"https:\/\/exceladvisor.org\/es\/?s={search_term_string}"},"query-input":{"@type":"PropertyValueSpecification","valueRequired":true,"valueName":"search_term_string"}}],"inLanguage":"es"},{"@type":"Organization","@id":"https:\/\/exceladvisor.org\/es\/#organization","name":"Excel Advisor","url":"https:\/\/exceladvisor.org\/es\/","logo":{"@type":"ImageObject","inLanguage":"es","@id":"https:\/\/exceladvisor.org\/es\/#\/schema\/logo\/image\/","url":"https:\/\/exceladvisor.org\/es\/wp-content\/uploads\/2023\/12\/exceladvisor.org_.png","contentUrl":"https:\/\/exceladvisor.org\/es\/wp-content\/uploads\/2023\/12\/exceladvisor.org_.png","width":105,"height":36,"caption":"Excel Advisor"},"image":{"@id":"https:\/\/exceladvisor.org\/es\/#\/schema\/logo\/image\/"}}]}},"yoast_meta":{"yoast_wpseo_title":"","yoast_wpseo_metadesc":"","yoast_wpseo_canonical":""},"_links":{"self":[{"href":"https:\/\/exceladvisor.org\/es\/wp-json\/wp\/v2\/pages\/710","targetHints":{"allow":["GET"]}}],"collection":[{"href":"https:\/\/exceladvisor.org\/es\/wp-json\/wp\/v2\/pages"}],"about":[{"href":"https:\/\/exceladvisor.org\/es\/wp-json\/wp\/v2\/types\/page"}],"author":[{"embeddable":true,"href":"https:\/\/exceladvisor.org\/es\/wp-json\/wp\/v2\/users\/1"}],"replies":[{"embeddable":true,"href":"https:\/\/exceladvisor.org\/es\/wp-json\/wp\/v2\/comments?post=710"}],"version-history":[{"count":1,"href":"https:\/\/exceladvisor.org\/es\/wp-json\/wp\/v2\/pages\/710\/revisions"}],"predecessor-version":[{"id":1130,"href":"https:\/\/exceladvisor.org\/es\/wp-json\/wp\/v2\/pages\/710\/revisions\/1130"}],"wp:attachment":[{"href":"https:\/\/exceladvisor.org\/es\/wp-json\/wp\/v2\/media?parent=710"}],"curies":[{"name":"wp","href":"https:\/\/api.w.org\/{rel}","templated":true}]}}