{"id":713,"date":"2023-09-25T19:19:50","date_gmt":"2023-09-25T19:19:50","guid":{"rendered":"https:\/\/exceladvisor.org\/es\/agregar-la-columna-1\/"},"modified":"2023-12-25T10:23:07","modified_gmt":"2023-12-25T10:23:07","slug":"agregar-la-columna-1","status":"publish","type":"page","link":"https:\/\/exceladvisor.org\/es\/agregar-la-columna-1\/","title":{"rendered":"\u00bfc\u00f3mo agregar una columna usando el acceso directo de excel?"},"content":{"rendered":"<div class=\"excel-antes-del-contenido\" id=\"excel-1835049288\"><script type=\"text\/javascript\">\r\n\tatOptions = {\r\n\t\t'key' : 'c1158f160081d6540a8409e6925dab94',\r\n\t\t'format' : 'iframe',\r\n\t\t'height' : 250,\r\n\t\t'width' : 300,\r\n\t\t'params' : {}\r\n\t};\r\n<\/script>\r\n<script type=\"text\/javascript\" src=\"\/\/www.highperformanceformat.com\/c1158f160081d6540a8409e6925dab94\/invoke.js\"><\/script><\/div><p>Agregar una nueva columna en Excel es una tarea muy sencilla. A menudo, mientras trabajan con datos, los usuarios desean agregar o insertar una nueva columna y pueden hacerlo usando atajos de teclado en lugar de ir al \u00edcono \u00abInsertar\u00bb en la pesta\u00f1a \u00abInicio\u00bb.<\/p>\n<h2 class=\"wp-block-heading\"> Atajo de teclado para agregar una columna en Excel<\/h2>\n<p> <kbd>Alt<\/kbd> \u2192 <kbd>I<\/kbd> \u2192 <kbd>C<\/kbd> <\/p>\n<div class=\"wp-block-image\">\n<figure class=\"aligncenter size-full is-resized\"><img loading=\"lazy\" decoding=\"async\" class=\"wp-image-67492\" src=\"https:\/\/exceladvisor.org\/wp-content\/uploads\/2023\/08\/1-touches-de-raccourci-pour-ajouter-une-colonne.png\" sizes=\"auto, \" srcset=\"\" alt=\"teclas-de-atajo-para-agregar-una-columna\" width=\"809\" height=\"317\"><\/figure>\n<\/div>\n<p> <kbd>Ctrl<\/kbd> + <kbd>May\u00fas<\/kbd> <kbd>++<\/kbd> <\/p>\n<div class=\"wp-block-image\">\n<figure class=\"aligncenter size-full is-resized\"><img loading=\"lazy\" decoding=\"async\" class=\"wp-image-67493\" src=\"https:\/\/exceladvisor.org\/wp-content\/uploads\/2023\/08\/2-touches-de-raccourci-pour-ajouter-une-colonne.png\" sizes=\"auto, \" srcset=\"\" alt=\"teclas-de-atajo-para-agregar-una-columna\" width=\"804\" height=\"315\"><\/figure>\n<\/div>\n<h2 class=\"wp-block-heading\"> Pasos para agregar una columna usando un atajo de teclado<\/h2>\n<h3 class=\"wp-block-heading\"> 1. Usando el atajo de teclado Alt \u2192 I \u2192 C<\/h3>\n<ol>\n<li> Primero, haga clic en cualquier celda a la izquierda de la cual desea agregar la nueva columna vac\u00eda. <br \/><img loading=\"lazy\" decoding=\"async\" title=\"3 celdas de selecci\u00f3n\" src=\"https:\/\/exceladvisor.org\/wp-content\/uploads\/2023\/08\/3-selectionnez-la-cellule.png\" sizes=\"auto, \" srcset=\"\" alt=\"select-the-cell\" width=\"418\" height=\"213\"><\/li>\n<li> Despu\u00e9s de eso, simplemente presione \u201cAlt \u2192 I \u2192 C\u201d y obtendr\u00e1 la nueva columna insertada a la izquierda de la celda seleccionada. <br \/><img loading=\"lazy\" decoding=\"async\" title=\"4-nuevas-columnas agregadas\" src=\"https:\/\/exceladvisor.org\/wp-content\/uploads\/2023\/08\/4-nouvelle-colonne-ajoutee.png\" sizes=\"auto, \" srcset=\"\" alt=\"new-column-added\" width=\"564\" height=\"225\"><\/li>\n<\/ol>\n<h3 class=\"wp-block-heading\"> 2. Usando el atajo de teclado Ctrl + Shift + Signo m\u00e1s (+)<\/h3>\n<ol>\n<li> Primero, seleccione la columna completa usando el m\u00e9todo abreviado de teclado \u201cCtrl + Espacio\u201d a la izquierda de la cual desea agregar la nueva columna vac\u00eda.<\/li>\n<li> Despu\u00e9s de eso, presione <kbd>Ctrl<\/kbd> + <kbd>Shift<\/kbd> + <kbd>+<\/kbd> teclas de m\u00e9todo abreviado y obtendr\u00e1 la nueva columna vac\u00eda insertada a la izquierda de la columna seleccionada.<\/li>\n<\/ol>\n<h2 class=\"wp-block-heading\"> Comidas para llevar<\/h2>\n<ol>\n<li> Excel siempre agrega las columnas a la izquierda de la celda o columna seleccionada; no podemos cambiar esta configuraci\u00f3n predeterminada.<\/li>\n<li> Una vez que agregue una columna, simplemente presione las teclas <kbd>Fn<\/kbd> + <kbd>F4<\/kbd> para que Excel repita la tarea y agregue m\u00e1s columnas en blanco. <\/li>\n<\/ol>\n<div class=\"wp-block-group more-tutorials is-layout-flow\">\n<div class=\"wp-block-group__inner-container\">\n<h2 class=\"wp-block-heading\"> M\u00e1s tutoriales <\/h2>\n<div class=\"wp-block-columns is-layout-flex wp-container-3\">\n<div class=\"wp-block-column is-layout-flow\">\n<ul>\n<li> <a href=\"https:\/\/exceladvisor.org\/es\/eliminar-celda\/\">Eliminar celda<\/a><\/li>\n<li> <a href=\"https:\/\/exceladvisor.org\/es\/eliminar-linea\/\">Eliminar filas<\/a><\/li>\n<li> <a href=\"https:\/\/exceladvisor.org\/es\/editar-celda\/\">Editar celda<\/a><\/li>\n<\/ul>\n<\/div>\n<div class=\"wp-block-column is-layout-flow\">\n<ul>\n<li> <a href=\"https:\/\/exceladvisor.org\/es\/insertar-una-celda\/\">Insertar una celda<\/a><\/li>\n<li> <a href=\"https:\/\/exceladvisor.org\/es\/insertar-una-linea\/\">Insertar \u2013 Agregar filas<\/a><\/li>\n<li> <a href=\"https:\/\/exceladvisor.org\/es\/fusionar-disociar-celdas-1\/\">Fusionar y separar celdas<\/a><\/li>\n<\/ul>\n<\/div>\n<\/div>\n<p> \u21e0 Volver a <a href=\"https:\/\/exceladvisor.org\/es\/atajos-de-teclado\/\">los atajos de Excel (hoja de referencia en PDF)<\/a><\/p>\n<\/div>\n<\/div>\n","protected":false},"excerpt":{"rendered":"<p>Agregar una nueva columna en Excel es una tarea muy sencilla. A menudo, mientras trabajan con datos, los usuarios desean agregar o insertar una nueva columna y pueden hacerlo usando atajos de teclado en lugar de ir al \u00edcono \u00abInsertar\u00bb en la pesta\u00f1a \u00abInicio\u00bb. Atajo de teclado para agregar una columna en Excel Alt \u2192 [&hellip;]<\/p>\n","protected":false},"author":1,"featured_media":0,"parent":0,"menu_order":0,"comment_status":"open","ping_status":"closed","template":"","meta":{"ub_ctt_via":"","footnotes":""},"class_list":["post-713","page","type-page","status-publish","hentry"],"featured_image_src":null,"yoast_head":"<!-- This site is optimized with the Yoast SEO plugin v25.4 - https:\/\/yoast.com\/wordpress\/plugins\/seo\/ -->\n<title>\u00bfc\u00f3mo agregar una columna usando el acceso directo de excel?<\/title>\n<meta name=\"robots\" content=\"index, follow, max-snippet:-1, max-image-preview:large, max-video-preview:-1\" \/>\n<link rel=\"canonical\" href=\"https:\/\/exceladvisor.org\/es\/agregar-la-columna-1\/\" \/>\n<meta property=\"og:locale\" content=\"es_ES\" \/>\n<meta property=\"og:type\" content=\"article\" \/>\n<meta property=\"og:title\" content=\"\u00bfc\u00f3mo agregar una columna usando el acceso directo de excel?\" \/>\n<meta property=\"og:description\" content=\"Agregar una nueva columna en Excel es una tarea muy sencilla. A menudo, mientras trabajan con datos, los usuarios desean agregar o insertar una nueva columna y pueden hacerlo usando atajos de teclado en lugar de ir al \u00edcono \u00abInsertar\u00bb en la pesta\u00f1a \u00abInicio\u00bb. Atajo de teclado para agregar una columna en Excel Alt \u2192 [&hellip;]\" \/>\n<meta property=\"og:url\" content=\"https:\/\/exceladvisor.org\/es\/agregar-la-columna-1\/\" \/>\n<meta property=\"og:site_name\" content=\"Excel Advisor\" \/>\n<meta property=\"article:modified_time\" content=\"2023-12-25T10:23:07+00:00\" \/>\n<meta property=\"og:image\" content=\"https:\/\/exceladvisor.org\/wp-content\/uploads\/2023\/08\/1-touches-de-raccourci-pour-ajouter-une-colonne.png\" \/>\n<meta name=\"twitter:card\" content=\"summary_large_image\" \/>\n<meta name=\"twitter:label1\" content=\"Tiempo de lectura\" \/>\n\t<meta name=\"twitter:data1\" content=\"1 minuto\" \/>\n<script type=\"application\/ld+json\" class=\"yoast-schema-graph\">{\"@context\":\"https:\/\/schema.org\",\"@graph\":[{\"@type\":\"WebPage\",\"@id\":\"https:\/\/exceladvisor.org\/es\/agregar-la-columna-1\/\",\"url\":\"https:\/\/exceladvisor.org\/es\/agregar-la-columna-1\/\",\"name\":\"\u00bfc\u00f3mo agregar una columna usando el acceso directo de excel?\",\"isPartOf\":{\"@id\":\"https:\/\/exceladvisor.org\/es\/#website\"},\"primaryImageOfPage\":{\"@id\":\"https:\/\/exceladvisor.org\/es\/agregar-la-columna-1\/#primaryimage\"},\"image\":{\"@id\":\"https:\/\/exceladvisor.org\/es\/agregar-la-columna-1\/#primaryimage\"},\"thumbnailUrl\":\"https:\/\/exceladvisor.org\/wp-content\/uploads\/2023\/08\/1-touches-de-raccourci-pour-ajouter-une-colonne.png\",\"datePublished\":\"2023-09-25T19:19:50+00:00\",\"dateModified\":\"2023-12-25T10:23:07+00:00\",\"breadcrumb\":{\"@id\":\"https:\/\/exceladvisor.org\/es\/agregar-la-columna-1\/#breadcrumb\"},\"inLanguage\":\"es\",\"potentialAction\":[{\"@type\":\"ReadAction\",\"target\":[\"https:\/\/exceladvisor.org\/es\/agregar-la-columna-1\/\"]}]},{\"@type\":\"ImageObject\",\"inLanguage\":\"es\",\"@id\":\"https:\/\/exceladvisor.org\/es\/agregar-la-columna-1\/#primaryimage\",\"url\":\"https:\/\/exceladvisor.org\/wp-content\/uploads\/2023\/08\/1-touches-de-raccourci-pour-ajouter-une-colonne.png\",\"contentUrl\":\"https:\/\/exceladvisor.org\/wp-content\/uploads\/2023\/08\/1-touches-de-raccourci-pour-ajouter-une-colonne.png\"},{\"@type\":\"BreadcrumbList\",\"@id\":\"https:\/\/exceladvisor.org\/es\/agregar-la-columna-1\/#breadcrumb\",\"itemListElement\":[{\"@type\":\"ListItem\",\"position\":1,\"name\":\"Hogar\",\"item\":\"https:\/\/exceladvisor.org\/es\/\"},{\"@type\":\"ListItem\",\"position\":2,\"name\":\"\u00bfc\u00f3mo agregar una columna usando el acceso directo de excel?\"}]},{\"@type\":\"WebSite\",\"@id\":\"https:\/\/exceladvisor.org\/es\/#website\",\"url\":\"https:\/\/exceladvisor.org\/es\/\",\"name\":\"Excel Advisor\",\"description\":\"Su gu\u00eda para la dominaci\u00f3n de datos!\",\"publisher\":{\"@id\":\"https:\/\/exceladvisor.org\/es\/#organization\"},\"potentialAction\":[{\"@type\":\"SearchAction\",\"target\":{\"@type\":\"EntryPoint\",\"urlTemplate\":\"https:\/\/exceladvisor.org\/es\/?s={search_term_string}\"},\"query-input\":{\"@type\":\"PropertyValueSpecification\",\"valueRequired\":true,\"valueName\":\"search_term_string\"}}],\"inLanguage\":\"es\"},{\"@type\":\"Organization\",\"@id\":\"https:\/\/exceladvisor.org\/es\/#organization\",\"name\":\"Excel Advisor\",\"url\":\"https:\/\/exceladvisor.org\/es\/\",\"logo\":{\"@type\":\"ImageObject\",\"inLanguage\":\"es\",\"@id\":\"https:\/\/exceladvisor.org\/es\/#\/schema\/logo\/image\/\",\"url\":\"https:\/\/exceladvisor.org\/es\/wp-content\/uploads\/2023\/12\/exceladvisor.org_.png\",\"contentUrl\":\"https:\/\/exceladvisor.org\/es\/wp-content\/uploads\/2023\/12\/exceladvisor.org_.png\",\"width\":105,\"height\":36,\"caption\":\"Excel Advisor\"},\"image\":{\"@id\":\"https:\/\/exceladvisor.org\/es\/#\/schema\/logo\/image\/\"}}]}<\/script>\n<!-- \/ Yoast SEO plugin. -->","yoast_head_json":{"title":"\u00bfc\u00f3mo agregar una columna usando el acceso directo de excel?","robots":{"index":"index","follow":"follow","max-snippet":"max-snippet:-1","max-image-preview":"max-image-preview:large","max-video-preview":"max-video-preview:-1"},"canonical":"https:\/\/exceladvisor.org\/es\/agregar-la-columna-1\/","og_locale":"es_ES","og_type":"article","og_title":"\u00bfc\u00f3mo agregar una columna usando el acceso directo de excel?","og_description":"Agregar una nueva columna en Excel es una tarea muy sencilla. A menudo, mientras trabajan con datos, los usuarios desean agregar o insertar una nueva columna y pueden hacerlo usando atajos de teclado en lugar de ir al \u00edcono \u00abInsertar\u00bb en la pesta\u00f1a \u00abInicio\u00bb. Atajo de teclado para agregar una columna en Excel Alt \u2192 [&hellip;]","og_url":"https:\/\/exceladvisor.org\/es\/agregar-la-columna-1\/","og_site_name":"Excel Advisor","article_modified_time":"2023-12-25T10:23:07+00:00","og_image":[{"url":"https:\/\/exceladvisor.org\/wp-content\/uploads\/2023\/08\/1-touches-de-raccourci-pour-ajouter-une-colonne.png","type":"","width":"","height":""}],"twitter_card":"summary_large_image","twitter_misc":{"Tiempo de lectura":"1 minuto"},"schema":{"@context":"https:\/\/schema.org","@graph":[{"@type":"WebPage","@id":"https:\/\/exceladvisor.org\/es\/agregar-la-columna-1\/","url":"https:\/\/exceladvisor.org\/es\/agregar-la-columna-1\/","name":"\u00bfc\u00f3mo agregar una columna usando el acceso directo de excel?","isPartOf":{"@id":"https:\/\/exceladvisor.org\/es\/#website"},"primaryImageOfPage":{"@id":"https:\/\/exceladvisor.org\/es\/agregar-la-columna-1\/#primaryimage"},"image":{"@id":"https:\/\/exceladvisor.org\/es\/agregar-la-columna-1\/#primaryimage"},"thumbnailUrl":"https:\/\/exceladvisor.org\/wp-content\/uploads\/2023\/08\/1-touches-de-raccourci-pour-ajouter-une-colonne.png","datePublished":"2023-09-25T19:19:50+00:00","dateModified":"2023-12-25T10:23:07+00:00","breadcrumb":{"@id":"https:\/\/exceladvisor.org\/es\/agregar-la-columna-1\/#breadcrumb"},"inLanguage":"es","potentialAction":[{"@type":"ReadAction","target":["https:\/\/exceladvisor.org\/es\/agregar-la-columna-1\/"]}]},{"@type":"ImageObject","inLanguage":"es","@id":"https:\/\/exceladvisor.org\/es\/agregar-la-columna-1\/#primaryimage","url":"https:\/\/exceladvisor.org\/wp-content\/uploads\/2023\/08\/1-touches-de-raccourci-pour-ajouter-une-colonne.png","contentUrl":"https:\/\/exceladvisor.org\/wp-content\/uploads\/2023\/08\/1-touches-de-raccourci-pour-ajouter-une-colonne.png"},{"@type":"BreadcrumbList","@id":"https:\/\/exceladvisor.org\/es\/agregar-la-columna-1\/#breadcrumb","itemListElement":[{"@type":"ListItem","position":1,"name":"Hogar","item":"https:\/\/exceladvisor.org\/es\/"},{"@type":"ListItem","position":2,"name":"\u00bfc\u00f3mo agregar una columna usando el acceso directo de excel?"}]},{"@type":"WebSite","@id":"https:\/\/exceladvisor.org\/es\/#website","url":"https:\/\/exceladvisor.org\/es\/","name":"Excel Advisor","description":"Su gu\u00eda para la dominaci\u00f3n de datos!","publisher":{"@id":"https:\/\/exceladvisor.org\/es\/#organization"},"potentialAction":[{"@type":"SearchAction","target":{"@type":"EntryPoint","urlTemplate":"https:\/\/exceladvisor.org\/es\/?s={search_term_string}"},"query-input":{"@type":"PropertyValueSpecification","valueRequired":true,"valueName":"search_term_string"}}],"inLanguage":"es"},{"@type":"Organization","@id":"https:\/\/exceladvisor.org\/es\/#organization","name":"Excel Advisor","url":"https:\/\/exceladvisor.org\/es\/","logo":{"@type":"ImageObject","inLanguage":"es","@id":"https:\/\/exceladvisor.org\/es\/#\/schema\/logo\/image\/","url":"https:\/\/exceladvisor.org\/es\/wp-content\/uploads\/2023\/12\/exceladvisor.org_.png","contentUrl":"https:\/\/exceladvisor.org\/es\/wp-content\/uploads\/2023\/12\/exceladvisor.org_.png","width":105,"height":36,"caption":"Excel Advisor"},"image":{"@id":"https:\/\/exceladvisor.org\/es\/#\/schema\/logo\/image\/"}}]}},"yoast_meta":{"yoast_wpseo_title":"","yoast_wpseo_metadesc":"","yoast_wpseo_canonical":""},"_links":{"self":[{"href":"https:\/\/exceladvisor.org\/es\/wp-json\/wp\/v2\/pages\/713","targetHints":{"allow":["GET"]}}],"collection":[{"href":"https:\/\/exceladvisor.org\/es\/wp-json\/wp\/v2\/pages"}],"about":[{"href":"https:\/\/exceladvisor.org\/es\/wp-json\/wp\/v2\/types\/page"}],"author":[{"embeddable":true,"href":"https:\/\/exceladvisor.org\/es\/wp-json\/wp\/v2\/users\/1"}],"replies":[{"embeddable":true,"href":"https:\/\/exceladvisor.org\/es\/wp-json\/wp\/v2\/comments?post=713"}],"version-history":[{"count":1,"href":"https:\/\/exceladvisor.org\/es\/wp-json\/wp\/v2\/pages\/713\/revisions"}],"predecessor-version":[{"id":818,"href":"https:\/\/exceladvisor.org\/es\/wp-json\/wp\/v2\/pages\/713\/revisions\/818"}],"wp:attachment":[{"href":"https:\/\/exceladvisor.org\/es\/wp-json\/wp\/v2\/media?parent=713"}],"curies":[{"name":"wp","href":"https:\/\/api.w.org\/{rel}","templated":true}]}}