{"id":714,"date":"2023-09-25T19:09:38","date_gmt":"2023-09-25T19:09:38","guid":{"rendered":"https:\/\/exceladvisor.org\/es\/celula-activa\/"},"modified":"2023-12-25T10:32:19","modified_gmt":"2023-12-25T10:32:19","slug":"celula-activa","status":"publish","type":"page","link":"https:\/\/exceladvisor.org\/es\/celula-activa\/","title":{"rendered":"\u00bfqu\u00e9 son las celdas activas en excel?"},"content":{"rendered":"<div class=\"excel-antes-del-contenido\" id=\"excel-972171273\"><script type=\"text\/javascript\">\r\n\tatOptions = {\r\n\t\t'key' : 'c1158f160081d6540a8409e6925dab94',\r\n\t\t'format' : 'iframe',\r\n\t\t'height' : 250,\r\n\t\t'width' : 300,\r\n\t\t'params' : {}\r\n\t};\r\n<\/script>\r\n<script type=\"text\/javascript\" src=\"\/\/www.highperformanceformat.com\/c1158f160081d6540a8409e6925dab94\/invoke.js\"><\/script><\/div><p>Cuando selecciona una celda en la hoja de trabajo, esa celda es la celda activa. Para ver qu\u00e9 celda est\u00e1 activa, busque la celda con el borde grueso de color verde oscuro y vea la direcci\u00f3n de la celda activa en la barra de direcciones. Luego, cuando comiences a ingresar datos con tu teclado, ingresar\u00e1 directamente a la celda activa. <\/p>\n<div class=\"wp-block-image\">\n<figure class=\"aligncenter size-full is-resized\"><img loading=\"lazy\" decoding=\"async\" class=\"wp-image-84276\" src=\"https:\/\/exceladvisor.org\/wp-content\/uploads\/2023\/08\/1-cellule-active-dans-excel.png\" sizes=\"auto, \" srcset=\"\" alt=\"celda-activa-en-excel\" width=\"331\" height=\"378\"><\/figure>\n<\/div>\n<h2 class=\"wp-block-heading\"> Ingrese datos en la celda activa<\/h2>\n<p> Puede ingresar datos en la celda activa de dos maneras:<\/p>\n<ul>\n<li> Ingrese datos usando el teclado.<\/li>\n<li> P\u00e9galo all\u00ed mientras lo copias desde otro lugar.<\/li>\n<\/ul>\n<h3 class=\"wp-block-heading\"> Ingresar datos usando el teclado<\/h3>\n<p> Tienes que comenzar a escribir con tu teclado para ingresar. O tambi\u00e9n puedes usar el atajo de teclado F2 para editar la celda y luego ingresar datos escribiendo. <\/p>\n<div class=\"wp-block-image\">\n<figure class=\"aligncenter size-full is-resized\"><img loading=\"lazy\" decoding=\"async\" class=\"wp-image-84277\" src=\"https:\/\/exceladvisor.org\/wp-content\/uploads\/2023\/08\/2-saisir-les-donnees-dans-la-cellule-active.png\" sizes=\"auto, \" srcset=\"\" alt=\"ingresar datos en la celda activa\" width=\"407\" height=\"283\"><\/figure>\n<\/div>\n<p> Si desea ingresar una funci\u00f3n en la celda activa, puede ingresar \u00abIgual\u00bb y luego comenzar a ingresar la funci\u00f3n que desea utilizar. <\/p>\n<div class=\"wp-block-image\">\n<figure class=\"aligncenter size-full is-resized\"><img loading=\"lazy\" decoding=\"async\" class=\"wp-image-84278\" src=\"https:\/\/exceladvisor.org\/wp-content\/uploads\/2023\/08\/3-entrez-la-fonction-dans-la-cellule-active.png\" sizes=\"auto, \" srcset=\"\" alt=\"funci\u00f3n-de-entrada-en-celda-activa\" width=\"516\" height=\"305\"><\/figure>\n<\/div>\n<h3 class=\"wp-block-heading\"> Copiar y pegar datos<\/h3>\n<p> Tambi\u00e9n puede usar Copiar y Pegar para agregar datos a la celda activa. Utilice los atajos de teclado Control + C para copiar y Control + V para pegar. ( <a href=\"https:\/\/exceladvisor.org\/es\/copiar-pegar\/\">Copiar y pegar<\/a> )<\/p>\n<h2 class=\"wp-block-heading\"> Navegar<\/h2>\n<p> Navegar de una celda a otra hace que otra celda sea la celda activa. Por ejemplo, si tu celda activa es B2, puedes navegar usando el bot\u00f3n de flecha de tu teclado. <\/p>\n<div class=\"wp-block-image\">\n<figure class=\"aligncenter size-full is-resized\"><img loading=\"lazy\" decoding=\"async\" class=\"wp-image-84279\" src=\"https:\/\/exceladvisor.org\/wp-content\/uploads\/2023\/08\/4-naviguer-dune-cellule-a-lautre.png\" sizes=\"auto, \" srcset=\"\" alt=\"navegar de una celda a otra\" width=\"413\" height=\"316\"><\/figure>\n<\/div>\n<p> El otro m\u00e9todo es usar el mouse y hacer clic en la celda que desea seleccionar, luego esa celda seleccionada ser\u00e1 la celda activa.<\/p>\n<div class=\"gb-container gb-container-4db6181c gb-container-mt\"> <a class=\"gb-button gb-button-c5897111 gb-button-text gb-button-mt-button\" href=\"https:\/\/exceladvisor.org\/es\/avance-de-excel\/\">Tutoriales avanzados de Excel<\/a><\/p>\n<h2 class=\"gb-headline gb-headline-665e5f6b gb-headline-text gb-headline-mt-heading\"> Tutoriales relacionados <\/h2>\n<div class=\"gb-grid-wrapper gb-grid-wrapper-a20baf7c gb-grid-wrapper-mt-grid\">\n<div class=\"gb-grid-column gb-grid-column-65ddf67e\">\n<div class=\"gb-container gb-container-65ddf67e\">\n<ul>\n<li> <a href=\"https:\/\/exceladvisor.org\/es\/agregar-eliminar-hipervinculos\/\">Agregar y eliminar hiperv\u00ednculos en Excel<\/a><\/li>\n<li> <a href=\"https:\/\/exceladvisor.org\/es\/agregar-marca-de-agua\/\">Agregar una marca de agua en Excel<\/a><\/li>\n<li> <a href=\"https:\/\/exceladvisor.org\/es\/eliminar-columnas-de-filas-ocultas\/\">Eliminar filas ocultas en Excel<\/a><\/li>\n<li> <a href=\"https:\/\/exceladvisor.org\/es\/deseleccionar-celdas\/\">Deseleccionar celdas en Excel<\/a><\/li>\n<li> <a href=\"https:\/\/exceladvisor.org\/es\/agregar-una-columna\/\">Agregar una columna en Excel<\/a> <\/li>\n<\/ul>\n<\/div>\n<\/div>\n<div class=\"gb-grid-column gb-grid-column-50067b57\">\n<div class=\"gb-container gb-container-50067b57\"><\/div>\n<\/div>\n<\/div>\n<\/div>\n","protected":false},"excerpt":{"rendered":"<p>Cuando selecciona una celda en la hoja de trabajo, esa celda es la celda activa. Para ver qu\u00e9 celda est\u00e1 activa, busque la celda con el borde grueso de color verde oscuro y vea la direcci\u00f3n de la celda activa en la barra de direcciones. Luego, cuando comiences a ingresar datos con tu teclado, ingresar\u00e1 [&hellip;]<\/p>\n","protected":false},"author":1,"featured_media":0,"parent":0,"menu_order":0,"comment_status":"open","ping_status":"closed","template":"","meta":{"ub_ctt_via":"","footnotes":""},"class_list":["post-714","page","type-page","status-publish","hentry"],"featured_image_src":null,"yoast_head":"<!-- This site is optimized with the Yoast SEO plugin v25.4 - https:\/\/yoast.com\/wordpress\/plugins\/seo\/ -->\n<title>\u00bfqu\u00e9 son las celdas activas en excel?<\/title>\n<meta name=\"robots\" content=\"index, follow, max-snippet:-1, max-image-preview:large, max-video-preview:-1\" \/>\n<link rel=\"canonical\" href=\"https:\/\/exceladvisor.org\/es\/celula-activa\/\" \/>\n<meta property=\"og:locale\" content=\"es_ES\" \/>\n<meta property=\"og:type\" content=\"article\" \/>\n<meta property=\"og:title\" content=\"\u00bfqu\u00e9 son las celdas activas en excel?\" \/>\n<meta property=\"og:description\" content=\"Cuando selecciona una celda en la hoja de trabajo, esa celda es la celda activa. Para ver qu\u00e9 celda est\u00e1 activa, busque la celda con el borde grueso de color verde oscuro y vea la direcci\u00f3n de la celda activa en la barra de direcciones. Luego, cuando comiences a ingresar datos con tu teclado, ingresar\u00e1 [&hellip;]\" \/>\n<meta property=\"og:url\" content=\"https:\/\/exceladvisor.org\/es\/celula-activa\/\" \/>\n<meta property=\"og:site_name\" content=\"Excel Advisor\" \/>\n<meta property=\"article:modified_time\" content=\"2023-12-25T10:32:19+00:00\" \/>\n<meta property=\"og:image\" content=\"https:\/\/exceladvisor.org\/wp-content\/uploads\/2023\/08\/1-cellule-active-dans-excel.png\" \/>\n<meta name=\"twitter:card\" content=\"summary_large_image\" \/>\n<meta name=\"twitter:label1\" content=\"Tiempo de lectura\" \/>\n\t<meta name=\"twitter:data1\" content=\"1 minuto\" \/>\n<script type=\"application\/ld+json\" class=\"yoast-schema-graph\">{\"@context\":\"https:\/\/schema.org\",\"@graph\":[{\"@type\":\"WebPage\",\"@id\":\"https:\/\/exceladvisor.org\/es\/celula-activa\/\",\"url\":\"https:\/\/exceladvisor.org\/es\/celula-activa\/\",\"name\":\"\u00bfqu\u00e9 son las celdas activas en excel?\",\"isPartOf\":{\"@id\":\"https:\/\/exceladvisor.org\/es\/#website\"},\"primaryImageOfPage\":{\"@id\":\"https:\/\/exceladvisor.org\/es\/celula-activa\/#primaryimage\"},\"image\":{\"@id\":\"https:\/\/exceladvisor.org\/es\/celula-activa\/#primaryimage\"},\"thumbnailUrl\":\"https:\/\/exceladvisor.org\/wp-content\/uploads\/2023\/08\/1-cellule-active-dans-excel.png\",\"datePublished\":\"2023-09-25T19:09:38+00:00\",\"dateModified\":\"2023-12-25T10:32:19+00:00\",\"breadcrumb\":{\"@id\":\"https:\/\/exceladvisor.org\/es\/celula-activa\/#breadcrumb\"},\"inLanguage\":\"es\",\"potentialAction\":[{\"@type\":\"ReadAction\",\"target\":[\"https:\/\/exceladvisor.org\/es\/celula-activa\/\"]}]},{\"@type\":\"ImageObject\",\"inLanguage\":\"es\",\"@id\":\"https:\/\/exceladvisor.org\/es\/celula-activa\/#primaryimage\",\"url\":\"https:\/\/exceladvisor.org\/wp-content\/uploads\/2023\/08\/1-cellule-active-dans-excel.png\",\"contentUrl\":\"https:\/\/exceladvisor.org\/wp-content\/uploads\/2023\/08\/1-cellule-active-dans-excel.png\"},{\"@type\":\"BreadcrumbList\",\"@id\":\"https:\/\/exceladvisor.org\/es\/celula-activa\/#breadcrumb\",\"itemListElement\":[{\"@type\":\"ListItem\",\"position\":1,\"name\":\"Hogar\",\"item\":\"https:\/\/exceladvisor.org\/es\/\"},{\"@type\":\"ListItem\",\"position\":2,\"name\":\"\u00bfqu\u00e9 son las celdas activas en excel?\"}]},{\"@type\":\"WebSite\",\"@id\":\"https:\/\/exceladvisor.org\/es\/#website\",\"url\":\"https:\/\/exceladvisor.org\/es\/\",\"name\":\"Excel Advisor\",\"description\":\"Su gu\u00eda para la dominaci\u00f3n de datos!\",\"publisher\":{\"@id\":\"https:\/\/exceladvisor.org\/es\/#organization\"},\"potentialAction\":[{\"@type\":\"SearchAction\",\"target\":{\"@type\":\"EntryPoint\",\"urlTemplate\":\"https:\/\/exceladvisor.org\/es\/?s={search_term_string}\"},\"query-input\":{\"@type\":\"PropertyValueSpecification\",\"valueRequired\":true,\"valueName\":\"search_term_string\"}}],\"inLanguage\":\"es\"},{\"@type\":\"Organization\",\"@id\":\"https:\/\/exceladvisor.org\/es\/#organization\",\"name\":\"Excel Advisor\",\"url\":\"https:\/\/exceladvisor.org\/es\/\",\"logo\":{\"@type\":\"ImageObject\",\"inLanguage\":\"es\",\"@id\":\"https:\/\/exceladvisor.org\/es\/#\/schema\/logo\/image\/\",\"url\":\"https:\/\/exceladvisor.org\/es\/wp-content\/uploads\/2023\/12\/exceladvisor.org_.png\",\"contentUrl\":\"https:\/\/exceladvisor.org\/es\/wp-content\/uploads\/2023\/12\/exceladvisor.org_.png\",\"width\":105,\"height\":36,\"caption\":\"Excel Advisor\"},\"image\":{\"@id\":\"https:\/\/exceladvisor.org\/es\/#\/schema\/logo\/image\/\"}}]}<\/script>\n<!-- \/ Yoast SEO plugin. -->","yoast_head_json":{"title":"\u00bfqu\u00e9 son las celdas activas en excel?","robots":{"index":"index","follow":"follow","max-snippet":"max-snippet:-1","max-image-preview":"max-image-preview:large","max-video-preview":"max-video-preview:-1"},"canonical":"https:\/\/exceladvisor.org\/es\/celula-activa\/","og_locale":"es_ES","og_type":"article","og_title":"\u00bfqu\u00e9 son las celdas activas en excel?","og_description":"Cuando selecciona una celda en la hoja de trabajo, esa celda es la celda activa. Para ver qu\u00e9 celda est\u00e1 activa, busque la celda con el borde grueso de color verde oscuro y vea la direcci\u00f3n de la celda activa en la barra de direcciones. Luego, cuando comiences a ingresar datos con tu teclado, ingresar\u00e1 [&hellip;]","og_url":"https:\/\/exceladvisor.org\/es\/celula-activa\/","og_site_name":"Excel Advisor","article_modified_time":"2023-12-25T10:32:19+00:00","og_image":[{"url":"https:\/\/exceladvisor.org\/wp-content\/uploads\/2023\/08\/1-cellule-active-dans-excel.png","type":"","width":"","height":""}],"twitter_card":"summary_large_image","twitter_misc":{"Tiempo de lectura":"1 minuto"},"schema":{"@context":"https:\/\/schema.org","@graph":[{"@type":"WebPage","@id":"https:\/\/exceladvisor.org\/es\/celula-activa\/","url":"https:\/\/exceladvisor.org\/es\/celula-activa\/","name":"\u00bfqu\u00e9 son las celdas activas en excel?","isPartOf":{"@id":"https:\/\/exceladvisor.org\/es\/#website"},"primaryImageOfPage":{"@id":"https:\/\/exceladvisor.org\/es\/celula-activa\/#primaryimage"},"image":{"@id":"https:\/\/exceladvisor.org\/es\/celula-activa\/#primaryimage"},"thumbnailUrl":"https:\/\/exceladvisor.org\/wp-content\/uploads\/2023\/08\/1-cellule-active-dans-excel.png","datePublished":"2023-09-25T19:09:38+00:00","dateModified":"2023-12-25T10:32:19+00:00","breadcrumb":{"@id":"https:\/\/exceladvisor.org\/es\/celula-activa\/#breadcrumb"},"inLanguage":"es","potentialAction":[{"@type":"ReadAction","target":["https:\/\/exceladvisor.org\/es\/celula-activa\/"]}]},{"@type":"ImageObject","inLanguage":"es","@id":"https:\/\/exceladvisor.org\/es\/celula-activa\/#primaryimage","url":"https:\/\/exceladvisor.org\/wp-content\/uploads\/2023\/08\/1-cellule-active-dans-excel.png","contentUrl":"https:\/\/exceladvisor.org\/wp-content\/uploads\/2023\/08\/1-cellule-active-dans-excel.png"},{"@type":"BreadcrumbList","@id":"https:\/\/exceladvisor.org\/es\/celula-activa\/#breadcrumb","itemListElement":[{"@type":"ListItem","position":1,"name":"Hogar","item":"https:\/\/exceladvisor.org\/es\/"},{"@type":"ListItem","position":2,"name":"\u00bfqu\u00e9 son las celdas activas en excel?"}]},{"@type":"WebSite","@id":"https:\/\/exceladvisor.org\/es\/#website","url":"https:\/\/exceladvisor.org\/es\/","name":"Excel Advisor","description":"Su gu\u00eda para la dominaci\u00f3n de datos!","publisher":{"@id":"https:\/\/exceladvisor.org\/es\/#organization"},"potentialAction":[{"@type":"SearchAction","target":{"@type":"EntryPoint","urlTemplate":"https:\/\/exceladvisor.org\/es\/?s={search_term_string}"},"query-input":{"@type":"PropertyValueSpecification","valueRequired":true,"valueName":"search_term_string"}}],"inLanguage":"es"},{"@type":"Organization","@id":"https:\/\/exceladvisor.org\/es\/#organization","name":"Excel Advisor","url":"https:\/\/exceladvisor.org\/es\/","logo":{"@type":"ImageObject","inLanguage":"es","@id":"https:\/\/exceladvisor.org\/es\/#\/schema\/logo\/image\/","url":"https:\/\/exceladvisor.org\/es\/wp-content\/uploads\/2023\/12\/exceladvisor.org_.png","contentUrl":"https:\/\/exceladvisor.org\/es\/wp-content\/uploads\/2023\/12\/exceladvisor.org_.png","width":105,"height":36,"caption":"Excel Advisor"},"image":{"@id":"https:\/\/exceladvisor.org\/es\/#\/schema\/logo\/image\/"}}]}},"yoast_meta":{"yoast_wpseo_title":"","yoast_wpseo_metadesc":"","yoast_wpseo_canonical":""},"_links":{"self":[{"href":"https:\/\/exceladvisor.org\/es\/wp-json\/wp\/v2\/pages\/714","targetHints":{"allow":["GET"]}}],"collection":[{"href":"https:\/\/exceladvisor.org\/es\/wp-json\/wp\/v2\/pages"}],"about":[{"href":"https:\/\/exceladvisor.org\/es\/wp-json\/wp\/v2\/types\/page"}],"author":[{"embeddable":true,"href":"https:\/\/exceladvisor.org\/es\/wp-json\/wp\/v2\/users\/1"}],"replies":[{"embeddable":true,"href":"https:\/\/exceladvisor.org\/es\/wp-json\/wp\/v2\/comments?post=714"}],"version-history":[{"count":1,"href":"https:\/\/exceladvisor.org\/es\/wp-json\/wp\/v2\/pages\/714\/revisions"}],"predecessor-version":[{"id":1412,"href":"https:\/\/exceladvisor.org\/es\/wp-json\/wp\/v2\/pages\/714\/revisions\/1412"}],"wp:attachment":[{"href":"https:\/\/exceladvisor.org\/es\/wp-json\/wp\/v2\/media?parent=714"}],"curies":[{"name":"wp","href":"https:\/\/api.w.org\/{rel}","templated":true}]}}