{"id":715,"date":"2023-09-25T17:53:11","date_gmt":"2023-09-25T17:53:11","guid":{"rendered":"https:\/\/exceladvisor.org\/es\/comentario\/"},"modified":"2023-12-25T10:22:58","modified_gmt":"2023-12-25T10:22:58","slug":"comentario","status":"publish","type":"page","link":"https:\/\/exceladvisor.org\/es\/comentario\/","title":{"rendered":"\u00bfc\u00f3mo agregar un comentario en c\u00f3digo vba?"},"content":{"rendered":"<div class=\"excel-antes-del-contenido\" id=\"excel-3918906131\"><script type=\"text\/javascript\">\r\n\tatOptions = {\r\n\t\t'key' : 'c1158f160081d6540a8409e6925dab94',\r\n\t\t'format' : 'iframe',\r\n\t\t'height' : 250,\r\n\t\t'width' : 300,\r\n\t\t'params' : {}\r\n\t};\r\n<\/script>\r\n<script type=\"text\/javascript\" src=\"\/\/www.highperformanceformat.com\/c1158f160081d6540a8409e6925dab94\/invoke.js\"><\/script><\/div><p>Una vez que comience a escribir c\u00f3digos VBA, hay una cosa importante que debe aprender con esto y es el uso de COMENTARIOS en sus c\u00f3digos VBA.<\/p>\n<p> El caso es que usar VBA COMMENT es bastante f\u00e1cil y sencillo, lo \u00fanico que necesitas aprender es a hacerlo de manera eficiente.<\/p>\n<p> Por eso hoy voy a compartir con ustedes todos los detalles sobre el uso de comentarios en VBA y todas las opciones relacionadas con \u00e9l.<\/p>\n<h2 id=\"tab-con-10\" class=\"wp-block-heading\"> \u00bfQu\u00e9 es un comentario de VBA?<\/h2>\n<p> Un COMENTARIO de VBA es una l\u00ednea de texto verde que le ayuda a describir el c\u00f3digo escrito. En pocas palabras, un comentario es una l\u00ednea de texto que no es c\u00f3digo y VBA lo ignora al ejecutar el c\u00f3digo. Es una buena pr\u00e1ctica (yo dir\u00eda que una de las mejores) agregar comentarios en sus c\u00f3digos VBA. <\/p>\n<div id=\"ub-styled-box-0eaeb4ca-267a-41e0-a8dc-3b1340001037\" class=\"ub-styled-box ub-bordered-box\">\n<h2 class=\"wp-block-heading\"> (Video) Comprensi\u00f3n de los comentarios de VBA<\/h2>\n<div class=\"adthrive-video-player in-post\" data-video-id=\"qWDYi2Qt\" data-player-type=\"default\"><\/div>\n<\/div>\n<div class=\"wp-block-image\">\n<figure class=\"aligncenter is-resized\"><img loading=\"lazy\" decoding=\"async\" src=\"https:\/\/exceladvisor.org\/wp-content\/uploads\/2023\/08\/2-etapes-pour-ajouter-un-commentaire-vba.png\" sizes=\"auto, \" srcset=\"\" alt=\"pasos-para-agregar-un-comentario-vba\" width=\"402\" height=\"194\"><\/figure>\n<\/div>\n<h2 id=\"tab-con-1\" class=\"wp-block-heading\"> Beneficios de usar un comentario<\/h2>\n<p> Como dije, comentar en c\u00f3digo VBA es una de las mejores pr\u00e1cticas y conlleva algunos beneficios.<\/p>\n<ul>\n<li> <strong>Le ayuda a documentar su trabajo<\/strong> : puede utilizar un comentario para describir c\u00f3mo funciona el c\u00f3digo, lo que puede ayudarle a usted o a cualquier otro usuario a recordarlo f\u00e1cilmente en el futuro.<\/li>\n<li> <strong>Seguimiento de cambios<\/strong> : si alg\u00fan c\u00f3digo requiere que lo cambie con frecuencia, puede usar comentarios para rastrear o guardar los cambios en el c\u00f3digo.<\/li>\n<li> <strong>Describir un procedimiento de funci\u00f3n<\/strong> : cuando escribe un procedimiento, puede agregar un comentario al principio para describir el prop\u00f3sito de ese procedimiento y c\u00f3mo funciona.<\/li>\n<li> <strong>Describe una variable<\/strong> : las variables son una de las cosas m\u00e1s importantes que debes usar al escribir c\u00f3digo VBA y puedes usar un comentario para describir una variable.<\/li>\n<li> <strong>Depure su c\u00f3digo<\/strong> : puede usar comentarios de VBA para depurar c\u00f3digo convirtiendo l\u00edneas de c\u00f3digo en comentarios para probar.<\/li>\n<\/ul>\n<h2 id=\"tab-con-2\" class=\"wp-block-heading\"> A\u00f1adir un comentario en c\u00f3digo VBA<\/h2>\n<p> Pasos para agregar un comentario en c\u00f3digo VBA:<\/p>\n<ol>\n<li> Primero, <strong>haga clic en la l\u00ednea<\/strong> donde desea insertar el comentario.<\/li>\n<li> Despu\u00e9s de eso, <strong>escriba un APOSTROFO<\/strong> usando la tecla de su teclado.<\/li>\n<li> A continuaci\u00f3n, <strong>escriba el comentario<\/strong> que desea agregar al c\u00f3digo.<\/li>\n<li> Al final, <strong>presione Enter<\/strong> para pasar a la nueva l\u00ednea y el comentario se volver\u00e1 verde. <\/li>\n<\/ol>\n<div class=\"wp-block-image\">\n<figure class=\"aligncenter is-resized\"><img loading=\"lazy\" decoding=\"async\" src=\"https:\/\/exceladvisor.org\/wp-content\/uploads\/2023\/08\/2-etapes-pour-ajouter-un-commentaire-vba.png\" sizes=\"auto, \" srcset=\"\" alt=\"pasos-para-agregar-un-comentario-vba\" width=\"391\" height=\"189\"><\/figure>\n<\/div>\n<p> En el momento en que hagas esto, toda la l\u00ednea de c\u00f3digo se volver\u00e1 verde, lo que significa que esa l\u00ednea ahora es un comentario. Si observa el c\u00f3digo a continuaci\u00f3n donde utilic\u00e9 un comentario para agregar una descripci\u00f3n del procedimiento.<\/p>\n<p> S\u00f3lo necesita agregar un ap\u00f3strofo antes de convertirlo en un comentario y VBA lo ignorar\u00e1 al ejecutar el c\u00f3digo.<\/p>\n<h2 id=\"tab-con-3\" class=\"wp-block-heading\"> Utilice el bot\u00f3n Comentar\/Descomentar en la barra de herramientas<\/h2>\n<p> El segundo m\u00e9todo es utilizar el bot\u00f3n de bloqueo de comentarios en la barra de herramientas. Este bot\u00f3n simplemente agrega un ap\u00f3strofo al comienzo de una l\u00ednea.<\/p>\n<p> Para utilizar este bot\u00f3n, primero debe <strong>seleccionar la l\u00ednea<\/strong> de c\u00f3digo y luego <strong>hacer clic en el bot\u00f3n<\/strong> . <\/p>\n<div class=\"wp-block-image\">\n<figure class=\"aligncenter is-resized\"><img loading=\"lazy\" decoding=\"async\" src=\"https:\/\/exceladvisor.org\/wp-content\/uploads\/2023\/08\/3-etapes-pour-ajouter-un-commentaire-vba.png\" sizes=\"auto, \" srcset=\"\" alt=\"pasos-para-agregar-un-comentario-vba\" width=\"470\" height=\"319\"><\/figure>\n<\/div>\n<p> Al lado del bot\u00f3n Comentar, hay otro bot\u00f3n \u00abDescomentar\u00bb que puede utilizar para descomentar una l\u00ednea (este bot\u00f3n simplemente elimina el ap\u00f3strofo de la l\u00ednea de c\u00f3digo).<\/p>\n<h2 id=\"tab-con-4\" class=\"wp-block-heading\"> Ingrese un comentario VBA de varias l\u00edneas<\/h2>\n<p> Puede haber ocasiones en las que necesite ingresar un comentario en varias l\u00edneas, como un bloque de comentarios.<\/p>\n<p> <strong><span style=\"background-color: #fff44f;\">Pero aqu\u00ed hay<\/span><\/strong> una cosa que debes tener en cuenta: cada l\u00ednea de comentario debe comenzar con un ap\u00f3strofe, por lo que si deseas agregar varias l\u00edneas de comentario, cada l\u00ednea debe tener un APOSTROFO.<\/p>\n<p> La forma m\u00e1s sencilla es seleccionar todas las l\u00edneas y luego usar el bot\u00f3n de comentarios en la barra de herramientas o tambi\u00e9n puede agregar un APOSTROFO al comienzo de cada l\u00ednea. <\/p>\n<div class=\"wp-block-image\">\n<figure class=\"aligncenter is-resized\"><img loading=\"lazy\" decoding=\"async\" src=\"https:\/\/exceladvisor.org\/wp-content\/uploads\/2023\/08\/4-entrez-un-commentaire-vba-multi-lignes.png\" sizes=\"auto, \" srcset=\"\" alt=\"ingresar-comentario-vba-multi-l\u00ednea\" width=\"508\" height=\"312\"><\/figure>\n<\/div>\n<p> En el momento en que haga clic en el bot\u00f3n de comentario, todas las l\u00edneas se convertir\u00e1n en un bloque de comentarios de varias l\u00edneas. <\/p>\n<div class=\"wp-block-image\">\n<figure class=\"aligncenter is-resized\"><img loading=\"lazy\" decoding=\"async\" src=\"https:\/\/exceladvisor.org\/wp-content\/uploads\/2023\/08\/5-blocs-de-commentaires-vba-multi-lignes.png\" sizes=\"auto, \" srcset=\"\" alt=\"bloque de comentarios de varias l\u00edneas de vba\" width=\"494\" height=\"297\"><\/figure>\n<\/div>\n<p class=\"qt-tip\"> <strong>Actualizaci\u00f3n:<\/strong> hay una cosa que descubr\u00ed recientemente: si tiene un bloque de l\u00ednea de comentario (continuo), puede usar un car\u00e1cter de continuaci\u00f3n de l\u00ednea (un gui\u00f3n bajo debe ir inmediatamente precedido por un espacio). <\/p>\n<div class=\"wp-block-image\">\n<figure class=\"aligncenter is-resized\"><img loading=\"lazy\" decoding=\"async\" src=\"https:\/\/exceladvisor.org\/wp-content\/uploads\/2023\/08\/6-commentaire-vba-avec-saut-de-ligne.png\" sizes=\"auto, \" srcset=\"\" alt=\"comentario-vba-con-salto-de-l\u00ednea\" width=\"524\" height=\"313\"><\/figure>\n<\/div>\n<p> En el ejemplo anterior utilic\u00e9 un ap\u00f3strofo s\u00f3lo al comienzo de la primera l\u00ednea del comentario, las otras dos l\u00edneas no tienen ap\u00f3strofe pero utilic\u00e9 el car\u00e1cter de continuaci\u00f3n de l\u00ednea para dar una l\u00ednea de salto al final de la primera l\u00ednea y la segunda l\u00ednea.<\/p>\n<h2 id=\"tab-con-12\" class=\"wp-block-heading\"> Utilice la palabra clave \u00abREM\u00bb para insertar un comentario en VBA<\/h2>\n<p> Esta es la tercera forma de insertar un comentario en c\u00f3digo VBA. Bueno, esta no es una forma popular, pero aun as\u00ed puedes usarla. Entonces, en lugar de usar un ap\u00f3strofo, puedes usar la <strong>palabra clave REM<\/strong> al comienzo de una l\u00ednea de comentario.<\/p>\n<p> REM significa comentarios. <\/p>\n<div class=\"wp-block-image\">\n<figure class=\"aligncenter is-resized\"><img loading=\"lazy\" decoding=\"async\" src=\"https:\/\/exceladvisor.org\/wp-content\/uploads\/2023\/08\/7-commentaire-vba-avec-rem.png\" sizes=\"auto, \" srcset=\"\" alt=\"comentario-vba-con-rem\" width=\"466\" height=\"187\"><\/figure>\n<\/div>\n<p> Ahora, en el ejemplo anterior, utilic\u00e9 \u00abREM\u00bb al principio de la l\u00ednea de c\u00f3digo y luego en la l\u00ednea de c\u00f3digo. Pero no hay ning\u00fan bot\u00f3n para agregar REM, debes tocarlo.<\/p>\n<h2 id=\"tab-con-5\" class=\"wp-block-heading\"> Comentarios al grabar una macro con Macro Recorder<\/h2>\n<p> Cuando <a href=\"https:\/\/exceladvisor.org\/es\/grabar-una-macro\/\">graba c\u00f3digo de macro<\/a> utilizando la Grabadora de macros, tiene la opci\u00f3n de agregar una descripci\u00f3n antes de guardarlo.<\/p>\n<p> Entonces, cuando abre el cuadro de di\u00e1logo de grabaci\u00f3n de macros, hay un cuadro de entrada \u00abDescripci\u00f3n\u00bb donde puede agregar su comentario y luego comenzar a grabar. <\/p>\n<div class=\"wp-block-image\">\n<figure class=\"aligncenter is-resized\"><img loading=\"lazy\" decoding=\"async\" src=\"https:\/\/exceladvisor.org\/wp-content\/uploads\/2023\/08\/15-enregistreur-de-macros-de-commentaires-vba.png\" sizes=\"auto, \" srcset=\"\" alt=\"vba-c\u00f3mo-grabar-macro\" width=\"445\" height=\"358\"><\/figure>\n<\/div>\n<p> Y cuando abre VBE para ver el c\u00f3digo guardado, puede ver el c\u00f3digo que coment\u00f3.<\/p>\n<p> Cuando agrega un comentario mientras graba una macro, VBA agrega algunas comillas como comentarios vac\u00edos. <\/p>\n<div class=\"wp-block-image\">\n<figure class=\"aligncenter is-resized\"><img loading=\"lazy\" decoding=\"async\" src=\"https:\/\/exceladvisor.org\/wp-content\/uploads\/2023\/08\/16-commentaire-vba-dans-la-macro-enregistree.png\" sizes=\"auto, \" srcset=\"\" alt=\"comentario-vba-en-macro-guardado\" width=\"450\" height=\"205\"><\/figure>\n<\/div>\n<h2 id=\"tab-con-6\" class=\"wp-block-heading\"> Introduce un comentario en la misma l\u00ednea.<\/h2>\n<p> Esta es una forma bastante inteligente de utilizar un comentario en la misma l\u00ednea donde escribiste el c\u00f3digo. En el siguiente ejemplo, puede ver que tengo tres l\u00edneas de c\u00f3digo, donde agregu\u00e9 comentarios despu\u00e9s de cada l\u00ednea para describirlo. <\/p>\n<div class=\"wp-block-image\">\n<figure class=\"aligncenter is-resized\"><img loading=\"lazy\" decoding=\"async\" src=\"https:\/\/exceladvisor.org\/wp-content\/uploads\/2023\/08\/8-commentaire-vba-dans-la-meme-ligne.png\" sizes=\"auto, \" srcset=\"\" alt=\"comentario-vba-en-la-misma-l\u00ednea\" width=\"539\" height=\"356\"><\/figure>\n<\/div>\n<p> Entonces, una vez que termine una l\u00ednea de c\u00f3digo, puede ingresar un comentario despu\u00e9s en la misma l\u00ednea.<\/p>\n<h2 id=\"tab-con-7\" class=\"wp-block-heading\"> Tecla de acceso directo para agregar un comentario<\/h2>\n<p> En realidad, no existe ning\u00fan m\u00e9todo abreviado de teclado (predeterminado) que se pueda utilizar para insertar un comentario. Pero <a style=\"outline: none;\" href=\"https:\/\/stackoverflow.com\/users\/3405287\/gauravsingh\" target=\"_blank\" rel=\"nofollow noopener noreferrer\">gracias a Stackoverflow<\/a> , encontr\u00e9 una manera de crear una tecla de acceso directo para insertar un ap\u00f3strofe.<\/p>\n<p> Siga los pasos a continuaci\u00f3n:<\/p>\n<ul>\n<li> Primero, haga clic derecho en la barra de herramientas y luego haga clic en la opci\u00f3n de personalizar. <br \/>\n<figure><img loading=\"lazy\" decoding=\"async\" title=\"Haga clic en Personalizar\" src=\"https:\/\/exceladvisor.org\/wp-content\/uploads\/2023\/08\/9-raccourci-de-commentaire-vba-cliquez-sur-personnaliser.png\" sizes=\"auto, \" srcset=\"\" alt=\"vba-comment-shortcut-click-customize\" width=\"327\" height=\"216\"><\/figure>\n<\/li>\n<li> En el cuadro de di\u00e1logo de personalizaci\u00f3n, vaya a Comando-Pesta\u00f1a \u279c Editar \u279c seleccione el bloque de comentarios y arr\u00e1strelo a la barra de herramientas. <br \/>\n<figure><img loading=\"lazy\" decoding=\"async\" title=\"Bot\u00f3n de arrastrar y soltar comentarios\" src=\"https:\/\/exceladvisor.org\/wp-content\/uploads\/2023\/08\/10-raccourci-de-commentaire-vba-ajouter-un-bouton-de-commentaire.png\" sizes=\"auto, \" srcset=\"\" alt=\"\" width=\"334\" height=\"338\"><\/figure>\n<\/li>\n<li> Despu\u00e9s de eso, seleccione el \u00edcono del bloque de comentarios, como se muestra a continuaci\u00f3n, haga clic derecho sobre \u00e9l, luego ingrese \u00ab&amp;\u00bb antes del nombre. Entonces deber\u00eda verse como \u201cBot\u00f3n &amp; Comentar\u201d. <br \/>\n<figure><img loading=\"lazy\" decoding=\"async\" title=\"Cambiar nombre del bot\u00f3n\" src=\"https:\/\/exceladvisor.org\/wp-content\/uploads\/2023\/08\/11-renommer-le-raccourci-de-commentaire-vba.png\" sizes=\"auto, \" srcset=\"\" alt=\"\" width=\"409\" height=\"452\"><\/figure>\n<\/li>\n<li> Ahora haga clic derecho en el bot\u00f3n nuevamente y seleccione \u00abImagen y texto\u00bb, luego regrese al editor de Visual Basic. <br \/>\n<figure><img loading=\"lazy\" decoding=\"async\" title=\"Haga clic derecho en el bot\u00f3n\" src=\"https:\/\/exceladvisor.org\/wp-content\/uploads\/2023\/08\/12-image-et-texte-de-raccourci-de-commentaire-vba.png\" sizes=\"auto, \" srcset=\"\" alt=\"\" width=\"452\" height=\"373\"><\/figure>\n<\/li>\n<\/ul>\n<p> Ahora puede convertir una l\u00ednea en un comentario usando la <strong>tecla de m\u00e9todo abreviado Alt + C.<\/strong> Y si desea crear una tecla de acceso directo para el bot\u00f3n de eliminar comentario, simplemente puede seguir los pasos anteriores para agregar el bot\u00f3n de eliminar comentario a la barra de herramientas y la tecla de acceso directo correspondiente ser\u00e1 Alt + U.<\/p>\n<h2 id=\"tab-con-8\" class=\"wp-block-heading\"> Cambiar el formato<\/h2>\n<p> VBA le brinda la posibilidad de cambiar el formato de los comentarios si lo desea. En Herramientas \u279c Opciones \u279c Editor de formato, haga clic en el texto del comentario. <\/p>\n<div class=\"wp-block-image\">\n<figure class=\"aligncenter is-resized\"><img loading=\"lazy\" decoding=\"async\" src=\"https:\/\/exceladvisor.org\/wp-content\/uploads\/2023\/08\/13-changer-le-format-du-commentaire-vba.png\" sizes=\"auto, \" srcset=\"\" alt=\"cambiar-el-formato-del-comentario-vba\" width=\"492\" height=\"299\"><\/figure>\n<\/div>\n<p> Como puede ver, cambi\u00e9 el color del texto del comentario de verde a azul. Ahora todos los comentarios que tengo en la ventana de c\u00f3digo son azules. <\/p>\n<div class=\"wp-block-image\">\n<figure class=\"aligncenter is-resized\"><img loading=\"lazy\" decoding=\"async\" src=\"https:\/\/exceladvisor.org\/wp-content\/uploads\/2023\/08\/14-commentaire-vba-avec-une-couleur-de-police-bleue.png\" sizes=\"auto, \" srcset=\"\" alt=\"comentario-vba-con-color-de-fuente-azul\" width=\"496\" height=\"237\"><\/figure>\n<\/div>\n<div class=\"gb-container gb-container-4db6181c gb-container-mt\"> <a class=\"gb-button gb-button-c5897111 gb-button-text gb-button-mt-button\" href=\"https:\/\/exceladvisor.org\/es\/vba\/\">\u00bfQu\u00e9 es VBA?<\/a><\/p>\n<h2 class=\"gb-headline gb-headline-665e5f6b gb-headline-text gb-headline-mt-heading\"> Tutoriales relacionados <\/h2>\n<div class=\"gb-grid-wrapper gb-grid-wrapper-a20baf7c gb-grid-wrapper-mt-grid\">\n<div class=\"gb-grid-column gb-grid-column-65ddf67e\">\n<div class=\"gb-container gb-container-65ddf67e\">\n<ul>\n<li> <a href=\"https:\/\/exceladvisor.org\/es\/preguntas-de-entrevista\/\">Preguntas de entrevista para VBA<\/a><\/li>\n<li> <a href=\"https:\/\/exceladvisor.org\/es\/salto-de-linea\/\">Agregue un salto de l\u00ednea en el c\u00f3digo VBA<\/a><\/li>\n<li> <a href=\"https:\/\/exceladvisor.org\/es\/nueva-linea\/\">Agregue una nueva l\u00ednea (retorno de carro) en una cadena en VBA<\/a><\/li>\n<li> <a href=\"https:\/\/exceladvisor.org\/es\/ejecutar-una-macro-2\/\">Ejecute una macro en Excel (Ejecute c\u00f3digo VBA)<\/a><\/li>\n<li> <a href=\"https:\/\/exceladvisor.org\/es\/cuaderno-macro-personal\/\">Libro de macros personal (personal.xlsb)<\/a> <\/li>\n<\/ul>\n<\/div>\n<\/div>\n<div class=\"gb-grid-column gb-grid-column-50067b57\">\n<div class=\"gb-container gb-container-50067b57\"><\/div>\n<\/div>\n<\/div>\n<\/div>\n","protected":false},"excerpt":{"rendered":"<p>Una vez que comience a escribir c\u00f3digos VBA, hay una cosa importante que debe aprender con esto y es el uso de COMENTARIOS en sus c\u00f3digos VBA. El caso es que usar VBA COMMENT es bastante f\u00e1cil y sencillo, lo \u00fanico que necesitas aprender es a hacerlo de manera eficiente. Por eso hoy voy a [&hellip;]<\/p>\n","protected":false},"author":1,"featured_media":0,"parent":0,"menu_order":0,"comment_status":"open","ping_status":"closed","template":"","meta":{"ub_ctt_via":"","footnotes":""},"class_list":["post-715","page","type-page","status-publish","hentry"],"featured_image_src":null,"yoast_head":"<!-- This site is optimized with the Yoast SEO plugin v25.4 - https:\/\/yoast.com\/wordpress\/plugins\/seo\/ -->\n<title>\u00bfc\u00f3mo agregar un comentario en c\u00f3digo vba?<\/title>\n<meta name=\"robots\" content=\"index, follow, max-snippet:-1, max-image-preview:large, max-video-preview:-1\" \/>\n<link rel=\"canonical\" href=\"https:\/\/exceladvisor.org\/es\/comentario\/\" \/>\n<meta property=\"og:locale\" content=\"es_ES\" \/>\n<meta property=\"og:type\" content=\"article\" \/>\n<meta property=\"og:title\" content=\"\u00bfc\u00f3mo agregar un comentario en c\u00f3digo vba?\" \/>\n<meta property=\"og:description\" content=\"Una vez que comience a escribir c\u00f3digos VBA, hay una cosa importante que debe aprender con esto y es el uso de COMENTARIOS en sus c\u00f3digos VBA. El caso es que usar VBA COMMENT es bastante f\u00e1cil y sencillo, lo \u00fanico que necesitas aprender es a hacerlo de manera eficiente. Por eso hoy voy a [&hellip;]\" \/>\n<meta property=\"og:url\" content=\"https:\/\/exceladvisor.org\/es\/comentario\/\" \/>\n<meta property=\"og:site_name\" content=\"Excel Advisor\" \/>\n<meta property=\"article:modified_time\" content=\"2023-12-25T10:22:58+00:00\" \/>\n<meta property=\"og:image\" content=\"https:\/\/exceladvisor.org\/wp-content\/uploads\/2023\/08\/2-etapes-pour-ajouter-un-commentaire-vba.png\" \/>\n<meta name=\"twitter:card\" content=\"summary_large_image\" \/>\n<meta name=\"twitter:label1\" content=\"Tiempo de lectura\" \/>\n\t<meta name=\"twitter:data1\" content=\"7 minutos\" \/>\n<script type=\"application\/ld+json\" class=\"yoast-schema-graph\">{\"@context\":\"https:\/\/schema.org\",\"@graph\":[{\"@type\":\"WebPage\",\"@id\":\"https:\/\/exceladvisor.org\/es\/comentario\/\",\"url\":\"https:\/\/exceladvisor.org\/es\/comentario\/\",\"name\":\"\u00bfc\u00f3mo agregar un comentario en c\u00f3digo vba?\",\"isPartOf\":{\"@id\":\"https:\/\/exceladvisor.org\/es\/#website\"},\"primaryImageOfPage\":{\"@id\":\"https:\/\/exceladvisor.org\/es\/comentario\/#primaryimage\"},\"image\":{\"@id\":\"https:\/\/exceladvisor.org\/es\/comentario\/#primaryimage\"},\"thumbnailUrl\":\"https:\/\/exceladvisor.org\/wp-content\/uploads\/2023\/08\/2-etapes-pour-ajouter-un-commentaire-vba.png\",\"datePublished\":\"2023-09-25T17:53:11+00:00\",\"dateModified\":\"2023-12-25T10:22:58+00:00\",\"breadcrumb\":{\"@id\":\"https:\/\/exceladvisor.org\/es\/comentario\/#breadcrumb\"},\"inLanguage\":\"es\",\"potentialAction\":[{\"@type\":\"ReadAction\",\"target\":[\"https:\/\/exceladvisor.org\/es\/comentario\/\"]}]},{\"@type\":\"ImageObject\",\"inLanguage\":\"es\",\"@id\":\"https:\/\/exceladvisor.org\/es\/comentario\/#primaryimage\",\"url\":\"https:\/\/exceladvisor.org\/wp-content\/uploads\/2023\/08\/2-etapes-pour-ajouter-un-commentaire-vba.png\",\"contentUrl\":\"https:\/\/exceladvisor.org\/wp-content\/uploads\/2023\/08\/2-etapes-pour-ajouter-un-commentaire-vba.png\"},{\"@type\":\"BreadcrumbList\",\"@id\":\"https:\/\/exceladvisor.org\/es\/comentario\/#breadcrumb\",\"itemListElement\":[{\"@type\":\"ListItem\",\"position\":1,\"name\":\"Hogar\",\"item\":\"https:\/\/exceladvisor.org\/es\/\"},{\"@type\":\"ListItem\",\"position\":2,\"name\":\"\u00bfc\u00f3mo agregar un comentario en c\u00f3digo vba?\"}]},{\"@type\":\"WebSite\",\"@id\":\"https:\/\/exceladvisor.org\/es\/#website\",\"url\":\"https:\/\/exceladvisor.org\/es\/\",\"name\":\"Excel Advisor\",\"description\":\"Su gu\u00eda para la dominaci\u00f3n de datos!\",\"publisher\":{\"@id\":\"https:\/\/exceladvisor.org\/es\/#organization\"},\"potentialAction\":[{\"@type\":\"SearchAction\",\"target\":{\"@type\":\"EntryPoint\",\"urlTemplate\":\"https:\/\/exceladvisor.org\/es\/?s={search_term_string}\"},\"query-input\":{\"@type\":\"PropertyValueSpecification\",\"valueRequired\":true,\"valueName\":\"search_term_string\"}}],\"inLanguage\":\"es\"},{\"@type\":\"Organization\",\"@id\":\"https:\/\/exceladvisor.org\/es\/#organization\",\"name\":\"Excel Advisor\",\"url\":\"https:\/\/exceladvisor.org\/es\/\",\"logo\":{\"@type\":\"ImageObject\",\"inLanguage\":\"es\",\"@id\":\"https:\/\/exceladvisor.org\/es\/#\/schema\/logo\/image\/\",\"url\":\"https:\/\/exceladvisor.org\/es\/wp-content\/uploads\/2023\/12\/exceladvisor.org_.png\",\"contentUrl\":\"https:\/\/exceladvisor.org\/es\/wp-content\/uploads\/2023\/12\/exceladvisor.org_.png\",\"width\":105,\"height\":36,\"caption\":\"Excel Advisor\"},\"image\":{\"@id\":\"https:\/\/exceladvisor.org\/es\/#\/schema\/logo\/image\/\"}}]}<\/script>\n<!-- \/ Yoast SEO plugin. -->","yoast_head_json":{"title":"\u00bfc\u00f3mo agregar un comentario en c\u00f3digo vba?","robots":{"index":"index","follow":"follow","max-snippet":"max-snippet:-1","max-image-preview":"max-image-preview:large","max-video-preview":"max-video-preview:-1"},"canonical":"https:\/\/exceladvisor.org\/es\/comentario\/","og_locale":"es_ES","og_type":"article","og_title":"\u00bfc\u00f3mo agregar un comentario en c\u00f3digo vba?","og_description":"Una vez que comience a escribir c\u00f3digos VBA, hay una cosa importante que debe aprender con esto y es el uso de COMENTARIOS en sus c\u00f3digos VBA. El caso es que usar VBA COMMENT es bastante f\u00e1cil y sencillo, lo \u00fanico que necesitas aprender es a hacerlo de manera eficiente. Por eso hoy voy a [&hellip;]","og_url":"https:\/\/exceladvisor.org\/es\/comentario\/","og_site_name":"Excel Advisor","article_modified_time":"2023-12-25T10:22:58+00:00","og_image":[{"url":"https:\/\/exceladvisor.org\/wp-content\/uploads\/2023\/08\/2-etapes-pour-ajouter-un-commentaire-vba.png","type":"","width":"","height":""}],"twitter_card":"summary_large_image","twitter_misc":{"Tiempo de lectura":"7 minutos"},"schema":{"@context":"https:\/\/schema.org","@graph":[{"@type":"WebPage","@id":"https:\/\/exceladvisor.org\/es\/comentario\/","url":"https:\/\/exceladvisor.org\/es\/comentario\/","name":"\u00bfc\u00f3mo agregar un comentario en c\u00f3digo vba?","isPartOf":{"@id":"https:\/\/exceladvisor.org\/es\/#website"},"primaryImageOfPage":{"@id":"https:\/\/exceladvisor.org\/es\/comentario\/#primaryimage"},"image":{"@id":"https:\/\/exceladvisor.org\/es\/comentario\/#primaryimage"},"thumbnailUrl":"https:\/\/exceladvisor.org\/wp-content\/uploads\/2023\/08\/2-etapes-pour-ajouter-un-commentaire-vba.png","datePublished":"2023-09-25T17:53:11+00:00","dateModified":"2023-12-25T10:22:58+00:00","breadcrumb":{"@id":"https:\/\/exceladvisor.org\/es\/comentario\/#breadcrumb"},"inLanguage":"es","potentialAction":[{"@type":"ReadAction","target":["https:\/\/exceladvisor.org\/es\/comentario\/"]}]},{"@type":"ImageObject","inLanguage":"es","@id":"https:\/\/exceladvisor.org\/es\/comentario\/#primaryimage","url":"https:\/\/exceladvisor.org\/wp-content\/uploads\/2023\/08\/2-etapes-pour-ajouter-un-commentaire-vba.png","contentUrl":"https:\/\/exceladvisor.org\/wp-content\/uploads\/2023\/08\/2-etapes-pour-ajouter-un-commentaire-vba.png"},{"@type":"BreadcrumbList","@id":"https:\/\/exceladvisor.org\/es\/comentario\/#breadcrumb","itemListElement":[{"@type":"ListItem","position":1,"name":"Hogar","item":"https:\/\/exceladvisor.org\/es\/"},{"@type":"ListItem","position":2,"name":"\u00bfc\u00f3mo agregar un comentario en c\u00f3digo vba?"}]},{"@type":"WebSite","@id":"https:\/\/exceladvisor.org\/es\/#website","url":"https:\/\/exceladvisor.org\/es\/","name":"Excel Advisor","description":"Su gu\u00eda para la dominaci\u00f3n de datos!","publisher":{"@id":"https:\/\/exceladvisor.org\/es\/#organization"},"potentialAction":[{"@type":"SearchAction","target":{"@type":"EntryPoint","urlTemplate":"https:\/\/exceladvisor.org\/es\/?s={search_term_string}"},"query-input":{"@type":"PropertyValueSpecification","valueRequired":true,"valueName":"search_term_string"}}],"inLanguage":"es"},{"@type":"Organization","@id":"https:\/\/exceladvisor.org\/es\/#organization","name":"Excel Advisor","url":"https:\/\/exceladvisor.org\/es\/","logo":{"@type":"ImageObject","inLanguage":"es","@id":"https:\/\/exceladvisor.org\/es\/#\/schema\/logo\/image\/","url":"https:\/\/exceladvisor.org\/es\/wp-content\/uploads\/2023\/12\/exceladvisor.org_.png","contentUrl":"https:\/\/exceladvisor.org\/es\/wp-content\/uploads\/2023\/12\/exceladvisor.org_.png","width":105,"height":36,"caption":"Excel Advisor"},"image":{"@id":"https:\/\/exceladvisor.org\/es\/#\/schema\/logo\/image\/"}}]}},"yoast_meta":{"yoast_wpseo_title":"","yoast_wpseo_metadesc":"","yoast_wpseo_canonical":""},"_links":{"self":[{"href":"https:\/\/exceladvisor.org\/es\/wp-json\/wp\/v2\/pages\/715","targetHints":{"allow":["GET"]}}],"collection":[{"href":"https:\/\/exceladvisor.org\/es\/wp-json\/wp\/v2\/pages"}],"about":[{"href":"https:\/\/exceladvisor.org\/es\/wp-json\/wp\/v2\/types\/page"}],"author":[{"embeddable":true,"href":"https:\/\/exceladvisor.org\/es\/wp-json\/wp\/v2\/users\/1"}],"replies":[{"embeddable":true,"href":"https:\/\/exceladvisor.org\/es\/wp-json\/wp\/v2\/comments?post=715"}],"version-history":[{"count":1,"href":"https:\/\/exceladvisor.org\/es\/wp-json\/wp\/v2\/pages\/715\/revisions"}],"predecessor-version":[{"id":806,"href":"https:\/\/exceladvisor.org\/es\/wp-json\/wp\/v2\/pages\/715\/revisions\/806"}],"wp:attachment":[{"href":"https:\/\/exceladvisor.org\/es\/wp-json\/wp\/v2\/media?parent=715"}],"curies":[{"name":"wp","href":"https:\/\/api.w.org\/{rel}","templated":true}]}}