{"id":716,"date":"2023-09-25T16:20:45","date_gmt":"2023-09-25T16:20:45","guid":{"rendered":"https:\/\/exceladvisor.org\/es\/ajuste-automatico-1\/"},"modified":"2023-12-25T10:23:19","modified_gmt":"2023-12-25T10:23:19","slug":"ajuste-automatico-1","status":"publish","type":"page","link":"https:\/\/exceladvisor.org\/es\/ajuste-automatico-1\/","title":{"rendered":"\u00bfc\u00f3mo ajustar autom\u00e1ticamente filas\/columnas en vba?"},"content":{"rendered":"<div class=\"excel-antes-del-contenido\" id=\"excel-1336218154\"><script type=\"text\/javascript\">\r\n\tatOptions = {\r\n\t\t'key' : 'c1158f160081d6540a8409e6925dab94',\r\n\t\t'format' : 'iframe',\r\n\t\t'height' : 250,\r\n\t\t'width' : 300,\r\n\t\t'params' : {}\r\n\t};\r\n<\/script>\r\n<script type=\"text\/javascript\" src=\"\/\/www.highperformanceformat.com\/c1158f160081d6540a8409e6925dab94\/invoke.js\"><\/script><\/div><p class=\"wp-block-heading\"><strong>Puntos clave<\/strong><\/p>\n<ul>\n<li> En VBA, puede utilizar el <strong>m\u00e9todo AutoFit<\/strong> para ajustar autom\u00e1ticamente filas, columnas e incluso una hoja de trabajo completa.<\/li>\n<li> Debe <a href=\"https:\/\/exceladvisor.org\/es\/rango-1\/\" target=\"_blank\" rel=\"noreferrer noopener\">especificar el rango<\/a> y luego puede utilizar el m\u00e9todo AutoFit.<\/li>\n<\/ul>\n<h2 class=\"wp-block-heading\"> Autoajustar una columna<\/h2>\n<p> Digamos que desea ajustar autom\u00e1ticamente la columna A, el c\u00f3digo ser\u00eda similar al siguiente: <\/p>\n<pre class=\"wp-block-code\"> <code class=\"language-visual-basic\" lang=\"visual-basic\">Range(\"A1\").EntireColumn.AutoFit<\/code><\/pre>\n<div class=\"wp-block-image\">\n<figure class=\"aligncenter size-large is-resized\"><img loading=\"lazy\" decoding=\"async\" class=\"wp-image-51714\" src=\"https:\/\/exceladvisor.org\/wp-content\/uploads\/2023\/08\/1-vba-sadapte-automatiquement-a-une-colonne.png\" sizes=\"auto, \" srcset=\"\" alt=\"vba-auto-fit-una-columna\" width=\"392\" height=\"226\"><\/figure>\n<\/div>\n<p> En la l\u00ednea de c\u00f3digo anterior, utiliz\u00f3 la propiedad EntireColumn para hacer referencia a toda la columna de la celda A1.<\/p>\n<p> Como est\u00e1s en una hoja de c\u00e1lculo, tambi\u00e9n puedes usar la propiedad de columnas y escribir un c\u00f3digo como el siguiente. <\/p>\n<pre class=\"wp-block-code\"> <code class=\"language-visual-basic\" lang=\"visual-basic\">Columns(1).AutoFit<\/code><\/pre>\n<div class=\"wp-block-image\">\n<figure class=\"aligncenter size-large is-resized\"><img loading=\"lazy\" decoding=\"async\" class=\"wp-image-51715\" src=\"https:\/\/exceladvisor.org\/wp-content\/uploads\/2023\/08\/2-utiliser-la-propriete-de-colonne.png\" sizes=\"auto, \" srcset=\"\" alt=\"propiedad-columna-de-uso\" width=\"393\" height=\"229\"><\/figure>\n<\/div>\n<h2 class=\"wp-block-heading\"> Ajustar autom\u00e1ticamente una l\u00ednea<\/h2>\n<p> De manera similar, puedes escribir c\u00f3digo para ajustar autom\u00e1ticamente una l\u00ednea. Digamos que quieres ajustar autom\u00e1ticamente la l\u00ednea 5, el c\u00f3digo ser\u00eda: <\/p>\n<pre class=\"wp-block-code\"> <code class=\"language-visual-basic\" lang=\"visual-basic\">Range(\"A5\").EntireRow.AutoFit<\/code><\/pre>\n<div class=\"wp-block-image\">\n<figure class=\"aligncenter size-large is-resized\"><img loading=\"lazy\" decoding=\"async\" class=\"wp-image-51716\" src=\"https:\/\/exceladvisor.org\/wp-content\/uploads\/2023\/08\/3-ajustement-automatique-dune-ligne.png\" sizes=\"auto, \" srcset=\"\" alt=\"ajuste autom\u00e1tico de una sola fila\" width=\"404\" height=\"192\"><\/figure>\n<\/div>\n<p> Y si desea utilizar la propiedad de fila, puede utilizar el c\u00f3digo de la siguiente manera. <\/p>\n<pre class=\"wp-block-code\"> <code class=\"language-visual-basic\" lang=\"visual-basic\">Rows(5).AutoFit<\/code><\/pre>\n<div class=\"wp-block-image\">\n<figure class=\"aligncenter size-large is-resized\"><img loading=\"lazy\" decoding=\"async\" class=\"wp-image-51717\" src=\"https:\/\/exceladvisor.org\/wp-content\/uploads\/2023\/08\/4-code-de-ligne-dajustement-automatique.png\" sizes=\"auto, \" srcset=\"\" alt=\"c\u00f3digo de fila de ajuste autom\u00e1tico\" width=\"355\" height=\"189\"><\/figure>\n<\/div>\n<h2 class=\"wp-block-heading\"> Autoajustar rango usado (filas y columnas)<\/h2>\n<p> Ahora digamos que s\u00f3lo desea ajustar autom\u00e1ticamente las columnas y filas que contienen datos. En VBA hay una propiedad llamada rango usado que puedes usar. Entonces el c\u00f3digo ser\u00eda. <\/p>\n<pre class=\"wp-block-code\"> <code class=\"language-visual-basic\" lang=\"visual-basic\">ActiveSheet.UsedRange.EntireColumn.AutoFit ActiveSheet.UsedRange.EntireRow.AutoFit<\/code><\/pre>\n<div class=\"wp-block-image\">\n<figure class=\"aligncenter size-large is-resized\"><img loading=\"lazy\" decoding=\"async\" class=\"wp-image-51718\" src=\"https:\/\/exceladvisor.org\/wp-content\/uploads\/2023\/08\/5-plage-dutilisation-dajustement-automatique.png\" sizes=\"auto, \" srcset=\"\" alt=\"rango de uso de ajuste autom\u00e1tico\" width=\"479\" height=\"176\"><\/figure>\n<\/div>\n<p> Y si quieres usar una hoja de c\u00e1lculo espec\u00edfica, el c\u00f3digo ser\u00eda. <\/p>\n<pre class=\"wp-block-code\"> <code class=\"language-visual-basic\" lang=\"visual-basic\">Worksheets(\"Sheet1\").UsedRange.EntireColumn.AutoFit Worksheets(\"Sheet1\").UsedRange.EntireRow.AutoFit<\/code><\/pre>\n<div class=\"wp-block-image\">\n<figure class=\"aligncenter size-large is-resized\"><img loading=\"lazy\" decoding=\"async\" class=\"wp-image-51719\" src=\"https:\/\/exceladvisor.org\/wp-content\/uploads\/2023\/08\/6-ajustement-automatique-du-code-de-plage-utilise.png\" sizes=\"auto, \" srcset=\"\" alt=\"c\u00f3digo de rango usado de ajuste autom\u00e1tico\" width=\"512\" height=\"174\"><\/figure>\n<\/div>\n<h2 class=\"wp-block-heading\"> Ajustar autom\u00e1ticamente toda la hoja de trabajo<\/h2>\n<p> Y si desea hacer referencia a todas las columnas y filas de la hoja de trabajo, puede utilizar la propiedad \u00abCELULAS\u00bb. Aqu\u00ed est\u00e1 el c\u00f3digo. <\/p>\n<pre class=\"wp-block-code\"> <code class=\"language-visual-basic\" lang=\"visual-basic\">Worksheets(\"Sheet1\").Cells.EntireColumn.AutoFit Worksheets(\"Sheet1\").Cells.EntireRow.AutoFit<\/code><\/pre>\n<div class=\"wp-block-image\">\n<figure class=\"aligncenter size-large is-resized\"><img loading=\"lazy\" decoding=\"async\" class=\"wp-image-51720\" src=\"https:\/\/exceladvisor.org\/wp-content\/uploads\/2023\/08\/7-ajustement-automatique-de-la-feuille-de-travail-entiere.png\" sizes=\"auto, \" srcset=\"\" alt=\"ajustar autom\u00e1ticamente toda la hoja de trabajo\" width=\"478\" height=\"189\"><\/figure>\n<\/div>\n<p> O tambi\u00e9n puede usar <a href=\"https:\/\/exceladvisor.org\/es\/con\/\">la instrucci\u00f3n CON de VBA<\/a> para escribir c\u00f3digo como el siguiente. <\/p>\n<pre class=\"wp-block-code\"> <code class=\"language-visual-basic\" lang=\"visual-basic\">With Worksheets(\"Sheet1\").Cells .EntireColumn.AutoFit .EntireRow.AutoFit End With<\/code><\/pre>\n<div class=\"wp-block-image\">\n<figure class=\"aligncenter size-large is-resized\"><img loading=\"lazy\" decoding=\"async\" class=\"wp-image-51721\" src=\"https:\/\/exceladvisor.org\/wp-content\/uploads\/2023\/08\/8-ajustement-automatique-du-code-de-la-feuille-de-calcul-entiere.png\" sizes=\"auto, \" srcset=\"\" alt=\"c\u00f3digo-hoja-de-trabajo-entero-de-ajuste-autom\u00e1tico\" width=\"377\" height=\"223\"><\/figure>\n<\/div>\n<div class=\"gb-container gb-container-4db6181c gb-container-mt\"> <a class=\"gb-button gb-button-c5897111 gb-button-text gb-button-mt-button\" href=\"https:\/\/exceladvisor.org\/es\/vba\/\">\u00bfQu\u00e9 es VBA?<\/a><\/p>\n<h2 class=\"gb-headline gb-headline-665e5f6b gb-headline-text gb-headline-mt-heading\"> Tutoriales relacionados <\/h2>\n<div class=\"gb-grid-wrapper gb-grid-wrapper-a20baf7c gb-grid-wrapper-mt-grid\">\n<div class=\"gb-grid-column gb-grid-column-65ddf67e\">\n<div class=\"gb-container gb-container-65ddf67e\">\n<ul>\n<li> <a href=\"https:\/\/exceladvisor.org\/es\/numero-de-lineas\/\">Contar filas usando VBA en Excel<\/a><\/li>\n<li> <a href=\"https:\/\/exceladvisor.org\/es\/fuente-de-caracteres\/\">Fuente Excel VBA (color, tama\u00f1o, tipo y negrita)<\/a><\/li>\n<li> <a href=\"https:\/\/exceladvisor.org\/es\/ocultar-mostrar-fila-de-columna\/\">Excel VBA Ocultar y mostrar una columna o fila<\/a><\/li>\n<li> <a href=\"https:\/\/exceladvisor.org\/es\/rango-1\/\">Rango de Excel VBA: trabajar con rango y celdas<\/a><\/li>\n<li> <a href=\"https:\/\/exceladvisor.org\/es\/fronteras\/\">Aplicar bordes a una celda usando VBA en Excel<\/a> <\/li>\n<\/ul>\n<\/div>\n<\/div>\n<div class=\"gb-grid-column gb-grid-column-50067b57\">\n<div class=\"gb-container gb-container-50067b57\"><\/div>\n<\/div>\n<\/div>\n<\/div>\n","protected":false},"excerpt":{"rendered":"<p>Puntos clave En VBA, puede utilizar el m\u00e9todo AutoFit para ajustar autom\u00e1ticamente filas, columnas e incluso una hoja de trabajo completa. Debe especificar el rango y luego puede utilizar el m\u00e9todo AutoFit. Autoajustar una columna Digamos que desea ajustar autom\u00e1ticamente la columna A, el c\u00f3digo ser\u00eda similar al siguiente: Range(\u00abA1\u00bb).EntireColumn.AutoFit En la l\u00ednea de c\u00f3digo [&hellip;]<\/p>\n","protected":false},"author":1,"featured_media":0,"parent":0,"menu_order":0,"comment_status":"open","ping_status":"closed","template":"","meta":{"ub_ctt_via":"","footnotes":""},"class_list":["post-716","page","type-page","status-publish","hentry"],"featured_image_src":null,"yoast_head":"<!-- This site is optimized with the Yoast SEO plugin v25.4 - https:\/\/yoast.com\/wordpress\/plugins\/seo\/ -->\n<title>\u00bfc\u00f3mo ajustar autom\u00e1ticamente filas\/columnas en vba?<\/title>\n<meta name=\"robots\" content=\"index, follow, max-snippet:-1, max-image-preview:large, max-video-preview:-1\" \/>\n<link rel=\"canonical\" href=\"https:\/\/exceladvisor.org\/es\/ajuste-automatico-1\/\" \/>\n<meta property=\"og:locale\" content=\"es_ES\" \/>\n<meta property=\"og:type\" content=\"article\" \/>\n<meta property=\"og:title\" content=\"\u00bfc\u00f3mo ajustar autom\u00e1ticamente filas\/columnas en vba?\" \/>\n<meta property=\"og:description\" content=\"Puntos clave En VBA, puede utilizar el m\u00e9todo AutoFit para ajustar autom\u00e1ticamente filas, columnas e incluso una hoja de trabajo completa. Debe especificar el rango y luego puede utilizar el m\u00e9todo AutoFit. Autoajustar una columna Digamos que desea ajustar autom\u00e1ticamente la columna A, el c\u00f3digo ser\u00eda similar al siguiente: Range(&quot;A1&quot;).EntireColumn.AutoFit En la l\u00ednea de c\u00f3digo [&hellip;]\" \/>\n<meta property=\"og:url\" content=\"https:\/\/exceladvisor.org\/es\/ajuste-automatico-1\/\" \/>\n<meta property=\"og:site_name\" content=\"Excel Advisor\" \/>\n<meta property=\"article:modified_time\" content=\"2023-12-25T10:23:19+00:00\" \/>\n<meta property=\"og:image\" content=\"https:\/\/exceladvisor.org\/wp-content\/uploads\/2023\/08\/1-vba-sadapte-automatiquement-a-une-colonne.png\" \/>\n<meta name=\"twitter:card\" content=\"summary_large_image\" \/>\n<meta name=\"twitter:label1\" content=\"Tiempo de lectura\" \/>\n\t<meta name=\"twitter:data1\" content=\"2 minutos\" \/>\n<script type=\"application\/ld+json\" class=\"yoast-schema-graph\">{\"@context\":\"https:\/\/schema.org\",\"@graph\":[{\"@type\":\"WebPage\",\"@id\":\"https:\/\/exceladvisor.org\/es\/ajuste-automatico-1\/\",\"url\":\"https:\/\/exceladvisor.org\/es\/ajuste-automatico-1\/\",\"name\":\"\u00bfc\u00f3mo ajustar autom\u00e1ticamente filas\/columnas en vba?\",\"isPartOf\":{\"@id\":\"https:\/\/exceladvisor.org\/es\/#website\"},\"primaryImageOfPage\":{\"@id\":\"https:\/\/exceladvisor.org\/es\/ajuste-automatico-1\/#primaryimage\"},\"image\":{\"@id\":\"https:\/\/exceladvisor.org\/es\/ajuste-automatico-1\/#primaryimage\"},\"thumbnailUrl\":\"https:\/\/exceladvisor.org\/wp-content\/uploads\/2023\/08\/1-vba-sadapte-automatiquement-a-une-colonne.png\",\"datePublished\":\"2023-09-25T16:20:45+00:00\",\"dateModified\":\"2023-12-25T10:23:19+00:00\",\"breadcrumb\":{\"@id\":\"https:\/\/exceladvisor.org\/es\/ajuste-automatico-1\/#breadcrumb\"},\"inLanguage\":\"es\",\"potentialAction\":[{\"@type\":\"ReadAction\",\"target\":[\"https:\/\/exceladvisor.org\/es\/ajuste-automatico-1\/\"]}]},{\"@type\":\"ImageObject\",\"inLanguage\":\"es\",\"@id\":\"https:\/\/exceladvisor.org\/es\/ajuste-automatico-1\/#primaryimage\",\"url\":\"https:\/\/exceladvisor.org\/wp-content\/uploads\/2023\/08\/1-vba-sadapte-automatiquement-a-une-colonne.png\",\"contentUrl\":\"https:\/\/exceladvisor.org\/wp-content\/uploads\/2023\/08\/1-vba-sadapte-automatiquement-a-une-colonne.png\"},{\"@type\":\"BreadcrumbList\",\"@id\":\"https:\/\/exceladvisor.org\/es\/ajuste-automatico-1\/#breadcrumb\",\"itemListElement\":[{\"@type\":\"ListItem\",\"position\":1,\"name\":\"Hogar\",\"item\":\"https:\/\/exceladvisor.org\/es\/\"},{\"@type\":\"ListItem\",\"position\":2,\"name\":\"\u00bfc\u00f3mo ajustar autom\u00e1ticamente filas\/columnas en vba?\"}]},{\"@type\":\"WebSite\",\"@id\":\"https:\/\/exceladvisor.org\/es\/#website\",\"url\":\"https:\/\/exceladvisor.org\/es\/\",\"name\":\"Excel Advisor\",\"description\":\"Su gu\u00eda para la dominaci\u00f3n de datos!\",\"publisher\":{\"@id\":\"https:\/\/exceladvisor.org\/es\/#organization\"},\"potentialAction\":[{\"@type\":\"SearchAction\",\"target\":{\"@type\":\"EntryPoint\",\"urlTemplate\":\"https:\/\/exceladvisor.org\/es\/?s={search_term_string}\"},\"query-input\":{\"@type\":\"PropertyValueSpecification\",\"valueRequired\":true,\"valueName\":\"search_term_string\"}}],\"inLanguage\":\"es\"},{\"@type\":\"Organization\",\"@id\":\"https:\/\/exceladvisor.org\/es\/#organization\",\"name\":\"Excel Advisor\",\"url\":\"https:\/\/exceladvisor.org\/es\/\",\"logo\":{\"@type\":\"ImageObject\",\"inLanguage\":\"es\",\"@id\":\"https:\/\/exceladvisor.org\/es\/#\/schema\/logo\/image\/\",\"url\":\"https:\/\/exceladvisor.org\/es\/wp-content\/uploads\/2023\/12\/exceladvisor.org_.png\",\"contentUrl\":\"https:\/\/exceladvisor.org\/es\/wp-content\/uploads\/2023\/12\/exceladvisor.org_.png\",\"width\":105,\"height\":36,\"caption\":\"Excel Advisor\"},\"image\":{\"@id\":\"https:\/\/exceladvisor.org\/es\/#\/schema\/logo\/image\/\"}}]}<\/script>\n<!-- \/ Yoast SEO plugin. -->","yoast_head_json":{"title":"\u00bfc\u00f3mo ajustar autom\u00e1ticamente filas\/columnas en vba?","robots":{"index":"index","follow":"follow","max-snippet":"max-snippet:-1","max-image-preview":"max-image-preview:large","max-video-preview":"max-video-preview:-1"},"canonical":"https:\/\/exceladvisor.org\/es\/ajuste-automatico-1\/","og_locale":"es_ES","og_type":"article","og_title":"\u00bfc\u00f3mo ajustar autom\u00e1ticamente filas\/columnas en vba?","og_description":"Puntos clave En VBA, puede utilizar el m\u00e9todo AutoFit para ajustar autom\u00e1ticamente filas, columnas e incluso una hoja de trabajo completa. Debe especificar el rango y luego puede utilizar el m\u00e9todo AutoFit. Autoajustar una columna Digamos que desea ajustar autom\u00e1ticamente la columna A, el c\u00f3digo ser\u00eda similar al siguiente: Range(\"A1\").EntireColumn.AutoFit En la l\u00ednea de c\u00f3digo [&hellip;]","og_url":"https:\/\/exceladvisor.org\/es\/ajuste-automatico-1\/","og_site_name":"Excel Advisor","article_modified_time":"2023-12-25T10:23:19+00:00","og_image":[{"url":"https:\/\/exceladvisor.org\/wp-content\/uploads\/2023\/08\/1-vba-sadapte-automatiquement-a-une-colonne.png","type":"","width":"","height":""}],"twitter_card":"summary_large_image","twitter_misc":{"Tiempo de lectura":"2 minutos"},"schema":{"@context":"https:\/\/schema.org","@graph":[{"@type":"WebPage","@id":"https:\/\/exceladvisor.org\/es\/ajuste-automatico-1\/","url":"https:\/\/exceladvisor.org\/es\/ajuste-automatico-1\/","name":"\u00bfc\u00f3mo ajustar autom\u00e1ticamente filas\/columnas en vba?","isPartOf":{"@id":"https:\/\/exceladvisor.org\/es\/#website"},"primaryImageOfPage":{"@id":"https:\/\/exceladvisor.org\/es\/ajuste-automatico-1\/#primaryimage"},"image":{"@id":"https:\/\/exceladvisor.org\/es\/ajuste-automatico-1\/#primaryimage"},"thumbnailUrl":"https:\/\/exceladvisor.org\/wp-content\/uploads\/2023\/08\/1-vba-sadapte-automatiquement-a-une-colonne.png","datePublished":"2023-09-25T16:20:45+00:00","dateModified":"2023-12-25T10:23:19+00:00","breadcrumb":{"@id":"https:\/\/exceladvisor.org\/es\/ajuste-automatico-1\/#breadcrumb"},"inLanguage":"es","potentialAction":[{"@type":"ReadAction","target":["https:\/\/exceladvisor.org\/es\/ajuste-automatico-1\/"]}]},{"@type":"ImageObject","inLanguage":"es","@id":"https:\/\/exceladvisor.org\/es\/ajuste-automatico-1\/#primaryimage","url":"https:\/\/exceladvisor.org\/wp-content\/uploads\/2023\/08\/1-vba-sadapte-automatiquement-a-une-colonne.png","contentUrl":"https:\/\/exceladvisor.org\/wp-content\/uploads\/2023\/08\/1-vba-sadapte-automatiquement-a-une-colonne.png"},{"@type":"BreadcrumbList","@id":"https:\/\/exceladvisor.org\/es\/ajuste-automatico-1\/#breadcrumb","itemListElement":[{"@type":"ListItem","position":1,"name":"Hogar","item":"https:\/\/exceladvisor.org\/es\/"},{"@type":"ListItem","position":2,"name":"\u00bfc\u00f3mo ajustar autom\u00e1ticamente filas\/columnas en vba?"}]},{"@type":"WebSite","@id":"https:\/\/exceladvisor.org\/es\/#website","url":"https:\/\/exceladvisor.org\/es\/","name":"Excel Advisor","description":"Su gu\u00eda para la dominaci\u00f3n de datos!","publisher":{"@id":"https:\/\/exceladvisor.org\/es\/#organization"},"potentialAction":[{"@type":"SearchAction","target":{"@type":"EntryPoint","urlTemplate":"https:\/\/exceladvisor.org\/es\/?s={search_term_string}"},"query-input":{"@type":"PropertyValueSpecification","valueRequired":true,"valueName":"search_term_string"}}],"inLanguage":"es"},{"@type":"Organization","@id":"https:\/\/exceladvisor.org\/es\/#organization","name":"Excel Advisor","url":"https:\/\/exceladvisor.org\/es\/","logo":{"@type":"ImageObject","inLanguage":"es","@id":"https:\/\/exceladvisor.org\/es\/#\/schema\/logo\/image\/","url":"https:\/\/exceladvisor.org\/es\/wp-content\/uploads\/2023\/12\/exceladvisor.org_.png","contentUrl":"https:\/\/exceladvisor.org\/es\/wp-content\/uploads\/2023\/12\/exceladvisor.org_.png","width":105,"height":36,"caption":"Excel Advisor"},"image":{"@id":"https:\/\/exceladvisor.org\/es\/#\/schema\/logo\/image\/"}}]}},"yoast_meta":{"yoast_wpseo_title":"","yoast_wpseo_metadesc":"","yoast_wpseo_canonical":""},"_links":{"self":[{"href":"https:\/\/exceladvisor.org\/es\/wp-json\/wp\/v2\/pages\/716","targetHints":{"allow":["GET"]}}],"collection":[{"href":"https:\/\/exceladvisor.org\/es\/wp-json\/wp\/v2\/pages"}],"about":[{"href":"https:\/\/exceladvisor.org\/es\/wp-json\/wp\/v2\/types\/page"}],"author":[{"embeddable":true,"href":"https:\/\/exceladvisor.org\/es\/wp-json\/wp\/v2\/users\/1"}],"replies":[{"embeddable":true,"href":"https:\/\/exceladvisor.org\/es\/wp-json\/wp\/v2\/comments?post=716"}],"version-history":[{"count":1,"href":"https:\/\/exceladvisor.org\/es\/wp-json\/wp\/v2\/pages\/716\/revisions"}],"predecessor-version":[{"id":835,"href":"https:\/\/exceladvisor.org\/es\/wp-json\/wp\/v2\/pages\/716\/revisions\/835"}],"wp:attachment":[{"href":"https:\/\/exceladvisor.org\/es\/wp-json\/wp\/v2\/media?parent=716"}],"curies":[{"name":"wp","href":"https:\/\/api.w.org\/{rel}","templated":true}]}}