{"id":718,"date":"2023-09-25T14:20:37","date_gmt":"2023-09-25T14:20:37","guid":{"rendered":"https:\/\/exceladvisor.org\/es\/color-de-celda\/"},"modified":"2023-12-25T10:23:24","modified_gmt":"2023-12-25T10:23:24","slug":"color-de-celda","status":"publish","type":"page","link":"https:\/\/exceladvisor.org\/es\/color-de-celda\/","title":{"rendered":"\u00bfc\u00f3mo aplicar color de fondo en excel?"},"content":{"rendered":"<div class=\"excel-antes-del-contenido\" id=\"excel-3762824105\"><script type=\"text\/javascript\">\r\n\tatOptions = {\r\n\t\t'key' : 'c1158f160081d6540a8409e6925dab94',\r\n\t\t'format' : 'iframe',\r\n\t\t'height' : 250,\r\n\t\t'width' : 300,\r\n\t\t'params' : {}\r\n\t};\r\n<\/script>\r\n<script type=\"text\/javascript\" src=\"\/\/www.highperformanceformat.com\/c1158f160081d6540a8409e6925dab94\/invoke.js\"><\/script><\/div><p>Como sabes, el blanco es el color de fondo predeterminado en Excel y la mayor\u00eda de las veces, para resaltar una celda o un rango de celdas, los usuarios prefieren aplicar el color de fondo a las celdas.<\/p>\n<p> En Excel, el color de fondo se puede aplicar de varias maneras, como usando la opci\u00f3n \u00abColor de relleno\u00bb o aplicando diferentes tipos de condiciones usando la opci\u00f3n \u00abFormato condicional\u00bb y muchas otras.<\/p>\n<p> El color de fondo una vez aplicado a las celdas o a la hoja usando la opci\u00f3n \u201cColor de relleno\u201d no cambiar\u00e1 con el cambio del valor de la celda; sin embargo, usando la opci\u00f3n \u201cFormato condicional\u201d, el color de las celdas cambia con la modificaci\u00f3n de la celda. valor dependiendo de las condiciones aplicadas.<\/p>\n<p> Hemos mencionado algunos pasos r\u00e1pidos y sencillos para aplicar color de fondo en Excel.<\/p>\n<h2 class=\"wp-block-heading\"> Aplicar color de fondo usando la opci\u00f3n Color de relleno<\/h2>\n<ul>\n<li> Primero, seleccione la celda o el rango de celdas o la hoja completa para aplicar el color de fondo a la celda o al rango de celdas o a la hoja completa, respectivamente.<\/li>\n<li> Despu\u00e9s de eso, vaya a la pesta\u00f1a \u00abInicio\u00bb, luego haga clic en la flecha desplegable \u00abColor de relleno\u00bb y seleccione el color que desea aplicar. <br \/><img loading=\"lazy\" decoding=\"async\" title=\"Opci\u00f3n 1 color de relleno\" src=\"https:\/\/exceladvisor.org\/wp-content\/uploads\/2023\/08\/1-option-de-couleur-de-remplissage.png\" sizes=\"auto, \" srcset=\"\" alt=\"fill-color-option\" width=\"407\" height=\"340\"><\/li>\n<li> Una vez que seleccione el color, obtendr\u00e1 las celdas seleccionadas o el rango de celdas o la hoja completa resaltada con el color seleccionado.<\/li>\n<\/ul>\n<h2 class=\"wp-block-heading\"> Aplicar color de fondo seg\u00fan los valores de celda usando formato condicional<\/h2>\n<p> Al utilizar el formato condicional, los usuarios pueden aplicar colores de fondo a las celdas en funci\u00f3n de una o m\u00e1s condiciones al mismo tiempo, como valor mayor que, valor menor que, valores iguales a, valores duplicados, texto en la celda, etc.<\/p>\n<p> Y cada vez que se actualiza el valor de la celda, el color de la celda cambia autom\u00e1ticamente seg\u00fan las condiciones especificadas.<\/p>\n<ul>\n<li> Primero, seleccione la hoja completa o un rango de celdas donde desea aplicar el formato de color de fondo, luego vaya a la pesta\u00f1a \u00abInicio\u00bb.<\/li>\n<li> Despu\u00e9s de eso, haga clic en la flecha desplegable \u00abFormato condicional\u00bb, luego haga clic en \u00abReglas de resaltado de celdas\u00bb y luego haga clic en la opci\u00f3n \u00abM\u00e1s reglas\u00bb. <br \/><img loading=\"lazy\" decoding=\"async\" title=\"2-colores-de-fondo-usando-formato-condicional\" src=\"https:\/\/exceladvisor.org\/wp-content\/uploads\/2023\/08\/2-couleurs-darriere-plan-utilisant-la-mise-en-forme-conditionnelle.png\" sizes=\"auto, \" srcset=\"\" alt=\"background-color-using-conditional-formatting\" width=\"597\" height=\"338\"><\/li>\n<li> Una vez que haga clic en \u00abM\u00e1s reglas\u00bb, se abre el cuadro de di\u00e1logo \u00abNueva regla de formato\u00bb. <br \/><img loading=\"lazy\" decoding=\"async\" title=\"3-nuevo-di\u00e1logo-de-regla-de-formato\" src=\"https:\/\/exceladvisor.org\/wp-content\/uploads\/2023\/08\/3-nouvelle-boite-de-dialogue-de-regle-de-formatage.png\" sizes=\"auto, \" srcset=\"\" alt=\"new-formatting-rule-dialog-box\" width=\"486\" height=\"355\"><\/li>\n<li> Ahora seleccione el tipo de regla \u00abFormatear solo las celdas que contienen\u00bb, luego seleccione la condici\u00f3n de formato que desea aplicar, luego ingrese el valor y luego haga clic en el bot\u00f3n \u00abFormato\u00bb. <br \/><img loading=\"lazy\" decoding=\"async\" title=\"condici\u00f3n de 4 formatos\" src=\"https:\/\/exceladvisor.org\/wp-content\/uploads\/2023\/08\/4-conditions-de-formatage.png\" sizes=\"auto, \" srcset=\"\" alt=\"formatting-condition\" width=\"488\" height=\"360\"><\/li>\n<li> Ahora, en el cuadro de di\u00e1logo \u00abFormato de celdas\u00bb, seleccione el encabezado \u00abRelleno\u00bb, luego elija el color que desea aplicar y luego haga clic en Aceptar. <br \/><img loading=\"lazy\" decoding=\"async\" title=\"Cuadro de di\u00e1logo de 5 celdas de formato\" src=\"https:\/\/exceladvisor.org\/wp-content\/uploads\/2023\/08\/5-boite-de-dialogue-formater-les-cellules-2.png\" sizes=\"auto, \" srcset=\"\" alt=\"format-cells-dialog-box\" width=\"473\" height=\"418\"><\/li>\n<li> Una vez que haga clic en Aceptar, volver\u00e1 al cuadro de di\u00e1logo \u00abNueva regla de formato\u00bb, donde ahora podr\u00e1 ver la vista previa del color seleccionado.<\/li>\n<li> Al final, haga clic en Aceptar. <br \/><img loading=\"lazy\" decoding=\"async\" title=\"6-clic-aceptar-formato\" src=\"https:\/\/exceladvisor.org\/wp-content\/uploads\/2023\/08\/6-clic-ok-formatage.png\" sizes=\"auto, \" srcset=\"\" alt=\"click-ok-formatting\" width=\"676\" height=\"321\"><\/li>\n<li> En este punto, las celdas del rango seleccionado se resaltar\u00e1n con el color de fondo seg\u00fan la condici\u00f3n aplicada. <br \/><img loading=\"lazy\" decoding=\"async\" title=\"7-colores-de-fondo-aplicados\" src=\"https:\/\/exceladvisor.org\/wp-content\/uploads\/2023\/08\/7-couleurs-de-fond-appliquees.png\" sizes=\"auto, \" srcset=\"\" alt=\"applied-background-color\" width=\"294\" height=\"271\"><\/li>\n<\/ul>\n<p> En el ejemplo anterior, hemos seleccionado la condici\u00f3n \u00abMayor o igual que\u00bb con un valor base de \u00ab10000\u00bb y un color verde. Por lo tanto, todas las celdas con un valor de 10000 o m\u00e1s se resaltaron con el color de fondo verde.<\/p>\n<p> Para aplicar m\u00e1s condiciones de formato de color en el mismo rango, los usuarios deben seguir los mismos pasos y solo deben aplicar la segunda condici\u00f3n junto con la primera que creamos anteriormente.<\/p>\n<ul>\n<li> Nuevamente, seleccione el rango de celdas y navegue hasta el cuadro de di\u00e1logo \u00abNueva regla de formato\u00bb siguiendo los mismos pasos mencionados anteriormente.<\/li>\n<li> Ahora seleccione la nueva condici\u00f3n nuevamente con el valor, luego haga clic en el bot\u00f3n \u00abFormato\u00bb para seleccionar el color y haga clic en Aceptar. <br \/><img loading=\"lazy\" decoding=\"async\" title=\"8-seleccionar-condici\u00f3n-de-formato\" src=\"https:\/\/exceladvisor.org\/wp-content\/uploads\/2023\/08\/8-selectionner-la-condition-de-formatage.png\" sizes=\"auto, \" srcset=\"\" alt=\"select-formatting-condition\" width=\"515\" height=\"376\"><\/li>\n<li> En este punto, se aplicar\u00e1 el nuevo color de fondo adicional a las celdas seg\u00fan la segunda condici\u00f3n aplicada. <br \/><img loading=\"lazy\" decoding=\"async\" title=\"9-colores-de-fondo-para-celdas\" src=\"https:\/\/exceladvisor.org\/wp-content\/uploads\/2023\/08\/9-couleurs-de-fond-pour-les-cellules.png\" sizes=\"auto, \" srcset=\"\" alt=\"background-colors-to-the-cells\" width=\"269\" height=\"245\"><\/li>\n<\/ul>\n<p> Ahora puedes ver los dos colores diferentes seg\u00fan las dos condiciones que hab\u00edamos aplicado.<\/p>\n<p> Y de la misma manera, puedes aplicar m\u00e1s condiciones al mismo rango como resaltar el color de fondo con las celdas iguales a cero (0), y en este caso necesitas aplicar la nueva condici\u00f3n \u00abIgual a\u00bb con el valor ingresado como cero (0).<\/p>\n<p> Donde obtendr\u00e1s las celdas con valor cero resaltadas con el color de fondo que seleccionar\u00e1s al aplicar la condici\u00f3n.<\/p>\n<h2 class=\"wp-block-heading\"> Aplicar color de fondo a celdas especiales usando formato condicional<\/h2>\n<p> Las celdas especiales aqu\u00ed se refieren a celdas en blanco o en blanco sin datos o celdas con errores de f\u00f3rmula.<\/p>\n<ol>\n<li> Primero, seleccione el rango de celdas o la tabla completa o la hoja completa si desea aplicar un color de fondo a las celdas especiales de un rango de celdas en particular o a toda la tabla o a la hoja completa, respectivamente. <br \/><img loading=\"lazy\" decoding=\"async\" title=\"10-colores-de-fondo-para-celdas-especiales\" src=\"https:\/\/exceladvisor.org\/wp-content\/uploads\/2023\/08\/10-couleurs-darriere-plan-pour-les-cellules-speciales.png\" sizes=\"auto, \" srcset=\"\" alt=\"background-color-to-special-cells\" width=\"331\" height=\"176\"><\/li>\n<li> Despu\u00e9s de eso, vaya a \u00abFormato condicional\u00bb, luego haga clic en \u00abNueva regla\u00bb y abra el cuadro de di\u00e1logo \u00abNueva regla de formato\u00bb.<\/li>\n<li> Ahora, haga clic en la flecha desplegable izquierda y seleccione la opci\u00f3n \u00abEn blanco\u00bb o \u00abErrores\u00bb para aplicar el color de fondo a celdas vac\u00edas o con errores. <br \/><img loading=\"lazy\" decoding=\"async\" title=\"11-seleccione-opci\u00f3n-vac\u00eda\" src=\"https:\/\/exceladvisor.org\/wp-content\/uploads\/2023\/08\/11-selectionnez-loption-vierge.png\" sizes=\"auto, \" srcset=\"\" alt=\"select-the-blank-option\" width=\"538\" height=\"331\"><\/li>\n<li> Una vez que haya terminado de seleccionar el tipo de celda de formato como \u00abEn blanco\u00bb o cualquier otro tipo seg\u00fan las celdas a las que desea aplicar color, haga clic en el bot\u00f3n \u00abFormato\u00bb y seleccione el tipo de color.<\/li>\n<li> Al final, haga clic en Aceptar. <br \/><img loading=\"lazy\" decoding=\"async\" title=\"12 tipos de colores seleccionados\" src=\"https:\/\/exceladvisor.org\/wp-content\/uploads\/2023\/08\/12-selectionnez-le-type-de-couleur.png\" sizes=\"auto, \" srcset=\"\" alt=\"select-the-color-type\" width=\"346\" height=\"347\"><\/li>\n<li> En este punto, obtendr\u00e1s las celdas del rango, tabla u hojas seleccionadas resaltadas con el color seg\u00fan la condici\u00f3n aplicada. <br \/><img loading=\"lazy\" decoding=\"async\" title=\"13-celdas-vacias-color-de-fondo1\" src=\"https:\/\/exceladvisor.org\/wp-content\/uploads\/2023\/08\/13-cellules-vides-couleur-de-fond1.png\" sizes=\"auto, \" srcset=\"\" alt=\"blank-cells-background-color\" width=\"351\" height=\"189\"><\/li>\n<\/ol>\n<h2 class=\"wp-block-heading\"> Aplicar color de fondo usando estilos de celda<\/h2>\n<ol>\n<li> Primero, seleccione el rango de celdas o la tabla completa o la hoja completa si desea aplicar un color de fondo a las celdas especiales de un rango de celdas en particular o a toda la tabla o a la hoja completa, respectivamente.<\/li>\n<li> Despu\u00e9s de eso, vaya a la pesta\u00f1a \u00abInicio\u00bb, luego haga clic en el icono \u00abEstilos de celda\u00bb, luego seleccione el estilo de color de fondo que desea aplicar.<\/li>\n<li> En este ejemplo, hemos seleccionado el color \u00abNeutral\u00bb para la tabla seleccionada. <br \/><img loading=\"lazy\" decoding=\"async\" title=\"14-colores-de-fondo-usando-estilos-de-celda\" src=\"https:\/\/exceladvisor.org\/wp-content\/uploads\/2023\/08\/14-couleurs-darriere-plan-a-laide-de-styles-de-cellule.png\" sizes=\"auto, \" srcset=\"\" alt=\"background-color-using-cell-styles\" width=\"800\" height=\"373\"><\/li>\n<li> Una vez que seleccione el color, obtendr\u00e1 las celdas, rango, tabla u hoja seleccionada con ese color. <br \/><img loading=\"lazy\" decoding=\"async\" title=\"15 filas con color de fondo\" src=\"https:\/\/exceladvisor.org\/wp-content\/uploads\/2023\/08\/15-gamme-avec-couleur-de-fond.png\" sizes=\"auto, \" srcset=\"\" alt=\"range-with-background-color\" width=\"361\" height=\"196\"><\/li>\n<\/ol>\n<p> En Excel, hay varias formas de aplicar un color de fondo a la celda o a toda la hoja, pero todo depende de tus necesidades.<\/p>\n<p> Si desea que el color una vez aplicado no cambie con un cambio en el valor de la celda, simplemente puede usar la opci\u00f3n \u00abColor de relleno\u00bb o Formato de celdas \u00abo Estilos de celda\u00bb.<\/p>\n<p> Pero si desea que los colores de su celda sean din\u00e1micos, significa que el color cambiar\u00e1 autom\u00e1ticamente con el cambio del valor de la celda y, dependiendo de las condiciones aplicadas, puede usar la opci\u00f3n \u00abFormato condicional\u00bb en este caso.<\/p>\n<div class=\"gb-container gb-container-4db6181c gb-container-mt\"> <a class=\"gb-button gb-button-c5897111 gb-button-text gb-button-mt-button\" href=\"https:\/\/exceladvisor.org\/es\/conceptos-basicos-de-excel\/\">Conceptos b\u00e1sicos de Microsoft Excel (componentes, piezas y notas de conocimiento)<\/a><\/p>\n<h2 class=\"gb-headline gb-headline-665e5f6b gb-headline-text gb-headline-mt-heading\"> Tutoriales relacionados <\/h2>\n<div class=\"gb-grid-wrapper gb-grid-wrapper-a20baf7c gb-grid-wrapper-mt-grid\">\n<div class=\"gb-grid-column gb-grid-column-65ddf67e\">\n<div class=\"gb-container gb-container-65ddf67e\">\n<ul>\n<li> <a href=\"https:\/\/exceladvisor.org\/es\/formato-del-numero-de-contabilidad\/\">Aplicar formato de n\u00famero contable en Excel<\/a><\/li>\n<li> <a href=\"https:\/\/exceladvisor.org\/es\/la-cuadricula\/\">Imprima l\u00edneas de cuadr\u00edcula de Excel (elimine, acorte y cambie de color)<\/a><\/li>\n<li> <a href=\"https:\/\/exceladvisor.org\/es\/agregar-un-numero-de-pagina\/\">Agregar un n\u00famero de p\u00e1gina en Excel<\/a><\/li>\n<li> <a href=\"https:\/\/exceladvisor.org\/es\/aplicar-estilo-de-coma\/\">Aplicar estilo coma en Excel<\/a><\/li>\n<li> <a href=\"https:\/\/exceladvisor.org\/es\/vara\/\">Aplicar tachado en Excel<\/a> <\/li>\n<\/ul>\n<\/div>\n<\/div>\n<div class=\"gb-grid-column gb-grid-column-50067b57\">\n<div class=\"gb-container gb-container-50067b57\"><\/div>\n<\/div>\n<\/div>\n<\/div>\n","protected":false},"excerpt":{"rendered":"<p>Como sabes, el blanco es el color de fondo predeterminado en Excel y la mayor\u00eda de las veces, para resaltar una celda o un rango de celdas, los usuarios prefieren aplicar el color de fondo a las celdas. En Excel, el color de fondo se puede aplicar de varias maneras, como usando la opci\u00f3n \u00abColor [&hellip;]<\/p>\n","protected":false},"author":1,"featured_media":0,"parent":0,"menu_order":0,"comment_status":"open","ping_status":"closed","template":"","meta":{"ub_ctt_via":"","footnotes":""},"class_list":["post-718","page","type-page","status-publish","hentry"],"featured_image_src":null,"yoast_head":"<!-- This site is optimized with the Yoast SEO plugin v25.4 - https:\/\/yoast.com\/wordpress\/plugins\/seo\/ -->\n<title>\u00bfc\u00f3mo aplicar color de fondo en excel?<\/title>\n<meta name=\"robots\" content=\"index, follow, max-snippet:-1, max-image-preview:large, max-video-preview:-1\" \/>\n<link rel=\"canonical\" href=\"https:\/\/exceladvisor.org\/es\/color-de-celda\/\" \/>\n<meta property=\"og:locale\" content=\"es_ES\" \/>\n<meta property=\"og:type\" content=\"article\" \/>\n<meta property=\"og:title\" content=\"\u00bfc\u00f3mo aplicar color de fondo en excel?\" \/>\n<meta property=\"og:description\" content=\"Como sabes, el blanco es el color de fondo predeterminado en Excel y la mayor\u00eda de las veces, para resaltar una celda o un rango de celdas, los usuarios prefieren aplicar el color de fondo a las celdas. En Excel, el color de fondo se puede aplicar de varias maneras, como usando la opci\u00f3n \u00abColor [&hellip;]\" \/>\n<meta property=\"og:url\" content=\"https:\/\/exceladvisor.org\/es\/color-de-celda\/\" \/>\n<meta property=\"og:site_name\" content=\"Excel Advisor\" \/>\n<meta property=\"article:modified_time\" content=\"2023-12-25T10:23:24+00:00\" \/>\n<meta property=\"og:image\" content=\"https:\/\/exceladvisor.org\/wp-content\/uploads\/2023\/08\/1-option-de-couleur-de-remplissage.png\" \/>\n<meta name=\"twitter:card\" content=\"summary_large_image\" \/>\n<meta name=\"twitter:label1\" content=\"Tiempo de lectura\" \/>\n\t<meta name=\"twitter:data1\" content=\"6 minutos\" \/>\n<script type=\"application\/ld+json\" class=\"yoast-schema-graph\">{\"@context\":\"https:\/\/schema.org\",\"@graph\":[{\"@type\":\"WebPage\",\"@id\":\"https:\/\/exceladvisor.org\/es\/color-de-celda\/\",\"url\":\"https:\/\/exceladvisor.org\/es\/color-de-celda\/\",\"name\":\"\u00bfc\u00f3mo aplicar color de fondo en excel?\",\"isPartOf\":{\"@id\":\"https:\/\/exceladvisor.org\/es\/#website\"},\"primaryImageOfPage\":{\"@id\":\"https:\/\/exceladvisor.org\/es\/color-de-celda\/#primaryimage\"},\"image\":{\"@id\":\"https:\/\/exceladvisor.org\/es\/color-de-celda\/#primaryimage\"},\"thumbnailUrl\":\"https:\/\/exceladvisor.org\/wp-content\/uploads\/2023\/08\/1-option-de-couleur-de-remplissage.png\",\"datePublished\":\"2023-09-25T14:20:37+00:00\",\"dateModified\":\"2023-12-25T10:23:24+00:00\",\"breadcrumb\":{\"@id\":\"https:\/\/exceladvisor.org\/es\/color-de-celda\/#breadcrumb\"},\"inLanguage\":\"es\",\"potentialAction\":[{\"@type\":\"ReadAction\",\"target\":[\"https:\/\/exceladvisor.org\/es\/color-de-celda\/\"]}]},{\"@type\":\"ImageObject\",\"inLanguage\":\"es\",\"@id\":\"https:\/\/exceladvisor.org\/es\/color-de-celda\/#primaryimage\",\"url\":\"https:\/\/exceladvisor.org\/wp-content\/uploads\/2023\/08\/1-option-de-couleur-de-remplissage.png\",\"contentUrl\":\"https:\/\/exceladvisor.org\/wp-content\/uploads\/2023\/08\/1-option-de-couleur-de-remplissage.png\"},{\"@type\":\"BreadcrumbList\",\"@id\":\"https:\/\/exceladvisor.org\/es\/color-de-celda\/#breadcrumb\",\"itemListElement\":[{\"@type\":\"ListItem\",\"position\":1,\"name\":\"Hogar\",\"item\":\"https:\/\/exceladvisor.org\/es\/\"},{\"@type\":\"ListItem\",\"position\":2,\"name\":\"\u00bfc\u00f3mo aplicar color de fondo en excel?\"}]},{\"@type\":\"WebSite\",\"@id\":\"https:\/\/exceladvisor.org\/es\/#website\",\"url\":\"https:\/\/exceladvisor.org\/es\/\",\"name\":\"Excel Advisor\",\"description\":\"Su gu\u00eda para la dominaci\u00f3n de datos!\",\"publisher\":{\"@id\":\"https:\/\/exceladvisor.org\/es\/#organization\"},\"potentialAction\":[{\"@type\":\"SearchAction\",\"target\":{\"@type\":\"EntryPoint\",\"urlTemplate\":\"https:\/\/exceladvisor.org\/es\/?s={search_term_string}\"},\"query-input\":{\"@type\":\"PropertyValueSpecification\",\"valueRequired\":true,\"valueName\":\"search_term_string\"}}],\"inLanguage\":\"es\"},{\"@type\":\"Organization\",\"@id\":\"https:\/\/exceladvisor.org\/es\/#organization\",\"name\":\"Excel Advisor\",\"url\":\"https:\/\/exceladvisor.org\/es\/\",\"logo\":{\"@type\":\"ImageObject\",\"inLanguage\":\"es\",\"@id\":\"https:\/\/exceladvisor.org\/es\/#\/schema\/logo\/image\/\",\"url\":\"https:\/\/exceladvisor.org\/es\/wp-content\/uploads\/2023\/12\/exceladvisor.org_.png\",\"contentUrl\":\"https:\/\/exceladvisor.org\/es\/wp-content\/uploads\/2023\/12\/exceladvisor.org_.png\",\"width\":105,\"height\":36,\"caption\":\"Excel Advisor\"},\"image\":{\"@id\":\"https:\/\/exceladvisor.org\/es\/#\/schema\/logo\/image\/\"}}]}<\/script>\n<!-- \/ Yoast SEO plugin. -->","yoast_head_json":{"title":"\u00bfc\u00f3mo aplicar color de fondo en excel?","robots":{"index":"index","follow":"follow","max-snippet":"max-snippet:-1","max-image-preview":"max-image-preview:large","max-video-preview":"max-video-preview:-1"},"canonical":"https:\/\/exceladvisor.org\/es\/color-de-celda\/","og_locale":"es_ES","og_type":"article","og_title":"\u00bfc\u00f3mo aplicar color de fondo en excel?","og_description":"Como sabes, el blanco es el color de fondo predeterminado en Excel y la mayor\u00eda de las veces, para resaltar una celda o un rango de celdas, los usuarios prefieren aplicar el color de fondo a las celdas. En Excel, el color de fondo se puede aplicar de varias maneras, como usando la opci\u00f3n \u00abColor [&hellip;]","og_url":"https:\/\/exceladvisor.org\/es\/color-de-celda\/","og_site_name":"Excel Advisor","article_modified_time":"2023-12-25T10:23:24+00:00","og_image":[{"url":"https:\/\/exceladvisor.org\/wp-content\/uploads\/2023\/08\/1-option-de-couleur-de-remplissage.png","type":"","width":"","height":""}],"twitter_card":"summary_large_image","twitter_misc":{"Tiempo de lectura":"6 minutos"},"schema":{"@context":"https:\/\/schema.org","@graph":[{"@type":"WebPage","@id":"https:\/\/exceladvisor.org\/es\/color-de-celda\/","url":"https:\/\/exceladvisor.org\/es\/color-de-celda\/","name":"\u00bfc\u00f3mo aplicar color de fondo en excel?","isPartOf":{"@id":"https:\/\/exceladvisor.org\/es\/#website"},"primaryImageOfPage":{"@id":"https:\/\/exceladvisor.org\/es\/color-de-celda\/#primaryimage"},"image":{"@id":"https:\/\/exceladvisor.org\/es\/color-de-celda\/#primaryimage"},"thumbnailUrl":"https:\/\/exceladvisor.org\/wp-content\/uploads\/2023\/08\/1-option-de-couleur-de-remplissage.png","datePublished":"2023-09-25T14:20:37+00:00","dateModified":"2023-12-25T10:23:24+00:00","breadcrumb":{"@id":"https:\/\/exceladvisor.org\/es\/color-de-celda\/#breadcrumb"},"inLanguage":"es","potentialAction":[{"@type":"ReadAction","target":["https:\/\/exceladvisor.org\/es\/color-de-celda\/"]}]},{"@type":"ImageObject","inLanguage":"es","@id":"https:\/\/exceladvisor.org\/es\/color-de-celda\/#primaryimage","url":"https:\/\/exceladvisor.org\/wp-content\/uploads\/2023\/08\/1-option-de-couleur-de-remplissage.png","contentUrl":"https:\/\/exceladvisor.org\/wp-content\/uploads\/2023\/08\/1-option-de-couleur-de-remplissage.png"},{"@type":"BreadcrumbList","@id":"https:\/\/exceladvisor.org\/es\/color-de-celda\/#breadcrumb","itemListElement":[{"@type":"ListItem","position":1,"name":"Hogar","item":"https:\/\/exceladvisor.org\/es\/"},{"@type":"ListItem","position":2,"name":"\u00bfc\u00f3mo aplicar color de fondo en excel?"}]},{"@type":"WebSite","@id":"https:\/\/exceladvisor.org\/es\/#website","url":"https:\/\/exceladvisor.org\/es\/","name":"Excel Advisor","description":"Su gu\u00eda para la dominaci\u00f3n de datos!","publisher":{"@id":"https:\/\/exceladvisor.org\/es\/#organization"},"potentialAction":[{"@type":"SearchAction","target":{"@type":"EntryPoint","urlTemplate":"https:\/\/exceladvisor.org\/es\/?s={search_term_string}"},"query-input":{"@type":"PropertyValueSpecification","valueRequired":true,"valueName":"search_term_string"}}],"inLanguage":"es"},{"@type":"Organization","@id":"https:\/\/exceladvisor.org\/es\/#organization","name":"Excel Advisor","url":"https:\/\/exceladvisor.org\/es\/","logo":{"@type":"ImageObject","inLanguage":"es","@id":"https:\/\/exceladvisor.org\/es\/#\/schema\/logo\/image\/","url":"https:\/\/exceladvisor.org\/es\/wp-content\/uploads\/2023\/12\/exceladvisor.org_.png","contentUrl":"https:\/\/exceladvisor.org\/es\/wp-content\/uploads\/2023\/12\/exceladvisor.org_.png","width":105,"height":36,"caption":"Excel Advisor"},"image":{"@id":"https:\/\/exceladvisor.org\/es\/#\/schema\/logo\/image\/"}}]}},"yoast_meta":{"yoast_wpseo_title":"","yoast_wpseo_metadesc":"","yoast_wpseo_canonical":""},"_links":{"self":[{"href":"https:\/\/exceladvisor.org\/es\/wp-json\/wp\/v2\/pages\/718","targetHints":{"allow":["GET"]}}],"collection":[{"href":"https:\/\/exceladvisor.org\/es\/wp-json\/wp\/v2\/pages"}],"about":[{"href":"https:\/\/exceladvisor.org\/es\/wp-json\/wp\/v2\/types\/page"}],"author":[{"embeddable":true,"href":"https:\/\/exceladvisor.org\/es\/wp-json\/wp\/v2\/users\/1"}],"replies":[{"embeddable":true,"href":"https:\/\/exceladvisor.org\/es\/wp-json\/wp\/v2\/comments?post=718"}],"version-history":[{"count":1,"href":"https:\/\/exceladvisor.org\/es\/wp-json\/wp\/v2\/pages\/718\/revisions"}],"predecessor-version":[{"id":841,"href":"https:\/\/exceladvisor.org\/es\/wp-json\/wp\/v2\/pages\/718\/revisions\/841"}],"wp:attachment":[{"href":"https:\/\/exceladvisor.org\/es\/wp-json\/wp\/v2\/media?parent=718"}],"curies":[{"name":"wp","href":"https:\/\/api.w.org\/{rel}","templated":true}]}}