{"id":719,"date":"2023-09-25T11:06:02","date_gmt":"2023-09-25T11:06:02","guid":{"rendered":"https:\/\/exceladvisor.org\/es\/barra-de-estado-1\/"},"modified":"2023-12-25T10:26:11","modified_gmt":"2023-12-25T10:26:11","slug":"barra-de-estado-1","status":"publish","type":"page","link":"https:\/\/exceladvisor.org\/es\/barra-de-estado-1\/","title":{"rendered":"\u00bfc\u00f3mo mostrar\/ocultar la barra de estado usando vba?"},"content":{"rendered":"<div class=\"excel-antes-del-contenido\" id=\"excel-1167575309\"><script type=\"text\/javascript\">\r\n\tatOptions = {\r\n\t\t'key' : 'c1158f160081d6540a8409e6925dab94',\r\n\t\t'format' : 'iframe',\r\n\t\t'height' : 250,\r\n\t\t'width' : 300,\r\n\t\t'params' : {}\r\n\t};\r\n<\/script>\r\n<script type=\"text\/javascript\" src=\"\/\/www.highperformanceformat.com\/c1158f160081d6540a8409e6925dab94\/invoke.js\"><\/script><\/div><p>En VBA, hay una propiedad \u00abBarra de estado\u00bb que puede ayudarlo a mostrar un valor en la barra de estado y tambi\u00e9n hay una \u00abDisplayStatusBar\u00bb para ocultar y mostrar el estado de la ventana de Excel. Al utilizar estas propiedades, debe restablecer la barra de estado hasta el final; de lo contrario, el \u00faltimo mensaje o configuraci\u00f3n permanecer\u00e1 all\u00ed.<\/p>\n<p> En el tutorial veremos algunos ejemplos que podemos utilizar a la hora de trabajar en Excel.<\/p>\n<h2 class=\"wp-block-heading\"> Mostrar un valor en la barra de estado<\/h2>\n<p> Como dije, puedes usar la propiedad StatusBar para mostrar un valor en la barra de estado. En el c\u00f3digo siguiente, utiliz\u00f3 el valor \u00abHola\u00bb para agregarlo a la barra de estado. <\/p>\n<div class=\"wp-block-image\">\n<figure class=\"aligncenter size-large is-resized\"><img loading=\"lazy\" decoding=\"async\" class=\"wp-image-55620\" src=\"https:\/\/exceladvisor.org\/wp-content\/uploads\/2023\/08\/1-afficher-une-valeur-dans-la-barre-detat.png\" sizes=\"auto, \" srcset=\"\" alt=\"mostrar un valor en la barra de estado\" width=\"431\" height=\"390\"><\/figure>\n<\/div>\n<ol type=\"1\">\n<li> Utilice la palabra clave \u00abAplicaci\u00f3n\u00bb para referirse a la aplicaci\u00f3n Excel.<\/li>\n<li> Escriba un punto para obtener una lista de propiedades y m\u00e9todos.<\/li>\n<li> Seleccione la propiedad \u00abBarra de estado\u00bb.<\/li>\n<li> Al final, use el signo igual para especificar el valor que desea mostrar en la barra de estado.<\/li>\n<\/ol>\n<pre class=\"wp-block-code\"> <code class=\"language-visual-basic\" lang=\"visual-basic\">Sub vba_status_bar() Application.StatusBar = \"Hello\" End Sub<\/code><\/pre>\n<h2 class=\"wp-block-heading\"> Ocultar barra de estado usando VBA<\/h2>\n<p> Ahora supongamos que si desea ocultar la barra de estado, puede usar DisplayStatusBar y especificar esta propiedad en \u00abFalse\u00bb ( <em>considere el siguiente c\u00f3digo<\/em> ). <\/p>\n<div class=\"wp-block-image\">\n<figure class=\"aligncenter size-large is-resized\"><img loading=\"lazy\" decoding=\"async\" class=\"wp-image-55621\" src=\"https:\/\/exceladvisor.org\/wp-content\/uploads\/2023\/08\/2-masquer-la-barre-detat.png\" sizes=\"auto, \" srcset=\"\" alt=\"ocultar barra de estado\" width=\"484\" height=\"270\"><\/figure>\n<\/div>\n<ol type=\"1\">\n<li> Utilice la palabra clave \u00abAplicaci\u00f3n\u00bb para referirse a la aplicaci\u00f3n Excel.<\/li>\n<li> Escriba un punto para obtener una lista de propiedades y m\u00e9todos.<\/li>\n<li> Seleccione la propiedad \u00abDisplayStatusBar\u00bb.<\/li>\n<li> Al final, utilice el signo igual para especificar \u00abFalso\u00bb.<\/li>\n<\/ol>\n<pre class=\"wp-block-code\"> <code class=\"language-visual-basic\" lang=\"visual-basic\">Sub vba_status_bar_hide() Application.DisplayStatusBar = False End Sub<\/code><\/pre>\n<h2 class=\"wp-block-heading\"> Actualizar el progreso en la barra de estado<\/h2>\n<p> Las ejecuciones de c\u00f3digo posteriores muestran un contador de progreso en la barra de estado usando el n\u00famero del 1 al 100, que puede cambiar seg\u00fan sea necesario.<\/p>\n<pre class=\"wp-block-code\"> <code class=\"language-visual-basic\" lang=\"visual-basic\">Sub vba_status_bar_update() Dim x As Integer Dim iTimer As Double 'you can change the loop if you need For x = 1 To 100 'dummy loop to run, you can change it as well iTimer = Timer Do Loop While Timer - MyTimer &lt; 0.03 Application.StatusBar = \"Progress: \" &amp; x &amp; \" of 100: \" &amp; Format(x \/ 100, \"Percent\") DoEvents Next x Application.StatusBar = False End Sub<\/code><\/pre>\n<h2 class=\"wp-block-heading\"> Puntos importantes para recordar<\/h2>\n<ol type=\"1\">\n<li> Debes usar una \u00abaplicaci\u00f3n\u00bb con las propiedades de la barra de estado para usarlas.<\/li>\n<li> Una vez que vea un mensaje sobre el estado, deber\u00e1 borrar ese mensaje.<\/li>\n<\/ol>\n<div class=\"gb-container gb-container-4db6181c gb-container-mt\"> <a class=\"gb-button gb-button-c5897111 gb-button-text gb-button-mt-button\" href=\"https:\/\/exceladvisor.org\/es\/vba\/\">\u00bfQu\u00e9 es VBA?<\/a><\/p>\n<h2 class=\"gb-headline gb-headline-665e5f6b gb-headline-text gb-headline-mt-heading\"> Tutoriales relacionados <\/h2>\n<div class=\"gb-grid-wrapper gb-grid-wrapper-a20baf7c gb-grid-wrapper-mt-grid\">\n<div class=\"gb-grid-column gb-grid-column-65ddf67e\">\n<div class=\"gb-container gb-container-65ddf67e\">\n<ul>\n<li> <a href=\"https:\/\/exceladvisor.org\/es\/resaltar-valores-duplicados\/\">Resalte valores duplicados usando VBA<\/a><\/li>\n<li> <a href=\"https:\/\/exceladvisor.org\/es\/extraer-hipervinculo\/\">Extraer direcci\u00f3n de hiperv\u00ednculo (URL) VBA<\/a><\/li>\n<li> <a href=\"https:\/\/exceladvisor.org\/es\/campo-de-entrada\/\">Cuadro de entrada en VBA<\/a><\/li>\n<li> <a href=\"https:\/\/exceladvisor.org\/es\/archivos-de-texto\/\">VBA crea y escribe en un archivo de texto<\/a><\/li>\n<li> <a href=\"https:\/\/exceladvisor.org\/es\/actualizacion-de-pantalla\/\">Actualizaci\u00f3n de pantalla VBA<\/a> <\/li>\n<\/ul>\n<\/div>\n<\/div>\n<div class=\"gb-grid-column gb-grid-column-50067b57\">\n<div class=\"gb-container gb-container-50067b57\"><\/div>\n<\/div>\n<\/div>\n<\/div>\n","protected":false},"excerpt":{"rendered":"<p>En VBA, hay una propiedad \u00abBarra de estado\u00bb que puede ayudarlo a mostrar un valor en la barra de estado y tambi\u00e9n hay una \u00abDisplayStatusBar\u00bb para ocultar y mostrar el estado de la ventana de Excel. Al utilizar estas propiedades, debe restablecer la barra de estado hasta el final; de lo contrario, el \u00faltimo mensaje [&hellip;]<\/p>\n","protected":false},"author":1,"featured_media":0,"parent":0,"menu_order":0,"comment_status":"open","ping_status":"closed","template":"","meta":{"ub_ctt_via":"","footnotes":""},"class_list":["post-719","page","type-page","status-publish","hentry"],"featured_image_src":null,"yoast_head":"<!-- This site is optimized with the Yoast SEO plugin v25.4 - https:\/\/yoast.com\/wordpress\/plugins\/seo\/ -->\n<title>\u00bfc\u00f3mo mostrar\/ocultar la barra de estado usando vba?<\/title>\n<meta name=\"robots\" content=\"index, follow, max-snippet:-1, max-image-preview:large, max-video-preview:-1\" \/>\n<link rel=\"canonical\" href=\"https:\/\/exceladvisor.org\/es\/barra-de-estado-1\/\" \/>\n<meta property=\"og:locale\" content=\"es_ES\" \/>\n<meta property=\"og:type\" content=\"article\" \/>\n<meta property=\"og:title\" content=\"\u00bfc\u00f3mo mostrar\/ocultar la barra de estado usando vba?\" \/>\n<meta property=\"og:description\" content=\"En VBA, hay una propiedad \u00abBarra de estado\u00bb que puede ayudarlo a mostrar un valor en la barra de estado y tambi\u00e9n hay una \u00abDisplayStatusBar\u00bb para ocultar y mostrar el estado de la ventana de Excel. Al utilizar estas propiedades, debe restablecer la barra de estado hasta el final; de lo contrario, el \u00faltimo mensaje [&hellip;]\" \/>\n<meta property=\"og:url\" content=\"https:\/\/exceladvisor.org\/es\/barra-de-estado-1\/\" \/>\n<meta property=\"og:site_name\" content=\"Excel Advisor\" \/>\n<meta property=\"article:modified_time\" content=\"2023-12-25T10:26:11+00:00\" \/>\n<meta property=\"og:image\" content=\"https:\/\/exceladvisor.org\/wp-content\/uploads\/2023\/08\/1-afficher-une-valeur-dans-la-barre-detat.png\" \/>\n<meta name=\"twitter:card\" content=\"summary_large_image\" \/>\n<meta name=\"twitter:label1\" content=\"Tiempo de lectura\" \/>\n\t<meta name=\"twitter:data1\" content=\"2 minutos\" \/>\n<script type=\"application\/ld+json\" class=\"yoast-schema-graph\">{\"@context\":\"https:\/\/schema.org\",\"@graph\":[{\"@type\":\"WebPage\",\"@id\":\"https:\/\/exceladvisor.org\/es\/barra-de-estado-1\/\",\"url\":\"https:\/\/exceladvisor.org\/es\/barra-de-estado-1\/\",\"name\":\"\u00bfc\u00f3mo mostrar\/ocultar la barra de estado usando vba?\",\"isPartOf\":{\"@id\":\"https:\/\/exceladvisor.org\/es\/#website\"},\"primaryImageOfPage\":{\"@id\":\"https:\/\/exceladvisor.org\/es\/barra-de-estado-1\/#primaryimage\"},\"image\":{\"@id\":\"https:\/\/exceladvisor.org\/es\/barra-de-estado-1\/#primaryimage\"},\"thumbnailUrl\":\"https:\/\/exceladvisor.org\/wp-content\/uploads\/2023\/08\/1-afficher-une-valeur-dans-la-barre-detat.png\",\"datePublished\":\"2023-09-25T11:06:02+00:00\",\"dateModified\":\"2023-12-25T10:26:11+00:00\",\"breadcrumb\":{\"@id\":\"https:\/\/exceladvisor.org\/es\/barra-de-estado-1\/#breadcrumb\"},\"inLanguage\":\"es\",\"potentialAction\":[{\"@type\":\"ReadAction\",\"target\":[\"https:\/\/exceladvisor.org\/es\/barra-de-estado-1\/\"]}]},{\"@type\":\"ImageObject\",\"inLanguage\":\"es\",\"@id\":\"https:\/\/exceladvisor.org\/es\/barra-de-estado-1\/#primaryimage\",\"url\":\"https:\/\/exceladvisor.org\/wp-content\/uploads\/2023\/08\/1-afficher-une-valeur-dans-la-barre-detat.png\",\"contentUrl\":\"https:\/\/exceladvisor.org\/wp-content\/uploads\/2023\/08\/1-afficher-une-valeur-dans-la-barre-detat.png\"},{\"@type\":\"BreadcrumbList\",\"@id\":\"https:\/\/exceladvisor.org\/es\/barra-de-estado-1\/#breadcrumb\",\"itemListElement\":[{\"@type\":\"ListItem\",\"position\":1,\"name\":\"Hogar\",\"item\":\"https:\/\/exceladvisor.org\/es\/\"},{\"@type\":\"ListItem\",\"position\":2,\"name\":\"\u00bfc\u00f3mo mostrar\/ocultar la barra de estado usando vba?\"}]},{\"@type\":\"WebSite\",\"@id\":\"https:\/\/exceladvisor.org\/es\/#website\",\"url\":\"https:\/\/exceladvisor.org\/es\/\",\"name\":\"Excel Advisor\",\"description\":\"Su gu\u00eda para la dominaci\u00f3n de datos!\",\"publisher\":{\"@id\":\"https:\/\/exceladvisor.org\/es\/#organization\"},\"potentialAction\":[{\"@type\":\"SearchAction\",\"target\":{\"@type\":\"EntryPoint\",\"urlTemplate\":\"https:\/\/exceladvisor.org\/es\/?s={search_term_string}\"},\"query-input\":{\"@type\":\"PropertyValueSpecification\",\"valueRequired\":true,\"valueName\":\"search_term_string\"}}],\"inLanguage\":\"es\"},{\"@type\":\"Organization\",\"@id\":\"https:\/\/exceladvisor.org\/es\/#organization\",\"name\":\"Excel Advisor\",\"url\":\"https:\/\/exceladvisor.org\/es\/\",\"logo\":{\"@type\":\"ImageObject\",\"inLanguage\":\"es\",\"@id\":\"https:\/\/exceladvisor.org\/es\/#\/schema\/logo\/image\/\",\"url\":\"https:\/\/exceladvisor.org\/es\/wp-content\/uploads\/2023\/12\/exceladvisor.org_.png\",\"contentUrl\":\"https:\/\/exceladvisor.org\/es\/wp-content\/uploads\/2023\/12\/exceladvisor.org_.png\",\"width\":105,\"height\":36,\"caption\":\"Excel Advisor\"},\"image\":{\"@id\":\"https:\/\/exceladvisor.org\/es\/#\/schema\/logo\/image\/\"}}]}<\/script>\n<!-- \/ Yoast SEO plugin. -->","yoast_head_json":{"title":"\u00bfc\u00f3mo mostrar\/ocultar la barra de estado usando vba?","robots":{"index":"index","follow":"follow","max-snippet":"max-snippet:-1","max-image-preview":"max-image-preview:large","max-video-preview":"max-video-preview:-1"},"canonical":"https:\/\/exceladvisor.org\/es\/barra-de-estado-1\/","og_locale":"es_ES","og_type":"article","og_title":"\u00bfc\u00f3mo mostrar\/ocultar la barra de estado usando vba?","og_description":"En VBA, hay una propiedad \u00abBarra de estado\u00bb que puede ayudarlo a mostrar un valor en la barra de estado y tambi\u00e9n hay una \u00abDisplayStatusBar\u00bb para ocultar y mostrar el estado de la ventana de Excel. Al utilizar estas propiedades, debe restablecer la barra de estado hasta el final; de lo contrario, el \u00faltimo mensaje [&hellip;]","og_url":"https:\/\/exceladvisor.org\/es\/barra-de-estado-1\/","og_site_name":"Excel Advisor","article_modified_time":"2023-12-25T10:26:11+00:00","og_image":[{"url":"https:\/\/exceladvisor.org\/wp-content\/uploads\/2023\/08\/1-afficher-une-valeur-dans-la-barre-detat.png","type":"","width":"","height":""}],"twitter_card":"summary_large_image","twitter_misc":{"Tiempo de lectura":"2 minutos"},"schema":{"@context":"https:\/\/schema.org","@graph":[{"@type":"WebPage","@id":"https:\/\/exceladvisor.org\/es\/barra-de-estado-1\/","url":"https:\/\/exceladvisor.org\/es\/barra-de-estado-1\/","name":"\u00bfc\u00f3mo mostrar\/ocultar la barra de estado usando vba?","isPartOf":{"@id":"https:\/\/exceladvisor.org\/es\/#website"},"primaryImageOfPage":{"@id":"https:\/\/exceladvisor.org\/es\/barra-de-estado-1\/#primaryimage"},"image":{"@id":"https:\/\/exceladvisor.org\/es\/barra-de-estado-1\/#primaryimage"},"thumbnailUrl":"https:\/\/exceladvisor.org\/wp-content\/uploads\/2023\/08\/1-afficher-une-valeur-dans-la-barre-detat.png","datePublished":"2023-09-25T11:06:02+00:00","dateModified":"2023-12-25T10:26:11+00:00","breadcrumb":{"@id":"https:\/\/exceladvisor.org\/es\/barra-de-estado-1\/#breadcrumb"},"inLanguage":"es","potentialAction":[{"@type":"ReadAction","target":["https:\/\/exceladvisor.org\/es\/barra-de-estado-1\/"]}]},{"@type":"ImageObject","inLanguage":"es","@id":"https:\/\/exceladvisor.org\/es\/barra-de-estado-1\/#primaryimage","url":"https:\/\/exceladvisor.org\/wp-content\/uploads\/2023\/08\/1-afficher-une-valeur-dans-la-barre-detat.png","contentUrl":"https:\/\/exceladvisor.org\/wp-content\/uploads\/2023\/08\/1-afficher-une-valeur-dans-la-barre-detat.png"},{"@type":"BreadcrumbList","@id":"https:\/\/exceladvisor.org\/es\/barra-de-estado-1\/#breadcrumb","itemListElement":[{"@type":"ListItem","position":1,"name":"Hogar","item":"https:\/\/exceladvisor.org\/es\/"},{"@type":"ListItem","position":2,"name":"\u00bfc\u00f3mo mostrar\/ocultar la barra de estado usando vba?"}]},{"@type":"WebSite","@id":"https:\/\/exceladvisor.org\/es\/#website","url":"https:\/\/exceladvisor.org\/es\/","name":"Excel Advisor","description":"Su gu\u00eda para la dominaci\u00f3n de datos!","publisher":{"@id":"https:\/\/exceladvisor.org\/es\/#organization"},"potentialAction":[{"@type":"SearchAction","target":{"@type":"EntryPoint","urlTemplate":"https:\/\/exceladvisor.org\/es\/?s={search_term_string}"},"query-input":{"@type":"PropertyValueSpecification","valueRequired":true,"valueName":"search_term_string"}}],"inLanguage":"es"},{"@type":"Organization","@id":"https:\/\/exceladvisor.org\/es\/#organization","name":"Excel Advisor","url":"https:\/\/exceladvisor.org\/es\/","logo":{"@type":"ImageObject","inLanguage":"es","@id":"https:\/\/exceladvisor.org\/es\/#\/schema\/logo\/image\/","url":"https:\/\/exceladvisor.org\/es\/wp-content\/uploads\/2023\/12\/exceladvisor.org_.png","contentUrl":"https:\/\/exceladvisor.org\/es\/wp-content\/uploads\/2023\/12\/exceladvisor.org_.png","width":105,"height":36,"caption":"Excel Advisor"},"image":{"@id":"https:\/\/exceladvisor.org\/es\/#\/schema\/logo\/image\/"}}]}},"yoast_meta":{"yoast_wpseo_title":"","yoast_wpseo_metadesc":"","yoast_wpseo_canonical":""},"_links":{"self":[{"href":"https:\/\/exceladvisor.org\/es\/wp-json\/wp\/v2\/pages\/719","targetHints":{"allow":["GET"]}}],"collection":[{"href":"https:\/\/exceladvisor.org\/es\/wp-json\/wp\/v2\/pages"}],"about":[{"href":"https:\/\/exceladvisor.org\/es\/wp-json\/wp\/v2\/types\/page"}],"author":[{"embeddable":true,"href":"https:\/\/exceladvisor.org\/es\/wp-json\/wp\/v2\/users\/1"}],"replies":[{"embeddable":true,"href":"https:\/\/exceladvisor.org\/es\/wp-json\/wp\/v2\/comments?post=719"}],"version-history":[{"count":1,"href":"https:\/\/exceladvisor.org\/es\/wp-json\/wp\/v2\/pages\/719\/revisions"}],"predecessor-version":[{"id":1125,"href":"https:\/\/exceladvisor.org\/es\/wp-json\/wp\/v2\/pages\/719\/revisions\/1125"}],"wp:attachment":[{"href":"https:\/\/exceladvisor.org\/es\/wp-json\/wp\/v2\/media?parent=719"}],"curies":[{"name":"wp","href":"https:\/\/api.w.org\/{rel}","templated":true}]}}