{"id":72,"date":"2023-11-17T10:49:24","date_gmt":"2023-11-17T10:49:24","guid":{"rendered":"https:\/\/exceladvisor.org\/es\/combinar-libros-de-trabajo\/"},"modified":"2023-12-25T10:24:15","modified_gmt":"2023-12-25T10:24:15","slug":"combinar-libros-de-trabajo","status":"publish","type":"page","link":"https:\/\/exceladvisor.org\/es\/combinar-libros-de-trabajo\/","title":{"rendered":"\u00bfc\u00f3mo combinar varios libros de excel usando vba?"},"content":{"rendered":"<div class=\"excel-antes-del-contenido\" id=\"excel-4164994566\"><script type=\"text\/javascript\">\r\n\tatOptions = {\r\n\t\t'key' : 'c1158f160081d6540a8409e6925dab94',\r\n\t\t'format' : 'iframe',\r\n\t\t'height' : 250,\r\n\t\t'width' : 300,\r\n\t\t'params' : {}\r\n\t};\r\n<\/script>\r\n<script type=\"text\/javascript\" src=\"\/\/www.highperformanceformat.com\/c1158f160081d6540a8409e6925dab94\/invoke.js\"><\/script><\/div><p>Para combinar varios libros de Excel, necesita usar alg\u00fan c\u00f3digo que le permita elegir qu\u00e9 archivos desea combinar o puede consultar una ubicaci\u00f3n de ruta particular y combinar todos los archivos de Excel en el libro actual.<\/p>\n<h2 class=\"wp-block-heading\"> VBA combina varios libros de trabajo<\/h2>\n<p> Puede usar el siguiente c\u00f3digo que usa la ubicaci\u00f3n que mencion\u00e9 en la variable de ruta (una carpeta en el escritorio de mi sistema).<\/p>\n<pre class=\"wp-block-code\"> <code class=\"language-visual-basic\" lang=\"visual-basic\">Dim Path As String Dim Filename As String Dim Sheet As Worksheet Path = \"C:UsersDellDesktopsample-data\" Filename = Dir(Path &amp; \"*.xlsx\") Do While Filename &lt;&gt; \"\" Workbooks.Open Filename:=Path &amp; Filename, ReadOnly:=True For Each Sheet In ActiveWorkbook.Sheets Sheet.Copy After:=ThisWorkbook.Sheets(1) Next Sheet Workbooks(Filename).Close Filename = Dir() Loop<\/code><\/pre>\n<h2 class=\"wp-block-heading\"> Pasos para combinar archivos de Excel usando VBA<\/h2>\n<ol>\n<li> Abra el Editor de Visual Basic (aseg\u00farese de habilitar la pesta\u00f1a Desarrollador si ya la tiene en la cinta). <br \/><img loading=\"lazy\" decoding=\"async\" title=\"1-editor-visual-b\u00e1sico-abierto\" src=\"https:\/\/exceladvisor.org\/wp-content\/uploads\/2023\/08\/1-ouvrir-lediteur-de-base-visuel.png\" sizes=\"auto, \" srcset=\"\" alt=\"open the visual basic editor\" width=\"591\" height=\"138\"><\/li>\n<li> Despu\u00e9s de eso, ubique el libro de trabajo actual desde la ventana del proyecto (control + r) e inserte un nuevo m\u00f3dulo en \u00e9l. <br \/><img loading=\"lazy\" decoding=\"async\" title=\"2-ubicar-el-libro-actual\" src=\"https:\/\/exceladvisor.org\/wp-content\/uploads\/2023\/08\/2-localiser-le-classeur-en-cours.png\" sizes=\"auto, \" srcset=\"\" alt=\"locate the current workbook\" width=\"454\" height=\"379\"><\/li>\n<li> Tendr\u00e1s una ventana de c\u00f3digo en el m\u00f3dulo (haz doble clic en \u00e9l) donde deber\u00e1s pegar el c\u00f3digo que tienes (tal cual). <br \/><img loading=\"lazy\" decoding=\"async\" title=\"Ventana de 3 c\u00f3digos en el m\u00f3dulo\" src=\"https:\/\/exceladvisor.org\/wp-content\/uploads\/2023\/08\/3-fenetre-de-code-dans-le-module.png\" sizes=\"auto, \" srcset=\"\" alt=\"code window in the module\" width=\"634\" height=\"227\"><\/li>\n<li> Desde aqu\u00ed, debe cambiar el valor de la variable de ruta con la ubicaci\u00f3n de la carpeta donde se encuentran todos los archivos de Excel que desea combinar. <br \/><img loading=\"lazy\" decoding=\"async\" title=\"4-valor-de-cambio-de-la-variable-de-ruta\" src=\"https:\/\/exceladvisor.org\/wp-content\/uploads\/2023\/08\/4-modifier-la-valeur-de-la-variable-de-chemin.png\" sizes=\"auto, \" srcset=\"\" alt=\"change the value for the path variable\" width=\"479\" height=\"369\"><\/li>\n<li> Al final, ejecute el c\u00f3digo y obtendr\u00e1 todas las hojas de trabajo del libro en el archivo actual.<\/li>\n<\/ol>\n<p class=\"content-box-grey\"> <em>Enlaces \u00fatiles: <a href=\"https:\/\/exceladvisor.org\/es\/ejecutar-una-macro-2\/\">Ejecutar una macro<\/a> \u2013 <a href=\"https:\/\/exceladvisor.org\/es\/grabar-una-macro\/\">Grabador de macros<\/a> \u2013 <a href=\"https:\/\/exceladvisor.org\/es\/editor-visual-basico\/\">Editor de Visual Basic<\/a> \u2013 <a href=\"https:\/\/exceladvisor.org\/es\/cuaderno-macro-personal\/\">Manual de macros personales<\/a><\/em><\/p>\n<p> Este c\u00f3digo abre cada archivo uno por uno, copia cada hoja de trabajo una por una y las pega en el archivo actual con el mismo nombre. Aqu\u00ed est\u00e1 el mismo c\u00f3digo pero con la pantalla actualiz\u00e1ndose a falso al principio para ejecutar todo en el backend.<\/p>\n<pre class=\"wp-block-code\"> <code class=\"language-visual-basic\" lang=\"visual-basic\">Dim Path As String Dim Filename As String Dim Sheet As Worksheet Application.ScreenUpdating = False Path = \"C:UsersDellDesktopsample-data\" Filename = Dir(Path &amp; \"*.xlsx\") Do While Filename &lt;&gt; \"\" Workbooks.Open Filename:=Path &amp; Filename, ReadOnly:=True For Each Sheet In ActiveWorkbook.Sheets Sheet.Copy After:=ThisWorkbook.Sheets(1) Next Sheet Workbooks(Filename).Close Filename = Dir() Loop Application.ScreenUpdating = True End Sub<\/code><\/pre>\n<p class=\"qt-tip\"> <strong>Nota:<\/strong> Si desea aprender c\u00f3mo combinar datos de varios libros de trabajo en una sola tabla, aseg\u00farese de consultar esta gu\u00eda.<\/p>\n<div class=\"gb-container gb-container-4db6181c gb-container-mt\"> <a class=\"gb-button gb-button-c5897111 gb-button-text gb-button-mt-button\" href=\"https:\/\/exceladvisor.org\/es\/vba\/\">\u00bfQu\u00e9 es VBA?<\/a><\/p>\n<h2 class=\"gb-headline gb-headline-665e5f6b gb-headline-text gb-headline-mt-heading\"> Tutoriales relacionados <\/h2>\n<div class=\"gb-grid-wrapper gb-grid-wrapper-a20baf7c gb-grid-wrapper-mt-grid\">\n<div class=\"gb-grid-column gb-grid-column-65ddf67e\">\n<div class=\"gb-container gb-container-65ddf67e\">\n<ul>\n<li> <a href=\"https:\/\/exceladvisor.org\/es\/copiar-archivo-excel\/\">Copie un archivo de Excel (libro de trabajo) usando VBA<\/a><\/li>\n<li> <a href=\"https:\/\/exceladvisor.org\/es\/activar-libro-de-trabajo\/\">VBA Activar libro de trabajo (archivo Excel)<\/a><\/li>\n<li> <a href=\"https:\/\/exceladvisor.org\/es\/cerrar-el-libro-de-trabajo\/\">VBA Cerrar libro de trabajo (archivo Excel)<\/a><\/li>\n<li> <a href=\"https:\/\/exceladvisor.org\/es\/crear-un-libro-de-trabajo\/\">VBA Crear un nuevo libro de trabajo (archivo Excel)<\/a><\/li>\n<li> <a href=\"https:\/\/exceladvisor.org\/es\/borrar-archivo\/\">VBA Eliminar libro de trabajo (archivo Excel)<\/a><\/li>\n<\/ul>\n<\/div>\n<\/div>\n<\/div>\n<\/div>\n","protected":false},"excerpt":{"rendered":"<p>Para combinar varios libros de Excel, necesita usar alg\u00fan c\u00f3digo que le permita elegir qu\u00e9 archivos desea combinar o puede consultar una ubicaci\u00f3n de ruta particular y combinar todos los archivos de Excel en el libro actual. VBA combina varios libros de trabajo Puede usar el siguiente c\u00f3digo que usa la ubicaci\u00f3n que mencion\u00e9 en [&hellip;]<\/p>\n","protected":false},"author":1,"featured_media":0,"parent":0,"menu_order":0,"comment_status":"open","ping_status":"closed","template":"","meta":{"ub_ctt_via":"","footnotes":""},"class_list":["post-72","page","type-page","status-publish","hentry"],"featured_image_src":null,"yoast_head":"<!-- This site is optimized with the Yoast SEO plugin v25.4 - https:\/\/yoast.com\/wordpress\/plugins\/seo\/ -->\n<title>\u00bfc\u00f3mo combinar varios libros de excel usando vba?<\/title>\n<meta name=\"robots\" content=\"index, follow, max-snippet:-1, max-image-preview:large, max-video-preview:-1\" \/>\n<link rel=\"canonical\" href=\"https:\/\/exceladvisor.org\/es\/combinar-libros-de-trabajo\/\" \/>\n<meta property=\"og:locale\" content=\"es_ES\" \/>\n<meta property=\"og:type\" content=\"article\" \/>\n<meta property=\"og:title\" content=\"\u00bfc\u00f3mo combinar varios libros de excel usando vba?\" \/>\n<meta property=\"og:description\" content=\"Para combinar varios libros de Excel, necesita usar alg\u00fan c\u00f3digo que le permita elegir qu\u00e9 archivos desea combinar o puede consultar una ubicaci\u00f3n de ruta particular y combinar todos los archivos de Excel en el libro actual. VBA combina varios libros de trabajo Puede usar el siguiente c\u00f3digo que usa la ubicaci\u00f3n que mencion\u00e9 en [&hellip;]\" \/>\n<meta property=\"og:url\" content=\"https:\/\/exceladvisor.org\/es\/combinar-libros-de-trabajo\/\" \/>\n<meta property=\"og:site_name\" content=\"Excel Advisor\" \/>\n<meta property=\"article:modified_time\" content=\"2023-12-25T10:24:15+00:00\" \/>\n<meta property=\"og:image\" content=\"https:\/\/exceladvisor.org\/wp-content\/uploads\/2023\/08\/1-ouvrir-lediteur-de-base-visuel.png\" \/>\n<meta name=\"twitter:card\" content=\"summary_large_image\" \/>\n<meta name=\"twitter:label1\" content=\"Tiempo de lectura\" \/>\n\t<meta name=\"twitter:data1\" content=\"2 minutos\" \/>\n<script type=\"application\/ld+json\" class=\"yoast-schema-graph\">{\"@context\":\"https:\/\/schema.org\",\"@graph\":[{\"@type\":\"WebPage\",\"@id\":\"https:\/\/exceladvisor.org\/es\/combinar-libros-de-trabajo\/\",\"url\":\"https:\/\/exceladvisor.org\/es\/combinar-libros-de-trabajo\/\",\"name\":\"\u00bfc\u00f3mo combinar varios libros de excel usando vba?\",\"isPartOf\":{\"@id\":\"https:\/\/exceladvisor.org\/es\/#website\"},\"primaryImageOfPage\":{\"@id\":\"https:\/\/exceladvisor.org\/es\/combinar-libros-de-trabajo\/#primaryimage\"},\"image\":{\"@id\":\"https:\/\/exceladvisor.org\/es\/combinar-libros-de-trabajo\/#primaryimage\"},\"thumbnailUrl\":\"https:\/\/exceladvisor.org\/wp-content\/uploads\/2023\/08\/1-ouvrir-lediteur-de-base-visuel.png\",\"datePublished\":\"2023-11-17T10:49:24+00:00\",\"dateModified\":\"2023-12-25T10:24:15+00:00\",\"breadcrumb\":{\"@id\":\"https:\/\/exceladvisor.org\/es\/combinar-libros-de-trabajo\/#breadcrumb\"},\"inLanguage\":\"es\",\"potentialAction\":[{\"@type\":\"ReadAction\",\"target\":[\"https:\/\/exceladvisor.org\/es\/combinar-libros-de-trabajo\/\"]}]},{\"@type\":\"ImageObject\",\"inLanguage\":\"es\",\"@id\":\"https:\/\/exceladvisor.org\/es\/combinar-libros-de-trabajo\/#primaryimage\",\"url\":\"https:\/\/exceladvisor.org\/wp-content\/uploads\/2023\/08\/1-ouvrir-lediteur-de-base-visuel.png\",\"contentUrl\":\"https:\/\/exceladvisor.org\/wp-content\/uploads\/2023\/08\/1-ouvrir-lediteur-de-base-visuel.png\"},{\"@type\":\"BreadcrumbList\",\"@id\":\"https:\/\/exceladvisor.org\/es\/combinar-libros-de-trabajo\/#breadcrumb\",\"itemListElement\":[{\"@type\":\"ListItem\",\"position\":1,\"name\":\"Hogar\",\"item\":\"https:\/\/exceladvisor.org\/es\/\"},{\"@type\":\"ListItem\",\"position\":2,\"name\":\"\u00bfc\u00f3mo combinar varios libros de excel usando vba?\"}]},{\"@type\":\"WebSite\",\"@id\":\"https:\/\/exceladvisor.org\/es\/#website\",\"url\":\"https:\/\/exceladvisor.org\/es\/\",\"name\":\"Excel Advisor\",\"description\":\"Su gu\u00eda para la dominaci\u00f3n de datos!\",\"publisher\":{\"@id\":\"https:\/\/exceladvisor.org\/es\/#organization\"},\"potentialAction\":[{\"@type\":\"SearchAction\",\"target\":{\"@type\":\"EntryPoint\",\"urlTemplate\":\"https:\/\/exceladvisor.org\/es\/?s={search_term_string}\"},\"query-input\":{\"@type\":\"PropertyValueSpecification\",\"valueRequired\":true,\"valueName\":\"search_term_string\"}}],\"inLanguage\":\"es\"},{\"@type\":\"Organization\",\"@id\":\"https:\/\/exceladvisor.org\/es\/#organization\",\"name\":\"Excel Advisor\",\"url\":\"https:\/\/exceladvisor.org\/es\/\",\"logo\":{\"@type\":\"ImageObject\",\"inLanguage\":\"es\",\"@id\":\"https:\/\/exceladvisor.org\/es\/#\/schema\/logo\/image\/\",\"url\":\"https:\/\/exceladvisor.org\/es\/wp-content\/uploads\/2023\/12\/exceladvisor.org_.png\",\"contentUrl\":\"https:\/\/exceladvisor.org\/es\/wp-content\/uploads\/2023\/12\/exceladvisor.org_.png\",\"width\":105,\"height\":36,\"caption\":\"Excel Advisor\"},\"image\":{\"@id\":\"https:\/\/exceladvisor.org\/es\/#\/schema\/logo\/image\/\"}}]}<\/script>\n<!-- \/ Yoast SEO plugin. -->","yoast_head_json":{"title":"\u00bfc\u00f3mo combinar varios libros de excel usando vba?","robots":{"index":"index","follow":"follow","max-snippet":"max-snippet:-1","max-image-preview":"max-image-preview:large","max-video-preview":"max-video-preview:-1"},"canonical":"https:\/\/exceladvisor.org\/es\/combinar-libros-de-trabajo\/","og_locale":"es_ES","og_type":"article","og_title":"\u00bfc\u00f3mo combinar varios libros de excel usando vba?","og_description":"Para combinar varios libros de Excel, necesita usar alg\u00fan c\u00f3digo que le permita elegir qu\u00e9 archivos desea combinar o puede consultar una ubicaci\u00f3n de ruta particular y combinar todos los archivos de Excel en el libro actual. VBA combina varios libros de trabajo Puede usar el siguiente c\u00f3digo que usa la ubicaci\u00f3n que mencion\u00e9 en [&hellip;]","og_url":"https:\/\/exceladvisor.org\/es\/combinar-libros-de-trabajo\/","og_site_name":"Excel Advisor","article_modified_time":"2023-12-25T10:24:15+00:00","og_image":[{"url":"https:\/\/exceladvisor.org\/wp-content\/uploads\/2023\/08\/1-ouvrir-lediteur-de-base-visuel.png","type":"","width":"","height":""}],"twitter_card":"summary_large_image","twitter_misc":{"Tiempo de lectura":"2 minutos"},"schema":{"@context":"https:\/\/schema.org","@graph":[{"@type":"WebPage","@id":"https:\/\/exceladvisor.org\/es\/combinar-libros-de-trabajo\/","url":"https:\/\/exceladvisor.org\/es\/combinar-libros-de-trabajo\/","name":"\u00bfc\u00f3mo combinar varios libros de excel usando vba?","isPartOf":{"@id":"https:\/\/exceladvisor.org\/es\/#website"},"primaryImageOfPage":{"@id":"https:\/\/exceladvisor.org\/es\/combinar-libros-de-trabajo\/#primaryimage"},"image":{"@id":"https:\/\/exceladvisor.org\/es\/combinar-libros-de-trabajo\/#primaryimage"},"thumbnailUrl":"https:\/\/exceladvisor.org\/wp-content\/uploads\/2023\/08\/1-ouvrir-lediteur-de-base-visuel.png","datePublished":"2023-11-17T10:49:24+00:00","dateModified":"2023-12-25T10:24:15+00:00","breadcrumb":{"@id":"https:\/\/exceladvisor.org\/es\/combinar-libros-de-trabajo\/#breadcrumb"},"inLanguage":"es","potentialAction":[{"@type":"ReadAction","target":["https:\/\/exceladvisor.org\/es\/combinar-libros-de-trabajo\/"]}]},{"@type":"ImageObject","inLanguage":"es","@id":"https:\/\/exceladvisor.org\/es\/combinar-libros-de-trabajo\/#primaryimage","url":"https:\/\/exceladvisor.org\/wp-content\/uploads\/2023\/08\/1-ouvrir-lediteur-de-base-visuel.png","contentUrl":"https:\/\/exceladvisor.org\/wp-content\/uploads\/2023\/08\/1-ouvrir-lediteur-de-base-visuel.png"},{"@type":"BreadcrumbList","@id":"https:\/\/exceladvisor.org\/es\/combinar-libros-de-trabajo\/#breadcrumb","itemListElement":[{"@type":"ListItem","position":1,"name":"Hogar","item":"https:\/\/exceladvisor.org\/es\/"},{"@type":"ListItem","position":2,"name":"\u00bfc\u00f3mo combinar varios libros de excel usando vba?"}]},{"@type":"WebSite","@id":"https:\/\/exceladvisor.org\/es\/#website","url":"https:\/\/exceladvisor.org\/es\/","name":"Excel Advisor","description":"Su gu\u00eda para la dominaci\u00f3n de datos!","publisher":{"@id":"https:\/\/exceladvisor.org\/es\/#organization"},"potentialAction":[{"@type":"SearchAction","target":{"@type":"EntryPoint","urlTemplate":"https:\/\/exceladvisor.org\/es\/?s={search_term_string}"},"query-input":{"@type":"PropertyValueSpecification","valueRequired":true,"valueName":"search_term_string"}}],"inLanguage":"es"},{"@type":"Organization","@id":"https:\/\/exceladvisor.org\/es\/#organization","name":"Excel Advisor","url":"https:\/\/exceladvisor.org\/es\/","logo":{"@type":"ImageObject","inLanguage":"es","@id":"https:\/\/exceladvisor.org\/es\/#\/schema\/logo\/image\/","url":"https:\/\/exceladvisor.org\/es\/wp-content\/uploads\/2023\/12\/exceladvisor.org_.png","contentUrl":"https:\/\/exceladvisor.org\/es\/wp-content\/uploads\/2023\/12\/exceladvisor.org_.png","width":105,"height":36,"caption":"Excel Advisor"},"image":{"@id":"https:\/\/exceladvisor.org\/es\/#\/schema\/logo\/image\/"}}]}},"yoast_meta":{"yoast_wpseo_title":"","yoast_wpseo_metadesc":"","yoast_wpseo_canonical":""},"_links":{"self":[{"href":"https:\/\/exceladvisor.org\/es\/wp-json\/wp\/v2\/pages\/72","targetHints":{"allow":["GET"]}}],"collection":[{"href":"https:\/\/exceladvisor.org\/es\/wp-json\/wp\/v2\/pages"}],"about":[{"href":"https:\/\/exceladvisor.org\/es\/wp-json\/wp\/v2\/types\/page"}],"author":[{"embeddable":true,"href":"https:\/\/exceladvisor.org\/es\/wp-json\/wp\/v2\/users\/1"}],"replies":[{"embeddable":true,"href":"https:\/\/exceladvisor.org\/es\/wp-json\/wp\/v2\/comments?post=72"}],"version-history":[{"count":1,"href":"https:\/\/exceladvisor.org\/es\/wp-json\/wp\/v2\/pages\/72\/revisions"}],"predecessor-version":[{"id":913,"href":"https:\/\/exceladvisor.org\/es\/wp-json\/wp\/v2\/pages\/72\/revisions\/913"}],"wp:attachment":[{"href":"https:\/\/exceladvisor.org\/es\/wp-json\/wp\/v2\/media?parent=72"}],"curies":[{"name":"wp","href":"https:\/\/api.w.org\/{rel}","templated":true}]}}