{"id":721,"date":"2023-09-25T10:50:52","date_gmt":"2023-09-25T10:50:52","guid":{"rendered":"https:\/\/exceladvisor.org\/es\/barra-de-estado\/"},"modified":"2023-12-25T10:32:08","modified_gmt":"2023-12-25T10:32:08","slug":"barra-de-estado","status":"publish","type":"page","link":"https:\/\/exceladvisor.org\/es\/barra-de-estado\/","title":{"rendered":"\u00bfqu\u00e9 es la barra de estado en excel?"},"content":{"rendered":"<div class=\"excel-antes-del-contenido\" id=\"excel-3533682581\"><script type=\"text\/javascript\">\r\n\tatOptions = {\r\n\t\t'key' : 'c1158f160081d6540a8409e6925dab94',\r\n\t\t'format' : 'iframe',\r\n\t\t'height' : 250,\r\n\t\t'width' : 300,\r\n\t\t'params' : {}\r\n\t};\r\n<\/script>\r\n<script type=\"text\/javascript\" src=\"\/\/www.highperformanceformat.com\/c1158f160081d6540a8409e6925dab94\/invoke.js\"><\/script><\/div><p>En Excel, la barra de estado es una barra delgada ubicada en la parte inferior de la ventana de Excel. Adem\u00e1s, ofrece una variedad de opciones, incluido el dise\u00f1o de p\u00e1gina, <a href=\"https:\/\/exceladvisor.org\/es\/eliminar-salto-de-pagina\/\">el dise\u00f1o de salto de p\u00e1gina<\/a> , <a href=\"https:\/\/exceladvisor.org\/es\/ampliar-reducir\/\">acercar o alejar<\/a> y porcentaje de zoom. Incluso muestra el promedio, el recuento y la suma de las celdas seleccionadas. <\/p>\n<div class=\"wp-block-image\">\n<figure class=\"aligncenter size-full is-resized\"><img loading=\"lazy\" decoding=\"async\" class=\"wp-image-71938\" src=\"https:\/\/exceladvisor.org\/wp-content\/uploads\/2023\/08\/barre-detat-2.png\" sizes=\"auto, \" srcset=\"\" alt=\"barra de estado en la parte inferior\" width=\"499\" height=\"146\"><\/figure>\n<\/div>\n<p> En este tutorial nos fijamos en todas las opciones que tenemos en la barra de estado.<\/p>\n<h2 id=\"h-modes-on-status-bar\" class=\"wp-block-heading\"> Modos en la barra de estado<\/h2>\n<h3 id=\"h-1-ready\" class=\"wp-block-heading\"> 1. Listo<\/h3>\n<p> El modo \u00abListo\u00bb aparece en la esquina inferior izquierda de la barra de estado. Esto significa que la hoja est\u00e1 lista con los valores o datos y ahora est\u00e1 esperando su siguiente comando. <\/p>\n<div class=\"wp-block-image\">\n<figure class=\"aligncenter size-full\"><img loading=\"lazy\" decoding=\"async\" class=\"wp-image-71729\" src=\"https:\/\/exceladvisor.org\/wp-content\/uploads\/2023\/08\/1-mode-pret-dans-la-barre-detat.png\" sizes=\"auto, \" srcset=\"\" alt=\"barra de estado del modo listo en la esquina inferior izquierda\" width=\"590\" height=\"270\"><\/figure>\n<\/div>\n<h3 id=\"h-2-enter\" class=\"wp-block-heading\"> 2.Entrar<\/h3>\n<p> El modo \u00abEntrar\u00bb se muestra en la barra de estado, lo que significa que ha comenzado a ingresar datos en la celda. <\/p>\n<div class=\"wp-block-image\">\n<figure class=\"aligncenter size-full is-resized\"><img loading=\"lazy\" decoding=\"async\" class=\"wp-image-71731\" src=\"https:\/\/exceladvisor.org\/wp-content\/uploads\/2023\/08\/2-entrer-en-mode.png\" sizes=\"auto, \" srcset=\"\" alt=\"barra de estado del modo de entrada en la parte inferior izquierda\" width=\"364\" height=\"209\"><\/figure>\n<\/div>\n<h3 id=\"h-3-edit\" class=\"wp-block-heading\"> 3.Editar<\/h3>\n<p> En t\u00e9rminos simples, <a href=\"https:\/\/exceladvisor.org\/es\/editar-celda\/\">se est\u00e1 editando una celda<\/a> . <\/p>\n<div class=\"wp-block-image\">\n<figure class=\"aligncenter size-full is-resized\"><img loading=\"lazy\" decoding=\"async\" class=\"wp-image-71732\" src=\"https:\/\/exceladvisor.org\/wp-content\/uploads\/2023\/08\/3-modes-dedition.png\" sizes=\"auto, \" srcset=\"\" alt=\"barra de estado del modo de edici\u00f3n en la esquina inferior izquierda\" width=\"433\" height=\"410\"><\/figure>\n<\/div>\n<h3 id=\"h-4-point\" class=\"wp-block-heading\"> 4.Consejo<\/h3>\n<p> Este modo se habilita cuando ingresa la f\u00f3rmula en una celda mientras proporciona datos de entrada a otras celdas. <\/p>\n<div class=\"wp-block-image\">\n<figure class=\"aligncenter size-full is-resized\"><img loading=\"lazy\" decoding=\"async\" class=\"wp-image-71733\" src=\"https:\/\/exceladvisor.org\/wp-content\/uploads\/2023\/08\/Mode-4-points.png\" sizes=\"auto, \" srcset=\"\" alt=\"barra de estado del modo de punto en la parte inferior izquierda\" width=\"416\" height=\"480\"><\/figure>\n<\/div>\n<h2 id=\"h-worksheet-views\" class=\"wp-block-heading\"> Vistas de hoja de c\u00e1lculo<\/h2>\n<p> Cada hoja de trabajo tiene tres opciones predeterminadas para las vistas de hoja de trabajo: <strong>Vista normal, Vista de dise\u00f1o y Vista previa de salto de p\u00e1gina<\/strong> . Tienes los tres botones en la esquina inferior derecha.<\/p>\n<ul>\n<li> <strong>Vista normal:<\/strong> en esta vista, puede ver su hoja de trabajo de una manera sencilla que incluye varias filas y columnas. <\/li>\n<\/ul>\n<div class=\"wp-block-image\">\n<figure class=\"aligncenter size-full is-resized\"><img loading=\"lazy\" decoding=\"async\" class=\"wp-image-71734\" src=\"https:\/\/exceladvisor.org\/wp-content\/uploads\/2023\/08\/5-feuille-de-calcul-en-vue-normale.png\" sizes=\"auto, \" srcset=\"\" alt=\"barra de estado de la hoja de c\u00e1lculo en vista normal\" width=\"495\" height=\"325\"><\/figure>\n<\/div>\n<ul>\n<li> <strong>Vista de dise\u00f1o:<\/strong> esta es una excelente manera de verificar el <a href=\"https:\/\/exceladvisor.org\/es\/agregar-un-encabezado-de-pie-de-pagina\/\">encabezado y pie<\/a> de p\u00e1gina de la p\u00e1gina. Junto a esto, podr\u00e1s hacerte una idea de c\u00f3mo quedar\u00e1 antes de imprimirlo. <\/li>\n<\/ul>\n<div class=\"wp-block-image\">\n<figure class=\"aligncenter size-full is-resized\"><img loading=\"lazy\" decoding=\"async\" class=\"wp-image-71735\" src=\"https:\/\/exceladvisor.org\/wp-content\/uploads\/2023\/08\/Feuille-de-calcul-de-la-vue-de-mise-en-page-de-6-pages.png\" sizes=\"auto, \" srcset=\"\" alt=\"barra-de-estado-de-hoja-de-trabajo-de-vista-de-dise\u00f1o-de-p\u00e1gina\" width=\"847\" height=\"361\"><\/figure>\n<\/div>\n<ul>\n<li> <strong>Vista previa de salto de p\u00e1gina:<\/strong> como sugiere el nombre, esta opci\u00f3n le ayudar\u00e1 a tener una idea de d\u00f3nde se encuentran <a href=\"https:\/\/exceladvisor.org\/es\/eliminar-salto-de-pagina\/\">los saltos de p\u00e1gina<\/a> en la hoja de trabajo. <\/li>\n<\/ul>\n<div class=\"wp-block-image\">\n<figure class=\"aligncenter size-full is-resized\"><img loading=\"lazy\" decoding=\"async\" class=\"wp-image-71736\" src=\"https:\/\/exceladvisor.org\/wp-content\/uploads\/2023\/08\/Apercu-de-saut-de-page-de-7-pages.png\" sizes=\"auto, \" srcset=\"\" alt=\"barra-de-estado-de-hoja-de-trabajo-de-vista previa-de-salto-de-p\u00e1gina\" width=\"786\" height=\"492\"><\/figure>\n<\/div>\n<h2 id=\"h-zoom-slider\" class=\"wp-block-heading\"> Control deslizante de zoom<\/h2>\n<p> Esta es una opci\u00f3n utilizada con frecuencia entre los usuarios de Excel y est\u00e1 visible en la esquina derecha de la barra de estado.<\/p>\n<ul>\n<li> Tiene (-) (+) dos botones para \u201calejar\u201d y \u201cacercar\u201d la hoja de trabajo.<\/li>\n<li> Puede reducir el tama\u00f1o con el bot\u00f3n de alejar. Mientras que hacer zoom le ayuda a observar de cerca los datos. <\/li>\n<\/ul>\n<div class=\"wp-block-image\">\n<figure class=\"aligncenter size-full is-resized\"><img loading=\"lazy\" decoding=\"async\" class=\"wp-image-71737\" src=\"https:\/\/exceladvisor.org\/wp-content\/uploads\/2023\/08\/8-zoom-avant-zoom-arriere.png\" sizes=\"auto, \" srcset=\"\" alt=\"barra de estado en la parte inferior derecha de acercar y alejar\" width=\"429\" height=\"264\"><\/figure>\n<\/div>\n<ul>\n<li> Y tambi\u00e9n puedes ajustar la visibilidad de la p\u00e1gina arrastrando la tecla de zoom hacia adelante y hacia atr\u00e1s. <\/li>\n<\/ul>\n<div class=\"wp-block-image\">\n<figure class=\"aligncenter size-full is-resized\"><img loading=\"lazy\" decoding=\"async\" class=\"wp-image-71738\" src=\"https:\/\/exceladvisor.org\/wp-content\/uploads\/2023\/08\/9-options-de-curseur-de-zoom.png\" sizes=\"auto, \" srcset=\"\" alt=\"barra de estado del control deslizante de zoom\" width=\"446\" height=\"272\"><\/figure>\n<\/div>\n<p class=\"mytip\"> Le permite aumentar o disminuir la visibilidad en (10%), y hacer clic en las opciones de acercar (-) o alejar (+).<\/p>\n<h2 id=\"h-zoom-percentage\" class=\"wp-block-heading\"> Porcentaje de zoom<\/h2>\n<p> En Excel, el porcentaje de zoom es el mismo que el control deslizante de zoom. Hay un bot\u00f3n al lado del control deslizante de zoom en el que puede hacer clic. <\/p>\n<div class=\"wp-block-image\">\n<figure class=\"aligncenter size-full is-resized\"><img loading=\"lazy\" decoding=\"async\" class=\"wp-image-71739\" src=\"https:\/\/exceladvisor.org\/wp-content\/uploads\/2023\/08\/10-pourcentage-de-zoom.png\" sizes=\"auto, \" srcset=\"\" alt=\"barra de estado de porcentaje de zoom en la parte inferior derecha\" width=\"455\" height=\"41\"><\/figure>\n<\/div>\n<p> Le mostrar\u00e1 un cuadro de di\u00e1logo de zoom. Y ahora puede configurar el porcentaje de ampliaci\u00f3n de una hoja de trabajo actual. <\/p>\n<div class=\"wp-block-image\">\n<figure class=\"aligncenter size-full is-resized\"><img loading=\"lazy\" decoding=\"async\" class=\"wp-image-71740\" src=\"https:\/\/exceladvisor.org\/wp-content\/uploads\/2023\/08\/11-boite-de-dialogue-de-pourcentage-de-zoom.png\" sizes=\"auto, \" srcset=\"\" alt=\"cuadro de di\u00e1logo de porcentaje de zoom\" width=\"211\" height=\"287\"><\/figure>\n<\/div>\n<h2 id=\"h-customize-the-status-bar\" class=\"wp-block-heading\"> Personaliza la barra de estado<\/h2>\n<p> La barra de estado en Excel es muy \u00fatil con las opciones que tienes ah\u00ed por defecto. Al hacer clic derecho encontrar\u00e1s otras opciones que pueden serte de gran utilidad. <\/p>\n<div class=\"wp-block-image\">\n<figure class=\"aligncenter size-full is-resized\"><img loading=\"lazy\" decoding=\"async\" class=\"wp-image-71741\" src=\"https:\/\/exceladvisor.org\/wp-content\/uploads\/2023\/08\/12-personnaliser-la-barre-detat.png\" sizes=\"auto, \" srcset=\"\" alt=\"personalizar-barra-de-estado-emergente\" width=\"395\" height=\"726\"><\/figure>\n<\/div>\n<h3 id=\"h-workbook-statistics\" class=\"wp-block-heading\"> Estad\u00edsticas del libro de trabajo<\/h3>\n<p> Estad\u00edsticas del libro de trabajo es un cuadro de di\u00e1logo que muestra toda la informaci\u00f3n sobre la hoja actual y el libro de trabajo (el n\u00famero de hojas, celdas con datos, tablas, gr\u00e1ficos, f\u00f3rmulas, etc.).<\/p>\n<p> Puedes activarlo haciendo clic en \u00e9l. Ahora esto se resaltar\u00e1 con una marca de verificaci\u00f3n y aparecer\u00e1 en la barra de estado. <\/p>\n<div class=\"wp-block-image\">\n<figure class=\"aligncenter size-full is-resized\"><img loading=\"lazy\" decoding=\"async\" class=\"wp-image-71742\" src=\"https:\/\/exceladvisor.org\/wp-content\/uploads\/2023\/08\/13-statistiques-de-classeur.png\" sizes=\"auto, \" srcset=\"\" alt=\"barra-de-estado-de-estad\u00edsticas-del-libro\" width=\"643\" height=\"660\"><\/figure>\n<\/div>\n<p> Haga clic en \u00abEstad\u00edsticas del libro\u00bb y se abrir\u00e1 el cuadro de di\u00e1logo que muestra la <a href=\"https:\/\/exceladvisor.org\/es\/contar-celdas-que-no-esten-en-blanco\/\">cantidad de celdas con datos<\/a> y otra informaci\u00f3n sobre el libro. <\/p>\n<div class=\"wp-block-image\">\n<figure class=\"aligncenter size-full is-resized\"><img loading=\"lazy\" decoding=\"async\" class=\"wp-image-71743\" src=\"https:\/\/exceladvisor.org\/wp-content\/uploads\/2023\/08\/14-boite-de-dialogue-des-statistiques-du-classeur.png\" sizes=\"auto, \" srcset=\"\" alt=\"libro-estad\u00edsticas-di\u00e1logo-barra de estado\" width=\"450\" height=\"281\"><\/figure>\n<\/div>\n<h3 id=\"h-caps-num-and-scroll-lock\" class=\"wp-block-heading\"> May\u00fas, Bloqueo num\u00e9rico y desplazamiento<\/h3>\n<p> Si alguna de estas opciones est\u00e1 habilitada, la barra de estado se lo notificar\u00e1. Recibir\u00e1 un mensaje que dice (Bloqueo de may\u00fasculas, Bloqueo num\u00e9rico y <a href=\"https:\/\/exceladvisor.org\/es\/bloqueo-de-desplazamiento\/\">Bloqueo de desplazamiento<\/a> ) en el lado izquierdo de la barra de estado. <\/p>\n<div class=\"wp-block-image\">\n<figure class=\"aligncenter size-full is-resized\"><img loading=\"lazy\" decoding=\"async\" class=\"wp-image-71936\" src=\"https:\/\/exceladvisor.org\/wp-content\/uploads\/2023\/08\/16-Verrouillage-des-majuscules-Verrouillage-numerique-Verrouillage-du-defilement-Barre-detat.png\" sizes=\"auto, \" srcset=\"\" alt=\"bloqueo-may\u00fasculas.bloqueo-num\u00e9rico.barra-de-estado de desplazamiento\" width=\"372\" height=\"150\"><\/figure>\n<\/div>\n<p> Como puede ver en el ejemplo anterior, tenemos una notificaci\u00f3n en la barra de estado para todos los bloqueos. Tan pronto como desactive cualquiera de estas opciones, la notificaci\u00f3n tambi\u00e9n se eliminar\u00e1 de la barra de estado. <\/p>\n<div class=\"wp-block-image\">\n<figure class=\"aligncenter size-full is-resized\"><img loading=\"lazy\" decoding=\"async\" class=\"wp-image-71937\" src=\"https:\/\/exceladvisor.org\/wp-content\/uploads\/2023\/08\/verrouillage-des-majuscules-sur-la-barre-detat.png\" sizes=\"auto, \" srcset=\"\" alt=\"bloqueo de may\u00fasculas en la barra de estado\" width=\"414\" height=\"117\"><\/figure>\n<\/div>\n<h3 id=\"h-page-number\" class=\"wp-block-heading\"> N\u00famero de p\u00e1gina<\/h3>\n<p> La opci\u00f3n Mostrar dise\u00f1o aparece justo al lado del modo \u00abListo\u00bb en la barra de estado. Para que pueda observar el n\u00famero total de p\u00e1ginas con el n\u00famero de p\u00e1gina seleccionado en la hoja de trabajo. <\/p>\n<div class=\"wp-block-image\">\n<figure class=\"aligncenter size-full is-resized\"><img loading=\"lazy\" decoding=\"async\" class=\"wp-image-71746\" src=\"https:\/\/exceladvisor.org\/wp-content\/uploads\/2023\/08\/17-numeros-de-pages.png\" sizes=\"auto, \" srcset=\"\" alt=\"barra de estado del n\u00famero de p\u00e1gina\" width=\"356\" height=\"299\"><\/figure>\n<\/div>\n<h3 id=\"h-statistical-mathematical-options\" class=\"wp-block-heading\"> Opciones de estad\u00edstica\/matem\u00e1ticas<\/h3>\n<p> Para calcular r\u00e1pidamente valores o datos num\u00e9ricos, habilite algunas opciones en el cuadro de di\u00e1logo de personalizaci\u00f3n de la barra de estado. <\/p>\n<div class=\"wp-block-image\">\n<figure class=\"aligncenter size-full is-resized\"><img loading=\"lazy\" decoding=\"async\" class=\"wp-image-71747\" src=\"https:\/\/exceladvisor.org\/wp-content\/uploads\/2023\/08\/18-selectionner-le-nombre-de-sommes-moyennes.png\" sizes=\"auto, \" srcset=\"\" alt=\"barra de estado de funciones estad\u00edsticas\" width=\"333\" height=\"197\"><\/figure>\n<\/div>\n<ul>\n<li> <strong>Promedio:<\/strong> Te brinda un promedio de todas las celdas que has seleccionado en la hoja de c\u00e1lculo.<\/li>\n<li> <strong>Contar:<\/strong> A partir del nombre especificado, te indica el <a href=\"https:\/\/exceladvisor.org\/es\/contar-celdas-que-no-esten-en-blanco\/\">n\u00famero de celdas no vac\u00edas seleccionadas<\/a> .<\/li>\n<li> <strong>N\u00famero num\u00e9rico:<\/strong> esta opci\u00f3n es muy \u00fatil cuando se trata de datos mixtos en una hoja de c\u00e1lculo. Ya que solo muestra la cantidad de celdas que tienen valores num\u00e9ricos. <\/li>\n<\/ul>\n<div class=\"wp-block-image\">\n<figure class=\"aligncenter size-full is-resized\"><img loading=\"lazy\" decoding=\"async\" class=\"wp-image-71748\" src=\"https:\/\/exceladvisor.org\/wp-content\/uploads\/2023\/08\/19-decompte-numerique.png\" sizes=\"auto, \" srcset=\"\" alt=\"funciones-de-conteo-de-n\u00fameros-estad\u00edsticas-barra-de-estado\" width=\"472\" height=\"248\"><\/figure>\n<\/div>\n<ul>\n<li> <strong>Suma:<\/strong> Te muestra la suma de los valores de las celdas seleccionadas.<\/li>\n<li> <strong>M\u00ednimo:<\/strong> Esta opci\u00f3n le ayudar\u00e1 a encontrar el valor m\u00e1s bajo entre una gran cantidad de datos num\u00e9ricos seleccionados.<\/li>\n<li> <strong>M\u00e1ximo:<\/strong> En caso de m\u00e1ximo, permite encontrar el valor m\u00e1s alto entre todos los datos num\u00e9ricos. <\/li>\n<\/ul>\n<div class=\"wp-block-image\">\n<figure class=\"aligncenter size-full is-resized\"><img loading=\"lazy\" decoding=\"async\" class=\"wp-image-71749\" src=\"https:\/\/exceladvisor.org\/wp-content\/uploads\/2023\/08\/20-surbrillance-somme-maximum-minimum.png\" sizes=\"auto, \" srcset=\"\" alt=\"barra-de-estado-de-suma-m\u00e1xima-m\u00ednima-resaltada\" width=\"544\" height=\"272\"><\/figure>\n<\/div>\n<div class=\"gb-container gb-container-4db6181c gb-container-mt\"> <a class=\"gb-button gb-button-c5897111 gb-button-text gb-button-mt-button\" href=\"https:\/\/exceladvisor.org\/es\/conceptos-basicos-de-excel\/\">Conceptos b\u00e1sicos de Microsoft Excel (componentes, piezas y notas de conocimiento)<\/a><\/p>\n<h2 class=\"gb-headline gb-headline-665e5f6b gb-headline-text gb-headline-mt-heading\"> Tutoriales relacionados <\/h2>\n<div class=\"gb-grid-wrapper gb-grid-wrapper-a20baf7c gb-grid-wrapper-mt-grid\">\n<div class=\"gb-grid-column gb-grid-column-65ddf67e\">\n<div class=\"gb-container gb-container-65ddf67e\">\n<ul>\n<li> <a href=\"https:\/\/exceladvisor.org\/es\/justificar-completamente\/\">Llenar justificar en Excel<\/a><\/li>\n<li> <a href=\"https:\/\/exceladvisor.org\/es\/barra-de-formulas-de-excel\/\">Barra de f\u00f3rmulas en Excel<\/a><\/li>\n<li> <a href=\"https:\/\/exceladvisor.org\/es\/agregar-un-encabezado-de-pie-de-pagina\/\">Agregar un encabezado y pie de p\u00e1gina en Excel<\/a><\/li>\n<li> <a href=\"https:\/\/exceladvisor.org\/es\/gobernante\/\">Mostrar regla en Excel<\/a><\/li>\n<li> <a href=\"https:\/\/exceladvisor.org\/es\/mango-de-llenado\/\">Controlador de relleno en Excel<\/a> <\/li>\n<\/ul>\n<\/div>\n<\/div>\n<div class=\"gb-grid-column gb-grid-column-50067b57\">\n<div class=\"gb-container gb-container-50067b57\"><\/div>\n<\/div>\n<\/div>\n<\/div>\n","protected":false},"excerpt":{"rendered":"<p>En Excel, la barra de estado es una barra delgada ubicada en la parte inferior de la ventana de Excel. Adem\u00e1s, ofrece una variedad de opciones, incluido el dise\u00f1o de p\u00e1gina, el dise\u00f1o de salto de p\u00e1gina , acercar o alejar y porcentaje de zoom. Incluso muestra el promedio, el recuento y la suma de [&hellip;]<\/p>\n","protected":false},"author":1,"featured_media":0,"parent":0,"menu_order":0,"comment_status":"open","ping_status":"closed","template":"","meta":{"ub_ctt_via":"","footnotes":""},"class_list":["post-721","page","type-page","status-publish","hentry"],"featured_image_src":null,"yoast_head":"<!-- This site is optimized with the Yoast SEO plugin v25.4 - https:\/\/yoast.com\/wordpress\/plugins\/seo\/ -->\n<title>\u00bfqu\u00e9 es la barra de estado en excel?<\/title>\n<meta name=\"robots\" content=\"index, follow, max-snippet:-1, max-image-preview:large, max-video-preview:-1\" \/>\n<link rel=\"canonical\" href=\"https:\/\/exceladvisor.org\/es\/barra-de-estado\/\" \/>\n<meta property=\"og:locale\" content=\"es_ES\" \/>\n<meta property=\"og:type\" content=\"article\" \/>\n<meta property=\"og:title\" content=\"\u00bfqu\u00e9 es la barra de estado en excel?\" \/>\n<meta property=\"og:description\" content=\"En Excel, la barra de estado es una barra delgada ubicada en la parte inferior de la ventana de Excel. Adem\u00e1s, ofrece una variedad de opciones, incluido el dise\u00f1o de p\u00e1gina, el dise\u00f1o de salto de p\u00e1gina , acercar o alejar y porcentaje de zoom. Incluso muestra el promedio, el recuento y la suma de [&hellip;]\" \/>\n<meta property=\"og:url\" content=\"https:\/\/exceladvisor.org\/es\/barra-de-estado\/\" \/>\n<meta property=\"og:site_name\" content=\"Excel Advisor\" \/>\n<meta property=\"article:modified_time\" content=\"2023-12-25T10:32:08+00:00\" \/>\n<meta property=\"og:image\" content=\"https:\/\/exceladvisor.org\/wp-content\/uploads\/2023\/08\/barre-detat-2.png\" \/>\n<meta name=\"twitter:card\" content=\"summary_large_image\" \/>\n<meta name=\"twitter:label1\" content=\"Tiempo de lectura\" \/>\n\t<meta name=\"twitter:data1\" content=\"5 minutos\" \/>\n<script type=\"application\/ld+json\" class=\"yoast-schema-graph\">{\"@context\":\"https:\/\/schema.org\",\"@graph\":[{\"@type\":\"WebPage\",\"@id\":\"https:\/\/exceladvisor.org\/es\/barra-de-estado\/\",\"url\":\"https:\/\/exceladvisor.org\/es\/barra-de-estado\/\",\"name\":\"\u00bfqu\u00e9 es la barra de estado en excel?\",\"isPartOf\":{\"@id\":\"https:\/\/exceladvisor.org\/es\/#website\"},\"primaryImageOfPage\":{\"@id\":\"https:\/\/exceladvisor.org\/es\/barra-de-estado\/#primaryimage\"},\"image\":{\"@id\":\"https:\/\/exceladvisor.org\/es\/barra-de-estado\/#primaryimage\"},\"thumbnailUrl\":\"https:\/\/exceladvisor.org\/wp-content\/uploads\/2023\/08\/barre-detat-2.png\",\"datePublished\":\"2023-09-25T10:50:52+00:00\",\"dateModified\":\"2023-12-25T10:32:08+00:00\",\"breadcrumb\":{\"@id\":\"https:\/\/exceladvisor.org\/es\/barra-de-estado\/#breadcrumb\"},\"inLanguage\":\"es\",\"potentialAction\":[{\"@type\":\"ReadAction\",\"target\":[\"https:\/\/exceladvisor.org\/es\/barra-de-estado\/\"]}]},{\"@type\":\"ImageObject\",\"inLanguage\":\"es\",\"@id\":\"https:\/\/exceladvisor.org\/es\/barra-de-estado\/#primaryimage\",\"url\":\"https:\/\/exceladvisor.org\/wp-content\/uploads\/2023\/08\/barre-detat-2.png\",\"contentUrl\":\"https:\/\/exceladvisor.org\/wp-content\/uploads\/2023\/08\/barre-detat-2.png\"},{\"@type\":\"BreadcrumbList\",\"@id\":\"https:\/\/exceladvisor.org\/es\/barra-de-estado\/#breadcrumb\",\"itemListElement\":[{\"@type\":\"ListItem\",\"position\":1,\"name\":\"Hogar\",\"item\":\"https:\/\/exceladvisor.org\/es\/\"},{\"@type\":\"ListItem\",\"position\":2,\"name\":\"\u00bfqu\u00e9 es la barra de estado en excel?\"}]},{\"@type\":\"WebSite\",\"@id\":\"https:\/\/exceladvisor.org\/es\/#website\",\"url\":\"https:\/\/exceladvisor.org\/es\/\",\"name\":\"Excel Advisor\",\"description\":\"Su gu\u00eda para la dominaci\u00f3n de datos!\",\"publisher\":{\"@id\":\"https:\/\/exceladvisor.org\/es\/#organization\"},\"potentialAction\":[{\"@type\":\"SearchAction\",\"target\":{\"@type\":\"EntryPoint\",\"urlTemplate\":\"https:\/\/exceladvisor.org\/es\/?s={search_term_string}\"},\"query-input\":{\"@type\":\"PropertyValueSpecification\",\"valueRequired\":true,\"valueName\":\"search_term_string\"}}],\"inLanguage\":\"es\"},{\"@type\":\"Organization\",\"@id\":\"https:\/\/exceladvisor.org\/es\/#organization\",\"name\":\"Excel Advisor\",\"url\":\"https:\/\/exceladvisor.org\/es\/\",\"logo\":{\"@type\":\"ImageObject\",\"inLanguage\":\"es\",\"@id\":\"https:\/\/exceladvisor.org\/es\/#\/schema\/logo\/image\/\",\"url\":\"https:\/\/exceladvisor.org\/es\/wp-content\/uploads\/2023\/12\/exceladvisor.org_.png\",\"contentUrl\":\"https:\/\/exceladvisor.org\/es\/wp-content\/uploads\/2023\/12\/exceladvisor.org_.png\",\"width\":105,\"height\":36,\"caption\":\"Excel Advisor\"},\"image\":{\"@id\":\"https:\/\/exceladvisor.org\/es\/#\/schema\/logo\/image\/\"}}]}<\/script>\n<!-- \/ Yoast SEO plugin. -->","yoast_head_json":{"title":"\u00bfqu\u00e9 es la barra de estado en excel?","robots":{"index":"index","follow":"follow","max-snippet":"max-snippet:-1","max-image-preview":"max-image-preview:large","max-video-preview":"max-video-preview:-1"},"canonical":"https:\/\/exceladvisor.org\/es\/barra-de-estado\/","og_locale":"es_ES","og_type":"article","og_title":"\u00bfqu\u00e9 es la barra de estado en excel?","og_description":"En Excel, la barra de estado es una barra delgada ubicada en la parte inferior de la ventana de Excel. Adem\u00e1s, ofrece una variedad de opciones, incluido el dise\u00f1o de p\u00e1gina, el dise\u00f1o de salto de p\u00e1gina , acercar o alejar y porcentaje de zoom. Incluso muestra el promedio, el recuento y la suma de [&hellip;]","og_url":"https:\/\/exceladvisor.org\/es\/barra-de-estado\/","og_site_name":"Excel Advisor","article_modified_time":"2023-12-25T10:32:08+00:00","og_image":[{"url":"https:\/\/exceladvisor.org\/wp-content\/uploads\/2023\/08\/barre-detat-2.png","type":"","width":"","height":""}],"twitter_card":"summary_large_image","twitter_misc":{"Tiempo de lectura":"5 minutos"},"schema":{"@context":"https:\/\/schema.org","@graph":[{"@type":"WebPage","@id":"https:\/\/exceladvisor.org\/es\/barra-de-estado\/","url":"https:\/\/exceladvisor.org\/es\/barra-de-estado\/","name":"\u00bfqu\u00e9 es la barra de estado en excel?","isPartOf":{"@id":"https:\/\/exceladvisor.org\/es\/#website"},"primaryImageOfPage":{"@id":"https:\/\/exceladvisor.org\/es\/barra-de-estado\/#primaryimage"},"image":{"@id":"https:\/\/exceladvisor.org\/es\/barra-de-estado\/#primaryimage"},"thumbnailUrl":"https:\/\/exceladvisor.org\/wp-content\/uploads\/2023\/08\/barre-detat-2.png","datePublished":"2023-09-25T10:50:52+00:00","dateModified":"2023-12-25T10:32:08+00:00","breadcrumb":{"@id":"https:\/\/exceladvisor.org\/es\/barra-de-estado\/#breadcrumb"},"inLanguage":"es","potentialAction":[{"@type":"ReadAction","target":["https:\/\/exceladvisor.org\/es\/barra-de-estado\/"]}]},{"@type":"ImageObject","inLanguage":"es","@id":"https:\/\/exceladvisor.org\/es\/barra-de-estado\/#primaryimage","url":"https:\/\/exceladvisor.org\/wp-content\/uploads\/2023\/08\/barre-detat-2.png","contentUrl":"https:\/\/exceladvisor.org\/wp-content\/uploads\/2023\/08\/barre-detat-2.png"},{"@type":"BreadcrumbList","@id":"https:\/\/exceladvisor.org\/es\/barra-de-estado\/#breadcrumb","itemListElement":[{"@type":"ListItem","position":1,"name":"Hogar","item":"https:\/\/exceladvisor.org\/es\/"},{"@type":"ListItem","position":2,"name":"\u00bfqu\u00e9 es la barra de estado en excel?"}]},{"@type":"WebSite","@id":"https:\/\/exceladvisor.org\/es\/#website","url":"https:\/\/exceladvisor.org\/es\/","name":"Excel Advisor","description":"Su gu\u00eda para la dominaci\u00f3n de datos!","publisher":{"@id":"https:\/\/exceladvisor.org\/es\/#organization"},"potentialAction":[{"@type":"SearchAction","target":{"@type":"EntryPoint","urlTemplate":"https:\/\/exceladvisor.org\/es\/?s={search_term_string}"},"query-input":{"@type":"PropertyValueSpecification","valueRequired":true,"valueName":"search_term_string"}}],"inLanguage":"es"},{"@type":"Organization","@id":"https:\/\/exceladvisor.org\/es\/#organization","name":"Excel Advisor","url":"https:\/\/exceladvisor.org\/es\/","logo":{"@type":"ImageObject","inLanguage":"es","@id":"https:\/\/exceladvisor.org\/es\/#\/schema\/logo\/image\/","url":"https:\/\/exceladvisor.org\/es\/wp-content\/uploads\/2023\/12\/exceladvisor.org_.png","contentUrl":"https:\/\/exceladvisor.org\/es\/wp-content\/uploads\/2023\/12\/exceladvisor.org_.png","width":105,"height":36,"caption":"Excel Advisor"},"image":{"@id":"https:\/\/exceladvisor.org\/es\/#\/schema\/logo\/image\/"}}]}},"yoast_meta":{"yoast_wpseo_title":"","yoast_wpseo_metadesc":"","yoast_wpseo_canonical":""},"_links":{"self":[{"href":"https:\/\/exceladvisor.org\/es\/wp-json\/wp\/v2\/pages\/721","targetHints":{"allow":["GET"]}}],"collection":[{"href":"https:\/\/exceladvisor.org\/es\/wp-json\/wp\/v2\/pages"}],"about":[{"href":"https:\/\/exceladvisor.org\/es\/wp-json\/wp\/v2\/types\/page"}],"author":[{"embeddable":true,"href":"https:\/\/exceladvisor.org\/es\/wp-json\/wp\/v2\/users\/1"}],"replies":[{"embeddable":true,"href":"https:\/\/exceladvisor.org\/es\/wp-json\/wp\/v2\/comments?post=721"}],"version-history":[{"count":1,"href":"https:\/\/exceladvisor.org\/es\/wp-json\/wp\/v2\/pages\/721\/revisions"}],"predecessor-version":[{"id":1401,"href":"https:\/\/exceladvisor.org\/es\/wp-json\/wp\/v2\/pages\/721\/revisions\/1401"}],"wp:attachment":[{"href":"https:\/\/exceladvisor.org\/es\/wp-json\/wp\/v2\/media?parent=721"}],"curies":[{"name":"wp","href":"https:\/\/api.w.org\/{rel}","templated":true}]}}