{"id":722,"date":"2023-09-25T08:52:01","date_gmt":"2023-09-25T08:52:01","guid":{"rendered":"https:\/\/exceladvisor.org\/es\/enesima-raiz-2\/"},"modified":"2023-12-25T10:23:53","modified_gmt":"2023-12-25T10:23:53","slug":"enesima-raiz-2","status":"publish","type":"page","link":"https:\/\/exceladvisor.org\/es\/enesima-raiz-2\/","title":{"rendered":"\u00bfc\u00f3mo calcular la ra\u00edz en\u00e9sima en excel?"},"content":{"rendered":"<div class=\"excel-antes-del-contenido\" id=\"excel-1447590425\"><script type=\"text\/javascript\">\r\n\tatOptions = {\r\n\t\t'key' : 'c1158f160081d6540a8409e6925dab94',\r\n\t\t'format' : 'iframe',\r\n\t\t'height' : 250,\r\n\t\t'width' : 300,\r\n\t\t'params' : {}\r\n\t};\r\n<\/script>\r\n<script type=\"text\/javascript\" src=\"\/\/www.highperformanceformat.com\/c1158f160081d6540a8409e6925dab94\/invoke.js\"><\/script><\/div><p>La forma r\u00e1pida y sencilla de obtener la ra\u00edz en\u00e9sima de un n\u00famero es utilizar el operador de intercalaci\u00f3n. Alternativamente, puede utilizar la funci\u00f3n ENERG\u00cdA de Excel. En este tutorial, aprender\u00e1 a utilizar ambos m\u00e9todos. <\/p>\n<div class=\"wp-block-image\">\n<figure class=\"aligncenter size-full is-resized\"><img loading=\"lazy\" decoding=\"async\" class=\"wp-image-79898\" src=\"https:\/\/exceladvisor.org\/wp-content\/uploads\/2023\/08\/1-calculer-la-nieme-racine.png\" sizes=\"auto, \" srcset=\"\" alt=\"calcular-en\u00e9sima-ra\u00edz\" width=\"685\" height=\"306\"><\/figure>\n<\/div>\n<p> Calculemos la ra\u00edz de 10 del n\u00famero 1953125.<\/p>\n<h2 class=\"wp-block-heading\"> Utilice el operador CARET (^) para obtener la ra\u00edz en\u00e9sima de un n\u00famero<\/h2>\n<p> Puede utilizar los pasos a continuaci\u00f3n:<\/p>\n<ol type=\"1\">\n<li> Primero, ingrese el operador igual en una celda y haga referencia al n\u00famero para el cual desea obtener la ra\u00edz en\u00e9sima.<\/li>\n<li> Despu\u00e9s de eso, ingrese el operador del cursor.<\/li>\n<li> A continuaci\u00f3n, ingrese los par\u00e9ntesis iniciales.<\/li>\n<li> Ahora ingresa 1\/10 porque necesitas calcular la ra\u00edz d\u00e9cima.<\/li>\n<li> Al final, ingrese el par\u00e9ntesis de cierre y presione Enter para obtener el resultado. <\/li>\n<\/ol>\n<div class=\"wp-block-image\">\n<figure class=\"aligncenter size-full is-resized\"><img loading=\"lazy\" decoding=\"async\" class=\"wp-image-79899\" src=\"https:\/\/exceladvisor.org\/wp-content\/uploads\/2023\/08\/2-operateur-caret-pour-obtenir-la-nieme-racine.png\" sizes=\"auto, \" srcset=\"\" alt=\"operador-caret-para-obtener-en\u00e9sima-ra\u00edz\" width=\"597\" height=\"261\"><\/figure>\n<\/div>\n<pre class=\"wp-block-code\"> <code class=\"language-excel-formula\" lang=\"excel-formula\">=A1^(1\/10)<\/code><\/pre>\n<p> Supongamos que desea calcular cualquier otra ra\u00edz de un n\u00famero; necesitas cambiar el en\u00e9simo n\u00famero en la f\u00f3rmula:<\/p>\n<pre class=\"wp-block-code\"> <code class=\"language-excel-formula\" lang=\"excel-formula\">=original_number^(1\/nth_root)<\/code><\/pre>\n<p class=\"grey-note\"> Aseg\u00farese de que (1\/nth_root) est\u00e9 siempre entre par\u00e9ntesis para tener el orden correcto de las operaciones en el c\u00e1lculo.<\/p>\n<h2 class=\"wp-block-heading\"> Calcula la ra\u00edz en\u00e9sima con la funci\u00f3n POTENCIA<\/h2>\n<p> Puede utilizar los pasos a continuaci\u00f3n:<\/p>\n<ol type=\"1\">\n<li> Primero ingrese la funci\u00f3n POTENCIA en la celda y par\u00e9ntesis inicial.<\/li>\n<li> Ahora en el primer argumento nos referimos al n\u00famero original.<\/li>\n<li> Luego, en el segundo argumento, ingrese 1\/10.<\/li>\n<li> Al final, ingrese el par\u00e9ntesis de cierre y presione Enter para obtener el resultado. <\/li>\n<\/ol>\n<div class=\"wp-block-image\">\n<figure class=\"aligncenter size-full is-resized\"><img loading=\"lazy\" decoding=\"async\" class=\"wp-image-79900\" src=\"https:\/\/exceladvisor.org\/wp-content\/uploads\/2023\/08\/3-fonction-de-puissance-pour-obtenir-la-nieme-racine.png\" sizes=\"auto, \" srcset=\"\" alt=\"funci\u00f3n-de-poder-para-obtener-en\u00e9sima-ra\u00edz\" width=\"700\" height=\"314\"><\/figure>\n<\/div>\n<pre class=\"wp-block-code\"> <code class=\"language-excel-formula\" lang=\"excel-formula\">POWER(A1,1\/10)<\/code><\/pre>\n<p> En este m\u00e9todo, debes dividir 1 por la ra\u00edz en\u00e9sima para obtener el resultado. La \u00fanica diferencia es que no es necesario utilizar el operador de intercalaci\u00f3n.<\/p>\n<p> Para ambos m\u00e9todos necesitas cambiar la ra\u00edz en\u00e9sima. C\u00e1mbialo en la f\u00f3rmula si quieres obtener la cuarta, quinta o cualquier otra ra\u00edz.<\/p>\n<h2 class=\"wp-block-heading\"> Ra\u00edz en\u00e9sima de un n\u00famero negativo<\/h2>\n<p> Si tiene un n\u00famero negativo y desea obtener la ra\u00edz en\u00e9sima de ese n\u00famero, debe usar la funci\u00f3n ABS como en los siguientes ejemplos: <\/p>\n<div class=\"wp-block-image\">\n<figure class=\"aligncenter size-full is-resized\"><img loading=\"lazy\" decoding=\"async\" class=\"wp-image-79901\" src=\"https:\/\/exceladvisor.org\/wp-content\/uploads\/2023\/08\/4-nieme-racine-pour-un-nombre-negatif.png\" sizes=\"auto, \" srcset=\"\" alt=\"ra\u00edz-en\u00e9sima-para-n\u00famero-negativo\" width=\"672\" height=\"307\"><\/figure>\n<\/div>\n<pre class=\"wp-block-code\"> <code class=\"language-excel-formula\" lang=\"excel-formula\">=ABS(A1)^(1\/10) =POWER(ABS(A1),1\/10)<\/code><\/pre>\n<div class=\"gb-container gb-container-52dfcee1 gb-container-sample-file\">\n<h2 class=\"gb-headline gb-headline-e289c143 gb-headline-text gb-headline-4f7959c2\"> Obtener el archivo Excel<\/h2>\n<p> <a class=\"gb-button gb-button-e88d6bee gb-button-text gb-button-button1\" href=\"https:\/\/exceladvisor.org\/wp-content\/uploads\/2023\/11\/nieme-racine.xlsx\" rel=\"nofollow\">Descargar<\/a><\/div>\n<div class=\"gb-container gb-container-0df56012 gb-container-mt\"> <a class=\"gb-button gb-button-f9f432f4 gb-button-text gb-button-mt-button\" href=\"https:\/\/exceladvisor.org\/es\/formulas\/\">Lista de f\u00f3rmulas de Excel<\/a><\/p>\n<h2 class=\"gb-headline gb-headline-233444e8 gb-headline-text gb-headline-mt-heading\"> F\u00f3rmulas relacionadas <\/h2>\n<div class=\"gb-grid-wrapper gb-grid-wrapper-a16fa65c gb-grid-wrapper-mt-grid\">\n<div class=\"gb-grid-column gb-grid-column-50d07e0d\">\n<div class=\"gb-container gb-container-50d07e0d\">\n<ul>\n<li> <a href=\"https:\/\/exceladvisor.org\/es\/coeficiente-de-variacion\/\">Calcular el coeficiente de variaci\u00f3n (CV) en Excel<\/a><\/li>\n<li> <a href=\"https:\/\/exceladvisor.org\/es\/maximo-si\/\">MAX SI en Excel<\/a><\/li>\n<li> <a href=\"https:\/\/exceladvisor.org\/es\/informe\/\">Calcule r\u00e1pidamente la proporci\u00f3n en Excel<\/a><\/li>\n<li> <a href=\"https:\/\/exceladvisor.org\/es\/valor-mas-bajo\/\">Encuentre el valor m\u00e1s bajo de una lista de n\u00fameros (N)<\/a><\/li>\n<\/ul>\n<\/div>\n<\/div>\n<\/div>\n<\/div>\n","protected":false},"excerpt":{"rendered":"<p>La forma r\u00e1pida y sencilla de obtener la ra\u00edz en\u00e9sima de un n\u00famero es utilizar el operador de intercalaci\u00f3n. Alternativamente, puede utilizar la funci\u00f3n ENERG\u00cdA de Excel. En este tutorial, aprender\u00e1 a utilizar ambos m\u00e9todos. Calculemos la ra\u00edz de 10 del n\u00famero 1953125. Utilice el operador CARET (^) para obtener la ra\u00edz en\u00e9sima de un [&hellip;]<\/p>\n","protected":false},"author":1,"featured_media":0,"parent":0,"menu_order":0,"comment_status":"open","ping_status":"closed","template":"","meta":{"ub_ctt_via":"","footnotes":""},"class_list":["post-722","page","type-page","status-publish","hentry"],"featured_image_src":null,"yoast_head":"<!-- This site is optimized with the Yoast SEO plugin v25.4 - https:\/\/yoast.com\/wordpress\/plugins\/seo\/ -->\n<title>\u00bfc\u00f3mo calcular la ra\u00edz en\u00e9sima en excel?<\/title>\n<meta name=\"robots\" content=\"index, follow, max-snippet:-1, max-image-preview:large, max-video-preview:-1\" \/>\n<link rel=\"canonical\" href=\"https:\/\/exceladvisor.org\/es\/enesima-raiz-2\/\" \/>\n<meta property=\"og:locale\" content=\"es_ES\" \/>\n<meta property=\"og:type\" content=\"article\" \/>\n<meta property=\"og:title\" content=\"\u00bfc\u00f3mo calcular la ra\u00edz en\u00e9sima en excel?\" \/>\n<meta property=\"og:description\" content=\"La forma r\u00e1pida y sencilla de obtener la ra\u00edz en\u00e9sima de un n\u00famero es utilizar el operador de intercalaci\u00f3n. Alternativamente, puede utilizar la funci\u00f3n ENERG\u00cdA de Excel. En este tutorial, aprender\u00e1 a utilizar ambos m\u00e9todos. Calculemos la ra\u00edz de 10 del n\u00famero 1953125. Utilice el operador CARET (^) para obtener la ra\u00edz en\u00e9sima de un [&hellip;]\" \/>\n<meta property=\"og:url\" content=\"https:\/\/exceladvisor.org\/es\/enesima-raiz-2\/\" \/>\n<meta property=\"og:site_name\" content=\"Excel Advisor\" \/>\n<meta property=\"article:modified_time\" content=\"2023-12-25T10:23:53+00:00\" \/>\n<meta property=\"og:image\" content=\"https:\/\/exceladvisor.org\/wp-content\/uploads\/2023\/08\/1-calculer-la-nieme-racine.png\" \/>\n<meta name=\"twitter:card\" content=\"summary_large_image\" \/>\n<meta name=\"twitter:label1\" content=\"Tiempo de lectura\" \/>\n\t<meta name=\"twitter:data1\" content=\"2 minutos\" \/>\n<script type=\"application\/ld+json\" class=\"yoast-schema-graph\">{\"@context\":\"https:\/\/schema.org\",\"@graph\":[{\"@type\":\"WebPage\",\"@id\":\"https:\/\/exceladvisor.org\/es\/enesima-raiz-2\/\",\"url\":\"https:\/\/exceladvisor.org\/es\/enesima-raiz-2\/\",\"name\":\"\u00bfc\u00f3mo calcular la ra\u00edz en\u00e9sima en excel?\",\"isPartOf\":{\"@id\":\"https:\/\/exceladvisor.org\/es\/#website\"},\"primaryImageOfPage\":{\"@id\":\"https:\/\/exceladvisor.org\/es\/enesima-raiz-2\/#primaryimage\"},\"image\":{\"@id\":\"https:\/\/exceladvisor.org\/es\/enesima-raiz-2\/#primaryimage\"},\"thumbnailUrl\":\"https:\/\/exceladvisor.org\/wp-content\/uploads\/2023\/08\/1-calculer-la-nieme-racine.png\",\"datePublished\":\"2023-09-25T08:52:01+00:00\",\"dateModified\":\"2023-12-25T10:23:53+00:00\",\"breadcrumb\":{\"@id\":\"https:\/\/exceladvisor.org\/es\/enesima-raiz-2\/#breadcrumb\"},\"inLanguage\":\"es\",\"potentialAction\":[{\"@type\":\"ReadAction\",\"target\":[\"https:\/\/exceladvisor.org\/es\/enesima-raiz-2\/\"]}]},{\"@type\":\"ImageObject\",\"inLanguage\":\"es\",\"@id\":\"https:\/\/exceladvisor.org\/es\/enesima-raiz-2\/#primaryimage\",\"url\":\"https:\/\/exceladvisor.org\/wp-content\/uploads\/2023\/08\/1-calculer-la-nieme-racine.png\",\"contentUrl\":\"https:\/\/exceladvisor.org\/wp-content\/uploads\/2023\/08\/1-calculer-la-nieme-racine.png\"},{\"@type\":\"BreadcrumbList\",\"@id\":\"https:\/\/exceladvisor.org\/es\/enesima-raiz-2\/#breadcrumb\",\"itemListElement\":[{\"@type\":\"ListItem\",\"position\":1,\"name\":\"Hogar\",\"item\":\"https:\/\/exceladvisor.org\/es\/\"},{\"@type\":\"ListItem\",\"position\":2,\"name\":\"\u00bfc\u00f3mo calcular la ra\u00edz en\u00e9sima en excel?\"}]},{\"@type\":\"WebSite\",\"@id\":\"https:\/\/exceladvisor.org\/es\/#website\",\"url\":\"https:\/\/exceladvisor.org\/es\/\",\"name\":\"Excel Advisor\",\"description\":\"Su gu\u00eda para la dominaci\u00f3n de datos!\",\"publisher\":{\"@id\":\"https:\/\/exceladvisor.org\/es\/#organization\"},\"potentialAction\":[{\"@type\":\"SearchAction\",\"target\":{\"@type\":\"EntryPoint\",\"urlTemplate\":\"https:\/\/exceladvisor.org\/es\/?s={search_term_string}\"},\"query-input\":{\"@type\":\"PropertyValueSpecification\",\"valueRequired\":true,\"valueName\":\"search_term_string\"}}],\"inLanguage\":\"es\"},{\"@type\":\"Organization\",\"@id\":\"https:\/\/exceladvisor.org\/es\/#organization\",\"name\":\"Excel Advisor\",\"url\":\"https:\/\/exceladvisor.org\/es\/\",\"logo\":{\"@type\":\"ImageObject\",\"inLanguage\":\"es\",\"@id\":\"https:\/\/exceladvisor.org\/es\/#\/schema\/logo\/image\/\",\"url\":\"https:\/\/exceladvisor.org\/es\/wp-content\/uploads\/2023\/12\/exceladvisor.org_.png\",\"contentUrl\":\"https:\/\/exceladvisor.org\/es\/wp-content\/uploads\/2023\/12\/exceladvisor.org_.png\",\"width\":105,\"height\":36,\"caption\":\"Excel Advisor\"},\"image\":{\"@id\":\"https:\/\/exceladvisor.org\/es\/#\/schema\/logo\/image\/\"}}]}<\/script>\n<!-- \/ Yoast SEO plugin. -->","yoast_head_json":{"title":"\u00bfc\u00f3mo calcular la ra\u00edz en\u00e9sima en excel?","robots":{"index":"index","follow":"follow","max-snippet":"max-snippet:-1","max-image-preview":"max-image-preview:large","max-video-preview":"max-video-preview:-1"},"canonical":"https:\/\/exceladvisor.org\/es\/enesima-raiz-2\/","og_locale":"es_ES","og_type":"article","og_title":"\u00bfc\u00f3mo calcular la ra\u00edz en\u00e9sima en excel?","og_description":"La forma r\u00e1pida y sencilla de obtener la ra\u00edz en\u00e9sima de un n\u00famero es utilizar el operador de intercalaci\u00f3n. Alternativamente, puede utilizar la funci\u00f3n ENERG\u00cdA de Excel. En este tutorial, aprender\u00e1 a utilizar ambos m\u00e9todos. Calculemos la ra\u00edz de 10 del n\u00famero 1953125. Utilice el operador CARET (^) para obtener la ra\u00edz en\u00e9sima de un [&hellip;]","og_url":"https:\/\/exceladvisor.org\/es\/enesima-raiz-2\/","og_site_name":"Excel Advisor","article_modified_time":"2023-12-25T10:23:53+00:00","og_image":[{"url":"https:\/\/exceladvisor.org\/wp-content\/uploads\/2023\/08\/1-calculer-la-nieme-racine.png","type":"","width":"","height":""}],"twitter_card":"summary_large_image","twitter_misc":{"Tiempo de lectura":"2 minutos"},"schema":{"@context":"https:\/\/schema.org","@graph":[{"@type":"WebPage","@id":"https:\/\/exceladvisor.org\/es\/enesima-raiz-2\/","url":"https:\/\/exceladvisor.org\/es\/enesima-raiz-2\/","name":"\u00bfc\u00f3mo calcular la ra\u00edz en\u00e9sima en excel?","isPartOf":{"@id":"https:\/\/exceladvisor.org\/es\/#website"},"primaryImageOfPage":{"@id":"https:\/\/exceladvisor.org\/es\/enesima-raiz-2\/#primaryimage"},"image":{"@id":"https:\/\/exceladvisor.org\/es\/enesima-raiz-2\/#primaryimage"},"thumbnailUrl":"https:\/\/exceladvisor.org\/wp-content\/uploads\/2023\/08\/1-calculer-la-nieme-racine.png","datePublished":"2023-09-25T08:52:01+00:00","dateModified":"2023-12-25T10:23:53+00:00","breadcrumb":{"@id":"https:\/\/exceladvisor.org\/es\/enesima-raiz-2\/#breadcrumb"},"inLanguage":"es","potentialAction":[{"@type":"ReadAction","target":["https:\/\/exceladvisor.org\/es\/enesima-raiz-2\/"]}]},{"@type":"ImageObject","inLanguage":"es","@id":"https:\/\/exceladvisor.org\/es\/enesima-raiz-2\/#primaryimage","url":"https:\/\/exceladvisor.org\/wp-content\/uploads\/2023\/08\/1-calculer-la-nieme-racine.png","contentUrl":"https:\/\/exceladvisor.org\/wp-content\/uploads\/2023\/08\/1-calculer-la-nieme-racine.png"},{"@type":"BreadcrumbList","@id":"https:\/\/exceladvisor.org\/es\/enesima-raiz-2\/#breadcrumb","itemListElement":[{"@type":"ListItem","position":1,"name":"Hogar","item":"https:\/\/exceladvisor.org\/es\/"},{"@type":"ListItem","position":2,"name":"\u00bfc\u00f3mo calcular la ra\u00edz en\u00e9sima en excel?"}]},{"@type":"WebSite","@id":"https:\/\/exceladvisor.org\/es\/#website","url":"https:\/\/exceladvisor.org\/es\/","name":"Excel Advisor","description":"Su gu\u00eda para la dominaci\u00f3n de datos!","publisher":{"@id":"https:\/\/exceladvisor.org\/es\/#organization"},"potentialAction":[{"@type":"SearchAction","target":{"@type":"EntryPoint","urlTemplate":"https:\/\/exceladvisor.org\/es\/?s={search_term_string}"},"query-input":{"@type":"PropertyValueSpecification","valueRequired":true,"valueName":"search_term_string"}}],"inLanguage":"es"},{"@type":"Organization","@id":"https:\/\/exceladvisor.org\/es\/#organization","name":"Excel Advisor","url":"https:\/\/exceladvisor.org\/es\/","logo":{"@type":"ImageObject","inLanguage":"es","@id":"https:\/\/exceladvisor.org\/es\/#\/schema\/logo\/image\/","url":"https:\/\/exceladvisor.org\/es\/wp-content\/uploads\/2023\/12\/exceladvisor.org_.png","contentUrl":"https:\/\/exceladvisor.org\/es\/wp-content\/uploads\/2023\/12\/exceladvisor.org_.png","width":105,"height":36,"caption":"Excel Advisor"},"image":{"@id":"https:\/\/exceladvisor.org\/es\/#\/schema\/logo\/image\/"}}]}},"yoast_meta":{"yoast_wpseo_title":"","yoast_wpseo_metadesc":"","yoast_wpseo_canonical":""},"_links":{"self":[{"href":"https:\/\/exceladvisor.org\/es\/wp-json\/wp\/v2\/pages\/722","targetHints":{"allow":["GET"]}}],"collection":[{"href":"https:\/\/exceladvisor.org\/es\/wp-json\/wp\/v2\/pages"}],"about":[{"href":"https:\/\/exceladvisor.org\/es\/wp-json\/wp\/v2\/types\/page"}],"author":[{"embeddable":true,"href":"https:\/\/exceladvisor.org\/es\/wp-json\/wp\/v2\/users\/1"}],"replies":[{"embeddable":true,"href":"https:\/\/exceladvisor.org\/es\/wp-json\/wp\/v2\/comments?post=722"}],"version-history":[{"count":1,"href":"https:\/\/exceladvisor.org\/es\/wp-json\/wp\/v2\/pages\/722\/revisions"}],"predecessor-version":[{"id":881,"href":"https:\/\/exceladvisor.org\/es\/wp-json\/wp\/v2\/pages\/722\/revisions\/881"}],"wp:attachment":[{"href":"https:\/\/exceladvisor.org\/es\/wp-json\/wp\/v2\/media?parent=722"}],"curies":[{"name":"wp","href":"https:\/\/api.w.org\/{rel}","templated":true}]}}