{"id":723,"date":"2023-09-25T08:51:47","date_gmt":"2023-09-25T08:51:47","guid":{"rendered":"https:\/\/exceladvisor.org\/es\/filtro-1\/"},"modified":"2023-12-25T10:23:33","modified_gmt":"2023-12-25T10:23:33","slug":"filtro-1","status":"publish","type":"page","link":"https:\/\/exceladvisor.org\/es\/filtro-1\/","title":{"rendered":"\u00bfc\u00f3mo aplicar\/eliminar un filtro mediante un acceso directo de excel?"},"content":{"rendered":"<div class=\"excel-antes-del-contenido\" id=\"excel-1065357800\"><script type=\"text\/javascript\">\r\n\tatOptions = {\r\n\t\t'key' : 'c1158f160081d6540a8409e6925dab94',\r\n\t\t'format' : 'iframe',\r\n\t\t'height' : 250,\r\n\t\t'width' : 300,\r\n\t\t'params' : {}\r\n\t};\r\n<\/script>\r\n<script type=\"text\/javascript\" src=\"\/\/www.highperformanceformat.com\/c1158f160081d6540a8409e6925dab94\/invoke.js\"><\/script><\/div><p>Para aplicar un filtro en una columna de datos, debe usar el m\u00e9todo abreviado de teclado <kbd>Ctrl<\/kbd> + <kbd>Shift<\/kbd> + <kbd>L.<\/kbd> Cuando presiona este m\u00e9todo abreviado de teclado, Excel aplica filtros de fecha a las columnas actuales, as\u00ed como a cualquier columna auxiliar donde tenga datos.<\/p>\n<p> <kbd>Ctrl<\/kbd> + <kbd>May\u00fas<\/kbd> + <kbd>L<\/kbd> <\/p>\n<div class=\"wp-block-image\">\n<figure class=\"aligncenter size-full is-resized\"><img loading=\"lazy\" decoding=\"async\" class=\"wp-image-62307\" src=\"https:\/\/exceladvisor.org\/wp-content\/uploads\/2023\/08\/1-appliquer-le-raccourci-supprimer-les-filtres.png\" sizes=\"auto, \" srcset=\"\" alt=\"aplicar-eliminar-filtros-atajo\" width=\"748\" height=\"172\"><\/figure>\n<\/div>\n<p> Aparte de esto, hay otra tecla de acceso directo que puede usar para aplicar filtros de datos a la columna y es <kbd>Alt<\/kbd> \u279c <kbd>D<\/kbd> \u279c <kbd>F<\/kbd> \u279c <kbd>F<\/kbd><\/p>\n<p> Este atajo de teclado funciona igual que el anterior y tambi\u00e9n puedes usar la misma tecla de atajo para eliminar el filtro. <\/p>\n<div class=\"wp-block-group more-tutorials is-layout-flow\">\n<div class=\"wp-block-group__inner-container\">\n<h2 class=\"wp-block-heading\"> M\u00e1s atajos <\/h2>\n<div class=\"wp-block-columns is-layout-flex wp-container-24\">\n<div class=\"wp-block-column is-layout-flow\">\n<ul>\n<li> <a href=\"https:\/\/exceladvisor.org\/es\/suma-automatica-2\/\">Suma autom\u00e1tica<\/a><\/li>\n<li> <a href=\"https:\/\/exceladvisor.org\/es\/contenido-claro\/\">Borrar contenido<\/a><\/li>\n<li> <a href=\"https:\/\/exceladvisor.org\/es\/borrar\/\">BORRAR<\/a><\/li>\n<li> <a href=\"https:\/\/exceladvisor.org\/es\/bajar-deslizandose\/\">Deslizar hacia abajo<\/a><\/li>\n<li> <a href=\"https:\/\/exceladvisor.org\/es\/mostrar-formulas\/\">Mostrar f\u00f3rmulas<\/a><\/li>\n<\/ul>\n<\/div>\n<div class=\"wp-block-column is-layout-flow\"><\/div>\n<\/div>\n<p> \u21e0 Volver a <a href=\"https:\/\/exceladvisor.org\/es\/atajos-de-teclado\/\">los atajos de Excel (hoja de referencia en PDF)<\/a><\/p>\n<\/div>\n<\/div>\n","protected":false},"excerpt":{"rendered":"<p>Para aplicar un filtro en una columna de datos, debe usar el m\u00e9todo abreviado de teclado Ctrl + Shift + L. Cuando presiona este m\u00e9todo abreviado de teclado, Excel aplica filtros de fecha a las columnas actuales, as\u00ed como a cualquier columna auxiliar donde tenga datos. Ctrl + May\u00fas + L Aparte de esto, hay [&hellip;]<\/p>\n","protected":false},"author":1,"featured_media":0,"parent":0,"menu_order":0,"comment_status":"open","ping_status":"closed","template":"","meta":{"ub_ctt_via":"","footnotes":""},"class_list":["post-723","page","type-page","status-publish","hentry"],"featured_image_src":null,"yoast_head":"<!-- This site is optimized with the Yoast SEO plugin v25.4 - https:\/\/yoast.com\/wordpress\/plugins\/seo\/ -->\n<title>\u00bfc\u00f3mo aplicar\/eliminar un filtro mediante un acceso directo de excel?<\/title>\n<meta name=\"robots\" content=\"index, follow, max-snippet:-1, max-image-preview:large, max-video-preview:-1\" \/>\n<link rel=\"canonical\" href=\"https:\/\/exceladvisor.org\/es\/filtro-1\/\" \/>\n<meta property=\"og:locale\" content=\"es_ES\" \/>\n<meta property=\"og:type\" content=\"article\" \/>\n<meta property=\"og:title\" content=\"\u00bfc\u00f3mo aplicar\/eliminar un filtro mediante un acceso directo de excel?\" \/>\n<meta property=\"og:description\" content=\"Para aplicar un filtro en una columna de datos, debe usar el m\u00e9todo abreviado de teclado Ctrl + Shift + L. Cuando presiona este m\u00e9todo abreviado de teclado, Excel aplica filtros de fecha a las columnas actuales, as\u00ed como a cualquier columna auxiliar donde tenga datos. Ctrl + May\u00fas + L Aparte de esto, hay [&hellip;]\" \/>\n<meta property=\"og:url\" content=\"https:\/\/exceladvisor.org\/es\/filtro-1\/\" \/>\n<meta property=\"og:site_name\" content=\"Excel Advisor\" \/>\n<meta property=\"article:modified_time\" content=\"2023-12-25T10:23:33+00:00\" \/>\n<meta property=\"og:image\" content=\"https:\/\/exceladvisor.org\/wp-content\/uploads\/2023\/08\/1-appliquer-le-raccourci-supprimer-les-filtres.png\" \/>\n<meta name=\"twitter:card\" content=\"summary_large_image\" \/>\n<meta name=\"twitter:label1\" content=\"Tiempo de lectura\" \/>\n\t<meta name=\"twitter:data1\" content=\"1 minuto\" \/>\n<script type=\"application\/ld+json\" class=\"yoast-schema-graph\">{\"@context\":\"https:\/\/schema.org\",\"@graph\":[{\"@type\":\"WebPage\",\"@id\":\"https:\/\/exceladvisor.org\/es\/filtro-1\/\",\"url\":\"https:\/\/exceladvisor.org\/es\/filtro-1\/\",\"name\":\"\u00bfc\u00f3mo aplicar\/eliminar un filtro mediante un acceso directo de excel?\",\"isPartOf\":{\"@id\":\"https:\/\/exceladvisor.org\/es\/#website\"},\"primaryImageOfPage\":{\"@id\":\"https:\/\/exceladvisor.org\/es\/filtro-1\/#primaryimage\"},\"image\":{\"@id\":\"https:\/\/exceladvisor.org\/es\/filtro-1\/#primaryimage\"},\"thumbnailUrl\":\"https:\/\/exceladvisor.org\/wp-content\/uploads\/2023\/08\/1-appliquer-le-raccourci-supprimer-les-filtres.png\",\"datePublished\":\"2023-09-25T08:51:47+00:00\",\"dateModified\":\"2023-12-25T10:23:33+00:00\",\"breadcrumb\":{\"@id\":\"https:\/\/exceladvisor.org\/es\/filtro-1\/#breadcrumb\"},\"inLanguage\":\"es\",\"potentialAction\":[{\"@type\":\"ReadAction\",\"target\":[\"https:\/\/exceladvisor.org\/es\/filtro-1\/\"]}]},{\"@type\":\"ImageObject\",\"inLanguage\":\"es\",\"@id\":\"https:\/\/exceladvisor.org\/es\/filtro-1\/#primaryimage\",\"url\":\"https:\/\/exceladvisor.org\/wp-content\/uploads\/2023\/08\/1-appliquer-le-raccourci-supprimer-les-filtres.png\",\"contentUrl\":\"https:\/\/exceladvisor.org\/wp-content\/uploads\/2023\/08\/1-appliquer-le-raccourci-supprimer-les-filtres.png\"},{\"@type\":\"BreadcrumbList\",\"@id\":\"https:\/\/exceladvisor.org\/es\/filtro-1\/#breadcrumb\",\"itemListElement\":[{\"@type\":\"ListItem\",\"position\":1,\"name\":\"Hogar\",\"item\":\"https:\/\/exceladvisor.org\/es\/\"},{\"@type\":\"ListItem\",\"position\":2,\"name\":\"\u00bfc\u00f3mo aplicar\/eliminar un filtro mediante un acceso directo de excel?\"}]},{\"@type\":\"WebSite\",\"@id\":\"https:\/\/exceladvisor.org\/es\/#website\",\"url\":\"https:\/\/exceladvisor.org\/es\/\",\"name\":\"Excel Advisor\",\"description\":\"Su gu\u00eda para la dominaci\u00f3n de datos!\",\"publisher\":{\"@id\":\"https:\/\/exceladvisor.org\/es\/#organization\"},\"potentialAction\":[{\"@type\":\"SearchAction\",\"target\":{\"@type\":\"EntryPoint\",\"urlTemplate\":\"https:\/\/exceladvisor.org\/es\/?s={search_term_string}\"},\"query-input\":{\"@type\":\"PropertyValueSpecification\",\"valueRequired\":true,\"valueName\":\"search_term_string\"}}],\"inLanguage\":\"es\"},{\"@type\":\"Organization\",\"@id\":\"https:\/\/exceladvisor.org\/es\/#organization\",\"name\":\"Excel Advisor\",\"url\":\"https:\/\/exceladvisor.org\/es\/\",\"logo\":{\"@type\":\"ImageObject\",\"inLanguage\":\"es\",\"@id\":\"https:\/\/exceladvisor.org\/es\/#\/schema\/logo\/image\/\",\"url\":\"https:\/\/exceladvisor.org\/es\/wp-content\/uploads\/2023\/12\/exceladvisor.org_.png\",\"contentUrl\":\"https:\/\/exceladvisor.org\/es\/wp-content\/uploads\/2023\/12\/exceladvisor.org_.png\",\"width\":105,\"height\":36,\"caption\":\"Excel Advisor\"},\"image\":{\"@id\":\"https:\/\/exceladvisor.org\/es\/#\/schema\/logo\/image\/\"}}]}<\/script>\n<!-- \/ Yoast SEO plugin. -->","yoast_head_json":{"title":"\u00bfc\u00f3mo aplicar\/eliminar un filtro mediante un acceso directo de excel?","robots":{"index":"index","follow":"follow","max-snippet":"max-snippet:-1","max-image-preview":"max-image-preview:large","max-video-preview":"max-video-preview:-1"},"canonical":"https:\/\/exceladvisor.org\/es\/filtro-1\/","og_locale":"es_ES","og_type":"article","og_title":"\u00bfc\u00f3mo aplicar\/eliminar un filtro mediante un acceso directo de excel?","og_description":"Para aplicar un filtro en una columna de datos, debe usar el m\u00e9todo abreviado de teclado Ctrl + Shift + L. Cuando presiona este m\u00e9todo abreviado de teclado, Excel aplica filtros de fecha a las columnas actuales, as\u00ed como a cualquier columna auxiliar donde tenga datos. Ctrl + May\u00fas + L Aparte de esto, hay [&hellip;]","og_url":"https:\/\/exceladvisor.org\/es\/filtro-1\/","og_site_name":"Excel Advisor","article_modified_time":"2023-12-25T10:23:33+00:00","og_image":[{"url":"https:\/\/exceladvisor.org\/wp-content\/uploads\/2023\/08\/1-appliquer-le-raccourci-supprimer-les-filtres.png","type":"","width":"","height":""}],"twitter_card":"summary_large_image","twitter_misc":{"Tiempo de lectura":"1 minuto"},"schema":{"@context":"https:\/\/schema.org","@graph":[{"@type":"WebPage","@id":"https:\/\/exceladvisor.org\/es\/filtro-1\/","url":"https:\/\/exceladvisor.org\/es\/filtro-1\/","name":"\u00bfc\u00f3mo aplicar\/eliminar un filtro mediante un acceso directo de excel?","isPartOf":{"@id":"https:\/\/exceladvisor.org\/es\/#website"},"primaryImageOfPage":{"@id":"https:\/\/exceladvisor.org\/es\/filtro-1\/#primaryimage"},"image":{"@id":"https:\/\/exceladvisor.org\/es\/filtro-1\/#primaryimage"},"thumbnailUrl":"https:\/\/exceladvisor.org\/wp-content\/uploads\/2023\/08\/1-appliquer-le-raccourci-supprimer-les-filtres.png","datePublished":"2023-09-25T08:51:47+00:00","dateModified":"2023-12-25T10:23:33+00:00","breadcrumb":{"@id":"https:\/\/exceladvisor.org\/es\/filtro-1\/#breadcrumb"},"inLanguage":"es","potentialAction":[{"@type":"ReadAction","target":["https:\/\/exceladvisor.org\/es\/filtro-1\/"]}]},{"@type":"ImageObject","inLanguage":"es","@id":"https:\/\/exceladvisor.org\/es\/filtro-1\/#primaryimage","url":"https:\/\/exceladvisor.org\/wp-content\/uploads\/2023\/08\/1-appliquer-le-raccourci-supprimer-les-filtres.png","contentUrl":"https:\/\/exceladvisor.org\/wp-content\/uploads\/2023\/08\/1-appliquer-le-raccourci-supprimer-les-filtres.png"},{"@type":"BreadcrumbList","@id":"https:\/\/exceladvisor.org\/es\/filtro-1\/#breadcrumb","itemListElement":[{"@type":"ListItem","position":1,"name":"Hogar","item":"https:\/\/exceladvisor.org\/es\/"},{"@type":"ListItem","position":2,"name":"\u00bfc\u00f3mo aplicar\/eliminar un filtro mediante un acceso directo de excel?"}]},{"@type":"WebSite","@id":"https:\/\/exceladvisor.org\/es\/#website","url":"https:\/\/exceladvisor.org\/es\/","name":"Excel Advisor","description":"Su gu\u00eda para la dominaci\u00f3n de datos!","publisher":{"@id":"https:\/\/exceladvisor.org\/es\/#organization"},"potentialAction":[{"@type":"SearchAction","target":{"@type":"EntryPoint","urlTemplate":"https:\/\/exceladvisor.org\/es\/?s={search_term_string}"},"query-input":{"@type":"PropertyValueSpecification","valueRequired":true,"valueName":"search_term_string"}}],"inLanguage":"es"},{"@type":"Organization","@id":"https:\/\/exceladvisor.org\/es\/#organization","name":"Excel Advisor","url":"https:\/\/exceladvisor.org\/es\/","logo":{"@type":"ImageObject","inLanguage":"es","@id":"https:\/\/exceladvisor.org\/es\/#\/schema\/logo\/image\/","url":"https:\/\/exceladvisor.org\/es\/wp-content\/uploads\/2023\/12\/exceladvisor.org_.png","contentUrl":"https:\/\/exceladvisor.org\/es\/wp-content\/uploads\/2023\/12\/exceladvisor.org_.png","width":105,"height":36,"caption":"Excel Advisor"},"image":{"@id":"https:\/\/exceladvisor.org\/es\/#\/schema\/logo\/image\/"}}]}},"yoast_meta":{"yoast_wpseo_title":"","yoast_wpseo_metadesc":"","yoast_wpseo_canonical":""},"_links":{"self":[{"href":"https:\/\/exceladvisor.org\/es\/wp-json\/wp\/v2\/pages\/723","targetHints":{"allow":["GET"]}}],"collection":[{"href":"https:\/\/exceladvisor.org\/es\/wp-json\/wp\/v2\/pages"}],"about":[{"href":"https:\/\/exceladvisor.org\/es\/wp-json\/wp\/v2\/types\/page"}],"author":[{"embeddable":true,"href":"https:\/\/exceladvisor.org\/es\/wp-json\/wp\/v2\/users\/1"}],"replies":[{"embeddable":true,"href":"https:\/\/exceladvisor.org\/es\/wp-json\/wp\/v2\/comments?post=723"}],"version-history":[{"count":1,"href":"https:\/\/exceladvisor.org\/es\/wp-json\/wp\/v2\/pages\/723\/revisions"}],"predecessor-version":[{"id":853,"href":"https:\/\/exceladvisor.org\/es\/wp-json\/wp\/v2\/pages\/723\/revisions\/853"}],"wp:attachment":[{"href":"https:\/\/exceladvisor.org\/es\/wp-json\/wp\/v2\/media?parent=723"}],"curies":[{"name":"wp","href":"https:\/\/api.w.org\/{rel}","templated":true}]}}